{"id":11541,"date":"2020-11-13T16:13:32","date_gmt":"2020-11-13T14:13:32","guid":{"rendered":"https:\/\/biospa.ee\/%d0%b8%d1%81%d1%82%d0%be%d1%80%d0%b8%d0%b8-%d0%bd%d0%b0%d1%88%d0%b8%d1%85-%d0%b3%d0%be%d1%81%d1%82%d0%b5%d0%b9\/"},"modified":"2023-05-04T14:20:21","modified_gmt":"2023-05-04T11:20:21","slug":"%d0%b8%d1%81%d1%82%d0%be%d1%80%d0%b8%d0%b8-%d0%bd%d0%b0%d1%88%d0%b8%d1%85-%d0%b3%d0%be%d1%81%d1%82%d0%b5%d0%b9","status":"publish","type":"page","link":"https:\/\/biospa.ee\/fl2025\/%d0%b8%d1%81%d1%82%d0%be%d1%80%d0%b8%d0%b8-%d0%bd%d0%b0%d1%88%d0%b8%d1%85-%d0%b3%d0%be%d1%81%d1%82%d0%b5%d0%b9\/?lang=ru","title":{"rendered":"\u0418\u0441\u0442\u043e\u0440\u0438\u0438 \u043d\u0430\u0448\u0438\u0445 \u0433\u043e\u0441\u0442\u0435\u0439"},"content":{"rendered":"<p><div class=\"fusion-fullwidth fullwidth-box fusion-builder-row-1 nonhundred-percent-fullwidth non-hundred-percent-height-scrolling\" style=\"--awb-border-radius-top-left:0px;--awb-border-radius-top-right:0px;--awb-border-radius-bottom-right:0px;--awb-border-radius-bottom-left:0px;--awb-flex-wrap:wrap;\" ><div class=\"fusion-builder-row fusion-row\"><div class=\"fusion-layout-column fusion_builder_column fusion-builder-column-0 fusion_builder_column_1_1 1_1 fusion-one-full fusion-column-first fusion-column-last\" style=\"--awb-bg-size:cover;\"><div class=\"fusion-column-wrapper fusion-column-has-shadow fusion-flex-column-wrapper-legacy\"><div class=\"fusion-testimonials classic awb-speech-bubble-show fusion-testimonials-1\" style=\"--awb-textcolor:#747474;--awb-backgroundcolor:#f6f6f6;--awb-testimonial-border-style:solid;--awb-testimonial-border-color:var(--awb-color3);--awb-navigation-size:12px;--awb-border-top-left-radius:0px;--awb-border-top-right-radius:0px;--awb-border-bottom-left-radius:0px;--awb-border-bottom-right-radius:0px;--testimonial-border-width-top:0px;--testimonial-border-width-right:0px;--testimonial-border-width-bottom:0px;--testimonial-border-width-left:0px;\" data-random=\"1\" data-speed=\"5500\"><div class=\"reviews\"><div class=\"review active-testimonial female\"><blockquote><div class=\"awb-quote\"><div class=\"awb-quote-content\">\n<p>Meeldiv ja kasulik. Eks aeg-ajalt tuleb leida j\u00f5udu end kokku v\u00f5tta, et uut energiat saada. Soovitan\u00a0k\u00f5igile.\u00a0\u00dclle<\/p>\n<\/div><\/div><span class=\"awb-triangle\"><\/span><\/blockquote><div class=\"author\"><span class=\"testimonial-thumbnail doe\"><\/span><span class=\"company-name\"><strong>\u00dclle<\/strong><\/span><\/div><\/div><div class=\"review female\"><blockquote><div class=\"awb-quote\"><div class=\"awb-quote-content\">\n<p>K\u00e4in kord aastas, laen akud t\u00e4is ja tunnen ennast fantastiliselt. Koht kus saan puhata vaimselt kui ka\u00a0f\u00fc\u00fcsiliselt. Kui tunnen, et enam ei jaksa, siis p\u00f5genen Looduse pere k\u00e4te vahele. Usaldan end\u00a0t\u00e4ielikult neile. Tulen tagasi rahulolevana ja \u00f5nnelikuna.\u00a0Janca<\/p>\n<\/div><\/div><span class=\"awb-triangle\"><\/span><\/blockquote><div class=\"author\"><span class=\"testimonial-thumbnail doe\"><\/span><span class=\"company-name\"><strong>Janca<\/strong><\/span><\/div><\/div><div class=\"review female\"><blockquote><div class=\"awb-quote\"><div class=\"awb-quote-content\">\n<p>N\u00e4dala ajaga kadusid \u2013 5cm k\u00f5ikidest kohtadest!! Ja enesetunne on suurep\u00e4rane, palju energiat tuli\u00a0juurde!\u00a0Liina<\/p>\n<\/div><\/div><span class=\"awb-triangle\"><\/span><\/blockquote><div class=\"author\"><span class=\"testimonial-thumbnail doe\"><\/span><span class=\"company-name\"><strong>Liina<\/strong><\/span><\/div><\/div><div class=\"review female\"><blockquote><div class=\"awb-quote\"><div class=\"awb-quote-content\">\n<p>Kuna kodus on v\u00e4ga keeruline paastuda, siis olen juba aastaid Loodus BioSpasse k\u00e4inud. Algselt p\u00f6\u00f6rdusin siia tervisemurede t\u00f5ttu \u2013 olin h\u00e4das depressiooni ja stressiga. Tegelikult ei ole ps\u00fchhiaatreid ja ps\u00fchholooge \u00fcldse vaja, saan siit vajalikku tuge ja enesetunne on h\u00e4mmastavalt hea. Paastun, kuna paastuga h\u00e4vinevad haigeid rakud, mis on v\u00e4ga huvitav asjaolu. Naine 56<\/p>\n<\/div><\/div><span class=\"awb-triangle\"><\/span><\/blockquote><div class=\"author\"><span class=\"testimonial-thumbnail doe\"><\/span><span class=\"company-name\"><strong>Naine 56<\/strong><\/span><\/div><\/div><div class=\"review female\"><blockquote><div class=\"awb-quote\"><div class=\"awb-quote-content\">\n<p>Olen siin juba 7 korda k\u00e4inud ja kindlasti tulen tagasi. Ma juba tunnen, et mul on vaja siia tulla.\u00a0Riitta Kondelin<\/p>\n<\/div><\/div><span class=\"awb-triangle\"><\/span><\/blockquote><div class=\"author\"><span class=\"testimonial-thumbnail doe\"><\/span><span class=\"company-name\"><strong>Riitta Kondelin<\/strong><\/span><\/div><\/div><div class=\"review male\"><blockquote><div class=\"awb-quote\"><div class=\"awb-quote-content\">\n<p>Ait\u00e4h :). Minu arvates igati mitmek\u00fclgne ja t\u00f5hus spa nii tervise kosutamiseks kui ka vaimseks ja\u00a0f\u00fc\u00fcsiliseks l\u00f5\u00f5gastumiseks.\u00a0Ants<\/p>\n<\/div><\/div><span class=\"awb-triangle\"><\/span><\/blockquote><div class=\"author\"><span class=\"testimonial-thumbnail doe\"><\/span><span class=\"company-name\"><strong>Ants<\/strong><\/span><\/div><\/div><div class=\"review alignment-left female\"><blockquote><div class=\"awb-quote\"><div class=\"awb-quote-content\">\n<p>Koht, kus saab puhastuda nii f\u00fc\u00fcsiliselt, kui vaimselt, l\u00f5\u00f5gastuda puhtas looduses ning lihtsalt olla\u2026 \u00a0Meta<\/p>\n<\/div><\/div><span class=\"awb-triangle\"><\/span><\/blockquote><div class=\"author\"><span class=\"testimonial-thumbnail doe\"><\/span><span class=\"company-name\"><strong>Meta<\/strong><\/span><\/div><\/div><\/div><div class=\"testimonial-pagination\" id=\"fusion-testimonials-1\"><a href=\"#\" aria-label=\"Testimonial Pagination\"  class=\"activeSlide\"><\/a><a href=\"#\" aria-label=\"Testimonial Pagination\" ><\/a><a href=\"#\" aria-label=\"Testimonial Pagination\" ><\/a><a href=\"#\" aria-label=\"Testimonial Pagination\" ><\/a><a href=\"#\" aria-label=\"Testimonial Pagination\" ><\/a><a href=\"#\" aria-label=\"Testimonial Pagination\" ><\/a><a href=\"#\" aria-label=\"Testimonial Pagination\" ><\/a><\/div><\/div><div class=\"fusion-clearfix\"><\/div><\/div><\/div><\/div><\/div>\n<div class=\"fusion-fullwidth fullwidth-box fusion-builder-row-2 nonhundred-percent-fullwidth non-hundred-percent-height-scrolling\" style=\"--awb-border-radius-top-left:0px;--awb-border-radius-top-right:0px;--awb-border-radius-bottom-right:0px;--awb-border-radius-bottom-left:0px;--awb-flex-wrap:wrap;\" ><div class=\"fusion-builder-row fusion-row\"><div class=\"fusion-layout-column fusion_builder_column fusion-builder-column-1 fusion_builder_column_1_1 1_1 fusion-one-full fusion-column-first fusion-column-last\" style=\"--awb-bg-size:cover;\"><div class=\"fusion-column-wrapper fusion-column-has-shadow fusion-flex-column-wrapper-legacy\"><div class=\"fusion-clearfix\"><\/div><\/div><\/div><\/div><\/div><\/p>\n","protected":false},"excerpt":{"rendered":"","protected":false},"author":1,"featured_media":0,"parent":0,"menu_order":109,"comment_status":"closed","ping_status":"closed","template":"","meta":{"footnotes":""},"class_list":["post-11541","page","type-page","status-publish","hentry"],"yoast_head":"<!-- This site is optimized with the Yoast SEO plugin v27.0 - https:\/\/yoast.com\/product\/yoast-seo-wordpress\/ -->\n<title>\u0418\u0441\u0442\u043e\u0440\u0438\u0438 \u043d\u0430\u0448\u0438\u0445 \u0433\u043e\u0441\u0442\u0435\u0439 - Loodus BioSpa<\/title>\n<meta name=\"robots\" content=\"noindex, follow, max-snippet:-1, max-image-preview:large, max-video-preview:-1\" \/>\n<meta property=\"og:locale\" content=\"et_EE\" \/>\n<meta property=\"og:type\" content=\"article\" \/>\n<meta property=\"og:title\" content=\"\u0418\u0441\u0442\u043e\u0440\u0438\u0438 \u043d\u0430\u0448\u0438\u0445 \u0433\u043e\u0441\u0442\u0435\u0439 - Loodus BioSpa\" \/>\n<meta property=\"og:url\" content=\"https:\/\/biospa.ee\/fl2025\/%d0%b8%d1%81%d1%82%d0%be%d1%80%d0%b8%d0%b8-%d0%bd%d0%b0%d1%88%d0%b8%d1%85-%d0%b3%d0%be%d1%81%d1%82%d0%b5%d0%b9\/?lang=ru\" \/>\n<meta property=\"og:site_name\" content=\"Loodus BioSpa\" \/>\n<meta property=\"article:publisher\" content=\"https:\/\/www.facebook.com\/LoodusBioSpa\/\" \/>\n<meta property=\"article:modified_time\" content=\"2023-05-04T11:20:21+00:00\" \/>\n<meta property=\"og:image\" content=\"https:\/\/biospa.ee\/fl2025\/wp-content\/uploads\/2025\/11\/BioSpa-loggo-est.png\" \/>\n\t<meta property=\"og:image:width\" content=\"842\" \/>\n\t<meta property=\"og:image:height\" content=\"595\" \/>\n\t<meta property=\"og:image:type\" content=\"image\/png\" \/>\n<meta name=\"twitter:card\" content=\"summary_large_image\" \/>\n<meta name=\"twitter:label1\" content=\"Est. reading time\" \/>\n\t<meta name=\"twitter:data1\" content=\"4 minutit\" \/>\n<script type=\"application\/ld+json\" class=\"yoast-schema-graph\">{\"@context\":\"https:\/\/schema.org\",\"@graph\":[{\"@type\":\"WebPage\",\"@id\":\"https:\/\/biospa.ee\/fl2025\/%d0%b8%d1%81%d1%82%d0%be%d1%80%d0%b8%d0%b8-%d0%bd%d0%b0%d1%88%d0%b8%d1%85-%d0%b3%d0%be%d1%81%d1%82%d0%b5%d0%b9\/?lang=ru\",\"url\":\"https:\/\/biospa.ee\/fl2025\/%d0%b8%d1%81%d1%82%d0%be%d1%80%d0%b8%d0%b8-%d0%bd%d0%b0%d1%88%d0%b8%d1%85-%d0%b3%d0%be%d1%81%d1%82%d0%b5%d0%b9\/?lang=ru\",\"name\":\"\u0418\u0441\u0442\u043e\u0440\u0438\u0438 \u043d\u0430\u0448\u0438\u0445 \u0433\u043e\u0441\u0442\u0435\u0439 - Loodus BioSpa\",\"isPartOf\":{\"@id\":\"https:\/\/biospa.ee\/fl2025\/#website\"},\"datePublished\":\"2020-11-13T14:13:32+00:00\",\"dateModified\":\"2023-05-04T11:20:21+00:00\",\"breadcrumb\":{\"@id\":\"https:\/\/biospa.ee\/fl2025\/%d0%b8%d1%81%d1%82%d0%be%d1%80%d0%b8%d0%b8-%d0%bd%d0%b0%d1%88%d0%b8%d1%85-%d0%b3%d0%be%d1%81%d1%82%d0%b5%d0%b9\/?lang=ru#breadcrumb\"},\"inLanguage\":\"et\",\"potentialAction\":[{\"@type\":\"ReadAction\",\"target\":[\"https:\/\/biospa.ee\/fl2025\/%d0%b8%d1%81%d1%82%d0%be%d1%80%d0%b8%d0%b8-%d0%bd%d0%b0%d1%88%d0%b8%d1%85-%d0%b3%d0%be%d1%81%d1%82%d0%b5%d0%b9\/?lang=ru\"]}]},{\"@type\":\"BreadcrumbList\",\"@id\":\"https:\/\/biospa.ee\/fl2025\/%d0%b8%d1%81%d1%82%d0%be%d1%80%d0%b8%d0%b8-%d0%bd%d0%b0%d1%88%d0%b8%d1%85-%d0%b3%d0%be%d1%81%d1%82%d0%b5%d0%b9\/?lang=ru#breadcrumb\",\"itemListElement\":[{\"@type\":\"ListItem\",\"position\":1,\"name\":\"Home\",\"item\":\"https:\/\/biospa.ee\/fl2025\/\"},{\"@type\":\"ListItem\",\"position\":2,\"name\":\"\u0418\u0441\u0442\u043e\u0440\u0438\u0438 \u043d\u0430\u0448\u0438\u0445 \u0433\u043e\u0441\u0442\u0435\u0439\"}]},{\"@type\":\"WebSite\",\"@id\":\"https:\/\/biospa.ee\/fl2025\/#website\",\"url\":\"https:\/\/biospa.ee\/fl2025\/\",\"name\":\"Loodus BioSpa\",\"description\":\"Loodus BioSpa\",\"publisher\":{\"@id\":\"https:\/\/biospa.ee\/fl2025\/#organization\"},\"potentialAction\":[{\"@type\":\"SearchAction\",\"target\":{\"@type\":\"EntryPoint\",\"urlTemplate\":\"https:\/\/biospa.ee\/fl2025\/?s={search_term_string}\"},\"query-input\":{\"@type\":\"PropertyValueSpecification\",\"valueRequired\":true,\"valueName\":\"search_term_string\"}}],\"inLanguage\":\"et\"},{\"@type\":\"Organization\",\"@id\":\"https:\/\/biospa.ee\/fl2025\/#organization\",\"name\":\"Tesmasan O\u00dc\",\"url\":\"https:\/\/biospa.ee\/fl2025\/\",\"logo\":{\"@type\":\"ImageObject\",\"inLanguage\":\"et\",\"@id\":\"https:\/\/biospa.ee\/fl2025\/#\/schema\/logo\/image\/\",\"url\":\"https:\/\/biospa.ee\/fl2025\/wp-content\/uploads\/2025\/11\/BioSpa-loggo-est.png\",\"contentUrl\":\"https:\/\/biospa.ee\/fl2025\/wp-content\/uploads\/2025\/11\/BioSpa-loggo-est.png\",\"width\":842,\"height\":595,\"caption\":\"Tesmasan O\u00dc\"},\"image\":{\"@id\":\"https:\/\/biospa.ee\/fl2025\/#\/schema\/logo\/image\/\"},\"sameAs\":[\"https:\/\/www.facebook.com\/LoodusBioSpa\/\",\"https:\/\/www.instagram.com\/loodusbiospa\/\"]}]}<\/script>\n<!-- \/ Yoast SEO plugin. -->","yoast_head_json":{"title":"\u0418\u0441\u0442\u043e\u0440\u0438\u0438 \u043d\u0430\u0448\u0438\u0445 \u0433\u043e\u0441\u0442\u0435\u0439 - Loodus BioSpa","robots":{"index":"noindex","follow":"follow","max-snippet":"max-snippet:-1","max-image-preview":"max-image-preview:large","max-video-preview":"max-video-preview:-1"},"og_locale":"et_EE","og_type":"article","og_title":"\u0418\u0441\u0442\u043e\u0440\u0438\u0438 \u043d\u0430\u0448\u0438\u0445 \u0433\u043e\u0441\u0442\u0435\u0439 - Loodus BioSpa","og_url":"https:\/\/biospa.ee\/fl2025\/%d0%b8%d1%81%d1%82%d0%be%d1%80%d0%b8%d0%b8-%d0%bd%d0%b0%d1%88%d0%b8%d1%85-%d0%b3%d0%be%d1%81%d1%82%d0%b5%d0%b9\/?lang=ru","og_site_name":"Loodus BioSpa","article_publisher":"https:\/\/www.facebook.com\/LoodusBioSpa\/","article_modified_time":"2023-05-04T11:20:21+00:00","og_image":[{"width":842,"height":595,"url":"https:\/\/biospa.ee\/fl2025\/wp-content\/uploads\/2025\/11\/BioSpa-loggo-est.png","type":"image\/png"}],"twitter_card":"summary_large_image","twitter_misc":{"Est. reading time":"4 minutit"},"schema":{"@context":"https:\/\/schema.org","@graph":[{"@type":"WebPage","@id":"https:\/\/biospa.ee\/fl2025\/%d0%b8%d1%81%d1%82%d0%be%d1%80%d0%b8%d0%b8-%d0%bd%d0%b0%d1%88%d0%b8%d1%85-%d0%b3%d0%be%d1%81%d1%82%d0%b5%d0%b9\/?lang=ru","url":"https:\/\/biospa.ee\/fl2025\/%d0%b8%d1%81%d1%82%d0%be%d1%80%d0%b8%d0%b8-%d0%bd%d0%b0%d1%88%d0%b8%d1%85-%d0%b3%d0%be%d1%81%d1%82%d0%b5%d0%b9\/?lang=ru","name":"\u0418\u0441\u0442\u043e\u0440\u0438\u0438 \u043d\u0430\u0448\u0438\u0445 \u0433\u043e\u0441\u0442\u0435\u0439 - Loodus BioSpa","isPartOf":{"@id":"https:\/\/biospa.ee\/fl2025\/#website"},"datePublished":"2020-11-13T14:13:32+00:00","dateModified":"2023-05-04T11:20:21+00:00","breadcrumb":{"@id":"https:\/\/biospa.ee\/fl2025\/%d0%b8%d1%81%d1%82%d0%be%d1%80%d0%b8%d0%b8-%d0%bd%d0%b0%d1%88%d0%b8%d1%85-%d0%b3%d0%be%d1%81%d1%82%d0%b5%d0%b9\/?lang=ru#breadcrumb"},"inLanguage":"et","potentialAction":[{"@type":"ReadAction","target":["https:\/\/biospa.ee\/fl2025\/%d0%b8%d1%81%d1%82%d0%be%d1%80%d0%b8%d0%b8-%d0%bd%d0%b0%d1%88%d0%b8%d1%85-%d0%b3%d0%be%d1%81%d1%82%d0%b5%d0%b9\/?lang=ru"]}]},{"@type":"BreadcrumbList","@id":"https:\/\/biospa.ee\/fl2025\/%d0%b8%d1%81%d1%82%d0%be%d1%80%d0%b8%d0%b8-%d0%bd%d0%b0%d1%88%d0%b8%d1%85-%d0%b3%d0%be%d1%81%d1%82%d0%b5%d0%b9\/?lang=ru#breadcrumb","itemListElement":[{"@type":"ListItem","position":1,"name":"Home","item":"https:\/\/biospa.ee\/fl2025\/"},{"@type":"ListItem","position":2,"name":"\u0418\u0441\u0442\u043e\u0440\u0438\u0438 \u043d\u0430\u0448\u0438\u0445 \u0433\u043e\u0441\u0442\u0435\u0439"}]},{"@type":"WebSite","@id":"https:\/\/biospa.ee\/fl2025\/#website","url":"https:\/\/biospa.ee\/fl2025\/","name":"Loodus BioSpa","description":"Loodus BioSpa","publisher":{"@id":"https:\/\/biospa.ee\/fl2025\/#organization"},"potentialAction":[{"@type":"SearchAction","target":{"@type":"EntryPoint","urlTemplate":"https:\/\/biospa.ee\/fl2025\/?s={search_term_string}"},"query-input":{"@type":"PropertyValueSpecification","valueRequired":true,"valueName":"search_term_string"}}],"inLanguage":"et"},{"@type":"Organization","@id":"https:\/\/biospa.ee\/fl2025\/#organization","name":"Tesmasan O\u00dc","url":"https:\/\/biospa.ee\/fl2025\/","logo":{"@type":"ImageObject","inLanguage":"et","@id":"https:\/\/biospa.ee\/fl2025\/#\/schema\/logo\/image\/","url":"https:\/\/biospa.ee\/fl2025\/wp-content\/uploads\/2025\/11\/BioSpa-loggo-est.png","contentUrl":"https:\/\/biospa.ee\/fl2025\/wp-content\/uploads\/2025\/11\/BioSpa-loggo-est.png","width":842,"height":595,"caption":"Tesmasan O\u00dc"},"image":{"@id":"https:\/\/biospa.ee\/fl2025\/#\/schema\/logo\/image\/"},"sameAs":["https:\/\/www.facebook.com\/LoodusBioSpa\/","https:\/\/www.instagram.com\/loodusbiospa\/"]}]}},"_links":{"self":[{"href":"https:\/\/biospa.ee\/fl2025\/wp-json\/wp\/v2\/pages\/11541","targetHints":{"allow":["GET"]}}],"collection":[{"href":"https:\/\/biospa.ee\/fl2025\/wp-json\/wp\/v2\/pages"}],"about":[{"href":"https:\/\/biospa.ee\/fl2025\/wp-json\/wp\/v2\/types\/page"}],"author":[{"embeddable":true,"href":"https:\/\/biospa.ee\/fl2025\/wp-json\/wp\/v2\/users\/1"}],"replies":[{"embeddable":true,"href":"https:\/\/biospa.ee\/fl2025\/wp-json\/wp\/v2\/comments?post=11541"}],"version-history":[{"count":0,"href":"https:\/\/biospa.ee\/fl2025\/wp-json\/wp\/v2\/pages\/11541\/revisions"}],"wp:attachment":[{"href":"https:\/\/biospa.ee\/fl2025\/wp-json\/wp\/v2\/media?parent=11541"}],"curies":[{"name":"wp","href":"https:\/\/api.w.org\/{rel}","templated":true}]}}