{"id":6461,"date":"2020-02-28T16:47:29","date_gmt":"2020-02-28T14:47:29","guid":{"rendered":"https:\/\/biospa.ee\/?page_id=6461"},"modified":"2026-02-11T13:10:14","modified_gmt":"2026-02-11T11:10:14","slug":"eripakkumised","status":"publish","type":"page","link":"https:\/\/biospa.ee\/fl2025\/eripakkumised\/","title":{"rendered":"SOODUSTUSED"},"content":{"rendered":"<p><div class=\"fusion-fullwidth fullwidth-box fusion-builder-row-1 nonhundred-percent-fullwidth non-hundred-percent-height-scrolling\" style=\"--awb-border-radius-top-left:0px;--awb-border-radius-top-right:0px;--awb-border-radius-bottom-right:0px;--awb-border-radius-bottom-left:0px;--awb-flex-wrap:wrap;\" ><div class=\"fusion-builder-row fusion-row\"><div class=\"fusion-layout-column fusion_builder_column fusion-builder-column-0 fusion_builder_column_1_2 1_2 fusion-one-half fusion-column-first\" style=\"--awb-bg-size:cover;--awb-margin-bottom:0px;width:48%; margin-right: 4%;\"><div class=\"fusion-column-wrapper fusion-flex-column-wrapper-legacy\"><div class=\"fusion-text fusion-text-1\"><div class=\"fusion-text fusion-text-1\">\n<h3 class=\"fusion-responsive-typography-calculated\" data-start=\"142\" data-end=\"331\" data-fontsize=\"28\" data-lineheight=\"33.6px\">KORDUVK\u00dcLASTAJA BOONUS<\/h3>\n<p data-start=\"142\" data-end=\"331\">Lisaks paketis sisalduvatele protseduuridele pakume korduvk\u00fclastajale\u00a0<strong data-start=\"241\" data-end=\"303\">t\u00e4iendava 45-minutilise personaliseeritud massaa\u017eiteraapia<\/strong>\u00a0\u2013 t\u00e4nut\u00e4heks usalduse eest.<\/p>\n<p data-start=\"142\" data-end=\"331\">Korduvk\u00fclastaja staatus algab, kui k\u00fclastate meid teist korda v\u00e4hemalt 18 kuu jooksul.<\/p>\n<\/div>\n<div class=\"fusion-text fusion-text-2\">\n<h3 class=\"fusion-responsive-typography-calculated\" data-start=\"324\" data-end=\"360\" data-fontsize=\"28\" data-lineheight=\"33.6px\">LOODUS BIOSPA S\u00d5PRADE RING<\/h3>\n<p data-start=\"361\" data-end=\"414\"><em data-start=\"361\" data-end=\"414\">Tervis algab siit \u2013 jaga seda s\u00f5pradega<\/em><\/p>\n<h3 class=\"fusion-responsive-typography-calculated\" data-start=\"421\" data-end=\"447\" data-fontsize=\"28\" data-lineheight=\"33.6px\">Kuidas see toimib:<\/h3>\n<ul data-start=\"449\" data-end=\"779\">\n<li data-start=\"449\" data-end=\"534\">\n<p data-start=\"451\" data-end=\"534\">P\u00e4rast oma k\u00fclastust saad personaalse koodi, mis liidab Sind\u00a0<strong data-start=\"512\" data-end=\"531\">S\u00f5prade Ringiga<\/strong><\/p>\n<\/li>\n<li data-start=\"535\" data-end=\"648\">\n<p data-start=\"537\" data-end=\"648\">Jaga seda koodi s\u00f5bra, pereliikme v\u00f5i kolleegiga, kellele teeks head v\u00e4ike paus, taastumine ja v\u00f5imalus oma tervisele keskenduda<\/p>\n<\/li>\n<li data-start=\"649\" data-end=\"724\">\n<p data-start=\"651\" data-end=\"724\">Soovitaja boonus rakendub, kui Sinu s\u00f5ber (s\u00f5brad) on meid k\u00fclastanud<\/p>\n<\/li>\n<li data-start=\"725\" data-end=\"779\">\n<p data-start=\"727\" data-end=\"779\">S\u00f5bra kood kehtib\u00a0<strong>12 kuud alates selle v\u00e4ljastamisest<\/strong><\/p>\n<\/li>\n<\/ul>\n<h3 class=\"fusion-responsive-typography-calculated\" data-start=\"96\" data-end=\"133\" data-fontsize=\"28\" data-lineheight=\"33.6px\">Sinu kui soovitaja eelised:<\/h3>\n<ul>\n<li>Sama koodi saab kasutada ka soovitaja ise, tulles tagasi\u00a0<strong>12 kuu jooksul<\/strong><\/li>\n<li data-start=\"232\" data-end=\"358\">\n<p data-start=\"234\" data-end=\"358\">Kui Sina ja Sinu soovitatud s\u00f5ber viibite \u00fches toas, t\u00f5stame v\u00f5imalusel toa kategooriat (olenevalt saadavusest)<\/p>\n<\/li>\n<\/ul>\n<h3 class=\"fusion-responsive-typography-calculated\" data-start=\"365\" data-end=\"413\" data-fontsize=\"28\" data-lineheight=\"33.6px\">S\u00f5bra kui esmakordse k\u00fclalise eelised:<\/h3>\n<ul>\n<li data-start=\"414\" data-end=\"449\">-10% soodustust programmi hinnast<\/li>\n<li data-start=\"414\" data-end=\"449\">Kui Sina ja Sinu soovitatud s\u00f5ber viibite \u00fches toas, t\u00f5stame v\u00f5imalusel toa kategooriat (olenevalt saadavusest)<\/li>\n<\/ul>\n<h3 class=\"fusion-responsive-typography-calculated\" data-start=\"583\" data-end=\"621\" data-fontsize=\"28\" data-lineheight=\"33.6px\">Kes saab soovitajaks hakata?<\/h3>\n<p data-start=\"622\" data-end=\"693\">Iga k\u00fclaline, kes on l\u00e4binud Loodus BIOSPA paastu- v\u00f5i detox-dieetprogrammi alates 01.01.2026<\/p>\n<h3 class=\"fusion-responsive-typography-calculated\" data-start=\"700\" data-end=\"735\" data-fontsize=\"28\" data-lineheight=\"33.6px\">Kui soovid osaleda, siis:<\/h3>\n<ul data-start=\"736\" data-end=\"942\">\n<li data-start=\"736\" data-end=\"813\">\n<p data-start=\"738\" data-end=\"813\">Leia oma soovitajakaart koos koodiga toast enne lahkumist, v\u00f5i<\/p>\n<\/li>\n<li data-start=\"814\" data-end=\"863\">\n<p data-start=\"816\" data-end=\"863\">k\u00fcsi oma kood administraatorilt enne lahkumist, v\u00f5i<\/p>\n<\/li>\n<li data-start=\"864\" data-end=\"942\">\n<p data-start=\"866\" data-end=\"942\">v\u00f5ta meiega p\u00e4rast k\u00fclastust e-posti teel \u00fchendust ning saadame sulle koodi<\/p>\n<\/li>\n<\/ul>\n<h3 class=\"fusion-responsive-typography-calculated\" data-fontsize=\"28\" data-lineheight=\"33.6px\">Kuidas koodi kasutada:<\/h3>\n<ul>\n<li>Broneeringut tehes kirjuta s\u00f5bra kood Lisainfo\/m\u00e4rkuste v\u00e4ljale<\/li>\n<li>Broneerimisel tuleb tasuda vaid broneerimistasu 300 EUR. Soodustus rakendub kohapeal \u00fclej\u00e4\u00e4nud paketi v\u00f5i lisaprotseduuride eest tasumisel<\/li>\n<\/ul>\n<p><em>Soodustusi ei summeerita!<\/em><\/p>\n<\/div>\n<\/div><div class=\"fusion-sep-clear\"><\/div><div class=\"fusion-separator fusion-full-width-sep\" style=\"margin-left: auto;margin-right: auto;width:100%;\"><\/div><div class=\"fusion-sep-clear\"><\/div><div class=\"fusion-reading-box-container reading-box-container-1\" style=\"--awb-title-color:var(--awb-custom16);--awb-margin-top:0px;--awb-margin-bottom:84px;\"><div class=\"reading-box reading-box-center\" style=\"background-color:#f6f6f6;border-width:1px;border-color:#f6f6f6;border-left-width:3px;border-left-color:var(--primary_color);border-style:solid;\"><h2>KASUTA OMA SOODUSTUST<\/h2><a class=\"button fusion-button button-default fusion-button-xlarge button-xlarge button-flat fusion-mobile-button continue-center\" style=\"-webkit-box-shadow:none;-moz-box-shadow:none;box-shadow:none;border-radius:  \" href=\"https:\/\/biospa.ee\/broneerimine\/\" target=\"_blank\" rel=\"noopener noreferrer\"><span>Broneeri siin!<\/span><\/a><\/div><\/div><div class=\"fusion-clearfix\"><\/div><\/div><\/div><div class=\"fusion-layout-column fusion_builder_column fusion-builder-column-1 fusion_builder_column_1_2 1_2 fusion-one-half fusion-column-last\" style=\"--awb-bg-size:cover;--awb-margin-bottom:0px;width:48%;\"><div class=\"fusion-column-wrapper fusion-flex-column-wrapper-legacy\"><div class=\"fusion-image-element in-legacy-container\" style=\"--awb-caption-title-font-family:var(--h2_typography-font-family);--awb-caption-title-font-weight:var(--h2_typography-font-weight);--awb-caption-title-font-style:var(--h2_typography-font-style);--awb-caption-title-size:var(--h2_typography-font-size);--awb-caption-title-transform:var(--h2_typography-text-transform);--awb-caption-title-line-height:var(--h2_typography-line-height);--awb-caption-title-letter-spacing:var(--h2_typography-letter-spacing);\"><span class=\" fusion-imageframe imageframe-none imageframe-1 hover-type-none\"><img decoding=\"async\" width=\"1200\" height=\"800\" title=\"Kroot_Tarkmeel_Photography-1412-2-scaled\" src=\"https:\/\/biospa.ee\/fl2025\/wp-content\/uploads\/2026\/02\/Kroot_Tarkmeel_Photography-1412-2-scaled-1.jpg\" alt class=\"img-responsive wp-image-96731\" srcset=\"https:\/\/biospa.ee\/fl2025\/wp-content\/uploads\/2026\/02\/Kroot_Tarkmeel_Photography-1412-2-scaled-1-200x133.jpg 200w, https:\/\/biospa.ee\/fl2025\/wp-content\/uploads\/2026\/02\/Kroot_Tarkmeel_Photography-1412-2-scaled-1-400x267.jpg 400w, https:\/\/biospa.ee\/fl2025\/wp-content\/uploads\/2026\/02\/Kroot_Tarkmeel_Photography-1412-2-scaled-1-600x400.jpg 600w, https:\/\/biospa.ee\/fl2025\/wp-content\/uploads\/2026\/02\/Kroot_Tarkmeel_Photography-1412-2-scaled-1-800x533.jpg 800w, https:\/\/biospa.ee\/fl2025\/wp-content\/uploads\/2026\/02\/Kroot_Tarkmeel_Photography-1412-2-scaled-1.jpg 1200w\" sizes=\"(max-width: 800px) 100vw, 800px\" \/><\/span><\/div><div class=\"fusion-clearfix\"><\/div><\/div><\/div><\/div><\/div><div class=\"fusion-fullwidth fullwidth-box fusion-builder-row-2 fusion-flex-container has-pattern-background has-mask-background nonhundred-percent-fullwidth non-hundred-percent-height-scrolling\" style=\"--awb-border-radius-top-left:0px;--awb-border-radius-top-right:0px;--awb-border-radius-bottom-right:0px;--awb-border-radius-bottom-left:0px;--awb-flex-wrap:wrap;\" ><div class=\"fusion-builder-row fusion-row fusion-flex-align-items-flex-start fusion-flex-content-wrap\" style=\"max-width:1560px;margin-left: calc(-4% \/ 2 );margin-right: calc(-4% \/ 2 );\"><\/div><\/div><\/p>\n","protected":false},"excerpt":{"rendered":"","protected":false},"author":1,"featured_media":0,"parent":0,"menu_order":116,"comment_status":"closed","ping_status":"closed","template":"","meta":{"footnotes":""},"class_list":["post-6461","page","type-page","status-publish","hentry"],"yoast_head":"<!-- This site is optimized with the Yoast SEO plugin v27.0 - https:\/\/yoast.com\/product\/yoast-seo-wordpress\/ -->\n<title>SOODUSTUSED - Loodus BioSpa<\/title>\n<meta name=\"robots\" content=\"noindex, follow, max-snippet:-1, max-image-preview:large, max-video-preview:-1\" \/>\n<meta property=\"og:locale\" content=\"et_EE\" \/>\n<meta property=\"og:type\" content=\"article\" \/>\n<meta property=\"og:title\" content=\"SOODUSTUSED - Loodus BioSpa\" \/>\n<meta property=\"og:url\" content=\"https:\/\/biospa.ee\/fl2025\/eripakkumised\/\" \/>\n<meta property=\"og:site_name\" content=\"Loodus BioSpa\" \/>\n<meta property=\"article:publisher\" content=\"https:\/\/www.facebook.com\/LoodusBioSpa\/\" \/>\n<meta property=\"article:modified_time\" content=\"2026-02-11T11:10:14+00:00\" \/>\n<meta property=\"og:image\" content=\"https:\/\/biospa.ee\/fl2025\/wp-content\/uploads\/2025\/11\/BioSpa-loggo-est.png\" \/>\n\t<meta property=\"og:image:width\" content=\"842\" \/>\n\t<meta property=\"og:image:height\" content=\"595\" \/>\n\t<meta property=\"og:image:type\" content=\"image\/png\" \/>\n<meta name=\"twitter:card\" content=\"summary_large_image\" \/>\n<meta name=\"twitter:label1\" content=\"Est. reading time\" \/>\n\t<meta name=\"twitter:data1\" content=\"2 minutit\" \/>\n<script type=\"application\/ld+json\" class=\"yoast-schema-graph\">{\"@context\":\"https:\/\/schema.org\",\"@graph\":[{\"@type\":\"WebPage\",\"@id\":\"https:\/\/biospa.ee\/fl2025\/eripakkumised\/\",\"url\":\"https:\/\/biospa.ee\/fl2025\/eripakkumised\/\",\"name\":\"SOODUSTUSED - Loodus BioSpa\",\"isPartOf\":{\"@id\":\"https:\/\/biospa.ee\/fl2025\/#website\"},\"datePublished\":\"2020-02-28T14:47:29+00:00\",\"dateModified\":\"2026-02-11T11:10:14+00:00\",\"breadcrumb\":{\"@id\":\"https:\/\/biospa.ee\/fl2025\/eripakkumised\/#breadcrumb\"},\"inLanguage\":\"et\",\"potentialAction\":[{\"@type\":\"ReadAction\",\"target\":[\"https:\/\/biospa.ee\/fl2025\/eripakkumised\/\"]}]},{\"@type\":\"BreadcrumbList\",\"@id\":\"https:\/\/biospa.ee\/fl2025\/eripakkumised\/#breadcrumb\",\"itemListElement\":[{\"@type\":\"ListItem\",\"position\":1,\"name\":\"Home\",\"item\":\"https:\/\/biospa.ee\/fl2025\/\"},{\"@type\":\"ListItem\",\"position\":2,\"name\":\"SOODUSTUSED\"}]},{\"@type\":\"WebSite\",\"@id\":\"https:\/\/biospa.ee\/fl2025\/#website\",\"url\":\"https:\/\/biospa.ee\/fl2025\/\",\"name\":\"Loodus BioSpa\",\"description\":\"Loodus BioSpa\",\"publisher\":{\"@id\":\"https:\/\/biospa.ee\/fl2025\/#organization\"},\"potentialAction\":[{\"@type\":\"SearchAction\",\"target\":{\"@type\":\"EntryPoint\",\"urlTemplate\":\"https:\/\/biospa.ee\/fl2025\/?s={search_term_string}\"},\"query-input\":{\"@type\":\"PropertyValueSpecification\",\"valueRequired\":true,\"valueName\":\"search_term_string\"}}],\"inLanguage\":\"et\"},{\"@type\":\"Organization\",\"@id\":\"https:\/\/biospa.ee\/fl2025\/#organization\",\"name\":\"Tesmasan O\u00dc\",\"url\":\"https:\/\/biospa.ee\/fl2025\/\",\"logo\":{\"@type\":\"ImageObject\",\"inLanguage\":\"et\",\"@id\":\"https:\/\/biospa.ee\/fl2025\/#\/schema\/logo\/image\/\",\"url\":\"https:\/\/biospa.ee\/fl2025\/wp-content\/uploads\/2025\/11\/BioSpa-loggo-est.png\",\"contentUrl\":\"https:\/\/biospa.ee\/fl2025\/wp-content\/uploads\/2025\/11\/BioSpa-loggo-est.png\",\"width\":842,\"height\":595,\"caption\":\"Tesmasan O\u00dc\"},\"image\":{\"@id\":\"https:\/\/biospa.ee\/fl2025\/#\/schema\/logo\/image\/\"},\"sameAs\":[\"https:\/\/www.facebook.com\/LoodusBioSpa\/\",\"https:\/\/www.instagram.com\/loodusbiospa\/\"]}]}<\/script>\n<!-- \/ Yoast SEO plugin. -->","yoast_head_json":{"title":"SOODUSTUSED - Loodus BioSpa","robots":{"index":"noindex","follow":"follow","max-snippet":"max-snippet:-1","max-image-preview":"max-image-preview:large","max-video-preview":"max-video-preview:-1"},"og_locale":"et_EE","og_type":"article","og_title":"SOODUSTUSED - Loodus BioSpa","og_url":"https:\/\/biospa.ee\/fl2025\/eripakkumised\/","og_site_name":"Loodus BioSpa","article_publisher":"https:\/\/www.facebook.com\/LoodusBioSpa\/","article_modified_time":"2026-02-11T11:10:14+00:00","og_image":[{"width":842,"height":595,"url":"https:\/\/biospa.ee\/fl2025\/wp-content\/uploads\/2025\/11\/BioSpa-loggo-est.png","type":"image\/png"}],"twitter_card":"summary_large_image","twitter_misc":{"Est. reading time":"2 minutit"},"schema":{"@context":"https:\/\/schema.org","@graph":[{"@type":"WebPage","@id":"https:\/\/biospa.ee\/fl2025\/eripakkumised\/","url":"https:\/\/biospa.ee\/fl2025\/eripakkumised\/","name":"SOODUSTUSED - Loodus BioSpa","isPartOf":{"@id":"https:\/\/biospa.ee\/fl2025\/#website"},"datePublished":"2020-02-28T14:47:29+00:00","dateModified":"2026-02-11T11:10:14+00:00","breadcrumb":{"@id":"https:\/\/biospa.ee\/fl2025\/eripakkumised\/#breadcrumb"},"inLanguage":"et","potentialAction":[{"@type":"ReadAction","target":["https:\/\/biospa.ee\/fl2025\/eripakkumised\/"]}]},{"@type":"BreadcrumbList","@id":"https:\/\/biospa.ee\/fl2025\/eripakkumised\/#breadcrumb","itemListElement":[{"@type":"ListItem","position":1,"name":"Home","item":"https:\/\/biospa.ee\/fl2025\/"},{"@type":"ListItem","position":2,"name":"SOODUSTUSED"}]},{"@type":"WebSite","@id":"https:\/\/biospa.ee\/fl2025\/#website","url":"https:\/\/biospa.ee\/fl2025\/","name":"Loodus BioSpa","description":"Loodus BioSpa","publisher":{"@id":"https:\/\/biospa.ee\/fl2025\/#organization"},"potentialAction":[{"@type":"SearchAction","target":{"@type":"EntryPoint","urlTemplate":"https:\/\/biospa.ee\/fl2025\/?s={search_term_string}"},"query-input":{"@type":"PropertyValueSpecification","valueRequired":true,"valueName":"search_term_string"}}],"inLanguage":"et"},{"@type":"Organization","@id":"https:\/\/biospa.ee\/fl2025\/#organization","name":"Tesmasan O\u00dc","url":"https:\/\/biospa.ee\/fl2025\/","logo":{"@type":"ImageObject","inLanguage":"et","@id":"https:\/\/biospa.ee\/fl2025\/#\/schema\/logo\/image\/","url":"https:\/\/biospa.ee\/fl2025\/wp-content\/uploads\/2025\/11\/BioSpa-loggo-est.png","contentUrl":"https:\/\/biospa.ee\/fl2025\/wp-content\/uploads\/2025\/11\/BioSpa-loggo-est.png","width":842,"height":595,"caption":"Tesmasan O\u00dc"},"image":{"@id":"https:\/\/biospa.ee\/fl2025\/#\/schema\/logo\/image\/"},"sameAs":["https:\/\/www.facebook.com\/LoodusBioSpa\/","https:\/\/www.instagram.com\/loodusbiospa\/"]}]}},"_links":{"self":[{"href":"https:\/\/biospa.ee\/fl2025\/wp-json\/wp\/v2\/pages\/6461","targetHints":{"allow":["GET"]}}],"collection":[{"href":"https:\/\/biospa.ee\/fl2025\/wp-json\/wp\/v2\/pages"}],"about":[{"href":"https:\/\/biospa.ee\/fl2025\/wp-json\/wp\/v2\/types\/page"}],"author":[{"embeddable":true,"href":"https:\/\/biospa.ee\/fl2025\/wp-json\/wp\/v2\/users\/1"}],"replies":[{"embeddable":true,"href":"https:\/\/biospa.ee\/fl2025\/wp-json\/wp\/v2\/comments?post=6461"}],"version-history":[{"count":5,"href":"https:\/\/biospa.ee\/fl2025\/wp-json\/wp\/v2\/pages\/6461\/revisions"}],"predecessor-version":[{"id":96746,"href":"https:\/\/biospa.ee\/fl2025\/wp-json\/wp\/v2\/pages\/6461\/revisions\/96746"}],"wp:attachment":[{"href":"https:\/\/biospa.ee\/fl2025\/wp-json\/wp\/v2\/media?parent=6461"}],"curies":[{"name":"wp","href":"https:\/\/api.w.org\/{rel}","templated":true}]}}