{"id":6463,"date":"2020-02-28T16:47:51","date_gmt":"2020-02-28T14:47:51","guid":{"rendered":"https:\/\/biospa.ee\/?page_id=6463"},"modified":"2026-04-15T09:53:29","modified_gmt":"2026-04-15T06:53:29","slug":"broneerimine","status":"publish","type":"page","link":"https:\/\/biospa.ee\/fl2025\/broneerimine\/","title":{"rendered":"Kuuri broneerimine"},"content":{"rendered":"<div class=\"fusion-fullwidth fullwidth-box fusion-builder-row-1 has-pattern-background has-mask-background nonhundred-percent-fullwidth non-hundred-percent-height-scrolling\" style=\"--awb-border-radius-top-left:0px;--awb-border-radius-top-right:0px;--awb-border-radius-bottom-right:0px;--awb-border-radius-bottom-left:0px;--awb-flex-wrap:wrap;\" ><div class=\"fusion-builder-row fusion-row\"><div class=\"fusion-layout-column fusion_builder_column fusion-builder-column-0 fusion_builder_column_1_2 1_2 fusion-one-half fusion-column-first\" style=\"--awb-bg-size:cover;width:50%;width:calc(50% - ( ( 4% ) * 0.5 ) );margin-right: 4%;\"><div class=\"fusion-column-wrapper fusion-column-has-shadow fusion-flex-column-wrapper-legacy\"><div class=\"fusion-button-wrapper fusion-align-block fusion-align-inline-medium\"><a class=\"fusion-button button-flat button-medium button-green fusion-button-green button-1 fusion-button-span-yes fusion-button-span-default-medium fusion-button-default-type\" style=\"--awb-margin-bottom:20px;\" target=\"_blank\" rel=\"noopener noreferrer\" href=\"https:\/\/biospa.ee\/fl2025\/uus-3-paevane-kiire-taastumise-programm-loodus-biospas\/\"><i class=\"fa-eye fas awb-button__icon awb-button__icon--default button-icon-left\" aria-hidden=\"true\"><\/i><span class=\"fusion-button-text awb-button__text awb-button__text--default\">UUS! 3-p\u00e4evane kiire taastumise programm<\/span><\/a><\/div><div class=\"fusion-text fusion-text-1\" style=\"--awb-text-transform:none;\"><h5>Kuuride hinnad<\/h5>\n\n<table id=\"tablepress-60\" class=\"tablepress tablepress-id-60\">\n<thead>\n<tr class=\"row-1\">\n\t<th class=\"column-1\">Toad<\/th><th class=\"column-2\">6-paevane pakett\/in.<\/th><th class=\"column-3\">3-p\u00e4evane pakett\/in.<\/th>\n<\/tr>\n<\/thead>\n<tbody class=\"row-striping row-hover\">\n<tr class=\"row-2\">\n\t<td class=\"column-1\">3-kohaline tuba<\/td><td class=\"column-2\">\u20ac825<\/td><td class=\"column-3\">---<\/td>\n<\/tr>\n<tr class=\"row-3\">\n\t<td class=\"column-1\">2-kohaline tuba<\/td><td class=\"column-2\">\u20ac965<\/td><td class=\"column-3\">\u20ac400<\/td>\n<\/tr>\n<tr class=\"row-4\">\n\t<td class=\"column-1\">2-kohaline SUPERIOR<\/td><td class=\"column-2\">\u20ac1250<\/td><td class=\"column-3\">\u20ac500<\/td>\n<\/tr>\n<tr class=\"row-5\">\n\t<td class=\"column-1\">2-kohaline SVIIT<\/td><td class=\"column-2\">\u20ac1640<\/td><td class=\"column-3\">---<\/td>\n<\/tr>\n<tr class=\"row-6\">\n\t<td class=\"column-1\">1-kohaline tuba<\/td><td class=\"column-2\">\u20ac1375<\/td><td class=\"column-3\">\u20ac500<\/td>\n<\/tr>\n<tr class=\"row-7\">\n\t<td class=\"column-1\">1-kohaline SUPERIOR<\/td><td class=\"column-2\">\u20ac1790<\/td><td class=\"column-3\">\u20ac600<\/td>\n<\/tr>\n<tr class=\"row-8\">\n\t<td class=\"column-1\">1-kohaline SVIIT<\/td><td class=\"column-2\">\u20ac2340<\/td><td class=\"column-3\">---<\/td>\n<\/tr>\n<\/tbody>\n<\/table>\n<!-- #tablepress-60 from cache -->\n<\/div><div class=\"fusion-text fusion-text-2\"><h2>Kuuride ajakava<\/h2>\n\n<table id=\"tablepress-5\" class=\"tablepress tablepress-id-5\">\n<thead>\n<tr class=\"row-1\">\n\t<th class=\"column-1\">Periood<\/th><td class=\"column-2\"><\/td>\n<\/tr>\n<\/thead>\n<tbody class=\"row-striping row-hover\">\n<tr class=\"row-2\">\n\t<td class=\"column-1\">22.04.2026 - 27.04.2026<\/td><td class=\"column-2\"><a href=\"https:\/\/biospa.ee\/fl2025\/energia-eri-paastu-ja-qigongi-retriit\/\">Energia Eri<\/a><\/td>\n<\/tr>\n<tr class=\"row-3\">\n\t<td class=\"column-1\">30.04.2026 - 05.05.2026<\/td><td class=\"column-2\"><\/td>\n<\/tr>\n<tr class=\"row-4\">\n\t<td class=\"column-1\">08.05.2026 - 13.05.2026<\/td><td class=\"column-2\">\ud83d\udca1Broneeri n\u00e4dalavahetusele 8.05-10.05<\/td>\n<\/tr>\n<tr class=\"row-5\">\n\t<td class=\"column-1\">16.05.2026 - 21.05.2026<\/td><td class=\"column-2\"><\/td>\n<\/tr>\n<tr class=\"row-6\">\n\t<td class=\"column-1\">24.05.2026 - 29.05.2026<\/td><td class=\"column-2\"><\/td>\n<\/tr>\n<tr class=\"row-7\">\n\t<td class=\"column-1\">01.06.2026 - 06.06.2026<\/td><td class=\"column-2\"><\/td>\n<\/tr>\n<tr class=\"row-8\">\n\t<td class=\"column-1\">09.06.2026 - 14.06.2026<\/td><td class=\"column-2\">Insuliiniresistentsuse Eri<\/td>\n<\/tr>\n<tr class=\"row-9\">\n\t<td class=\"column-1\">17.06.2026 - 22.06.2026<\/td><td class=\"column-2\"><\/td>\n<\/tr>\n<tr class=\"row-10\">\n\t<td class=\"column-1\">27.06.2026 - 02.07.2026<\/td><td class=\"column-2\"><\/td>\n<\/tr>\n<tr class=\"row-11\">\n\t<td class=\"column-1\">07.07.2026 - 12.07.2026<\/td><td class=\"column-2\"><\/td>\n<\/tr>\n<tr class=\"row-12\">\n\t<td class=\"column-1\">15.07.2026 - 20.07.2026<\/td><td class=\"column-2\"><\/td>\n<\/tr>\n<tr class=\"row-13\">\n\t<td class=\"column-1\">23.07.2026 - 28.07.2026<\/td><td class=\"column-2\"><\/td>\n<\/tr>\n<tr class=\"row-14\">\n\t<td class=\"column-1\">31.07.2026 - 05.08.2026<\/td><td class=\"column-2\"><\/td>\n<\/tr>\n<tr class=\"row-15\">\n\t<td class=\"column-1\">08.08.2026 - 13.08.2026<\/td><td class=\"column-2\"><\/td>\n<\/tr>\n<tr class=\"row-16\">\n\t<td class=\"column-1\">16.08.2026 - 21.08.2026<\/td><td class=\"column-2\"><\/td>\n<\/tr>\n<tr class=\"row-17\">\n\t<td class=\"column-1\">24.08.2026 - 29.08.2026<\/td><td class=\"column-2\"><\/td>\n<\/tr>\n<tr class=\"row-18\">\n\t<td class=\"column-1\">09.09.2026 - 14.09.2026<\/td><td class=\"column-2\"><\/td>\n<\/tr>\n<tr class=\"row-19\">\n\t<td class=\"column-1\">17.09.2026 - 22.09.2026<\/td><td class=\"column-2\"><\/td>\n<\/tr>\n<tr class=\"row-20\">\n\t<td class=\"column-1\">25.09.2026 - 30.09.2026<\/td><td class=\"column-2\"><\/td>\n<\/tr>\n<tr class=\"row-21\">\n\t<td class=\"column-1\">11.10.2026 - 16.10.2026<\/td><td class=\"column-2\"><\/td>\n<\/tr>\n<tr class=\"row-22\">\n\t<td class=\"column-1\">19.10.2026 - 24.10.2026<\/td><td class=\"column-2\"><\/td>\n<\/tr>\n<tr class=\"row-23\">\n\t<td class=\"column-1\">04.11.2026 - 09.11.2026<\/td><td class=\"column-2\"><\/td>\n<\/tr>\n<tr class=\"row-24\">\n\t<td class=\"column-1\">12.11.2026 - 17.11.2026<\/td><td class=\"column-2\"><\/td>\n<\/tr>\n<tr class=\"row-25\">\n\t<td class=\"column-1\">20.11.2026 - 25.11.2026<\/td><td class=\"column-2\"><\/td>\n<\/tr>\n<tr class=\"row-26\">\n\t<td class=\"column-1\">07.12.2026 - 12.12.2026<\/td><td class=\"column-2\"><\/td>\n<\/tr>\n<tr class=\"row-27\">\n\t<td class=\"column-1\">15.12.2026 - 20.12.2026<\/td><td class=\"column-2\"><\/td>\n<\/tr>\n<\/tbody>\n<\/table>\n\n<\/div><div class=\"fusion-sep-clear\"><\/div><div class=\"fusion-separator fusion-full-width-sep\" style=\"margin-left: auto;margin-right: auto;margin-top:10px;width:100%;\"><\/div><div class=\"fusion-sep-clear\"><\/div><div class=\"fusion-text fusion-text-3\"><p>Juhime t\u00e4helepanu, et paastupaketi valimisel ei pea paastuma 7 p\u00e4eva \u2013 paastu pikkus s\u00f5ltub teie isiklikust olukorrast. Peale paastu algab kuuri jooksul taastumine spetsiaalse dieediga.<\/p>\n<\/div><div class=\"fusion-sep-clear\"><\/div><div class=\"fusion-separator fusion-full-width-sep\" style=\"margin-left: auto;margin-right: auto;margin-top:20px;width:100%;\"><\/div><div class=\"fusion-sep-clear\"><\/div><div class=\"fusion-clearfix\"><\/div><\/div><\/div><div class=\"fusion-layout-column fusion_builder_column fusion-builder-column-1 fusion_builder_column_1_2 1_2 fusion-one-half fusion-column-last\" style=\"--awb-bg-size:cover;width:50%;width:calc(50% - ( ( 4% ) * 0.5 ) );\"><div class=\"fusion-column-wrapper fusion-column-has-shadow fusion-flex-column-wrapper-legacy\"><div class=\"fusion-text fusion-text-4\"><p><strong>Kuurile registreerimiseks vajutage allpool olevale broneerimise nupule.<\/strong><br \/>\n<strong>Probleemide esinemisel palume v\u00f5tta meiega \u00fchendust telefonil +372 509 3581 v\u00f5i e-posti aadressil\u00a0<a href=\"mailto:loodus@biospa.ee\" target=\"_blank\" rel=\"noopener\">loodus@biospa.ee<\/a> ning me aitame Teid meeleldi.<\/strong><\/p>\n<h5><\/h5>\n<\/div><div class=\"fusion-button-wrapper fusion-aligncenter\"><a class=\"fusion-button button-flat button-xlarge button-default fusion-button-default button-2 fusion-button-default-span fusion-button-default-type\" style=\"--awb-margin-bottom:30px;--button-border-radius-top-left:0;--button-border-radius-top-right:0;--button-border-radius-bottom-right:0;--button-border-radius-bottom-left:0;\" target=\"_blank\" rel=\"noopener noreferrer\" href=\"https:\/\/booking.biospa.ee\/et\/\"><span class=\"fusion-button-text awb-button__text awb-button__text--default\">Biospa Online Booking<\/span><\/a><\/div><div class=\"fusion-button-wrapper fusion-aligncenter\"><a class=\"fusion-button button-flat button-large button-default fusion-button-default button-3 fusion-button-default-span fusion-button-default-type\" style=\"--awb-margin-bottom:30px;--button-border-radius-top-left:0;--button-border-radius-top-right:0;--button-border-radius-bottom-right:0;--button-border-radius-bottom-left:0;\" target=\"_blank\" rel=\"noopener noreferrer\" href=\"https:\/\/biospa.ee\/fl2025\/kuurid-protseduurid\/protseduuride-kirjeldus\/\"><span class=\"fusion-button-text awb-button__text awb-button__text--default\">Tutvu protseduuridega<\/span><\/a><\/div><div class=\"fusion-text fusion-text-5\" style=\"--awb-content-alignment:center;--awb-margin-top:30px;\"><p>Kuidas end ette valmistada kuuriks, lugege <a href=\"https:\/\/biospa.ee\/kuidas-valmistuda-ette-kuuriks\/\" target=\"_blank\" rel=\"noopener\"><strong>siit<\/strong><\/a>.<\/p>\n<\/div><div class=\"fusion-text fusion-text-6\" style=\"--awb-content-alignment:center;\"><h5 class=\"fusion-responsive-typography-calculated\" data-fontsize=\"26\" data-lineheight=\"31.2px\">Kas puhastuskuur sobib Teie tervisliku seisundiga? Soovi korral on v\u00f5imalik enne kuuri konsulteerida Dr. Trofimovaga.<\/h5>\n<\/div><div class=\"fusion-button-wrapper fusion-aligncenter\"><a class=\"fusion-button button-flat fusion-button-default-size button-default fusion-button-default button-4 fusion-button-default-span fusion-button-default-type\" style=\"--awb-margin-top:20px;--awb-margin-bottom:25px;--button-border-radius-top-left:0;--button-border-radius-top-right:0;--button-border-radius-bottom-right:0;--button-border-radius-bottom-left:0;\" target=\"_blank\" rel=\"noopener noreferrer\" href=\"https:\/\/www.biokliinik.ee\/kontakt\/\"><span class=\"fusion-button-text awb-button__text awb-button__text--default\">Registreeru online vastuv\u00f5tule<\/span><\/a><\/div><div class=\"fusion-text fusion-text-7\"><p>Juhime t\u00e4helepanu, et ravipaastu ei pea l\u00e4bima programmi l\u00f5puni \u2013 selle kestus s\u00f5ltub Teie tervislikust seisundist ja individuaalsest vajadusest. Kui ravipaast l\u00f5petatakse varem, algab taastumisfaas kohapeal spetsiaalse dieediga.<\/p>\n<\/div><div class=\"fusion-image-element in-legacy-container\" style=\"--awb-caption-title-font-family:var(--h2_typography-font-family);--awb-caption-title-font-weight:var(--h2_typography-font-weight);--awb-caption-title-font-style:var(--h2_typography-font-style);--awb-caption-title-size:var(--h2_typography-font-size);--awb-caption-title-transform:var(--h2_typography-text-transform);--awb-caption-title-line-height:var(--h2_typography-line-height);--awb-caption-title-letter-spacing:var(--h2_typography-letter-spacing);\"><span class=\" fusion-imageframe imageframe-dropshadow imageframe-1 hover-type-none\" style=\"-webkit-box-shadow: 3px 3px 7px rgba(0,0,0,0.3);box-shadow: 3px 3px 7px rgba(0,0,0,0.3);\"><img decoding=\"async\" width=\"799\" height=\"533\" title=\"BioSpa sviit\" src=\"https:\/\/biospa.ee\/wp-content\/uploads\/2023\/09\/Kroot_Tarkmeel_Photography-0441-1-1.jpg\" alt class=\"img-responsive wp-image-29454\" srcset=\"https:\/\/biospa.ee\/fl2025\/wp-content\/uploads\/2023\/09\/Kroot_Tarkmeel_Photography-0441-1-1-200x133.jpg 200w, https:\/\/biospa.ee\/fl2025\/wp-content\/uploads\/2023\/09\/Kroot_Tarkmeel_Photography-0441-1-1-400x267.jpg 400w, https:\/\/biospa.ee\/fl2025\/wp-content\/uploads\/2023\/09\/Kroot_Tarkmeel_Photography-0441-1-1-600x400.jpg 600w, https:\/\/biospa.ee\/fl2025\/wp-content\/uploads\/2023\/09\/Kroot_Tarkmeel_Photography-0441-1-1.jpg 799w\" sizes=\"(max-width: 800px) 100vw, 799px\" \/><\/span><\/div><div class=\"fusion-text fusion-text-8\" style=\"--awb-margin-top:20px;\"><h3 class=\"fusion-responsive-typography-calculated\" data-start=\"245\" data-end=\"273\" data-fontsize=\"36\" data-lineheight=\"43.2px\"><strong data-start=\"248\" data-end=\"273\">Kuuride eest tasumine<\/strong><\/h3>\n<p data-start=\"275\" data-end=\"561\">Loodus BIOSPA online-broneerimiss\u00fcsteemi kaudu on Teil v\u00f5imalik mugavalt ja turvaliselt tasuda kas<strong data-start=\"370\" data-end=\"399\">\u00a0broneerimistasu 300 EUR<\/strong>\u00a0v\u00f5i kogu kuuri maksumus vastavalt Teie eelistusele.<br data-start=\"453\" data-end=\"456\" \/>Valige sobiv makseviis ja tasuge kohe broneerimise hetkel \u2013 see tagab Teile kindla koha valitud kuuril.<\/p>\n<\/div><div class=\"fusion-text fusion-text-9\"><h3 class=\"fusion-responsive-typography-calculated\" data-fontsize=\"30\" data-lineheight=\"36px\"><strong data-start=\"571\" data-end=\"632\">Ettemaks telefoni v\u00f5i e-posti teel tehtud broneeringutele<\/strong><\/h3>\n<p data-start=\"634\" data-end=\"816\">Kui olete teinud broneeringu telefoni v\u00f5i e-posti teel, palume kinnitada oma osalemine, tasudes ettemaksu summas 300 eurot hiljemalt kolme p\u00e4eva jooksul p\u00e4rast broneeringu tegemist.<\/p>\n<p data-start=\"818\" data-end=\"904\">Tasumise \u00fcksikasjad edastab Teile administraator p\u00e4rast broneeringu registreerimist.<\/p>\n<p data-start=\"906\" data-end=\"1050\">Kui ettemaks ei ole t\u00e4htajaks laekunud,\u00a0<strong data-start=\"946\" data-end=\"987\">t\u00fchistatakse broneering automaatselt.<\/strong><br data-start=\"987\" data-end=\"990\" \/>Palume t\u00e4hele panna, et\u00a0<strong data-start=\"1014\" data-end=\"1050\">ettemaks ei kuulu tagastamisele.<\/strong><\/p>\n<\/div><div class=\"fusion-text fusion-text-10\"><div class=\"fusion-text fusion-text-7\">\n<h3 class=\"fusion-responsive-typography-calculated\" data-start=\"1057\" data-end=\"1085\" data-fontsize=\"30\" data-lineheight=\"36px\"><strong data-start=\"1061\" data-end=\"1085\">Broneeringu muutmine<\/strong><\/h3>\n<ul data-start=\"1087\" data-end=\"1239\">\n<li data-start=\"1087\" data-end=\"1159\">\n<p data-start=\"1089\" data-end=\"1159\">Broneeringu muutmine\u00a0<strong data-start=\"1110\" data-end=\"1141\">4\u20137 p\u00e4eva enne kuuri algust<\/strong>\u00a0\u2013 tasu\u00a0<strong data-start=\"1149\" data-end=\"1157\">50 EUR<\/strong><\/p>\n<\/li>\n<li data-start=\"1160\" data-end=\"1239\">\n<p data-start=\"1162\" data-end=\"1239\">Broneeringu muutmine\u00a0<strong data-start=\"1183\" data-end=\"1222\">3 v\u00f5i v\u00e4hem p\u00e4eva enne kuuri algust<\/strong>\u00a0\u2013 tasu\u00a0<strong data-start=\"1230\" data-end=\"1239\">100 EUR<\/strong><\/p>\n<\/li>\n<\/ul>\n<\/div>\n<div class=\"fusion-text fusion-text-8\">\n<p>Parima tulemuse saavutamiseks on paketis kindlaks m\u00e4\u00e4ratud raviprotseduurid, mida ei saa asendada teiste hoolitsustega.<br \/>\nMeie professionaalses ja s\u00f5bralikus meeskonnas viivad protseduure l\u00e4bi nii mehed kui naised. Kui see pole teile vastuv\u00f5etav, palume broneeringu tegemisel sellest teada anda ja me p\u00fc\u00fcame leida lahenduse.<\/p>\n<p>NB! Administratsioon j\u00e4tab endale \u00f5iguse hindu, paketisiseseid protseduure ja nende koguseid muuta ette teatamata. Tasutud teenuste eest, mis on j\u00e4\u00e4nud kasutamata Loodus BIOSPA\u2019st mitteolenevatel p\u00f5hjustel (puhkuse katkestamine, protseduurist keeldumine jms), raha tagasi ei maksta.<\/p>\n<\/div>\n<\/div><div class=\"fusion-text fusion-text-11\"><h3 class=\"fusion-text fusion-text-7\"><strong>Saabumine eelmisel \u00f5htul enne programmi algust<\/strong><\/h3>\n<p class=\"fusion-text fusion-text-7\">Eelneval kokkuleppel on v\u00f5imalik saabuda ja \u00f6\u00f6bida \u00f5htul enne kuuri algust alates kella <strong>21.00<\/strong>-st.<\/p>\n<p class=\"fusion-text fusion-text-7\">Lisa\u00f6\u00f6 maksumus: <strong>80 EUR<\/strong><\/p>\n<p class=\"fusion-text fusion-text-7\">Varasema saabumise korral (enne kella 21.00) lisandub tasu <strong data-start=\"381\" data-end=\"393\">10 EUR<\/strong>\u00a0iga alustatud tunni eest.<\/p>\n<\/div><div class=\"fusion-clearfix\"><\/div><\/div><\/div><\/div><\/div>\n\n","protected":false},"excerpt":{"rendered":"","protected":false},"author":1,"featured_media":0,"parent":0,"menu_order":119,"comment_status":"closed","ping_status":"closed","template":"","meta":{"footnotes":""},"class_list":["post-6463","page","type-page","status-publish","hentry"],"yoast_head":"<!-- This site is optimized with the Yoast SEO plugin v27.0 - https:\/\/yoast.com\/product\/yoast-seo-wordpress\/ -->\n<title>Kuuri broneerimine - Loodus BioSpa<\/title>\n<meta name=\"description\" content=\"Sinu tervise ja heaolu allikas. Broneeri ravipaastu- v\u00f5i detoks-dieetkuur ja koge keha ja vaimu t\u00e4ielikku puhastumist. Meie eksperdid ja loodusl\u00e4hedane keskkond ootavad Sind.\" \/>\n<meta name=\"robots\" content=\"noindex, follow, max-snippet:-1, max-image-preview:large, max-video-preview:-1\" \/>\n<meta property=\"og:locale\" content=\"et_EE\" \/>\n<meta property=\"og:type\" content=\"article\" \/>\n<meta property=\"og:title\" content=\"Kuuri broneerimine - Loodus BioSpa\" \/>\n<meta property=\"og:description\" content=\"Sinu tervise ja heaolu allikas. Broneeri ravipaastu- v\u00f5i detoks-dieetkuur ja koge keha ja vaimu t\u00e4ielikku puhastumist. Meie eksperdid ja loodusl\u00e4hedane keskkond ootavad Sind.\" \/>\n<meta property=\"og:url\" content=\"https:\/\/biospa.ee\/fl2025\/broneerimine\/\" \/>\n<meta property=\"og:site_name\" content=\"Loodus BioSpa\" \/>\n<meta property=\"article:publisher\" content=\"https:\/\/www.facebook.com\/LoodusBioSpa\/\" \/>\n<meta property=\"article:modified_time\" content=\"2026-04-15T06:53:29+00:00\" \/>\n<meta property=\"og:image\" content=\"https:\/\/biospa.ee\/fl2025\/wp-content\/uploads\/2025\/11\/BioSpa-loggo-est.png\" \/>\n\t<meta property=\"og:image:width\" content=\"842\" \/>\n\t<meta property=\"og:image:height\" content=\"595\" \/>\n\t<meta property=\"og:image:type\" content=\"image\/png\" \/>\n<meta name=\"twitter:card\" content=\"summary_large_image\" \/>\n<meta name=\"twitter:label1\" content=\"Est. reading time\" \/>\n\t<meta name=\"twitter:data1\" content=\"3 minutit\" \/>\n<script type=\"application\/ld+json\" class=\"yoast-schema-graph\">{\"@context\":\"https:\/\/schema.org\",\"@graph\":[{\"@type\":\"WebPage\",\"@id\":\"https:\/\/biospa.ee\/fl2025\/broneerimine\/\",\"url\":\"https:\/\/biospa.ee\/fl2025\/broneerimine\/\",\"name\":\"Kuuri broneerimine - Loodus BioSpa\",\"isPartOf\":{\"@id\":\"https:\/\/biospa.ee\/fl2025\/#website\"},\"datePublished\":\"2020-02-28T14:47:51+00:00\",\"dateModified\":\"2026-04-15T06:53:29+00:00\",\"description\":\"Sinu tervise ja heaolu allikas. Broneeri ravipaastu- v\u00f5i detoks-dieetkuur ja koge keha ja vaimu t\u00e4ielikku puhastumist. Meie eksperdid ja loodusl\u00e4hedane keskkond ootavad Sind.\",\"breadcrumb\":{\"@id\":\"https:\/\/biospa.ee\/fl2025\/broneerimine\/#breadcrumb\"},\"inLanguage\":\"et\",\"potentialAction\":[{\"@type\":\"ReadAction\",\"target\":[\"https:\/\/biospa.ee\/fl2025\/broneerimine\/\"]}]},{\"@type\":\"BreadcrumbList\",\"@id\":\"https:\/\/biospa.ee\/fl2025\/broneerimine\/#breadcrumb\",\"itemListElement\":[{\"@type\":\"ListItem\",\"position\":1,\"name\":\"Home\",\"item\":\"https:\/\/biospa.ee\/fl2025\/\"},{\"@type\":\"ListItem\",\"position\":2,\"name\":\"Kuuri broneerimine\"}]},{\"@type\":\"WebSite\",\"@id\":\"https:\/\/biospa.ee\/fl2025\/#website\",\"url\":\"https:\/\/biospa.ee\/fl2025\/\",\"name\":\"Loodus BioSpa\",\"description\":\"Loodus BioSpa\",\"publisher\":{\"@id\":\"https:\/\/biospa.ee\/fl2025\/#organization\"},\"potentialAction\":[{\"@type\":\"SearchAction\",\"target\":{\"@type\":\"EntryPoint\",\"urlTemplate\":\"https:\/\/biospa.ee\/fl2025\/?s={search_term_string}\"},\"query-input\":{\"@type\":\"PropertyValueSpecification\",\"valueRequired\":true,\"valueName\":\"search_term_string\"}}],\"inLanguage\":\"et\"},{\"@type\":\"Organization\",\"@id\":\"https:\/\/biospa.ee\/fl2025\/#organization\",\"name\":\"Tesmasan O\u00dc\",\"url\":\"https:\/\/biospa.ee\/fl2025\/\",\"logo\":{\"@type\":\"ImageObject\",\"inLanguage\":\"et\",\"@id\":\"https:\/\/biospa.ee\/fl2025\/#\/schema\/logo\/image\/\",\"url\":\"https:\/\/biospa.ee\/fl2025\/wp-content\/uploads\/2025\/11\/BioSpa-loggo-est.png\",\"contentUrl\":\"https:\/\/biospa.ee\/fl2025\/wp-content\/uploads\/2025\/11\/BioSpa-loggo-est.png\",\"width\":842,\"height\":595,\"caption\":\"Tesmasan O\u00dc\"},\"image\":{\"@id\":\"https:\/\/biospa.ee\/fl2025\/#\/schema\/logo\/image\/\"},\"sameAs\":[\"https:\/\/www.facebook.com\/LoodusBioSpa\/\",\"https:\/\/www.instagram.com\/loodusbiospa\/\"]}]}<\/script>\n<!-- \/ Yoast SEO plugin. -->","yoast_head_json":{"title":"Kuuri broneerimine - Loodus BioSpa","description":"Sinu tervise ja heaolu allikas. Broneeri ravipaastu- v\u00f5i detoks-dieetkuur ja koge keha ja vaimu t\u00e4ielikku puhastumist. Meie eksperdid ja loodusl\u00e4hedane keskkond ootavad Sind.","robots":{"index":"noindex","follow":"follow","max-snippet":"max-snippet:-1","max-image-preview":"max-image-preview:large","max-video-preview":"max-video-preview:-1"},"og_locale":"et_EE","og_type":"article","og_title":"Kuuri broneerimine - Loodus BioSpa","og_description":"Sinu tervise ja heaolu allikas. Broneeri ravipaastu- v\u00f5i detoks-dieetkuur ja koge keha ja vaimu t\u00e4ielikku puhastumist. Meie eksperdid ja loodusl\u00e4hedane keskkond ootavad Sind.","og_url":"https:\/\/biospa.ee\/fl2025\/broneerimine\/","og_site_name":"Loodus BioSpa","article_publisher":"https:\/\/www.facebook.com\/LoodusBioSpa\/","article_modified_time":"2026-04-15T06:53:29+00:00","og_image":[{"width":842,"height":595,"url":"https:\/\/biospa.ee\/fl2025\/wp-content\/uploads\/2025\/11\/BioSpa-loggo-est.png","type":"image\/png"}],"twitter_card":"summary_large_image","twitter_misc":{"Est. reading time":"3 minutit"},"schema":{"@context":"https:\/\/schema.org","@graph":[{"@type":"WebPage","@id":"https:\/\/biospa.ee\/fl2025\/broneerimine\/","url":"https:\/\/biospa.ee\/fl2025\/broneerimine\/","name":"Kuuri broneerimine - Loodus BioSpa","isPartOf":{"@id":"https:\/\/biospa.ee\/fl2025\/#website"},"datePublished":"2020-02-28T14:47:51+00:00","dateModified":"2026-04-15T06:53:29+00:00","description":"Sinu tervise ja heaolu allikas. Broneeri ravipaastu- v\u00f5i detoks-dieetkuur ja koge keha ja vaimu t\u00e4ielikku puhastumist. Meie eksperdid ja loodusl\u00e4hedane keskkond ootavad Sind.","breadcrumb":{"@id":"https:\/\/biospa.ee\/fl2025\/broneerimine\/#breadcrumb"},"inLanguage":"et","potentialAction":[{"@type":"ReadAction","target":["https:\/\/biospa.ee\/fl2025\/broneerimine\/"]}]},{"@type":"BreadcrumbList","@id":"https:\/\/biospa.ee\/fl2025\/broneerimine\/#breadcrumb","itemListElement":[{"@type":"ListItem","position":1,"name":"Home","item":"https:\/\/biospa.ee\/fl2025\/"},{"@type":"ListItem","position":2,"name":"Kuuri broneerimine"}]},{"@type":"WebSite","@id":"https:\/\/biospa.ee\/fl2025\/#website","url":"https:\/\/biospa.ee\/fl2025\/","name":"Loodus BioSpa","description":"Loodus BioSpa","publisher":{"@id":"https:\/\/biospa.ee\/fl2025\/#organization"},"potentialAction":[{"@type":"SearchAction","target":{"@type":"EntryPoint","urlTemplate":"https:\/\/biospa.ee\/fl2025\/?s={search_term_string}"},"query-input":{"@type":"PropertyValueSpecification","valueRequired":true,"valueName":"search_term_string"}}],"inLanguage":"et"},{"@type":"Organization","@id":"https:\/\/biospa.ee\/fl2025\/#organization","name":"Tesmasan O\u00dc","url":"https:\/\/biospa.ee\/fl2025\/","logo":{"@type":"ImageObject","inLanguage":"et","@id":"https:\/\/biospa.ee\/fl2025\/#\/schema\/logo\/image\/","url":"https:\/\/biospa.ee\/fl2025\/wp-content\/uploads\/2025\/11\/BioSpa-loggo-est.png","contentUrl":"https:\/\/biospa.ee\/fl2025\/wp-content\/uploads\/2025\/11\/BioSpa-loggo-est.png","width":842,"height":595,"caption":"Tesmasan O\u00dc"},"image":{"@id":"https:\/\/biospa.ee\/fl2025\/#\/schema\/logo\/image\/"},"sameAs":["https:\/\/www.facebook.com\/LoodusBioSpa\/","https:\/\/www.instagram.com\/loodusbiospa\/"]}]}},"_links":{"self":[{"href":"https:\/\/biospa.ee\/fl2025\/wp-json\/wp\/v2\/pages\/6463","targetHints":{"allow":["GET"]}}],"collection":[{"href":"https:\/\/biospa.ee\/fl2025\/wp-json\/wp\/v2\/pages"}],"about":[{"href":"https:\/\/biospa.ee\/fl2025\/wp-json\/wp\/v2\/types\/page"}],"author":[{"embeddable":true,"href":"https:\/\/biospa.ee\/fl2025\/wp-json\/wp\/v2\/users\/1"}],"replies":[{"embeddable":true,"href":"https:\/\/biospa.ee\/fl2025\/wp-json\/wp\/v2\/comments?post=6463"}],"version-history":[{"count":1,"href":"https:\/\/biospa.ee\/fl2025\/wp-json\/wp\/v2\/pages\/6463\/revisions"}],"predecessor-version":[{"id":97837,"href":"https:\/\/biospa.ee\/fl2025\/wp-json\/wp\/v2\/pages\/6463\/revisions\/97837"}],"wp:attachment":[{"href":"https:\/\/biospa.ee\/fl2025\/wp-json\/wp\/v2\/media?parent=6463"}],"curies":[{"name":"wp","href":"https:\/\/api.w.org\/{rel}","templated":true}]}}