{"id":93792,"date":"2025-06-13T14:17:54","date_gmt":"2025-06-13T11:17:54","guid":{"rendered":"https:\/\/biospa.ee\/?page_id=93792"},"modified":"2026-03-04T21:41:42","modified_gmt":"2026-03-04T19:41:42","slug":"upgraders","status":"publish","type":"page","link":"https:\/\/biospa.ee\/fl2025\/upgraders\/","title":{"rendered":"UUS! Upgraders\u00ae 21-p\u00e4eva kaalulangetuse programm"},"content":{"rendered":"<p><div class=\"fusion-fullwidth fullwidth-box fusion-builder-row-1 fusion-flex-container has-pattern-background has-mask-background nonhundred-percent-fullwidth non-hundred-percent-height-scrolling\" style=\"--awb-border-radius-top-left:0px;--awb-border-radius-top-right:0px;--awb-border-radius-bottom-right:0px;--awb-border-radius-bottom-left:0px;--awb-flex-wrap:wrap;\" ><div class=\"fusion-builder-row fusion-row fusion-flex-align-items-flex-start fusion-flex-content-wrap\" style=\"max-width:1560px;margin-left: calc(-4% \/ 2 );margin-right: calc(-4% \/ 2 );\"><div class=\"fusion-layout-column fusion_builder_column fusion-builder-column-0 fusion_builder_column_2_3 2_3 fusion-flex-column\" style=\"--awb-bg-size:cover;--awb-width-large:66.6666666667%;--awb-margin-top-large:0px;--awb-spacing-right-large:2.88%;--awb-margin-bottom-large:20px;--awb-spacing-left-large:2.88%;--awb-width-medium:100%;--awb-order-medium:0;--awb-spacing-right-medium:1.92%;--awb-spacing-left-medium:1.92%;--awb-width-small:100%;--awb-order-small:0;--awb-spacing-right-small:1.92%;--awb-spacing-left-small:1.92%;\"><div class=\"fusion-column-wrapper fusion-column-has-shadow fusion-flex-justify-content-flex-start fusion-content-layout-column\"><div class=\"fusion-text fusion-text-1\"><p>See meditsiinilise kvaliteediga kodune ainevahetuse restart-programm ei toeta mitte ainult kaalulangust ja \u00fcldist tervist, vaid pakub ka anti-aging eeliseid \u2013 puhastades rakutasandil, taastades ainevahetuse loomuliku tasakaalu ning k\u00e4ivitades uuesti keha enda isetervenemise mehhanismid.<\/p>\n<p>Inspiratsiooni saanud Austria legendaarse arsti Dr. Franz Xaver Mayri eksklusiivsetest kliinikuprogrammidest, on see t\u00f5hus meetod n\u00fc\u00fcd kohandatud koduseks kasutamiseks \u2013 v\u00f5imaldades saavutada kliiniku tasemel tulemusi mugavalt oma kodus.<\/p>\n<p><strong>Komplekt sisaldab:<\/strong><\/p>\n<ul>\n<li><strong>5 kontsentreeritud, t\u00f5husat ja 100% looduslikku toidulisandit<\/strong>, mis sisaldavad unikaalseid bioaktiivseid toitainete segusid: magneesiumtsitraat, aluselised mineraalid, bitterid ja ens\u00fc\u00fcmid, multivitamiinid, pre- ja probiootikumid. K\u00f5ik tooted on valmistatud Alpides k\u00f5rgeima puhtuse ja imendumisv\u00f5imega, arendatud Austria arstide poolt.<\/li>\n<\/ul>\n<p><strong>Toetab t\u00f5husalt:<\/strong><\/p>\n<ul>\n<li>Detoksi ja soolestiku puhastust<\/li>\n<li>Ainevahetuse tasakaalustamist<\/li>\n<li>Isude kontrollimist<\/li>\n<li>Rasvap\u00f5letust<\/li>\n<li>P\u00f5letiku v\u00e4hendamist ja immuunsuse tugevdamist<\/li>\n<li><strong>UPGRADERS\u00ae metoodika juhend<\/strong>\u00a0\u2013 terviklik eluviisijuhis, mis sisaldab detailseid toitumiskavasid, retsepte, intervallpaastumise juhiseid ja kiireid, kuid t\u00f5husaid igap\u00e4evaseid harjumusi, mis toetavad p\u00fcsivaid tulemusi.<\/li>\n<li>\u00a0<strong>pH-testribad<\/strong>\u00a0\u2013 j\u00e4lgi oma keha happelisuse ja aluselise tasakaalu teekonda parema tervise suunas.<\/li>\n<\/ul>\n<p><strong>Taasta oma ideaalkaal \u2013 21 p\u00e4evaga!<\/strong><\/p>\n<\/div><\/div><\/div><div class=\"fusion-layout-column fusion_builder_column fusion-builder-column-1 fusion_builder_column_1_3 1_3 fusion-flex-column\" style=\"--awb-bg-size:cover;--awb-width-large:33.3333333333%;--awb-margin-top-large:0px;--awb-spacing-right-large:5.76%;--awb-margin-bottom-large:20px;--awb-spacing-left-large:5.76%;--awb-width-medium:100%;--awb-order-medium:0;--awb-spacing-right-medium:1.92%;--awb-spacing-left-medium:1.92%;--awb-width-small:100%;--awb-order-small:0;--awb-spacing-right-small:1.92%;--awb-spacing-left-small:1.92%;\"><div class=\"fusion-column-wrapper fusion-column-has-shadow fusion-flex-justify-content-flex-start fusion-content-layout-column\"><div class=\"fusion-image-element \" style=\"--awb-caption-title-font-family:var(--h2_typography-font-family);--awb-caption-title-font-weight:var(--h2_typography-font-weight);--awb-caption-title-font-style:var(--h2_typography-font-style);--awb-caption-title-size:var(--h2_typography-font-size);--awb-caption-title-transform:var(--h2_typography-text-transform);--awb-caption-title-line-height:var(--h2_typography-line-height);--awb-caption-title-letter-spacing:var(--h2_typography-letter-spacing);\"><span class=\" fusion-imageframe imageframe-none imageframe-1 hover-type-none\"><img decoding=\"async\" width=\"2560\" height=\"2560\" title=\"21day set English (1)\" src=\"https:\/\/biospa.ee\/fl2025\/wp-content\/uploads\/2025\/07\/21day-set-English-1-scaled.jpg\" alt class=\"img-responsive wp-image-94061\" srcset=\"https:\/\/biospa.ee\/fl2025\/wp-content\/uploads\/2025\/07\/21day-set-English-1-200x200.jpg 200w, https:\/\/biospa.ee\/fl2025\/wp-content\/uploads\/2025\/07\/21day-set-English-1-400x400.jpg 400w, https:\/\/biospa.ee\/fl2025\/wp-content\/uploads\/2025\/07\/21day-set-English-1-600x600.jpg 600w, https:\/\/biospa.ee\/fl2025\/wp-content\/uploads\/2025\/07\/21day-set-English-1-800x800.jpg 800w, https:\/\/biospa.ee\/fl2025\/wp-content\/uploads\/2025\/07\/21day-set-English-1-1200x1200.jpg 1200w, https:\/\/biospa.ee\/fl2025\/wp-content\/uploads\/2025\/07\/21day-set-English-1-scaled.jpg 2560w\" sizes=\"(max-width: 1024px) 100vw, (max-width: 640px) 100vw, 600px\" \/><\/span><\/div><\/div><\/div><\/div><\/div><div class=\"fusion-fullwidth fullwidth-box fusion-builder-row-2 fusion-flex-container nonhundred-percent-fullwidth non-hundred-percent-height-scrolling\" style=\"--awb-border-radius-top-left:0px;--awb-border-radius-top-right:0px;--awb-border-radius-bottom-right:0px;--awb-border-radius-bottom-left:0px;--awb-flex-wrap:wrap;\" ><div class=\"fusion-builder-row fusion-row fusion-flex-align-items-flex-start fusion-flex-content-wrap\" style=\"max-width:1560px;margin-left: calc(-4% \/ 2 );margin-right: calc(-4% \/ 2 );\"><div class=\"fusion-layout-column fusion_builder_column fusion-builder-column-2 fusion_builder_column_1_1 1_1 fusion-flex-column\" style=\"--awb-bg-size:cover;--awb-width-large:100%;--awb-margin-top-large:0px;--awb-spacing-right-large:1.92%;--awb-margin-bottom-large:0px;--awb-spacing-left-large:1.92%;--awb-width-medium:100%;--awb-spacing-right-medium:1.92%;--awb-spacing-left-medium:1.92%;--awb-width-small:100%;--awb-spacing-right-small:1.92%;--awb-spacing-left-small:1.92%;\"><div class=\"fusion-column-wrapper fusion-flex-justify-content-flex-start fusion-content-layout-column\"><div class=\"fusion-text fusion-text-2\"><p data-start=\"2318\" data-end=\"2558\"><strong data-start=\"588\" data-end=\"618\">\ud83d\udc49 <a class=\"\" href=\"https:\/\/biospa.ee\/fl2025\/toode\/21-paevane-kodune-tervise-ja-ilu-detokspakett\/\" target=\"_blank\" rel=\"noopener\" data-start=\"593\" data-end=\"616\">OSTA PROGRAMM SIIT<\/a><\/strong><br data-start=\"618\" data-end=\"621\" \/><em data-start=\"623\" data-end=\"666\">(Alusta oma tervise uuendamist juba t\u00e4na)<\/em><\/p>\n<\/div><\/div><\/div><\/div><\/div><div class=\"fusion-fullwidth fullwidth-box fusion-builder-row-3 fusion-flex-container has-pattern-background has-mask-background nonhundred-percent-fullwidth non-hundred-percent-height-scrolling\" style=\"--awb-border-radius-top-left:0px;--awb-border-radius-top-right:0px;--awb-border-radius-bottom-right:0px;--awb-border-radius-bottom-left:0px;--awb-flex-wrap:wrap;\" ><div class=\"fusion-builder-row fusion-row fusion-flex-align-items-flex-start fusion-flex-content-wrap\" style=\"max-width:1560px;margin-left: calc(-4% \/ 2 );margin-right: calc(-4% \/ 2 );\"><div class=\"fusion-layout-column fusion_builder_column fusion-builder-column-3 fusion_builder_column_1_2 1_2 fusion-flex-column\" style=\"--awb-bg-size:cover;--awb-width-large:50%;--awb-margin-top-large:0px;--awb-spacing-right-large:3.84%;--awb-margin-bottom-large:20px;--awb-spacing-left-large:3.84%;--awb-width-medium:100%;--awb-order-medium:0;--awb-spacing-right-medium:1.92%;--awb-spacing-left-medium:1.92%;--awb-width-small:100%;--awb-order-small:0;--awb-spacing-right-small:1.92%;--awb-spacing-left-small:1.92%;\"><div class=\"fusion-column-wrapper fusion-column-has-shadow fusion-flex-justify-content-flex-start fusion-content-layout-column\"><div class=\"fusion-image-element \" style=\"text-align:center;--awb-caption-title-font-family:var(--h2_typography-font-family);--awb-caption-title-font-weight:var(--h2_typography-font-weight);--awb-caption-title-font-style:var(--h2_typography-font-style);--awb-caption-title-size:var(--h2_typography-font-size);--awb-caption-title-transform:var(--h2_typography-text-transform);--awb-caption-title-line-height:var(--h2_typography-line-height);--awb-caption-title-letter-spacing:var(--h2_typography-letter-spacing);\"><span class=\" fusion-imageframe imageframe-none imageframe-2 hover-type-none\"><img decoding=\"async\" width=\"643\" height=\"1016\" title=\"100-aastase-k\u00f5ht\" src=\"https:\/\/biospa.ee\/fl2025\/wp-content\/uploads\/2026\/01\/100-aastase-koht.jpg\" alt class=\"img-responsive wp-image-95308\" srcset=\"https:\/\/biospa.ee\/fl2025\/wp-content\/uploads\/2026\/01\/100-aastase-koht-200x316.jpg 200w, https:\/\/biospa.ee\/fl2025\/wp-content\/uploads\/2026\/01\/100-aastase-koht-400x632.jpg 400w, https:\/\/biospa.ee\/fl2025\/wp-content\/uploads\/2026\/01\/100-aastase-koht-600x948.jpg 600w, https:\/\/biospa.ee\/fl2025\/wp-content\/uploads\/2026\/01\/100-aastase-koht.jpg 643w\" sizes=\"(max-width: 1024px) 100vw, (max-width: 640px) 100vw, 643px\" \/><\/span><\/div><\/div><\/div><div class=\"fusion-layout-column fusion_builder_column fusion-builder-column-4 fusion_builder_column_1_2 1_2 fusion-flex-column\" style=\"--awb-bg-size:cover;--awb-width-large:50%;--awb-margin-top-large:0px;--awb-spacing-right-large:3.84%;--awb-margin-bottom-large:20px;--awb-spacing-left-large:3.84%;--awb-width-medium:100%;--awb-order-medium:0;--awb-spacing-right-medium:1.92%;--awb-spacing-left-medium:1.92%;--awb-width-small:100%;--awb-order-small:0;--awb-spacing-right-small:1.92%;--awb-spacing-left-small:1.92%;\"><div class=\"fusion-column-wrapper fusion-column-has-shadow fusion-flex-justify-content-flex-start fusion-content-layout-column\"><div class=\"fusion-text fusion-text-3\"><p><strong>Upgraders\u00ae on ametlik programm raamatus \u201c100-aastaste K\u00f5ht\u201d (SPIEGELi bestseller Saksamaal).<\/strong><\/p>\n<\/div><\/div><\/div><\/div><\/div><\/p>\n","protected":false},"excerpt":{"rendered":"","protected":false},"author":1,"featured_media":94061,"parent":0,"menu_order":0,"comment_status":"closed","ping_status":"closed","template":"","meta":{"footnotes":""},"class_list":["post-93792","page","type-page","status-publish","has-post-thumbnail","hentry"],"yoast_head":"<!-- This site is optimized with the Yoast SEO plugin v27.0 - https:\/\/yoast.com\/product\/yoast-seo-wordpress\/ -->\n<title>UUS! Upgraders\u00ae 21-p\u00e4eva kaalulangetuse programm - Loodus BioSpa<\/title>\n<meta name=\"robots\" content=\"noindex, follow, max-snippet:-1, max-image-preview:large, max-video-preview:-1\" \/>\n<meta property=\"og:locale\" content=\"et_EE\" \/>\n<meta property=\"og:type\" content=\"article\" \/>\n<meta property=\"og:title\" content=\"UUS! Upgraders\u00ae 21-p\u00e4eva kaalulangetuse programm - Loodus BioSpa\" \/>\n<meta property=\"og:url\" content=\"https:\/\/biospa.ee\/fl2025\/upgraders\/\" \/>\n<meta property=\"og:site_name\" content=\"Loodus BioSpa\" \/>\n<meta property=\"article:publisher\" content=\"https:\/\/www.facebook.com\/LoodusBioSpa\/\" \/>\n<meta property=\"article:modified_time\" content=\"2026-03-04T19:41:42+00:00\" \/>\n<meta property=\"og:image\" content=\"https:\/\/biospa.ee\/fl2025\/wp-content\/uploads\/2025\/07\/21day-set-English-1-scaled.jpg\" \/>\n\t<meta property=\"og:image:width\" content=\"2560\" \/>\n\t<meta property=\"og:image:height\" content=\"2560\" \/>\n\t<meta property=\"og:image:type\" content=\"image\/jpeg\" \/>\n<meta name=\"twitter:card\" content=\"summary_large_image\" \/>\n<meta name=\"twitter:label1\" content=\"Est. reading time\" \/>\n\t<meta name=\"twitter:data1\" content=\"2 minutit\" \/>\n<script type=\"application\/ld+json\" class=\"yoast-schema-graph\">{\"@context\":\"https:\/\/schema.org\",\"@graph\":[{\"@type\":\"WebPage\",\"@id\":\"https:\/\/biospa.ee\/fl2025\/upgraders\/\",\"url\":\"https:\/\/biospa.ee\/fl2025\/upgraders\/\",\"name\":\"UUS! Upgraders\u00ae 21-p\u00e4eva kaalulangetuse programm - Loodus BioSpa\",\"isPartOf\":{\"@id\":\"https:\/\/biospa.ee\/fl2025\/#website\"},\"primaryImageOfPage\":{\"@id\":\"https:\/\/biospa.ee\/fl2025\/upgraders\/#primaryimage\"},\"image\":{\"@id\":\"https:\/\/biospa.ee\/fl2025\/upgraders\/#primaryimage\"},\"thumbnailUrl\":\"https:\/\/biospa.ee\/fl2025\/wp-content\/uploads\/2025\/07\/21day-set-English-1-scaled.jpg\",\"datePublished\":\"2025-06-13T11:17:54+00:00\",\"dateModified\":\"2026-03-04T19:41:42+00:00\",\"breadcrumb\":{\"@id\":\"https:\/\/biospa.ee\/fl2025\/upgraders\/#breadcrumb\"},\"inLanguage\":\"et\",\"potentialAction\":[{\"@type\":\"ReadAction\",\"target\":[\"https:\/\/biospa.ee\/fl2025\/upgraders\/\"]}]},{\"@type\":\"ImageObject\",\"inLanguage\":\"et\",\"@id\":\"https:\/\/biospa.ee\/fl2025\/upgraders\/#primaryimage\",\"url\":\"https:\/\/biospa.ee\/fl2025\/wp-content\/uploads\/2025\/07\/21day-set-English-1-scaled.jpg\",\"contentUrl\":\"https:\/\/biospa.ee\/fl2025\/wp-content\/uploads\/2025\/07\/21day-set-English-1-scaled.jpg\",\"width\":2560,\"height\":2560},{\"@type\":\"BreadcrumbList\",\"@id\":\"https:\/\/biospa.ee\/fl2025\/upgraders\/#breadcrumb\",\"itemListElement\":[{\"@type\":\"ListItem\",\"position\":1,\"name\":\"Home\",\"item\":\"https:\/\/biospa.ee\/fl2025\/\"},{\"@type\":\"ListItem\",\"position\":2,\"name\":\"UUS! Upgraders\u00ae 21-p\u00e4eva kaalulangetuse programm\"}]},{\"@type\":\"WebSite\",\"@id\":\"https:\/\/biospa.ee\/fl2025\/#website\",\"url\":\"https:\/\/biospa.ee\/fl2025\/\",\"name\":\"Loodus BioSpa\",\"description\":\"Loodus BioSpa\",\"publisher\":{\"@id\":\"https:\/\/biospa.ee\/fl2025\/#organization\"},\"potentialAction\":[{\"@type\":\"SearchAction\",\"target\":{\"@type\":\"EntryPoint\",\"urlTemplate\":\"https:\/\/biospa.ee\/fl2025\/?s={search_term_string}\"},\"query-input\":{\"@type\":\"PropertyValueSpecification\",\"valueRequired\":true,\"valueName\":\"search_term_string\"}}],\"inLanguage\":\"et\"},{\"@type\":\"Organization\",\"@id\":\"https:\/\/biospa.ee\/fl2025\/#organization\",\"name\":\"Tesmasan O\u00dc\",\"url\":\"https:\/\/biospa.ee\/fl2025\/\",\"logo\":{\"@type\":\"ImageObject\",\"inLanguage\":\"et\",\"@id\":\"https:\/\/biospa.ee\/fl2025\/#\/schema\/logo\/image\/\",\"url\":\"https:\/\/biospa.ee\/fl2025\/wp-content\/uploads\/2025\/11\/BioSpa-loggo-est.png\",\"contentUrl\":\"https:\/\/biospa.ee\/fl2025\/wp-content\/uploads\/2025\/11\/BioSpa-loggo-est.png\",\"width\":842,\"height\":595,\"caption\":\"Tesmasan O\u00dc\"},\"image\":{\"@id\":\"https:\/\/biospa.ee\/fl2025\/#\/schema\/logo\/image\/\"},\"sameAs\":[\"https:\/\/www.facebook.com\/LoodusBioSpa\/\",\"https:\/\/www.instagram.com\/loodusbiospa\/\"]}]}<\/script>\n<!-- \/ Yoast SEO plugin. -->","yoast_head_json":{"title":"UUS! Upgraders\u00ae 21-p\u00e4eva kaalulangetuse programm - Loodus BioSpa","robots":{"index":"noindex","follow":"follow","max-snippet":"max-snippet:-1","max-image-preview":"max-image-preview:large","max-video-preview":"max-video-preview:-1"},"og_locale":"et_EE","og_type":"article","og_title":"UUS! Upgraders\u00ae 21-p\u00e4eva kaalulangetuse programm - Loodus BioSpa","og_url":"https:\/\/biospa.ee\/fl2025\/upgraders\/","og_site_name":"Loodus BioSpa","article_publisher":"https:\/\/www.facebook.com\/LoodusBioSpa\/","article_modified_time":"2026-03-04T19:41:42+00:00","og_image":[{"width":2560,"height":2560,"url":"https:\/\/biospa.ee\/fl2025\/wp-content\/uploads\/2025\/07\/21day-set-English-1-scaled.jpg","type":"image\/jpeg"}],"twitter_card":"summary_large_image","twitter_misc":{"Est. reading time":"2 minutit"},"schema":{"@context":"https:\/\/schema.org","@graph":[{"@type":"WebPage","@id":"https:\/\/biospa.ee\/fl2025\/upgraders\/","url":"https:\/\/biospa.ee\/fl2025\/upgraders\/","name":"UUS! Upgraders\u00ae 21-p\u00e4eva kaalulangetuse programm - Loodus BioSpa","isPartOf":{"@id":"https:\/\/biospa.ee\/fl2025\/#website"},"primaryImageOfPage":{"@id":"https:\/\/biospa.ee\/fl2025\/upgraders\/#primaryimage"},"image":{"@id":"https:\/\/biospa.ee\/fl2025\/upgraders\/#primaryimage"},"thumbnailUrl":"https:\/\/biospa.ee\/fl2025\/wp-content\/uploads\/2025\/07\/21day-set-English-1-scaled.jpg","datePublished":"2025-06-13T11:17:54+00:00","dateModified":"2026-03-04T19:41:42+00:00","breadcrumb":{"@id":"https:\/\/biospa.ee\/fl2025\/upgraders\/#breadcrumb"},"inLanguage":"et","potentialAction":[{"@type":"ReadAction","target":["https:\/\/biospa.ee\/fl2025\/upgraders\/"]}]},{"@type":"ImageObject","inLanguage":"et","@id":"https:\/\/biospa.ee\/fl2025\/upgraders\/#primaryimage","url":"https:\/\/biospa.ee\/fl2025\/wp-content\/uploads\/2025\/07\/21day-set-English-1-scaled.jpg","contentUrl":"https:\/\/biospa.ee\/fl2025\/wp-content\/uploads\/2025\/07\/21day-set-English-1-scaled.jpg","width":2560,"height":2560},{"@type":"BreadcrumbList","@id":"https:\/\/biospa.ee\/fl2025\/upgraders\/#breadcrumb","itemListElement":[{"@type":"ListItem","position":1,"name":"Home","item":"https:\/\/biospa.ee\/fl2025\/"},{"@type":"ListItem","position":2,"name":"UUS! Upgraders\u00ae 21-p\u00e4eva kaalulangetuse programm"}]},{"@type":"WebSite","@id":"https:\/\/biospa.ee\/fl2025\/#website","url":"https:\/\/biospa.ee\/fl2025\/","name":"Loodus BioSpa","description":"Loodus BioSpa","publisher":{"@id":"https:\/\/biospa.ee\/fl2025\/#organization"},"potentialAction":[{"@type":"SearchAction","target":{"@type":"EntryPoint","urlTemplate":"https:\/\/biospa.ee\/fl2025\/?s={search_term_string}"},"query-input":{"@type":"PropertyValueSpecification","valueRequired":true,"valueName":"search_term_string"}}],"inLanguage":"et"},{"@type":"Organization","@id":"https:\/\/biospa.ee\/fl2025\/#organization","name":"Tesmasan O\u00dc","url":"https:\/\/biospa.ee\/fl2025\/","logo":{"@type":"ImageObject","inLanguage":"et","@id":"https:\/\/biospa.ee\/fl2025\/#\/schema\/logo\/image\/","url":"https:\/\/biospa.ee\/fl2025\/wp-content\/uploads\/2025\/11\/BioSpa-loggo-est.png","contentUrl":"https:\/\/biospa.ee\/fl2025\/wp-content\/uploads\/2025\/11\/BioSpa-loggo-est.png","width":842,"height":595,"caption":"Tesmasan O\u00dc"},"image":{"@id":"https:\/\/biospa.ee\/fl2025\/#\/schema\/logo\/image\/"},"sameAs":["https:\/\/www.facebook.com\/LoodusBioSpa\/","https:\/\/www.instagram.com\/loodusbiospa\/"]}]}},"_links":{"self":[{"href":"https:\/\/biospa.ee\/fl2025\/wp-json\/wp\/v2\/pages\/93792","targetHints":{"allow":["GET"]}}],"collection":[{"href":"https:\/\/biospa.ee\/fl2025\/wp-json\/wp\/v2\/pages"}],"about":[{"href":"https:\/\/biospa.ee\/fl2025\/wp-json\/wp\/v2\/types\/page"}],"author":[{"embeddable":true,"href":"https:\/\/biospa.ee\/fl2025\/wp-json\/wp\/v2\/users\/1"}],"replies":[{"embeddable":true,"href":"https:\/\/biospa.ee\/fl2025\/wp-json\/wp\/v2\/comments?post=93792"}],"version-history":[{"count":1,"href":"https:\/\/biospa.ee\/fl2025\/wp-json\/wp\/v2\/pages\/93792\/revisions"}],"predecessor-version":[{"id":97110,"href":"https:\/\/biospa.ee\/fl2025\/wp-json\/wp\/v2\/pages\/93792\/revisions\/97110"}],"wp:featuredmedia":[{"embeddable":true,"href":"https:\/\/biospa.ee\/fl2025\/wp-json\/wp\/v2\/media\/94061"}],"wp:attachment":[{"href":"https:\/\/biospa.ee\/fl2025\/wp-json\/wp\/v2\/media?parent=93792"}],"curies":[{"name":"wp","href":"https:\/\/api.w.org\/{rel}","templated":true}]}}