{"id":94671,"date":"2025-11-26T13:57:38","date_gmt":"2025-11-26T11:57:38","guid":{"rendered":"https:\/\/biospa.ee\/fl2025\/?page_id=94671"},"modified":"2025-12-03T13:52:03","modified_gmt":"2025-12-03T11:52:03","slug":"kahene-standard-tuba","status":"publish","type":"page","link":"https:\/\/biospa.ee\/fl2025\/toad\/kahene-standard-tuba\/","title":{"rendered":"Kahene standard tuba"},"content":{"rendered":"<p><div class=\"fusion-fullwidth fullwidth-box fusion-builder-row-1 fusion-flex-container has-pattern-background has-mask-background nonhundred-percent-fullwidth non-hundred-percent-height-scrolling\" style=\"--awb-border-radius-top-left:0px;--awb-border-radius-top-right:0px;--awb-border-radius-bottom-right:0px;--awb-border-radius-bottom-left:0px;--awb-flex-wrap:wrap;\" ><div class=\"fusion-builder-row fusion-row fusion-flex-align-items-flex-start fusion-flex-content-wrap\" style=\"max-width:1560px;margin-left: calc(-4% \/ 2 );margin-right: calc(-4% \/ 2 );\"><div class=\"fusion-layout-column fusion_builder_column fusion-builder-column-0 fusion_builder_column_1_1 1_1 fusion-flex-column\" style=\"--awb-bg-size:cover;--awb-width-large:100%;--awb-margin-top-large:0px;--awb-spacing-right-large:1.92%;--awb-margin-bottom-large:20px;--awb-spacing-left-large:1.92%;--awb-width-medium:100%;--awb-order-medium:0;--awb-spacing-right-medium:1.92%;--awb-spacing-left-medium:1.92%;--awb-width-small:100%;--awb-order-small:0;--awb-spacing-right-small:1.92%;--awb-spacing-left-small:1.92%;\"><div class=\"fusion-column-wrapper fusion-column-has-shadow fusion-flex-justify-content-flex-start fusion-content-layout-column\"><div class=\"fusion-text fusion-text-1\"><h3><b>2-kohaline STANDARD<\/b><\/h3>\n<p><span style=\"font-weight: 400;\">Mugav ja rahulik kahe inimese tuba, kus on k\u00f5ik vajalik l\u00f5\u00f5gastumiseks ja taastumiseks.<\/span><span style=\"font-weight: 400;\"><br \/>\n<\/span><span style=\"font-weight: 400;\">Tubades on<\/span><b>:<\/b><\/p>\n<ul>\n<li style=\"font-weight: 400;\" aria-level=\"1\"><span style=\"font-weight: 400;\">Hommikumantel<\/span><span style=\"font-weight: 400;\"><br \/>\n<\/span><\/li>\n<li style=\"font-weight: 400;\" aria-level=\"1\"><span style=\"font-weight: 400;\">K\u00e4ter\u00e4tikud, saunalinad ja massaa\u017eilinad<\/span><span style=\"font-weight: 400;\"><br \/>\n<\/span><\/li>\n<li style=\"font-weight: 400;\" aria-level=\"1\"><span style=\"font-weight: 400;\">F\u00f6\u00f6n<\/span><span style=\"font-weight: 400;\"><br \/>\n<\/span><\/li>\n<li style=\"font-weight: 400;\" aria-level=\"1\"><span style=\"font-weight: 400;\">Igap\u00e4evane koristus<\/span><span style=\"font-weight: 400;\"><br \/>\n<\/span><\/li>\n<li style=\"font-weight: 400;\" aria-level=\"1\"><span style=\"font-weight: 400;\">Du\u0161iseep (2-in-1)<\/span><span style=\"font-weight: 400;\"><br \/>\n<\/span><\/li>\n<li style=\"font-weight: 400;\" aria-level=\"1\"><span style=\"font-weight: 400;\">Televiisor ja kaabel-TV<\/span><span style=\"font-weight: 400;\"><br \/>\n<\/span><\/li>\n<li style=\"font-weight: 400;\" aria-level=\"1\"><span style=\"font-weight: 400;\">Konditsioneer (valitud tubades)<\/span><\/li>\n<\/ul>\n<\/div><\/div><\/div><\/div><\/div><div class=\"fusion-fullwidth fullwidth-box fusion-builder-row-2 fusion-flex-container has-pattern-background has-mask-background nonhundred-percent-fullwidth non-hundred-percent-height-scrolling\" style=\"--awb-border-radius-top-left:0px;--awb-border-radius-top-right:0px;--awb-border-radius-bottom-right:0px;--awb-border-radius-bottom-left:0px;--awb-flex-wrap:wrap;\" ><div class=\"fusion-builder-row fusion-row fusion-flex-align-items-flex-start fusion-flex-content-wrap\" style=\"max-width:1560px;margin-left: calc(-4% \/ 2 );margin-right: calc(-4% \/ 2 );\"><div class=\"fusion-layout-column fusion_builder_column fusion-builder-column-1 fusion_builder_column_1_1 1_1 fusion-flex-column\" style=\"--awb-bg-size:cover;--awb-width-large:100%;--awb-margin-top-large:0px;--awb-spacing-right-large:1.92%;--awb-margin-bottom-large:20px;--awb-spacing-left-large:1.92%;--awb-width-medium:100%;--awb-order-medium:0;--awb-spacing-right-medium:1.92%;--awb-spacing-left-medium:1.92%;--awb-width-small:100%;--awb-order-small:0;--awb-spacing-right-small:1.92%;--awb-spacing-left-small:1.92%;\"><div class=\"fusion-column-wrapper fusion-column-has-shadow fusion-flex-justify-content-flex-start fusion-content-layout-column\"><div class=\"awb-gallery-wrapper awb-gallery-wrapper-1 button-span-no\" style=\"--more-btn-alignment:center;\"><div style=\"margin:-5px;--awb-bordersize:0px;\" class=\"fusion-gallery fusion-gallery-container fusion-grid-3 fusion-columns-total-9 fusion-gallery-layout-masonry fusion-gallery-1\"><div class=\"fusion-grid-column fusion-gallery-column fusion-gallery-column-3 hover-type-none fusion-grid-sizer\"><\/div><div style=\"padding:5px;\" class=\"fusion-grid-column fusion-gallery-column fusion-gallery-column-3 hover-type-none fusion-element-grid\"><div class=\"fusion-gallery-image\"><a href=\"https:\/\/biospa.ee\/fl2025\/wp-content\/uploads\/2025\/11\/Kahene-standard-tuba-2.jpg\" rel=\"noreferrer\" data-rel=\"iLightbox[gallery_image_1]\" class=\"fusion-lightbox\" target=\"_self\"><div style=\"background-image:url(https:\/\/biospa.ee\/fl2025\/wp-content\/uploads\/2025\/11\/Kahene-standard-tuba-2.jpg);padding-top:calc((100% + 10px) * 0.8 - 5px);background-position:;\" class=\"fusion-masonry-element-container\"><img decoding=\"async\" src=\"https:\/\/biospa.ee\/fl2025\/wp-content\/uploads\/2025\/11\/Kahene-standard-tuba-2.jpg\" width=\"1500\" height=\"2000\" alt=\"\" title=\"Kahene-standard-tuba-2\" aria-label=\"Kahene-standard-tuba-2\" class=\"img-responsive wp-image-94692\" srcset=\"https:\/\/biospa.ee\/fl2025\/wp-content\/uploads\/2025\/11\/Kahene-standard-tuba-2-200x267.jpg 200w, https:\/\/biospa.ee\/fl2025\/wp-content\/uploads\/2025\/11\/Kahene-standard-tuba-2-400x533.jpg 400w, https:\/\/biospa.ee\/fl2025\/wp-content\/uploads\/2025\/11\/Kahene-standard-tuba-2-600x800.jpg 600w, https:\/\/biospa.ee\/fl2025\/wp-content\/uploads\/2025\/11\/Kahene-standard-tuba-2-800x1067.jpg 800w, https:\/\/biospa.ee\/fl2025\/wp-content\/uploads\/2025\/11\/Kahene-standard-tuba-2-1200x1600.jpg 1200w, https:\/\/biospa.ee\/fl2025\/wp-content\/uploads\/2025\/11\/Kahene-standard-tuba-2.jpg 1500w\" sizes=\"(min-width: 2200px) 100vw, (min-width: 784px) 497px, (min-width: 712px) 784px, (min-width: 640px) 712px, \" \/><\/div><\/a><\/div><\/div><div style=\"padding:5px;\" class=\"fusion-grid-column fusion-gallery-column fusion-gallery-column-3 hover-type-none fusion-element-portrait\"><div class=\"fusion-gallery-image\"><a href=\"https:\/\/biospa.ee\/fl2025\/wp-content\/uploads\/2025\/11\/Kahene-standard-tuba-3.jpg\" rel=\"noreferrer\" data-rel=\"iLightbox[gallery_image_1]\" class=\"fusion-lightbox\" target=\"_self\"><div style=\"background-image:url(https:\/\/biospa.ee\/fl2025\/wp-content\/uploads\/2025\/11\/Kahene-standard-tuba-3.jpg);padding-top:calc((100% + 10px) * 1.6);background-position:;\" class=\"fusion-masonry-element-container\"><img decoding=\"async\" src=\"https:\/\/biospa.ee\/fl2025\/wp-content\/uploads\/2025\/11\/Kahene-standard-tuba-3.jpg\" width=\"1011\" height=\"1517\" alt=\"\" title=\"Kahene-standard-tuba-3\" aria-label=\"Kahene-standard-tuba-3\" class=\"img-responsive wp-image-94693\" srcset=\"https:\/\/biospa.ee\/fl2025\/wp-content\/uploads\/2025\/11\/Kahene-standard-tuba-3-200x300.jpg 200w, https:\/\/biospa.ee\/fl2025\/wp-content\/uploads\/2025\/11\/Kahene-standard-tuba-3-400x600.jpg 400w, https:\/\/biospa.ee\/fl2025\/wp-content\/uploads\/2025\/11\/Kahene-standard-tuba-3-600x900.jpg 600w, https:\/\/biospa.ee\/fl2025\/wp-content\/uploads\/2025\/11\/Kahene-standard-tuba-3-800x1200.jpg 800w, https:\/\/biospa.ee\/fl2025\/wp-content\/uploads\/2025\/11\/Kahene-standard-tuba-3.jpg 1011w\" sizes=\"(min-width: 2200px) 100vw, (min-width: 784px) 497px, (min-width: 712px) 784px, (min-width: 640px) 712px, \" \/><\/div><\/a><\/div><\/div><div style=\"padding:5px;\" class=\"fusion-grid-column fusion-gallery-column fusion-gallery-column-3 hover-type-none fusion-element-landscape\"><div class=\"fusion-gallery-image\"><a href=\"https:\/\/biospa.ee\/fl2025\/wp-content\/uploads\/2025\/11\/Kahene-standard-tuba-4.jpg\" rel=\"noreferrer\" data-rel=\"iLightbox[gallery_image_1]\" class=\"fusion-lightbox\" target=\"_self\"><div style=\"background-image:url(https:\/\/biospa.ee\/fl2025\/wp-content\/uploads\/2025\/11\/Kahene-standard-tuba-4.jpg);padding-top:calc((100% + 10px) * 0.4 - 5px);background-position:;\" class=\"fusion-masonry-element-container\"><img decoding=\"async\" src=\"https:\/\/biospa.ee\/fl2025\/wp-content\/uploads\/2025\/11\/Kahene-standard-tuba-4.jpg\" width=\"1500\" height=\"931\" alt=\"\" title=\"Kahene-standard-tuba-4\" aria-label=\"Kahene-standard-tuba-4\" class=\"img-responsive wp-image-94694\" srcset=\"https:\/\/biospa.ee\/fl2025\/wp-content\/uploads\/2025\/11\/Kahene-standard-tuba-4-200x124.jpg 200w, https:\/\/biospa.ee\/fl2025\/wp-content\/uploads\/2025\/11\/Kahene-standard-tuba-4-400x248.jpg 400w, https:\/\/biospa.ee\/fl2025\/wp-content\/uploads\/2025\/11\/Kahene-standard-tuba-4-600x372.jpg 600w, https:\/\/biospa.ee\/fl2025\/wp-content\/uploads\/2025\/11\/Kahene-standard-tuba-4-800x497.jpg 800w, https:\/\/biospa.ee\/fl2025\/wp-content\/uploads\/2025\/11\/Kahene-standard-tuba-4-1200x745.jpg 1200w, https:\/\/biospa.ee\/fl2025\/wp-content\/uploads\/2025\/11\/Kahene-standard-tuba-4.jpg 1500w\" sizes=\"(min-width: 2200px) 100vw, (min-width: 640px) 1500px, \" \/><\/div><\/a><\/div><\/div><div style=\"padding:5px;\" class=\"fusion-grid-column fusion-gallery-column fusion-gallery-column-3 hover-type-none fusion-element-landscape\"><div class=\"fusion-gallery-image\"><a href=\"https:\/\/biospa.ee\/fl2025\/wp-content\/uploads\/2025\/11\/Kahene-standard-tuba-5.jpg\" rel=\"noreferrer\" data-rel=\"iLightbox[gallery_image_1]\" class=\"fusion-lightbox\" target=\"_self\"><div style=\"background-image:url(https:\/\/biospa.ee\/fl2025\/wp-content\/uploads\/2025\/11\/Kahene-standard-tuba-5.jpg);padding-top:calc((100% + 10px) * 0.4 - 5px);background-position:;\" class=\"fusion-masonry-element-container\"><img decoding=\"async\" src=\"https:\/\/biospa.ee\/fl2025\/wp-content\/uploads\/2025\/11\/Kahene-standard-tuba-5.jpg\" width=\"1500\" height=\"921\" alt=\"\" title=\"Kahene-standard-tuba-5\" aria-label=\"Kahene-standard-tuba-5\" class=\"img-responsive wp-image-94695\" srcset=\"https:\/\/biospa.ee\/fl2025\/wp-content\/uploads\/2025\/11\/Kahene-standard-tuba-5-200x123.jpg 200w, https:\/\/biospa.ee\/fl2025\/wp-content\/uploads\/2025\/11\/Kahene-standard-tuba-5-400x246.jpg 400w, https:\/\/biospa.ee\/fl2025\/wp-content\/uploads\/2025\/11\/Kahene-standard-tuba-5-600x368.jpg 600w, https:\/\/biospa.ee\/fl2025\/wp-content\/uploads\/2025\/11\/Kahene-standard-tuba-5-800x491.jpg 800w, https:\/\/biospa.ee\/fl2025\/wp-content\/uploads\/2025\/11\/Kahene-standard-tuba-5-1200x737.jpg 1200w, https:\/\/biospa.ee\/fl2025\/wp-content\/uploads\/2025\/11\/Kahene-standard-tuba-5.jpg 1500w\" sizes=\"(min-width: 2200px) 100vw, (min-width: 640px) 1500px, \" \/><\/div><\/a><\/div><\/div><div style=\"padding:5px;\" class=\"fusion-grid-column fusion-gallery-column fusion-gallery-column-3 hover-type-none fusion-element-landscape\"><div class=\"fusion-gallery-image\"><a href=\"https:\/\/biospa.ee\/fl2025\/wp-content\/uploads\/2025\/11\/Kahene-standard-tuba-6.jpg\" rel=\"noreferrer\" data-rel=\"iLightbox[gallery_image_1]\" class=\"fusion-lightbox\" target=\"_self\"><div style=\"background-image:url(https:\/\/biospa.ee\/fl2025\/wp-content\/uploads\/2025\/11\/Kahene-standard-tuba-6.jpg);padding-top:calc((100% + 10px) * 0.4 - 5px);background-position:;\" class=\"fusion-masonry-element-container\"><img decoding=\"async\" src=\"https:\/\/biospa.ee\/fl2025\/wp-content\/uploads\/2025\/11\/Kahene-standard-tuba-6.jpg\" width=\"1500\" height=\"860\" alt=\"\" title=\"Kahene-standard-tuba-6\" aria-label=\"Kahene-standard-tuba-6\" class=\"img-responsive wp-image-94696\" srcset=\"https:\/\/biospa.ee\/fl2025\/wp-content\/uploads\/2025\/11\/Kahene-standard-tuba-6-200x115.jpg 200w, https:\/\/biospa.ee\/fl2025\/wp-content\/uploads\/2025\/11\/Kahene-standard-tuba-6-400x229.jpg 400w, https:\/\/biospa.ee\/fl2025\/wp-content\/uploads\/2025\/11\/Kahene-standard-tuba-6-600x344.jpg 600w, https:\/\/biospa.ee\/fl2025\/wp-content\/uploads\/2025\/11\/Kahene-standard-tuba-6-800x459.jpg 800w, https:\/\/biospa.ee\/fl2025\/wp-content\/uploads\/2025\/11\/Kahene-standard-tuba-6-1200x688.jpg 1200w, https:\/\/biospa.ee\/fl2025\/wp-content\/uploads\/2025\/11\/Kahene-standard-tuba-6.jpg 1500w\" sizes=\"(min-width: 2200px) 100vw, (min-width: 640px) 1500px, \" \/><\/div><\/a><\/div><\/div><div style=\"padding:5px;\" class=\"fusion-grid-column fusion-gallery-column fusion-gallery-column-3 hover-type-none fusion-element-grid\"><div class=\"fusion-gallery-image\"><a href=\"https:\/\/biospa.ee\/fl2025\/wp-content\/uploads\/2025\/11\/Kahene-standard-tuba-7.jpg\" rel=\"noreferrer\" data-rel=\"iLightbox[gallery_image_1]\" class=\"fusion-lightbox\" target=\"_self\"><div style=\"background-image:url(https:\/\/biospa.ee\/fl2025\/wp-content\/uploads\/2025\/11\/Kahene-standard-tuba-7.jpg);padding-top:calc((100% + 10px) * 0.8 - 5px);background-position:;\" class=\"fusion-masonry-element-container\"><img decoding=\"async\" src=\"https:\/\/biospa.ee\/fl2025\/wp-content\/uploads\/2025\/11\/Kahene-standard-tuba-7.jpg\" width=\"1500\" height=\"2000\" alt=\"\" title=\"Kahene-standard-tuba-7\" aria-label=\"Kahene-standard-tuba-7\" class=\"img-responsive wp-image-94697\" srcset=\"https:\/\/biospa.ee\/fl2025\/wp-content\/uploads\/2025\/11\/Kahene-standard-tuba-7-200x267.jpg 200w, https:\/\/biospa.ee\/fl2025\/wp-content\/uploads\/2025\/11\/Kahene-standard-tuba-7-400x533.jpg 400w, https:\/\/biospa.ee\/fl2025\/wp-content\/uploads\/2025\/11\/Kahene-standard-tuba-7-600x800.jpg 600w, https:\/\/biospa.ee\/fl2025\/wp-content\/uploads\/2025\/11\/Kahene-standard-tuba-7-800x1067.jpg 800w, https:\/\/biospa.ee\/fl2025\/wp-content\/uploads\/2025\/11\/Kahene-standard-tuba-7-1200x1600.jpg 1200w, https:\/\/biospa.ee\/fl2025\/wp-content\/uploads\/2025\/11\/Kahene-standard-tuba-7.jpg 1500w\" sizes=\"(min-width: 2200px) 100vw, (min-width: 784px) 497px, (min-width: 712px) 784px, (min-width: 640px) 712px, \" \/><\/div><\/a><\/div><\/div><div style=\"padding:5px;\" class=\"fusion-grid-column fusion-gallery-column fusion-gallery-column-3 hover-type-none fusion-element-grid\"><div class=\"fusion-gallery-image\"><a href=\"https:\/\/biospa.ee\/fl2025\/wp-content\/uploads\/2025\/11\/Kahene-standard-tuba-8.jpg\" rel=\"noreferrer\" data-rel=\"iLightbox[gallery_image_1]\" class=\"fusion-lightbox\" target=\"_self\"><div style=\"background-image:url(https:\/\/biospa.ee\/fl2025\/wp-content\/uploads\/2025\/11\/Kahene-standard-tuba-8.jpg);padding-top:calc((100% + 10px) * 0.8 - 5px);background-position:;\" class=\"fusion-masonry-element-container\"><img decoding=\"async\" src=\"https:\/\/biospa.ee\/fl2025\/wp-content\/uploads\/2025\/11\/Kahene-standard-tuba-8.jpg\" width=\"1500\" height=\"2000\" alt=\"\" title=\"Kahene-standard-tuba-8\" aria-label=\"Kahene-standard-tuba-8\" class=\"img-responsive wp-image-94698\" srcset=\"https:\/\/biospa.ee\/fl2025\/wp-content\/uploads\/2025\/11\/Kahene-standard-tuba-8-200x267.jpg 200w, https:\/\/biospa.ee\/fl2025\/wp-content\/uploads\/2025\/11\/Kahene-standard-tuba-8-400x533.jpg 400w, https:\/\/biospa.ee\/fl2025\/wp-content\/uploads\/2025\/11\/Kahene-standard-tuba-8-600x800.jpg 600w, https:\/\/biospa.ee\/fl2025\/wp-content\/uploads\/2025\/11\/Kahene-standard-tuba-8-800x1067.jpg 800w, https:\/\/biospa.ee\/fl2025\/wp-content\/uploads\/2025\/11\/Kahene-standard-tuba-8-1200x1600.jpg 1200w, https:\/\/biospa.ee\/fl2025\/wp-content\/uploads\/2025\/11\/Kahene-standard-tuba-8.jpg 1500w\" sizes=\"(min-width: 2200px) 100vw, (min-width: 784px) 497px, (min-width: 712px) 784px, (min-width: 640px) 712px, \" \/><\/div><\/a><\/div><\/div><div style=\"padding:5px;\" class=\"fusion-grid-column fusion-gallery-column fusion-gallery-column-3 hover-type-none fusion-element-grid\"><div class=\"fusion-gallery-image\"><a href=\"https:\/\/biospa.ee\/fl2025\/wp-content\/uploads\/2025\/11\/Kahene-standard-tuba-9.jpg\" rel=\"noreferrer\" data-rel=\"iLightbox[gallery_image_1]\" class=\"fusion-lightbox\" target=\"_self\"><div style=\"background-image:url(https:\/\/biospa.ee\/fl2025\/wp-content\/uploads\/2025\/11\/Kahene-standard-tuba-9.jpg);padding-top:calc((100% + 10px) * 0.8 - 5px);background-position:;\" class=\"fusion-masonry-element-container\"><img decoding=\"async\" src=\"https:\/\/biospa.ee\/fl2025\/wp-content\/uploads\/2025\/11\/Kahene-standard-tuba-9.jpg\" width=\"1500\" height=\"1000\" alt=\"\" title=\"Kahene-standard-tuba-9\" aria-label=\"Kahene-standard-tuba-9\" class=\"img-responsive wp-image-94699\" srcset=\"https:\/\/biospa.ee\/fl2025\/wp-content\/uploads\/2025\/11\/Kahene-standard-tuba-9-200x133.jpg 200w, https:\/\/biospa.ee\/fl2025\/wp-content\/uploads\/2025\/11\/Kahene-standard-tuba-9-400x267.jpg 400w, https:\/\/biospa.ee\/fl2025\/wp-content\/uploads\/2025\/11\/Kahene-standard-tuba-9-600x400.jpg 600w, https:\/\/biospa.ee\/fl2025\/wp-content\/uploads\/2025\/11\/Kahene-standard-tuba-9-800x533.jpg 800w, https:\/\/biospa.ee\/fl2025\/wp-content\/uploads\/2025\/11\/Kahene-standard-tuba-9-1200x800.jpg 1200w, https:\/\/biospa.ee\/fl2025\/wp-content\/uploads\/2025\/11\/Kahene-standard-tuba-9.jpg 1500w\" sizes=\"(min-width: 2200px) 100vw, (min-width: 784px) 497px, (min-width: 712px) 784px, (min-width: 640px) 712px, \" \/><\/div><\/a><\/div><\/div><div style=\"padding:5px;\" class=\"fusion-grid-column fusion-gallery-column fusion-gallery-column-3 hover-type-none fusion-element-grid\"><div class=\"fusion-gallery-image\"><a href=\"https:\/\/biospa.ee\/fl2025\/wp-content\/uploads\/2025\/11\/Kahene-standard-tuba-1.jpg\" rel=\"noreferrer\" data-rel=\"iLightbox[gallery_image_1]\" class=\"fusion-lightbox\" target=\"_self\"><div style=\"background-image:url(https:\/\/biospa.ee\/fl2025\/wp-content\/uploads\/2025\/11\/Kahene-standard-tuba-1.jpg);padding-top:calc((100% + 10px) * 0.8 - 5px);background-position:;\" class=\"fusion-masonry-element-container\"><img decoding=\"async\" src=\"https:\/\/biospa.ee\/fl2025\/wp-content\/uploads\/2025\/11\/Kahene-standard-tuba-1.jpg\" width=\"1500\" height=\"2000\" alt=\"\" title=\"Kahene-standard-tuba-1\" aria-label=\"Kahene-standard-tuba-1\" class=\"img-responsive wp-image-94700\" srcset=\"https:\/\/biospa.ee\/fl2025\/wp-content\/uploads\/2025\/11\/Kahene-standard-tuba-1-200x267.jpg 200w, https:\/\/biospa.ee\/fl2025\/wp-content\/uploads\/2025\/11\/Kahene-standard-tuba-1-400x533.jpg 400w, https:\/\/biospa.ee\/fl2025\/wp-content\/uploads\/2025\/11\/Kahene-standard-tuba-1-600x800.jpg 600w, https:\/\/biospa.ee\/fl2025\/wp-content\/uploads\/2025\/11\/Kahene-standard-tuba-1-800x1067.jpg 800w, https:\/\/biospa.ee\/fl2025\/wp-content\/uploads\/2025\/11\/Kahene-standard-tuba-1-1200x1600.jpg 1200w, https:\/\/biospa.ee\/fl2025\/wp-content\/uploads\/2025\/11\/Kahene-standard-tuba-1.jpg 1500w\" sizes=\"(min-width: 2200px) 100vw, (min-width: 784px) 497px, (min-width: 712px) 784px, (min-width: 640px) 712px, \" \/><\/div><\/a><\/div><\/div><\/div><\/div><\/div><\/div><\/div><\/div><\/p>\n","protected":false},"excerpt":{"rendered":"","protected":false},"author":1,"featured_media":0,"parent":94667,"menu_order":0,"comment_status":"closed","ping_status":"closed","template":"","meta":{"footnotes":""},"class_list":["post-94671","page","type-page","status-publish","hentry"],"yoast_head":"<!-- This site is optimized with the Yoast SEO plugin v27.0 - https:\/\/yoast.com\/product\/yoast-seo-wordpress\/ -->\n<title>Kahene standard tuba - Loodus BioSpa<\/title>\n<meta name=\"robots\" content=\"noindex, follow, max-snippet:-1, max-image-preview:large, max-video-preview:-1\" \/>\n<meta property=\"og:locale\" content=\"et_EE\" \/>\n<meta property=\"og:type\" content=\"article\" \/>\n<meta property=\"og:title\" content=\"Kahene standard tuba - Loodus BioSpa\" \/>\n<meta property=\"og:url\" content=\"https:\/\/biospa.ee\/fl2025\/toad\/kahene-standard-tuba\/\" \/>\n<meta property=\"og:site_name\" content=\"Loodus BioSpa\" \/>\n<meta property=\"article:publisher\" content=\"https:\/\/www.facebook.com\/LoodusBioSpa\/\" \/>\n<meta property=\"article:modified_time\" content=\"2025-12-03T11:52:03+00:00\" \/>\n<meta property=\"og:image\" content=\"https:\/\/biospa.ee\/fl2025\/wp-content\/uploads\/2025\/11\/BioSpa-loggo-est.png\" \/>\n\t<meta property=\"og:image:width\" content=\"842\" \/>\n\t<meta property=\"og:image:height\" content=\"595\" \/>\n\t<meta property=\"og:image:type\" content=\"image\/png\" \/>\n<meta name=\"twitter:card\" content=\"summary_large_image\" \/>\n<meta name=\"twitter:label1\" content=\"Est. reading time\" \/>\n\t<meta name=\"twitter:data1\" content=\"2 minutit\" \/>\n<script type=\"application\/ld+json\" class=\"yoast-schema-graph\">{\"@context\":\"https:\/\/schema.org\",\"@graph\":[{\"@type\":\"WebPage\",\"@id\":\"https:\/\/biospa.ee\/fl2025\/toad\/kahene-standard-tuba\/\",\"url\":\"https:\/\/biospa.ee\/fl2025\/toad\/kahene-standard-tuba\/\",\"name\":\"Kahene standard tuba - Loodus BioSpa\",\"isPartOf\":{\"@id\":\"https:\/\/biospa.ee\/fl2025\/#website\"},\"datePublished\":\"2025-11-26T11:57:38+00:00\",\"dateModified\":\"2025-12-03T11:52:03+00:00\",\"breadcrumb\":{\"@id\":\"https:\/\/biospa.ee\/fl2025\/toad\/kahene-standard-tuba\/#breadcrumb\"},\"inLanguage\":\"et\",\"potentialAction\":[{\"@type\":\"ReadAction\",\"target\":[\"https:\/\/biospa.ee\/fl2025\/toad\/kahene-standard-tuba\/\"]}]},{\"@type\":\"BreadcrumbList\",\"@id\":\"https:\/\/biospa.ee\/fl2025\/toad\/kahene-standard-tuba\/#breadcrumb\",\"itemListElement\":[{\"@type\":\"ListItem\",\"position\":1,\"name\":\"Home\",\"item\":\"https:\/\/biospa.ee\/fl2025\/\"},{\"@type\":\"ListItem\",\"position\":2,\"name\":\"Toad\",\"item\":\"https:\/\/biospa.ee\/fl2025\/toad\/\"},{\"@type\":\"ListItem\",\"position\":3,\"name\":\"Kahene standard tuba\"}]},{\"@type\":\"WebSite\",\"@id\":\"https:\/\/biospa.ee\/fl2025\/#website\",\"url\":\"https:\/\/biospa.ee\/fl2025\/\",\"name\":\"Loodus BioSpa\",\"description\":\"Loodus BioSpa\",\"publisher\":{\"@id\":\"https:\/\/biospa.ee\/fl2025\/#organization\"},\"potentialAction\":[{\"@type\":\"SearchAction\",\"target\":{\"@type\":\"EntryPoint\",\"urlTemplate\":\"https:\/\/biospa.ee\/fl2025\/?s={search_term_string}\"},\"query-input\":{\"@type\":\"PropertyValueSpecification\",\"valueRequired\":true,\"valueName\":\"search_term_string\"}}],\"inLanguage\":\"et\"},{\"@type\":\"Organization\",\"@id\":\"https:\/\/biospa.ee\/fl2025\/#organization\",\"name\":\"Tesmasan O\u00dc\",\"url\":\"https:\/\/biospa.ee\/fl2025\/\",\"logo\":{\"@type\":\"ImageObject\",\"inLanguage\":\"et\",\"@id\":\"https:\/\/biospa.ee\/fl2025\/#\/schema\/logo\/image\/\",\"url\":\"https:\/\/biospa.ee\/fl2025\/wp-content\/uploads\/2025\/11\/BioSpa-loggo-est.png\",\"contentUrl\":\"https:\/\/biospa.ee\/fl2025\/wp-content\/uploads\/2025\/11\/BioSpa-loggo-est.png\",\"width\":842,\"height\":595,\"caption\":\"Tesmasan O\u00dc\"},\"image\":{\"@id\":\"https:\/\/biospa.ee\/fl2025\/#\/schema\/logo\/image\/\"},\"sameAs\":[\"https:\/\/www.facebook.com\/LoodusBioSpa\/\",\"https:\/\/www.instagram.com\/loodusbiospa\/\"]}]}<\/script>\n<!-- \/ Yoast SEO plugin. -->","yoast_head_json":{"title":"Kahene standard tuba - Loodus BioSpa","robots":{"index":"noindex","follow":"follow","max-snippet":"max-snippet:-1","max-image-preview":"max-image-preview:large","max-video-preview":"max-video-preview:-1"},"og_locale":"et_EE","og_type":"article","og_title":"Kahene standard tuba - Loodus BioSpa","og_url":"https:\/\/biospa.ee\/fl2025\/toad\/kahene-standard-tuba\/","og_site_name":"Loodus BioSpa","article_publisher":"https:\/\/www.facebook.com\/LoodusBioSpa\/","article_modified_time":"2025-12-03T11:52:03+00:00","og_image":[{"width":842,"height":595,"url":"https:\/\/biospa.ee\/fl2025\/wp-content\/uploads\/2025\/11\/BioSpa-loggo-est.png","type":"image\/png"}],"twitter_card":"summary_large_image","twitter_misc":{"Est. reading time":"2 minutit"},"schema":{"@context":"https:\/\/schema.org","@graph":[{"@type":"WebPage","@id":"https:\/\/biospa.ee\/fl2025\/toad\/kahene-standard-tuba\/","url":"https:\/\/biospa.ee\/fl2025\/toad\/kahene-standard-tuba\/","name":"Kahene standard tuba - Loodus BioSpa","isPartOf":{"@id":"https:\/\/biospa.ee\/fl2025\/#website"},"datePublished":"2025-11-26T11:57:38+00:00","dateModified":"2025-12-03T11:52:03+00:00","breadcrumb":{"@id":"https:\/\/biospa.ee\/fl2025\/toad\/kahene-standard-tuba\/#breadcrumb"},"inLanguage":"et","potentialAction":[{"@type":"ReadAction","target":["https:\/\/biospa.ee\/fl2025\/toad\/kahene-standard-tuba\/"]}]},{"@type":"BreadcrumbList","@id":"https:\/\/biospa.ee\/fl2025\/toad\/kahene-standard-tuba\/#breadcrumb","itemListElement":[{"@type":"ListItem","position":1,"name":"Home","item":"https:\/\/biospa.ee\/fl2025\/"},{"@type":"ListItem","position":2,"name":"Toad","item":"https:\/\/biospa.ee\/fl2025\/toad\/"},{"@type":"ListItem","position":3,"name":"Kahene standard tuba"}]},{"@type":"WebSite","@id":"https:\/\/biospa.ee\/fl2025\/#website","url":"https:\/\/biospa.ee\/fl2025\/","name":"Loodus BioSpa","description":"Loodus BioSpa","publisher":{"@id":"https:\/\/biospa.ee\/fl2025\/#organization"},"potentialAction":[{"@type":"SearchAction","target":{"@type":"EntryPoint","urlTemplate":"https:\/\/biospa.ee\/fl2025\/?s={search_term_string}"},"query-input":{"@type":"PropertyValueSpecification","valueRequired":true,"valueName":"search_term_string"}}],"inLanguage":"et"},{"@type":"Organization","@id":"https:\/\/biospa.ee\/fl2025\/#organization","name":"Tesmasan O\u00dc","url":"https:\/\/biospa.ee\/fl2025\/","logo":{"@type":"ImageObject","inLanguage":"et","@id":"https:\/\/biospa.ee\/fl2025\/#\/schema\/logo\/image\/","url":"https:\/\/biospa.ee\/fl2025\/wp-content\/uploads\/2025\/11\/BioSpa-loggo-est.png","contentUrl":"https:\/\/biospa.ee\/fl2025\/wp-content\/uploads\/2025\/11\/BioSpa-loggo-est.png","width":842,"height":595,"caption":"Tesmasan O\u00dc"},"image":{"@id":"https:\/\/biospa.ee\/fl2025\/#\/schema\/logo\/image\/"},"sameAs":["https:\/\/www.facebook.com\/LoodusBioSpa\/","https:\/\/www.instagram.com\/loodusbiospa\/"]}]}},"_links":{"self":[{"href":"https:\/\/biospa.ee\/fl2025\/wp-json\/wp\/v2\/pages\/94671","targetHints":{"allow":["GET"]}}],"collection":[{"href":"https:\/\/biospa.ee\/fl2025\/wp-json\/wp\/v2\/pages"}],"about":[{"href":"https:\/\/biospa.ee\/fl2025\/wp-json\/wp\/v2\/types\/page"}],"author":[{"embeddable":true,"href":"https:\/\/biospa.ee\/fl2025\/wp-json\/wp\/v2\/users\/1"}],"replies":[{"embeddable":true,"href":"https:\/\/biospa.ee\/fl2025\/wp-json\/wp\/v2\/comments?post=94671"}],"version-history":[{"count":0,"href":"https:\/\/biospa.ee\/fl2025\/wp-json\/wp\/v2\/pages\/94671\/revisions"}],"up":[{"embeddable":true,"href":"https:\/\/biospa.ee\/fl2025\/wp-json\/wp\/v2\/pages\/94667"}],"wp:attachment":[{"href":"https:\/\/biospa.ee\/fl2025\/wp-json\/wp\/v2\/media?parent=94671"}],"curies":[{"name":"wp","href":"https:\/\/api.w.org\/{rel}","templated":true}]}}