{"id":97784,"date":"2026-04-14T17:32:37","date_gmt":"2026-04-14T14:32:37","guid":{"rendered":"https:\/\/biospa.ee\/fl2025\/?page_id=97784"},"modified":"2026-04-14T18:39:45","modified_gmt":"2026-04-14T15:39:45","slug":"uus-3-paevane-kiire-taastumise-programm-loodus-biospas","status":"publish","type":"page","link":"https:\/\/biospa.ee\/fl2025\/uus-3-paevane-kiire-taastumise-programm-loodus-biospas\/","title":{"rendered":"UUS! 3-p\u00e4evane kiire taastumise programm Loodus BIOSPAs"},"content":{"rendered":"<p><div class=\"fusion-fullwidth fullwidth-box fusion-builder-row-1 fusion-flex-container has-pattern-background has-mask-background nonhundred-percent-fullwidth non-hundred-percent-height-scrolling\" style=\"--awb-border-radius-top-left:0px;--awb-border-radius-top-right:0px;--awb-border-radius-bottom-right:0px;--awb-border-radius-bottom-left:0px;--awb-flex-wrap:wrap;\" ><div class=\"fusion-builder-row fusion-row fusion-flex-align-items-flex-start fusion-flex-content-wrap\" style=\"max-width:1560px;margin-left: calc(-4% \/ 2 );margin-right: calc(-4% \/ 2 );\"><div class=\"fusion-layout-column fusion_builder_column fusion-builder-column-0 fusion_builder_column_1_2 1_2 fusion-flex-column\" style=\"--awb-bg-size:cover;--awb-width-large:50%;--awb-margin-top-large:0px;--awb-spacing-right-large:3.84%;--awb-margin-bottom-large:20px;--awb-spacing-left-large:3.84%;--awb-width-medium:100%;--awb-order-medium:0;--awb-spacing-right-medium:1.92%;--awb-spacing-left-medium:1.92%;--awb-width-small:100%;--awb-order-small:0;--awb-spacing-right-small:1.92%;--awb-spacing-left-small:1.92%;\"><div class=\"fusion-column-wrapper fusion-column-has-shadow fusion-flex-justify-content-flex-start fusion-content-layout-column\"><div class=\"fusion-text fusion-text-1\"><h2 class=\"fusion-responsive-typography-calculated\" data-start=\"329\" data-end=\"460\" data-fontsize=\"28\" data-lineheight=\"33.6px\">Kui oled v\u00e4sinud ja vajad kiiret restarti, aitavad 3-p\u00e4evased BIOSPA programmid tunda end taas kergemalt \u2013 vaid m\u00f5ne p\u00e4evaga.<\/h2>\n<p data-start=\"462\" data-end=\"561\">Vali ravipaast v\u00f5i \u00f5rn detoks ning l\u00e4bi programm juhendatult, turvaliselt ja keha r\u00fctmi austades.<\/p>\n<p data-start=\"563\" data-end=\"646\">\ud83d\udc49 Ideaalne v\u00f5imalus v\u00f5tta paus, taastuda ja kogeda BIOSPA kuuri m\u00f5ju l\u00fchema ajaga.<\/p>\n<\/div><\/div><\/div><div class=\"fusion-layout-column fusion_builder_column fusion-builder-column-1 fusion_builder_column_1_2 1_2 fusion-flex-column\" style=\"--awb-bg-size:cover;--awb-width-large:50%;--awb-margin-top-large:0px;--awb-spacing-right-large:3.84%;--awb-margin-bottom-large:20px;--awb-spacing-left-large:3.84%;--awb-width-medium:100%;--awb-order-medium:0;--awb-spacing-right-medium:1.92%;--awb-spacing-left-medium:1.92%;--awb-width-small:100%;--awb-order-small:0;--awb-spacing-right-small:1.92%;--awb-spacing-left-small:1.92%;\"><div class=\"fusion-column-wrapper fusion-column-has-shadow fusion-flex-justify-content-flex-start fusion-content-layout-column\"><div class=\"fusion-image-element \" style=\"--awb-caption-title-font-family:var(--h2_typography-font-family);--awb-caption-title-font-weight:var(--h2_typography-font-weight);--awb-caption-title-font-style:var(--h2_typography-font-style);--awb-caption-title-size:var(--h2_typography-font-size);--awb-caption-title-transform:var(--h2_typography-text-transform);--awb-caption-title-line-height:var(--h2_typography-line-height);--awb-caption-title-letter-spacing:var(--h2_typography-letter-spacing);\"><span class=\" fusion-imageframe imageframe-none imageframe-1 hover-type-none\"><img decoding=\"async\" width=\"600\" height=\"400\" title=\"loodus-biospa-3-paevane-detox-kuur-600&#215;400 (1)\" src=\"https:\/\/biospa.ee\/fl2025\/wp-content\/uploads\/2026\/04\/loodus-biospa-3-paevane-detox-kuur-600x400-1.jpg\" alt class=\"img-responsive wp-image-97786\" srcset=\"https:\/\/biospa.ee\/fl2025\/wp-content\/uploads\/2026\/04\/loodus-biospa-3-paevane-detox-kuur-600x400-1-400x267.jpg 400w, https:\/\/biospa.ee\/fl2025\/wp-content\/uploads\/2026\/04\/loodus-biospa-3-paevane-detox-kuur-600x400-1.jpg 600w\" sizes=\"(max-width: 1024px) 100vw, (max-width: 640px) 100vw, 600px\" \/><\/span><\/div><\/div><\/div><\/div><\/div><div class=\"fusion-fullwidth fullwidth-box fusion-builder-row-2 fusion-flex-container has-pattern-background has-mask-background nonhundred-percent-fullwidth non-hundred-percent-height-scrolling\" style=\"--awb-border-radius-top-left:0px;--awb-border-radius-top-right:0px;--awb-border-radius-bottom-right:0px;--awb-border-radius-bottom-left:0px;--awb-flex-wrap:wrap;\" ><div class=\"fusion-builder-row fusion-row fusion-flex-align-items-flex-start fusion-flex-content-wrap\" style=\"max-width:1560px;margin-left: calc(-4% \/ 2 );margin-right: calc(-4% \/ 2 );\"><div class=\"fusion-layout-column fusion_builder_column fusion-builder-column-2 fusion_builder_column_1_2 1_2 fusion-flex-column\" style=\"--awb-bg-size:cover;--awb-width-large:50%;--awb-margin-top-large:0px;--awb-spacing-right-large:3.84%;--awb-margin-bottom-large:20px;--awb-spacing-left-large:3.84%;--awb-width-medium:100%;--awb-order-medium:0;--awb-spacing-right-medium:1.92%;--awb-spacing-left-medium:1.92%;--awb-width-small:100%;--awb-order-small:0;--awb-spacing-right-small:1.92%;--awb-spacing-left-small:1.92%;\"><div class=\"fusion-column-wrapper fusion-column-has-shadow fusion-flex-justify-content-flex-start fusion-content-layout-column\"><div class=\"fusion-text fusion-text-2\"><div class=\"fusion-text fusion-text-1\">\n<h3 class=\"fusion-responsive-typography-calculated\" data-start=\"563\" data-end=\"646\" data-fontsize=\"28\" data-lineheight=\"33.6px\">Kellele see sobib?<\/h3>\n<ul>\n<li data-section-id=\"16t1xrj\" data-start=\"1111\" data-end=\"1152\">kui tunned v\u00e4simust v\u00f5i raskust kehas<\/li>\n<li data-section-id=\"iqhjjm\" data-start=\"1153\" data-end=\"1203\">kui enesetunne on raske v\u00f5i tasakaalust v\u00e4ljas<\/li>\n<li data-section-id=\"qbzmmx\" data-start=\"1204\" data-end=\"1241\">kui soovid teha pausi ja taastuda<\/li>\n<li>kui sul on piiratud aeg<\/li>\n<li data-section-id=\"d95y2e\" data-start=\"1242\" data-end=\"1303\">kui soovid alustada puhastuskuuri BIOSPA-s ja j\u00e4tkata iseseisvalt<\/li>\n<\/ul>\n<h3 class=\"fusion-responsive-typography-calculated\" data-start=\"403\" data-end=\"433\" data-fontsize=\"28\" data-lineheight=\"33.6px\">Tulemus?<\/h3>\n<ul data-start=\"435\" data-end=\"529\">\n<li data-section-id=\"1vgfjzb\" data-start=\"435\" data-end=\"456\">kergem enesetunne<\/li>\n<li data-section-id=\"2oqhtl\" data-start=\"457\" data-end=\"476\">rohkem energiat<\/li>\n<li data-section-id=\"8433de\" data-start=\"477\" data-end=\"496\">parem seedimine<\/li>\n<li data-section-id=\"1n3onht\" data-start=\"497\" data-end=\"515\">rahulikum meel<\/li>\n<li data-section-id=\"zuonkh\" data-start=\"516\" data-end=\"529\">parem uni<\/li>\n<\/ul>\n<\/div>\n<div class=\"fusion-text fusion-text-2\">\n<h3 class=\"fusion-responsive-typography-calculated\" data-fontsize=\"28\" data-lineheight=\"33.6px\">3-p\u00e4evase programmi ajakava<\/h3>\n<p>3-p\u00e4evane programm toimub olemasolevate kuuride raames \u2013 saad valida kas kuuri esimesed (1.\u20133.) v\u00f5i viimased p\u00e4evad (4.\u20136.).<\/p>\n<p><strong><em>3-p\u00e4evaseid kuure ei saa broneerida erikuuride toimumise aegadele (<a href=\"https:\/\/biospa.ee\/broneerimine\/\">Vt. kalendrit<\/a>)<\/em><\/strong><\/p>\n<p>Pakkumine kehtib 31. augustini!<\/p>\n<\/div>\n<div class=\"fusion-text fusion-text-3\">\n<p><strong><em>Tingimused<\/em><\/strong><\/p>\n<ul>\n<li><em>3-p\u00e4evase kuuri l\u00e4bimisel saadud sooduskoodi saab kasutada vaid 6-p\u00e4evase Loodus BIOSPA paastu-v\u00f5i detokskuuri broneerimisel. Kehtivus 1 aasta peale v\u00e4lja andmist.\u00a0<\/em><\/li>\n<li><em>korduvk\u00fclastaja lisamassaa\u017ei saab kasutada vaid 6-p\u00e4evase programmi l\u00e4bimisel.<\/em><\/li>\n<\/ul>\n<p><strong><a href=\"https:\/\/biospa.ee\/referral\/\">Tutvu soodustuste programmiga siin<\/a><\/strong><\/p>\n<\/div>\n<\/div><\/div><\/div><div class=\"fusion-layout-column fusion_builder_column fusion-builder-column-3 fusion_builder_column_1_2 1_2 fusion-flex-column\" style=\"--awb-bg-size:cover;--awb-width-large:50%;--awb-margin-top-large:0px;--awb-spacing-right-large:3.84%;--awb-margin-bottom-large:20px;--awb-spacing-left-large:3.84%;--awb-width-medium:100%;--awb-order-medium:0;--awb-spacing-right-medium:1.92%;--awb-spacing-left-medium:1.92%;--awb-width-small:100%;--awb-order-small:0;--awb-spacing-right-small:1.92%;--awb-spacing-left-small:1.92%;\"><div class=\"fusion-column-wrapper fusion-column-has-shadow fusion-flex-justify-content-flex-start fusion-content-layout-column\"><div class=\"fusion-text fusion-text-3\"><div class=\"fusion-text fusion-text-4\">\n<h2 class=\"fusion-responsive-typography-calculated\" data-fontsize=\"30\" data-lineheight=\"36px\">Ravipaast 3 p\u00e4eva sisaldab:<\/h2>\n<ul>\n<li data-section-id=\"wrfofl\" data-start=\"197\" data-end=\"217\">majutamist 3 p\u00e4eva\/2 \u00f6\u00f6d<\/li>\n<li>esmast vastuv\u00f5ttu ja sobiva programmi m\u00e4\u00e4ramist parimate tulemuste saavutamiseks<\/li>\n<li>igap\u00e4evast tervisekontrolli<\/li>\n<li>grupitreeninguid vastavalt \u00fcldisele ajakavale<\/li>\n<li>sauna ja basseini kasutamist<\/li>\n<li>kuni 2 klistiiri<\/li>\n<li>25 min detoksteraapiat 2 korda<\/li>\n<li>25 min l\u00fcmfiteraapiat 1 kord<\/li>\n<li>individuaalset Kneipp veeteraapiat 2 korda<\/li>\n<li>parafiin k\u00e4tele v\u00f5i jalgadele 1 kord<\/li>\n<\/ul>\n<\/div>\n<div class=\"fusion-text fusion-text-5\">\n<h2 class=\"fusion-responsive-typography-calculated\" data-fontsize=\"30\" data-lineheight=\"36px\">\u00d5rn detoks 3 p\u00e4eva sisaldab:<\/h2>\n<ul>\n<li data-section-id=\"wrfofl\" data-start=\"197\" data-end=\"217\">majutamist 3 p\u00e4eva\/2 \u00f6\u00f6d<\/li>\n<li>esmast vastuv\u00f5ttu ja sobiva programmi m\u00e4\u00e4ramist parimate tulemuste saavutamiseks<\/li>\n<li>igap\u00e4evast tervisekontrolli<\/li>\n<li>grupitreeninguid vastavalt \u00fcldisele ajakavale<\/li>\n<li>sauna ja basseini kasutamist<\/li>\n<li>makrobiootilist detoks-dieettoitu 5 korda p\u00e4evas (toitudele ei ole lisatud soola ega suhkrut, gluteeni- ja laktoosivabad)<\/li>\n<li>25 min detoksteraapiat 2 korda<\/li>\n<li>25 min l\u00fcmfiteraapiat 1 kord<\/li>\n<li>individuaalset Kneipp veeteraapiat 2 korda<\/li>\n<li>parafiin k\u00e4tele v\u00f5i jalgadele 1 kord<\/li>\n<\/ul>\n<\/div>\n<\/div><\/div><\/div><\/div><\/div><div class=\"fusion-fullwidth fullwidth-box fusion-builder-row-3 fusion-flex-container has-pattern-background has-mask-background nonhundred-percent-fullwidth non-hundred-percent-height-scrolling\" style=\"--awb-border-radius-top-left:0px;--awb-border-radius-top-right:0px;--awb-border-radius-bottom-right:0px;--awb-border-radius-bottom-left:0px;--awb-flex-wrap:wrap;\" ><div class=\"fusion-builder-row fusion-row fusion-flex-align-items-flex-start fusion-flex-content-wrap\" style=\"max-width:1560px;margin-left: calc(-4% \/ 2 );margin-right: calc(-4% \/ 2 );\"><div class=\"fusion-layout-column fusion_builder_column fusion-builder-column-4 fusion_builder_column_1_2 1_2 fusion-flex-column\" style=\"--awb-bg-size:cover;--awb-width-large:50%;--awb-margin-top-large:0px;--awb-spacing-right-large:3.84%;--awb-margin-bottom-large:20px;--awb-spacing-left-large:3.84%;--awb-width-medium:100%;--awb-order-medium:0;--awb-spacing-right-medium:1.92%;--awb-spacing-left-medium:1.92%;--awb-width-small:100%;--awb-order-small:0;--awb-spacing-right-small:1.92%;--awb-spacing-left-small:1.92%;\"><div class=\"fusion-column-wrapper fusion-column-has-shadow fusion-flex-justify-content-flex-start fusion-content-layout-column\"><div ><a class=\"fusion-button button-flat fusion-button-default-size button-default fusion-button-default button-1 fusion-button-span-yes fusion-button-span-default-medium fusion-button-default-type\" style=\"--button-border-radius-top-left:0;--button-border-radius-top-right:0;--button-border-radius-bottom-right:0;--button-border-radius-bottom-left:0;\" target=\"_self\" href=\"https:\/\/biospa.ee\/fl2025\/broneerimine\/\"><span class=\"fusion-button-text awb-button__text awb-button__text--default\">LEIA SOBIVAD KUUP\u00c4EVAD<\/span><\/a><\/div><\/div><\/div><div class=\"fusion-layout-column fusion_builder_column fusion-builder-column-5 fusion_builder_column_1_2 1_2 fusion-flex-column\" style=\"--awb-bg-size:cover;--awb-width-large:50%;--awb-margin-top-large:0px;--awb-spacing-right-large:3.84%;--awb-margin-bottom-large:20px;--awb-spacing-left-large:3.84%;--awb-width-medium:100%;--awb-order-medium:0;--awb-spacing-right-medium:1.92%;--awb-spacing-left-medium:1.92%;--awb-width-small:100%;--awb-order-small:0;--awb-spacing-right-small:1.92%;--awb-spacing-left-small:1.92%;\"><div class=\"fusion-column-wrapper fusion-column-has-shadow fusion-flex-justify-content-flex-start fusion-content-layout-column\"><div class=\"fusion-text fusion-text-4\"><p class=\"fusion-responsive-typography-calculated\" data-fontsize=\"30\" data-lineheight=\"36px\"><a href=\"https:\/\/biospa.ee\/fl2025\/kas-3-paevane-paast-taastab-teie-immuunsusteemi\/\" target=\"_blank\" rel=\"noopener\"><strong>Loe siit \ud83d\udc49Kas 3-p\u00e4evane paast v\u00f5ib m\u00f5jutada immuuns\u00fcsteemi?<\/strong><\/a><\/p>\n<\/div><\/div><\/div><\/div><\/div><\/p>\n","protected":false},"excerpt":{"rendered":"","protected":false},"author":1,"featured_media":0,"parent":0,"menu_order":0,"comment_status":"closed","ping_status":"closed","template":"","meta":{"footnotes":""},"class_list":["post-97784","page","type-page","status-publish","hentry"],"yoast_head":"<!-- This site is optimized with the Yoast SEO plugin v27.0 - https:\/\/yoast.com\/product\/yoast-seo-wordpress\/ -->\n<title>UUS! 3-p\u00e4evane kiire taastumise programm Loodus BIOSPAs - Loodus BioSpa<\/title>\n<meta name=\"robots\" content=\"noindex, follow, max-snippet:-1, max-image-preview:large, max-video-preview:-1\" \/>\n<meta property=\"og:locale\" content=\"et_EE\" \/>\n<meta property=\"og:type\" content=\"article\" \/>\n<meta property=\"og:title\" content=\"UUS! 3-p\u00e4evane kiire taastumise programm Loodus BIOSPAs - Loodus BioSpa\" \/>\n<meta property=\"og:url\" content=\"https:\/\/biospa.ee\/fl2025\/uus-3-paevane-kiire-taastumise-programm-loodus-biospas\/\" \/>\n<meta property=\"og:site_name\" content=\"Loodus BioSpa\" \/>\n<meta property=\"article:publisher\" content=\"https:\/\/www.facebook.com\/LoodusBioSpa\/\" \/>\n<meta property=\"article:modified_time\" content=\"2026-04-14T15:39:45+00:00\" \/>\n<meta property=\"og:image\" content=\"https:\/\/biospa.ee\/fl2025\/wp-content\/uploads\/2025\/11\/BioSpa-loggo-est.png\" \/>\n\t<meta property=\"og:image:width\" content=\"842\" \/>\n\t<meta property=\"og:image:height\" content=\"595\" \/>\n\t<meta property=\"og:image:type\" content=\"image\/png\" \/>\n<meta name=\"twitter:card\" content=\"summary_large_image\" \/>\n<meta name=\"twitter:label1\" content=\"Est. reading time\" \/>\n\t<meta name=\"twitter:data1\" content=\"2 minutit\" \/>\n<script type=\"application\/ld+json\" class=\"yoast-schema-graph\">{\"@context\":\"https:\/\/schema.org\",\"@graph\":[{\"@type\":\"WebPage\",\"@id\":\"https:\/\/biospa.ee\/fl2025\/uus-3-paevane-kiire-taastumise-programm-loodus-biospas\/\",\"url\":\"https:\/\/biospa.ee\/fl2025\/uus-3-paevane-kiire-taastumise-programm-loodus-biospas\/\",\"name\":\"UUS! 3-p\u00e4evane kiire taastumise programm Loodus BIOSPAs - Loodus BioSpa\",\"isPartOf\":{\"@id\":\"https:\/\/biospa.ee\/fl2025\/#website\"},\"datePublished\":\"2026-04-14T14:32:37+00:00\",\"dateModified\":\"2026-04-14T15:39:45+00:00\",\"breadcrumb\":{\"@id\":\"https:\/\/biospa.ee\/fl2025\/uus-3-paevane-kiire-taastumise-programm-loodus-biospas\/#breadcrumb\"},\"inLanguage\":\"et\",\"potentialAction\":[{\"@type\":\"ReadAction\",\"target\":[\"https:\/\/biospa.ee\/fl2025\/uus-3-paevane-kiire-taastumise-programm-loodus-biospas\/\"]}]},{\"@type\":\"BreadcrumbList\",\"@id\":\"https:\/\/biospa.ee\/fl2025\/uus-3-paevane-kiire-taastumise-programm-loodus-biospas\/#breadcrumb\",\"itemListElement\":[{\"@type\":\"ListItem\",\"position\":1,\"name\":\"Home\",\"item\":\"https:\/\/biospa.ee\/fl2025\/\"},{\"@type\":\"ListItem\",\"position\":2,\"name\":\"UUS! 3-p\u00e4evane kiire taastumise programm Loodus BIOSPAs\"}]},{\"@type\":\"WebSite\",\"@id\":\"https:\/\/biospa.ee\/fl2025\/#website\",\"url\":\"https:\/\/biospa.ee\/fl2025\/\",\"name\":\"Loodus BioSpa\",\"description\":\"Loodus BioSpa\",\"publisher\":{\"@id\":\"https:\/\/biospa.ee\/fl2025\/#organization\"},\"potentialAction\":[{\"@type\":\"SearchAction\",\"target\":{\"@type\":\"EntryPoint\",\"urlTemplate\":\"https:\/\/biospa.ee\/fl2025\/?s={search_term_string}\"},\"query-input\":{\"@type\":\"PropertyValueSpecification\",\"valueRequired\":true,\"valueName\":\"search_term_string\"}}],\"inLanguage\":\"et\"},{\"@type\":\"Organization\",\"@id\":\"https:\/\/biospa.ee\/fl2025\/#organization\",\"name\":\"Tesmasan O\u00dc\",\"url\":\"https:\/\/biospa.ee\/fl2025\/\",\"logo\":{\"@type\":\"ImageObject\",\"inLanguage\":\"et\",\"@id\":\"https:\/\/biospa.ee\/fl2025\/#\/schema\/logo\/image\/\",\"url\":\"https:\/\/biospa.ee\/fl2025\/wp-content\/uploads\/2025\/11\/BioSpa-loggo-est.png\",\"contentUrl\":\"https:\/\/biospa.ee\/fl2025\/wp-content\/uploads\/2025\/11\/BioSpa-loggo-est.png\",\"width\":842,\"height\":595,\"caption\":\"Tesmasan O\u00dc\"},\"image\":{\"@id\":\"https:\/\/biospa.ee\/fl2025\/#\/schema\/logo\/image\/\"},\"sameAs\":[\"https:\/\/www.facebook.com\/LoodusBioSpa\/\",\"https:\/\/www.instagram.com\/loodusbiospa\/\"]}]}<\/script>\n<!-- \/ Yoast SEO plugin. -->","yoast_head_json":{"title":"UUS! 3-p\u00e4evane kiire taastumise programm Loodus BIOSPAs - Loodus BioSpa","robots":{"index":"noindex","follow":"follow","max-snippet":"max-snippet:-1","max-image-preview":"max-image-preview:large","max-video-preview":"max-video-preview:-1"},"og_locale":"et_EE","og_type":"article","og_title":"UUS! 3-p\u00e4evane kiire taastumise programm Loodus BIOSPAs - Loodus BioSpa","og_url":"https:\/\/biospa.ee\/fl2025\/uus-3-paevane-kiire-taastumise-programm-loodus-biospas\/","og_site_name":"Loodus BioSpa","article_publisher":"https:\/\/www.facebook.com\/LoodusBioSpa\/","article_modified_time":"2026-04-14T15:39:45+00:00","og_image":[{"width":842,"height":595,"url":"https:\/\/biospa.ee\/fl2025\/wp-content\/uploads\/2025\/11\/BioSpa-loggo-est.png","type":"image\/png"}],"twitter_card":"summary_large_image","twitter_misc":{"Est. reading time":"2 minutit"},"schema":{"@context":"https:\/\/schema.org","@graph":[{"@type":"WebPage","@id":"https:\/\/biospa.ee\/fl2025\/uus-3-paevane-kiire-taastumise-programm-loodus-biospas\/","url":"https:\/\/biospa.ee\/fl2025\/uus-3-paevane-kiire-taastumise-programm-loodus-biospas\/","name":"UUS! 3-p\u00e4evane kiire taastumise programm Loodus BIOSPAs - Loodus BioSpa","isPartOf":{"@id":"https:\/\/biospa.ee\/fl2025\/#website"},"datePublished":"2026-04-14T14:32:37+00:00","dateModified":"2026-04-14T15:39:45+00:00","breadcrumb":{"@id":"https:\/\/biospa.ee\/fl2025\/uus-3-paevane-kiire-taastumise-programm-loodus-biospas\/#breadcrumb"},"inLanguage":"et","potentialAction":[{"@type":"ReadAction","target":["https:\/\/biospa.ee\/fl2025\/uus-3-paevane-kiire-taastumise-programm-loodus-biospas\/"]}]},{"@type":"BreadcrumbList","@id":"https:\/\/biospa.ee\/fl2025\/uus-3-paevane-kiire-taastumise-programm-loodus-biospas\/#breadcrumb","itemListElement":[{"@type":"ListItem","position":1,"name":"Home","item":"https:\/\/biospa.ee\/fl2025\/"},{"@type":"ListItem","position":2,"name":"UUS! 3-p\u00e4evane kiire taastumise programm Loodus BIOSPAs"}]},{"@type":"WebSite","@id":"https:\/\/biospa.ee\/fl2025\/#website","url":"https:\/\/biospa.ee\/fl2025\/","name":"Loodus BioSpa","description":"Loodus BioSpa","publisher":{"@id":"https:\/\/biospa.ee\/fl2025\/#organization"},"potentialAction":[{"@type":"SearchAction","target":{"@type":"EntryPoint","urlTemplate":"https:\/\/biospa.ee\/fl2025\/?s={search_term_string}"},"query-input":{"@type":"PropertyValueSpecification","valueRequired":true,"valueName":"search_term_string"}}],"inLanguage":"et"},{"@type":"Organization","@id":"https:\/\/biospa.ee\/fl2025\/#organization","name":"Tesmasan O\u00dc","url":"https:\/\/biospa.ee\/fl2025\/","logo":{"@type":"ImageObject","inLanguage":"et","@id":"https:\/\/biospa.ee\/fl2025\/#\/schema\/logo\/image\/","url":"https:\/\/biospa.ee\/fl2025\/wp-content\/uploads\/2025\/11\/BioSpa-loggo-est.png","contentUrl":"https:\/\/biospa.ee\/fl2025\/wp-content\/uploads\/2025\/11\/BioSpa-loggo-est.png","width":842,"height":595,"caption":"Tesmasan O\u00dc"},"image":{"@id":"https:\/\/biospa.ee\/fl2025\/#\/schema\/logo\/image\/"},"sameAs":["https:\/\/www.facebook.com\/LoodusBioSpa\/","https:\/\/www.instagram.com\/loodusbiospa\/"]}]}},"_links":{"self":[{"href":"https:\/\/biospa.ee\/fl2025\/wp-json\/wp\/v2\/pages\/97784","targetHints":{"allow":["GET"]}}],"collection":[{"href":"https:\/\/biospa.ee\/fl2025\/wp-json\/wp\/v2\/pages"}],"about":[{"href":"https:\/\/biospa.ee\/fl2025\/wp-json\/wp\/v2\/types\/page"}],"author":[{"embeddable":true,"href":"https:\/\/biospa.ee\/fl2025\/wp-json\/wp\/v2\/users\/1"}],"replies":[{"embeddable":true,"href":"https:\/\/biospa.ee\/fl2025\/wp-json\/wp\/v2\/comments?post=97784"}],"version-history":[{"count":5,"href":"https:\/\/biospa.ee\/fl2025\/wp-json\/wp\/v2\/pages\/97784\/revisions"}],"predecessor-version":[{"id":97822,"href":"https:\/\/biospa.ee\/fl2025\/wp-json\/wp\/v2\/pages\/97784\/revisions\/97822"}],"wp:attachment":[{"href":"https:\/\/biospa.ee\/fl2025\/wp-json\/wp\/v2\/media?parent=97784"}],"curies":[{"name":"wp","href":"https:\/\/api.w.org\/{rel}","templated":true}]}}