{"id":13336,"date":"2021-01-19T16:48:09","date_gmt":"2021-01-19T14:48:09","guid":{"rendered":"https:\/\/biospa.ee\/?post_type=product&#038;p=13336"},"modified":"2024-03-25T10:17:28","modified_gmt":"2024-03-25T08:17:28","slug":"toidutalumatuse-test-arsti-konsultatsiooniga","status":"publish","type":"product","link":"https:\/\/biospa.ee\/fl2025\/toode\/toidutalumatuse-test-arsti-konsultatsiooniga\/","title":{"rendered":"Toidutalumatuse test arsti konsultatsiooniga"},"content":{"rendered":"<p>Toidutalumatuse test n\u00e4itab selgelt, millised toidud panevad Teie immuunsuss\u00fcsteemi negatiivselt reageerima ja v\u00f5ivad seet\u00f5ttu kahjustada Teie keha ning tekitada erinevaid probleeme, n\u00e4iteks:<\/p>\n<ul>\n<li>kaalu p\u00fcsivus vaatamata dieedile<\/li>\n<li>k\u00f5huvalu, puhitus<\/li>\n<li>s\u00fcgelus, l\u00f6\u00f6ve<\/li>\n<li>probleemid nahaga, akne, allergiad<\/li>\n<li>k\u00f5hukinnisus, k\u00f5hulahtisus<\/li>\n<li>liigesevalud, tursed<\/li>\n<li>tihe k\u00fclmetus,\u00a0n\u00f5rk immuunsus<\/li>\n<li>v\u00e4simus, halb uni<\/li>\n<\/ul>\n","protected":false},"excerpt":{"rendered":"<p>Kas teadsite, et akne ja l\u00f6\u00f6bed, v\u00e4simus, puhitus, liigesevalud ja tihe k\u00fclmetus v\u00f5ivad tuleneda sellest, et organism osasid toiduaineid lihtsalt ei omasta? V\u00f5i seda, et vaatamata dieedile kaal sugugi ei lange, kui inimene kasutab toiduaineid, mida ta ei suuda seedida.<\/p>\n<p><strong>Test annab vastuse, milliseid toiduaineid peaks inimene oma men\u00fc\u00fcs v\u00e4ltima v\u00f5i asendama. <\/strong>Toidutalumatuse testi vahendatakse Tartus Biokliinikus ja Loodus BioSpas ning sellele j\u00e4rgneb dr Natalia Trofimova konsultatsioon (v\u00f5imalik ka telefoni teel, virtuaalselt zoomi keskkonnas v\u00f5i vastuv\u00f5tule tulles Biokliinikusse).<\/p>\n<p><strong>Toidutalumatuse test<\/strong>\u00a0on soovitatav teha neil, kes soovivad langetada\u00a0<strong>kaalu<\/strong>, tugevdada\u00a0<strong>immuuns\u00fcsteemi<\/strong>, taastada\u00a0<strong>nahka<\/strong>, parandada\u00a0<strong>juuste ja k\u00fc\u00fcnte<\/strong>\u00a0tugevust, kes valmistuvad\u00a0<strong>lapse saamiseks<\/strong>,\u00a0<strong>imetavad<\/strong>, kes kannatavad rasvumise v\u00f5i muude\u00a0<strong>krooniliste haiguste<\/strong>\u00a0all.<\/p>\n<p>T\u00e4psema kirjelduse, kuidas Te saate Toidutalumatuse Testi teha, leiate kerides lehte allapoole rubriigi alt &#8211; Kuidas toimub toidutalumatuse testi protseduur?<\/p>\n","protected":false},"featured_media":14957,"template":"","meta":[],"product_brand":[],"product_cat":[295],"product_tag":[],"class_list":{"0":"post-13336","1":"product","2":"type-product","3":"status-publish","4":"has-post-thumbnail","6":"product_cat-testid-uuringud","8":"first","9":"instock","10":"virtual","11":"taxable","12":"purchasable","13":"product-type-simple"},"yoast_head":"<!-- This site is optimized with the Yoast SEO plugin v27.0 - https:\/\/yoast.com\/product\/yoast-seo-wordpress\/ -->\n<title>Toidutalumatuse test arsti konsultatsiooniga - Loodus BioSpa<\/title>\n<meta name=\"robots\" content=\"noindex, follow, max-snippet:-1, max-image-preview:large, max-video-preview:-1\" \/>\n<meta property=\"og:locale\" content=\"et_EE\" \/>\n<meta property=\"og:type\" content=\"article\" \/>\n<meta property=\"og:title\" content=\"Toidutalumatuse test arsti konsultatsiooniga - Loodus BioSpa\" \/>\n<meta property=\"og:description\" content=\"Kas teadsite, et akne ja l\u00f6\u00f6bed, v\u00e4simus, puhitus, liigesevalud ja tihe k\u00fclmetus v\u00f5ivad tuleneda sellest, et organism osasid toiduaineid lihtsalt ei omasta? V\u00f5i seda, et vaatamata dieedile kaal sugugi ei lange, kui inimene kasutab toiduaineid, mida ta ei suuda seedida.  Test annab vastuse, milliseid toiduaineid peaks inimene oma men\u00fc\u00fcs v\u00e4ltima v\u00f5i asendama. Toidutalumatuse testi vahendatakse Tartus Biokliinikus ja Loodus BioSpas ning sellele j\u00e4rgneb dr Natalia Trofimova konsultatsioon (v\u00f5imalik ka telefoni teel, virtuaalselt zoomi keskkonnas v\u00f5i vastuv\u00f5tule tulles Biokliinikusse).  Toidutalumatuse test\u00a0on soovitatav teha neil, kes soovivad langetada\u00a0kaalu, tugevdada\u00a0immuuns\u00fcsteemi, taastada\u00a0nahka, parandada\u00a0juuste ja k\u00fc\u00fcnte\u00a0tugevust, kes valmistuvad\u00a0lapse saamiseks,\u00a0imetavad, kes kannatavad rasvumise v\u00f5i muude\u00a0krooniliste haiguste\u00a0all.  T\u00e4psema kirjelduse, kuidas Te saate Toidutalumatuse Testi teha, leiate kerides lehte allapoole rubriigi alt - Kuidas toimub toidutalumatuse testi protseduur?\" \/>\n<meta property=\"og:url\" content=\"https:\/\/biospa.ee\/fl2025\/toode\/toidutalumatuse-test-arsti-konsultatsiooniga\/\" \/>\n<meta property=\"og:site_name\" content=\"Loodus BioSpa\" \/>\n<meta property=\"article:publisher\" content=\"https:\/\/www.facebook.com\/LoodusBioSpa\/\" \/>\n<meta property=\"article:modified_time\" content=\"2024-03-25T08:17:28+00:00\" \/>\n<meta property=\"og:image\" content=\"https:\/\/biospa.ee\/wp-content\/uploads\/2021\/01\/Loodus-BioSpa-toidutalumatuse-test.jpeg\" \/>\n\t<meta property=\"og:image:width\" content=\"1080\" \/>\n\t<meta property=\"og:image:height\" content=\"1080\" \/>\n\t<meta property=\"og:image:type\" content=\"image\/jpeg\" \/>\n<meta name=\"twitter:card\" content=\"summary_large_image\" \/>\n<meta name=\"twitter:label1\" content=\"Est. reading time\" \/>\n\t<meta name=\"twitter:data1\" content=\"1 minut\" \/>\n<script type=\"application\/ld+json\" class=\"yoast-schema-graph\">{\"@context\":\"https:\/\/schema.org\",\"@graph\":[{\"@type\":\"WebPage\",\"@id\":\"https:\/\/biospa.ee\/fl2025\/toode\/toidutalumatuse-test-arsti-konsultatsiooniga\/\",\"url\":\"https:\/\/biospa.ee\/fl2025\/toode\/toidutalumatuse-test-arsti-konsultatsiooniga\/\",\"name\":\"Toidutalumatuse test arsti konsultatsiooniga - Loodus BioSpa\",\"isPartOf\":{\"@id\":\"https:\/\/biospa.ee\/fl2025\/#website\"},\"primaryImageOfPage\":{\"@id\":\"https:\/\/biospa.ee\/fl2025\/toode\/toidutalumatuse-test-arsti-konsultatsiooniga\/#primaryimage\"},\"image\":{\"@id\":\"https:\/\/biospa.ee\/fl2025\/toode\/toidutalumatuse-test-arsti-konsultatsiooniga\/#primaryimage\"},\"thumbnailUrl\":\"https:\/\/biospa.ee\/fl2025\/wp-content\/uploads\/2021\/01\/Loodus-BioSpa-toidutalumatuse-test.jpeg\",\"datePublished\":\"2021-01-19T14:48:09+00:00\",\"dateModified\":\"2024-03-25T08:17:28+00:00\",\"breadcrumb\":{\"@id\":\"https:\/\/biospa.ee\/fl2025\/toode\/toidutalumatuse-test-arsti-konsultatsiooniga\/#breadcrumb\"},\"inLanguage\":\"et\",\"potentialAction\":[{\"@type\":\"ReadAction\",\"target\":[\"https:\/\/biospa.ee\/fl2025\/toode\/toidutalumatuse-test-arsti-konsultatsiooniga\/\"]}]},{\"@type\":\"ImageObject\",\"inLanguage\":\"et\",\"@id\":\"https:\/\/biospa.ee\/fl2025\/toode\/toidutalumatuse-test-arsti-konsultatsiooniga\/#primaryimage\",\"url\":\"https:\/\/biospa.ee\/fl2025\/wp-content\/uploads\/2021\/01\/Loodus-BioSpa-toidutalumatuse-test.jpeg\",\"contentUrl\":\"https:\/\/biospa.ee\/fl2025\/wp-content\/uploads\/2021\/01\/Loodus-BioSpa-toidutalumatuse-test.jpeg\",\"width\":1080,\"height\":1080},{\"@type\":\"BreadcrumbList\",\"@id\":\"https:\/\/biospa.ee\/fl2025\/toode\/toidutalumatuse-test-arsti-konsultatsiooniga\/#breadcrumb\",\"itemListElement\":[{\"@type\":\"ListItem\",\"position\":1,\"name\":\"Home\",\"item\":\"https:\/\/biospa.ee\/fl2025\/\"},{\"@type\":\"ListItem\",\"position\":2,\"name\":\"Pood\",\"item\":\"https:\/\/biospa.ee\/fl2025\/pood\/\"},{\"@type\":\"ListItem\",\"position\":3,\"name\":\"Toidutalumatuse test arsti konsultatsiooniga\"}]},{\"@type\":\"WebSite\",\"@id\":\"https:\/\/biospa.ee\/fl2025\/#website\",\"url\":\"https:\/\/biospa.ee\/fl2025\/\",\"name\":\"Loodus BioSpa\",\"description\":\"Loodus BioSpa\",\"publisher\":{\"@id\":\"https:\/\/biospa.ee\/fl2025\/#organization\"},\"potentialAction\":[{\"@type\":\"SearchAction\",\"target\":{\"@type\":\"EntryPoint\",\"urlTemplate\":\"https:\/\/biospa.ee\/fl2025\/?s={search_term_string}\"},\"query-input\":{\"@type\":\"PropertyValueSpecification\",\"valueRequired\":true,\"valueName\":\"search_term_string\"}}],\"inLanguage\":\"et\"},{\"@type\":\"Organization\",\"@id\":\"https:\/\/biospa.ee\/fl2025\/#organization\",\"name\":\"Tesmasan O\u00dc\",\"url\":\"https:\/\/biospa.ee\/fl2025\/\",\"logo\":{\"@type\":\"ImageObject\",\"inLanguage\":\"et\",\"@id\":\"https:\/\/biospa.ee\/fl2025\/#\/schema\/logo\/image\/\",\"url\":\"https:\/\/biospa.ee\/fl2025\/wp-content\/uploads\/2025\/11\/BioSpa-loggo-est.png\",\"contentUrl\":\"https:\/\/biospa.ee\/fl2025\/wp-content\/uploads\/2025\/11\/BioSpa-loggo-est.png\",\"width\":842,\"height\":595,\"caption\":\"Tesmasan O\u00dc\"},\"image\":{\"@id\":\"https:\/\/biospa.ee\/fl2025\/#\/schema\/logo\/image\/\"},\"sameAs\":[\"https:\/\/www.facebook.com\/LoodusBioSpa\/\",\"https:\/\/www.instagram.com\/loodusbiospa\/\"]}]}<\/script>\n<!-- \/ Yoast SEO plugin. -->","yoast_head_json":{"title":"Toidutalumatuse test arsti konsultatsiooniga - Loodus BioSpa","robots":{"index":"noindex","follow":"follow","max-snippet":"max-snippet:-1","max-image-preview":"max-image-preview:large","max-video-preview":"max-video-preview:-1"},"og_locale":"et_EE","og_type":"article","og_title":"Toidutalumatuse test arsti konsultatsiooniga - Loodus BioSpa","og_description":"Kas teadsite, et akne ja l\u00f6\u00f6bed, v\u00e4simus, puhitus, liigesevalud ja tihe k\u00fclmetus v\u00f5ivad tuleneda sellest, et organism osasid toiduaineid lihtsalt ei omasta? V\u00f5i seda, et vaatamata dieedile kaal sugugi ei lange, kui inimene kasutab toiduaineid, mida ta ei suuda seedida.  Test annab vastuse, milliseid toiduaineid peaks inimene oma men\u00fc\u00fcs v\u00e4ltima v\u00f5i asendama. Toidutalumatuse testi vahendatakse Tartus Biokliinikus ja Loodus BioSpas ning sellele j\u00e4rgneb dr Natalia Trofimova konsultatsioon (v\u00f5imalik ka telefoni teel, virtuaalselt zoomi keskkonnas v\u00f5i vastuv\u00f5tule tulles Biokliinikusse).  Toidutalumatuse test\u00a0on soovitatav teha neil, kes soovivad langetada\u00a0kaalu, tugevdada\u00a0immuuns\u00fcsteemi, taastada\u00a0nahka, parandada\u00a0juuste ja k\u00fc\u00fcnte\u00a0tugevust, kes valmistuvad\u00a0lapse saamiseks,\u00a0imetavad, kes kannatavad rasvumise v\u00f5i muude\u00a0krooniliste haiguste\u00a0all.  T\u00e4psema kirjelduse, kuidas Te saate Toidutalumatuse Testi teha, leiate kerides lehte allapoole rubriigi alt - Kuidas toimub toidutalumatuse testi protseduur?","og_url":"https:\/\/biospa.ee\/fl2025\/toode\/toidutalumatuse-test-arsti-konsultatsiooniga\/","og_site_name":"Loodus BioSpa","article_publisher":"https:\/\/www.facebook.com\/LoodusBioSpa\/","article_modified_time":"2024-03-25T08:17:28+00:00","og_image":[{"width":1080,"height":1080,"url":"https:\/\/biospa.ee\/wp-content\/uploads\/2021\/01\/Loodus-BioSpa-toidutalumatuse-test.jpeg","type":"image\/jpeg"}],"twitter_card":"summary_large_image","twitter_misc":{"Est. reading time":"1 minut"},"schema":{"@context":"https:\/\/schema.org","@graph":[{"@type":"WebPage","@id":"https:\/\/biospa.ee\/fl2025\/toode\/toidutalumatuse-test-arsti-konsultatsiooniga\/","url":"https:\/\/biospa.ee\/fl2025\/toode\/toidutalumatuse-test-arsti-konsultatsiooniga\/","name":"Toidutalumatuse test arsti konsultatsiooniga - Loodus BioSpa","isPartOf":{"@id":"https:\/\/biospa.ee\/fl2025\/#website"},"primaryImageOfPage":{"@id":"https:\/\/biospa.ee\/fl2025\/toode\/toidutalumatuse-test-arsti-konsultatsiooniga\/#primaryimage"},"image":{"@id":"https:\/\/biospa.ee\/fl2025\/toode\/toidutalumatuse-test-arsti-konsultatsiooniga\/#primaryimage"},"thumbnailUrl":"https:\/\/biospa.ee\/fl2025\/wp-content\/uploads\/2021\/01\/Loodus-BioSpa-toidutalumatuse-test.jpeg","datePublished":"2021-01-19T14:48:09+00:00","dateModified":"2024-03-25T08:17:28+00:00","breadcrumb":{"@id":"https:\/\/biospa.ee\/fl2025\/toode\/toidutalumatuse-test-arsti-konsultatsiooniga\/#breadcrumb"},"inLanguage":"et","potentialAction":[{"@type":"ReadAction","target":["https:\/\/biospa.ee\/fl2025\/toode\/toidutalumatuse-test-arsti-konsultatsiooniga\/"]}]},{"@type":"ImageObject","inLanguage":"et","@id":"https:\/\/biospa.ee\/fl2025\/toode\/toidutalumatuse-test-arsti-konsultatsiooniga\/#primaryimage","url":"https:\/\/biospa.ee\/fl2025\/wp-content\/uploads\/2021\/01\/Loodus-BioSpa-toidutalumatuse-test.jpeg","contentUrl":"https:\/\/biospa.ee\/fl2025\/wp-content\/uploads\/2021\/01\/Loodus-BioSpa-toidutalumatuse-test.jpeg","width":1080,"height":1080},{"@type":"BreadcrumbList","@id":"https:\/\/biospa.ee\/fl2025\/toode\/toidutalumatuse-test-arsti-konsultatsiooniga\/#breadcrumb","itemListElement":[{"@type":"ListItem","position":1,"name":"Home","item":"https:\/\/biospa.ee\/fl2025\/"},{"@type":"ListItem","position":2,"name":"Pood","item":"https:\/\/biospa.ee\/fl2025\/pood\/"},{"@type":"ListItem","position":3,"name":"Toidutalumatuse test arsti konsultatsiooniga"}]},{"@type":"WebSite","@id":"https:\/\/biospa.ee\/fl2025\/#website","url":"https:\/\/biospa.ee\/fl2025\/","name":"Loodus BioSpa","description":"Loodus BioSpa","publisher":{"@id":"https:\/\/biospa.ee\/fl2025\/#organization"},"potentialAction":[{"@type":"SearchAction","target":{"@type":"EntryPoint","urlTemplate":"https:\/\/biospa.ee\/fl2025\/?s={search_term_string}"},"query-input":{"@type":"PropertyValueSpecification","valueRequired":true,"valueName":"search_term_string"}}],"inLanguage":"et"},{"@type":"Organization","@id":"https:\/\/biospa.ee\/fl2025\/#organization","name":"Tesmasan O\u00dc","url":"https:\/\/biospa.ee\/fl2025\/","logo":{"@type":"ImageObject","inLanguage":"et","@id":"https:\/\/biospa.ee\/fl2025\/#\/schema\/logo\/image\/","url":"https:\/\/biospa.ee\/fl2025\/wp-content\/uploads\/2025\/11\/BioSpa-loggo-est.png","contentUrl":"https:\/\/biospa.ee\/fl2025\/wp-content\/uploads\/2025\/11\/BioSpa-loggo-est.png","width":842,"height":595,"caption":"Tesmasan O\u00dc"},"image":{"@id":"https:\/\/biospa.ee\/fl2025\/#\/schema\/logo\/image\/"},"sameAs":["https:\/\/www.facebook.com\/LoodusBioSpa\/","https:\/\/www.instagram.com\/loodusbiospa\/"]}]}},"_links":{"self":[{"href":"https:\/\/biospa.ee\/fl2025\/wp-json\/wp\/v2\/product\/13336","targetHints":{"allow":["GET"]}}],"collection":[{"href":"https:\/\/biospa.ee\/fl2025\/wp-json\/wp\/v2\/product"}],"about":[{"href":"https:\/\/biospa.ee\/fl2025\/wp-json\/wp\/v2\/types\/product"}],"wp:featuredmedia":[{"embeddable":true,"href":"https:\/\/biospa.ee\/fl2025\/wp-json\/wp\/v2\/media\/14957"}],"wp:attachment":[{"href":"https:\/\/biospa.ee\/fl2025\/wp-json\/wp\/v2\/media?parent=13336"}],"wp:term":[{"taxonomy":"product_brand","embeddable":true,"href":"https:\/\/biospa.ee\/fl2025\/wp-json\/wp\/v2\/product_brand?post=13336"},{"taxonomy":"product_cat","embeddable":true,"href":"https:\/\/biospa.ee\/fl2025\/wp-json\/wp\/v2\/product_cat?post=13336"},{"taxonomy":"product_tag","embeddable":true,"href":"https:\/\/biospa.ee\/fl2025\/wp-json\/wp\/v2\/product_tag?post=13336"}],"curies":[{"name":"wp","href":"https:\/\/api.w.org\/{rel}","templated":true}]}}