{"id":13904,"date":"2021-02-18T10:30:25","date_gmt":"2021-02-18T08:30:25","guid":{"rendered":"https:\/\/biospa.ee\/?post_type=product&#038;p=13904"},"modified":"2026-04-06T15:53:45","modified_gmt":"2026-04-06T12:53:45","slug":"mineraalide-segu-basen-mineral-mischung-dr-ewald-toth","status":"publish","type":"product","link":"https:\/\/biospa.ee\/fl2025\/toode\/mineraalide-segu-basen-mineral-mischung-dr-ewald-toth\/","title":{"rendered":"Mineraalide segu &#8220;BASEN MINERAL&#8221;"},"content":{"rendered":"","protected":false},"excerpt":{"rendered":"<p>Mineraalide segu \u201cBASEN MINERAL MISCHUNG\u201d Dr.Ewald T\u00f6th (500g)<\/p>\n<p>Toidulisand, mis varustab organismi mineraalidega (kaltsium, tsink, magneesium, kaalium)<\/p>\n<ul>\n<li>algselt v\u00e4lja t\u00f6\u00f6tatud aktiivsetele ja professionaalsetele sportlastele<\/li>\n<li>Light-Quanten-Aktiv\u00ae (patenteeritud valgus-kvantprotsess)<\/li>\n<li>sobib taimetoitlastele ja veganitele<\/li>\n<\/ul>\n<p>Erip\u00e4ra:<br \/>\nMineraalid tehakse organismile k\u00e4ttesaadavaks karbonaatide ja tsitraatidena ning on seet\u00f5ttu h\u00e4sti talutavad.<\/p>\n<p>Toodet anal\u00fc\u00fcsitakse igal aastal anaboolsete steroidide ja stimulantide osas. Sobib sportlastele. (www.koeInerIiste.com)<\/p>\n<p>Naatriumkloriidivaba<br \/>\nLaktoosivaba<br \/>\nGluteenivaba<br \/>\nSuhkruvaba<\/p>\n<p><img decoding=\"async\" class=\"alignnone size-full wp-image-15082\" src=\"https:\/\/biospa.ee\/wp-content\/uploads\/2020\/11\/Kategooriad.png\" alt=\"\" width=\"396\" height=\"61\" srcset=\"https:\/\/biospa.ee\/fl2025\/wp-content\/uploads\/2020\/11\/Kategooriad-200x31.png 200w, https:\/\/biospa.ee\/fl2025\/wp-content\/uploads\/2020\/11\/Kategooriad-300x46.png 300w, https:\/\/biospa.ee\/fl2025\/wp-content\/uploads\/2020\/11\/Kategooriad.png 396w\" sizes=\"(max-width: 396px) 100vw, 396px\" \/><\/p>\n","protected":false},"featured_media":97298,"template":"","meta":[],"product_brand":[],"product_cat":[263],"product_tag":[365,366,367,368,369,370,371],"class_list":{"0":"post-13904","1":"product","2":"type-product","3":"status-publish","4":"has-post-thumbnail","6":"product_cat-toidulisandid","7":"product_tag-mineraalid","8":"product_tag-kaltsium","9":"product_tag-tsink","10":"product_tag-magneesium","11":"product_tag-kaalium","12":"product_tag-baasmineralid","13":"product_tag-sobib-taimetoitlastele","15":"first","16":"instock","17":"taxable","18":"shipping-taxable","19":"purchasable","20":"product-type-simple"},"yoast_head":"<!-- This site is optimized with the Yoast SEO plugin v27.0 - https:\/\/yoast.com\/product\/yoast-seo-wordpress\/ -->\n<title>Mineraalide segu &quot;BASEN MINERAL&quot; - Loodus BioSpa<\/title>\n<meta name=\"robots\" content=\"noindex, follow, max-snippet:-1, max-image-preview:large, max-video-preview:-1\" \/>\n<meta property=\"og:locale\" content=\"et_EE\" \/>\n<meta property=\"og:type\" content=\"article\" \/>\n<meta property=\"og:title\" content=\"Mineraalide segu &quot;BASEN MINERAL&quot; - Loodus BioSpa\" \/>\n<meta property=\"og:description\" content=\"Mineraalide segu \u201cBASEN MINERAL MISCHUNG\u201d Dr.Ewald T\u00f6th (500g)  Toidulisand, mis varustab organismi mineraalidega (kaltsium, tsink, magneesium, kaalium)   algselt v\u00e4lja t\u00f6\u00f6tatud aktiivsetele ja professionaalsetele sportlastele  Light-Quanten-Aktiv\u00ae (patenteeritud valgus-kvantprotsess)  sobib taimetoitlastele ja veganitele  Erip\u00e4ra: Mineraalid tehakse organismile k\u00e4ttesaadavaks karbonaatide ja tsitraatidena ning on seet\u00f5ttu h\u00e4sti talutavad.  Toodet anal\u00fc\u00fcsitakse igal aastal anaboolsete steroidide ja stimulantide osas. Sobib sportlastele. (www.koeInerIiste.com)  Naatriumkloriidivaba Laktoosivaba Gluteenivaba Suhkruvaba\" \/>\n<meta property=\"og:url\" content=\"https:\/\/biospa.ee\/fl2025\/toode\/mineraalide-segu-basen-mineral-mischung-dr-ewald-toth\/\" \/>\n<meta property=\"og:site_name\" content=\"Loodus BioSpa\" \/>\n<meta property=\"article:publisher\" content=\"https:\/\/www.facebook.com\/LoodusBioSpa\/\" \/>\n<meta property=\"article:modified_time\" content=\"2026-04-06T12:53:45+00:00\" \/>\n<meta property=\"og:image\" content=\"https:\/\/biospa.ee\/fl2025\/wp-content\/uploads\/2021\/02\/E-POOD-TOOTED-2-1.jpg\" \/>\n\t<meta property=\"og:image:width\" content=\"1080\" \/>\n\t<meta property=\"og:image:height\" content=\"1080\" \/>\n\t<meta property=\"og:image:type\" content=\"image\/jpeg\" \/>\n<meta name=\"twitter:card\" content=\"summary_large_image\" \/>\n<meta name=\"twitter:label1\" content=\"Est. reading time\" \/>\n\t<meta name=\"twitter:data1\" content=\"1 minut\" \/>\n<script type=\"application\/ld+json\" class=\"yoast-schema-graph\">{\"@context\":\"https:\/\/schema.org\",\"@graph\":[{\"@type\":\"WebPage\",\"@id\":\"https:\/\/biospa.ee\/fl2025\/toode\/mineraalide-segu-basen-mineral-mischung-dr-ewald-toth\/\",\"url\":\"https:\/\/biospa.ee\/fl2025\/toode\/mineraalide-segu-basen-mineral-mischung-dr-ewald-toth\/\",\"name\":\"Mineraalide segu \\\"BASEN MINERAL\\\" - Loodus BioSpa\",\"isPartOf\":{\"@id\":\"https:\/\/biospa.ee\/fl2025\/#website\"},\"primaryImageOfPage\":{\"@id\":\"https:\/\/biospa.ee\/fl2025\/toode\/mineraalide-segu-basen-mineral-mischung-dr-ewald-toth\/#primaryimage\"},\"image\":{\"@id\":\"https:\/\/biospa.ee\/fl2025\/toode\/mineraalide-segu-basen-mineral-mischung-dr-ewald-toth\/#primaryimage\"},\"thumbnailUrl\":\"https:\/\/biospa.ee\/fl2025\/wp-content\/uploads\/2021\/02\/E-POOD-TOOTED-2-1.jpg\",\"datePublished\":\"2021-02-18T08:30:25+00:00\",\"dateModified\":\"2026-04-06T12:53:45+00:00\",\"breadcrumb\":{\"@id\":\"https:\/\/biospa.ee\/fl2025\/toode\/mineraalide-segu-basen-mineral-mischung-dr-ewald-toth\/#breadcrumb\"},\"inLanguage\":\"et\",\"potentialAction\":[{\"@type\":\"ReadAction\",\"target\":[\"https:\/\/biospa.ee\/fl2025\/toode\/mineraalide-segu-basen-mineral-mischung-dr-ewald-toth\/\"]}]},{\"@type\":\"ImageObject\",\"inLanguage\":\"et\",\"@id\":\"https:\/\/biospa.ee\/fl2025\/toode\/mineraalide-segu-basen-mineral-mischung-dr-ewald-toth\/#primaryimage\",\"url\":\"https:\/\/biospa.ee\/fl2025\/wp-content\/uploads\/2021\/02\/E-POOD-TOOTED-2-1.jpg\",\"contentUrl\":\"https:\/\/biospa.ee\/fl2025\/wp-content\/uploads\/2021\/02\/E-POOD-TOOTED-2-1.jpg\",\"width\":1080,\"height\":1080},{\"@type\":\"BreadcrumbList\",\"@id\":\"https:\/\/biospa.ee\/fl2025\/toode\/mineraalide-segu-basen-mineral-mischung-dr-ewald-toth\/#breadcrumb\",\"itemListElement\":[{\"@type\":\"ListItem\",\"position\":1,\"name\":\"Home\",\"item\":\"https:\/\/biospa.ee\/fl2025\/\"},{\"@type\":\"ListItem\",\"position\":2,\"name\":\"Pood\",\"item\":\"https:\/\/biospa.ee\/fl2025\/pood\/\"},{\"@type\":\"ListItem\",\"position\":3,\"name\":\"Mineraalide segu &#8220;BASEN MINERAL&#8221;\"}]},{\"@type\":\"WebSite\",\"@id\":\"https:\/\/biospa.ee\/fl2025\/#website\",\"url\":\"https:\/\/biospa.ee\/fl2025\/\",\"name\":\"Loodus BioSpa\",\"description\":\"Loodus BioSpa\",\"publisher\":{\"@id\":\"https:\/\/biospa.ee\/fl2025\/#organization\"},\"potentialAction\":[{\"@type\":\"SearchAction\",\"target\":{\"@type\":\"EntryPoint\",\"urlTemplate\":\"https:\/\/biospa.ee\/fl2025\/?s={search_term_string}\"},\"query-input\":{\"@type\":\"PropertyValueSpecification\",\"valueRequired\":true,\"valueName\":\"search_term_string\"}}],\"inLanguage\":\"et\"},{\"@type\":\"Organization\",\"@id\":\"https:\/\/biospa.ee\/fl2025\/#organization\",\"name\":\"Tesmasan O\u00dc\",\"url\":\"https:\/\/biospa.ee\/fl2025\/\",\"logo\":{\"@type\":\"ImageObject\",\"inLanguage\":\"et\",\"@id\":\"https:\/\/biospa.ee\/fl2025\/#\/schema\/logo\/image\/\",\"url\":\"https:\/\/biospa.ee\/fl2025\/wp-content\/uploads\/2025\/11\/BioSpa-loggo-est.png\",\"contentUrl\":\"https:\/\/biospa.ee\/fl2025\/wp-content\/uploads\/2025\/11\/BioSpa-loggo-est.png\",\"width\":842,\"height\":595,\"caption\":\"Tesmasan O\u00dc\"},\"image\":{\"@id\":\"https:\/\/biospa.ee\/fl2025\/#\/schema\/logo\/image\/\"},\"sameAs\":[\"https:\/\/www.facebook.com\/LoodusBioSpa\/\",\"https:\/\/www.instagram.com\/loodusbiospa\/\"]}]}<\/script>\n<!-- \/ Yoast SEO plugin. -->","yoast_head_json":{"title":"Mineraalide segu \"BASEN MINERAL\" - Loodus BioSpa","robots":{"index":"noindex","follow":"follow","max-snippet":"max-snippet:-1","max-image-preview":"max-image-preview:large","max-video-preview":"max-video-preview:-1"},"og_locale":"et_EE","og_type":"article","og_title":"Mineraalide segu \"BASEN MINERAL\" - Loodus BioSpa","og_description":"Mineraalide segu \u201cBASEN MINERAL MISCHUNG\u201d Dr.Ewald T\u00f6th (500g)  Toidulisand, mis varustab organismi mineraalidega (kaltsium, tsink, magneesium, kaalium)   algselt v\u00e4lja t\u00f6\u00f6tatud aktiivsetele ja professionaalsetele sportlastele  Light-Quanten-Aktiv\u00ae (patenteeritud valgus-kvantprotsess)  sobib taimetoitlastele ja veganitele  Erip\u00e4ra: Mineraalid tehakse organismile k\u00e4ttesaadavaks karbonaatide ja tsitraatidena ning on seet\u00f5ttu h\u00e4sti talutavad.  Toodet anal\u00fc\u00fcsitakse igal aastal anaboolsete steroidide ja stimulantide osas. Sobib sportlastele. (www.koeInerIiste.com)  Naatriumkloriidivaba Laktoosivaba Gluteenivaba Suhkruvaba","og_url":"https:\/\/biospa.ee\/fl2025\/toode\/mineraalide-segu-basen-mineral-mischung-dr-ewald-toth\/","og_site_name":"Loodus BioSpa","article_publisher":"https:\/\/www.facebook.com\/LoodusBioSpa\/","article_modified_time":"2026-04-06T12:53:45+00:00","og_image":[{"width":1080,"height":1080,"url":"https:\/\/biospa.ee\/fl2025\/wp-content\/uploads\/2021\/02\/E-POOD-TOOTED-2-1.jpg","type":"image\/jpeg"}],"twitter_card":"summary_large_image","twitter_misc":{"Est. reading time":"1 minut"},"schema":{"@context":"https:\/\/schema.org","@graph":[{"@type":"WebPage","@id":"https:\/\/biospa.ee\/fl2025\/toode\/mineraalide-segu-basen-mineral-mischung-dr-ewald-toth\/","url":"https:\/\/biospa.ee\/fl2025\/toode\/mineraalide-segu-basen-mineral-mischung-dr-ewald-toth\/","name":"Mineraalide segu \"BASEN MINERAL\" - Loodus BioSpa","isPartOf":{"@id":"https:\/\/biospa.ee\/fl2025\/#website"},"primaryImageOfPage":{"@id":"https:\/\/biospa.ee\/fl2025\/toode\/mineraalide-segu-basen-mineral-mischung-dr-ewald-toth\/#primaryimage"},"image":{"@id":"https:\/\/biospa.ee\/fl2025\/toode\/mineraalide-segu-basen-mineral-mischung-dr-ewald-toth\/#primaryimage"},"thumbnailUrl":"https:\/\/biospa.ee\/fl2025\/wp-content\/uploads\/2021\/02\/E-POOD-TOOTED-2-1.jpg","datePublished":"2021-02-18T08:30:25+00:00","dateModified":"2026-04-06T12:53:45+00:00","breadcrumb":{"@id":"https:\/\/biospa.ee\/fl2025\/toode\/mineraalide-segu-basen-mineral-mischung-dr-ewald-toth\/#breadcrumb"},"inLanguage":"et","potentialAction":[{"@type":"ReadAction","target":["https:\/\/biospa.ee\/fl2025\/toode\/mineraalide-segu-basen-mineral-mischung-dr-ewald-toth\/"]}]},{"@type":"ImageObject","inLanguage":"et","@id":"https:\/\/biospa.ee\/fl2025\/toode\/mineraalide-segu-basen-mineral-mischung-dr-ewald-toth\/#primaryimage","url":"https:\/\/biospa.ee\/fl2025\/wp-content\/uploads\/2021\/02\/E-POOD-TOOTED-2-1.jpg","contentUrl":"https:\/\/biospa.ee\/fl2025\/wp-content\/uploads\/2021\/02\/E-POOD-TOOTED-2-1.jpg","width":1080,"height":1080},{"@type":"BreadcrumbList","@id":"https:\/\/biospa.ee\/fl2025\/toode\/mineraalide-segu-basen-mineral-mischung-dr-ewald-toth\/#breadcrumb","itemListElement":[{"@type":"ListItem","position":1,"name":"Home","item":"https:\/\/biospa.ee\/fl2025\/"},{"@type":"ListItem","position":2,"name":"Pood","item":"https:\/\/biospa.ee\/fl2025\/pood\/"},{"@type":"ListItem","position":3,"name":"Mineraalide segu &#8220;BASEN MINERAL&#8221;"}]},{"@type":"WebSite","@id":"https:\/\/biospa.ee\/fl2025\/#website","url":"https:\/\/biospa.ee\/fl2025\/","name":"Loodus BioSpa","description":"Loodus BioSpa","publisher":{"@id":"https:\/\/biospa.ee\/fl2025\/#organization"},"potentialAction":[{"@type":"SearchAction","target":{"@type":"EntryPoint","urlTemplate":"https:\/\/biospa.ee\/fl2025\/?s={search_term_string}"},"query-input":{"@type":"PropertyValueSpecification","valueRequired":true,"valueName":"search_term_string"}}],"inLanguage":"et"},{"@type":"Organization","@id":"https:\/\/biospa.ee\/fl2025\/#organization","name":"Tesmasan O\u00dc","url":"https:\/\/biospa.ee\/fl2025\/","logo":{"@type":"ImageObject","inLanguage":"et","@id":"https:\/\/biospa.ee\/fl2025\/#\/schema\/logo\/image\/","url":"https:\/\/biospa.ee\/fl2025\/wp-content\/uploads\/2025\/11\/BioSpa-loggo-est.png","contentUrl":"https:\/\/biospa.ee\/fl2025\/wp-content\/uploads\/2025\/11\/BioSpa-loggo-est.png","width":842,"height":595,"caption":"Tesmasan O\u00dc"},"image":{"@id":"https:\/\/biospa.ee\/fl2025\/#\/schema\/logo\/image\/"},"sameAs":["https:\/\/www.facebook.com\/LoodusBioSpa\/","https:\/\/www.instagram.com\/loodusbiospa\/"]}]}},"_links":{"self":[{"href":"https:\/\/biospa.ee\/fl2025\/wp-json\/wp\/v2\/product\/13904","targetHints":{"allow":["GET"]}}],"collection":[{"href":"https:\/\/biospa.ee\/fl2025\/wp-json\/wp\/v2\/product"}],"about":[{"href":"https:\/\/biospa.ee\/fl2025\/wp-json\/wp\/v2\/types\/product"}],"wp:featuredmedia":[{"embeddable":true,"href":"https:\/\/biospa.ee\/fl2025\/wp-json\/wp\/v2\/media\/97298"}],"wp:attachment":[{"href":"https:\/\/biospa.ee\/fl2025\/wp-json\/wp\/v2\/media?parent=13904"}],"wp:term":[{"taxonomy":"product_brand","embeddable":true,"href":"https:\/\/biospa.ee\/fl2025\/wp-json\/wp\/v2\/product_brand?post=13904"},{"taxonomy":"product_cat","embeddable":true,"href":"https:\/\/biospa.ee\/fl2025\/wp-json\/wp\/v2\/product_cat?post=13904"},{"taxonomy":"product_tag","embeddable":true,"href":"https:\/\/biospa.ee\/fl2025\/wp-json\/wp\/v2\/product_tag?post=13904"}],"curies":[{"name":"wp","href":"https:\/\/api.w.org\/{rel}","templated":true}]}}