{"id":16482,"date":"2021-10-14T15:47:33","date_gmt":"2021-10-14T12:47:33","guid":{"rendered":"https:\/\/biospa.ee\/?post_type=product&#038;p=16482"},"modified":"2026-04-07T10:27:52","modified_gmt":"2026-04-07T07:27:52","slug":"pro-mucosa-kapslid","status":"publish","type":"product","link":"https:\/\/biospa.ee\/fl2025\/toode\/pro-mucosa-kapslid\/","title":{"rendered":"Pro MUCOSA"},"content":{"rendered":"<p>Terve soole limaskest on v\u00f5imas kaitsebarj\u00e4\u00e4r. See sisaldab enamikku k\u00f5igist organismi immuunrakkudest, transpordib toitaineid verre ning toodab ens\u00fc\u00fcme ja antikehi \u2013 ja lima, mis katab need t\u00e4ielikult, kaitseb kuivamise eest ning hoiab mikroobe ja saasteaineid soolerakkudest eemal. See limakiht on ka soolefloora koduks ja kasvulavaks. Limaskesta rakud elavad vaid paar p\u00e4eva ja peavad end pidevalt uuenema. Selleks vajavad nad palju energiat ja rohkelt toitaineid.<\/p>\n<p>Limabarj\u00e4\u00e4ri ehitusmaterjal-Letsitiin v\u00f5i t\u00e4psemalt: selles sisalduv fosfatid\u00fc\u00fclkoliin on soole limaskesta kaitsva limaskesta kile p\u00f5hikoostisosa ja on seet\u00f5ttu oluline terve soolebarj\u00e4\u00e4ri jaoks. Pro Mucosa koostises olev fosfatid\u00fc\u00fclkoliin p\u00e4rineb allergeeni- ja GMO-vabast p\u00e4evalille letsitiinist.<\/p>\n<p>Glutamiin: k\u00fctus soolerakkudele-Aminohape glutamiin on peamine energiaallikas k\u00f5ikidele kiiresti jagunevatele rakkudele, eriti soolestiku immuun- ja limaskestarakkudele. Pro Mucosa sisaldab glutamiini ja alan\u00fc\u00fclglutamiini kombinatsiooni. Dipeptiid-alan\u00fc\u00fclglutamiin annab glutamiini v\u00e4ga stabiilsel ja kergesti imenduval kujul.<\/p>\n<p>B-vitamiin on vajalik limaskestade s\u00e4ilitamiseks-Kolm B-vitamiini on eriti olulised terve soole limaskesta jaoks ja on seet\u00f5ttu loomulikult ka Pro Mucosa koostises: riboflaviin (B2), niatsiin (B3) ja biotiin (B7). K\u00f5ik kolm osalevad DNA s\u00fcnteesis ja rakkude jagunemises ning on seet\u00f5ttu h\u00e4davajalikud limaskestade struktuuri ja regenereerimise jaoks.<\/p>\n<p>Lisaks varustab Pro Mucosa keha brokoliekstraktist saadava orgaanilise v\u00e4\u00e4vli (MSM), kvertsetiini, resveratrooli, fitsiini ja sulforafaaniga. Siia kuulub ka ravimseen Hericium erinaceus.<\/p>\n","protected":false},"excerpt":{"rendered":"<p>PRO MUCOSA by Tisso (kapslid, 185 g= 360 kapslit)<\/p>\n<p>Toidulisand- toetab normaalse limaskesta barj\u00e4\u00e4ri ja funktsiooni saavutamise nii seedetraktis, kui ka suu, nina ja tupe piirkonnas. Toetab ravi lekkiva soole s\u00fcndroomi puhul.<\/p>\n<p>Toidulisand &#8211; koos L-alan\u00fc\u00fcl L-glutamiini, kvertsetiini, letsitiini, brokkoli ekstrakti ja met\u00fc\u00fclsulfon\u00fc\u00fclmetaaniga(MSM) + B2- vitamiin( riboflaviin) ning biotiin aitavad hoida limaskesta normaalsena.<\/p>\n<p><a href=\"https:\/\/biospa.ee\/wp-content\/uploads\/2020\/11\/TISSOgramm_Glutenfrei.png\" data-caption=\"\"><img decoding=\"async\" class=\"alignnone wp-image-13290 size-full\" title=\"Gluteenivaba \" src=\"https:\/\/biospa.ee\/wp-content\/uploads\/2020\/11\/TISSOgramm_Glutenfrei.png\" alt=\"\" width=\"45\" height=\"45\" \/><\/a>\u00a0<a href=\"https:\/\/biospa.ee\/wp-content\/uploads\/2020\/11\/TISSOgramm_Hefefrei.png\" data-caption=\"\"><img decoding=\"async\" class=\"alignnone wp-image-13293 size-full\" title=\"P\u00e4rmivaba \" src=\"https:\/\/biospa.ee\/wp-content\/uploads\/2020\/11\/TISSOgramm_Hefefrei.png\" alt=\"\" width=\"45\" height=\"45\" \/><\/a>\u00a0<a href=\"https:\/\/biospa.ee\/wp-content\/uploads\/2020\/11\/TISSOgramm_ohne-zusatz-von.png\" data-caption=\"\"><img decoding=\"async\" class=\"alignnone wp-image-13299 size-full\" title=\"Ei sisalda magusaineid, s\u00e4ilitusaineid, aroome, v\u00e4rvaineid, maitsetugevdajaid, kunstlikke koostisosi\" src=\"https:\/\/biospa.ee\/wp-content\/uploads\/2020\/11\/TISSOgramm_ohne-zusatz-von.png\" alt=\"\" width=\"45\" height=\"45\" \/><\/a>\u00a0<a href=\"https:\/\/biospa.ee\/wp-content\/uploads\/2020\/11\/TISSOgramm_Schadstofffrei.png\" data-caption=\"\"><img decoding=\"async\" class=\"alignnone wp-image-13287 size-full\" title=\"Kahjulike koostisaineteta\" src=\"https:\/\/biospa.ee\/wp-content\/uploads\/2020\/11\/TISSOgramm_Schadstofffrei.png\" alt=\"\" width=\"45\" height=\"45\" \/><\/a>\u00a0<a href=\"https:\/\/biospa.ee\/wp-content\/uploads\/2020\/11\/TISSOgramm_Vegan.png\" data-caption=\"\"><img decoding=\"async\" class=\"alignnone wp-image-13275 size-full\" title=\"Vegan\" src=\"https:\/\/biospa.ee\/wp-content\/uploads\/2020\/11\/TISSOgramm_Vegan.png\" alt=\"\" width=\"45\" height=\"45\" \/><\/a>\u00a0<a href=\"https:\/\/biospa.ee\/wp-content\/uploads\/2020\/11\/TISSOgramm_Natuerliche-Inhaltsstoffe.png\" data-caption=\"\"><img decoding=\"async\" class=\"alignnone wp-image-13278 size-full\" title=\"Looduslikud koostisosad\" src=\"https:\/\/biospa.ee\/wp-content\/uploads\/2020\/11\/TISSOgramm_Natuerliche-Inhaltsstoffe.png\" alt=\"\" width=\"45\" height=\"45\" \/><\/a>\u00a0<a href=\"https:\/\/biospa.ee\/wp-content\/uploads\/2020\/11\/TISSOgramm_Lactosefrei.png\" data-caption=\"\"><img decoding=\"async\" class=\"alignnone wp-image-13281 size-full\" title=\"Laktoosivaba \" src=\"https:\/\/biospa.ee\/wp-content\/uploads\/2020\/11\/TISSOgramm_Lactosefrei.png\" alt=\"\" width=\"45\" height=\"45\" \/><\/a>\u00a0<a href=\"https:\/\/biospa.ee\/wp-content\/uploads\/2020\/11\/TISSOgramm_Hypoallergen.png\" data-caption=\"\"><img decoding=\"async\" class=\"alignnone wp-image-13284 size-full\" title=\"H\u00fcpoallergeenne \" src=\"https:\/\/biospa.ee\/wp-content\/uploads\/2020\/11\/TISSOgramm_Hypoallergen.png\" alt=\"\" width=\"45\" height=\"45\" \/><\/a><\/p>\n<p>&nbsp;<\/p>\n","protected":false},"featured_media":97392,"template":"","meta":[],"product_brand":[],"product_cat":[263],"product_tag":[311,316,322,323],"class_list":{"0":"post-16482","1":"product","2":"type-product","3":"status-publish","4":"has-post-thumbnail","6":"product_cat-toidulisandid","7":"product_tag-terve-soolestik","8":"product_tag-terve-seedimine","9":"product_tag-normaalne-soolestik","10":"product_tag-lekkiva-soole-sundroom","12":"first","13":"instock","14":"taxable","15":"shipping-taxable","16":"purchasable","17":"product-type-simple"},"yoast_head":"<!-- This site is optimized with the Yoast SEO plugin v27.0 - https:\/\/yoast.com\/product\/yoast-seo-wordpress\/ -->\n<title>Pro MUCOSA - Loodus BioSpa<\/title>\n<meta name=\"robots\" content=\"noindex, follow, max-snippet:-1, max-image-preview:large, max-video-preview:-1\" \/>\n<meta property=\"og:locale\" content=\"et_EE\" \/>\n<meta property=\"og:type\" content=\"article\" \/>\n<meta property=\"og:title\" content=\"Pro MUCOSA - Loodus BioSpa\" \/>\n<meta property=\"og:description\" content=\"PRO MUCOSA by Tisso (kapslid, 185 g= 360 kapslit)  Toidulisand- toetab normaalse limaskesta barj\u00e4\u00e4ri ja funktsiooni saavutamise nii seedetraktis, kui ka suu, nina ja tupe piirkonnas. Toetab ravi lekkiva soole s\u00fcndroomi puhul.  Toidulisand - koos L-alan\u00fc\u00fcl L-glutamiini, kvertsetiini, letsitiini, brokkoli ekstrakti ja met\u00fc\u00fclsulfon\u00fc\u00fclmetaaniga(MSM) + B2- vitamiin( riboflaviin) ning biotiin aitavad hoida limaskesta normaalsena.  \u00a0\u00a0\u00a0\u00a0\u00a0\u00a0\u00a0  &nbsp;\" \/>\n<meta property=\"og:url\" content=\"https:\/\/biospa.ee\/fl2025\/toode\/pro-mucosa-kapslid\/\" \/>\n<meta property=\"og:site_name\" content=\"Loodus BioSpa\" \/>\n<meta property=\"article:publisher\" content=\"https:\/\/www.facebook.com\/LoodusBioSpa\/\" \/>\n<meta property=\"article:modified_time\" content=\"2026-04-07T07:27:52+00:00\" \/>\n<meta property=\"og:image\" content=\"https:\/\/biospa.ee\/fl2025\/wp-content\/uploads\/2021\/10\/TISSO_Naturprodukte_Carousel_ProMucosa_1-1.jpg\" \/>\n\t<meta property=\"og:image:width\" content=\"1080\" \/>\n\t<meta property=\"og:image:height\" content=\"1080\" \/>\n\t<meta property=\"og:image:type\" content=\"image\/jpeg\" \/>\n<meta name=\"twitter:card\" content=\"summary_large_image\" \/>\n<meta name=\"twitter:label1\" content=\"Est. reading time\" \/>\n\t<meta name=\"twitter:data1\" content=\"2 minutit\" \/>\n<script type=\"application\/ld+json\" class=\"yoast-schema-graph\">{\"@context\":\"https:\/\/schema.org\",\"@graph\":[{\"@type\":\"WebPage\",\"@id\":\"https:\/\/biospa.ee\/fl2025\/toode\/pro-mucosa-kapslid\/\",\"url\":\"https:\/\/biospa.ee\/fl2025\/toode\/pro-mucosa-kapslid\/\",\"name\":\"Pro MUCOSA - Loodus BioSpa\",\"isPartOf\":{\"@id\":\"https:\/\/biospa.ee\/fl2025\/#website\"},\"primaryImageOfPage\":{\"@id\":\"https:\/\/biospa.ee\/fl2025\/toode\/pro-mucosa-kapslid\/#primaryimage\"},\"image\":{\"@id\":\"https:\/\/biospa.ee\/fl2025\/toode\/pro-mucosa-kapslid\/#primaryimage\"},\"thumbnailUrl\":\"https:\/\/biospa.ee\/fl2025\/wp-content\/uploads\/2021\/10\/TISSO_Naturprodukte_Carousel_ProMucosa_1-1.jpg\",\"datePublished\":\"2021-10-14T12:47:33+00:00\",\"dateModified\":\"2026-04-07T07:27:52+00:00\",\"breadcrumb\":{\"@id\":\"https:\/\/biospa.ee\/fl2025\/toode\/pro-mucosa-kapslid\/#breadcrumb\"},\"inLanguage\":\"et\",\"potentialAction\":[{\"@type\":\"ReadAction\",\"target\":[\"https:\/\/biospa.ee\/fl2025\/toode\/pro-mucosa-kapslid\/\"]}]},{\"@type\":\"ImageObject\",\"inLanguage\":\"et\",\"@id\":\"https:\/\/biospa.ee\/fl2025\/toode\/pro-mucosa-kapslid\/#primaryimage\",\"url\":\"https:\/\/biospa.ee\/fl2025\/wp-content\/uploads\/2021\/10\/TISSO_Naturprodukte_Carousel_ProMucosa_1-1.jpg\",\"contentUrl\":\"https:\/\/biospa.ee\/fl2025\/wp-content\/uploads\/2021\/10\/TISSO_Naturprodukte_Carousel_ProMucosa_1-1.jpg\",\"width\":1080,\"height\":1080},{\"@type\":\"BreadcrumbList\",\"@id\":\"https:\/\/biospa.ee\/fl2025\/toode\/pro-mucosa-kapslid\/#breadcrumb\",\"itemListElement\":[{\"@type\":\"ListItem\",\"position\":1,\"name\":\"Home\",\"item\":\"https:\/\/biospa.ee\/fl2025\/\"},{\"@type\":\"ListItem\",\"position\":2,\"name\":\"Pood\",\"item\":\"https:\/\/biospa.ee\/fl2025\/pood\/\"},{\"@type\":\"ListItem\",\"position\":3,\"name\":\"Pro MUCOSA\"}]},{\"@type\":\"WebSite\",\"@id\":\"https:\/\/biospa.ee\/fl2025\/#website\",\"url\":\"https:\/\/biospa.ee\/fl2025\/\",\"name\":\"Loodus BioSpa\",\"description\":\"Loodus BioSpa\",\"publisher\":{\"@id\":\"https:\/\/biospa.ee\/fl2025\/#organization\"},\"potentialAction\":[{\"@type\":\"SearchAction\",\"target\":{\"@type\":\"EntryPoint\",\"urlTemplate\":\"https:\/\/biospa.ee\/fl2025\/?s={search_term_string}\"},\"query-input\":{\"@type\":\"PropertyValueSpecification\",\"valueRequired\":true,\"valueName\":\"search_term_string\"}}],\"inLanguage\":\"et\"},{\"@type\":\"Organization\",\"@id\":\"https:\/\/biospa.ee\/fl2025\/#organization\",\"name\":\"Tesmasan O\u00dc\",\"url\":\"https:\/\/biospa.ee\/fl2025\/\",\"logo\":{\"@type\":\"ImageObject\",\"inLanguage\":\"et\",\"@id\":\"https:\/\/biospa.ee\/fl2025\/#\/schema\/logo\/image\/\",\"url\":\"https:\/\/biospa.ee\/fl2025\/wp-content\/uploads\/2025\/11\/BioSpa-loggo-est.png\",\"contentUrl\":\"https:\/\/biospa.ee\/fl2025\/wp-content\/uploads\/2025\/11\/BioSpa-loggo-est.png\",\"width\":842,\"height\":595,\"caption\":\"Tesmasan O\u00dc\"},\"image\":{\"@id\":\"https:\/\/biospa.ee\/fl2025\/#\/schema\/logo\/image\/\"},\"sameAs\":[\"https:\/\/www.facebook.com\/LoodusBioSpa\/\",\"https:\/\/www.instagram.com\/loodusbiospa\/\"]}]}<\/script>\n<!-- \/ Yoast SEO plugin. -->","yoast_head_json":{"title":"Pro MUCOSA - Loodus BioSpa","robots":{"index":"noindex","follow":"follow","max-snippet":"max-snippet:-1","max-image-preview":"max-image-preview:large","max-video-preview":"max-video-preview:-1"},"og_locale":"et_EE","og_type":"article","og_title":"Pro MUCOSA - Loodus BioSpa","og_description":"PRO MUCOSA by Tisso (kapslid, 185 g= 360 kapslit)  Toidulisand- toetab normaalse limaskesta barj\u00e4\u00e4ri ja funktsiooni saavutamise nii seedetraktis, kui ka suu, nina ja tupe piirkonnas. Toetab ravi lekkiva soole s\u00fcndroomi puhul.  Toidulisand - koos L-alan\u00fc\u00fcl L-glutamiini, kvertsetiini, letsitiini, brokkoli ekstrakti ja met\u00fc\u00fclsulfon\u00fc\u00fclmetaaniga(MSM) + B2- vitamiin( riboflaviin) ning biotiin aitavad hoida limaskesta normaalsena.  \u00a0\u00a0\u00a0\u00a0\u00a0\u00a0\u00a0  &nbsp;","og_url":"https:\/\/biospa.ee\/fl2025\/toode\/pro-mucosa-kapslid\/","og_site_name":"Loodus BioSpa","article_publisher":"https:\/\/www.facebook.com\/LoodusBioSpa\/","article_modified_time":"2026-04-07T07:27:52+00:00","og_image":[{"width":1080,"height":1080,"url":"https:\/\/biospa.ee\/fl2025\/wp-content\/uploads\/2021\/10\/TISSO_Naturprodukte_Carousel_ProMucosa_1-1.jpg","type":"image\/jpeg"}],"twitter_card":"summary_large_image","twitter_misc":{"Est. reading time":"2 minutit"},"schema":{"@context":"https:\/\/schema.org","@graph":[{"@type":"WebPage","@id":"https:\/\/biospa.ee\/fl2025\/toode\/pro-mucosa-kapslid\/","url":"https:\/\/biospa.ee\/fl2025\/toode\/pro-mucosa-kapslid\/","name":"Pro MUCOSA - Loodus BioSpa","isPartOf":{"@id":"https:\/\/biospa.ee\/fl2025\/#website"},"primaryImageOfPage":{"@id":"https:\/\/biospa.ee\/fl2025\/toode\/pro-mucosa-kapslid\/#primaryimage"},"image":{"@id":"https:\/\/biospa.ee\/fl2025\/toode\/pro-mucosa-kapslid\/#primaryimage"},"thumbnailUrl":"https:\/\/biospa.ee\/fl2025\/wp-content\/uploads\/2021\/10\/TISSO_Naturprodukte_Carousel_ProMucosa_1-1.jpg","datePublished":"2021-10-14T12:47:33+00:00","dateModified":"2026-04-07T07:27:52+00:00","breadcrumb":{"@id":"https:\/\/biospa.ee\/fl2025\/toode\/pro-mucosa-kapslid\/#breadcrumb"},"inLanguage":"et","potentialAction":[{"@type":"ReadAction","target":["https:\/\/biospa.ee\/fl2025\/toode\/pro-mucosa-kapslid\/"]}]},{"@type":"ImageObject","inLanguage":"et","@id":"https:\/\/biospa.ee\/fl2025\/toode\/pro-mucosa-kapslid\/#primaryimage","url":"https:\/\/biospa.ee\/fl2025\/wp-content\/uploads\/2021\/10\/TISSO_Naturprodukte_Carousel_ProMucosa_1-1.jpg","contentUrl":"https:\/\/biospa.ee\/fl2025\/wp-content\/uploads\/2021\/10\/TISSO_Naturprodukte_Carousel_ProMucosa_1-1.jpg","width":1080,"height":1080},{"@type":"BreadcrumbList","@id":"https:\/\/biospa.ee\/fl2025\/toode\/pro-mucosa-kapslid\/#breadcrumb","itemListElement":[{"@type":"ListItem","position":1,"name":"Home","item":"https:\/\/biospa.ee\/fl2025\/"},{"@type":"ListItem","position":2,"name":"Pood","item":"https:\/\/biospa.ee\/fl2025\/pood\/"},{"@type":"ListItem","position":3,"name":"Pro MUCOSA"}]},{"@type":"WebSite","@id":"https:\/\/biospa.ee\/fl2025\/#website","url":"https:\/\/biospa.ee\/fl2025\/","name":"Loodus BioSpa","description":"Loodus BioSpa","publisher":{"@id":"https:\/\/biospa.ee\/fl2025\/#organization"},"potentialAction":[{"@type":"SearchAction","target":{"@type":"EntryPoint","urlTemplate":"https:\/\/biospa.ee\/fl2025\/?s={search_term_string}"},"query-input":{"@type":"PropertyValueSpecification","valueRequired":true,"valueName":"search_term_string"}}],"inLanguage":"et"},{"@type":"Organization","@id":"https:\/\/biospa.ee\/fl2025\/#organization","name":"Tesmasan O\u00dc","url":"https:\/\/biospa.ee\/fl2025\/","logo":{"@type":"ImageObject","inLanguage":"et","@id":"https:\/\/biospa.ee\/fl2025\/#\/schema\/logo\/image\/","url":"https:\/\/biospa.ee\/fl2025\/wp-content\/uploads\/2025\/11\/BioSpa-loggo-est.png","contentUrl":"https:\/\/biospa.ee\/fl2025\/wp-content\/uploads\/2025\/11\/BioSpa-loggo-est.png","width":842,"height":595,"caption":"Tesmasan O\u00dc"},"image":{"@id":"https:\/\/biospa.ee\/fl2025\/#\/schema\/logo\/image\/"},"sameAs":["https:\/\/www.facebook.com\/LoodusBioSpa\/","https:\/\/www.instagram.com\/loodusbiospa\/"]}]}},"_links":{"self":[{"href":"https:\/\/biospa.ee\/fl2025\/wp-json\/wp\/v2\/product\/16482","targetHints":{"allow":["GET"]}}],"collection":[{"href":"https:\/\/biospa.ee\/fl2025\/wp-json\/wp\/v2\/product"}],"about":[{"href":"https:\/\/biospa.ee\/fl2025\/wp-json\/wp\/v2\/types\/product"}],"wp:featuredmedia":[{"embeddable":true,"href":"https:\/\/biospa.ee\/fl2025\/wp-json\/wp\/v2\/media\/97392"}],"wp:attachment":[{"href":"https:\/\/biospa.ee\/fl2025\/wp-json\/wp\/v2\/media?parent=16482"}],"wp:term":[{"taxonomy":"product_brand","embeddable":true,"href":"https:\/\/biospa.ee\/fl2025\/wp-json\/wp\/v2\/product_brand?post=16482"},{"taxonomy":"product_cat","embeddable":true,"href":"https:\/\/biospa.ee\/fl2025\/wp-json\/wp\/v2\/product_cat?post=16482"},{"taxonomy":"product_tag","embeddable":true,"href":"https:\/\/biospa.ee\/fl2025\/wp-json\/wp\/v2\/product_tag?post=16482"}],"curies":[{"name":"wp","href":"https:\/\/api.w.org\/{rel}","templated":true}]}}