{"id":17789,"date":"2022-01-05T09:31:21","date_gmt":"2022-01-05T07:31:21","guid":{"rendered":"https:\/\/biospa.ee\/?post_type=product&#038;p=17789"},"modified":"2026-04-07T10:44:20","modified_gmt":"2026-04-07T07:44:20","slug":"uus-pro-vita-d3-ol-forte","status":"publish","type":"product","link":"https:\/\/biospa.ee\/fl2025\/toode\/uus-pro-vita-d3-ol-forte\/","title":{"rendered":"Pro VITAMIN D3 \u00d6L  1.000"},"content":{"rendered":"<p>On olemas m\u00f5ned D3- ja K2-vitamiiniga kombineeritud preparaadid ja seda m\u00f5juval p\u00f5hjusel: need kaks vitamiini teevad koos t\u00f5elist koost\u00f6\u00f6d. Nad tagavad kaltsiumi j\u00f5udmise soolestikust verre ning sealt luudesse ja hammastesse. K2-vitamiin aktiveerib spetsiaalsed valgud, mis transpordivad mineraali sihtrakkudesse ja hoiavad selle samal ajal veresoontest eemal.<\/p>\n<p>Kuid ainult A-vitamiin t\u00e4iendab kolmikut.\u00a0Koostoimes D3-vitamiiniga ei kontrolli see mitte ainult nende valkude s\u00fcnteesi, vaid ka teisi keha funktsioone, n\u00e4iteks immuuns\u00fcsteemi.\u00a0Nad t\u00e4iendavad, tugevdavad ja reguleerivad \u00fcksteist.\u00a0D3-vitamiini v\u00f5tmisel ei tohiks t\u00e4helepanuta j\u00e4tta ka \u00fclej\u00e4\u00e4nud kahte.\u00a0Pro Vitamin D3 Oil 1000 sisaldab k\u00f5iki kolme vitamiini tasakaalustatud annuses.<\/p>\n","protected":false},"excerpt":{"rendered":"<p>Toidulisand- suures annuses <strong>D3-vitamiin koos vitamiinidega K2 ja A<\/strong><br \/>\nsisu: 15 ml<\/p>\n<p><strong>V\u00e4ga kontsentreeritud D3-vitamiin \u2013 1000 R\u00dc vaid 1 tilgaga:<\/strong> Tisso esmaklassiline preparaat D3-vitamiini igap\u00e4evaseks lisaportsjoniks \u00fchendab suures annuses loodusliku D3-vitamiini kahe kofaktori K2-vitamiini (all-trans MK-7) ja A-vitamiiniga. Kvaliteetsed taimsed kande\u00f5lid tagavad rasvlahustuvate vitamiinide hea biosaadavuse.<\/p>\n<ul>\n<li>1000 R\u00dc D3-vitamiini, 400 R\u00dc A-vitamiini ja 40 \u00b5g K2-vitamiini tilga kohta<\/li>\n<li>lahustatud kookosep\u00f5hises MCT \u00f5lis ja astelpaju viljaliha\u00f5lis<\/li>\n<li>praktiline tilgutipipett t\u00e4pseks ja vajadusep\u00f5hiseks doseerimiseks<\/li>\n<li>sobib ideaalselt ka perepudeliks<\/li>\n<\/ul>\n<p><a href=\"https:\/\/biospa.ee\/wp-content\/uploads\/2020\/11\/TISSOgramm_Glutenfrei.png\" data-caption=\"\"><img decoding=\"async\" class=\"alignnone wp-image-13290 size-full\" title=\"Gluteenivaba \" src=\"https:\/\/biospa.ee\/wp-content\/uploads\/2020\/11\/TISSOgramm_Glutenfrei.png\" alt=\"\" width=\"45\" height=\"45\" \/><\/a><a href=\"https:\/\/biospa.ee\/wp-content\/uploads\/2020\/11\/TISSOgramm_Hypoallergen.png\">\u00a0<\/a><a href=\"https:\/\/biospa.ee\/wp-content\/uploads\/2020\/11\/TISSOgramm_Hefefrei.png\" data-caption=\"\"><img decoding=\"async\" class=\"alignnone wp-image-13293 size-full\" title=\"P\u00e4rmivaba \" src=\"https:\/\/biospa.ee\/wp-content\/uploads\/2020\/11\/TISSOgramm_Hefefrei.png\" alt=\"\" width=\"45\" height=\"45\" \/><\/a><a href=\"https:\/\/biospa.ee\/wp-content\/uploads\/2020\/11\/TISSOgramm_Hypoallergen.png\">\u00a0<\/a><a href=\"https:\/\/biospa.ee\/wp-content\/uploads\/2020\/11\/TISSOgramm_ohne-zusatz-von.png\" data-caption=\"\"><img decoding=\"async\" class=\"alignnone wp-image-13299 size-full\" title=\"Ei sisalda magusaineid, s\u00e4ilitusaineid, aroome, v\u00e4rvaineid, maitsetugevdajaid, kunstlikke koostisosi\" src=\"https:\/\/biospa.ee\/wp-content\/uploads\/2020\/11\/TISSOgramm_ohne-zusatz-von.png\" alt=\"\" width=\"45\" height=\"45\" \/><\/a><a href=\"https:\/\/biospa.ee\/wp-content\/uploads\/2020\/11\/TISSOgramm_Hypoallergen.png\">\u00a0<\/a><a href=\"https:\/\/biospa.ee\/wp-content\/uploads\/2020\/11\/TISSOgramm_Schadstofffrei.png\" data-caption=\"\"><img decoding=\"async\" class=\"alignnone wp-image-13287 size-full\" title=\"Kahjulike koostisaineteta\" src=\"https:\/\/biospa.ee\/wp-content\/uploads\/2020\/11\/TISSOgramm_Schadstofffrei.png\" alt=\"\" width=\"45\" height=\"45\" \/><\/a><a href=\"https:\/\/biospa.ee\/wp-content\/uploads\/2020\/11\/TISSOgramm_Hypoallergen.png\">\u00a0<\/a><a href=\"https:\/\/biospa.ee\/wp-content\/uploads\/2020\/11\/TISSOgramm_Vegan.png\" data-caption=\"\"><img decoding=\"async\" class=\"alignnone wp-image-13275 size-full\" title=\"Vegan\" src=\"https:\/\/biospa.ee\/wp-content\/uploads\/2020\/11\/TISSOgramm_Vegan.png\" alt=\"\" width=\"45\" height=\"45\" \/><\/a><a href=\"https:\/\/biospa.ee\/wp-content\/uploads\/2020\/11\/TISSOgramm_Hypoallergen.png\">\u00a0<\/a><a href=\"https:\/\/biospa.ee\/wp-content\/uploads\/2020\/11\/TISSOgramm_Natuerliche-Inhaltsstoffe.png\" data-caption=\"\"><img decoding=\"async\" class=\"alignnone wp-image-13278 size-full\" title=\"Looduslikud koostisosad\" src=\"https:\/\/biospa.ee\/wp-content\/uploads\/2020\/11\/TISSOgramm_Natuerliche-Inhaltsstoffe.png\" alt=\"\" width=\"45\" height=\"45\" \/><\/a><a href=\"https:\/\/biospa.ee\/wp-content\/uploads\/2020\/11\/TISSOgramm_Hypoallergen.png\">\u00a0<\/a><a href=\"https:\/\/biospa.ee\/wp-content\/uploads\/2020\/11\/TISSOgramm_Lactosefrei.png\" data-caption=\"\"><img decoding=\"async\" class=\"alignnone wp-image-13281 size-full\" title=\"Laktoosivaba \" src=\"https:\/\/biospa.ee\/wp-content\/uploads\/2020\/11\/TISSOgramm_Lactosefrei.png\" alt=\"\" width=\"45\" height=\"45\" \/><\/a><a href=\"https:\/\/biospa.ee\/wp-content\/uploads\/2020\/11\/TISSOgramm_Hypoallergen.png\">\u00a0<\/a><a href=\"https:\/\/biospa.ee\/wp-content\/uploads\/2020\/11\/TISSOgramm_Hypoallergen.png\" data-caption=\"\"><img decoding=\"async\" class=\"alignnone wp-image-13284 size-full\" title=\"H\u00fcpoallergeenne \" src=\"https:\/\/biospa.ee\/wp-content\/uploads\/2020\/11\/TISSOgramm_Hypoallergen.png\" alt=\"\" width=\"45\" height=\"45\" \/><\/a><\/p>\n","protected":false},"featured_media":97440,"template":"","meta":[],"product_brand":[],"product_cat":[263],"product_tag":[336,337,338],"class_list":{"0":"post-17789","1":"product","2":"type-product","3":"status-publish","4":"has-post-thumbnail","6":"product_cat-toidulisandid","7":"product_tag-paikesevitamiin","8":"product_tag-mugav-doseerimine","9":"product_tag-koos-k-vitamiiniga","11":"first","12":"instock","13":"taxable","14":"shipping-taxable","15":"purchasable","16":"product-type-simple"},"yoast_head":"<!-- This site is optimized with the Yoast SEO plugin v27.0 - https:\/\/yoast.com\/product\/yoast-seo-wordpress\/ -->\n<title>Pro VITAMIN D3 \u00d6L 1.000 - Loodus BioSpa<\/title>\n<meta name=\"robots\" content=\"noindex, follow, max-snippet:-1, max-image-preview:large, max-video-preview:-1\" \/>\n<meta property=\"og:locale\" content=\"et_EE\" \/>\n<meta property=\"og:type\" content=\"article\" \/>\n<meta property=\"og:title\" content=\"Pro VITAMIN D3 \u00d6L 1.000 - Loodus BioSpa\" \/>\n<meta property=\"og:description\" content=\"Toidulisand- suures annuses D3-vitamiin koos vitamiinidega K2 ja A sisu: 15 ml  V\u00e4ga kontsentreeritud D3-vitamiin \u2013 1000 R\u00dc vaid 1 tilgaga: Tisso esmaklassiline preparaat D3-vitamiini igap\u00e4evaseks lisaportsjoniks \u00fchendab suures annuses loodusliku D3-vitamiini kahe kofaktori K2-vitamiini (all-trans MK-7) ja A-vitamiiniga. Kvaliteetsed taimsed kande\u00f5lid tagavad rasvlahustuvate vitamiinide hea biosaadavuse.   1000 R\u00dc D3-vitamiini, 400 R\u00dc A-vitamiini ja 40 \u00b5g K2-vitamiini tilga kohta  lahustatud kookosep\u00f5hises MCT \u00f5lis ja astelpaju viljaliha\u00f5lis  praktiline tilgutipipett t\u00e4pseks ja vajadusep\u00f5hiseks doseerimiseks  sobib ideaalselt ka perepudeliks  \u00a0\u00a0\u00a0\u00a0\u00a0\u00a0\u00a0\" \/>\n<meta property=\"og:url\" content=\"https:\/\/biospa.ee\/fl2025\/toode\/uus-pro-vita-d3-ol-forte\/\" \/>\n<meta property=\"og:site_name\" content=\"Loodus BioSpa\" \/>\n<meta property=\"article:publisher\" content=\"https:\/\/www.facebook.com\/LoodusBioSpa\/\" \/>\n<meta property=\"article:modified_time\" content=\"2026-04-07T07:44:20+00:00\" \/>\n<meta property=\"og:image\" content=\"https:\/\/biospa.ee\/fl2025\/wp-content\/uploads\/2022\/01\/TISSO_Naturprodukte_Carousel_ProVitaminD3Oel1000_1-1.jpg\" \/>\n\t<meta property=\"og:image:width\" content=\"1080\" \/>\n\t<meta property=\"og:image:height\" content=\"1080\" \/>\n\t<meta property=\"og:image:type\" content=\"image\/jpeg\" \/>\n<meta name=\"twitter:card\" content=\"summary_large_image\" \/>\n<meta name=\"twitter:label1\" content=\"Est. reading time\" \/>\n\t<meta name=\"twitter:data1\" content=\"1 minut\" \/>\n<script type=\"application\/ld+json\" class=\"yoast-schema-graph\">{\"@context\":\"https:\/\/schema.org\",\"@graph\":[{\"@type\":\"WebPage\",\"@id\":\"https:\/\/biospa.ee\/fl2025\/toode\/uus-pro-vita-d3-ol-forte\/\",\"url\":\"https:\/\/biospa.ee\/fl2025\/toode\/uus-pro-vita-d3-ol-forte\/\",\"name\":\"Pro VITAMIN D3 \u00d6L 1.000 - Loodus BioSpa\",\"isPartOf\":{\"@id\":\"https:\/\/biospa.ee\/fl2025\/#website\"},\"primaryImageOfPage\":{\"@id\":\"https:\/\/biospa.ee\/fl2025\/toode\/uus-pro-vita-d3-ol-forte\/#primaryimage\"},\"image\":{\"@id\":\"https:\/\/biospa.ee\/fl2025\/toode\/uus-pro-vita-d3-ol-forte\/#primaryimage\"},\"thumbnailUrl\":\"https:\/\/biospa.ee\/fl2025\/wp-content\/uploads\/2022\/01\/TISSO_Naturprodukte_Carousel_ProVitaminD3Oel1000_1-1.jpg\",\"datePublished\":\"2022-01-05T07:31:21+00:00\",\"dateModified\":\"2026-04-07T07:44:20+00:00\",\"breadcrumb\":{\"@id\":\"https:\/\/biospa.ee\/fl2025\/toode\/uus-pro-vita-d3-ol-forte\/#breadcrumb\"},\"inLanguage\":\"et\",\"potentialAction\":[{\"@type\":\"ReadAction\",\"target\":[\"https:\/\/biospa.ee\/fl2025\/toode\/uus-pro-vita-d3-ol-forte\/\"]}]},{\"@type\":\"ImageObject\",\"inLanguage\":\"et\",\"@id\":\"https:\/\/biospa.ee\/fl2025\/toode\/uus-pro-vita-d3-ol-forte\/#primaryimage\",\"url\":\"https:\/\/biospa.ee\/fl2025\/wp-content\/uploads\/2022\/01\/TISSO_Naturprodukte_Carousel_ProVitaminD3Oel1000_1-1.jpg\",\"contentUrl\":\"https:\/\/biospa.ee\/fl2025\/wp-content\/uploads\/2022\/01\/TISSO_Naturprodukte_Carousel_ProVitaminD3Oel1000_1-1.jpg\",\"width\":1080,\"height\":1080},{\"@type\":\"BreadcrumbList\",\"@id\":\"https:\/\/biospa.ee\/fl2025\/toode\/uus-pro-vita-d3-ol-forte\/#breadcrumb\",\"itemListElement\":[{\"@type\":\"ListItem\",\"position\":1,\"name\":\"Home\",\"item\":\"https:\/\/biospa.ee\/fl2025\/\"},{\"@type\":\"ListItem\",\"position\":2,\"name\":\"Pood\",\"item\":\"https:\/\/biospa.ee\/fl2025\/pood\/\"},{\"@type\":\"ListItem\",\"position\":3,\"name\":\"Pro VITAMIN D3 \u00d6L 1.000\"}]},{\"@type\":\"WebSite\",\"@id\":\"https:\/\/biospa.ee\/fl2025\/#website\",\"url\":\"https:\/\/biospa.ee\/fl2025\/\",\"name\":\"Loodus BioSpa\",\"description\":\"Loodus BioSpa\",\"publisher\":{\"@id\":\"https:\/\/biospa.ee\/fl2025\/#organization\"},\"potentialAction\":[{\"@type\":\"SearchAction\",\"target\":{\"@type\":\"EntryPoint\",\"urlTemplate\":\"https:\/\/biospa.ee\/fl2025\/?s={search_term_string}\"},\"query-input\":{\"@type\":\"PropertyValueSpecification\",\"valueRequired\":true,\"valueName\":\"search_term_string\"}}],\"inLanguage\":\"et\"},{\"@type\":\"Organization\",\"@id\":\"https:\/\/biospa.ee\/fl2025\/#organization\",\"name\":\"Tesmasan O\u00dc\",\"url\":\"https:\/\/biospa.ee\/fl2025\/\",\"logo\":{\"@type\":\"ImageObject\",\"inLanguage\":\"et\",\"@id\":\"https:\/\/biospa.ee\/fl2025\/#\/schema\/logo\/image\/\",\"url\":\"https:\/\/biospa.ee\/fl2025\/wp-content\/uploads\/2025\/11\/BioSpa-loggo-est.png\",\"contentUrl\":\"https:\/\/biospa.ee\/fl2025\/wp-content\/uploads\/2025\/11\/BioSpa-loggo-est.png\",\"width\":842,\"height\":595,\"caption\":\"Tesmasan O\u00dc\"},\"image\":{\"@id\":\"https:\/\/biospa.ee\/fl2025\/#\/schema\/logo\/image\/\"},\"sameAs\":[\"https:\/\/www.facebook.com\/LoodusBioSpa\/\",\"https:\/\/www.instagram.com\/loodusbiospa\/\"]}]}<\/script>\n<!-- \/ Yoast SEO plugin. -->","yoast_head_json":{"title":"Pro VITAMIN D3 \u00d6L 1.000 - Loodus BioSpa","robots":{"index":"noindex","follow":"follow","max-snippet":"max-snippet:-1","max-image-preview":"max-image-preview:large","max-video-preview":"max-video-preview:-1"},"og_locale":"et_EE","og_type":"article","og_title":"Pro VITAMIN D3 \u00d6L 1.000 - Loodus BioSpa","og_description":"Toidulisand- suures annuses D3-vitamiin koos vitamiinidega K2 ja A sisu: 15 ml  V\u00e4ga kontsentreeritud D3-vitamiin \u2013 1000 R\u00dc vaid 1 tilgaga: Tisso esmaklassiline preparaat D3-vitamiini igap\u00e4evaseks lisaportsjoniks \u00fchendab suures annuses loodusliku D3-vitamiini kahe kofaktori K2-vitamiini (all-trans MK-7) ja A-vitamiiniga. Kvaliteetsed taimsed kande\u00f5lid tagavad rasvlahustuvate vitamiinide hea biosaadavuse.   1000 R\u00dc D3-vitamiini, 400 R\u00dc A-vitamiini ja 40 \u00b5g K2-vitamiini tilga kohta  lahustatud kookosep\u00f5hises MCT \u00f5lis ja astelpaju viljaliha\u00f5lis  praktiline tilgutipipett t\u00e4pseks ja vajadusep\u00f5hiseks doseerimiseks  sobib ideaalselt ka perepudeliks  \u00a0\u00a0\u00a0\u00a0\u00a0\u00a0\u00a0","og_url":"https:\/\/biospa.ee\/fl2025\/toode\/uus-pro-vita-d3-ol-forte\/","og_site_name":"Loodus BioSpa","article_publisher":"https:\/\/www.facebook.com\/LoodusBioSpa\/","article_modified_time":"2026-04-07T07:44:20+00:00","og_image":[{"width":1080,"height":1080,"url":"https:\/\/biospa.ee\/fl2025\/wp-content\/uploads\/2022\/01\/TISSO_Naturprodukte_Carousel_ProVitaminD3Oel1000_1-1.jpg","type":"image\/jpeg"}],"twitter_card":"summary_large_image","twitter_misc":{"Est. reading time":"1 minut"},"schema":{"@context":"https:\/\/schema.org","@graph":[{"@type":"WebPage","@id":"https:\/\/biospa.ee\/fl2025\/toode\/uus-pro-vita-d3-ol-forte\/","url":"https:\/\/biospa.ee\/fl2025\/toode\/uus-pro-vita-d3-ol-forte\/","name":"Pro VITAMIN D3 \u00d6L 1.000 - Loodus BioSpa","isPartOf":{"@id":"https:\/\/biospa.ee\/fl2025\/#website"},"primaryImageOfPage":{"@id":"https:\/\/biospa.ee\/fl2025\/toode\/uus-pro-vita-d3-ol-forte\/#primaryimage"},"image":{"@id":"https:\/\/biospa.ee\/fl2025\/toode\/uus-pro-vita-d3-ol-forte\/#primaryimage"},"thumbnailUrl":"https:\/\/biospa.ee\/fl2025\/wp-content\/uploads\/2022\/01\/TISSO_Naturprodukte_Carousel_ProVitaminD3Oel1000_1-1.jpg","datePublished":"2022-01-05T07:31:21+00:00","dateModified":"2026-04-07T07:44:20+00:00","breadcrumb":{"@id":"https:\/\/biospa.ee\/fl2025\/toode\/uus-pro-vita-d3-ol-forte\/#breadcrumb"},"inLanguage":"et","potentialAction":[{"@type":"ReadAction","target":["https:\/\/biospa.ee\/fl2025\/toode\/uus-pro-vita-d3-ol-forte\/"]}]},{"@type":"ImageObject","inLanguage":"et","@id":"https:\/\/biospa.ee\/fl2025\/toode\/uus-pro-vita-d3-ol-forte\/#primaryimage","url":"https:\/\/biospa.ee\/fl2025\/wp-content\/uploads\/2022\/01\/TISSO_Naturprodukte_Carousel_ProVitaminD3Oel1000_1-1.jpg","contentUrl":"https:\/\/biospa.ee\/fl2025\/wp-content\/uploads\/2022\/01\/TISSO_Naturprodukte_Carousel_ProVitaminD3Oel1000_1-1.jpg","width":1080,"height":1080},{"@type":"BreadcrumbList","@id":"https:\/\/biospa.ee\/fl2025\/toode\/uus-pro-vita-d3-ol-forte\/#breadcrumb","itemListElement":[{"@type":"ListItem","position":1,"name":"Home","item":"https:\/\/biospa.ee\/fl2025\/"},{"@type":"ListItem","position":2,"name":"Pood","item":"https:\/\/biospa.ee\/fl2025\/pood\/"},{"@type":"ListItem","position":3,"name":"Pro VITAMIN D3 \u00d6L 1.000"}]},{"@type":"WebSite","@id":"https:\/\/biospa.ee\/fl2025\/#website","url":"https:\/\/biospa.ee\/fl2025\/","name":"Loodus BioSpa","description":"Loodus BioSpa","publisher":{"@id":"https:\/\/biospa.ee\/fl2025\/#organization"},"potentialAction":[{"@type":"SearchAction","target":{"@type":"EntryPoint","urlTemplate":"https:\/\/biospa.ee\/fl2025\/?s={search_term_string}"},"query-input":{"@type":"PropertyValueSpecification","valueRequired":true,"valueName":"search_term_string"}}],"inLanguage":"et"},{"@type":"Organization","@id":"https:\/\/biospa.ee\/fl2025\/#organization","name":"Tesmasan O\u00dc","url":"https:\/\/biospa.ee\/fl2025\/","logo":{"@type":"ImageObject","inLanguage":"et","@id":"https:\/\/biospa.ee\/fl2025\/#\/schema\/logo\/image\/","url":"https:\/\/biospa.ee\/fl2025\/wp-content\/uploads\/2025\/11\/BioSpa-loggo-est.png","contentUrl":"https:\/\/biospa.ee\/fl2025\/wp-content\/uploads\/2025\/11\/BioSpa-loggo-est.png","width":842,"height":595,"caption":"Tesmasan O\u00dc"},"image":{"@id":"https:\/\/biospa.ee\/fl2025\/#\/schema\/logo\/image\/"},"sameAs":["https:\/\/www.facebook.com\/LoodusBioSpa\/","https:\/\/www.instagram.com\/loodusbiospa\/"]}]}},"_links":{"self":[{"href":"https:\/\/biospa.ee\/fl2025\/wp-json\/wp\/v2\/product\/17789","targetHints":{"allow":["GET"]}}],"collection":[{"href":"https:\/\/biospa.ee\/fl2025\/wp-json\/wp\/v2\/product"}],"about":[{"href":"https:\/\/biospa.ee\/fl2025\/wp-json\/wp\/v2\/types\/product"}],"wp:featuredmedia":[{"embeddable":true,"href":"https:\/\/biospa.ee\/fl2025\/wp-json\/wp\/v2\/media\/97440"}],"wp:attachment":[{"href":"https:\/\/biospa.ee\/fl2025\/wp-json\/wp\/v2\/media?parent=17789"}],"wp:term":[{"taxonomy":"product_brand","embeddable":true,"href":"https:\/\/biospa.ee\/fl2025\/wp-json\/wp\/v2\/product_brand?post=17789"},{"taxonomy":"product_cat","embeddable":true,"href":"https:\/\/biospa.ee\/fl2025\/wp-json\/wp\/v2\/product_cat?post=17789"},{"taxonomy":"product_tag","embeddable":true,"href":"https:\/\/biospa.ee\/fl2025\/wp-json\/wp\/v2\/product_tag?post=17789"}],"curies":[{"name":"wp","href":"https:\/\/api.w.org\/{rel}","templated":true}]}}