{"id":17792,"date":"2022-01-05T09:34:42","date_gmt":"2022-01-05T07:34:42","guid":{"rendered":"https:\/\/biospa.ee\/?post_type=product&#038;p=17792"},"modified":"2026-04-07T11:57:37","modified_gmt":"2026-04-07T08:57:37","slug":"uus-pro-omnineuro","status":"publish","type":"product","link":"https:\/\/biospa.ee\/fl2025\/toode\/uus-pro-omnineuro\/","title":{"rendered":"Pro OMNINEURO"},"content":{"rendered":"<p>Tasakaalustatud ps\u00fc\u00fchika ja tugev n\u00e4rvis\u00fcsteem tagavad heaolu ning aitavad toime tulla igap\u00e4evaelu ja selle v\u00e4ljakutsetega.\u00a0<strong>Kuid kaasaegne maailm seab selle tasakaalustatud tasakaalu \u00fcha enam proovile<\/strong>\u00a0ning tagaj\u00e4rjeks v\u00f5ib olla krooniline stress ja isegi ps\u00fchholoogilised kannatused.\u00a0Nende seisundite p\u00fcsimisel tekivad ps\u00fchhosomaatilised kaebused, mis oluliselt v\u00e4hendavad elukvaliteeti.<\/p>\n<p>Lisaks: Krooniline stress on\u00a0<strong>elut\u00e4htsate ainete varas!\u00a0<\/strong>\u00dchelt poolt on see tingitud sellest, et p\u00fcsivalt k\u00f5rge kortisoolitaseme korral tehakse veres pidevalt k\u00e4ttesaadavaks elut\u00e4htsad ained, mis seej\u00e4rel \u2013 osaliselt kasutamata \u2013 organismis lihtsalt j\u00e4lle lagundatud.\u00a0Seevastu ainevahetus k\u00e4ib pidevalt t\u00e4istuuridel ja kulutab ka elut\u00e4htsaid aineid.\u00a0Lisaks tuleb elut\u00e4htsate ainetega t\u00f5rjuda oks\u00fcdatiivset stressi rakkudes, mis on p\u00f5hjustatud vaimsest ja f\u00fc\u00fcsilisest stressist.\u00a0Et mitte sattuda mikrotoitainete defitsiiti, saab tarbitud elut\u00e4htsaid aineid t\u00e4iendada kvaliteetsete toidulisanditega.<\/p>\n<p>Pro Omnineuro sisaldab L-karnosiini, tauriini ja kvertsetiini rohelise tee, brokkoli, granaat\u00f5una,<br \/>\nIndia \u017een\u0161enni, rosmariini, mustikate ja Tujukauna(Griffonia) ekstrakte.<\/p>\n<h3>Tervisealased v\u00e4ited:<\/h3>\n<ul>\n<li>P\u00fcridoksiin (B6), foolhape (B9) ja kobalamiin (B12) toetavad normaalset vaimset funktsiooni.<\/li>\n<li>P\u00fcridoksiin (B6) ja kobalamiin (B12) aitavad kaasa n\u00e4rvis\u00fcsteemi tervele talitlusele.<\/li>\n<li>P\u00fcridoksiin (B6), foolhape (B9) ja kobalamiin (B12) aitavad kaasa normaalsele homots\u00fcsteiinitasemele.<\/li>\n<li>P\u00fcridoksiin (B6), foolhape (B9) ja kobalamiin (B12) aitavad v\u00e4hendada v\u00e4simust ja kurnatust.<\/li>\n<li>P\u00fcridoksiin (B6) ja kobalamiin (B12) toetavad tervislikku energiavahetust.<\/li>\n<li>Foolhape (B9) on aminohapete s\u00fcnteesi jaoks v\u00e4\u00e4rtuslik.<\/li>\n<li>P\u00fcridoksiin (B6) on oluline normaalseks ts\u00fcsteiini s\u00fcnteesiks ning normaalseks valkude ja gl\u00fckogeeni metabolismiks.<\/li>\n<li>Foolhappel (B9) ja kobalamiinil (B12) on funktsioon rakkude jagunemisel.<\/li>\n<\/ul>\n","protected":false},"excerpt":{"rendered":"<p><strong>N\u00e4rvitoit loodusest:<\/strong>\u00a0Pro Omnineuro sisaldab L-karnosiini, tauriini ja kvertsetiini koos rohelise tee, brokkoli, granaat\u00f5una, ashwagandha, rosmariini, mustikate ja grifoonia ekstraktidega.\u00a0Foolhappega B6 ja B12 annab see teile ka k\u00f5ik vajalikud B-vitamiinid tervete n\u00e4rvide ja terve ps\u00fc\u00fchika jaoks.<\/p>\n<ul>\n<li>500 mg L-karnosiini ja 650 mg tauriini p\u00e4evase annuse kohta<\/li>\n<li>Kvertsetiin, v\u00e4\u00e4rtuslikud ekstraktid brokkolist, ashwagandhast ja muust<\/li>\n<li>Vitamiin B6, B12 ja foolhape suures annuses ja juba bioaktiivsel kujul<\/li>\n<li>Ilma kunstlike lisanditeta<\/li>\n<li>N\u00e4rvis\u00fcsteemile, ps\u00fc\u00fchikale, energiavahetusele, normaalsele homots\u00fcsteiinitasemele<\/li>\n<\/ul>\n<p>Sisu: 98 g = 180 kapslit<\/p>\n<p><a href=\"https:\/\/biospa.ee\/wp-content\/uploads\/2020\/11\/TISSOgramm_Glutenfrei.png\" data-caption=\"\"><img decoding=\"async\" class=\"alignnone wp-image-13290 size-full\" title=\"Gluteenivaba \" src=\"https:\/\/biospa.ee\/wp-content\/uploads\/2020\/11\/TISSOgramm_Glutenfrei.png\" alt=\"\" width=\"45\" height=\"45\" \/><\/a>\u00a0<a href=\"https:\/\/biospa.ee\/wp-content\/uploads\/2020\/11\/TISSOgramm_Hefefrei.png\" data-caption=\"\"><img decoding=\"async\" class=\"alignnone wp-image-13293 size-full\" title=\"P\u00e4rmivaba \" src=\"https:\/\/biospa.ee\/wp-content\/uploads\/2020\/11\/TISSOgramm_Hefefrei.png\" alt=\"\" width=\"45\" height=\"45\" \/><\/a>\u00a0<a href=\"https:\/\/biospa.ee\/wp-content\/uploads\/2020\/11\/TISSOgramm_ohne-zusatz-von.png\" data-caption=\"\"><img decoding=\"async\" class=\"alignnone wp-image-13299 size-full\" title=\"Ei sisalda magusaineid, s\u00e4ilitusaineid, aroome, v\u00e4rvaineid, maitsetugevdajaid, kunstlikke koostisosi\" src=\"https:\/\/biospa.ee\/wp-content\/uploads\/2020\/11\/TISSOgramm_ohne-zusatz-von.png\" alt=\"\" width=\"45\" height=\"45\" \/><\/a>\u00a0<a href=\"https:\/\/biospa.ee\/wp-content\/uploads\/2020\/11\/TISSOgramm_Schadstofffrei.png\" data-caption=\"\"><img decoding=\"async\" class=\"alignnone wp-image-13287 size-full\" title=\"Kahjulike koostisaineteta\" src=\"https:\/\/biospa.ee\/wp-content\/uploads\/2020\/11\/TISSOgramm_Schadstofffrei.png\" alt=\"\" width=\"45\" height=\"45\" \/><\/a>\u00a0<a href=\"https:\/\/biospa.ee\/wp-content\/uploads\/2020\/11\/TISSOgramm_Vegan.png\" data-caption=\"\"><img decoding=\"async\" class=\"alignnone wp-image-13275 size-full\" title=\"Vegan\" src=\"https:\/\/biospa.ee\/wp-content\/uploads\/2020\/11\/TISSOgramm_Vegan.png\" alt=\"\" width=\"45\" height=\"45\" \/><\/a>\u00a0<a href=\"https:\/\/biospa.ee\/wp-content\/uploads\/2020\/11\/TISSOgramm_Natuerliche-Inhaltsstoffe.png\" data-caption=\"\"><img decoding=\"async\" class=\"alignnone wp-image-13278 size-full\" title=\"Looduslikud koostisosad\" src=\"https:\/\/biospa.ee\/wp-content\/uploads\/2020\/11\/TISSOgramm_Natuerliche-Inhaltsstoffe.png\" alt=\"\" width=\"45\" height=\"45\" \/><\/a>\u00a0<a href=\"https:\/\/biospa.ee\/wp-content\/uploads\/2020\/11\/TISSOgramm_Lactosefrei.png\" data-caption=\"\"><img decoding=\"async\" class=\"alignnone wp-image-13281 size-full\" title=\"Laktoosivaba \" src=\"https:\/\/biospa.ee\/wp-content\/uploads\/2020\/11\/TISSOgramm_Lactosefrei.png\" alt=\"\" width=\"45\" height=\"45\" \/><\/a>\u00a0<a href=\"https:\/\/biospa.ee\/wp-content\/uploads\/2020\/11\/TISSOgramm_Hypoallergen.png\" data-caption=\"\"><img decoding=\"async\" class=\"alignnone wp-image-13284 size-full\" title=\"H\u00fcpoallergeenne \" src=\"https:\/\/biospa.ee\/wp-content\/uploads\/2020\/11\/TISSOgramm_Hypoallergen.png\" alt=\"\" width=\"45\" height=\"45\" \/><\/a><\/p>\n","protected":false},"featured_media":97532,"template":"","meta":[],"product_brand":[],"product_cat":[263],"product_tag":[],"class_list":{"0":"post-17792","1":"product","2":"type-product","3":"status-publish","4":"has-post-thumbnail","6":"product_cat-toidulisandid","8":"first","9":"instock","10":"taxable","11":"shipping-taxable","12":"purchasable","13":"product-type-simple"},"yoast_head":"<!-- This site is optimized with the Yoast SEO plugin v27.0 - https:\/\/yoast.com\/product\/yoast-seo-wordpress\/ -->\n<title>Pro OMNINEURO - Loodus BioSpa<\/title>\n<meta name=\"robots\" content=\"noindex, follow, max-snippet:-1, max-image-preview:large, max-video-preview:-1\" \/>\n<meta property=\"og:locale\" content=\"et_EE\" \/>\n<meta property=\"og:type\" content=\"article\" \/>\n<meta property=\"og:title\" content=\"Pro OMNINEURO - Loodus BioSpa\" \/>\n<meta property=\"og:description\" content=\"N\u00e4rvitoit loodusest:\u00a0Pro Omnineuro sisaldab L-karnosiini, tauriini ja kvertsetiini koos rohelise tee, brokkoli, granaat\u00f5una, ashwagandha, rosmariini, mustikate ja grifoonia ekstraktidega.\u00a0Foolhappega B6 ja B12 annab see teile ka k\u00f5ik vajalikud B-vitamiinid tervete n\u00e4rvide ja terve ps\u00fc\u00fchika jaoks.   500 mg L-karnosiini ja 650 mg tauriini p\u00e4evase annuse kohta  Kvertsetiin, v\u00e4\u00e4rtuslikud ekstraktid brokkolist, ashwagandhast ja muust  Vitamiin B6, B12 ja foolhape suures annuses ja juba bioaktiivsel kujul  Ilma kunstlike lisanditeta  N\u00e4rvis\u00fcsteemile, ps\u00fc\u00fchikale, energiavahetusele, normaalsele homots\u00fcsteiinitasemele  Sisu: 98 g = 180 kapslit  \u00a0\u00a0\u00a0\u00a0\u00a0\u00a0\u00a0\" \/>\n<meta property=\"og:url\" content=\"https:\/\/biospa.ee\/fl2025\/toode\/uus-pro-omnineuro\/\" \/>\n<meta property=\"og:site_name\" content=\"Loodus BioSpa\" \/>\n<meta property=\"article:publisher\" content=\"https:\/\/www.facebook.com\/LoodusBioSpa\/\" \/>\n<meta property=\"article:modified_time\" content=\"2026-04-07T08:57:37+00:00\" \/>\n<meta property=\"og:image\" content=\"https:\/\/biospa.ee\/fl2025\/wp-content\/uploads\/2022\/01\/TISSO_Naturprodukte_Pro-Omnineuro_FS_Icon-1.jpg\" \/>\n\t<meta property=\"og:image:width\" content=\"1080\" \/>\n\t<meta property=\"og:image:height\" content=\"1080\" \/>\n\t<meta property=\"og:image:type\" content=\"image\/jpeg\" \/>\n<meta name=\"twitter:card\" content=\"summary_large_image\" \/>\n<meta name=\"twitter:label1\" content=\"Est. reading time\" \/>\n\t<meta name=\"twitter:data1\" content=\"2 minutit\" \/>\n<script type=\"application\/ld+json\" class=\"yoast-schema-graph\">{\"@context\":\"https:\/\/schema.org\",\"@graph\":[{\"@type\":\"WebPage\",\"@id\":\"https:\/\/biospa.ee\/fl2025\/toode\/uus-pro-omnineuro\/\",\"url\":\"https:\/\/biospa.ee\/fl2025\/toode\/uus-pro-omnineuro\/\",\"name\":\"Pro OMNINEURO - Loodus BioSpa\",\"isPartOf\":{\"@id\":\"https:\/\/biospa.ee\/fl2025\/#website\"},\"primaryImageOfPage\":{\"@id\":\"https:\/\/biospa.ee\/fl2025\/toode\/uus-pro-omnineuro\/#primaryimage\"},\"image\":{\"@id\":\"https:\/\/biospa.ee\/fl2025\/toode\/uus-pro-omnineuro\/#primaryimage\"},\"thumbnailUrl\":\"https:\/\/biospa.ee\/fl2025\/wp-content\/uploads\/2022\/01\/TISSO_Naturprodukte_Pro-Omnineuro_FS_Icon-1.jpg\",\"datePublished\":\"2022-01-05T07:34:42+00:00\",\"dateModified\":\"2026-04-07T08:57:37+00:00\",\"breadcrumb\":{\"@id\":\"https:\/\/biospa.ee\/fl2025\/toode\/uus-pro-omnineuro\/#breadcrumb\"},\"inLanguage\":\"et\",\"potentialAction\":[{\"@type\":\"ReadAction\",\"target\":[\"https:\/\/biospa.ee\/fl2025\/toode\/uus-pro-omnineuro\/\"]}]},{\"@type\":\"ImageObject\",\"inLanguage\":\"et\",\"@id\":\"https:\/\/biospa.ee\/fl2025\/toode\/uus-pro-omnineuro\/#primaryimage\",\"url\":\"https:\/\/biospa.ee\/fl2025\/wp-content\/uploads\/2022\/01\/TISSO_Naturprodukte_Pro-Omnineuro_FS_Icon-1.jpg\",\"contentUrl\":\"https:\/\/biospa.ee\/fl2025\/wp-content\/uploads\/2022\/01\/TISSO_Naturprodukte_Pro-Omnineuro_FS_Icon-1.jpg\",\"width\":1080,\"height\":1080},{\"@type\":\"BreadcrumbList\",\"@id\":\"https:\/\/biospa.ee\/fl2025\/toode\/uus-pro-omnineuro\/#breadcrumb\",\"itemListElement\":[{\"@type\":\"ListItem\",\"position\":1,\"name\":\"Home\",\"item\":\"https:\/\/biospa.ee\/fl2025\/\"},{\"@type\":\"ListItem\",\"position\":2,\"name\":\"Pood\",\"item\":\"https:\/\/biospa.ee\/fl2025\/pood\/\"},{\"@type\":\"ListItem\",\"position\":3,\"name\":\"Pro OMNINEURO\"}]},{\"@type\":\"WebSite\",\"@id\":\"https:\/\/biospa.ee\/fl2025\/#website\",\"url\":\"https:\/\/biospa.ee\/fl2025\/\",\"name\":\"Loodus BioSpa\",\"description\":\"Loodus BioSpa\",\"publisher\":{\"@id\":\"https:\/\/biospa.ee\/fl2025\/#organization\"},\"potentialAction\":[{\"@type\":\"SearchAction\",\"target\":{\"@type\":\"EntryPoint\",\"urlTemplate\":\"https:\/\/biospa.ee\/fl2025\/?s={search_term_string}\"},\"query-input\":{\"@type\":\"PropertyValueSpecification\",\"valueRequired\":true,\"valueName\":\"search_term_string\"}}],\"inLanguage\":\"et\"},{\"@type\":\"Organization\",\"@id\":\"https:\/\/biospa.ee\/fl2025\/#organization\",\"name\":\"Tesmasan O\u00dc\",\"url\":\"https:\/\/biospa.ee\/fl2025\/\",\"logo\":{\"@type\":\"ImageObject\",\"inLanguage\":\"et\",\"@id\":\"https:\/\/biospa.ee\/fl2025\/#\/schema\/logo\/image\/\",\"url\":\"https:\/\/biospa.ee\/fl2025\/wp-content\/uploads\/2025\/11\/BioSpa-loggo-est.png\",\"contentUrl\":\"https:\/\/biospa.ee\/fl2025\/wp-content\/uploads\/2025\/11\/BioSpa-loggo-est.png\",\"width\":842,\"height\":595,\"caption\":\"Tesmasan O\u00dc\"},\"image\":{\"@id\":\"https:\/\/biospa.ee\/fl2025\/#\/schema\/logo\/image\/\"},\"sameAs\":[\"https:\/\/www.facebook.com\/LoodusBioSpa\/\",\"https:\/\/www.instagram.com\/loodusbiospa\/\"]}]}<\/script>\n<!-- \/ Yoast SEO plugin. -->","yoast_head_json":{"title":"Pro OMNINEURO - Loodus BioSpa","robots":{"index":"noindex","follow":"follow","max-snippet":"max-snippet:-1","max-image-preview":"max-image-preview:large","max-video-preview":"max-video-preview:-1"},"og_locale":"et_EE","og_type":"article","og_title":"Pro OMNINEURO - Loodus BioSpa","og_description":"N\u00e4rvitoit loodusest:\u00a0Pro Omnineuro sisaldab L-karnosiini, tauriini ja kvertsetiini koos rohelise tee, brokkoli, granaat\u00f5una, ashwagandha, rosmariini, mustikate ja grifoonia ekstraktidega.\u00a0Foolhappega B6 ja B12 annab see teile ka k\u00f5ik vajalikud B-vitamiinid tervete n\u00e4rvide ja terve ps\u00fc\u00fchika jaoks.   500 mg L-karnosiini ja 650 mg tauriini p\u00e4evase annuse kohta  Kvertsetiin, v\u00e4\u00e4rtuslikud ekstraktid brokkolist, ashwagandhast ja muust  Vitamiin B6, B12 ja foolhape suures annuses ja juba bioaktiivsel kujul  Ilma kunstlike lisanditeta  N\u00e4rvis\u00fcsteemile, ps\u00fc\u00fchikale, energiavahetusele, normaalsele homots\u00fcsteiinitasemele  Sisu: 98 g = 180 kapslit  \u00a0\u00a0\u00a0\u00a0\u00a0\u00a0\u00a0","og_url":"https:\/\/biospa.ee\/fl2025\/toode\/uus-pro-omnineuro\/","og_site_name":"Loodus BioSpa","article_publisher":"https:\/\/www.facebook.com\/LoodusBioSpa\/","article_modified_time":"2026-04-07T08:57:37+00:00","og_image":[{"width":1080,"height":1080,"url":"https:\/\/biospa.ee\/fl2025\/wp-content\/uploads\/2022\/01\/TISSO_Naturprodukte_Pro-Omnineuro_FS_Icon-1.jpg","type":"image\/jpeg"}],"twitter_card":"summary_large_image","twitter_misc":{"Est. reading time":"2 minutit"},"schema":{"@context":"https:\/\/schema.org","@graph":[{"@type":"WebPage","@id":"https:\/\/biospa.ee\/fl2025\/toode\/uus-pro-omnineuro\/","url":"https:\/\/biospa.ee\/fl2025\/toode\/uus-pro-omnineuro\/","name":"Pro OMNINEURO - Loodus BioSpa","isPartOf":{"@id":"https:\/\/biospa.ee\/fl2025\/#website"},"primaryImageOfPage":{"@id":"https:\/\/biospa.ee\/fl2025\/toode\/uus-pro-omnineuro\/#primaryimage"},"image":{"@id":"https:\/\/biospa.ee\/fl2025\/toode\/uus-pro-omnineuro\/#primaryimage"},"thumbnailUrl":"https:\/\/biospa.ee\/fl2025\/wp-content\/uploads\/2022\/01\/TISSO_Naturprodukte_Pro-Omnineuro_FS_Icon-1.jpg","datePublished":"2022-01-05T07:34:42+00:00","dateModified":"2026-04-07T08:57:37+00:00","breadcrumb":{"@id":"https:\/\/biospa.ee\/fl2025\/toode\/uus-pro-omnineuro\/#breadcrumb"},"inLanguage":"et","potentialAction":[{"@type":"ReadAction","target":["https:\/\/biospa.ee\/fl2025\/toode\/uus-pro-omnineuro\/"]}]},{"@type":"ImageObject","inLanguage":"et","@id":"https:\/\/biospa.ee\/fl2025\/toode\/uus-pro-omnineuro\/#primaryimage","url":"https:\/\/biospa.ee\/fl2025\/wp-content\/uploads\/2022\/01\/TISSO_Naturprodukte_Pro-Omnineuro_FS_Icon-1.jpg","contentUrl":"https:\/\/biospa.ee\/fl2025\/wp-content\/uploads\/2022\/01\/TISSO_Naturprodukte_Pro-Omnineuro_FS_Icon-1.jpg","width":1080,"height":1080},{"@type":"BreadcrumbList","@id":"https:\/\/biospa.ee\/fl2025\/toode\/uus-pro-omnineuro\/#breadcrumb","itemListElement":[{"@type":"ListItem","position":1,"name":"Home","item":"https:\/\/biospa.ee\/fl2025\/"},{"@type":"ListItem","position":2,"name":"Pood","item":"https:\/\/biospa.ee\/fl2025\/pood\/"},{"@type":"ListItem","position":3,"name":"Pro OMNINEURO"}]},{"@type":"WebSite","@id":"https:\/\/biospa.ee\/fl2025\/#website","url":"https:\/\/biospa.ee\/fl2025\/","name":"Loodus BioSpa","description":"Loodus BioSpa","publisher":{"@id":"https:\/\/biospa.ee\/fl2025\/#organization"},"potentialAction":[{"@type":"SearchAction","target":{"@type":"EntryPoint","urlTemplate":"https:\/\/biospa.ee\/fl2025\/?s={search_term_string}"},"query-input":{"@type":"PropertyValueSpecification","valueRequired":true,"valueName":"search_term_string"}}],"inLanguage":"et"},{"@type":"Organization","@id":"https:\/\/biospa.ee\/fl2025\/#organization","name":"Tesmasan O\u00dc","url":"https:\/\/biospa.ee\/fl2025\/","logo":{"@type":"ImageObject","inLanguage":"et","@id":"https:\/\/biospa.ee\/fl2025\/#\/schema\/logo\/image\/","url":"https:\/\/biospa.ee\/fl2025\/wp-content\/uploads\/2025\/11\/BioSpa-loggo-est.png","contentUrl":"https:\/\/biospa.ee\/fl2025\/wp-content\/uploads\/2025\/11\/BioSpa-loggo-est.png","width":842,"height":595,"caption":"Tesmasan O\u00dc"},"image":{"@id":"https:\/\/biospa.ee\/fl2025\/#\/schema\/logo\/image\/"},"sameAs":["https:\/\/www.facebook.com\/LoodusBioSpa\/","https:\/\/www.instagram.com\/loodusbiospa\/"]}]}},"_links":{"self":[{"href":"https:\/\/biospa.ee\/fl2025\/wp-json\/wp\/v2\/product\/17792","targetHints":{"allow":["GET"]}}],"collection":[{"href":"https:\/\/biospa.ee\/fl2025\/wp-json\/wp\/v2\/product"}],"about":[{"href":"https:\/\/biospa.ee\/fl2025\/wp-json\/wp\/v2\/types\/product"}],"wp:featuredmedia":[{"embeddable":true,"href":"https:\/\/biospa.ee\/fl2025\/wp-json\/wp\/v2\/media\/97532"}],"wp:attachment":[{"href":"https:\/\/biospa.ee\/fl2025\/wp-json\/wp\/v2\/media?parent=17792"}],"wp:term":[{"taxonomy":"product_brand","embeddable":true,"href":"https:\/\/biospa.ee\/fl2025\/wp-json\/wp\/v2\/product_brand?post=17792"},{"taxonomy":"product_cat","embeddable":true,"href":"https:\/\/biospa.ee\/fl2025\/wp-json\/wp\/v2\/product_cat?post=17792"},{"taxonomy":"product_tag","embeddable":true,"href":"https:\/\/biospa.ee\/fl2025\/wp-json\/wp\/v2\/product_tag?post=17792"}],"curies":[{"name":"wp","href":"https:\/\/api.w.org\/{rel}","templated":true}]}}