{"id":21161,"date":"2022-07-22T13:12:34","date_gmt":"2022-07-22T10:12:34","guid":{"rendered":"https:\/\/biospa.ee\/?post_type=product&#038;p=21161"},"modified":"2026-04-07T11:50:48","modified_gmt":"2026-04-07T08:50:48","slug":"uus-pro-ferra-ferment","status":"publish","type":"product","link":"https:\/\/biospa.ee\/fl2025\/toode\/uus-pro-ferra-ferment\/","title":{"rendered":"Pro FERRA FERMENT"},"content":{"rendered":"<p>Pro Ferra Ferment toetab rauavarude t\u00e4iendamist. Toode on tehtud koji seenest Aspergillus oryzae, millest on k\u00e4\u00e4ritatud raudsulfaati ning lisaks sisaldab toode raua imendumist soodustavat C-vitamiini ja valitud B-vitamiine. Iga kapsel sisaldab 21 mg rauda. Tisso toote raud p\u00e4rineb unikaalsest patenteeritud k\u00e4\u00e4ritamisest koji seenest Aspergillus oryzae.<\/p>\n<p>Raud on oluline mikroelement, mis kuulub mineraalide hulka, ilma milleta me eksisteerida ei saa.\u00a0Ta osaleb erinevates kehas toimuvates protsessides.\u00a0Selle peamisteks \u00fclesanneteks on kaasa aidata hapniku transportimisele l\u00e4bi organismi ja energia metabolismile.\u00a0Rauda ei saa organism ise toota, seega s\u00f5ltub see sellest, kas me seda toiduga omastame.\u00a0Kuigi meie taldrikutele satub p\u00f5him\u00f5tteliselt palju erinevaid rauda sisaldavaid toiduaineid, esineb rauapuudust koos vastavate rauapuuduse s\u00fcmptomitega sagedamini just naistel ja teistel riskir\u00fchmadel.<\/p>\n<p>Rauapuuduse v\u00f5i rauavaegusaneemia ennetamiseks v\u00f5i k\u00f5rvaldamiseks tuleks kontrollida enda rauavajadust ja toitumist.\u00a0Lisaks v\u00f5ib olla m\u00f5ttekas v\u00f5tta kombinatsiooni rauapreparaatidest, mis sisaldavad n\u00e4iteks C-vitamiini raua imendumise parandamiseks ja B2-vitamiini, mis aitab kaasa tervele raua ainevahetusele.<\/p>\n<h4>Ohutu ja k\u00f5rvalm\u00f5judeta<\/h4>\n<p>Riisi k\u00e4\u00e4ritamisel Aspergillus seentega (koji fermentatsioon) on Aasias ja eriti Jaapanis sajanditepikkune traditsioon ning see on muuhulgas sojakastmete, miso v\u00f5i sake valmistamise aluseks.\u00a0Aspergillus oryzae kannab USA Toidu- ja Ravimiameti (FDA) GRAS-sertifikaati (GRAS = \u00fcldiselt peetakse ohutuks) ja on seega klassifitseeritud kahjutuks.\u00a0Meie Koji-k\u00e4\u00e4ritatud raud on rakendusuuringutes osutunud t\u00e4iesti ohutuks ja k\u00f5rvaltoimeteta, isegi kui seda kasutatakse pikema aja jooksul ja suurtes annustes\u00a0<sup>1,2<\/sup>\u00a0.<\/p>\n<h3>Tervisealased v\u00e4ited:<\/h3>\n<ul>\n<li aria-level=\"1\">Raud aitab kaasa energia metabolismile, punaste vereliblede ja hemoglobiini moodustumisele, hapniku transportimisele organismis, immuuns\u00fcsteemi talitlusele, v\u00e4simuse v\u00e4henemisele ja kognitiivsele funktsioonile.<\/li>\n<li aria-level=\"1\">C-vitamiin suurendab raua imendumist.<\/li>\n<li aria-level=\"1\">Vitamiinid C, B2, B6 ja B12 aitavad kaasa energia ainevahetusele.<\/li>\n<li aria-level=\"1\">B2-vitamiin aitab kaasa raua ainevahetusele.<\/li>\n<li aria-level=\"1\">Vitamiinid B6 ja B12 aitavad kaasa punaste vereliblede moodustumisele.<\/li>\n<li aria-level=\"1\">Foolhape aitab kaasa normaalsele vereloomele ja v\u00e4hendab v\u00e4simust.<\/li>\n<\/ul>\n","protected":false},"excerpt":{"rendered":"<p><strong>Rauavarude \u00f5rnaks t\u00e4iendamiseks:<\/strong>\u00a0Pro Ferra Ferment pakub koji seen Aspergillus oryzae k\u00e4\u00e4ritatud raudsulfaati ja \u00fchendab seega taimse raua hea taluvuse kahevalentse rauasoola k\u00f5rge biosaadavusega.\u00a0Lisaks toetab C-vitamiini ja valitud B-vitamiinidega raua ainevahetust.<\/p>\n<ul>\n<li aria-level=\"1\">21 mg k\u00f5rge biosaadavusega rauda Aspergillus oryzae kapsli kohta<\/li>\n<li aria-level=\"1\">Eriti \u00f5rn maole t\u00e4nu aeglasele raua vabanemisele<\/li>\n<li aria-level=\"1\">C-vitamiin (puhverdatud) raua paremaks imendumiseks toidust<\/li>\n<li aria-level=\"1\">Sealhulgas\u00a0vitamiin B2 pluss aktiivne vitamiin B6, B12 ja folaat (foolhape)<\/li>\n<\/ul>\n<p>Sisu: 33 g = 60 kapslit<\/p>\n<p><a href=\"https:\/\/biospa.ee\/wp-content\/uploads\/2020\/11\/TISSOgramm_Glutenfrei.png\" data-caption=\"\"><img decoding=\"async\" class=\"alignnone wp-image-13290 size-full\" title=\"Gluteenivaba \" src=\"https:\/\/biospa.ee\/wp-content\/uploads\/2020\/11\/TISSOgramm_Glutenfrei.png\" alt=\"\" width=\"45\" height=\"45\" \/><\/a><a href=\"https:\/\/biospa.ee\/wp-content\/uploads\/2020\/11\/TISSOgramm_Hypoallergen.png\">\u00a0<\/a><a href=\"https:\/\/biospa.ee\/wp-content\/uploads\/2020\/11\/TISSOgramm_Hefefrei.png\" data-caption=\"\"><img decoding=\"async\" class=\"alignnone wp-image-13293 size-full\" title=\"P\u00e4rmivaba \" src=\"https:\/\/biospa.ee\/wp-content\/uploads\/2020\/11\/TISSOgramm_Hefefrei.png\" alt=\"\" width=\"45\" height=\"45\" \/><\/a><a href=\"https:\/\/biospa.ee\/wp-content\/uploads\/2020\/11\/TISSOgramm_Hypoallergen.png\">\u00a0<\/a><a href=\"https:\/\/biospa.ee\/wp-content\/uploads\/2020\/11\/TISSOgramm_ohne-zusatz-von.png\" data-caption=\"\"><img decoding=\"async\" class=\"alignnone wp-image-13299 size-full\" title=\"Ei sisalda magusaineid, s\u00e4ilitusaineid, aroome, v\u00e4rvaineid, maitsetugevdajaid, kunstlikke koostisosi\" src=\"https:\/\/biospa.ee\/wp-content\/uploads\/2020\/11\/TISSOgramm_ohne-zusatz-von.png\" alt=\"\" width=\"45\" height=\"45\" \/><\/a><a href=\"https:\/\/biospa.ee\/wp-content\/uploads\/2020\/11\/TISSOgramm_Hypoallergen.png\">\u00a0<\/a><a href=\"https:\/\/biospa.ee\/wp-content\/uploads\/2020\/11\/TISSOgramm_Schadstofffrei.png\" data-caption=\"\"><img decoding=\"async\" class=\"alignnone wp-image-13287 size-full\" title=\"Kahjulike koostisaineteta\" src=\"https:\/\/biospa.ee\/wp-content\/uploads\/2020\/11\/TISSOgramm_Schadstofffrei.png\" alt=\"\" width=\"45\" height=\"45\" \/><\/a><a href=\"https:\/\/biospa.ee\/wp-content\/uploads\/2020\/11\/TISSOgramm_Hypoallergen.png\">\u00a0<\/a><a href=\"https:\/\/biospa.ee\/wp-content\/uploads\/2020\/11\/TISSOgramm_Vegan.png\" data-caption=\"\"><img decoding=\"async\" class=\"alignnone wp-image-13275 size-full\" title=\"Vegan\" src=\"https:\/\/biospa.ee\/wp-content\/uploads\/2020\/11\/TISSOgramm_Vegan.png\" alt=\"\" width=\"45\" height=\"45\" \/><\/a><a href=\"https:\/\/biospa.ee\/wp-content\/uploads\/2020\/11\/TISSOgramm_Hypoallergen.png\">\u00a0<\/a><a href=\"https:\/\/biospa.ee\/wp-content\/uploads\/2020\/11\/TISSOgramm_Natuerliche-Inhaltsstoffe.png\" data-caption=\"\"><img decoding=\"async\" class=\"alignnone wp-image-13278 size-full\" title=\"Looduslikud koostisosad\" src=\"https:\/\/biospa.ee\/wp-content\/uploads\/2020\/11\/TISSOgramm_Natuerliche-Inhaltsstoffe.png\" alt=\"\" width=\"45\" height=\"45\" \/><\/a><a href=\"https:\/\/biospa.ee\/wp-content\/uploads\/2020\/11\/TISSOgramm_Hypoallergen.png\">\u00a0<\/a><a href=\"https:\/\/biospa.ee\/wp-content\/uploads\/2020\/11\/TISSOgramm_Lactosefrei.png\" data-caption=\"\"><img decoding=\"async\" class=\"alignnone wp-image-13281 size-full\" title=\"Laktoosivaba \" src=\"https:\/\/biospa.ee\/wp-content\/uploads\/2020\/11\/TISSOgramm_Lactosefrei.png\" alt=\"\" width=\"45\" height=\"45\" \/><\/a><a href=\"https:\/\/biospa.ee\/wp-content\/uploads\/2020\/11\/TISSOgramm_Hypoallergen.png\">\u00a0<\/a><a href=\"https:\/\/biospa.ee\/wp-content\/uploads\/2020\/11\/TISSOgramm_Hypoallergen.png\" data-caption=\"\"><img decoding=\"async\" class=\"alignnone wp-image-13284 size-full\" title=\"H\u00fcpoallergeenne \" src=\"https:\/\/biospa.ee\/wp-content\/uploads\/2020\/11\/TISSOgramm_Hypoallergen.png\" alt=\"\" width=\"45\" height=\"45\" \/><\/a><\/p>\n","protected":false},"featured_media":97508,"template":"","meta":[],"product_brand":[],"product_cat":[263],"product_tag":[],"class_list":{"0":"post-21161","1":"product","2":"type-product","3":"status-publish","4":"has-post-thumbnail","6":"product_cat-toidulisandid","8":"first","9":"instock","10":"taxable","11":"shipping-taxable","12":"purchasable","13":"product-type-simple"},"yoast_head":"<!-- This site is optimized with the Yoast SEO plugin v27.0 - https:\/\/yoast.com\/product\/yoast-seo-wordpress\/ -->\n<title>Pro FERRA FERMENT - Loodus BioSpa<\/title>\n<meta name=\"robots\" content=\"noindex, follow, max-snippet:-1, max-image-preview:large, max-video-preview:-1\" \/>\n<meta property=\"og:locale\" content=\"et_EE\" \/>\n<meta property=\"og:type\" content=\"article\" \/>\n<meta property=\"og:title\" content=\"Pro FERRA FERMENT - Loodus BioSpa\" \/>\n<meta property=\"og:description\" content=\"Rauavarude \u00f5rnaks t\u00e4iendamiseks:\u00a0Pro Ferra Ferment pakub koji seen Aspergillus oryzae k\u00e4\u00e4ritatud raudsulfaati ja \u00fchendab seega taimse raua hea taluvuse kahevalentse rauasoola k\u00f5rge biosaadavusega.\u00a0Lisaks toetab C-vitamiini ja valitud B-vitamiinidega raua ainevahetust.   21 mg k\u00f5rge biosaadavusega rauda Aspergillus oryzae kapsli kohta  Eriti \u00f5rn maole t\u00e4nu aeglasele raua vabanemisele  C-vitamiin (puhverdatud) raua paremaks imendumiseks toidust  Sealhulgas\u00a0vitamiin B2 pluss aktiivne vitamiin B6, B12 ja folaat (foolhape)  Sisu: 33 g = 60 kapslit  \u00a0\u00a0\u00a0\u00a0\u00a0\u00a0\u00a0\" \/>\n<meta property=\"og:url\" content=\"https:\/\/biospa.ee\/fl2025\/toode\/uus-pro-ferra-ferment\/\" \/>\n<meta property=\"og:site_name\" content=\"Loodus BioSpa\" \/>\n<meta property=\"article:publisher\" content=\"https:\/\/www.facebook.com\/LoodusBioSpa\/\" \/>\n<meta property=\"article:modified_time\" content=\"2026-04-07T08:50:48+00:00\" \/>\n<meta property=\"og:image\" content=\"https:\/\/biospa.ee\/fl2025\/wp-content\/uploads\/2022\/07\/TISSO_Naturprodukte_Pro-Ferra-Ferment_FS_Icon-1.jpg\" \/>\n\t<meta property=\"og:image:width\" content=\"1080\" \/>\n\t<meta property=\"og:image:height\" content=\"1080\" \/>\n\t<meta property=\"og:image:type\" content=\"image\/jpeg\" \/>\n<meta name=\"twitter:card\" content=\"summary_large_image\" \/>\n<meta name=\"twitter:label1\" content=\"Est. reading time\" \/>\n\t<meta name=\"twitter:data1\" content=\"2 minutit\" \/>\n<script type=\"application\/ld+json\" class=\"yoast-schema-graph\">{\"@context\":\"https:\/\/schema.org\",\"@graph\":[{\"@type\":\"WebPage\",\"@id\":\"https:\/\/biospa.ee\/fl2025\/toode\/uus-pro-ferra-ferment\/\",\"url\":\"https:\/\/biospa.ee\/fl2025\/toode\/uus-pro-ferra-ferment\/\",\"name\":\"Pro FERRA FERMENT - Loodus BioSpa\",\"isPartOf\":{\"@id\":\"https:\/\/biospa.ee\/fl2025\/#website\"},\"primaryImageOfPage\":{\"@id\":\"https:\/\/biospa.ee\/fl2025\/toode\/uus-pro-ferra-ferment\/#primaryimage\"},\"image\":{\"@id\":\"https:\/\/biospa.ee\/fl2025\/toode\/uus-pro-ferra-ferment\/#primaryimage\"},\"thumbnailUrl\":\"https:\/\/biospa.ee\/fl2025\/wp-content\/uploads\/2022\/07\/TISSO_Naturprodukte_Pro-Ferra-Ferment_FS_Icon-1.jpg\",\"datePublished\":\"2022-07-22T10:12:34+00:00\",\"dateModified\":\"2026-04-07T08:50:48+00:00\",\"breadcrumb\":{\"@id\":\"https:\/\/biospa.ee\/fl2025\/toode\/uus-pro-ferra-ferment\/#breadcrumb\"},\"inLanguage\":\"et\",\"potentialAction\":[{\"@type\":\"ReadAction\",\"target\":[\"https:\/\/biospa.ee\/fl2025\/toode\/uus-pro-ferra-ferment\/\"]}]},{\"@type\":\"ImageObject\",\"inLanguage\":\"et\",\"@id\":\"https:\/\/biospa.ee\/fl2025\/toode\/uus-pro-ferra-ferment\/#primaryimage\",\"url\":\"https:\/\/biospa.ee\/fl2025\/wp-content\/uploads\/2022\/07\/TISSO_Naturprodukte_Pro-Ferra-Ferment_FS_Icon-1.jpg\",\"contentUrl\":\"https:\/\/biospa.ee\/fl2025\/wp-content\/uploads\/2022\/07\/TISSO_Naturprodukte_Pro-Ferra-Ferment_FS_Icon-1.jpg\",\"width\":1080,\"height\":1080},{\"@type\":\"BreadcrumbList\",\"@id\":\"https:\/\/biospa.ee\/fl2025\/toode\/uus-pro-ferra-ferment\/#breadcrumb\",\"itemListElement\":[{\"@type\":\"ListItem\",\"position\":1,\"name\":\"Home\",\"item\":\"https:\/\/biospa.ee\/fl2025\/\"},{\"@type\":\"ListItem\",\"position\":2,\"name\":\"Pood\",\"item\":\"https:\/\/biospa.ee\/fl2025\/pood\/\"},{\"@type\":\"ListItem\",\"position\":3,\"name\":\"Pro FERRA FERMENT\"}]},{\"@type\":\"WebSite\",\"@id\":\"https:\/\/biospa.ee\/fl2025\/#website\",\"url\":\"https:\/\/biospa.ee\/fl2025\/\",\"name\":\"Loodus BioSpa\",\"description\":\"Loodus BioSpa\",\"publisher\":{\"@id\":\"https:\/\/biospa.ee\/fl2025\/#organization\"},\"potentialAction\":[{\"@type\":\"SearchAction\",\"target\":{\"@type\":\"EntryPoint\",\"urlTemplate\":\"https:\/\/biospa.ee\/fl2025\/?s={search_term_string}\"},\"query-input\":{\"@type\":\"PropertyValueSpecification\",\"valueRequired\":true,\"valueName\":\"search_term_string\"}}],\"inLanguage\":\"et\"},{\"@type\":\"Organization\",\"@id\":\"https:\/\/biospa.ee\/fl2025\/#organization\",\"name\":\"Tesmasan O\u00dc\",\"url\":\"https:\/\/biospa.ee\/fl2025\/\",\"logo\":{\"@type\":\"ImageObject\",\"inLanguage\":\"et\",\"@id\":\"https:\/\/biospa.ee\/fl2025\/#\/schema\/logo\/image\/\",\"url\":\"https:\/\/biospa.ee\/fl2025\/wp-content\/uploads\/2025\/11\/BioSpa-loggo-est.png\",\"contentUrl\":\"https:\/\/biospa.ee\/fl2025\/wp-content\/uploads\/2025\/11\/BioSpa-loggo-est.png\",\"width\":842,\"height\":595,\"caption\":\"Tesmasan O\u00dc\"},\"image\":{\"@id\":\"https:\/\/biospa.ee\/fl2025\/#\/schema\/logo\/image\/\"},\"sameAs\":[\"https:\/\/www.facebook.com\/LoodusBioSpa\/\",\"https:\/\/www.instagram.com\/loodusbiospa\/\"]}]}<\/script>\n<!-- \/ Yoast SEO plugin. -->","yoast_head_json":{"title":"Pro FERRA FERMENT - Loodus BioSpa","robots":{"index":"noindex","follow":"follow","max-snippet":"max-snippet:-1","max-image-preview":"max-image-preview:large","max-video-preview":"max-video-preview:-1"},"og_locale":"et_EE","og_type":"article","og_title":"Pro FERRA FERMENT - Loodus BioSpa","og_description":"Rauavarude \u00f5rnaks t\u00e4iendamiseks:\u00a0Pro Ferra Ferment pakub koji seen Aspergillus oryzae k\u00e4\u00e4ritatud raudsulfaati ja \u00fchendab seega taimse raua hea taluvuse kahevalentse rauasoola k\u00f5rge biosaadavusega.\u00a0Lisaks toetab C-vitamiini ja valitud B-vitamiinidega raua ainevahetust.   21 mg k\u00f5rge biosaadavusega rauda Aspergillus oryzae kapsli kohta  Eriti \u00f5rn maole t\u00e4nu aeglasele raua vabanemisele  C-vitamiin (puhverdatud) raua paremaks imendumiseks toidust  Sealhulgas\u00a0vitamiin B2 pluss aktiivne vitamiin B6, B12 ja folaat (foolhape)  Sisu: 33 g = 60 kapslit  \u00a0\u00a0\u00a0\u00a0\u00a0\u00a0\u00a0","og_url":"https:\/\/biospa.ee\/fl2025\/toode\/uus-pro-ferra-ferment\/","og_site_name":"Loodus BioSpa","article_publisher":"https:\/\/www.facebook.com\/LoodusBioSpa\/","article_modified_time":"2026-04-07T08:50:48+00:00","og_image":[{"width":1080,"height":1080,"url":"https:\/\/biospa.ee\/fl2025\/wp-content\/uploads\/2022\/07\/TISSO_Naturprodukte_Pro-Ferra-Ferment_FS_Icon-1.jpg","type":"image\/jpeg"}],"twitter_card":"summary_large_image","twitter_misc":{"Est. reading time":"2 minutit"},"schema":{"@context":"https:\/\/schema.org","@graph":[{"@type":"WebPage","@id":"https:\/\/biospa.ee\/fl2025\/toode\/uus-pro-ferra-ferment\/","url":"https:\/\/biospa.ee\/fl2025\/toode\/uus-pro-ferra-ferment\/","name":"Pro FERRA FERMENT - Loodus BioSpa","isPartOf":{"@id":"https:\/\/biospa.ee\/fl2025\/#website"},"primaryImageOfPage":{"@id":"https:\/\/biospa.ee\/fl2025\/toode\/uus-pro-ferra-ferment\/#primaryimage"},"image":{"@id":"https:\/\/biospa.ee\/fl2025\/toode\/uus-pro-ferra-ferment\/#primaryimage"},"thumbnailUrl":"https:\/\/biospa.ee\/fl2025\/wp-content\/uploads\/2022\/07\/TISSO_Naturprodukte_Pro-Ferra-Ferment_FS_Icon-1.jpg","datePublished":"2022-07-22T10:12:34+00:00","dateModified":"2026-04-07T08:50:48+00:00","breadcrumb":{"@id":"https:\/\/biospa.ee\/fl2025\/toode\/uus-pro-ferra-ferment\/#breadcrumb"},"inLanguage":"et","potentialAction":[{"@type":"ReadAction","target":["https:\/\/biospa.ee\/fl2025\/toode\/uus-pro-ferra-ferment\/"]}]},{"@type":"ImageObject","inLanguage":"et","@id":"https:\/\/biospa.ee\/fl2025\/toode\/uus-pro-ferra-ferment\/#primaryimage","url":"https:\/\/biospa.ee\/fl2025\/wp-content\/uploads\/2022\/07\/TISSO_Naturprodukte_Pro-Ferra-Ferment_FS_Icon-1.jpg","contentUrl":"https:\/\/biospa.ee\/fl2025\/wp-content\/uploads\/2022\/07\/TISSO_Naturprodukte_Pro-Ferra-Ferment_FS_Icon-1.jpg","width":1080,"height":1080},{"@type":"BreadcrumbList","@id":"https:\/\/biospa.ee\/fl2025\/toode\/uus-pro-ferra-ferment\/#breadcrumb","itemListElement":[{"@type":"ListItem","position":1,"name":"Home","item":"https:\/\/biospa.ee\/fl2025\/"},{"@type":"ListItem","position":2,"name":"Pood","item":"https:\/\/biospa.ee\/fl2025\/pood\/"},{"@type":"ListItem","position":3,"name":"Pro FERRA FERMENT"}]},{"@type":"WebSite","@id":"https:\/\/biospa.ee\/fl2025\/#website","url":"https:\/\/biospa.ee\/fl2025\/","name":"Loodus BioSpa","description":"Loodus BioSpa","publisher":{"@id":"https:\/\/biospa.ee\/fl2025\/#organization"},"potentialAction":[{"@type":"SearchAction","target":{"@type":"EntryPoint","urlTemplate":"https:\/\/biospa.ee\/fl2025\/?s={search_term_string}"},"query-input":{"@type":"PropertyValueSpecification","valueRequired":true,"valueName":"search_term_string"}}],"inLanguage":"et"},{"@type":"Organization","@id":"https:\/\/biospa.ee\/fl2025\/#organization","name":"Tesmasan O\u00dc","url":"https:\/\/biospa.ee\/fl2025\/","logo":{"@type":"ImageObject","inLanguage":"et","@id":"https:\/\/biospa.ee\/fl2025\/#\/schema\/logo\/image\/","url":"https:\/\/biospa.ee\/fl2025\/wp-content\/uploads\/2025\/11\/BioSpa-loggo-est.png","contentUrl":"https:\/\/biospa.ee\/fl2025\/wp-content\/uploads\/2025\/11\/BioSpa-loggo-est.png","width":842,"height":595,"caption":"Tesmasan O\u00dc"},"image":{"@id":"https:\/\/biospa.ee\/fl2025\/#\/schema\/logo\/image\/"},"sameAs":["https:\/\/www.facebook.com\/LoodusBioSpa\/","https:\/\/www.instagram.com\/loodusbiospa\/"]}]}},"_links":{"self":[{"href":"https:\/\/biospa.ee\/fl2025\/wp-json\/wp\/v2\/product\/21161","targetHints":{"allow":["GET"]}}],"collection":[{"href":"https:\/\/biospa.ee\/fl2025\/wp-json\/wp\/v2\/product"}],"about":[{"href":"https:\/\/biospa.ee\/fl2025\/wp-json\/wp\/v2\/types\/product"}],"wp:featuredmedia":[{"embeddable":true,"href":"https:\/\/biospa.ee\/fl2025\/wp-json\/wp\/v2\/media\/97508"}],"wp:attachment":[{"href":"https:\/\/biospa.ee\/fl2025\/wp-json\/wp\/v2\/media?parent=21161"}],"wp:term":[{"taxonomy":"product_brand","embeddable":true,"href":"https:\/\/biospa.ee\/fl2025\/wp-json\/wp\/v2\/product_brand?post=21161"},{"taxonomy":"product_cat","embeddable":true,"href":"https:\/\/biospa.ee\/fl2025\/wp-json\/wp\/v2\/product_cat?post=21161"},{"taxonomy":"product_tag","embeddable":true,"href":"https:\/\/biospa.ee\/fl2025\/wp-json\/wp\/v2\/product_tag?post=21161"}],"curies":[{"name":"wp","href":"https:\/\/api.w.org\/{rel}","templated":true}]}}