{"id":21167,"date":"2022-07-22T13:23:45","date_gmt":"2022-07-22T10:23:45","guid":{"rendered":"https:\/\/biospa.ee\/?post_type=product&#038;p=21167"},"modified":"2026-04-07T10:35:40","modified_gmt":"2026-04-07T07:35:40","slug":"uus-pro-lactoferrin-immun","status":"publish","type":"product","link":"https:\/\/biospa.ee\/fl2025\/toode\/uus-pro-lactoferrin-immun\/","title":{"rendered":"Pro LACTOFERRIN IMMUN"},"content":{"rendered":"<p>Toidulisand, mis toetab organismi kaitsev\u00f5imet ja raua tasakaalu.<br \/>\nPro Lactoferrin Immun pakub esmaklassilist laktoferriini koos puhverdatud C-vitamiiniga, et toetada organismi kaitsev\u00f5imet ja raua tasakaalu.<\/p>\n<p>Laktoferriin on v\u00e4ga mitmek\u00fclgne, arvukate antimikroobsete ja p\u00f5letikuvastaste toimetega immuunvalk, mis t\u00e4idab \u00fclesandeid ka raua ainevahetuses.\u00a0See on eriti kontsentreeritud kaitsvas rinnapiimas.\u00a0Kaasas\u00fcndinud immuunvastuse osana esineb see paljudes kehaeritistes, limaskestadel ja spetsiaalsetes kaitserakkudes (neutrofiilide granulots\u00fc\u00fctides), millest vabaneb infektsioonide ja p\u00f5letike k\u00e4igus.<\/p>\n<p>Laktoferriini saadakse lehmapiimast v\u00f5i vadakust.\u00a0Kui ekstraheeritud valku ei puhastata p\u00f5hjalikult, v\u00f5ib see olla saastunud endotoksiinide ja muude piimast p\u00e4rinevate saasteainetega ning on seet\u00f5ttu organismile kasutusk\u00f5lbmatu.<\/p>\n<p>TISSO kasutatav Lactoferrin CLN\u00a0<sup>TM<\/sup>\u00a0on t\u00e4nu patenteeritud mitmeastmelisele puhastamisele ainulaadselt k\u00f5rge puhtusastmega 98% ning on seet\u00f5ttu t\u00f5estatavalt bioaktiivsem kui tavalised laktoferriinitooted.<br \/>\nMaomahlakindlad kapslid (DRcaps\u00a0<sup>\u00ae<\/sup>\u00a0) tagavad, et koostisained vabanevad ainult otse soolestikus.<\/p>\n","protected":false},"excerpt":{"rendered":"<p>Toidulisand, mis sisaldab Lactoferrin CLN\u2122 ja C-vitamiini<br \/>\nSisu: 24 g = 60 kapslit<\/p>\n<div class=\"product-description\" data-v-6550369c=\"\">\n<p><strong>Immuuns\u00fcsteemi ja raua tasakaalu toetamiseks:<\/strong>\u00a0Pro Lactoferrin Immun pakub k\u00f5rge puhtusastmega veise laktoferriini esmaklassilise kvaliteediga koos C-vitamiiniga, et toetada immuuns\u00fcsteemi ja raua tasakaalu.<\/p>\n<ul>\n<li aria-level=\"1\">suur annus 400 mg laktoferriiniga p\u00e4evas<\/li>\n<li aria-level=\"1\">Lactoferrin CLN\u2122 98% puhtusega, lipopol\u00fcsahhariidide (LPS) vaba<\/li>\n<li aria-level=\"1\">on osutunud bioaktiivsemaks kui tavalised laktoferriinitooted<\/li>\n<li aria-level=\"1\">200 mg C-vitamiini \u2013 h\u00e4sti talutav (puhverdatud) naatriumaskorbaadina<\/li>\n<li aria-level=\"1\">Enterokattega kapslid (DRcaps\u00ae) optimaalseks vabanemiseks soolestikus<\/li>\n<li aria-level=\"1\">Laktoosivaba (sisaldus &lt; 0,1%)<\/li>\n<\/ul>\n<\/div>\n<div class=\"text-end my-5 mt-lg-0 mb-lg-5\" data-v-6550369c=\"\"><\/div>\n<p><a href=\"https:\/\/biospa.ee\/wp-content\/uploads\/2020\/11\/TISSOgramm_Glutenfrei.png\" data-caption=\"\"><img decoding=\"async\" class=\"alignnone wp-image-13290 size-full\" title=\"Gluteenivaba \" src=\"https:\/\/biospa.ee\/wp-content\/uploads\/2020\/11\/TISSOgramm_Glutenfrei.png\" alt=\"\" width=\"45\" height=\"45\" \/><\/a>\u00a0<a href=\"https:\/\/biospa.ee\/wp-content\/uploads\/2020\/11\/TISSOgramm_Hefefrei.png\" data-caption=\"\"><img decoding=\"async\" class=\"alignnone wp-image-13293 size-full\" title=\"P\u00e4rmivaba \" src=\"https:\/\/biospa.ee\/wp-content\/uploads\/2020\/11\/TISSOgramm_Hefefrei.png\" alt=\"\" width=\"45\" height=\"45\" \/><\/a>\u00a0<a href=\"https:\/\/biospa.ee\/wp-content\/uploads\/2020\/11\/TISSOgramm_ohne-zusatz-von.png\" data-caption=\"\"><img decoding=\"async\" class=\"alignnone wp-image-13299 size-full\" title=\"Ei sisalda magusaineid, s\u00e4ilitusaineid, aroome, v\u00e4rvaineid, maitsetugevdajaid, kunstlikke koostisosi\" src=\"https:\/\/biospa.ee\/wp-content\/uploads\/2020\/11\/TISSOgramm_ohne-zusatz-von.png\" alt=\"\" width=\"45\" height=\"45\" \/><\/a>\u00a0<a href=\"https:\/\/biospa.ee\/wp-content\/uploads\/2020\/11\/TISSOgramm_Schadstofffrei.png\" data-caption=\"\"><img decoding=\"async\" class=\"alignnone wp-image-13287 size-full\" title=\"Kahjulike koostisaineteta\" src=\"https:\/\/biospa.ee\/wp-content\/uploads\/2020\/11\/TISSOgramm_Schadstofffrei.png\" alt=\"\" width=\"45\" height=\"45\" \/><\/a>\u00a0<a href=\"https:\/\/biospa.ee\/wp-content\/uploads\/2020\/11\/TISSOgramm_Vegan.png\" data-caption=\"\"><img decoding=\"async\" class=\"alignnone wp-image-13275 size-full\" title=\"Vegan\" src=\"https:\/\/biospa.ee\/wp-content\/uploads\/2020\/11\/TISSOgramm_Vegan.png\" alt=\"\" width=\"45\" height=\"45\" \/><\/a>\u00a0<a href=\"https:\/\/biospa.ee\/wp-content\/uploads\/2020\/11\/TISSOgramm_Natuerliche-Inhaltsstoffe.png\" data-caption=\"\"><img decoding=\"async\" class=\"alignnone wp-image-13278 size-full\" title=\"Looduslikud koostisosad\" src=\"https:\/\/biospa.ee\/wp-content\/uploads\/2020\/11\/TISSOgramm_Natuerliche-Inhaltsstoffe.png\" alt=\"\" width=\"45\" height=\"45\" \/><\/a>\u00a0<a href=\"https:\/\/biospa.ee\/wp-content\/uploads\/2020\/11\/TISSOgramm_Lactosefrei.png\" data-caption=\"\"><img decoding=\"async\" class=\"alignnone wp-image-13281 size-full\" title=\"Laktoosivaba \" src=\"https:\/\/biospa.ee\/wp-content\/uploads\/2020\/11\/TISSOgramm_Lactosefrei.png\" alt=\"\" width=\"45\" height=\"45\" \/><\/a>\u00a0<a href=\"https:\/\/biospa.ee\/wp-content\/uploads\/2020\/11\/TISSOgramm_Hypoallergen.png\" data-caption=\"\"><img decoding=\"async\" class=\"alignnone wp-image-13284 size-full\" title=\"H\u00fcpoallergeenne \" src=\"https:\/\/biospa.ee\/wp-content\/uploads\/2020\/11\/TISSOgramm_Hypoallergen.png\" alt=\"\" width=\"45\" height=\"45\" \/><\/a><\/p>\n","protected":false},"featured_media":97419,"template":"","meta":[],"product_brand":[],"product_cat":[263],"product_tag":[325,328,329,330,331],"class_list":{"0":"post-21167","1":"product","2":"type-product","3":"status-publish","4":"has-post-thumbnail","6":"product_cat-toidulisandid","7":"product_tag-poletikuvastane","8":"product_tag-immuunsus","9":"product_tag-covidi-jargne-turgutus","10":"product_tag-organismi-kaitsevoime","11":"product_tag-raua-tasakaal","13":"first","14":"instock","15":"taxable","16":"shipping-taxable","17":"purchasable","18":"product-type-simple"},"yoast_head":"<!-- This site is optimized with the Yoast SEO plugin v27.0 - https:\/\/yoast.com\/product\/yoast-seo-wordpress\/ -->\n<title>Pro LACTOFERRIN IMMUN - Loodus BioSpa<\/title>\n<meta name=\"robots\" content=\"noindex, follow, max-snippet:-1, max-image-preview:large, max-video-preview:-1\" \/>\n<meta property=\"og:locale\" content=\"et_EE\" \/>\n<meta property=\"og:type\" content=\"article\" \/>\n<meta property=\"og:title\" content=\"Pro LACTOFERRIN IMMUN - Loodus BioSpa\" \/>\n<meta property=\"og:description\" content=\"Toidulisand, mis sisaldab Lactoferrin CLN\u2122 ja C-vitamiini Sisu: 24 g = 60 kapslit   Immuuns\u00fcsteemi ja raua tasakaalu toetamiseks:\u00a0Pro Lactoferrin Immun pakub k\u00f5rge puhtusastmega veise laktoferriini esmaklassilise kvaliteediga koos C-vitamiiniga, et toetada immuuns\u00fcsteemi ja raua tasakaalu.   suur annus 400 mg laktoferriiniga p\u00e4evas  Lactoferrin CLN\u2122 98% puhtusega, lipopol\u00fcsahhariidide (LPS) vaba  on osutunud bioaktiivsemaks kui tavalised laktoferriinitooted  200 mg C-vitamiini \u2013 h\u00e4sti talutav (puhverdatud) naatriumaskorbaadina  Enterokattega kapslid (DRcaps\u00ae) optimaalseks vabanemiseks soolestikus  Laktoosivaba (sisaldus &lt; 0,1%)    \u00a0\u00a0\u00a0\u00a0\u00a0\u00a0\u00a0\" \/>\n<meta property=\"og:url\" content=\"https:\/\/biospa.ee\/fl2025\/toode\/uus-pro-lactoferrin-immun\/\" \/>\n<meta property=\"og:site_name\" content=\"Loodus BioSpa\" \/>\n<meta property=\"article:publisher\" content=\"https:\/\/www.facebook.com\/LoodusBioSpa\/\" \/>\n<meta property=\"article:modified_time\" content=\"2026-04-07T07:35:40+00:00\" \/>\n<meta property=\"og:image\" content=\"https:\/\/biospa.ee\/fl2025\/wp-content\/uploads\/2022\/07\/TISSO_Naturprodukte_Pro-Lactoferrin-Immun_FS_Icon-1.jpg\" \/>\n\t<meta property=\"og:image:width\" content=\"1080\" \/>\n\t<meta property=\"og:image:height\" content=\"1080\" \/>\n\t<meta property=\"og:image:type\" content=\"image\/jpeg\" \/>\n<meta name=\"twitter:card\" content=\"summary_large_image\" \/>\n<meta name=\"twitter:label1\" content=\"Est. reading time\" \/>\n\t<meta name=\"twitter:data1\" content=\"1 minut\" \/>\n<script type=\"application\/ld+json\" class=\"yoast-schema-graph\">{\"@context\":\"https:\/\/schema.org\",\"@graph\":[{\"@type\":\"WebPage\",\"@id\":\"https:\/\/biospa.ee\/fl2025\/toode\/uus-pro-lactoferrin-immun\/\",\"url\":\"https:\/\/biospa.ee\/fl2025\/toode\/uus-pro-lactoferrin-immun\/\",\"name\":\"Pro LACTOFERRIN IMMUN - Loodus BioSpa\",\"isPartOf\":{\"@id\":\"https:\/\/biospa.ee\/fl2025\/#website\"},\"primaryImageOfPage\":{\"@id\":\"https:\/\/biospa.ee\/fl2025\/toode\/uus-pro-lactoferrin-immun\/#primaryimage\"},\"image\":{\"@id\":\"https:\/\/biospa.ee\/fl2025\/toode\/uus-pro-lactoferrin-immun\/#primaryimage\"},\"thumbnailUrl\":\"https:\/\/biospa.ee\/fl2025\/wp-content\/uploads\/2022\/07\/TISSO_Naturprodukte_Pro-Lactoferrin-Immun_FS_Icon-1.jpg\",\"datePublished\":\"2022-07-22T10:23:45+00:00\",\"dateModified\":\"2026-04-07T07:35:40+00:00\",\"breadcrumb\":{\"@id\":\"https:\/\/biospa.ee\/fl2025\/toode\/uus-pro-lactoferrin-immun\/#breadcrumb\"},\"inLanguage\":\"et\",\"potentialAction\":[{\"@type\":\"ReadAction\",\"target\":[\"https:\/\/biospa.ee\/fl2025\/toode\/uus-pro-lactoferrin-immun\/\"]}]},{\"@type\":\"ImageObject\",\"inLanguage\":\"et\",\"@id\":\"https:\/\/biospa.ee\/fl2025\/toode\/uus-pro-lactoferrin-immun\/#primaryimage\",\"url\":\"https:\/\/biospa.ee\/fl2025\/wp-content\/uploads\/2022\/07\/TISSO_Naturprodukte_Pro-Lactoferrin-Immun_FS_Icon-1.jpg\",\"contentUrl\":\"https:\/\/biospa.ee\/fl2025\/wp-content\/uploads\/2022\/07\/TISSO_Naturprodukte_Pro-Lactoferrin-Immun_FS_Icon-1.jpg\",\"width\":1080,\"height\":1080},{\"@type\":\"BreadcrumbList\",\"@id\":\"https:\/\/biospa.ee\/fl2025\/toode\/uus-pro-lactoferrin-immun\/#breadcrumb\",\"itemListElement\":[{\"@type\":\"ListItem\",\"position\":1,\"name\":\"Home\",\"item\":\"https:\/\/biospa.ee\/fl2025\/\"},{\"@type\":\"ListItem\",\"position\":2,\"name\":\"Pood\",\"item\":\"https:\/\/biospa.ee\/fl2025\/pood\/\"},{\"@type\":\"ListItem\",\"position\":3,\"name\":\"Pro LACTOFERRIN IMMUN\"}]},{\"@type\":\"WebSite\",\"@id\":\"https:\/\/biospa.ee\/fl2025\/#website\",\"url\":\"https:\/\/biospa.ee\/fl2025\/\",\"name\":\"Loodus BioSpa\",\"description\":\"Loodus BioSpa\",\"publisher\":{\"@id\":\"https:\/\/biospa.ee\/fl2025\/#organization\"},\"potentialAction\":[{\"@type\":\"SearchAction\",\"target\":{\"@type\":\"EntryPoint\",\"urlTemplate\":\"https:\/\/biospa.ee\/fl2025\/?s={search_term_string}\"},\"query-input\":{\"@type\":\"PropertyValueSpecification\",\"valueRequired\":true,\"valueName\":\"search_term_string\"}}],\"inLanguage\":\"et\"},{\"@type\":\"Organization\",\"@id\":\"https:\/\/biospa.ee\/fl2025\/#organization\",\"name\":\"Tesmasan O\u00dc\",\"url\":\"https:\/\/biospa.ee\/fl2025\/\",\"logo\":{\"@type\":\"ImageObject\",\"inLanguage\":\"et\",\"@id\":\"https:\/\/biospa.ee\/fl2025\/#\/schema\/logo\/image\/\",\"url\":\"https:\/\/biospa.ee\/fl2025\/wp-content\/uploads\/2025\/11\/BioSpa-loggo-est.png\",\"contentUrl\":\"https:\/\/biospa.ee\/fl2025\/wp-content\/uploads\/2025\/11\/BioSpa-loggo-est.png\",\"width\":842,\"height\":595,\"caption\":\"Tesmasan O\u00dc\"},\"image\":{\"@id\":\"https:\/\/biospa.ee\/fl2025\/#\/schema\/logo\/image\/\"},\"sameAs\":[\"https:\/\/www.facebook.com\/LoodusBioSpa\/\",\"https:\/\/www.instagram.com\/loodusbiospa\/\"]}]}<\/script>\n<!-- \/ Yoast SEO plugin. -->","yoast_head_json":{"title":"Pro LACTOFERRIN IMMUN - Loodus BioSpa","robots":{"index":"noindex","follow":"follow","max-snippet":"max-snippet:-1","max-image-preview":"max-image-preview:large","max-video-preview":"max-video-preview:-1"},"og_locale":"et_EE","og_type":"article","og_title":"Pro LACTOFERRIN IMMUN - Loodus BioSpa","og_description":"Toidulisand, mis sisaldab Lactoferrin CLN\u2122 ja C-vitamiini Sisu: 24 g = 60 kapslit   Immuuns\u00fcsteemi ja raua tasakaalu toetamiseks:\u00a0Pro Lactoferrin Immun pakub k\u00f5rge puhtusastmega veise laktoferriini esmaklassilise kvaliteediga koos C-vitamiiniga, et toetada immuuns\u00fcsteemi ja raua tasakaalu.   suur annus 400 mg laktoferriiniga p\u00e4evas  Lactoferrin CLN\u2122 98% puhtusega, lipopol\u00fcsahhariidide (LPS) vaba  on osutunud bioaktiivsemaks kui tavalised laktoferriinitooted  200 mg C-vitamiini \u2013 h\u00e4sti talutav (puhverdatud) naatriumaskorbaadina  Enterokattega kapslid (DRcaps\u00ae) optimaalseks vabanemiseks soolestikus  Laktoosivaba (sisaldus &lt; 0,1%)    \u00a0\u00a0\u00a0\u00a0\u00a0\u00a0\u00a0","og_url":"https:\/\/biospa.ee\/fl2025\/toode\/uus-pro-lactoferrin-immun\/","og_site_name":"Loodus BioSpa","article_publisher":"https:\/\/www.facebook.com\/LoodusBioSpa\/","article_modified_time":"2026-04-07T07:35:40+00:00","og_image":[{"width":1080,"height":1080,"url":"https:\/\/biospa.ee\/fl2025\/wp-content\/uploads\/2022\/07\/TISSO_Naturprodukte_Pro-Lactoferrin-Immun_FS_Icon-1.jpg","type":"image\/jpeg"}],"twitter_card":"summary_large_image","twitter_misc":{"Est. reading time":"1 minut"},"schema":{"@context":"https:\/\/schema.org","@graph":[{"@type":"WebPage","@id":"https:\/\/biospa.ee\/fl2025\/toode\/uus-pro-lactoferrin-immun\/","url":"https:\/\/biospa.ee\/fl2025\/toode\/uus-pro-lactoferrin-immun\/","name":"Pro LACTOFERRIN IMMUN - Loodus BioSpa","isPartOf":{"@id":"https:\/\/biospa.ee\/fl2025\/#website"},"primaryImageOfPage":{"@id":"https:\/\/biospa.ee\/fl2025\/toode\/uus-pro-lactoferrin-immun\/#primaryimage"},"image":{"@id":"https:\/\/biospa.ee\/fl2025\/toode\/uus-pro-lactoferrin-immun\/#primaryimage"},"thumbnailUrl":"https:\/\/biospa.ee\/fl2025\/wp-content\/uploads\/2022\/07\/TISSO_Naturprodukte_Pro-Lactoferrin-Immun_FS_Icon-1.jpg","datePublished":"2022-07-22T10:23:45+00:00","dateModified":"2026-04-07T07:35:40+00:00","breadcrumb":{"@id":"https:\/\/biospa.ee\/fl2025\/toode\/uus-pro-lactoferrin-immun\/#breadcrumb"},"inLanguage":"et","potentialAction":[{"@type":"ReadAction","target":["https:\/\/biospa.ee\/fl2025\/toode\/uus-pro-lactoferrin-immun\/"]}]},{"@type":"ImageObject","inLanguage":"et","@id":"https:\/\/biospa.ee\/fl2025\/toode\/uus-pro-lactoferrin-immun\/#primaryimage","url":"https:\/\/biospa.ee\/fl2025\/wp-content\/uploads\/2022\/07\/TISSO_Naturprodukte_Pro-Lactoferrin-Immun_FS_Icon-1.jpg","contentUrl":"https:\/\/biospa.ee\/fl2025\/wp-content\/uploads\/2022\/07\/TISSO_Naturprodukte_Pro-Lactoferrin-Immun_FS_Icon-1.jpg","width":1080,"height":1080},{"@type":"BreadcrumbList","@id":"https:\/\/biospa.ee\/fl2025\/toode\/uus-pro-lactoferrin-immun\/#breadcrumb","itemListElement":[{"@type":"ListItem","position":1,"name":"Home","item":"https:\/\/biospa.ee\/fl2025\/"},{"@type":"ListItem","position":2,"name":"Pood","item":"https:\/\/biospa.ee\/fl2025\/pood\/"},{"@type":"ListItem","position":3,"name":"Pro LACTOFERRIN IMMUN"}]},{"@type":"WebSite","@id":"https:\/\/biospa.ee\/fl2025\/#website","url":"https:\/\/biospa.ee\/fl2025\/","name":"Loodus BioSpa","description":"Loodus BioSpa","publisher":{"@id":"https:\/\/biospa.ee\/fl2025\/#organization"},"potentialAction":[{"@type":"SearchAction","target":{"@type":"EntryPoint","urlTemplate":"https:\/\/biospa.ee\/fl2025\/?s={search_term_string}"},"query-input":{"@type":"PropertyValueSpecification","valueRequired":true,"valueName":"search_term_string"}}],"inLanguage":"et"},{"@type":"Organization","@id":"https:\/\/biospa.ee\/fl2025\/#organization","name":"Tesmasan O\u00dc","url":"https:\/\/biospa.ee\/fl2025\/","logo":{"@type":"ImageObject","inLanguage":"et","@id":"https:\/\/biospa.ee\/fl2025\/#\/schema\/logo\/image\/","url":"https:\/\/biospa.ee\/fl2025\/wp-content\/uploads\/2025\/11\/BioSpa-loggo-est.png","contentUrl":"https:\/\/biospa.ee\/fl2025\/wp-content\/uploads\/2025\/11\/BioSpa-loggo-est.png","width":842,"height":595,"caption":"Tesmasan O\u00dc"},"image":{"@id":"https:\/\/biospa.ee\/fl2025\/#\/schema\/logo\/image\/"},"sameAs":["https:\/\/www.facebook.com\/LoodusBioSpa\/","https:\/\/www.instagram.com\/loodusbiospa\/"]}]}},"_links":{"self":[{"href":"https:\/\/biospa.ee\/fl2025\/wp-json\/wp\/v2\/product\/21167","targetHints":{"allow":["GET"]}}],"collection":[{"href":"https:\/\/biospa.ee\/fl2025\/wp-json\/wp\/v2\/product"}],"about":[{"href":"https:\/\/biospa.ee\/fl2025\/wp-json\/wp\/v2\/types\/product"}],"wp:featuredmedia":[{"embeddable":true,"href":"https:\/\/biospa.ee\/fl2025\/wp-json\/wp\/v2\/media\/97419"}],"wp:attachment":[{"href":"https:\/\/biospa.ee\/fl2025\/wp-json\/wp\/v2\/media?parent=21167"}],"wp:term":[{"taxonomy":"product_brand","embeddable":true,"href":"https:\/\/biospa.ee\/fl2025\/wp-json\/wp\/v2\/product_brand?post=21167"},{"taxonomy":"product_cat","embeddable":true,"href":"https:\/\/biospa.ee\/fl2025\/wp-json\/wp\/v2\/product_cat?post=21167"},{"taxonomy":"product_tag","embeddable":true,"href":"https:\/\/biospa.ee\/fl2025\/wp-json\/wp\/v2\/product_tag?post=21167"}],"curies":[{"name":"wp","href":"https:\/\/api.w.org\/{rel}","templated":true}]}}