{"id":21170,"date":"2022-07-22T13:29:25","date_gmt":"2022-07-22T10:29:25","guid":{"rendered":"https:\/\/biospa.ee\/?post_type=product&#038;p=21170"},"modified":"2026-04-07T11:04:12","modified_gmt":"2026-04-07T08:04:12","slug":"uus-pro-q10-complete","status":"publish","type":"product","link":"https:\/\/biospa.ee\/fl2025\/toode\/uus-pro-q10-complete\/","title":{"rendered":"Pro Q10 SPECTRUM"},"content":{"rendered":"<p>Koens\u00fc\u00fcm Q10 toetab mitokondriaalse energia tootmist ja rakkude hingamist. Esmakordselt \u00fchendab Pro Q10 Spectrum kaks uuenduslikku ja k\u00f5rge biosaadavusega Q10 toorainet \u00fches valemis.<\/p>\n<p>Koens\u00fc\u00fcm Q10, l\u00fchidalt ka Q10, sai tuntuks eelk\u00f5ige kosmeetikat\u00f6\u00f6stuse kaudu. Kuid see pole oluline ainult meie nahale, vaid igale meie ligikaudu 37 triljonile keharakule.\u00a0See esineb eriti &#8220;rakkude elektrijaamades&#8221; &#8211; mitokondrites\u00a0<strong><a href=\"https:\/\/www.tisso.de\/de\/anwendungsbereiche\/mitochondrien\/\">&#8211;<\/a><\/strong>\u00a0, kus toodetakse umbes 90% kogu meie keha energiast.\u00a0Ja seda energiat on vaja peaaegu k\u00f5igi meie kehas toimuvate protsesside jaoks.\u00a0Need ei saa t\u00f6\u00f6tada ilma energiata.<\/p>\n<p><strong>Q10 kuulub vitamiinide<\/strong>\u00a0r\u00fchma\u00a0, st see on vitamiinitaoline aine, mida organism suudab erinevalt vitamiinidest ise toota.\u00a0Uuringud n\u00e4itavad aga, et organismi enda Q10 tootmine v\u00e4heneb pidevalt alates umbes 20. eluaastast.\u00a0Lisaks nt.\u00a0B. Stress, v\u00f5istlussport, ebatervislik eluviis, suitsetamine ja teatud ravimite v\u00f5tmine suurendavad seda protsessi.\u00a0Q10 defitsiidi vastu v\u00f5itlemiseks v\u00f5ib olla kasulik v\u00f5tta lisaks tervislikule toitumisele ka toidulisandit.<\/p>\n","protected":false},"excerpt":{"rendered":"<p><strong>Ubikinool pluss ubikinoon \u2013 m\u00f5lemad Q10 vormid \u00fches koostises:<\/strong>\u00a0Pro Q10 Spectrum sisaldab ainulaadset kombinatsiooni kahest Q10 vormist ubikinoonist ja ubikinoolist.\u00a0S\u00fcnergiliselt t\u00e4iendatud on Mumijo (Shilajit), rikkalik pol\u00fcfenoolide segu ja vitamiin B3 niatsiinamiidina.<\/p>\n<ul>\n<li>75 mg CAVAQ10\u00a0<sup>\u00ae<\/sup>\u00a0Ubiquinone + 25 mg Kaneka Ubiquinol\u00a0<sup>TM\u00a0\u00a0<\/sup>p\u00e4evase annuse kohta<\/li>\n<li>kaks uuenduslikku ja k\u00f5rge biosaadavusega Q10 toorainet \u00fches retseptis<\/li>\n<li>Mumijo (Shilajit) standardiseeritud fulvohappe sisaldusega (\u2265 50%)<\/li>\n<li>Pol\u00fcfenoolide segu 29 puuviljast, k\u00f6\u00f6giviljast ja \u00fcrdist<\/li>\n<li>B3-vitamiiniga (niatsiinamiidina) tervisliku energiavahetuse tagamiseks<\/li>\n<\/ul>\n<p><a href=\"https:\/\/biospa.ee\/wp-content\/uploads\/2020\/11\/TISSOgramm_Hypoallergen.png\">\u00a0<\/a><a href=\"https:\/\/biospa.ee\/wp-content\/uploads\/2020\/11\/TISSOgramm_Glutenfrei.png\" data-caption=\"\"><img decoding=\"async\" class=\"alignnone wp-image-13290 size-full\" title=\"Gluteenivaba \" src=\"https:\/\/biospa.ee\/wp-content\/uploads\/2020\/11\/TISSOgramm_Glutenfrei.png\" alt=\"\" width=\"45\" height=\"45\" \/><\/a><a href=\"https:\/\/biospa.ee\/wp-content\/uploads\/2020\/11\/TISSOgramm_Hypoallergen.png\">\u00a0<\/a><a href=\"https:\/\/biospa.ee\/wp-content\/uploads\/2020\/11\/TISSOgramm_Hefefrei.png\" data-caption=\"\"><img decoding=\"async\" class=\"alignnone wp-image-13293 size-full\" title=\"P\u00e4rmivaba \" src=\"https:\/\/biospa.ee\/wp-content\/uploads\/2020\/11\/TISSOgramm_Hefefrei.png\" alt=\"\" width=\"45\" height=\"45\" \/><\/a><a href=\"https:\/\/biospa.ee\/wp-content\/uploads\/2020\/11\/TISSOgramm_Hypoallergen.png\">\u00a0<\/a><a href=\"https:\/\/biospa.ee\/wp-content\/uploads\/2020\/11\/TISSOgramm_ohne-zusatz-von.png\" data-caption=\"\"><img decoding=\"async\" class=\"alignnone wp-image-13299 size-full\" title=\"Ei sisalda magusaineid, s\u00e4ilitusaineid, aroome, v\u00e4rvaineid, maitsetugevdajaid, kunstlikke koostisosi\" src=\"https:\/\/biospa.ee\/wp-content\/uploads\/2020\/11\/TISSOgramm_ohne-zusatz-von.png\" alt=\"\" width=\"45\" height=\"45\" \/><\/a><a href=\"https:\/\/biospa.ee\/wp-content\/uploads\/2020\/11\/TISSOgramm_Hypoallergen.png\">\u00a0<\/a><a href=\"https:\/\/biospa.ee\/wp-content\/uploads\/2020\/11\/TISSOgramm_Schadstofffrei.png\" data-caption=\"\"><img decoding=\"async\" class=\"alignnone wp-image-13287 size-full\" title=\"Kahjulike koostisaineteta\" src=\"https:\/\/biospa.ee\/wp-content\/uploads\/2020\/11\/TISSOgramm_Schadstofffrei.png\" alt=\"\" width=\"45\" height=\"45\" \/><\/a><a href=\"https:\/\/biospa.ee\/wp-content\/uploads\/2020\/11\/TISSOgramm_Hypoallergen.png\">\u00a0<\/a><a href=\"https:\/\/biospa.ee\/wp-content\/uploads\/2020\/11\/TISSOgramm_Vegan.png\" data-caption=\"\"><img decoding=\"async\" class=\"alignnone wp-image-13275 size-full\" title=\"Vegan\" src=\"https:\/\/biospa.ee\/wp-content\/uploads\/2020\/11\/TISSOgramm_Vegan.png\" alt=\"\" width=\"45\" height=\"45\" \/><\/a><a href=\"https:\/\/biospa.ee\/wp-content\/uploads\/2020\/11\/TISSOgramm_Hypoallergen.png\">\u00a0<\/a><a href=\"https:\/\/biospa.ee\/wp-content\/uploads\/2020\/11\/TISSOgramm_Natuerliche-Inhaltsstoffe.png\" data-caption=\"\"><img decoding=\"async\" class=\"alignnone wp-image-13278 size-full\" title=\"Looduslikud koostisosad\" src=\"https:\/\/biospa.ee\/wp-content\/uploads\/2020\/11\/TISSOgramm_Natuerliche-Inhaltsstoffe.png\" alt=\"\" width=\"45\" height=\"45\" \/><\/a><a href=\"https:\/\/biospa.ee\/wp-content\/uploads\/2020\/11\/TISSOgramm_Hypoallergen.png\">\u00a0<\/a><a href=\"https:\/\/biospa.ee\/wp-content\/uploads\/2020\/11\/TISSOgramm_Lactosefrei.png\" data-caption=\"\"><img decoding=\"async\" class=\"alignnone wp-image-13281 size-full\" title=\"Laktoosivaba \" src=\"https:\/\/biospa.ee\/wp-content\/uploads\/2020\/11\/TISSOgramm_Lactosefrei.png\" alt=\"\" width=\"45\" height=\"45\" \/><\/a><a href=\"https:\/\/biospa.ee\/wp-content\/uploads\/2020\/11\/TISSOgramm_Hypoallergen.png\">\u00a0<\/a><a href=\"https:\/\/biospa.ee\/wp-content\/uploads\/2020\/11\/TISSOgramm_Hypoallergen.png\" data-caption=\"\"><img decoding=\"async\" class=\"alignnone wp-image-13284 size-full\" title=\"H\u00fcpoallergeenne \" src=\"https:\/\/biospa.ee\/wp-content\/uploads\/2020\/11\/TISSOgramm_Hypoallergen.png\" alt=\"\" width=\"45\" height=\"45\" \/><\/a><\/p>\n","protected":false},"featured_media":97486,"template":"","meta":[],"product_brand":[],"product_cat":[263],"product_tag":[353,354,355,356,357,358],"class_list":{"0":"post-21170","1":"product","2":"type-product","3":"status-publish","4":"has-post-thumbnail","6":"product_cat-toidulisandid","7":"product_tag-mitokondriaalse-energia-tootmine","8":"product_tag-rakkude-hingamine","9":"product_tag-normaalne-ainevahetus","10":"product_tag-normaalne-narvisusteem","11":"product_tag-kurnatus","12":"product_tag-vasimus","14":"first","15":"instock","16":"taxable","17":"shipping-taxable","18":"purchasable","19":"product-type-simple"},"yoast_head":"<!-- This site is optimized with the Yoast SEO plugin v27.0 - https:\/\/yoast.com\/product\/yoast-seo-wordpress\/ -->\n<title>Pro Q10 SPECTRUM - Loodus BioSpa<\/title>\n<meta name=\"robots\" content=\"noindex, follow, max-snippet:-1, max-image-preview:large, max-video-preview:-1\" \/>\n<meta property=\"og:locale\" content=\"et_EE\" \/>\n<meta property=\"og:type\" content=\"article\" \/>\n<meta property=\"og:title\" content=\"Pro Q10 SPECTRUM - Loodus BioSpa\" \/>\n<meta property=\"og:description\" content=\"Ubikinool pluss ubikinoon \u2013 m\u00f5lemad Q10 vormid \u00fches koostises:\u00a0Pro Q10 Spectrum sisaldab ainulaadset kombinatsiooni kahest Q10 vormist ubikinoonist ja ubikinoolist.\u00a0S\u00fcnergiliselt t\u00e4iendatud on Mumijo (Shilajit), rikkalik pol\u00fcfenoolide segu ja vitamiin B3 niatsiinamiidina.   75 mg CAVAQ10\u00a0\u00ae\u00a0Ubiquinone + 25 mg Kaneka Ubiquinol\u00a0TM\u00a0\u00a0p\u00e4evase annuse kohta  kaks uuenduslikku ja k\u00f5rge biosaadavusega Q10 toorainet \u00fches retseptis  Mumijo (Shilajit) standardiseeritud fulvohappe sisaldusega (\u2265 50%)  Pol\u00fcfenoolide segu 29 puuviljast, k\u00f6\u00f6giviljast ja \u00fcrdist  B3-vitamiiniga (niatsiinamiidina) tervisliku energiavahetuse tagamiseks  \u00a0\u00a0\u00a0\u00a0\u00a0\u00a0\u00a0\u00a0\" \/>\n<meta property=\"og:url\" content=\"https:\/\/biospa.ee\/fl2025\/toode\/uus-pro-q10-complete\/\" \/>\n<meta property=\"og:site_name\" content=\"Loodus BioSpa\" \/>\n<meta property=\"article:publisher\" content=\"https:\/\/www.facebook.com\/LoodusBioSpa\/\" \/>\n<meta property=\"article:modified_time\" content=\"2026-04-07T08:04:12+00:00\" \/>\n<meta property=\"og:image\" content=\"https:\/\/biospa.ee\/fl2025\/wp-content\/uploads\/2022\/07\/TISSO_Naturprodukte_Pro-Q10-Spectrum_FS_Icon-1.jpg\" \/>\n\t<meta property=\"og:image:width\" content=\"1080\" \/>\n\t<meta property=\"og:image:height\" content=\"1080\" \/>\n\t<meta property=\"og:image:type\" content=\"image\/jpeg\" \/>\n<meta name=\"twitter:card\" content=\"summary_large_image\" \/>\n<meta name=\"twitter:label1\" content=\"Est. reading time\" \/>\n\t<meta name=\"twitter:data1\" content=\"1 minut\" \/>\n<script type=\"application\/ld+json\" class=\"yoast-schema-graph\">{\"@context\":\"https:\/\/schema.org\",\"@graph\":[{\"@type\":\"WebPage\",\"@id\":\"https:\/\/biospa.ee\/fl2025\/toode\/uus-pro-q10-complete\/\",\"url\":\"https:\/\/biospa.ee\/fl2025\/toode\/uus-pro-q10-complete\/\",\"name\":\"Pro Q10 SPECTRUM - Loodus BioSpa\",\"isPartOf\":{\"@id\":\"https:\/\/biospa.ee\/fl2025\/#website\"},\"primaryImageOfPage\":{\"@id\":\"https:\/\/biospa.ee\/fl2025\/toode\/uus-pro-q10-complete\/#primaryimage\"},\"image\":{\"@id\":\"https:\/\/biospa.ee\/fl2025\/toode\/uus-pro-q10-complete\/#primaryimage\"},\"thumbnailUrl\":\"https:\/\/biospa.ee\/fl2025\/wp-content\/uploads\/2022\/07\/TISSO_Naturprodukte_Pro-Q10-Spectrum_FS_Icon-1.jpg\",\"datePublished\":\"2022-07-22T10:29:25+00:00\",\"dateModified\":\"2026-04-07T08:04:12+00:00\",\"breadcrumb\":{\"@id\":\"https:\/\/biospa.ee\/fl2025\/toode\/uus-pro-q10-complete\/#breadcrumb\"},\"inLanguage\":\"et\",\"potentialAction\":[{\"@type\":\"ReadAction\",\"target\":[\"https:\/\/biospa.ee\/fl2025\/toode\/uus-pro-q10-complete\/\"]}]},{\"@type\":\"ImageObject\",\"inLanguage\":\"et\",\"@id\":\"https:\/\/biospa.ee\/fl2025\/toode\/uus-pro-q10-complete\/#primaryimage\",\"url\":\"https:\/\/biospa.ee\/fl2025\/wp-content\/uploads\/2022\/07\/TISSO_Naturprodukte_Pro-Q10-Spectrum_FS_Icon-1.jpg\",\"contentUrl\":\"https:\/\/biospa.ee\/fl2025\/wp-content\/uploads\/2022\/07\/TISSO_Naturprodukte_Pro-Q10-Spectrum_FS_Icon-1.jpg\",\"width\":1080,\"height\":1080},{\"@type\":\"BreadcrumbList\",\"@id\":\"https:\/\/biospa.ee\/fl2025\/toode\/uus-pro-q10-complete\/#breadcrumb\",\"itemListElement\":[{\"@type\":\"ListItem\",\"position\":1,\"name\":\"Home\",\"item\":\"https:\/\/biospa.ee\/fl2025\/\"},{\"@type\":\"ListItem\",\"position\":2,\"name\":\"Pood\",\"item\":\"https:\/\/biospa.ee\/fl2025\/pood\/\"},{\"@type\":\"ListItem\",\"position\":3,\"name\":\"Pro Q10 SPECTRUM\"}]},{\"@type\":\"WebSite\",\"@id\":\"https:\/\/biospa.ee\/fl2025\/#website\",\"url\":\"https:\/\/biospa.ee\/fl2025\/\",\"name\":\"Loodus BioSpa\",\"description\":\"Loodus BioSpa\",\"publisher\":{\"@id\":\"https:\/\/biospa.ee\/fl2025\/#organization\"},\"potentialAction\":[{\"@type\":\"SearchAction\",\"target\":{\"@type\":\"EntryPoint\",\"urlTemplate\":\"https:\/\/biospa.ee\/fl2025\/?s={search_term_string}\"},\"query-input\":{\"@type\":\"PropertyValueSpecification\",\"valueRequired\":true,\"valueName\":\"search_term_string\"}}],\"inLanguage\":\"et\"},{\"@type\":\"Organization\",\"@id\":\"https:\/\/biospa.ee\/fl2025\/#organization\",\"name\":\"Tesmasan O\u00dc\",\"url\":\"https:\/\/biospa.ee\/fl2025\/\",\"logo\":{\"@type\":\"ImageObject\",\"inLanguage\":\"et\",\"@id\":\"https:\/\/biospa.ee\/fl2025\/#\/schema\/logo\/image\/\",\"url\":\"https:\/\/biospa.ee\/fl2025\/wp-content\/uploads\/2025\/11\/BioSpa-loggo-est.png\",\"contentUrl\":\"https:\/\/biospa.ee\/fl2025\/wp-content\/uploads\/2025\/11\/BioSpa-loggo-est.png\",\"width\":842,\"height\":595,\"caption\":\"Tesmasan O\u00dc\"},\"image\":{\"@id\":\"https:\/\/biospa.ee\/fl2025\/#\/schema\/logo\/image\/\"},\"sameAs\":[\"https:\/\/www.facebook.com\/LoodusBioSpa\/\",\"https:\/\/www.instagram.com\/loodusbiospa\/\"]}]}<\/script>\n<!-- \/ Yoast SEO plugin. -->","yoast_head_json":{"title":"Pro Q10 SPECTRUM - Loodus BioSpa","robots":{"index":"noindex","follow":"follow","max-snippet":"max-snippet:-1","max-image-preview":"max-image-preview:large","max-video-preview":"max-video-preview:-1"},"og_locale":"et_EE","og_type":"article","og_title":"Pro Q10 SPECTRUM - Loodus BioSpa","og_description":"Ubikinool pluss ubikinoon \u2013 m\u00f5lemad Q10 vormid \u00fches koostises:\u00a0Pro Q10 Spectrum sisaldab ainulaadset kombinatsiooni kahest Q10 vormist ubikinoonist ja ubikinoolist.\u00a0S\u00fcnergiliselt t\u00e4iendatud on Mumijo (Shilajit), rikkalik pol\u00fcfenoolide segu ja vitamiin B3 niatsiinamiidina.   75 mg CAVAQ10\u00a0\u00ae\u00a0Ubiquinone + 25 mg Kaneka Ubiquinol\u00a0TM\u00a0\u00a0p\u00e4evase annuse kohta  kaks uuenduslikku ja k\u00f5rge biosaadavusega Q10 toorainet \u00fches retseptis  Mumijo (Shilajit) standardiseeritud fulvohappe sisaldusega (\u2265 50%)  Pol\u00fcfenoolide segu 29 puuviljast, k\u00f6\u00f6giviljast ja \u00fcrdist  B3-vitamiiniga (niatsiinamiidina) tervisliku energiavahetuse tagamiseks  \u00a0\u00a0\u00a0\u00a0\u00a0\u00a0\u00a0\u00a0","og_url":"https:\/\/biospa.ee\/fl2025\/toode\/uus-pro-q10-complete\/","og_site_name":"Loodus BioSpa","article_publisher":"https:\/\/www.facebook.com\/LoodusBioSpa\/","article_modified_time":"2026-04-07T08:04:12+00:00","og_image":[{"width":1080,"height":1080,"url":"https:\/\/biospa.ee\/fl2025\/wp-content\/uploads\/2022\/07\/TISSO_Naturprodukte_Pro-Q10-Spectrum_FS_Icon-1.jpg","type":"image\/jpeg"}],"twitter_card":"summary_large_image","twitter_misc":{"Est. reading time":"1 minut"},"schema":{"@context":"https:\/\/schema.org","@graph":[{"@type":"WebPage","@id":"https:\/\/biospa.ee\/fl2025\/toode\/uus-pro-q10-complete\/","url":"https:\/\/biospa.ee\/fl2025\/toode\/uus-pro-q10-complete\/","name":"Pro Q10 SPECTRUM - Loodus BioSpa","isPartOf":{"@id":"https:\/\/biospa.ee\/fl2025\/#website"},"primaryImageOfPage":{"@id":"https:\/\/biospa.ee\/fl2025\/toode\/uus-pro-q10-complete\/#primaryimage"},"image":{"@id":"https:\/\/biospa.ee\/fl2025\/toode\/uus-pro-q10-complete\/#primaryimage"},"thumbnailUrl":"https:\/\/biospa.ee\/fl2025\/wp-content\/uploads\/2022\/07\/TISSO_Naturprodukte_Pro-Q10-Spectrum_FS_Icon-1.jpg","datePublished":"2022-07-22T10:29:25+00:00","dateModified":"2026-04-07T08:04:12+00:00","breadcrumb":{"@id":"https:\/\/biospa.ee\/fl2025\/toode\/uus-pro-q10-complete\/#breadcrumb"},"inLanguage":"et","potentialAction":[{"@type":"ReadAction","target":["https:\/\/biospa.ee\/fl2025\/toode\/uus-pro-q10-complete\/"]}]},{"@type":"ImageObject","inLanguage":"et","@id":"https:\/\/biospa.ee\/fl2025\/toode\/uus-pro-q10-complete\/#primaryimage","url":"https:\/\/biospa.ee\/fl2025\/wp-content\/uploads\/2022\/07\/TISSO_Naturprodukte_Pro-Q10-Spectrum_FS_Icon-1.jpg","contentUrl":"https:\/\/biospa.ee\/fl2025\/wp-content\/uploads\/2022\/07\/TISSO_Naturprodukte_Pro-Q10-Spectrum_FS_Icon-1.jpg","width":1080,"height":1080},{"@type":"BreadcrumbList","@id":"https:\/\/biospa.ee\/fl2025\/toode\/uus-pro-q10-complete\/#breadcrumb","itemListElement":[{"@type":"ListItem","position":1,"name":"Home","item":"https:\/\/biospa.ee\/fl2025\/"},{"@type":"ListItem","position":2,"name":"Pood","item":"https:\/\/biospa.ee\/fl2025\/pood\/"},{"@type":"ListItem","position":3,"name":"Pro Q10 SPECTRUM"}]},{"@type":"WebSite","@id":"https:\/\/biospa.ee\/fl2025\/#website","url":"https:\/\/biospa.ee\/fl2025\/","name":"Loodus BioSpa","description":"Loodus BioSpa","publisher":{"@id":"https:\/\/biospa.ee\/fl2025\/#organization"},"potentialAction":[{"@type":"SearchAction","target":{"@type":"EntryPoint","urlTemplate":"https:\/\/biospa.ee\/fl2025\/?s={search_term_string}"},"query-input":{"@type":"PropertyValueSpecification","valueRequired":true,"valueName":"search_term_string"}}],"inLanguage":"et"},{"@type":"Organization","@id":"https:\/\/biospa.ee\/fl2025\/#organization","name":"Tesmasan O\u00dc","url":"https:\/\/biospa.ee\/fl2025\/","logo":{"@type":"ImageObject","inLanguage":"et","@id":"https:\/\/biospa.ee\/fl2025\/#\/schema\/logo\/image\/","url":"https:\/\/biospa.ee\/fl2025\/wp-content\/uploads\/2025\/11\/BioSpa-loggo-est.png","contentUrl":"https:\/\/biospa.ee\/fl2025\/wp-content\/uploads\/2025\/11\/BioSpa-loggo-est.png","width":842,"height":595,"caption":"Tesmasan O\u00dc"},"image":{"@id":"https:\/\/biospa.ee\/fl2025\/#\/schema\/logo\/image\/"},"sameAs":["https:\/\/www.facebook.com\/LoodusBioSpa\/","https:\/\/www.instagram.com\/loodusbiospa\/"]}]}},"_links":{"self":[{"href":"https:\/\/biospa.ee\/fl2025\/wp-json\/wp\/v2\/product\/21170","targetHints":{"allow":["GET"]}}],"collection":[{"href":"https:\/\/biospa.ee\/fl2025\/wp-json\/wp\/v2\/product"}],"about":[{"href":"https:\/\/biospa.ee\/fl2025\/wp-json\/wp\/v2\/types\/product"}],"wp:featuredmedia":[{"embeddable":true,"href":"https:\/\/biospa.ee\/fl2025\/wp-json\/wp\/v2\/media\/97486"}],"wp:attachment":[{"href":"https:\/\/biospa.ee\/fl2025\/wp-json\/wp\/v2\/media?parent=21170"}],"wp:term":[{"taxonomy":"product_brand","embeddable":true,"href":"https:\/\/biospa.ee\/fl2025\/wp-json\/wp\/v2\/product_brand?post=21170"},{"taxonomy":"product_cat","embeddable":true,"href":"https:\/\/biospa.ee\/fl2025\/wp-json\/wp\/v2\/product_cat?post=21170"},{"taxonomy":"product_tag","embeddable":true,"href":"https:\/\/biospa.ee\/fl2025\/wp-json\/wp\/v2\/product_tag?post=21170"}],"curies":[{"name":"wp","href":"https:\/\/api.w.org\/{rel}","templated":true}]}}