{"id":21176,"date":"2022-07-22T13:46:43","date_gmt":"2022-07-22T10:46:43","guid":{"rendered":"https:\/\/biospa.ee\/?post_type=product&#038;p=21176"},"modified":"2026-04-07T10:56:38","modified_gmt":"2026-04-07T07:56:38","slug":"uus-pro-vita-c","status":"publish","type":"product","link":"https:\/\/biospa.ee\/fl2025\/toode\/uus-pro-vita-c\/","title":{"rendered":"Pro VITAMIN C"},"content":{"rendered":"<p><strong>Puhtalt taimne, 100% looduslik:<\/strong>\u00a0Pro Vitamin C sisaldab looduslikku C-vitamiini puhtalt taimsetest allikatest.\u00a0Valitud puuviljad nagu acerola, datlid, astelpaju, kibuvitsamarjad, viigimarjad, mustikad ja mustad s\u00f5strad tagavad k\u00f5rge loodusliku L-askorbiinhappe sisalduse ning pakuvad ka v\u00e4\u00e4rtuslikke f\u00fctotoitaineid.<\/p>\n<h3>Tervisealased v\u00e4ited:<\/h3>\n<h4><strong>C-vitamiin<\/strong><\/h4>\n<ul>\n<li>aitab kaasa immuuns\u00fcsteemi normaalsele talitlusele \u2013 ka intensiivse f\u00fc\u00fcsilise koormuse ajal ja p\u00e4rast seda.<\/li>\n<li>toetab normaalset kollageeni moodustumist luude, k\u00f5hrede, hammaste, igemete ja veresoonte tervislikuks talitluseks.<\/li>\n<li>on terve naha jaoks v\u00e4\u00e4rtuslik.<\/li>\n<li>aitab kaasa normaalsele energiavahetusele.<\/li>\n<li>toetab n\u00e4rvis\u00fcsteemi ja normaalset ps\u00fchholoogilist funktsiooni.<\/li>\n<li>kaitseb rakke oks\u00fcdatiivse stressi eest.<\/li>\n<li>v\u00f5itleb v\u00e4simuse ja kurnatuse vastu.<\/li>\n<li>suurendab raua imendumist.<\/li>\n<\/ul>\n","protected":false},"excerpt":{"rendered":"<p><strong>K\u00f5hus\u00f5bralik C-vitamiin ja bioflavonoidid p\u00f5hivaruks:<\/strong>\u00a0see kombinatsioon toetab teie immuuns\u00fcsteemi, aitab rauapuuduse korral ja soodustab tervislikku kollageeni moodustumist. C-vitamiin on puhverdatud aluselise magneesiumiga ja on seet\u00f5ttu maole \u00f5rn. Bioflavonoidid on v\u00e4\u00e4rtuslikud, t\u00e4iendavad pol\u00fcfenoolid.<\/p>\n<ul>\n<li>maos\u00f5braliku ja h\u00e4sti talutava C-vitamiiniga (magneesium askorbaat)<\/li>\n<li>loodusest inspireeritud \u2013 koos v\u00e4\u00e4rtuslike bioflavonoididega<\/li>\n<li>sealhulgas kvertsetiin, rutiin ja hesperidiin<\/li>\n<li>igap\u00e4evaseks p\u00f5hihoolduseks tugeva immuuns\u00fcsteemi jaoks ja rakkude kaitseks<\/li>\n<li>tervislikuks kollageeni moodustumiseks, nt. B. nahka ja paremat raua imendumist<\/li>\n<\/ul>\n<p>Sisu: 108g = 180 kapslit<\/p>\n<p><a href=\"https:\/\/biospa.ee\/wp-content\/uploads\/2020\/11\/TISSOgramm_Glutenfrei.png\" data-caption=\"\"><img decoding=\"async\" class=\"alignnone wp-image-13290 size-full\" title=\"Gluteenivaba \" src=\"https:\/\/biospa.ee\/wp-content\/uploads\/2020\/11\/TISSOgramm_Glutenfrei.png\" alt=\"\" width=\"45\" height=\"45\" \/><\/a><a href=\"https:\/\/biospa.ee\/wp-content\/uploads\/2020\/11\/TISSOgramm_Hypoallergen.png\">\u00a0<\/a><a href=\"https:\/\/biospa.ee\/wp-content\/uploads\/2020\/11\/TISSOgramm_Hefefrei.png\" data-caption=\"\"><img decoding=\"async\" class=\"alignnone wp-image-13293 size-full\" title=\"P\u00e4rmivaba \" src=\"https:\/\/biospa.ee\/wp-content\/uploads\/2020\/11\/TISSOgramm_Hefefrei.png\" alt=\"\" width=\"45\" height=\"45\" \/><\/a><a href=\"https:\/\/biospa.ee\/wp-content\/uploads\/2020\/11\/TISSOgramm_Hypoallergen.png\">\u00a0<\/a><a href=\"https:\/\/biospa.ee\/wp-content\/uploads\/2020\/11\/TISSOgramm_ohne-zusatz-von.png\" data-caption=\"\"><img decoding=\"async\" class=\"alignnone wp-image-13299 size-full\" title=\"Ei sisalda magusaineid, s\u00e4ilitusaineid, aroome, v\u00e4rvaineid, maitsetugevdajaid, kunstlikke koostisosi\" src=\"https:\/\/biospa.ee\/wp-content\/uploads\/2020\/11\/TISSOgramm_ohne-zusatz-von.png\" alt=\"\" width=\"45\" height=\"45\" \/><\/a><a href=\"https:\/\/biospa.ee\/wp-content\/uploads\/2020\/11\/TISSOgramm_Hypoallergen.png\">\u00a0<\/a><a href=\"https:\/\/biospa.ee\/wp-content\/uploads\/2020\/11\/TISSOgramm_Schadstofffrei.png\" data-caption=\"\"><img decoding=\"async\" class=\"alignnone wp-image-13287 size-full\" title=\"Kahjulike koostisaineteta\" src=\"https:\/\/biospa.ee\/wp-content\/uploads\/2020\/11\/TISSOgramm_Schadstofffrei.png\" alt=\"\" width=\"45\" height=\"45\" \/><\/a><a href=\"https:\/\/biospa.ee\/wp-content\/uploads\/2020\/11\/TISSOgramm_Hypoallergen.png\">\u00a0<\/a><a href=\"https:\/\/biospa.ee\/wp-content\/uploads\/2020\/11\/TISSOgramm_Vegan.png\" data-caption=\"\"><img decoding=\"async\" class=\"alignnone wp-image-13275 size-full\" title=\"Vegan\" src=\"https:\/\/biospa.ee\/wp-content\/uploads\/2020\/11\/TISSOgramm_Vegan.png\" alt=\"\" width=\"45\" height=\"45\" \/><\/a><a href=\"https:\/\/biospa.ee\/wp-content\/uploads\/2020\/11\/TISSOgramm_Hypoallergen.png\">\u00a0<\/a><a href=\"https:\/\/biospa.ee\/wp-content\/uploads\/2020\/11\/TISSOgramm_Natuerliche-Inhaltsstoffe.png\" data-caption=\"\"><img decoding=\"async\" class=\"alignnone wp-image-13278 size-full\" title=\"Looduslikud koostisosad\" src=\"https:\/\/biospa.ee\/wp-content\/uploads\/2020\/11\/TISSOgramm_Natuerliche-Inhaltsstoffe.png\" alt=\"\" width=\"45\" height=\"45\" \/><\/a><a href=\"https:\/\/biospa.ee\/wp-content\/uploads\/2020\/11\/TISSOgramm_Hypoallergen.png\">\u00a0<\/a><a href=\"https:\/\/biospa.ee\/wp-content\/uploads\/2020\/11\/TISSOgramm_Lactosefrei.png\" data-caption=\"\"><img decoding=\"async\" class=\"alignnone wp-image-13281 size-full\" title=\"Laktoosivaba \" src=\"https:\/\/biospa.ee\/wp-content\/uploads\/2020\/11\/TISSOgramm_Lactosefrei.png\" alt=\"\" width=\"45\" height=\"45\" \/><\/a><a href=\"https:\/\/biospa.ee\/wp-content\/uploads\/2020\/11\/TISSOgramm_Hypoallergen.png\">\u00a0<\/a><a href=\"https:\/\/biospa.ee\/wp-content\/uploads\/2020\/11\/TISSOgramm_Hypoallergen.png\" data-caption=\"\"><img decoding=\"async\" class=\"alignnone wp-image-13284 size-full\" title=\"H\u00fcpoallergeenne \" src=\"https:\/\/biospa.ee\/wp-content\/uploads\/2020\/11\/TISSOgramm_Hypoallergen.png\" alt=\"\" width=\"45\" height=\"45\" \/><\/a><\/p>\n","protected":false},"featured_media":97466,"template":"","meta":[],"product_brand":[],"product_cat":[263],"product_tag":[348,349,350,351],"class_list":{"0":"post-21176","1":"product","2":"type-product","3":"status-publish","4":"has-post-thumbnail","6":"product_cat-toidulisandid","7":"product_tag-c-vitamiin","8":"product_tag-stevia","9":"product_tag-kaitseb-rakke","10":"product_tag-suurendab-raua-imendumist","12":"first","13":"instock","14":"taxable","15":"shipping-taxable","16":"purchasable","17":"product-type-simple"},"yoast_head":"<!-- This site is optimized with the Yoast SEO plugin v27.0 - https:\/\/yoast.com\/product\/yoast-seo-wordpress\/ -->\n<title>Pro VITAMIN C - Loodus BioSpa<\/title>\n<meta name=\"robots\" content=\"noindex, follow, max-snippet:-1, max-image-preview:large, max-video-preview:-1\" \/>\n<meta property=\"og:locale\" content=\"et_EE\" \/>\n<meta property=\"og:type\" content=\"article\" \/>\n<meta property=\"og:title\" content=\"Pro VITAMIN C - Loodus BioSpa\" \/>\n<meta property=\"og:description\" content=\"K\u00f5hus\u00f5bralik C-vitamiin ja bioflavonoidid p\u00f5hivaruks:\u00a0see kombinatsioon toetab teie immuuns\u00fcsteemi, aitab rauapuuduse korral ja soodustab tervislikku kollageeni moodustumist. C-vitamiin on puhverdatud aluselise magneesiumiga ja on seet\u00f5ttu maole \u00f5rn. Bioflavonoidid on v\u00e4\u00e4rtuslikud, t\u00e4iendavad pol\u00fcfenoolid.   maos\u00f5braliku ja h\u00e4sti talutava C-vitamiiniga (magneesium askorbaat)  loodusest inspireeritud \u2013 koos v\u00e4\u00e4rtuslike bioflavonoididega  sealhulgas kvertsetiin, rutiin ja hesperidiin  igap\u00e4evaseks p\u00f5hihoolduseks tugeva immuuns\u00fcsteemi jaoks ja rakkude kaitseks  tervislikuks kollageeni moodustumiseks, nt. B. nahka ja paremat raua imendumist  Sisu: 108g = 180 kapslit  \u00a0\u00a0\u00a0\u00a0\u00a0\u00a0\u00a0\" \/>\n<meta property=\"og:url\" content=\"https:\/\/biospa.ee\/fl2025\/toode\/uus-pro-vita-c\/\" \/>\n<meta property=\"og:site_name\" content=\"Loodus BioSpa\" \/>\n<meta property=\"article:publisher\" content=\"https:\/\/www.facebook.com\/LoodusBioSpa\/\" \/>\n<meta property=\"article:modified_time\" content=\"2026-04-07T07:56:38+00:00\" \/>\n<meta property=\"og:image\" content=\"https:\/\/biospa.ee\/fl2025\/wp-content\/uploads\/2022\/07\/TISSO_Naturprodukte_Pro-Vitamin-C_FS_Icon-1.jpg\" \/>\n\t<meta property=\"og:image:width\" content=\"1080\" \/>\n\t<meta property=\"og:image:height\" content=\"1080\" \/>\n\t<meta property=\"og:image:type\" content=\"image\/jpeg\" \/>\n<meta name=\"twitter:card\" content=\"summary_large_image\" \/>\n<meta name=\"twitter:label1\" content=\"Est. reading time\" \/>\n\t<meta name=\"twitter:data1\" content=\"1 minut\" \/>\n<script type=\"application\/ld+json\" class=\"yoast-schema-graph\">{\"@context\":\"https:\/\/schema.org\",\"@graph\":[{\"@type\":\"WebPage\",\"@id\":\"https:\/\/biospa.ee\/fl2025\/toode\/uus-pro-vita-c\/\",\"url\":\"https:\/\/biospa.ee\/fl2025\/toode\/uus-pro-vita-c\/\",\"name\":\"Pro VITAMIN C - Loodus BioSpa\",\"isPartOf\":{\"@id\":\"https:\/\/biospa.ee\/fl2025\/#website\"},\"primaryImageOfPage\":{\"@id\":\"https:\/\/biospa.ee\/fl2025\/toode\/uus-pro-vita-c\/#primaryimage\"},\"image\":{\"@id\":\"https:\/\/biospa.ee\/fl2025\/toode\/uus-pro-vita-c\/#primaryimage\"},\"thumbnailUrl\":\"https:\/\/biospa.ee\/fl2025\/wp-content\/uploads\/2022\/07\/TISSO_Naturprodukte_Pro-Vitamin-C_FS_Icon-1.jpg\",\"datePublished\":\"2022-07-22T10:46:43+00:00\",\"dateModified\":\"2026-04-07T07:56:38+00:00\",\"breadcrumb\":{\"@id\":\"https:\/\/biospa.ee\/fl2025\/toode\/uus-pro-vita-c\/#breadcrumb\"},\"inLanguage\":\"et\",\"potentialAction\":[{\"@type\":\"ReadAction\",\"target\":[\"https:\/\/biospa.ee\/fl2025\/toode\/uus-pro-vita-c\/\"]}]},{\"@type\":\"ImageObject\",\"inLanguage\":\"et\",\"@id\":\"https:\/\/biospa.ee\/fl2025\/toode\/uus-pro-vita-c\/#primaryimage\",\"url\":\"https:\/\/biospa.ee\/fl2025\/wp-content\/uploads\/2022\/07\/TISSO_Naturprodukte_Pro-Vitamin-C_FS_Icon-1.jpg\",\"contentUrl\":\"https:\/\/biospa.ee\/fl2025\/wp-content\/uploads\/2022\/07\/TISSO_Naturprodukte_Pro-Vitamin-C_FS_Icon-1.jpg\",\"width\":1080,\"height\":1080},{\"@type\":\"BreadcrumbList\",\"@id\":\"https:\/\/biospa.ee\/fl2025\/toode\/uus-pro-vita-c\/#breadcrumb\",\"itemListElement\":[{\"@type\":\"ListItem\",\"position\":1,\"name\":\"Home\",\"item\":\"https:\/\/biospa.ee\/fl2025\/\"},{\"@type\":\"ListItem\",\"position\":2,\"name\":\"Pood\",\"item\":\"https:\/\/biospa.ee\/fl2025\/pood\/\"},{\"@type\":\"ListItem\",\"position\":3,\"name\":\"Pro VITAMIN C\"}]},{\"@type\":\"WebSite\",\"@id\":\"https:\/\/biospa.ee\/fl2025\/#website\",\"url\":\"https:\/\/biospa.ee\/fl2025\/\",\"name\":\"Loodus BioSpa\",\"description\":\"Loodus BioSpa\",\"publisher\":{\"@id\":\"https:\/\/biospa.ee\/fl2025\/#organization\"},\"potentialAction\":[{\"@type\":\"SearchAction\",\"target\":{\"@type\":\"EntryPoint\",\"urlTemplate\":\"https:\/\/biospa.ee\/fl2025\/?s={search_term_string}\"},\"query-input\":{\"@type\":\"PropertyValueSpecification\",\"valueRequired\":true,\"valueName\":\"search_term_string\"}}],\"inLanguage\":\"et\"},{\"@type\":\"Organization\",\"@id\":\"https:\/\/biospa.ee\/fl2025\/#organization\",\"name\":\"Tesmasan O\u00dc\",\"url\":\"https:\/\/biospa.ee\/fl2025\/\",\"logo\":{\"@type\":\"ImageObject\",\"inLanguage\":\"et\",\"@id\":\"https:\/\/biospa.ee\/fl2025\/#\/schema\/logo\/image\/\",\"url\":\"https:\/\/biospa.ee\/fl2025\/wp-content\/uploads\/2025\/11\/BioSpa-loggo-est.png\",\"contentUrl\":\"https:\/\/biospa.ee\/fl2025\/wp-content\/uploads\/2025\/11\/BioSpa-loggo-est.png\",\"width\":842,\"height\":595,\"caption\":\"Tesmasan O\u00dc\"},\"image\":{\"@id\":\"https:\/\/biospa.ee\/fl2025\/#\/schema\/logo\/image\/\"},\"sameAs\":[\"https:\/\/www.facebook.com\/LoodusBioSpa\/\",\"https:\/\/www.instagram.com\/loodusbiospa\/\"]}]}<\/script>\n<!-- \/ Yoast SEO plugin. -->","yoast_head_json":{"title":"Pro VITAMIN C - Loodus BioSpa","robots":{"index":"noindex","follow":"follow","max-snippet":"max-snippet:-1","max-image-preview":"max-image-preview:large","max-video-preview":"max-video-preview:-1"},"og_locale":"et_EE","og_type":"article","og_title":"Pro VITAMIN C - Loodus BioSpa","og_description":"K\u00f5hus\u00f5bralik C-vitamiin ja bioflavonoidid p\u00f5hivaruks:\u00a0see kombinatsioon toetab teie immuuns\u00fcsteemi, aitab rauapuuduse korral ja soodustab tervislikku kollageeni moodustumist. C-vitamiin on puhverdatud aluselise magneesiumiga ja on seet\u00f5ttu maole \u00f5rn. Bioflavonoidid on v\u00e4\u00e4rtuslikud, t\u00e4iendavad pol\u00fcfenoolid.   maos\u00f5braliku ja h\u00e4sti talutava C-vitamiiniga (magneesium askorbaat)  loodusest inspireeritud \u2013 koos v\u00e4\u00e4rtuslike bioflavonoididega  sealhulgas kvertsetiin, rutiin ja hesperidiin  igap\u00e4evaseks p\u00f5hihoolduseks tugeva immuuns\u00fcsteemi jaoks ja rakkude kaitseks  tervislikuks kollageeni moodustumiseks, nt. B. nahka ja paremat raua imendumist  Sisu: 108g = 180 kapslit  \u00a0\u00a0\u00a0\u00a0\u00a0\u00a0\u00a0","og_url":"https:\/\/biospa.ee\/fl2025\/toode\/uus-pro-vita-c\/","og_site_name":"Loodus BioSpa","article_publisher":"https:\/\/www.facebook.com\/LoodusBioSpa\/","article_modified_time":"2026-04-07T07:56:38+00:00","og_image":[{"width":1080,"height":1080,"url":"https:\/\/biospa.ee\/fl2025\/wp-content\/uploads\/2022\/07\/TISSO_Naturprodukte_Pro-Vitamin-C_FS_Icon-1.jpg","type":"image\/jpeg"}],"twitter_card":"summary_large_image","twitter_misc":{"Est. reading time":"1 minut"},"schema":{"@context":"https:\/\/schema.org","@graph":[{"@type":"WebPage","@id":"https:\/\/biospa.ee\/fl2025\/toode\/uus-pro-vita-c\/","url":"https:\/\/biospa.ee\/fl2025\/toode\/uus-pro-vita-c\/","name":"Pro VITAMIN C - Loodus BioSpa","isPartOf":{"@id":"https:\/\/biospa.ee\/fl2025\/#website"},"primaryImageOfPage":{"@id":"https:\/\/biospa.ee\/fl2025\/toode\/uus-pro-vita-c\/#primaryimage"},"image":{"@id":"https:\/\/biospa.ee\/fl2025\/toode\/uus-pro-vita-c\/#primaryimage"},"thumbnailUrl":"https:\/\/biospa.ee\/fl2025\/wp-content\/uploads\/2022\/07\/TISSO_Naturprodukte_Pro-Vitamin-C_FS_Icon-1.jpg","datePublished":"2022-07-22T10:46:43+00:00","dateModified":"2026-04-07T07:56:38+00:00","breadcrumb":{"@id":"https:\/\/biospa.ee\/fl2025\/toode\/uus-pro-vita-c\/#breadcrumb"},"inLanguage":"et","potentialAction":[{"@type":"ReadAction","target":["https:\/\/biospa.ee\/fl2025\/toode\/uus-pro-vita-c\/"]}]},{"@type":"ImageObject","inLanguage":"et","@id":"https:\/\/biospa.ee\/fl2025\/toode\/uus-pro-vita-c\/#primaryimage","url":"https:\/\/biospa.ee\/fl2025\/wp-content\/uploads\/2022\/07\/TISSO_Naturprodukte_Pro-Vitamin-C_FS_Icon-1.jpg","contentUrl":"https:\/\/biospa.ee\/fl2025\/wp-content\/uploads\/2022\/07\/TISSO_Naturprodukte_Pro-Vitamin-C_FS_Icon-1.jpg","width":1080,"height":1080},{"@type":"BreadcrumbList","@id":"https:\/\/biospa.ee\/fl2025\/toode\/uus-pro-vita-c\/#breadcrumb","itemListElement":[{"@type":"ListItem","position":1,"name":"Home","item":"https:\/\/biospa.ee\/fl2025\/"},{"@type":"ListItem","position":2,"name":"Pood","item":"https:\/\/biospa.ee\/fl2025\/pood\/"},{"@type":"ListItem","position":3,"name":"Pro VITAMIN C"}]},{"@type":"WebSite","@id":"https:\/\/biospa.ee\/fl2025\/#website","url":"https:\/\/biospa.ee\/fl2025\/","name":"Loodus BioSpa","description":"Loodus BioSpa","publisher":{"@id":"https:\/\/biospa.ee\/fl2025\/#organization"},"potentialAction":[{"@type":"SearchAction","target":{"@type":"EntryPoint","urlTemplate":"https:\/\/biospa.ee\/fl2025\/?s={search_term_string}"},"query-input":{"@type":"PropertyValueSpecification","valueRequired":true,"valueName":"search_term_string"}}],"inLanguage":"et"},{"@type":"Organization","@id":"https:\/\/biospa.ee\/fl2025\/#organization","name":"Tesmasan O\u00dc","url":"https:\/\/biospa.ee\/fl2025\/","logo":{"@type":"ImageObject","inLanguage":"et","@id":"https:\/\/biospa.ee\/fl2025\/#\/schema\/logo\/image\/","url":"https:\/\/biospa.ee\/fl2025\/wp-content\/uploads\/2025\/11\/BioSpa-loggo-est.png","contentUrl":"https:\/\/biospa.ee\/fl2025\/wp-content\/uploads\/2025\/11\/BioSpa-loggo-est.png","width":842,"height":595,"caption":"Tesmasan O\u00dc"},"image":{"@id":"https:\/\/biospa.ee\/fl2025\/#\/schema\/logo\/image\/"},"sameAs":["https:\/\/www.facebook.com\/LoodusBioSpa\/","https:\/\/www.instagram.com\/loodusbiospa\/"]}]}},"_links":{"self":[{"href":"https:\/\/biospa.ee\/fl2025\/wp-json\/wp\/v2\/product\/21176","targetHints":{"allow":["GET"]}}],"collection":[{"href":"https:\/\/biospa.ee\/fl2025\/wp-json\/wp\/v2\/product"}],"about":[{"href":"https:\/\/biospa.ee\/fl2025\/wp-json\/wp\/v2\/types\/product"}],"wp:featuredmedia":[{"embeddable":true,"href":"https:\/\/biospa.ee\/fl2025\/wp-json\/wp\/v2\/media\/97466"}],"wp:attachment":[{"href":"https:\/\/biospa.ee\/fl2025\/wp-json\/wp\/v2\/media?parent=21176"}],"wp:term":[{"taxonomy":"product_brand","embeddable":true,"href":"https:\/\/biospa.ee\/fl2025\/wp-json\/wp\/v2\/product_brand?post=21176"},{"taxonomy":"product_cat","embeddable":true,"href":"https:\/\/biospa.ee\/fl2025\/wp-json\/wp\/v2\/product_cat?post=21176"},{"taxonomy":"product_tag","embeddable":true,"href":"https:\/\/biospa.ee\/fl2025\/wp-json\/wp\/v2\/product_tag?post=21176"}],"curies":[{"name":"wp","href":"https:\/\/api.w.org\/{rel}","templated":true}]}}