{"id":21820,"date":"2022-09-08T14:54:07","date_gmt":"2022-09-08T11:54:07","guid":{"rendered":"https:\/\/biospa.ee\/?post_type=product&#038;p=21820"},"modified":"2026-04-07T09:36:10","modified_gmt":"2026-04-07T06:36:10","slug":"uus-pro-em-san","status":"publish","type":"product","link":"https:\/\/biospa.ee\/fl2025\/toode\/uus-pro-em-san\/","title":{"rendered":"Pro EM SAN"},"content":{"rendered":"<p>Erinevalt tavaliselt k\u00fclmkuivatatud bakteritest kapslites v\u00f5i tablettides on Pro EM san mikroorganismid &#8220;\u00e4rkvel&#8221; ja metaboolselt aktiivsed.\u00a0Sellises olekus on nad vastupidavamad maohappele, millega puutuvad nad t\u00e4nu vedeliku tarbimisele v\u00e4he kokku.\u00a0See t\u00e4hendab, et piisav hulk neist v\u00f5ib siseneda soolde kahjustamata.\u00a0Lisaeelis: Pro EM san sisaldab ka v\u00e4\u00e4rtuslikke k\u00e4\u00e4rimisprotsessis tekkivaid bakteriaalseid ainevahetusprodukte.<\/p>\n<h3>Mikroorganismid TISSO enda varudest<\/h3>\n<p>Kodused kultuurid: kasutame Pro EM san jaoks ainult meie enda t\u00fcvede mikroorganisme.\u00a0Nii saame alati tagada oma toote k\u00f5rgeima kvaliteedi ja ohutuse.\u00a0Aretus ja k\u00e4\u00e4ritamine toimub pideva laboratoorse j\u00e4relevalve all.<\/p>\n<p>K\u00f5igi bakterit\u00fcvede genot\u00fc\u00fcp m\u00e4\u00e4ratakse regulaarselt.<\/p>\n","protected":false},"excerpt":{"rendered":"<p>&nbsp;<\/p>\n<p>Vedel probiootik 1000 ml<\/p>\n<p>Algne \u2013 31 olulist probiootilist bakterikultuuri 24 \u00fcrdi ja taime fermenteeritud ekstraktiga: Pro EM san varustab teie soolestikku ainulaadse hulga aktiivsete bakteritega.\u00a0Iga p\u00e4evane portsjon sisaldab 30 miljardit mikroorganismi ja v\u00e4\u00e4rtuslikke k\u00e4\u00e4rimisprotsessis tekkivaid bakteriaalseid metaboliite. <strong>NB! Ei sobi allergikutele.<\/strong><\/p>\n<ul>\n<li>Tippkombinatsioon 31 k\u00f5ige olulisema piimhappe- ja bifidobakterikultuuriga<\/li>\n<li>30 miljardit bakterit (kolooniaid moodustavat \u00fchikut) p\u00e4evase annuse kohta<\/li>\n<li>Lisaks pol\u00fcfenoolirikas ekstrakt 24 v\u00e4\u00e4rtuslikust \u00fcrdist ja taimest<\/li>\n<li>Palsam soolele ja seedimisele<\/li>\n<li>Looduslikult k\u00e4\u00e4ritatud \u2013 ilma kunstlike lisanditeta ja p\u00e4rmivaba<\/li>\n<\/ul>\n<p><a href=\"https:\/\/biospa.ee\/wp-content\/uploads\/2020\/11\/TISSOgramm_Glutenfrei.png\" data-caption=\"\"><img decoding=\"async\" class=\"alignnone wp-image-13290 size-full\" title=\"Gluteenivaba \" src=\"https:\/\/biospa.ee\/wp-content\/uploads\/2020\/11\/TISSOgramm_Glutenfrei.png\" alt=\"\" width=\"45\" height=\"45\" \/><\/a>\u00a0<a href=\"https:\/\/biospa.ee\/wp-content\/uploads\/2020\/11\/TISSOgramm_Hefefrei.png\" data-caption=\"\"><img decoding=\"async\" class=\"alignnone wp-image-13293 size-full\" title=\"P\u00e4rmivaba \" src=\"https:\/\/biospa.ee\/wp-content\/uploads\/2020\/11\/TISSOgramm_Hefefrei.png\" alt=\"\" width=\"45\" height=\"45\" \/><\/a>\u00a0<a href=\"https:\/\/biospa.ee\/wp-content\/uploads\/2020\/11\/TISSOgramm_ohne-zusatz-von.png\" data-caption=\"\"><img decoding=\"async\" class=\"alignnone wp-image-13299 size-full\" title=\"Ei sisalda magusaineid, s\u00e4ilitusaineid, aroome, v\u00e4rvaineid, maitsetugevdajaid, kunstlikke koostisosi\" src=\"https:\/\/biospa.ee\/wp-content\/uploads\/2020\/11\/TISSOgramm_ohne-zusatz-von.png\" alt=\"\" width=\"45\" height=\"45\" \/><\/a>\u00a0<a href=\"https:\/\/biospa.ee\/wp-content\/uploads\/2020\/11\/TISSOgramm_Schadstofffrei.png\" data-caption=\"\"><img decoding=\"async\" class=\"alignnone wp-image-13287 size-full\" title=\"Kahjulike koostisaineteta\" src=\"https:\/\/biospa.ee\/wp-content\/uploads\/2020\/11\/TISSOgramm_Schadstofffrei.png\" alt=\"\" width=\"45\" height=\"45\" \/><\/a>\u00a0<a href=\"https:\/\/biospa.ee\/wp-content\/uploads\/2020\/11\/TISSOgramm_Vegan.png\" data-caption=\"\"><img decoding=\"async\" class=\"alignnone wp-image-13275 size-full\" title=\"Vegan\" src=\"https:\/\/biospa.ee\/wp-content\/uploads\/2020\/11\/TISSOgramm_Vegan.png\" alt=\"\" width=\"45\" height=\"45\" \/><\/a>\u00a0<a href=\"https:\/\/biospa.ee\/wp-content\/uploads\/2020\/11\/TISSOgramm_Natuerliche-Inhaltsstoffe.png\" data-caption=\"\"><img decoding=\"async\" class=\"alignnone wp-image-13278 size-full\" title=\"Looduslikud koostisosad\" src=\"https:\/\/biospa.ee\/wp-content\/uploads\/2020\/11\/TISSOgramm_Natuerliche-Inhaltsstoffe.png\" alt=\"\" width=\"45\" height=\"45\" \/><\/a>\u00a0<a href=\"https:\/\/biospa.ee\/wp-content\/uploads\/2020\/11\/TISSOgramm_Lactosefrei.png\" data-caption=\"\"><img decoding=\"async\" class=\"alignnone wp-image-13281 size-full\" title=\"Laktoosivaba \" src=\"https:\/\/biospa.ee\/wp-content\/uploads\/2020\/11\/TISSOgramm_Lactosefrei.png\" alt=\"\" width=\"45\" height=\"45\" \/><\/a>\u00a0<a href=\"https:\/\/biospa.ee\/wp-content\/uploads\/2020\/11\/TISSOgramm_Hypoallergen.png\" data-caption=\"\"><img decoding=\"async\" class=\"alignnone wp-image-13284 size-full\" title=\"H\u00fcpoallergeenne \" src=\"https:\/\/biospa.ee\/wp-content\/uploads\/2020\/11\/TISSOgramm_Hypoallergen.png\" alt=\"\" width=\"45\" height=\"45\" \/><\/a><\/p>\n","protected":false},"featured_media":97331,"template":"","meta":[],"product_brand":[],"product_cat":[263],"product_tag":[316,307,311,315],"class_list":{"0":"post-21820","1":"product","2":"type-product","3":"status-publish","4":"has-post-thumbnail","6":"product_cat-toidulisandid","7":"product_tag-terve-seedimine","8":"product_tag-kaalu-langus","9":"product_tag-terve-soolestik","10":"product_tag-probiootikum","12":"first","13":"instock","14":"taxable","15":"shipping-taxable","16":"purchasable","17":"product-type-simple"},"yoast_head":"<!-- This site is optimized with the Yoast SEO plugin v27.0 - https:\/\/yoast.com\/product\/yoast-seo-wordpress\/ -->\n<title>Pro EM SAN - Loodus BioSpa<\/title>\n<meta name=\"robots\" content=\"noindex, follow, max-snippet:-1, max-image-preview:large, max-video-preview:-1\" \/>\n<meta property=\"og:locale\" content=\"et_EE\" \/>\n<meta property=\"og:type\" content=\"article\" \/>\n<meta property=\"og:title\" content=\"Pro EM SAN - Loodus BioSpa\" \/>\n<meta property=\"og:description\" content=\"&nbsp;  Vedel probiootik 1000 ml  Algne \u2013 31 olulist probiootilist bakterikultuuri 24 \u00fcrdi ja taime fermenteeritud ekstraktiga: Pro EM san varustab teie soolestikku ainulaadse hulga aktiivsete bakteritega.\u00a0Iga p\u00e4evane portsjon sisaldab 30 miljardit mikroorganismi ja v\u00e4\u00e4rtuslikke k\u00e4\u00e4rimisprotsessis tekkivaid bakteriaalseid metaboliite. NB! Ei sobi allergikutele.   Tippkombinatsioon 31 k\u00f5ige olulisema piimhappe- ja bifidobakterikultuuriga  30 miljardit bakterit (kolooniaid moodustavat \u00fchikut) p\u00e4evase annuse kohta  Lisaks pol\u00fcfenoolirikas ekstrakt 24 v\u00e4\u00e4rtuslikust \u00fcrdist ja taimest  Palsam soolele ja seedimisele  Looduslikult k\u00e4\u00e4ritatud \u2013 ilma kunstlike lisanditeta ja p\u00e4rmivaba  \u00a0\u00a0\u00a0\u00a0\u00a0\u00a0\u00a0\" \/>\n<meta property=\"og:url\" content=\"https:\/\/biospa.ee\/fl2025\/toode\/uus-pro-em-san\/\" \/>\n<meta property=\"og:site_name\" content=\"Loodus BioSpa\" \/>\n<meta property=\"article:publisher\" content=\"https:\/\/www.facebook.com\/LoodusBioSpa\/\" \/>\n<meta property=\"article:modified_time\" content=\"2026-04-07T06:36:10+00:00\" \/>\n<meta property=\"og:image\" content=\"https:\/\/biospa.ee\/fl2025\/wp-content\/uploads\/2022\/09\/TISSO_Naturprodukte_Carousel_ProEMsan_1-1.jpg\" \/>\n\t<meta property=\"og:image:width\" content=\"1080\" \/>\n\t<meta property=\"og:image:height\" content=\"1080\" \/>\n\t<meta property=\"og:image:type\" content=\"image\/jpeg\" \/>\n<meta name=\"twitter:card\" content=\"summary_large_image\" \/>\n<meta name=\"twitter:label1\" content=\"Est. reading time\" \/>\n\t<meta name=\"twitter:data1\" content=\"1 minut\" \/>\n<script type=\"application\/ld+json\" class=\"yoast-schema-graph\">{\"@context\":\"https:\/\/schema.org\",\"@graph\":[{\"@type\":\"WebPage\",\"@id\":\"https:\/\/biospa.ee\/fl2025\/toode\/uus-pro-em-san\/\",\"url\":\"https:\/\/biospa.ee\/fl2025\/toode\/uus-pro-em-san\/\",\"name\":\"Pro EM SAN - Loodus BioSpa\",\"isPartOf\":{\"@id\":\"https:\/\/biospa.ee\/fl2025\/#website\"},\"primaryImageOfPage\":{\"@id\":\"https:\/\/biospa.ee\/fl2025\/toode\/uus-pro-em-san\/#primaryimage\"},\"image\":{\"@id\":\"https:\/\/biospa.ee\/fl2025\/toode\/uus-pro-em-san\/#primaryimage\"},\"thumbnailUrl\":\"https:\/\/biospa.ee\/fl2025\/wp-content\/uploads\/2022\/09\/TISSO_Naturprodukte_Carousel_ProEMsan_1-1.jpg\",\"datePublished\":\"2022-09-08T11:54:07+00:00\",\"dateModified\":\"2026-04-07T06:36:10+00:00\",\"breadcrumb\":{\"@id\":\"https:\/\/biospa.ee\/fl2025\/toode\/uus-pro-em-san\/#breadcrumb\"},\"inLanguage\":\"et\",\"potentialAction\":[{\"@type\":\"ReadAction\",\"target\":[\"https:\/\/biospa.ee\/fl2025\/toode\/uus-pro-em-san\/\"]}]},{\"@type\":\"ImageObject\",\"inLanguage\":\"et\",\"@id\":\"https:\/\/biospa.ee\/fl2025\/toode\/uus-pro-em-san\/#primaryimage\",\"url\":\"https:\/\/biospa.ee\/fl2025\/wp-content\/uploads\/2022\/09\/TISSO_Naturprodukte_Carousel_ProEMsan_1-1.jpg\",\"contentUrl\":\"https:\/\/biospa.ee\/fl2025\/wp-content\/uploads\/2022\/09\/TISSO_Naturprodukte_Carousel_ProEMsan_1-1.jpg\",\"width\":1080,\"height\":1080},{\"@type\":\"BreadcrumbList\",\"@id\":\"https:\/\/biospa.ee\/fl2025\/toode\/uus-pro-em-san\/#breadcrumb\",\"itemListElement\":[{\"@type\":\"ListItem\",\"position\":1,\"name\":\"Home\",\"item\":\"https:\/\/biospa.ee\/fl2025\/\"},{\"@type\":\"ListItem\",\"position\":2,\"name\":\"Pood\",\"item\":\"https:\/\/biospa.ee\/fl2025\/pood\/\"},{\"@type\":\"ListItem\",\"position\":3,\"name\":\"Pro EM SAN\"}]},{\"@type\":\"WebSite\",\"@id\":\"https:\/\/biospa.ee\/fl2025\/#website\",\"url\":\"https:\/\/biospa.ee\/fl2025\/\",\"name\":\"Loodus BioSpa\",\"description\":\"Loodus BioSpa\",\"publisher\":{\"@id\":\"https:\/\/biospa.ee\/fl2025\/#organization\"},\"potentialAction\":[{\"@type\":\"SearchAction\",\"target\":{\"@type\":\"EntryPoint\",\"urlTemplate\":\"https:\/\/biospa.ee\/fl2025\/?s={search_term_string}\"},\"query-input\":{\"@type\":\"PropertyValueSpecification\",\"valueRequired\":true,\"valueName\":\"search_term_string\"}}],\"inLanguage\":\"et\"},{\"@type\":\"Organization\",\"@id\":\"https:\/\/biospa.ee\/fl2025\/#organization\",\"name\":\"Tesmasan O\u00dc\",\"url\":\"https:\/\/biospa.ee\/fl2025\/\",\"logo\":{\"@type\":\"ImageObject\",\"inLanguage\":\"et\",\"@id\":\"https:\/\/biospa.ee\/fl2025\/#\/schema\/logo\/image\/\",\"url\":\"https:\/\/biospa.ee\/fl2025\/wp-content\/uploads\/2025\/11\/BioSpa-loggo-est.png\",\"contentUrl\":\"https:\/\/biospa.ee\/fl2025\/wp-content\/uploads\/2025\/11\/BioSpa-loggo-est.png\",\"width\":842,\"height\":595,\"caption\":\"Tesmasan O\u00dc\"},\"image\":{\"@id\":\"https:\/\/biospa.ee\/fl2025\/#\/schema\/logo\/image\/\"},\"sameAs\":[\"https:\/\/www.facebook.com\/LoodusBioSpa\/\",\"https:\/\/www.instagram.com\/loodusbiospa\/\"]}]}<\/script>\n<!-- \/ Yoast SEO plugin. -->","yoast_head_json":{"title":"Pro EM SAN - Loodus BioSpa","robots":{"index":"noindex","follow":"follow","max-snippet":"max-snippet:-1","max-image-preview":"max-image-preview:large","max-video-preview":"max-video-preview:-1"},"og_locale":"et_EE","og_type":"article","og_title":"Pro EM SAN - Loodus BioSpa","og_description":"&nbsp;  Vedel probiootik 1000 ml  Algne \u2013 31 olulist probiootilist bakterikultuuri 24 \u00fcrdi ja taime fermenteeritud ekstraktiga: Pro EM san varustab teie soolestikku ainulaadse hulga aktiivsete bakteritega.\u00a0Iga p\u00e4evane portsjon sisaldab 30 miljardit mikroorganismi ja v\u00e4\u00e4rtuslikke k\u00e4\u00e4rimisprotsessis tekkivaid bakteriaalseid metaboliite. NB! Ei sobi allergikutele.   Tippkombinatsioon 31 k\u00f5ige olulisema piimhappe- ja bifidobakterikultuuriga  30 miljardit bakterit (kolooniaid moodustavat \u00fchikut) p\u00e4evase annuse kohta  Lisaks pol\u00fcfenoolirikas ekstrakt 24 v\u00e4\u00e4rtuslikust \u00fcrdist ja taimest  Palsam soolele ja seedimisele  Looduslikult k\u00e4\u00e4ritatud \u2013 ilma kunstlike lisanditeta ja p\u00e4rmivaba  \u00a0\u00a0\u00a0\u00a0\u00a0\u00a0\u00a0","og_url":"https:\/\/biospa.ee\/fl2025\/toode\/uus-pro-em-san\/","og_site_name":"Loodus BioSpa","article_publisher":"https:\/\/www.facebook.com\/LoodusBioSpa\/","article_modified_time":"2026-04-07T06:36:10+00:00","og_image":[{"width":1080,"height":1080,"url":"https:\/\/biospa.ee\/fl2025\/wp-content\/uploads\/2022\/09\/TISSO_Naturprodukte_Carousel_ProEMsan_1-1.jpg","type":"image\/jpeg"}],"twitter_card":"summary_large_image","twitter_misc":{"Est. reading time":"1 minut"},"schema":{"@context":"https:\/\/schema.org","@graph":[{"@type":"WebPage","@id":"https:\/\/biospa.ee\/fl2025\/toode\/uus-pro-em-san\/","url":"https:\/\/biospa.ee\/fl2025\/toode\/uus-pro-em-san\/","name":"Pro EM SAN - Loodus BioSpa","isPartOf":{"@id":"https:\/\/biospa.ee\/fl2025\/#website"},"primaryImageOfPage":{"@id":"https:\/\/biospa.ee\/fl2025\/toode\/uus-pro-em-san\/#primaryimage"},"image":{"@id":"https:\/\/biospa.ee\/fl2025\/toode\/uus-pro-em-san\/#primaryimage"},"thumbnailUrl":"https:\/\/biospa.ee\/fl2025\/wp-content\/uploads\/2022\/09\/TISSO_Naturprodukte_Carousel_ProEMsan_1-1.jpg","datePublished":"2022-09-08T11:54:07+00:00","dateModified":"2026-04-07T06:36:10+00:00","breadcrumb":{"@id":"https:\/\/biospa.ee\/fl2025\/toode\/uus-pro-em-san\/#breadcrumb"},"inLanguage":"et","potentialAction":[{"@type":"ReadAction","target":["https:\/\/biospa.ee\/fl2025\/toode\/uus-pro-em-san\/"]}]},{"@type":"ImageObject","inLanguage":"et","@id":"https:\/\/biospa.ee\/fl2025\/toode\/uus-pro-em-san\/#primaryimage","url":"https:\/\/biospa.ee\/fl2025\/wp-content\/uploads\/2022\/09\/TISSO_Naturprodukte_Carousel_ProEMsan_1-1.jpg","contentUrl":"https:\/\/biospa.ee\/fl2025\/wp-content\/uploads\/2022\/09\/TISSO_Naturprodukte_Carousel_ProEMsan_1-1.jpg","width":1080,"height":1080},{"@type":"BreadcrumbList","@id":"https:\/\/biospa.ee\/fl2025\/toode\/uus-pro-em-san\/#breadcrumb","itemListElement":[{"@type":"ListItem","position":1,"name":"Home","item":"https:\/\/biospa.ee\/fl2025\/"},{"@type":"ListItem","position":2,"name":"Pood","item":"https:\/\/biospa.ee\/fl2025\/pood\/"},{"@type":"ListItem","position":3,"name":"Pro EM SAN"}]},{"@type":"WebSite","@id":"https:\/\/biospa.ee\/fl2025\/#website","url":"https:\/\/biospa.ee\/fl2025\/","name":"Loodus BioSpa","description":"Loodus BioSpa","publisher":{"@id":"https:\/\/biospa.ee\/fl2025\/#organization"},"potentialAction":[{"@type":"SearchAction","target":{"@type":"EntryPoint","urlTemplate":"https:\/\/biospa.ee\/fl2025\/?s={search_term_string}"},"query-input":{"@type":"PropertyValueSpecification","valueRequired":true,"valueName":"search_term_string"}}],"inLanguage":"et"},{"@type":"Organization","@id":"https:\/\/biospa.ee\/fl2025\/#organization","name":"Tesmasan O\u00dc","url":"https:\/\/biospa.ee\/fl2025\/","logo":{"@type":"ImageObject","inLanguage":"et","@id":"https:\/\/biospa.ee\/fl2025\/#\/schema\/logo\/image\/","url":"https:\/\/biospa.ee\/fl2025\/wp-content\/uploads\/2025\/11\/BioSpa-loggo-est.png","contentUrl":"https:\/\/biospa.ee\/fl2025\/wp-content\/uploads\/2025\/11\/BioSpa-loggo-est.png","width":842,"height":595,"caption":"Tesmasan O\u00dc"},"image":{"@id":"https:\/\/biospa.ee\/fl2025\/#\/schema\/logo\/image\/"},"sameAs":["https:\/\/www.facebook.com\/LoodusBioSpa\/","https:\/\/www.instagram.com\/loodusbiospa\/"]}]}},"_links":{"self":[{"href":"https:\/\/biospa.ee\/fl2025\/wp-json\/wp\/v2\/product\/21820","targetHints":{"allow":["GET"]}}],"collection":[{"href":"https:\/\/biospa.ee\/fl2025\/wp-json\/wp\/v2\/product"}],"about":[{"href":"https:\/\/biospa.ee\/fl2025\/wp-json\/wp\/v2\/types\/product"}],"wp:featuredmedia":[{"embeddable":true,"href":"https:\/\/biospa.ee\/fl2025\/wp-json\/wp\/v2\/media\/97331"}],"wp:attachment":[{"href":"https:\/\/biospa.ee\/fl2025\/wp-json\/wp\/v2\/media?parent=21820"}],"wp:term":[{"taxonomy":"product_brand","embeddable":true,"href":"https:\/\/biospa.ee\/fl2025\/wp-json\/wp\/v2\/product_brand?post=21820"},{"taxonomy":"product_cat","embeddable":true,"href":"https:\/\/biospa.ee\/fl2025\/wp-json\/wp\/v2\/product_cat?post=21820"},{"taxonomy":"product_tag","embeddable":true,"href":"https:\/\/biospa.ee\/fl2025\/wp-json\/wp\/v2\/product_tag?post=21820"}],"curies":[{"name":"wp","href":"https:\/\/api.w.org\/{rel}","templated":true}]}}