{"id":33935,"date":"2024-11-27T15:11:39","date_gmt":"2024-11-27T13:11:39","guid":{"rendered":"https:\/\/biospa.ee\/?post_type=product&#038;p=33935"},"modified":"2026-04-07T09:46:07","modified_gmt":"2026-04-07T06:46:07","slug":"pro-intest-alkoholivaba","status":"publish","type":"product","link":"https:\/\/biospa.ee\/fl2025\/toode\/pro-intest-alkoholivaba\/","title":{"rendered":"Pro INTEST alkoholivaba"},"content":{"rendered":"<div class=\"flex-shrink-0 flex flex-col relative items-end\">\n<div>\n<div class=\"pt-0\">\n<div class=\"gizmo-bot-avatar flex h-8 w-8 items-center justify-center overflow-hidden rounded-full\">\n<div class=\"relative p-1 rounded-sm flex items-center justify-center bg-token-main-surface-primary text-token-text-primary h-8 w-8\"><\/div>\n<\/div>\n<\/div>\n<\/div>\n<\/div>\n<div class=\"group\/conversation-turn relative flex w-full min-w-0 flex-col agent-turn\">\n<div class=\"flex-col gap-1 md:gap-3\">\n<div class=\"flex max-w-full flex-col flex-grow\">\n<div class=\"min-h-8 text-message flex w-full flex-col items-end gap-2 whitespace-normal break-words [.text-message+&amp;]:mt-5\" dir=\"auto\" data-message-author-role=\"assistant\" data-message-id=\"efb1a569-ff7e-4047-820b-f4250bdc151b\" data-message-model-slug=\"gpt-4o\">\n<div class=\"flex w-full flex-col gap-1 empty:hidden first:pt-[3px]\">\n<div class=\"markdown prose w-full break-words dark:prose-invert light\">\n<p>Sinu ideaalne kibeaine segu \u2013 t\u00e4iesti alkoholivaba ja tsingiga: 13 kvaliteetset \u00fcrti ja taime aitavad oma kibedate ainetega tagada sujuva seedimise ning ennetavad liigs\u00f6\u00f6mist ja maiustuste isu. <strong>Pro Intest alkoholivaba<\/strong> loob meeldivalt kerge k\u00f5hutunde \u2013 100% alkoholivaba ja tsingi lisandiga.<\/p>\n<p>Looduses kaitsevad kibedained metsikuid taimi taimtoiduliste eest ja suurendavad nende vastupidavust. Kui inimene oli veel k\u00fctt ja korilane, harjus ta kibeda maitsega ja sai teadmatult kibedainetest kasu. T\u00e4nap\u00e4eval on kibedad toidud inimeste maitsemeeltele aga v\u00f5\u00f5rad, mist\u00f5ttu on neid sageli raske nautida ning kibeda maitsega taimi on parema m\u00fc\u00fcgi huvides aretatud v\u00e4hem kibedaks \u2013 kahjuks. Ometi on neil palju tervisele kasulikke omadusi, n\u00e4iteks hea seedimise soodustamine. Need, kes soovivad kibedainetest kasu saada, peaksid eelistama kvaliteetseid toidulisandeid.<\/p>\n<div class=\"flex-shrink-0 flex flex-col relative items-end\">\n<div>\n<div class=\"pt-0\">\n<div class=\"gizmo-bot-avatar flex h-8 w-8 items-center justify-center overflow-hidden rounded-full\">\n<div class=\"relative p-1 rounded-sm flex items-center justify-center bg-token-main-surface-primary text-token-text-primary h-8 w-8\"><\/div>\n<\/div>\n<\/div>\n<\/div>\n<\/div>\n<div class=\"group\/conversation-turn relative flex w-full min-w-0 flex-col agent-turn\">\n<div class=\"flex-col gap-1 md:gap-3\">\n<div class=\"flex max-w-full flex-col flex-grow\">\n<div class=\"min-h-8 text-message flex w-full flex-col items-end gap-2 whitespace-normal break-words [.text-message+&amp;]:mt-5\" dir=\"auto\" data-message-author-role=\"assistant\" data-message-id=\"dca9a4e7-ca45-4116-ac8b-760fdd77dbd5\" data-message-model-slug=\"gpt-4o\">\n<div class=\"flex w-full flex-col gap-1 empty:hidden first:pt-[3px]\">\n<div class=\"markdown prose w-full break-words dark:prose-invert light\">\n<p>Kvaliteetne alkohol on tugev lahusti ja suudab t\u00f5husalt ekstraheerida palju v\u00e4\u00e4rtuslikke toimeaineid. Neile, kes soovivad kogeda kibedaainete kasulikku m\u00f5ju, kuid v\u00e4ldivad alkoholi, sobib meie <strong>Pro Intest alkoholivaba<\/strong> ideaalselt. Kasutame bioaktiivsete komponentide taimedest ekstraheerimiseks ja loomulikuks s\u00e4ilitamiseks \u00f5una\u00e4\u00e4dikat, L(+)-piimhapet ja gl\u00fctseriini.<\/p>\n<\/div>\n<\/div>\n<\/div>\n<\/div>\n<\/div>\n<\/div>\n<\/div>\n<\/div>\n<\/div>\n<\/div>\n<\/div>\n<\/div>\n","protected":false},"excerpt":{"rendered":"<div class=\"flex-shrink-0 flex flex-col relative items-end\">\n<div>\n<div class=\"pt-0\">\n<div class=\"gizmo-bot-avatar flex h-8 w-8 items-center justify-center overflow-hidden rounded-full\">\n<div class=\"relative p-1 rounded-sm flex items-center justify-center bg-token-main-surface-primary text-token-text-primary h-8 w-8\"><\/div>\n<\/div>\n<\/div>\n<\/div>\n<\/div>\n<div class=\"group\/conversation-turn relative flex w-full min-w-0 flex-col agent-turn\">\n<div class=\"flex-col gap-1 md:gap-3\">\n<div class=\"flex max-w-full flex-col flex-grow\">\n<div class=\"min-h-8 text-message flex w-full flex-col items-end gap-2 whitespace-normal break-words [.text-message+&amp;]:mt-5\" dir=\"auto\" data-message-author-role=\"assistant\" data-message-id=\"958c81c4-8a0b-4e55-908d-e6bd7bbf5700\" data-message-model-slug=\"gpt-4o\">\n<div class=\"flex w-full flex-col gap-1 empty:hidden first:pt-[3px]\">\n<div class=\"markdown prose w-full break-words dark:prose-invert light\">\n<p><strong>Pro Intest alkoholivaba<\/strong><br \/>\nAlkoholivaba ravimtaimede t\u00f5mmis tsingiga: Pro Intest alkoholivaba aitab l\u00f5petada puhituse ja liigs\u00f6\u00f6missoovi ning sobib ideaalselt k\u00f5igile, kes v\u00e4ldivad alkoholi \u2013 tsingi lisand toetab ainevahetust.<\/p>\n<ul>\n<li>T\u00f5mmis 13 v\u00e4\u00e4rtuslikust ravimtaimest \u2013 harmooniliselt tasakaalustatud maitse<\/li>\n<li>100% alkoholivaba<\/li>\n<li>Kerge ja mugav seedimine \u2013 eriti p\u00e4rast rammusaid toite<\/li>\n<li>Tsingi lisand aitab kaasa makrotoitainete normaalsele ainevahetusele<\/li>\n<li>T\u00f5mmis valmistatud \u00f5una\u00e4\u00e4dika, L(+)-piimhappe ja gl\u00fctseriini abil<\/li>\n<li>Laktoosivaba, vegan<\/li>\n<\/ul>\n<\/div>\n<\/div>\n<\/div>\n<\/div>\n<\/div>\n<\/div>\n<p><a href=\"https:\/\/biospa.ee\/wp-content\/uploads\/2020\/11\/TISSOgramm_Glutenfrei.png\" data-caption=\"\"><img decoding=\"async\" class=\"alignnone wp-image-13290 size-full\" title=\"Gluteenivaba \" src=\"https:\/\/biospa.ee\/wp-content\/uploads\/2020\/11\/TISSOgramm_Glutenfrei.png\" alt=\"\" width=\"45\" height=\"45\" \/><\/a>\u00a0<a href=\"https:\/\/biospa.ee\/wp-content\/uploads\/2020\/11\/TISSOgramm_Hefefrei.png\" data-caption=\"\"><img decoding=\"async\" class=\"alignnone wp-image-13293 size-full\" title=\"P\u00e4rmivaba \" src=\"https:\/\/biospa.ee\/wp-content\/uploads\/2020\/11\/TISSOgramm_Hefefrei.png\" alt=\"\" width=\"45\" height=\"45\" \/><\/a>\u00a0<a href=\"https:\/\/biospa.ee\/wp-content\/uploads\/2020\/11\/TISSOgramm_ohne-zusatz-von.png\" data-caption=\"\"><img decoding=\"async\" class=\"alignnone wp-image-13299 size-full\" title=\"Ei sisalda magusaineid, s\u00e4ilitusaineid, aroome, v\u00e4rvaineid, maitsetugevdajaid, kunstlikke koostisosi\" src=\"https:\/\/biospa.ee\/wp-content\/uploads\/2020\/11\/TISSOgramm_ohne-zusatz-von.png\" alt=\"\" width=\"45\" height=\"45\" \/><\/a>\u00a0<a href=\"https:\/\/biospa.ee\/wp-content\/uploads\/2020\/11\/TISSOgramm_Schadstofffrei.png\" data-caption=\"\"><img decoding=\"async\" class=\"alignnone wp-image-13287 size-full\" title=\"Kahjulike koostisaineteta\" src=\"https:\/\/biospa.ee\/wp-content\/uploads\/2020\/11\/TISSOgramm_Schadstofffrei.png\" alt=\"\" width=\"45\" height=\"45\" \/><\/a>\u00a0<a href=\"https:\/\/biospa.ee\/wp-content\/uploads\/2020\/11\/TISSOgramm_Vegan.png\" data-caption=\"\"><img decoding=\"async\" class=\"alignnone wp-image-13275 size-full\" title=\"Vegan\" src=\"https:\/\/biospa.ee\/wp-content\/uploads\/2020\/11\/TISSOgramm_Vegan.png\" alt=\"\" width=\"45\" height=\"45\" \/><\/a>\u00a0<a href=\"https:\/\/biospa.ee\/wp-content\/uploads\/2020\/11\/TISSOgramm_Natuerliche-Inhaltsstoffe.png\" data-caption=\"\"><img decoding=\"async\" class=\"alignnone wp-image-13278 size-full\" title=\"Looduslikud koostisosad\" src=\"https:\/\/biospa.ee\/wp-content\/uploads\/2020\/11\/TISSOgramm_Natuerliche-Inhaltsstoffe.png\" alt=\"\" width=\"45\" height=\"45\" \/><\/a>\u00a0<a href=\"https:\/\/biospa.ee\/wp-content\/uploads\/2020\/11\/TISSOgramm_Lactosefrei.png\" data-caption=\"\"><img decoding=\"async\" class=\"alignnone wp-image-13281 size-full\" title=\"Laktoosivaba \" src=\"https:\/\/biospa.ee\/wp-content\/uploads\/2020\/11\/TISSOgramm_Lactosefrei.png\" alt=\"\" width=\"45\" height=\"45\" \/><\/a>\u00a0<a href=\"https:\/\/biospa.ee\/wp-content\/uploads\/2020\/11\/TISSOgramm_Hypoallergen.png\" data-caption=\"\"><img decoding=\"async\" class=\"alignnone wp-image-13284 size-full\" title=\"H\u00fcpoallergeenne \" src=\"https:\/\/biospa.ee\/wp-content\/uploads\/2020\/11\/TISSOgramm_Hypoallergen.png\" alt=\"\" width=\"45\" height=\"45\" \/><\/a><\/p>\n","protected":false},"featured_media":97359,"template":"","meta":[],"product_brand":[],"product_cat":[423,263],"product_tag":[311,318,319],"class_list":{"0":"post-33935","1":"product","2":"type-product","3":"status-publish","4":"has-post-thumbnail","6":"product_cat-uudis","7":"product_cat-toidulisandid","8":"product_tag-terve-soolestik","9":"product_tag-seedimine","10":"product_tag-sapi-vedelik","12":"first","13":"instock","14":"taxable","15":"shipping-taxable","16":"purchasable","17":"product-type-simple"},"yoast_head":"<!-- This site is optimized with the Yoast SEO plugin v27.0 - https:\/\/yoast.com\/product\/yoast-seo-wordpress\/ -->\n<title>Pro INTEST alkoholivaba - Loodus BioSpa<\/title>\n<meta name=\"robots\" content=\"noindex, follow, max-snippet:-1, max-image-preview:large, max-video-preview:-1\" \/>\n<meta property=\"og:locale\" content=\"et_EE\" \/>\n<meta property=\"og:type\" content=\"article\" \/>\n<meta property=\"og:title\" content=\"Pro INTEST alkoholivaba - Loodus BioSpa\" \/>\n<meta property=\"og:description\" content=\"Pro Intest alkoholivaba Alkoholivaba ravimtaimede t\u00f5mmis tsingiga: Pro Intest alkoholivaba aitab l\u00f5petada puhituse ja liigs\u00f6\u00f6missoovi ning sobib ideaalselt k\u00f5igile, kes v\u00e4ldivad alkoholi \u2013 tsingi lisand toetab ainevahetust.   T\u00f5mmis 13 v\u00e4\u00e4rtuslikust ravimtaimest \u2013 harmooniliselt tasakaalustatud maitse  100% alkoholivaba  Kerge ja mugav seedimine \u2013 eriti p\u00e4rast rammusaid toite  Tsingi lisand aitab kaasa makrotoitainete normaalsele ainevahetusele  T\u00f5mmis valmistatud \u00f5una\u00e4\u00e4dika, L(+)-piimhappe ja gl\u00fctseriini abil  Laktoosivaba, vegan        \u00a0\u00a0\u00a0\u00a0\u00a0\u00a0\u00a0\" \/>\n<meta property=\"og:url\" content=\"https:\/\/biospa.ee\/fl2025\/toode\/pro-intest-alkoholivaba\/\" \/>\n<meta property=\"og:site_name\" content=\"Loodus BioSpa\" \/>\n<meta property=\"article:publisher\" content=\"https:\/\/www.facebook.com\/LoodusBioSpa\/\" \/>\n<meta property=\"article:modified_time\" content=\"2026-04-07T06:46:07+00:00\" \/>\n<meta property=\"og:image\" content=\"https:\/\/biospa.ee\/fl2025\/wp-content\/uploads\/2024\/11\/TISSO_Naturprodukte_Pro-Intest-alkoholfrei_FS_Icon-1.jpg\" \/>\n\t<meta property=\"og:image:width\" content=\"1080\" \/>\n\t<meta property=\"og:image:height\" content=\"1080\" \/>\n\t<meta property=\"og:image:type\" content=\"image\/jpeg\" \/>\n<meta name=\"twitter:card\" content=\"summary_large_image\" \/>\n<meta name=\"twitter:label1\" content=\"Est. reading time\" \/>\n\t<meta name=\"twitter:data1\" content=\"2 minutit\" \/>\n<script type=\"application\/ld+json\" class=\"yoast-schema-graph\">{\"@context\":\"https:\/\/schema.org\",\"@graph\":[{\"@type\":\"WebPage\",\"@id\":\"https:\/\/biospa.ee\/fl2025\/toode\/pro-intest-alkoholivaba\/\",\"url\":\"https:\/\/biospa.ee\/fl2025\/toode\/pro-intest-alkoholivaba\/\",\"name\":\"Pro INTEST alkoholivaba - Loodus BioSpa\",\"isPartOf\":{\"@id\":\"https:\/\/biospa.ee\/fl2025\/#website\"},\"primaryImageOfPage\":{\"@id\":\"https:\/\/biospa.ee\/fl2025\/toode\/pro-intest-alkoholivaba\/#primaryimage\"},\"image\":{\"@id\":\"https:\/\/biospa.ee\/fl2025\/toode\/pro-intest-alkoholivaba\/#primaryimage\"},\"thumbnailUrl\":\"https:\/\/biospa.ee\/fl2025\/wp-content\/uploads\/2024\/11\/TISSO_Naturprodukte_Pro-Intest-alkoholfrei_FS_Icon-1.jpg\",\"datePublished\":\"2024-11-27T13:11:39+00:00\",\"dateModified\":\"2026-04-07T06:46:07+00:00\",\"breadcrumb\":{\"@id\":\"https:\/\/biospa.ee\/fl2025\/toode\/pro-intest-alkoholivaba\/#breadcrumb\"},\"inLanguage\":\"et\",\"potentialAction\":[{\"@type\":\"ReadAction\",\"target\":[\"https:\/\/biospa.ee\/fl2025\/toode\/pro-intest-alkoholivaba\/\"]}]},{\"@type\":\"ImageObject\",\"inLanguage\":\"et\",\"@id\":\"https:\/\/biospa.ee\/fl2025\/toode\/pro-intest-alkoholivaba\/#primaryimage\",\"url\":\"https:\/\/biospa.ee\/fl2025\/wp-content\/uploads\/2024\/11\/TISSO_Naturprodukte_Pro-Intest-alkoholfrei_FS_Icon-1.jpg\",\"contentUrl\":\"https:\/\/biospa.ee\/fl2025\/wp-content\/uploads\/2024\/11\/TISSO_Naturprodukte_Pro-Intest-alkoholfrei_FS_Icon-1.jpg\",\"width\":1080,\"height\":1080},{\"@type\":\"BreadcrumbList\",\"@id\":\"https:\/\/biospa.ee\/fl2025\/toode\/pro-intest-alkoholivaba\/#breadcrumb\",\"itemListElement\":[{\"@type\":\"ListItem\",\"position\":1,\"name\":\"Home\",\"item\":\"https:\/\/biospa.ee\/fl2025\/\"},{\"@type\":\"ListItem\",\"position\":2,\"name\":\"Pood\",\"item\":\"https:\/\/biospa.ee\/fl2025\/pood\/\"},{\"@type\":\"ListItem\",\"position\":3,\"name\":\"Pro INTEST alkoholivaba\"}]},{\"@type\":\"WebSite\",\"@id\":\"https:\/\/biospa.ee\/fl2025\/#website\",\"url\":\"https:\/\/biospa.ee\/fl2025\/\",\"name\":\"Loodus BioSpa\",\"description\":\"Loodus BioSpa\",\"publisher\":{\"@id\":\"https:\/\/biospa.ee\/fl2025\/#organization\"},\"potentialAction\":[{\"@type\":\"SearchAction\",\"target\":{\"@type\":\"EntryPoint\",\"urlTemplate\":\"https:\/\/biospa.ee\/fl2025\/?s={search_term_string}\"},\"query-input\":{\"@type\":\"PropertyValueSpecification\",\"valueRequired\":true,\"valueName\":\"search_term_string\"}}],\"inLanguage\":\"et\"},{\"@type\":\"Organization\",\"@id\":\"https:\/\/biospa.ee\/fl2025\/#organization\",\"name\":\"Tesmasan O\u00dc\",\"url\":\"https:\/\/biospa.ee\/fl2025\/\",\"logo\":{\"@type\":\"ImageObject\",\"inLanguage\":\"et\",\"@id\":\"https:\/\/biospa.ee\/fl2025\/#\/schema\/logo\/image\/\",\"url\":\"https:\/\/biospa.ee\/fl2025\/wp-content\/uploads\/2025\/11\/BioSpa-loggo-est.png\",\"contentUrl\":\"https:\/\/biospa.ee\/fl2025\/wp-content\/uploads\/2025\/11\/BioSpa-loggo-est.png\",\"width\":842,\"height\":595,\"caption\":\"Tesmasan O\u00dc\"},\"image\":{\"@id\":\"https:\/\/biospa.ee\/fl2025\/#\/schema\/logo\/image\/\"},\"sameAs\":[\"https:\/\/www.facebook.com\/LoodusBioSpa\/\",\"https:\/\/www.instagram.com\/loodusbiospa\/\"]}]}<\/script>\n<!-- \/ Yoast SEO plugin. -->","yoast_head_json":{"title":"Pro INTEST alkoholivaba - Loodus BioSpa","robots":{"index":"noindex","follow":"follow","max-snippet":"max-snippet:-1","max-image-preview":"max-image-preview:large","max-video-preview":"max-video-preview:-1"},"og_locale":"et_EE","og_type":"article","og_title":"Pro INTEST alkoholivaba - Loodus BioSpa","og_description":"Pro Intest alkoholivaba Alkoholivaba ravimtaimede t\u00f5mmis tsingiga: Pro Intest alkoholivaba aitab l\u00f5petada puhituse ja liigs\u00f6\u00f6missoovi ning sobib ideaalselt k\u00f5igile, kes v\u00e4ldivad alkoholi \u2013 tsingi lisand toetab ainevahetust.   T\u00f5mmis 13 v\u00e4\u00e4rtuslikust ravimtaimest \u2013 harmooniliselt tasakaalustatud maitse  100% alkoholivaba  Kerge ja mugav seedimine \u2013 eriti p\u00e4rast rammusaid toite  Tsingi lisand aitab kaasa makrotoitainete normaalsele ainevahetusele  T\u00f5mmis valmistatud \u00f5una\u00e4\u00e4dika, L(+)-piimhappe ja gl\u00fctseriini abil  Laktoosivaba, vegan        \u00a0\u00a0\u00a0\u00a0\u00a0\u00a0\u00a0","og_url":"https:\/\/biospa.ee\/fl2025\/toode\/pro-intest-alkoholivaba\/","og_site_name":"Loodus BioSpa","article_publisher":"https:\/\/www.facebook.com\/LoodusBioSpa\/","article_modified_time":"2026-04-07T06:46:07+00:00","og_image":[{"width":1080,"height":1080,"url":"https:\/\/biospa.ee\/fl2025\/wp-content\/uploads\/2024\/11\/TISSO_Naturprodukte_Pro-Intest-alkoholfrei_FS_Icon-1.jpg","type":"image\/jpeg"}],"twitter_card":"summary_large_image","twitter_misc":{"Est. reading time":"2 minutit"},"schema":{"@context":"https:\/\/schema.org","@graph":[{"@type":"WebPage","@id":"https:\/\/biospa.ee\/fl2025\/toode\/pro-intest-alkoholivaba\/","url":"https:\/\/biospa.ee\/fl2025\/toode\/pro-intest-alkoholivaba\/","name":"Pro INTEST alkoholivaba - Loodus BioSpa","isPartOf":{"@id":"https:\/\/biospa.ee\/fl2025\/#website"},"primaryImageOfPage":{"@id":"https:\/\/biospa.ee\/fl2025\/toode\/pro-intest-alkoholivaba\/#primaryimage"},"image":{"@id":"https:\/\/biospa.ee\/fl2025\/toode\/pro-intest-alkoholivaba\/#primaryimage"},"thumbnailUrl":"https:\/\/biospa.ee\/fl2025\/wp-content\/uploads\/2024\/11\/TISSO_Naturprodukte_Pro-Intest-alkoholfrei_FS_Icon-1.jpg","datePublished":"2024-11-27T13:11:39+00:00","dateModified":"2026-04-07T06:46:07+00:00","breadcrumb":{"@id":"https:\/\/biospa.ee\/fl2025\/toode\/pro-intest-alkoholivaba\/#breadcrumb"},"inLanguage":"et","potentialAction":[{"@type":"ReadAction","target":["https:\/\/biospa.ee\/fl2025\/toode\/pro-intest-alkoholivaba\/"]}]},{"@type":"ImageObject","inLanguage":"et","@id":"https:\/\/biospa.ee\/fl2025\/toode\/pro-intest-alkoholivaba\/#primaryimage","url":"https:\/\/biospa.ee\/fl2025\/wp-content\/uploads\/2024\/11\/TISSO_Naturprodukte_Pro-Intest-alkoholfrei_FS_Icon-1.jpg","contentUrl":"https:\/\/biospa.ee\/fl2025\/wp-content\/uploads\/2024\/11\/TISSO_Naturprodukte_Pro-Intest-alkoholfrei_FS_Icon-1.jpg","width":1080,"height":1080},{"@type":"BreadcrumbList","@id":"https:\/\/biospa.ee\/fl2025\/toode\/pro-intest-alkoholivaba\/#breadcrumb","itemListElement":[{"@type":"ListItem","position":1,"name":"Home","item":"https:\/\/biospa.ee\/fl2025\/"},{"@type":"ListItem","position":2,"name":"Pood","item":"https:\/\/biospa.ee\/fl2025\/pood\/"},{"@type":"ListItem","position":3,"name":"Pro INTEST alkoholivaba"}]},{"@type":"WebSite","@id":"https:\/\/biospa.ee\/fl2025\/#website","url":"https:\/\/biospa.ee\/fl2025\/","name":"Loodus BioSpa","description":"Loodus BioSpa","publisher":{"@id":"https:\/\/biospa.ee\/fl2025\/#organization"},"potentialAction":[{"@type":"SearchAction","target":{"@type":"EntryPoint","urlTemplate":"https:\/\/biospa.ee\/fl2025\/?s={search_term_string}"},"query-input":{"@type":"PropertyValueSpecification","valueRequired":true,"valueName":"search_term_string"}}],"inLanguage":"et"},{"@type":"Organization","@id":"https:\/\/biospa.ee\/fl2025\/#organization","name":"Tesmasan O\u00dc","url":"https:\/\/biospa.ee\/fl2025\/","logo":{"@type":"ImageObject","inLanguage":"et","@id":"https:\/\/biospa.ee\/fl2025\/#\/schema\/logo\/image\/","url":"https:\/\/biospa.ee\/fl2025\/wp-content\/uploads\/2025\/11\/BioSpa-loggo-est.png","contentUrl":"https:\/\/biospa.ee\/fl2025\/wp-content\/uploads\/2025\/11\/BioSpa-loggo-est.png","width":842,"height":595,"caption":"Tesmasan O\u00dc"},"image":{"@id":"https:\/\/biospa.ee\/fl2025\/#\/schema\/logo\/image\/"},"sameAs":["https:\/\/www.facebook.com\/LoodusBioSpa\/","https:\/\/www.instagram.com\/loodusbiospa\/"]}]}},"_links":{"self":[{"href":"https:\/\/biospa.ee\/fl2025\/wp-json\/wp\/v2\/product\/33935","targetHints":{"allow":["GET"]}}],"collection":[{"href":"https:\/\/biospa.ee\/fl2025\/wp-json\/wp\/v2\/product"}],"about":[{"href":"https:\/\/biospa.ee\/fl2025\/wp-json\/wp\/v2\/types\/product"}],"wp:featuredmedia":[{"embeddable":true,"href":"https:\/\/biospa.ee\/fl2025\/wp-json\/wp\/v2\/media\/97359"}],"wp:attachment":[{"href":"https:\/\/biospa.ee\/fl2025\/wp-json\/wp\/v2\/media?parent=33935"}],"wp:term":[{"taxonomy":"product_brand","embeddable":true,"href":"https:\/\/biospa.ee\/fl2025\/wp-json\/wp\/v2\/product_brand?post=33935"},{"taxonomy":"product_cat","embeddable":true,"href":"https:\/\/biospa.ee\/fl2025\/wp-json\/wp\/v2\/product_cat?post=33935"},{"taxonomy":"product_tag","embeddable":true,"href":"https:\/\/biospa.ee\/fl2025\/wp-json\/wp\/v2\/product_tag?post=33935"}],"curies":[{"name":"wp","href":"https:\/\/api.w.org\/{rel}","templated":true}]}}