{"id":34689,"date":"2025-02-07T10:31:59","date_gmt":"2025-02-07T08:31:59","guid":{"rendered":"https:\/\/biospa.ee\/?post_type=product&#038;p=34689"},"modified":"2026-04-07T13:41:14","modified_gmt":"2026-04-07T10:41:14","slug":"pro-biom-anti-stress","status":"publish","type":"product","link":"https:\/\/biospa.ee\/fl2025\/toode\/pro-biom-anti-stress\/","title":{"rendered":"Pro Biom Anti-Stress"},"content":{"rendered":"<p>Kas tead, et stress m\u00f5jutab nii su soolestikku kui ka ps\u00fc\u00fchikat, ning need on omavahel otseses seoses? Unikaalne suhtluss\u00fcsteem nende vahel, soole-ajut\u00fcve telg, \u00fchendab keha kaks keskset piirkonda. Pikaajalise stressi korral v\u00f5ib soolefloora tasakaal (mikrobioom) olla h\u00e4iritud, mis m\u00f5jutab soole-ajut\u00fcve telje kaudu negatiivselt aju ja vaimset tervist. See avaldub n\u00e4iteks kehva meeleolu ja suurenenud stressitundlikkuse n\u00e4ol.<\/p>\n<p>Ps\u00fchhobiootikumid, spetsiaalsed probiootilised bakterid, t\u00f6\u00f6tavad sellele tasakaalutusele vastu. Nad edendavad tervet mikrobioomi, moduleerivad soole-ajut\u00fcve telge ja toetavad neurotransmitterite tootmist, mis on emotsionaalse stabiilsuse jaoks olulised. Nii saab v\u00e4hendada stressi negatiivseid m\u00f5jusid ja tugevdada sinu sisemist tasakaalu.<\/p>\n<p>Pro Biom Anti-Stress \u00fchendab ps\u00fchhobiootikumid kvaliteetse safrani ekstraktiga, mis soodustab emotsionaalset tasakaalu, ja biotiini (vitamiin B7), mis tagab n\u00e4rvis\u00fcsteemi ja ps\u00fc\u00fchika optimaalse funktsioneerimise ning tervisliku energia ainevahetuse. Koos toetavad need koostisosad sinu vaimset vastupidavust ja stressirohkeid olukordi rahulikumalt lahendada. CEREBIOME\u24c7 on patenteeritud probiootikum, mis edendab t\u00e4pselt soole ja aju vahelist suhtlust soole-ajut\u00fcve telje kaudu. See sisaldab teaduslikult uuritud ps\u00fchhobiootikume Lactobacillus helveticus Rosell\u24c7-52 ja Bifidobacterium longum Rosell\u24c7-175, mis on tuntud oma positiivsete m\u00f5jude poolest mikrobioomile ja vaimsele tervisele. Kliinilised uuringud n\u00e4itavad, et CEREBIOME\u24c7 v\u00f5ib v\u00e4hendada stressiringi kuni 44%\u00b9. See reguleerib kortisooli taset \u2013 keskset stressihormooni \u2013 ja soodustab neurotransmitterite, nagu serotoniini ja tr\u00fcptofaani, tootmist, mis on olulised l\u00f5\u00f5gastumiseks ja emotsionaalseks stabiilsuseks.<\/p>\n<p>Samuti v\u00f5ivad stressist tingitud seedimisprobleemid, nagu iiveldus v\u00f5i halb enesetunne, v\u00e4heneda CEREBIOME\u24c7 abil. \u00dcks uuring n\u00e4itab, et sooleheaolu on v\u00f5imalik suurendada 25,9% ja selliseid vaevusi nagu iiveldus v\u00e4hendada 8%\u00b2. Lisaks kaitseb CEREBIOME\u24c7 soolebarj\u00e4\u00e4ri, toetab soolemikrobioomi ja toetab tasakaalu taastamist seedes\u00fcsteemis. Koos Lactobacillus rhamnosus GG-ga, t\u00f5estatud piimhappebakteri t\u00fcvega, pakub see terviklikku tuge soolele ja ps\u00fc\u00fchikale. K\u00f5rgekvaliteediline safrani ekstrakt Safr&#8217;Inside\u2122 soodustab emotsionaalset tasakaalu ja tugevdab soole-ajut\u00fcve telge. Safranit on sajandeid hinnatud loodusliku stressivastase vahendina ja seda peetakse rahvameditsiinis &#8220;loomulikuks antidepressandiks&#8221;. Selle sekundaarsetel taimsetel \u00fchenditel, nagu safranal, on rakke kaitsev toime oks\u00fcdatiivse stressi vastu ning need toetavad neurotransmitterite, nagu serotoniini \u2013 &#8220;\u00f5nnehormooni&#8221; \u2013 tootmist. Mikroenkapsuleerimise t\u00f5ttu j\u00e4\u00e4b ekstrakt stabiilseks ja k\u00f5rgelt bioaktiivseks \u2013 ideaalne keha ja vaimu toetamiseks.<\/p>\n<p>Biotiin aitab kaasa n\u00e4rvis\u00fcsteemi normaalsele talitlusele, kaasa normaalsetele ps\u00fchholoogilistele funktsioonidele. Biotiin aitab s\u00e4ilitada limaskestade normaalset seisundit ja aitab kaasa normaalsele energiavahetusele.<\/p>\n<p>&nbsp;<\/p>\n","protected":false},"excerpt":{"rendered":"<p><strong>Sinu partner vaimse tasakaalu ja sisemise tugevuse jaoks<\/strong><\/p>\n<ul>\n<li>k\u00f5rge efektiivsusega ps\u00fchhobiotikume (CEREBIOME\u24c7), safranit ja biotiini<\/li>\n<li>pluss Lactobacillus rhamnosus GG \u2013 t\u00f5estatud piimhappebakterite t\u00fcvi<\/li>\n<li>k\u00f5rge bakterite arv \u2013 v\u00e4hemalt 5 miljardit KBE (kolooniat moodustavad \u00fcksused)<\/li>\n<li>sisaldab v\u00e4\u00e4rtuslik mikroenkapsuleeritud safrani ekstrakt (Safr\u2019Inside\u2122)<\/li>\n<li>biotiiniga \u2013 terve ps\u00fc\u00fchika ja tugevate n\u00e4rvide jaoks<\/li>\n<li>toode ei sisalda kunstlikke v\u00e4rvaineid ega s\u00e4ilitusaineid<\/li>\n<\/ul>\n<p>sisu: 19 g = 30 kapslit<\/p>\n<p>&nbsp;<\/p>\n<p><a href=\"https:\/\/biospa.ee\/wp-content\/uploads\/2020\/11\/TISSOgramm_Glutenfrei.png\" data-caption=\"\"><img decoding=\"async\" class=\"alignnone wp-image-13290 size-full\" title=\"Gluteenivaba \" src=\"https:\/\/biospa.ee\/wp-content\/uploads\/2020\/11\/TISSOgramm_Glutenfrei.png\" alt=\"\" width=\"45\" height=\"45\" \/><\/a><a href=\"https:\/\/biospa.ee\/wp-content\/uploads\/2020\/11\/TISSOgramm_Hypoallergen.png\">\u00a0<\/a><a href=\"https:\/\/biospa.ee\/wp-content\/uploads\/2020\/11\/TISSOgramm_Hefefrei.png\" data-caption=\"\"><img decoding=\"async\" class=\"alignnone wp-image-13293 size-full\" title=\"P\u00e4rmivaba \" src=\"https:\/\/biospa.ee\/wp-content\/uploads\/2020\/11\/TISSOgramm_Hefefrei.png\" alt=\"\" width=\"45\" height=\"45\" \/><\/a><a href=\"https:\/\/biospa.ee\/wp-content\/uploads\/2020\/11\/TISSOgramm_Hypoallergen.png\">\u00a0<\/a><a href=\"https:\/\/biospa.ee\/wp-content\/uploads\/2020\/11\/TISSOgramm_ohne-zusatz-von.png\" data-caption=\"\"><img decoding=\"async\" class=\"alignnone wp-image-13299 size-full\" title=\"Ei sisalda magusaineid, s\u00e4ilitusaineid, aroome, v\u00e4rvaineid, maitsetugevdajaid, kunstlikke koostisosi\" src=\"https:\/\/biospa.ee\/wp-content\/uploads\/2020\/11\/TISSOgramm_ohne-zusatz-von.png\" alt=\"\" width=\"45\" height=\"45\" \/><\/a><a href=\"https:\/\/biospa.ee\/wp-content\/uploads\/2020\/11\/TISSOgramm_Hypoallergen.png\">\u00a0<\/a><a href=\"https:\/\/biospa.ee\/wp-content\/uploads\/2020\/11\/TISSOgramm_Schadstofffrei.png\" data-caption=\"\"><img decoding=\"async\" class=\"alignnone wp-image-13287 size-full\" title=\"Kahjulike koostisaineteta\" src=\"https:\/\/biospa.ee\/wp-content\/uploads\/2020\/11\/TISSOgramm_Schadstofffrei.png\" alt=\"\" width=\"45\" height=\"45\" \/><\/a><a href=\"https:\/\/biospa.ee\/wp-content\/uploads\/2020\/11\/TISSOgramm_Hypoallergen.png\">\u00a0<\/a><a href=\"https:\/\/biospa.ee\/wp-content\/uploads\/2020\/11\/TISSOgramm_Vegan.png\" data-caption=\"\"><img decoding=\"async\" class=\"alignnone wp-image-13275 size-full\" title=\"Vegan\" src=\"https:\/\/biospa.ee\/wp-content\/uploads\/2020\/11\/TISSOgramm_Vegan.png\" alt=\"\" width=\"45\" height=\"45\" \/><\/a><a href=\"https:\/\/biospa.ee\/wp-content\/uploads\/2020\/11\/TISSOgramm_Hypoallergen.png\">\u00a0<\/a><a href=\"https:\/\/biospa.ee\/wp-content\/uploads\/2020\/11\/TISSOgramm_Natuerliche-Inhaltsstoffe.png\" data-caption=\"\"><img decoding=\"async\" class=\"alignnone wp-image-13278 size-full\" title=\"Looduslikud koostisosad\" src=\"https:\/\/biospa.ee\/wp-content\/uploads\/2020\/11\/TISSOgramm_Natuerliche-Inhaltsstoffe.png\" alt=\"\" width=\"45\" height=\"45\" \/><\/a><a href=\"https:\/\/biospa.ee\/wp-content\/uploads\/2020\/11\/TISSOgramm_Hypoallergen.png\">\u00a0<\/a><a href=\"https:\/\/biospa.ee\/wp-content\/uploads\/2020\/11\/TISSOgramm_Lactosefrei.png\" data-caption=\"\"><img decoding=\"async\" class=\"alignnone wp-image-13281 size-full\" title=\"Laktoosivaba \" src=\"https:\/\/biospa.ee\/wp-content\/uploads\/2020\/11\/TISSOgramm_Lactosefrei.png\" alt=\"\" width=\"45\" height=\"45\" \/><\/a><a href=\"https:\/\/biospa.ee\/wp-content\/uploads\/2020\/11\/TISSOgramm_Hypoallergen.png\">\u00a0<\/a><a href=\"https:\/\/biospa.ee\/wp-content\/uploads\/2020\/11\/TISSOgramm_Hypoallergen.png\" data-caption=\"\"><img decoding=\"async\" class=\"alignnone wp-image-13284 size-full\" title=\"H\u00fcpoallergeenne \" src=\"https:\/\/biospa.ee\/wp-content\/uploads\/2020\/11\/TISSOgramm_Hypoallergen.png\" alt=\"\" width=\"45\" height=\"45\" \/><\/a><\/p>\n","protected":false},"featured_media":97592,"template":"","meta":[],"product_brand":[],"product_cat":[423,263],"product_tag":[],"class_list":{"0":"post-34689","1":"product","2":"type-product","3":"status-publish","4":"has-post-thumbnail","6":"product_cat-uudis","7":"product_cat-toidulisandid","9":"first","10":"instock","11":"taxable","12":"shipping-taxable","13":"purchasable","14":"product-type-simple"},"yoast_head":"<!-- This site is optimized with the Yoast SEO plugin v27.0 - https:\/\/yoast.com\/product\/yoast-seo-wordpress\/ -->\n<title>Pro Biom Anti-Stress - Loodus BioSpa<\/title>\n<meta name=\"robots\" content=\"noindex, follow, max-snippet:-1, max-image-preview:large, max-video-preview:-1\" \/>\n<meta property=\"og:locale\" content=\"et_EE\" \/>\n<meta property=\"og:type\" content=\"article\" \/>\n<meta property=\"og:title\" content=\"Pro Biom Anti-Stress - Loodus BioSpa\" \/>\n<meta property=\"og:description\" content=\"Sinu partner vaimse tasakaalu ja sisemise tugevuse jaoks   k\u00f5rge efektiivsusega ps\u00fchhobiotikume (CEREBIOME\u24c7), safranit ja biotiini  pluss Lactobacillus rhamnosus GG \u2013 t\u00f5estatud piimhappebakterite t\u00fcvi  k\u00f5rge bakterite arv \u2013 v\u00e4hemalt 5 miljardit KBE (kolooniat moodustavad \u00fcksused)  sisaldab v\u00e4\u00e4rtuslik mikroenkapsuleeritud safrani ekstrakt (Safr\u2019Inside\u2122)  biotiiniga \u2013 terve ps\u00fc\u00fchika ja tugevate n\u00e4rvide jaoks  toode ei sisalda kunstlikke v\u00e4rvaineid ega s\u00e4ilitusaineid  sisu: 19 g = 30 kapslit  &nbsp;  \u00a0\u00a0\u00a0\u00a0\u00a0\u00a0\u00a0\" \/>\n<meta property=\"og:url\" content=\"https:\/\/biospa.ee\/fl2025\/toode\/pro-biom-anti-stress\/\" \/>\n<meta property=\"og:site_name\" content=\"Loodus BioSpa\" \/>\n<meta property=\"article:publisher\" content=\"https:\/\/www.facebook.com\/LoodusBioSpa\/\" \/>\n<meta property=\"article:modified_time\" content=\"2026-04-07T10:41:14+00:00\" \/>\n<meta property=\"og:image\" content=\"https:\/\/biospa.ee\/fl2025\/wp-content\/uploads\/2025\/02\/TISSO_Naturprodukte_Pro-Biom-Anti-Stress_FS_Icon-1.jpg\" \/>\n\t<meta property=\"og:image:width\" content=\"1080\" \/>\n\t<meta property=\"og:image:height\" content=\"1080\" \/>\n\t<meta property=\"og:image:type\" content=\"image\/jpeg\" \/>\n<meta name=\"twitter:card\" content=\"summary_large_image\" \/>\n<meta name=\"twitter:label1\" content=\"Est. reading time\" \/>\n\t<meta name=\"twitter:data1\" content=\"3 minutit\" \/>\n<script type=\"application\/ld+json\" class=\"yoast-schema-graph\">{\"@context\":\"https:\/\/schema.org\",\"@graph\":[{\"@type\":\"WebPage\",\"@id\":\"https:\/\/biospa.ee\/fl2025\/toode\/pro-biom-anti-stress\/\",\"url\":\"https:\/\/biospa.ee\/fl2025\/toode\/pro-biom-anti-stress\/\",\"name\":\"Pro Biom Anti-Stress - Loodus BioSpa\",\"isPartOf\":{\"@id\":\"https:\/\/biospa.ee\/fl2025\/#website\"},\"primaryImageOfPage\":{\"@id\":\"https:\/\/biospa.ee\/fl2025\/toode\/pro-biom-anti-stress\/#primaryimage\"},\"image\":{\"@id\":\"https:\/\/biospa.ee\/fl2025\/toode\/pro-biom-anti-stress\/#primaryimage\"},\"thumbnailUrl\":\"https:\/\/biospa.ee\/fl2025\/wp-content\/uploads\/2025\/02\/TISSO_Naturprodukte_Pro-Biom-Anti-Stress_FS_Icon-1.jpg\",\"datePublished\":\"2025-02-07T08:31:59+00:00\",\"dateModified\":\"2026-04-07T10:41:14+00:00\",\"breadcrumb\":{\"@id\":\"https:\/\/biospa.ee\/fl2025\/toode\/pro-biom-anti-stress\/#breadcrumb\"},\"inLanguage\":\"et\",\"potentialAction\":[{\"@type\":\"ReadAction\",\"target\":[\"https:\/\/biospa.ee\/fl2025\/toode\/pro-biom-anti-stress\/\"]}]},{\"@type\":\"ImageObject\",\"inLanguage\":\"et\",\"@id\":\"https:\/\/biospa.ee\/fl2025\/toode\/pro-biom-anti-stress\/#primaryimage\",\"url\":\"https:\/\/biospa.ee\/fl2025\/wp-content\/uploads\/2025\/02\/TISSO_Naturprodukte_Pro-Biom-Anti-Stress_FS_Icon-1.jpg\",\"contentUrl\":\"https:\/\/biospa.ee\/fl2025\/wp-content\/uploads\/2025\/02\/TISSO_Naturprodukte_Pro-Biom-Anti-Stress_FS_Icon-1.jpg\",\"width\":1080,\"height\":1080},{\"@type\":\"BreadcrumbList\",\"@id\":\"https:\/\/biospa.ee\/fl2025\/toode\/pro-biom-anti-stress\/#breadcrumb\",\"itemListElement\":[{\"@type\":\"ListItem\",\"position\":1,\"name\":\"Home\",\"item\":\"https:\/\/biospa.ee\/fl2025\/\"},{\"@type\":\"ListItem\",\"position\":2,\"name\":\"Pood\",\"item\":\"https:\/\/biospa.ee\/fl2025\/pood\/\"},{\"@type\":\"ListItem\",\"position\":3,\"name\":\"Pro Biom Anti-Stress\"}]},{\"@type\":\"WebSite\",\"@id\":\"https:\/\/biospa.ee\/fl2025\/#website\",\"url\":\"https:\/\/biospa.ee\/fl2025\/\",\"name\":\"Loodus BioSpa\",\"description\":\"Loodus BioSpa\",\"publisher\":{\"@id\":\"https:\/\/biospa.ee\/fl2025\/#organization\"},\"potentialAction\":[{\"@type\":\"SearchAction\",\"target\":{\"@type\":\"EntryPoint\",\"urlTemplate\":\"https:\/\/biospa.ee\/fl2025\/?s={search_term_string}\"},\"query-input\":{\"@type\":\"PropertyValueSpecification\",\"valueRequired\":true,\"valueName\":\"search_term_string\"}}],\"inLanguage\":\"et\"},{\"@type\":\"Organization\",\"@id\":\"https:\/\/biospa.ee\/fl2025\/#organization\",\"name\":\"Tesmasan O\u00dc\",\"url\":\"https:\/\/biospa.ee\/fl2025\/\",\"logo\":{\"@type\":\"ImageObject\",\"inLanguage\":\"et\",\"@id\":\"https:\/\/biospa.ee\/fl2025\/#\/schema\/logo\/image\/\",\"url\":\"https:\/\/biospa.ee\/fl2025\/wp-content\/uploads\/2025\/11\/BioSpa-loggo-est.png\",\"contentUrl\":\"https:\/\/biospa.ee\/fl2025\/wp-content\/uploads\/2025\/11\/BioSpa-loggo-est.png\",\"width\":842,\"height\":595,\"caption\":\"Tesmasan O\u00dc\"},\"image\":{\"@id\":\"https:\/\/biospa.ee\/fl2025\/#\/schema\/logo\/image\/\"},\"sameAs\":[\"https:\/\/www.facebook.com\/LoodusBioSpa\/\",\"https:\/\/www.instagram.com\/loodusbiospa\/\"]}]}<\/script>\n<!-- \/ Yoast SEO plugin. -->","yoast_head_json":{"title":"Pro Biom Anti-Stress - Loodus BioSpa","robots":{"index":"noindex","follow":"follow","max-snippet":"max-snippet:-1","max-image-preview":"max-image-preview:large","max-video-preview":"max-video-preview:-1"},"og_locale":"et_EE","og_type":"article","og_title":"Pro Biom Anti-Stress - Loodus BioSpa","og_description":"Sinu partner vaimse tasakaalu ja sisemise tugevuse jaoks   k\u00f5rge efektiivsusega ps\u00fchhobiotikume (CEREBIOME\u24c7), safranit ja biotiini  pluss Lactobacillus rhamnosus GG \u2013 t\u00f5estatud piimhappebakterite t\u00fcvi  k\u00f5rge bakterite arv \u2013 v\u00e4hemalt 5 miljardit KBE (kolooniat moodustavad \u00fcksused)  sisaldab v\u00e4\u00e4rtuslik mikroenkapsuleeritud safrani ekstrakt (Safr\u2019Inside\u2122)  biotiiniga \u2013 terve ps\u00fc\u00fchika ja tugevate n\u00e4rvide jaoks  toode ei sisalda kunstlikke v\u00e4rvaineid ega s\u00e4ilitusaineid  sisu: 19 g = 30 kapslit  &nbsp;  \u00a0\u00a0\u00a0\u00a0\u00a0\u00a0\u00a0","og_url":"https:\/\/biospa.ee\/fl2025\/toode\/pro-biom-anti-stress\/","og_site_name":"Loodus BioSpa","article_publisher":"https:\/\/www.facebook.com\/LoodusBioSpa\/","article_modified_time":"2026-04-07T10:41:14+00:00","og_image":[{"width":1080,"height":1080,"url":"https:\/\/biospa.ee\/fl2025\/wp-content\/uploads\/2025\/02\/TISSO_Naturprodukte_Pro-Biom-Anti-Stress_FS_Icon-1.jpg","type":"image\/jpeg"}],"twitter_card":"summary_large_image","twitter_misc":{"Est. reading time":"3 minutit"},"schema":{"@context":"https:\/\/schema.org","@graph":[{"@type":"WebPage","@id":"https:\/\/biospa.ee\/fl2025\/toode\/pro-biom-anti-stress\/","url":"https:\/\/biospa.ee\/fl2025\/toode\/pro-biom-anti-stress\/","name":"Pro Biom Anti-Stress - Loodus BioSpa","isPartOf":{"@id":"https:\/\/biospa.ee\/fl2025\/#website"},"primaryImageOfPage":{"@id":"https:\/\/biospa.ee\/fl2025\/toode\/pro-biom-anti-stress\/#primaryimage"},"image":{"@id":"https:\/\/biospa.ee\/fl2025\/toode\/pro-biom-anti-stress\/#primaryimage"},"thumbnailUrl":"https:\/\/biospa.ee\/fl2025\/wp-content\/uploads\/2025\/02\/TISSO_Naturprodukte_Pro-Biom-Anti-Stress_FS_Icon-1.jpg","datePublished":"2025-02-07T08:31:59+00:00","dateModified":"2026-04-07T10:41:14+00:00","breadcrumb":{"@id":"https:\/\/biospa.ee\/fl2025\/toode\/pro-biom-anti-stress\/#breadcrumb"},"inLanguage":"et","potentialAction":[{"@type":"ReadAction","target":["https:\/\/biospa.ee\/fl2025\/toode\/pro-biom-anti-stress\/"]}]},{"@type":"ImageObject","inLanguage":"et","@id":"https:\/\/biospa.ee\/fl2025\/toode\/pro-biom-anti-stress\/#primaryimage","url":"https:\/\/biospa.ee\/fl2025\/wp-content\/uploads\/2025\/02\/TISSO_Naturprodukte_Pro-Biom-Anti-Stress_FS_Icon-1.jpg","contentUrl":"https:\/\/biospa.ee\/fl2025\/wp-content\/uploads\/2025\/02\/TISSO_Naturprodukte_Pro-Biom-Anti-Stress_FS_Icon-1.jpg","width":1080,"height":1080},{"@type":"BreadcrumbList","@id":"https:\/\/biospa.ee\/fl2025\/toode\/pro-biom-anti-stress\/#breadcrumb","itemListElement":[{"@type":"ListItem","position":1,"name":"Home","item":"https:\/\/biospa.ee\/fl2025\/"},{"@type":"ListItem","position":2,"name":"Pood","item":"https:\/\/biospa.ee\/fl2025\/pood\/"},{"@type":"ListItem","position":3,"name":"Pro Biom Anti-Stress"}]},{"@type":"WebSite","@id":"https:\/\/biospa.ee\/fl2025\/#website","url":"https:\/\/biospa.ee\/fl2025\/","name":"Loodus BioSpa","description":"Loodus BioSpa","publisher":{"@id":"https:\/\/biospa.ee\/fl2025\/#organization"},"potentialAction":[{"@type":"SearchAction","target":{"@type":"EntryPoint","urlTemplate":"https:\/\/biospa.ee\/fl2025\/?s={search_term_string}"},"query-input":{"@type":"PropertyValueSpecification","valueRequired":true,"valueName":"search_term_string"}}],"inLanguage":"et"},{"@type":"Organization","@id":"https:\/\/biospa.ee\/fl2025\/#organization","name":"Tesmasan O\u00dc","url":"https:\/\/biospa.ee\/fl2025\/","logo":{"@type":"ImageObject","inLanguage":"et","@id":"https:\/\/biospa.ee\/fl2025\/#\/schema\/logo\/image\/","url":"https:\/\/biospa.ee\/fl2025\/wp-content\/uploads\/2025\/11\/BioSpa-loggo-est.png","contentUrl":"https:\/\/biospa.ee\/fl2025\/wp-content\/uploads\/2025\/11\/BioSpa-loggo-est.png","width":842,"height":595,"caption":"Tesmasan O\u00dc"},"image":{"@id":"https:\/\/biospa.ee\/fl2025\/#\/schema\/logo\/image\/"},"sameAs":["https:\/\/www.facebook.com\/LoodusBioSpa\/","https:\/\/www.instagram.com\/loodusbiospa\/"]}]}},"_links":{"self":[{"href":"https:\/\/biospa.ee\/fl2025\/wp-json\/wp\/v2\/product\/34689","targetHints":{"allow":["GET"]}}],"collection":[{"href":"https:\/\/biospa.ee\/fl2025\/wp-json\/wp\/v2\/product"}],"about":[{"href":"https:\/\/biospa.ee\/fl2025\/wp-json\/wp\/v2\/types\/product"}],"wp:featuredmedia":[{"embeddable":true,"href":"https:\/\/biospa.ee\/fl2025\/wp-json\/wp\/v2\/media\/97592"}],"wp:attachment":[{"href":"https:\/\/biospa.ee\/fl2025\/wp-json\/wp\/v2\/media?parent=34689"}],"wp:term":[{"taxonomy":"product_brand","embeddable":true,"href":"https:\/\/biospa.ee\/fl2025\/wp-json\/wp\/v2\/product_brand?post=34689"},{"taxonomy":"product_cat","embeddable":true,"href":"https:\/\/biospa.ee\/fl2025\/wp-json\/wp\/v2\/product_cat?post=34689"},{"taxonomy":"product_tag","embeddable":true,"href":"https:\/\/biospa.ee\/fl2025\/wp-json\/wp\/v2\/product_tag?post=34689"}],"curies":[{"name":"wp","href":"https:\/\/api.w.org\/{rel}","templated":true}]}}