{"id":34692,"date":"2025-02-07T10:49:06","date_gmt":"2025-02-07T08:49:06","guid":{"rendered":"https:\/\/biospa.ee\/?post_type=product&#038;p=34692"},"modified":"2026-04-07T13:33:31","modified_gmt":"2026-04-07T10:33:31","slug":"pro-carnitin","status":"publish","type":"product","link":"https:\/\/biospa.ee\/fl2025\/toode\/pro-carnitin\/","title":{"rendered":"Pro Carnitin"},"content":{"rendered":"<p><strong>L-karnitiin moodustub kahest olulise aminohappe, L-metioniini ja L-l\u00fcsiini, kaudu. Siiski katab keha oma karnitiini p\u00e4evase vajaduse 90 protsenti mitte enda s\u00fcnteesi kaudu, vaid toidu kaudu. Kehas toimib karnitiin piklike rasvhapete transportimisvahendina rakkudele, et need j\u00f5uaksid mitohoondriitesse, mis on rasvap\u00f5lemise koht, kus rasvadest saadakse elut\u00e4htis energia.<\/strong><\/p>\n<p>Olulised organid, nagu s\u00fcda, saavad oma energia peamiselt rasvadest. S\u00fcda, koos skeletilihastega, salvestab rohkem kui 95 protsenti keha oma karnitiinist. Karnitiin on peamiselt loomsetes toitudes, nagu punases lihas. Seevastu taimsed toidud sisaldavad vaid v\u00e4ga v\u00e4ikestes kogustes. Seega v\u00f5ib puudus tekkida, kui toidulaual on liiga v\u00e4he liha ja muid loomseid tooteid.<\/p>\n<p>Keha katab vaid 10 protsenti igap\u00e4evasest vajadusest oma L-karnitiini s\u00fcnteesi kaudu. Selleks vajab keha kahte olulist aminohapet, L-metioniini ja L-l\u00fcsiini, samuti kofaktoreid nagu C-vitamiin, B3-vitamiin, B6-vitamiin ja piisavas koguses raud.<\/p>\n<p>Erilistest eluoludest nagu tippsport, dieedid v\u00f5i rasedus ja imetamine v\u00f5ib tekkida ka suurenenud L-karnitiini vajadus, mis toob kaasa puuduj\u00e4\u00e4gi. Koliin on keha jaoks oluline fosfolipiidide s\u00fcnteesiks. Need \u00fchendid on meie rakkude olulised koostisosad \u2013 eelk\u00f5ige rakumembraanis ja enamike rakuorganellide, nagu mitohoondrite, membraanides, kus toodetakse elut\u00e4htsat energiat. Seet\u00f5ttu on koliin ka oluline aine rasvade ainevahetuseks.<\/p>\n<p>Lisaks aitab koliin tagada, et karnitiin j\u00f5uab rakkudesse, ning see k\u00e4ivitab rasvhapetest energia tootmise. Koliini toodab keha ise, kuid kogus ei ole piisav, et t\u00e4ielikult rahuldada vajadust. Seet\u00f5ttu oleme selle oma tootes otse karnitiiniga kombineerinud. Kuna L-karnitiin valmistab rasvhapped energia tootmiseks ette ja soodustab lihasmassi kasvu, v\u00f5ib see samal ajal positiivselt m\u00f5jutada kehakaalu langust. Lihased kulutavad palju energiat ja p\u00f5letavad seet\u00f5ttu ka palju rasva.<\/p>\n<p>Muidugi on tervislik eluviis koos tasakaalustatud toitumise, piisava vedelikutarbimise ja sobiva liikumise v\u00e4ga oluline pikaajalise kaalulanguse saavutamiseks.<\/p>\n","protected":false},"excerpt":{"rendered":"<p><strong>Karnitiin kaks korda parem koos koliiniga \u2012 sinu rasva- ja energiavahetuseks: See koostis varustab sind optimaalselt karnitiini br\u00e4ndi toorainega Carnipure\u00ae ja neuroaktiivse atset\u00fc\u00fcl-L-karnitiiniga. Kasu saad ka t\u00e4iendatud koliinist, mis toetab tervet rasvade ainevahetust.<\/strong><\/p>\n<ul>\n<li>Premium-kombo: L-karnitiin (Carnipure\u00ae) + neuroaktiivne atset\u00fc\u00fcl-L-karnitiin<\/li>\n<li>t\u00e4isv\u00f5imsus 1.000 mg karnitiini p\u00e4evaannuses<\/li>\n<li>pluss koliin tervislikuks rasvade ainevahetuseks ja homots\u00fcsteiini ainevahetuseks<\/li>\n<li>ideaalne taimetoitlastele, veganitele ja sportlastele<\/li>\n<li>et sa tunneksid end veelgi tugevamana<\/li>\n<\/ul>\n<p>sisu: 199 g = 240 kapslit<\/p>\n<p>&nbsp;<\/p>\n<p><a href=\"https:\/\/biospa.ee\/wp-content\/uploads\/2020\/11\/TISSOgramm_Glutenfrei.png\" data-caption=\"\"><img decoding=\"async\" class=\"alignnone wp-image-13290 size-full\" title=\"Gluteenivaba \" src=\"https:\/\/biospa.ee\/wp-content\/uploads\/2020\/11\/TISSOgramm_Glutenfrei.png\" alt=\"\" width=\"45\" height=\"45\" \/><\/a><a href=\"https:\/\/biospa.ee\/wp-content\/uploads\/2020\/11\/TISSOgramm_Hypoallergen.png\">\u00a0<\/a><a href=\"https:\/\/biospa.ee\/wp-content\/uploads\/2020\/11\/TISSOgramm_Hefefrei.png\" data-caption=\"\"><img decoding=\"async\" class=\"alignnone wp-image-13293 size-full\" title=\"P\u00e4rmivaba \" src=\"https:\/\/biospa.ee\/wp-content\/uploads\/2020\/11\/TISSOgramm_Hefefrei.png\" alt=\"\" width=\"45\" height=\"45\" \/><\/a><a href=\"https:\/\/biospa.ee\/wp-content\/uploads\/2020\/11\/TISSOgramm_Hypoallergen.png\">\u00a0<\/a><a href=\"https:\/\/biospa.ee\/wp-content\/uploads\/2020\/11\/TISSOgramm_ohne-zusatz-von.png\" data-caption=\"\"><img decoding=\"async\" class=\"alignnone wp-image-13299 size-full\" title=\"Ei sisalda magusaineid, s\u00e4ilitusaineid, aroome, v\u00e4rvaineid, maitsetugevdajaid, kunstlikke koostisosi\" src=\"https:\/\/biospa.ee\/wp-content\/uploads\/2020\/11\/TISSOgramm_ohne-zusatz-von.png\" alt=\"\" width=\"45\" height=\"45\" \/><\/a><a href=\"https:\/\/biospa.ee\/wp-content\/uploads\/2020\/11\/TISSOgramm_Hypoallergen.png\">\u00a0<\/a><a href=\"https:\/\/biospa.ee\/wp-content\/uploads\/2020\/11\/TISSOgramm_Schadstofffrei.png\" data-caption=\"\"><img decoding=\"async\" class=\"alignnone wp-image-13287 size-full\" title=\"Kahjulike koostisaineteta\" src=\"https:\/\/biospa.ee\/wp-content\/uploads\/2020\/11\/TISSOgramm_Schadstofffrei.png\" alt=\"\" width=\"45\" height=\"45\" \/><\/a><a href=\"https:\/\/biospa.ee\/wp-content\/uploads\/2020\/11\/TISSOgramm_Hypoallergen.png\">\u00a0<\/a><a href=\"https:\/\/biospa.ee\/wp-content\/uploads\/2020\/11\/TISSOgramm_Vegan.png\" data-caption=\"\"><img decoding=\"async\" class=\"alignnone wp-image-13275 size-full\" title=\"Vegan\" src=\"https:\/\/biospa.ee\/wp-content\/uploads\/2020\/11\/TISSOgramm_Vegan.png\" alt=\"\" width=\"45\" height=\"45\" \/><\/a><a href=\"https:\/\/biospa.ee\/wp-content\/uploads\/2020\/11\/TISSOgramm_Hypoallergen.png\">\u00a0<\/a><a href=\"https:\/\/biospa.ee\/wp-content\/uploads\/2020\/11\/TISSOgramm_Natuerliche-Inhaltsstoffe.png\" data-caption=\"\"><img decoding=\"async\" class=\"alignnone wp-image-13278 size-full\" title=\"Looduslikud koostisosad\" src=\"https:\/\/biospa.ee\/wp-content\/uploads\/2020\/11\/TISSOgramm_Natuerliche-Inhaltsstoffe.png\" alt=\"\" width=\"45\" height=\"45\" \/><\/a><a href=\"https:\/\/biospa.ee\/wp-content\/uploads\/2020\/11\/TISSOgramm_Hypoallergen.png\">\u00a0<\/a><a href=\"https:\/\/biospa.ee\/wp-content\/uploads\/2020\/11\/TISSOgramm_Lactosefrei.png\" data-caption=\"\"><img decoding=\"async\" class=\"alignnone wp-image-13281 size-full\" title=\"Laktoosivaba \" src=\"https:\/\/biospa.ee\/wp-content\/uploads\/2020\/11\/TISSOgramm_Lactosefrei.png\" alt=\"\" width=\"45\" height=\"45\" \/><\/a><a href=\"https:\/\/biospa.ee\/wp-content\/uploads\/2020\/11\/TISSOgramm_Hypoallergen.png\">\u00a0<\/a><a href=\"https:\/\/biospa.ee\/wp-content\/uploads\/2020\/11\/TISSOgramm_Hypoallergen.png\" data-caption=\"\"><img decoding=\"async\" class=\"alignnone wp-image-13284 size-full\" title=\"H\u00fcpoallergeenne \" src=\"https:\/\/biospa.ee\/wp-content\/uploads\/2020\/11\/TISSOgramm_Hypoallergen.png\" alt=\"\" width=\"45\" height=\"45\" \/><\/a><\/p>\n","protected":false},"featured_media":97581,"template":"","meta":[],"product_brand":[],"product_cat":[423,263],"product_tag":[],"class_list":{"0":"post-34692","1":"product","2":"type-product","3":"status-publish","4":"has-post-thumbnail","6":"product_cat-uudis","7":"product_cat-toidulisandid","9":"first","10":"instock","11":"taxable","12":"shipping-taxable","13":"purchasable","14":"product-type-simple"},"yoast_head":"<!-- This site is optimized with the Yoast SEO plugin v27.0 - https:\/\/yoast.com\/product\/yoast-seo-wordpress\/ -->\n<title>Pro Carnitin - Loodus BioSpa<\/title>\n<meta name=\"robots\" content=\"noindex, follow, max-snippet:-1, max-image-preview:large, max-video-preview:-1\" \/>\n<meta property=\"og:locale\" content=\"et_EE\" \/>\n<meta property=\"og:type\" content=\"article\" \/>\n<meta property=\"og:title\" content=\"Pro Carnitin - Loodus BioSpa\" \/>\n<meta property=\"og:description\" content=\"Karnitiin kaks korda parem koos koliiniga \u2012 sinu rasva- ja energiavahetuseks: See koostis varustab sind optimaalselt karnitiini br\u00e4ndi toorainega Carnipure\u00ae ja neuroaktiivse atset\u00fc\u00fcl-L-karnitiiniga. Kasu saad ka t\u00e4iendatud koliinist, mis toetab tervet rasvade ainevahetust.   Premium-kombo: L-karnitiin (Carnipure\u00ae) + neuroaktiivne atset\u00fc\u00fcl-L-karnitiin  t\u00e4isv\u00f5imsus 1.000 mg karnitiini p\u00e4evaannuses  pluss koliin tervislikuks rasvade ainevahetuseks ja homots\u00fcsteiini ainevahetuseks  ideaalne taimetoitlastele, veganitele ja sportlastele  et sa tunneksid end veelgi tugevamana  sisu: 199 g = 240 kapslit  &nbsp;  \u00a0\u00a0\u00a0\u00a0\u00a0\u00a0\u00a0\" \/>\n<meta property=\"og:url\" content=\"https:\/\/biospa.ee\/fl2025\/toode\/pro-carnitin\/\" \/>\n<meta property=\"og:site_name\" content=\"Loodus BioSpa\" \/>\n<meta property=\"article:publisher\" content=\"https:\/\/www.facebook.com\/LoodusBioSpa\/\" \/>\n<meta property=\"article:modified_time\" content=\"2026-04-07T10:33:31+00:00\" \/>\n<meta property=\"og:image\" content=\"https:\/\/biospa.ee\/fl2025\/wp-content\/uploads\/2025\/02\/TISSO_Naturprodukte_Pro-Carnitin_FS_Icon-1.jpg\" \/>\n\t<meta property=\"og:image:width\" content=\"1080\" \/>\n\t<meta property=\"og:image:height\" content=\"1080\" \/>\n\t<meta property=\"og:image:type\" content=\"image\/jpeg\" \/>\n<meta name=\"twitter:card\" content=\"summary_large_image\" \/>\n<meta name=\"twitter:label1\" content=\"Est. reading time\" \/>\n\t<meta name=\"twitter:data1\" content=\"2 minutit\" \/>\n<script type=\"application\/ld+json\" class=\"yoast-schema-graph\">{\"@context\":\"https:\/\/schema.org\",\"@graph\":[{\"@type\":\"WebPage\",\"@id\":\"https:\/\/biospa.ee\/fl2025\/toode\/pro-carnitin\/\",\"url\":\"https:\/\/biospa.ee\/fl2025\/toode\/pro-carnitin\/\",\"name\":\"Pro Carnitin - Loodus BioSpa\",\"isPartOf\":{\"@id\":\"https:\/\/biospa.ee\/fl2025\/#website\"},\"primaryImageOfPage\":{\"@id\":\"https:\/\/biospa.ee\/fl2025\/toode\/pro-carnitin\/#primaryimage\"},\"image\":{\"@id\":\"https:\/\/biospa.ee\/fl2025\/toode\/pro-carnitin\/#primaryimage\"},\"thumbnailUrl\":\"https:\/\/biospa.ee\/fl2025\/wp-content\/uploads\/2025\/02\/TISSO_Naturprodukte_Pro-Carnitin_FS_Icon-1.jpg\",\"datePublished\":\"2025-02-07T08:49:06+00:00\",\"dateModified\":\"2026-04-07T10:33:31+00:00\",\"breadcrumb\":{\"@id\":\"https:\/\/biospa.ee\/fl2025\/toode\/pro-carnitin\/#breadcrumb\"},\"inLanguage\":\"et\",\"potentialAction\":[{\"@type\":\"ReadAction\",\"target\":[\"https:\/\/biospa.ee\/fl2025\/toode\/pro-carnitin\/\"]}]},{\"@type\":\"ImageObject\",\"inLanguage\":\"et\",\"@id\":\"https:\/\/biospa.ee\/fl2025\/toode\/pro-carnitin\/#primaryimage\",\"url\":\"https:\/\/biospa.ee\/fl2025\/wp-content\/uploads\/2025\/02\/TISSO_Naturprodukte_Pro-Carnitin_FS_Icon-1.jpg\",\"contentUrl\":\"https:\/\/biospa.ee\/fl2025\/wp-content\/uploads\/2025\/02\/TISSO_Naturprodukte_Pro-Carnitin_FS_Icon-1.jpg\",\"width\":1080,\"height\":1080},{\"@type\":\"BreadcrumbList\",\"@id\":\"https:\/\/biospa.ee\/fl2025\/toode\/pro-carnitin\/#breadcrumb\",\"itemListElement\":[{\"@type\":\"ListItem\",\"position\":1,\"name\":\"Home\",\"item\":\"https:\/\/biospa.ee\/fl2025\/\"},{\"@type\":\"ListItem\",\"position\":2,\"name\":\"Pood\",\"item\":\"https:\/\/biospa.ee\/fl2025\/pood\/\"},{\"@type\":\"ListItem\",\"position\":3,\"name\":\"Pro Carnitin\"}]},{\"@type\":\"WebSite\",\"@id\":\"https:\/\/biospa.ee\/fl2025\/#website\",\"url\":\"https:\/\/biospa.ee\/fl2025\/\",\"name\":\"Loodus BioSpa\",\"description\":\"Loodus BioSpa\",\"publisher\":{\"@id\":\"https:\/\/biospa.ee\/fl2025\/#organization\"},\"potentialAction\":[{\"@type\":\"SearchAction\",\"target\":{\"@type\":\"EntryPoint\",\"urlTemplate\":\"https:\/\/biospa.ee\/fl2025\/?s={search_term_string}\"},\"query-input\":{\"@type\":\"PropertyValueSpecification\",\"valueRequired\":true,\"valueName\":\"search_term_string\"}}],\"inLanguage\":\"et\"},{\"@type\":\"Organization\",\"@id\":\"https:\/\/biospa.ee\/fl2025\/#organization\",\"name\":\"Tesmasan O\u00dc\",\"url\":\"https:\/\/biospa.ee\/fl2025\/\",\"logo\":{\"@type\":\"ImageObject\",\"inLanguage\":\"et\",\"@id\":\"https:\/\/biospa.ee\/fl2025\/#\/schema\/logo\/image\/\",\"url\":\"https:\/\/biospa.ee\/fl2025\/wp-content\/uploads\/2025\/11\/BioSpa-loggo-est.png\",\"contentUrl\":\"https:\/\/biospa.ee\/fl2025\/wp-content\/uploads\/2025\/11\/BioSpa-loggo-est.png\",\"width\":842,\"height\":595,\"caption\":\"Tesmasan O\u00dc\"},\"image\":{\"@id\":\"https:\/\/biospa.ee\/fl2025\/#\/schema\/logo\/image\/\"},\"sameAs\":[\"https:\/\/www.facebook.com\/LoodusBioSpa\/\",\"https:\/\/www.instagram.com\/loodusbiospa\/\"]}]}<\/script>\n<!-- \/ Yoast SEO plugin. -->","yoast_head_json":{"title":"Pro Carnitin - Loodus BioSpa","robots":{"index":"noindex","follow":"follow","max-snippet":"max-snippet:-1","max-image-preview":"max-image-preview:large","max-video-preview":"max-video-preview:-1"},"og_locale":"et_EE","og_type":"article","og_title":"Pro Carnitin - Loodus BioSpa","og_description":"Karnitiin kaks korda parem koos koliiniga \u2012 sinu rasva- ja energiavahetuseks: See koostis varustab sind optimaalselt karnitiini br\u00e4ndi toorainega Carnipure\u00ae ja neuroaktiivse atset\u00fc\u00fcl-L-karnitiiniga. Kasu saad ka t\u00e4iendatud koliinist, mis toetab tervet rasvade ainevahetust.   Premium-kombo: L-karnitiin (Carnipure\u00ae) + neuroaktiivne atset\u00fc\u00fcl-L-karnitiin  t\u00e4isv\u00f5imsus 1.000 mg karnitiini p\u00e4evaannuses  pluss koliin tervislikuks rasvade ainevahetuseks ja homots\u00fcsteiini ainevahetuseks  ideaalne taimetoitlastele, veganitele ja sportlastele  et sa tunneksid end veelgi tugevamana  sisu: 199 g = 240 kapslit  &nbsp;  \u00a0\u00a0\u00a0\u00a0\u00a0\u00a0\u00a0","og_url":"https:\/\/biospa.ee\/fl2025\/toode\/pro-carnitin\/","og_site_name":"Loodus BioSpa","article_publisher":"https:\/\/www.facebook.com\/LoodusBioSpa\/","article_modified_time":"2026-04-07T10:33:31+00:00","og_image":[{"width":1080,"height":1080,"url":"https:\/\/biospa.ee\/fl2025\/wp-content\/uploads\/2025\/02\/TISSO_Naturprodukte_Pro-Carnitin_FS_Icon-1.jpg","type":"image\/jpeg"}],"twitter_card":"summary_large_image","twitter_misc":{"Est. reading time":"2 minutit"},"schema":{"@context":"https:\/\/schema.org","@graph":[{"@type":"WebPage","@id":"https:\/\/biospa.ee\/fl2025\/toode\/pro-carnitin\/","url":"https:\/\/biospa.ee\/fl2025\/toode\/pro-carnitin\/","name":"Pro Carnitin - Loodus BioSpa","isPartOf":{"@id":"https:\/\/biospa.ee\/fl2025\/#website"},"primaryImageOfPage":{"@id":"https:\/\/biospa.ee\/fl2025\/toode\/pro-carnitin\/#primaryimage"},"image":{"@id":"https:\/\/biospa.ee\/fl2025\/toode\/pro-carnitin\/#primaryimage"},"thumbnailUrl":"https:\/\/biospa.ee\/fl2025\/wp-content\/uploads\/2025\/02\/TISSO_Naturprodukte_Pro-Carnitin_FS_Icon-1.jpg","datePublished":"2025-02-07T08:49:06+00:00","dateModified":"2026-04-07T10:33:31+00:00","breadcrumb":{"@id":"https:\/\/biospa.ee\/fl2025\/toode\/pro-carnitin\/#breadcrumb"},"inLanguage":"et","potentialAction":[{"@type":"ReadAction","target":["https:\/\/biospa.ee\/fl2025\/toode\/pro-carnitin\/"]}]},{"@type":"ImageObject","inLanguage":"et","@id":"https:\/\/biospa.ee\/fl2025\/toode\/pro-carnitin\/#primaryimage","url":"https:\/\/biospa.ee\/fl2025\/wp-content\/uploads\/2025\/02\/TISSO_Naturprodukte_Pro-Carnitin_FS_Icon-1.jpg","contentUrl":"https:\/\/biospa.ee\/fl2025\/wp-content\/uploads\/2025\/02\/TISSO_Naturprodukte_Pro-Carnitin_FS_Icon-1.jpg","width":1080,"height":1080},{"@type":"BreadcrumbList","@id":"https:\/\/biospa.ee\/fl2025\/toode\/pro-carnitin\/#breadcrumb","itemListElement":[{"@type":"ListItem","position":1,"name":"Home","item":"https:\/\/biospa.ee\/fl2025\/"},{"@type":"ListItem","position":2,"name":"Pood","item":"https:\/\/biospa.ee\/fl2025\/pood\/"},{"@type":"ListItem","position":3,"name":"Pro Carnitin"}]},{"@type":"WebSite","@id":"https:\/\/biospa.ee\/fl2025\/#website","url":"https:\/\/biospa.ee\/fl2025\/","name":"Loodus BioSpa","description":"Loodus BioSpa","publisher":{"@id":"https:\/\/biospa.ee\/fl2025\/#organization"},"potentialAction":[{"@type":"SearchAction","target":{"@type":"EntryPoint","urlTemplate":"https:\/\/biospa.ee\/fl2025\/?s={search_term_string}"},"query-input":{"@type":"PropertyValueSpecification","valueRequired":true,"valueName":"search_term_string"}}],"inLanguage":"et"},{"@type":"Organization","@id":"https:\/\/biospa.ee\/fl2025\/#organization","name":"Tesmasan O\u00dc","url":"https:\/\/biospa.ee\/fl2025\/","logo":{"@type":"ImageObject","inLanguage":"et","@id":"https:\/\/biospa.ee\/fl2025\/#\/schema\/logo\/image\/","url":"https:\/\/biospa.ee\/fl2025\/wp-content\/uploads\/2025\/11\/BioSpa-loggo-est.png","contentUrl":"https:\/\/biospa.ee\/fl2025\/wp-content\/uploads\/2025\/11\/BioSpa-loggo-est.png","width":842,"height":595,"caption":"Tesmasan O\u00dc"},"image":{"@id":"https:\/\/biospa.ee\/fl2025\/#\/schema\/logo\/image\/"},"sameAs":["https:\/\/www.facebook.com\/LoodusBioSpa\/","https:\/\/www.instagram.com\/loodusbiospa\/"]}]}},"_links":{"self":[{"href":"https:\/\/biospa.ee\/fl2025\/wp-json\/wp\/v2\/product\/34692","targetHints":{"allow":["GET"]}}],"collection":[{"href":"https:\/\/biospa.ee\/fl2025\/wp-json\/wp\/v2\/product"}],"about":[{"href":"https:\/\/biospa.ee\/fl2025\/wp-json\/wp\/v2\/types\/product"}],"wp:featuredmedia":[{"embeddable":true,"href":"https:\/\/biospa.ee\/fl2025\/wp-json\/wp\/v2\/media\/97581"}],"wp:attachment":[{"href":"https:\/\/biospa.ee\/fl2025\/wp-json\/wp\/v2\/media?parent=34692"}],"wp:term":[{"taxonomy":"product_brand","embeddable":true,"href":"https:\/\/biospa.ee\/fl2025\/wp-json\/wp\/v2\/product_brand?post=34692"},{"taxonomy":"product_cat","embeddable":true,"href":"https:\/\/biospa.ee\/fl2025\/wp-json\/wp\/v2\/product_cat?post=34692"},{"taxonomy":"product_tag","embeddable":true,"href":"https:\/\/biospa.ee\/fl2025\/wp-json\/wp\/v2\/product_tag?post=34692"}],"curies":[{"name":"wp","href":"https:\/\/api.w.org\/{rel}","templated":true}]}}