{"id":93167,"date":"2025-03-11T16:36:53","date_gmt":"2025-03-11T14:36:53","guid":{"rendered":"https:\/\/biospa.ee\/?post_type=product&#038;p=93167"},"modified":"2025-09-08T12:54:14","modified_gmt":"2025-09-08T09:54:14","slug":"omega-rasvade-uuring","status":"publish","type":"product","link":"https:\/\/biospa.ee\/fl2025\/toode\/omega-rasvade-uuring\/","title":{"rendered":"Omegametrix test+konsultatsioon"},"content":{"rendered":"<div class=\"fusion-text fusion-text-1\">\n<p data-start=\"0\" data-end=\"39\"><strong data-start=\"0\" data-end=\"37\">Miks inimesed vajavad rasvhappeid<\/strong><\/p>\n<p data-start=\"41\" data-end=\"532\">Rasvhapped on orgaanilised molekulid. Enamik meie tarbitavast rasvast on rasvhapete kujul.<br data-start=\"131\" data-end=\"134\" \/>Keha kasutab rasvhappeid paljuski: energia tootmiseks ja s\u00e4ilitamiseks, algainetena arvukate (vahe-) ainevahetustoodete valmistamiseks, rakumembraani komponentidena ja palju muul viisil. Iga rasvhape kehas t\u00e4idab kindlat funktsiooni ning kas kasutatakse sihip\u00e4raselt v\u00f5i vajadusel \u201es\u00fcnteesitakse\u201c keha poolt teatud protsesside jaoks (ehk keerukama \u00fchendi \u00fclesehitamine lihtsatest komponentidest).<\/p>\n<p data-start=\"534\" data-end=\"1197\" data-is-last-node=\"\" data-is-only-node=\"\">Siiski on olemas teatud rasvhapped, mida keha ei suuda s\u00fcnteesida ega ise valmistada \u2013 nimelt nn \u201easendamatud\u201c rasvhapped, nagu linoolhape (Omega-6 rasvhape) ja alfa-linoleenhape (Omega-3 rasvhape). Need \u201easendamatud\u201c rasvhapped on elut\u00e4htsad ja keha enda rakkude rasvhappelisuse optimeerimiseks tuleb need toiduga v\u00f5i toidulisanditega (ideaalis regulaarselt) sisse v\u00f5tta. Nad on \u00e4\u00e4rmiselt olulised, kuna m\u00f5jutavad rakkude funktsionaalsust ja hoiavad rakud tervena, ning terved rakud on \u00fclimalt olulised keha organite ja f\u00fcsioloogiliste protsesside jaoks. Rasvhapped edendavad tervist \u2013 just sellep\u00e4rast on Omegametrix p\u00fchendunud t\u00e4ielikult rasvhapete anal\u00fc\u00fcsile.<\/p>\n<p data-start=\"0\" data-end=\"43\"><strong data-start=\"0\" data-end=\"43\">Omega-3 ja transrasvhapped: meie fookus<\/strong><\/p>\n<p data-start=\"45\" data-end=\"637\">Kaks merelist Omega-3 rasvhapet, eikosapentaeenhape (EPA) ja dokosaheksaeenhape (DHA), on eluks h\u00e4davajalikud. Siiski, nende tasemed rakkudes varieeruvad inimeselt inimesele suurel m\u00e4\u00e4ral. EPA ja DHA on bioloogiliselt k\u00f5ige aktiivsemad Omega-3 rasvhapped. Seet\u00f5ttu on koos toidut\u00f6\u00f6stusest p\u00e4rinevate kahjulike transrasvhapete \u2013 nimelt trans-oleiinhappe ja trans-linoolhappetega \u2013 taseme m\u00e4\u00e4ramisega EPA ja DHA fookuses ka Omegametrixis. K\u00f5ik transrasvhapped ei ole kahjulikud. Loomulikult esinevad transrasvhapped piimas ja piimatoodetes on tervislikud, kuna neid seostatakse suurema elueaga.<\/p>\n<p data-start=\"639\" data-end=\"1121\" data-is-last-node=\"\" data-is-only-node=\"\">Omegametrixi meetodi eesm\u00e4rk on m\u00e4\u00e4rata punastes verelibledes mereliste Omega-3 rasvhapete ja kahjulike transrasvhapete suhe standardiseeritud viisil. Kuigi merelised Omega-3 rasvhapped avaldavad tervisele positiivset m\u00f5ju, siis kahjulikud transrasvhapped avaldavad negatiivset m\u00f5ju. Teie enda tervise huvides on oluline hoida nende kahe tasemed optimaalses vahemikus. Omegametrix suudab m\u00e4\u00e4rata teie individuaalsed tasemed ja teavitada teid, kuidas saavutada optimaalsed vahemikud.<\/p>\n<p>Optimaalse HS-Oomega-3 indeksi saavutamine v\u00f5ib aidata:<\/p>\n<p>V\u00e4hendada rasedusaegseid t\u00fcsistusi<br \/>\nToetada imikute arengut<br \/>\nParandada laste t\u00e4helepanuv\u00f5imet ja kognitiivseid v\u00f5imeid<br \/>\nSuurendada sportlaste f\u00fc\u00fcsilist ja vaimset sooritusv\u00f5imet<br \/>\nV\u00e4hendada \u00e4kilise s\u00fcdamesurma riski<br \/>\nToetada aju funktsioone igas vanuses<br \/>\nLeevendada depressiooni s\u00fcmptomeid<br \/>\nAitab v\u00e4hendada krooniliste p\u00f5letikuliste haiguste s\u00fcmptomeid<br \/>\nOomega-3 taseme m\u00e4\u00e4ramine annab individuaalse \u00fclevaate ning v\u00f5imaldab vajadusel kohandada toitumist v\u00f5i toidulisandite tarbimist.<\/p>\n<p>MHS-Oomega-3 indeks on oluline n\u00e4itaja keha ja vaimu tervise jaoks, m\u00e4\u00e4rates bioloogiliselt aktiivsete oomega-3 rasvhapete (EPA ja DHA) taseme kehas. Uuringud n\u00e4itavad, et piisav oomega-3 sisaldus on seotud erinevate tervisefaktoritega, sealhulgas s\u00fcdame, aju ja \u00fcldise heaoluga.<\/p>\n<p>Teadlased, nagu Prof. Dr. Clemens von Schacky, on leidnud, et optimaalne HS-Oomega-3 indeks j\u00e4\u00e4b vahemikku 8\u201311%, kuid paljudel inimestel on see tase oluliselt madalam. K\u00f5rgem oomega-3 tase (&gt;8%) on seotud pikema eluiga, v\u00e4hendades \u00fcldist suremust v\u00f5rreldes madalama (&lt;4%) tasemega.<\/p>\n<p>HS-Oomega-3 indeksi m\u00e4\u00e4ramine toimub vereproovi abil ja on muutunud osaks meditsiinilisest kontrollist. See aitab hinnata, kas EPA ja DHA lisatarbimine on vajalik, kuna inimeste organismid omastavad toidust saadavat oomega-3 v\u00e4ga erinevalt.<\/p>\n<\/div>\n","protected":false},"excerpt":{"rendered":"<div class=\"bde-columns-64752-128 bde-columns\" data-rocket-location-hash=\"2241b7ffd1733f1b8644bfdf03892067\">\n<div class=\"bde-column-64752-129 bde-column\">\n<div class=\"bde-rich-text-64752-133 bde-rich-text breakdance-rich-text-styles\">\n<p class=\"p1\">Erinevate rasvhapete m\u00f5\u00f5tmiseks piisab vaid pisikesest veretilgast. Omega 3 indeks on k\u00f5ige olulisem: s\u00fcdame tervise tagamiseks peab teie Omega 3 sisaldus veres olema v\u00e4hemalt 8%.<\/p>\n<\/div>\n<\/div>\n<div class=\"bde-column-64752-130 bde-column\">\n<div class=\"bde-rich-text-64752-145 bde-rich-text breakdance-rich-text-styles\">\n<p class=\"p1\">Omega 3 indeksi taset 8-12% seostatakse parema \u00fcldise tervisega. Kahjuks on oomega indeksi keskmine tase enamikus maailmas endiselt madal.<\/p>\n<\/div>\n<\/div>\n<\/div>\n<div class=\"bde-columns-64752-134 bde-columns\" data-rocket-location-hash=\"f0696ba2e52a7d29f474dadd103be3b2\">\n<div class=\"bde-column-64752-135 bde-column\">\n<div class=\"bde-rich-text-64752-137 bde-rich-text breakdance-rich-text-styles\">\n<p class=\"p1\"><a href=\"https:\/\/esc365.escardio.org\/person\/28419\" target=\"_blank\" rel=\"noopener\"><strong>2007. aastal professor Clemens von Schacky<\/strong>\u00a0<\/a>(M\u00fcncheni Ludwig Maximiliani \u00fclikooli ennetava kardioloogia professor)\u00a0asutatud Omegametrix on\u00a0<strong>rahvusvaheline referentlabor<\/strong> oomega 3 indeksi m\u00e4\u00e4ramiseks. M\u00e4\u00e4rame teie Omega 3 indeksi\u00ae.<\/p>\n<p>Miks valida just OmegaMetrix Laboratory test, mida esindab WHC Labs<\/p>\n<ul>\n<li class=\"p1\">Katsemeetodit on kasutatud enam kui 200 teaduslikus uuringus<\/li>\n<li class=\"p1\">Valideeritud ja standardiseeritud katsemeetodid<\/li>\n<li class=\"p1\">Tunnustatud eksperdid rasvhapete uurimisel<\/li>\n<li class=\"p1\">Kergesti m\u00f5istetavad aruanded, mis p\u00f5hinevad tuntud uuringutel<\/li>\n<\/ul>\n<\/div>\n<\/div>\n<div class=\"bde-column-64752-136 bde-column\">\n<div class=\"bde-rich-text-64752-138 bde-rich-text breakdance-rich-text-styles\">\n<p class=\"p1\">Piisab vaid \u00fchest pisikesest veretilgast, et m\u00f5\u00f5ta 26 erinevat t\u00fc\u00fcpi rasvhapet veres. See test n\u00e4itab t\u00e4pselt, kui palju Omega 3, 6, 7 ja Omega 9 rasvhappeid, k\u00fcllastunud rasvu ja transrasvu te tarbite. Omega 3 indeks on sellest teabest k\u00f5ige olulisem: terve s\u00fcdame s\u00e4ilitamiseks peab teie\u00a0veres olema\u00a0<strong>v\u00e4hemalt 8% Omega 3.<\/strong><\/p>\n<p>&nbsp;<\/p>\n<\/div>\n<div class=\"bde-columns-64752-139 bde-columns\">\n<div class=\"bde-column-64752-140 bde-column\">\n<div class=\"bde-image-64752-142 bde-image\">\n<figure class=\"breakdance-image breakdance-image--9234\">\n<div class=\"breakdance-image-container\"><\/div>\n<\/figure>\n<\/div>\n<\/div>\n<\/div>\n<\/div>\n<\/div>\n<p data-start=\"639\" data-end=\"1121\" data-is-last-node=\"\" data-is-only-node=\"\">\n","protected":false},"featured_media":19393,"template":"","meta":[],"product_brand":[],"product_cat":[295],"product_tag":[],"class_list":{"0":"post-93167","1":"product","2":"type-product","3":"status-publish","4":"has-post-thumbnail","6":"product_cat-testid-uuringud","8":"first","9":"instock","10":"purchasable","11":"product-type-simple"},"yoast_head":"<!-- This site is optimized with the Yoast SEO plugin v27.0 - https:\/\/yoast.com\/product\/yoast-seo-wordpress\/ -->\n<title>Omegametrix test+konsultatsioon - Loodus BioSpa<\/title>\n<meta name=\"robots\" content=\"noindex, follow, max-snippet:-1, max-image-preview:large, max-video-preview:-1\" \/>\n<meta property=\"og:locale\" content=\"et_EE\" \/>\n<meta property=\"og:type\" content=\"article\" \/>\n<meta property=\"og:title\" content=\"Omegametrix test+konsultatsioon - Loodus BioSpa\" \/>\n<meta property=\"og:description\" content=\"Erinevate rasvhapete m\u00f5\u00f5tmiseks piisab vaid pisikesest veretilgast. Omega 3 indeks on k\u00f5ige olulisem: s\u00fcdame tervise tagamiseks peab teie Omega 3 sisaldus veres olema v\u00e4hemalt 8%.      Omega 3 indeksi taset 8-12% seostatakse parema \u00fcldise tervisega. Kahjuks on oomega indeksi keskmine tase enamikus maailmas endiselt madal.        2007. aastal professor Clemens von Schacky\u00a0(M\u00fcncheni Ludwig Maximiliani \u00fclikooli ennetava kardioloogia professor)\u00a0asutatud Omegametrix on\u00a0rahvusvaheline referentlabor oomega 3 indeksi m\u00e4\u00e4ramiseks. M\u00e4\u00e4rame teie Omega 3 indeksi\u00ae. Miks valida just OmegaMetrix Laboratory test, mida esindab WHC Labs   Katsemeetodit on kasutatud enam kui 200 teaduslikus uuringus  Valideeritud ja standardiseeritud katsemeetodid  Tunnustatud eksperdid rasvhapete uurimisel  Kergesti m\u00f5istetavad aruanded, mis p\u00f5hinevad tuntud uuringutel      Piisab vaid \u00fchest pisikesest veretilgast, et m\u00f5\u00f5ta 26 erinevat t\u00fc\u00fcpi rasvhapet veres. See test n\u00e4itab t\u00e4pselt, kui palju Omega 3, 6, 7 ja Omega 9 rasvhappeid, k\u00fcllastunud rasvu ja transrasvu te tarbite. Omega 3 indeks on sellest teabest k\u00f5ige olulisem: terve s\u00fcdame s\u00e4ilitamiseks peab teie\u00a0veres olema\u00a0v\u00e4hemalt 8% Omega 3. &nbsp;\" \/>\n<meta property=\"og:url\" content=\"https:\/\/biospa.ee\/fl2025\/toode\/omega-rasvade-uuring\/\" \/>\n<meta property=\"og:site_name\" content=\"Loodus BioSpa\" \/>\n<meta property=\"article:publisher\" content=\"https:\/\/www.facebook.com\/LoodusBioSpa\/\" \/>\n<meta property=\"article:modified_time\" content=\"2025-09-08T09:54:14+00:00\" \/>\n<meta property=\"og:image\" content=\"https:\/\/biospa.ee\/wp-content\/uploads\/2022\/04\/omega3.jpg\" \/>\n\t<meta property=\"og:image:width\" content=\"900\" \/>\n\t<meta property=\"og:image:height\" content=\"600\" \/>\n\t<meta property=\"og:image:type\" content=\"image\/jpeg\" \/>\n<meta name=\"twitter:card\" content=\"summary_large_image\" \/>\n<meta name=\"twitter:label1\" content=\"Est. reading time\" \/>\n\t<meta name=\"twitter:data1\" content=\"3 minutit\" \/>\n<script type=\"application\/ld+json\" class=\"yoast-schema-graph\">{\"@context\":\"https:\/\/schema.org\",\"@graph\":[{\"@type\":\"WebPage\",\"@id\":\"https:\/\/biospa.ee\/fl2025\/toode\/omega-rasvade-uuring\/\",\"url\":\"https:\/\/biospa.ee\/fl2025\/toode\/omega-rasvade-uuring\/\",\"name\":\"Omegametrix test+konsultatsioon - Loodus BioSpa\",\"isPartOf\":{\"@id\":\"https:\/\/biospa.ee\/fl2025\/#website\"},\"primaryImageOfPage\":{\"@id\":\"https:\/\/biospa.ee\/fl2025\/toode\/omega-rasvade-uuring\/#primaryimage\"},\"image\":{\"@id\":\"https:\/\/biospa.ee\/fl2025\/toode\/omega-rasvade-uuring\/#primaryimage\"},\"thumbnailUrl\":\"https:\/\/biospa.ee\/fl2025\/wp-content\/uploads\/2022\/04\/omega3.jpg\",\"datePublished\":\"2025-03-11T14:36:53+00:00\",\"dateModified\":\"2025-09-08T09:54:14+00:00\",\"breadcrumb\":{\"@id\":\"https:\/\/biospa.ee\/fl2025\/toode\/omega-rasvade-uuring\/#breadcrumb\"},\"inLanguage\":\"et\",\"potentialAction\":[{\"@type\":\"ReadAction\",\"target\":[\"https:\/\/biospa.ee\/fl2025\/toode\/omega-rasvade-uuring\/\"]}]},{\"@type\":\"ImageObject\",\"inLanguage\":\"et\",\"@id\":\"https:\/\/biospa.ee\/fl2025\/toode\/omega-rasvade-uuring\/#primaryimage\",\"url\":\"https:\/\/biospa.ee\/fl2025\/wp-content\/uploads\/2022\/04\/omega3.jpg\",\"contentUrl\":\"https:\/\/biospa.ee\/fl2025\/wp-content\/uploads\/2022\/04\/omega3.jpg\",\"width\":900,\"height\":600,\"caption\":\"Omega-3 illustratiivne pilt. Kuidas valida parim Omega-3 toidulisand?\"},{\"@type\":\"BreadcrumbList\",\"@id\":\"https:\/\/biospa.ee\/fl2025\/toode\/omega-rasvade-uuring\/#breadcrumb\",\"itemListElement\":[{\"@type\":\"ListItem\",\"position\":1,\"name\":\"Home\",\"item\":\"https:\/\/biospa.ee\/fl2025\/\"},{\"@type\":\"ListItem\",\"position\":2,\"name\":\"Pood\",\"item\":\"https:\/\/biospa.ee\/fl2025\/pood\/\"},{\"@type\":\"ListItem\",\"position\":3,\"name\":\"Omegametrix test+konsultatsioon\"}]},{\"@type\":\"WebSite\",\"@id\":\"https:\/\/biospa.ee\/fl2025\/#website\",\"url\":\"https:\/\/biospa.ee\/fl2025\/\",\"name\":\"Loodus BioSpa\",\"description\":\"Loodus BioSpa\",\"publisher\":{\"@id\":\"https:\/\/biospa.ee\/fl2025\/#organization\"},\"potentialAction\":[{\"@type\":\"SearchAction\",\"target\":{\"@type\":\"EntryPoint\",\"urlTemplate\":\"https:\/\/biospa.ee\/fl2025\/?s={search_term_string}\"},\"query-input\":{\"@type\":\"PropertyValueSpecification\",\"valueRequired\":true,\"valueName\":\"search_term_string\"}}],\"inLanguage\":\"et\"},{\"@type\":\"Organization\",\"@id\":\"https:\/\/biospa.ee\/fl2025\/#organization\",\"name\":\"Tesmasan O\u00dc\",\"url\":\"https:\/\/biospa.ee\/fl2025\/\",\"logo\":{\"@type\":\"ImageObject\",\"inLanguage\":\"et\",\"@id\":\"https:\/\/biospa.ee\/fl2025\/#\/schema\/logo\/image\/\",\"url\":\"https:\/\/biospa.ee\/fl2025\/wp-content\/uploads\/2025\/11\/BioSpa-loggo-est.png\",\"contentUrl\":\"https:\/\/biospa.ee\/fl2025\/wp-content\/uploads\/2025\/11\/BioSpa-loggo-est.png\",\"width\":842,\"height\":595,\"caption\":\"Tesmasan O\u00dc\"},\"image\":{\"@id\":\"https:\/\/biospa.ee\/fl2025\/#\/schema\/logo\/image\/\"},\"sameAs\":[\"https:\/\/www.facebook.com\/LoodusBioSpa\/\",\"https:\/\/www.instagram.com\/loodusbiospa\/\"]}]}<\/script>\n<!-- \/ Yoast SEO plugin. -->","yoast_head_json":{"title":"Omegametrix test+konsultatsioon - Loodus BioSpa","robots":{"index":"noindex","follow":"follow","max-snippet":"max-snippet:-1","max-image-preview":"max-image-preview:large","max-video-preview":"max-video-preview:-1"},"og_locale":"et_EE","og_type":"article","og_title":"Omegametrix test+konsultatsioon - Loodus BioSpa","og_description":"Erinevate rasvhapete m\u00f5\u00f5tmiseks piisab vaid pisikesest veretilgast. Omega 3 indeks on k\u00f5ige olulisem: s\u00fcdame tervise tagamiseks peab teie Omega 3 sisaldus veres olema v\u00e4hemalt 8%.      Omega 3 indeksi taset 8-12% seostatakse parema \u00fcldise tervisega. Kahjuks on oomega indeksi keskmine tase enamikus maailmas endiselt madal.        2007. aastal professor Clemens von Schacky\u00a0(M\u00fcncheni Ludwig Maximiliani \u00fclikooli ennetava kardioloogia professor)\u00a0asutatud Omegametrix on\u00a0rahvusvaheline referentlabor oomega 3 indeksi m\u00e4\u00e4ramiseks. M\u00e4\u00e4rame teie Omega 3 indeksi\u00ae. Miks valida just OmegaMetrix Laboratory test, mida esindab WHC Labs   Katsemeetodit on kasutatud enam kui 200 teaduslikus uuringus  Valideeritud ja standardiseeritud katsemeetodid  Tunnustatud eksperdid rasvhapete uurimisel  Kergesti m\u00f5istetavad aruanded, mis p\u00f5hinevad tuntud uuringutel      Piisab vaid \u00fchest pisikesest veretilgast, et m\u00f5\u00f5ta 26 erinevat t\u00fc\u00fcpi rasvhapet veres. See test n\u00e4itab t\u00e4pselt, kui palju Omega 3, 6, 7 ja Omega 9 rasvhappeid, k\u00fcllastunud rasvu ja transrasvu te tarbite. Omega 3 indeks on sellest teabest k\u00f5ige olulisem: terve s\u00fcdame s\u00e4ilitamiseks peab teie\u00a0veres olema\u00a0v\u00e4hemalt 8% Omega 3. &nbsp;","og_url":"https:\/\/biospa.ee\/fl2025\/toode\/omega-rasvade-uuring\/","og_site_name":"Loodus BioSpa","article_publisher":"https:\/\/www.facebook.com\/LoodusBioSpa\/","article_modified_time":"2025-09-08T09:54:14+00:00","og_image":[{"width":900,"height":600,"url":"https:\/\/biospa.ee\/wp-content\/uploads\/2022\/04\/omega3.jpg","type":"image\/jpeg"}],"twitter_card":"summary_large_image","twitter_misc":{"Est. reading time":"3 minutit"},"schema":{"@context":"https:\/\/schema.org","@graph":[{"@type":"WebPage","@id":"https:\/\/biospa.ee\/fl2025\/toode\/omega-rasvade-uuring\/","url":"https:\/\/biospa.ee\/fl2025\/toode\/omega-rasvade-uuring\/","name":"Omegametrix test+konsultatsioon - Loodus BioSpa","isPartOf":{"@id":"https:\/\/biospa.ee\/fl2025\/#website"},"primaryImageOfPage":{"@id":"https:\/\/biospa.ee\/fl2025\/toode\/omega-rasvade-uuring\/#primaryimage"},"image":{"@id":"https:\/\/biospa.ee\/fl2025\/toode\/omega-rasvade-uuring\/#primaryimage"},"thumbnailUrl":"https:\/\/biospa.ee\/fl2025\/wp-content\/uploads\/2022\/04\/omega3.jpg","datePublished":"2025-03-11T14:36:53+00:00","dateModified":"2025-09-08T09:54:14+00:00","breadcrumb":{"@id":"https:\/\/biospa.ee\/fl2025\/toode\/omega-rasvade-uuring\/#breadcrumb"},"inLanguage":"et","potentialAction":[{"@type":"ReadAction","target":["https:\/\/biospa.ee\/fl2025\/toode\/omega-rasvade-uuring\/"]}]},{"@type":"ImageObject","inLanguage":"et","@id":"https:\/\/biospa.ee\/fl2025\/toode\/omega-rasvade-uuring\/#primaryimage","url":"https:\/\/biospa.ee\/fl2025\/wp-content\/uploads\/2022\/04\/omega3.jpg","contentUrl":"https:\/\/biospa.ee\/fl2025\/wp-content\/uploads\/2022\/04\/omega3.jpg","width":900,"height":600,"caption":"Omega-3 illustratiivne pilt. Kuidas valida parim Omega-3 toidulisand?"},{"@type":"BreadcrumbList","@id":"https:\/\/biospa.ee\/fl2025\/toode\/omega-rasvade-uuring\/#breadcrumb","itemListElement":[{"@type":"ListItem","position":1,"name":"Home","item":"https:\/\/biospa.ee\/fl2025\/"},{"@type":"ListItem","position":2,"name":"Pood","item":"https:\/\/biospa.ee\/fl2025\/pood\/"},{"@type":"ListItem","position":3,"name":"Omegametrix test+konsultatsioon"}]},{"@type":"WebSite","@id":"https:\/\/biospa.ee\/fl2025\/#website","url":"https:\/\/biospa.ee\/fl2025\/","name":"Loodus BioSpa","description":"Loodus BioSpa","publisher":{"@id":"https:\/\/biospa.ee\/fl2025\/#organization"},"potentialAction":[{"@type":"SearchAction","target":{"@type":"EntryPoint","urlTemplate":"https:\/\/biospa.ee\/fl2025\/?s={search_term_string}"},"query-input":{"@type":"PropertyValueSpecification","valueRequired":true,"valueName":"search_term_string"}}],"inLanguage":"et"},{"@type":"Organization","@id":"https:\/\/biospa.ee\/fl2025\/#organization","name":"Tesmasan O\u00dc","url":"https:\/\/biospa.ee\/fl2025\/","logo":{"@type":"ImageObject","inLanguage":"et","@id":"https:\/\/biospa.ee\/fl2025\/#\/schema\/logo\/image\/","url":"https:\/\/biospa.ee\/fl2025\/wp-content\/uploads\/2025\/11\/BioSpa-loggo-est.png","contentUrl":"https:\/\/biospa.ee\/fl2025\/wp-content\/uploads\/2025\/11\/BioSpa-loggo-est.png","width":842,"height":595,"caption":"Tesmasan O\u00dc"},"image":{"@id":"https:\/\/biospa.ee\/fl2025\/#\/schema\/logo\/image\/"},"sameAs":["https:\/\/www.facebook.com\/LoodusBioSpa\/","https:\/\/www.instagram.com\/loodusbiospa\/"]}]}},"_links":{"self":[{"href":"https:\/\/biospa.ee\/fl2025\/wp-json\/wp\/v2\/product\/93167","targetHints":{"allow":["GET"]}}],"collection":[{"href":"https:\/\/biospa.ee\/fl2025\/wp-json\/wp\/v2\/product"}],"about":[{"href":"https:\/\/biospa.ee\/fl2025\/wp-json\/wp\/v2\/types\/product"}],"wp:featuredmedia":[{"embeddable":true,"href":"https:\/\/biospa.ee\/fl2025\/wp-json\/wp\/v2\/media\/19393"}],"wp:attachment":[{"href":"https:\/\/biospa.ee\/fl2025\/wp-json\/wp\/v2\/media?parent=93167"}],"wp:term":[{"taxonomy":"product_brand","embeddable":true,"href":"https:\/\/biospa.ee\/fl2025\/wp-json\/wp\/v2\/product_brand?post=93167"},{"taxonomy":"product_cat","embeddable":true,"href":"https:\/\/biospa.ee\/fl2025\/wp-json\/wp\/v2\/product_cat?post=93167"},{"taxonomy":"product_tag","embeddable":true,"href":"https:\/\/biospa.ee\/fl2025\/wp-json\/wp\/v2\/product_tag?post=93167"}],"curies":[{"name":"wp","href":"https:\/\/api.w.org\/{rel}","templated":true}]}}