{"id":93647,"date":"2025-05-22T11:32:53","date_gmt":"2025-05-22T08:32:53","guid":{"rendered":"https:\/\/biospa.ee\/?post_type=product&#038;p=93647"},"modified":"2026-04-07T09:31:26","modified_gmt":"2026-04-07T06:31:26","slug":"pro-osteo","status":"publish","type":"product","link":"https:\/\/biospa.ee\/fl2025\/toode\/pro-osteo\/","title":{"rendered":"Pro Osteo"},"content":{"rendered":"<p data-start=\"100\" data-end=\"421\">Meie luud on elavad struktuurid, mis uuenevad pidevalt. Selle protsessi sujuv toimimine vajab keha poolt t\u00e4pselt tasakaalustatud oluliste toitainete kombinatsiooni. <strong data-start=\"265\" data-end=\"278\">Pro Osteo<\/strong> \u00fchendab oliivilehe ekstrakti, piimavalgu h\u00fcdrol\u00fcsaadi (OSTEUM\u2122), D3- ja K2-vitamiini \u2013 ideaalne kombinatsioon sinu luude tugevuse toetamiseks.<\/p>\n<p data-start=\"423\" data-end=\"735\">Hormonaalsed muutused, oks\u00fcdatiivne stress ja toitainete puuduj\u00e4\u00e4k v\u00f5ivad viia luuainevahetuse tasakaalust v\u00e4lja. Eriti menopausi ajal v\u00f5i vananedes v\u00e4heneb luutihedus sageli m\u00e4rgatavalt, mis v\u00f5ib m\u00f5jutada skeleti stabiilsust. Pikaajaliselt seostatakse sellist luukadu suurenenud riskiga haigestuda osteoporoosi.<\/p>\n<p data-start=\"737\" data-end=\"1057\"><strong data-start=\"737\" data-end=\"750\">Pro Osteo<\/strong> sisaldab 20% oleuropeiini sisaldavat oliivilehe ekstrakti \u2013 taimset antioks\u00fcdanti. Teadusuuringud n\u00e4itavad, et oliivilehe ekstrakt v\u00f5ib soodustada luukoe moodustavate rakkude (osteoblastide) aktiivsust ja samal ajal p\u00e4rssida protsesse, mis soodustavad luukoe lagundavate rakkude (osteoklastide) aktiivsust.<\/p>\n<p data-start=\"1059\" data-end=\"1390\">Lisaks viitab platseebokontrollitud inimkatse sellele, et oliivilehe ekstrakt on seotud osteokaltsiini taseme reguleerimisega \u2013 see valk viitab osteoblastide aktiivsusele ja on oluline luude mineraliseerumisel. Samuti on t\u00e4heldatud v\u00f5imalikke m\u00f5jusid rasvade ainevahetusele, mis v\u00f5ib olla eriti oluline menopausieas ja p\u00e4rast seda.<\/p>\n<p data-start=\"1392\" data-end=\"1613\">Kaltsium on meie luude keskne ehituskivi, kuid kogu toidust saadav kaltsium ei imendu alati t\u00f5husalt. Siin tuleb m\u00e4ngu <strong data-start=\"1511\" data-end=\"1522\">OSTEUM\u2122<\/strong>, patenteeritud kaubam\u00e4rgiga koostisosa, mis sisaldab \u00fcle 35% kaseiini fosfopeptiide (CPP).<\/p>\n<p data-start=\"1615\" data-end=\"1942\">CPP-d on looduslikud piimavalgust saadud peptiidid, mis seovad kaltsiumi ja muudavad selle organismile paremini omastatavaks. Teadusuuringute p\u00f5hjal v\u00f5ivad CPP-d parandada kaltsiumi imendumist ja olla seotud luude mineraliseerumisega \u2013 eriti eluetappides, kus luuainevahetus on aktiivsem, n\u00e4iteks menopausi v\u00f5i vananemise ajal.<\/p>\n<p data-start=\"1944\" data-end=\"2222\">Lisaks <strong data-start=\"1951\" data-end=\"1962\">OSTEUM\u2122<\/strong>-ile m\u00e4ngivad olulist rolli ka vitamiinid <strong data-start=\"2004\" data-end=\"2016\">D3 ja K2<\/strong>. D-vitamiin toetab kaltsiumi normaalset imendumist ja kasutamist ning koos K-vitamiiniga aitab kaasa tervete luude s\u00e4ilitamisele. K-vitamiin osaleb ka protsessides, mis reguleerivad kaltsiumi ainevahetust.<\/p>\n","protected":false},"excerpt":{"rendered":"<p data-start=\"91\" data-end=\"289\">Aktiivne elu vajab stabiilset vundamenti. Pro Osteo varustab sind oluliste toitainetega, nagu oliivilehe ekstrakt, piimavalgu h\u00fcdrol\u00fcsaat (OSTEUM\u2122) ning D3- ja K2-vitamiinid, mis toetavad sinu luid.<\/p>\n<p data-start=\"291\" data-end=\"382\">Toitainekompleks oliivilehe ekstrakti, kaseiini fosfopeptiidide ja vitamiinide D3 &amp; K2-ga<\/p>\n<ul data-start=\"383\" data-end=\"776\">\n<li data-start=\"383\" data-end=\"461\">\n<p data-start=\"385\" data-end=\"461\">kvaliteetne oliivilehe ekstrakt, mis sisaldab 20% looduslikku oleuropeiini<\/p>\n<\/li>\n<li data-start=\"462\" data-end=\"543\">\n<p data-start=\"464\" data-end=\"543\">piimavalgu h\u00fcdrol\u00fcsaat (OSTEUM\u2122), mis sisaldab \u00fcle 35% kaseiini fosfopeptiide<\/p>\n<\/li>\n<li data-start=\"544\" data-end=\"613\">\n<p data-start=\"546\" data-end=\"613\">looduslik D3-vitamiin ja bioaktiivne K2-vitamiin (all-trans MK-7)<\/p>\n<\/li>\n<li data-start=\"614\" data-end=\"697\">\n<p data-start=\"616\" data-end=\"697\">kaltsiumi ja fosfori imendumiseks\/kasutamiseks ning tervete luude s\u00e4ilitamiseks<\/p>\n<\/li>\n<li data-start=\"614\" data-end=\"697\">39 g = 90 kapslit<\/li>\n<li data-start=\"614\" data-end=\"697\"><a href=\"https:\/\/biospa.ee\/wp-content\/uploads\/2020\/11\/TISSOgramm_Glutenfrei.png\" data-caption=\"\"><img decoding=\"async\" class=\"alignnone wp-image-13290 size-full\" title=\"Gluteenivaba \" src=\"https:\/\/biospa.ee\/wp-content\/uploads\/2020\/11\/TISSOgramm_Glutenfrei.png\" alt=\"\" width=\"45\" height=\"45\" \/><\/a>\u00a0<a href=\"https:\/\/biospa.ee\/wp-content\/uploads\/2020\/11\/TISSOgramm_Hefefrei.png\" data-caption=\"\"><img decoding=\"async\" class=\"alignnone wp-image-13293 size-full\" title=\"P\u00e4rmivaba \" src=\"https:\/\/biospa.ee\/wp-content\/uploads\/2020\/11\/TISSOgramm_Hefefrei.png\" alt=\"\" width=\"45\" height=\"45\" \/><\/a>\u00a0<a href=\"https:\/\/biospa.ee\/wp-content\/uploads\/2020\/11\/TISSOgramm_ohne-zusatz-von.png\" data-caption=\"\"><img decoding=\"async\" class=\"alignnone wp-image-13299 size-full\" title=\"Ei sisalda magusaineid, s\u00e4ilitusaineid, aroome, v\u00e4rvaineid, maitsetugevdajaid, kunstlikke koostisosi\" src=\"https:\/\/biospa.ee\/wp-content\/uploads\/2020\/11\/TISSOgramm_ohne-zusatz-von.png\" alt=\"\" width=\"45\" height=\"45\" \/><\/a>\u00a0<a href=\"https:\/\/biospa.ee\/wp-content\/uploads\/2020\/11\/TISSOgramm_Schadstofffrei.png\" data-caption=\"\"><img decoding=\"async\" class=\"alignnone wp-image-13287 size-full\" title=\"Kahjulike koostisaineteta\" src=\"https:\/\/biospa.ee\/wp-content\/uploads\/2020\/11\/TISSOgramm_Schadstofffrei.png\" alt=\"\" width=\"45\" height=\"45\" \/><\/a>\u00a0<a href=\"https:\/\/biospa.ee\/wp-content\/uploads\/2020\/11\/TISSOgramm_Vegan.png\" data-caption=\"\"><img decoding=\"async\" class=\"alignnone wp-image-13275 size-full\" title=\"Vegan\" src=\"https:\/\/biospa.ee\/wp-content\/uploads\/2020\/11\/TISSOgramm_Vegan.png\" alt=\"\" width=\"45\" height=\"45\" \/><\/a>\u00a0<a href=\"https:\/\/biospa.ee\/wp-content\/uploads\/2020\/11\/TISSOgramm_Natuerliche-Inhaltsstoffe.png\" data-caption=\"\"><img decoding=\"async\" class=\"alignnone wp-image-13278 size-full\" title=\"Looduslikud koostisosad\" src=\"https:\/\/biospa.ee\/wp-content\/uploads\/2020\/11\/TISSOgramm_Natuerliche-Inhaltsstoffe.png\" alt=\"\" width=\"45\" height=\"45\" \/><\/a>\u00a0<a href=\"https:\/\/biospa.ee\/wp-content\/uploads\/2020\/11\/TISSOgramm_Lactosefrei.png\" data-caption=\"\"><img decoding=\"async\" class=\"alignnone wp-image-13281 size-full\" title=\"Laktoosivaba \" src=\"https:\/\/biospa.ee\/wp-content\/uploads\/2020\/11\/TISSOgramm_Lactosefrei.png\" alt=\"\" width=\"45\" height=\"45\" \/><\/a>\u00a0<a href=\"https:\/\/biospa.ee\/wp-content\/uploads\/2020\/11\/TISSOgramm_Hypoallergen.png\" data-caption=\"\"><img decoding=\"async\" class=\"alignnone wp-image-13284 size-full\" title=\"H\u00fcpoallergeenne \" src=\"https:\/\/biospa.ee\/wp-content\/uploads\/2020\/11\/TISSOgramm_Hypoallergen.png\" alt=\"\" width=\"45\" height=\"45\" \/><\/a><\/li>\n<\/ul>\n","protected":false},"featured_media":97328,"template":"","meta":[],"product_brand":[],"product_cat":[423,263],"product_tag":[],"class_list":{"0":"post-93647","1":"product","2":"type-product","3":"status-publish","4":"has-post-thumbnail","6":"product_cat-uudis","7":"product_cat-toidulisandid","9":"first","10":"instock","11":"taxable","12":"shipping-taxable","13":"purchasable","14":"product-type-simple"},"yoast_head":"<!-- This site is optimized with the Yoast SEO plugin v27.0 - https:\/\/yoast.com\/product\/yoast-seo-wordpress\/ -->\n<title>Pro Osteo - Loodus BioSpa<\/title>\n<meta name=\"robots\" content=\"noindex, follow, max-snippet:-1, max-image-preview:large, max-video-preview:-1\" \/>\n<meta property=\"og:locale\" content=\"et_EE\" \/>\n<meta property=\"og:type\" content=\"article\" \/>\n<meta property=\"og:title\" content=\"Pro Osteo - Loodus BioSpa\" \/>\n<meta property=\"og:description\" content=\"Aktiivne elu vajab stabiilset vundamenti. Pro Osteo varustab sind oluliste toitainetega, nagu oliivilehe ekstrakt, piimavalgu h\u00fcdrol\u00fcsaat (OSTEUM\u2122) ning D3- ja K2-vitamiinid, mis toetavad sinu luid. Toitainekompleks oliivilehe ekstrakti, kaseiini fosfopeptiidide ja vitamiinide D3 &amp; K2-ga     kvaliteetne oliivilehe ekstrakt, mis sisaldab 20% looduslikku oleuropeiini    piimavalgu h\u00fcdrol\u00fcsaat (OSTEUM\u2122), mis sisaldab \u00fcle 35% kaseiini fosfopeptiide    looduslik D3-vitamiin ja bioaktiivne K2-vitamiin (all-trans MK-7)    kaltsiumi ja fosfori imendumiseks\/kasutamiseks ning tervete luude s\u00e4ilitamiseks   39 g = 90 kapslit  \u00a0\u00a0\u00a0\u00a0\u00a0\u00a0\u00a0\" \/>\n<meta property=\"og:url\" content=\"https:\/\/biospa.ee\/fl2025\/toode\/pro-osteo\/\" \/>\n<meta property=\"og:site_name\" content=\"Loodus BioSpa\" \/>\n<meta property=\"article:publisher\" content=\"https:\/\/www.facebook.com\/LoodusBioSpa\/\" \/>\n<meta property=\"article:modified_time\" content=\"2026-04-07T06:31:26+00:00\" \/>\n<meta property=\"og:image\" content=\"https:\/\/biospa.ee\/fl2025\/wp-content\/uploads\/2025\/05\/TISSO_Naturprodukte_Carousel_ProOsteo_1-1.jpg\" \/>\n\t<meta property=\"og:image:width\" content=\"1080\" \/>\n\t<meta property=\"og:image:height\" content=\"1080\" \/>\n\t<meta property=\"og:image:type\" content=\"image\/jpeg\" \/>\n<meta name=\"twitter:card\" content=\"summary_large_image\" \/>\n<meta name=\"twitter:label1\" content=\"Est. reading time\" \/>\n\t<meta name=\"twitter:data1\" content=\"2 minutit\" \/>\n<script type=\"application\/ld+json\" class=\"yoast-schema-graph\">{\"@context\":\"https:\/\/schema.org\",\"@graph\":[{\"@type\":\"WebPage\",\"@id\":\"https:\/\/biospa.ee\/fl2025\/toode\/pro-osteo\/\",\"url\":\"https:\/\/biospa.ee\/fl2025\/toode\/pro-osteo\/\",\"name\":\"Pro Osteo - Loodus BioSpa\",\"isPartOf\":{\"@id\":\"https:\/\/biospa.ee\/fl2025\/#website\"},\"primaryImageOfPage\":{\"@id\":\"https:\/\/biospa.ee\/fl2025\/toode\/pro-osteo\/#primaryimage\"},\"image\":{\"@id\":\"https:\/\/biospa.ee\/fl2025\/toode\/pro-osteo\/#primaryimage\"},\"thumbnailUrl\":\"https:\/\/biospa.ee\/fl2025\/wp-content\/uploads\/2025\/05\/TISSO_Naturprodukte_Carousel_ProOsteo_1-1.jpg\",\"datePublished\":\"2025-05-22T08:32:53+00:00\",\"dateModified\":\"2026-04-07T06:31:26+00:00\",\"breadcrumb\":{\"@id\":\"https:\/\/biospa.ee\/fl2025\/toode\/pro-osteo\/#breadcrumb\"},\"inLanguage\":\"et\",\"potentialAction\":[{\"@type\":\"ReadAction\",\"target\":[\"https:\/\/biospa.ee\/fl2025\/toode\/pro-osteo\/\"]}]},{\"@type\":\"ImageObject\",\"inLanguage\":\"et\",\"@id\":\"https:\/\/biospa.ee\/fl2025\/toode\/pro-osteo\/#primaryimage\",\"url\":\"https:\/\/biospa.ee\/fl2025\/wp-content\/uploads\/2025\/05\/TISSO_Naturprodukte_Carousel_ProOsteo_1-1.jpg\",\"contentUrl\":\"https:\/\/biospa.ee\/fl2025\/wp-content\/uploads\/2025\/05\/TISSO_Naturprodukte_Carousel_ProOsteo_1-1.jpg\",\"width\":1080,\"height\":1080},{\"@type\":\"BreadcrumbList\",\"@id\":\"https:\/\/biospa.ee\/fl2025\/toode\/pro-osteo\/#breadcrumb\",\"itemListElement\":[{\"@type\":\"ListItem\",\"position\":1,\"name\":\"Home\",\"item\":\"https:\/\/biospa.ee\/fl2025\/\"},{\"@type\":\"ListItem\",\"position\":2,\"name\":\"Pood\",\"item\":\"https:\/\/biospa.ee\/fl2025\/pood\/\"},{\"@type\":\"ListItem\",\"position\":3,\"name\":\"Pro Osteo\"}]},{\"@type\":\"WebSite\",\"@id\":\"https:\/\/biospa.ee\/fl2025\/#website\",\"url\":\"https:\/\/biospa.ee\/fl2025\/\",\"name\":\"Loodus BioSpa\",\"description\":\"Loodus BioSpa\",\"publisher\":{\"@id\":\"https:\/\/biospa.ee\/fl2025\/#organization\"},\"potentialAction\":[{\"@type\":\"SearchAction\",\"target\":{\"@type\":\"EntryPoint\",\"urlTemplate\":\"https:\/\/biospa.ee\/fl2025\/?s={search_term_string}\"},\"query-input\":{\"@type\":\"PropertyValueSpecification\",\"valueRequired\":true,\"valueName\":\"search_term_string\"}}],\"inLanguage\":\"et\"},{\"@type\":\"Organization\",\"@id\":\"https:\/\/biospa.ee\/fl2025\/#organization\",\"name\":\"Tesmasan O\u00dc\",\"url\":\"https:\/\/biospa.ee\/fl2025\/\",\"logo\":{\"@type\":\"ImageObject\",\"inLanguage\":\"et\",\"@id\":\"https:\/\/biospa.ee\/fl2025\/#\/schema\/logo\/image\/\",\"url\":\"https:\/\/biospa.ee\/fl2025\/wp-content\/uploads\/2025\/11\/BioSpa-loggo-est.png\",\"contentUrl\":\"https:\/\/biospa.ee\/fl2025\/wp-content\/uploads\/2025\/11\/BioSpa-loggo-est.png\",\"width\":842,\"height\":595,\"caption\":\"Tesmasan O\u00dc\"},\"image\":{\"@id\":\"https:\/\/biospa.ee\/fl2025\/#\/schema\/logo\/image\/\"},\"sameAs\":[\"https:\/\/www.facebook.com\/LoodusBioSpa\/\",\"https:\/\/www.instagram.com\/loodusbiospa\/\"]}]}<\/script>\n<!-- \/ Yoast SEO plugin. -->","yoast_head_json":{"title":"Pro Osteo - Loodus BioSpa","robots":{"index":"noindex","follow":"follow","max-snippet":"max-snippet:-1","max-image-preview":"max-image-preview:large","max-video-preview":"max-video-preview:-1"},"og_locale":"et_EE","og_type":"article","og_title":"Pro Osteo - Loodus BioSpa","og_description":"Aktiivne elu vajab stabiilset vundamenti. Pro Osteo varustab sind oluliste toitainetega, nagu oliivilehe ekstrakt, piimavalgu h\u00fcdrol\u00fcsaat (OSTEUM\u2122) ning D3- ja K2-vitamiinid, mis toetavad sinu luid. Toitainekompleks oliivilehe ekstrakti, kaseiini fosfopeptiidide ja vitamiinide D3 &amp; K2-ga     kvaliteetne oliivilehe ekstrakt, mis sisaldab 20% looduslikku oleuropeiini    piimavalgu h\u00fcdrol\u00fcsaat (OSTEUM\u2122), mis sisaldab \u00fcle 35% kaseiini fosfopeptiide    looduslik D3-vitamiin ja bioaktiivne K2-vitamiin (all-trans MK-7)    kaltsiumi ja fosfori imendumiseks\/kasutamiseks ning tervete luude s\u00e4ilitamiseks   39 g = 90 kapslit  \u00a0\u00a0\u00a0\u00a0\u00a0\u00a0\u00a0","og_url":"https:\/\/biospa.ee\/fl2025\/toode\/pro-osteo\/","og_site_name":"Loodus BioSpa","article_publisher":"https:\/\/www.facebook.com\/LoodusBioSpa\/","article_modified_time":"2026-04-07T06:31:26+00:00","og_image":[{"width":1080,"height":1080,"url":"https:\/\/biospa.ee\/fl2025\/wp-content\/uploads\/2025\/05\/TISSO_Naturprodukte_Carousel_ProOsteo_1-1.jpg","type":"image\/jpeg"}],"twitter_card":"summary_large_image","twitter_misc":{"Est. reading time":"2 minutit"},"schema":{"@context":"https:\/\/schema.org","@graph":[{"@type":"WebPage","@id":"https:\/\/biospa.ee\/fl2025\/toode\/pro-osteo\/","url":"https:\/\/biospa.ee\/fl2025\/toode\/pro-osteo\/","name":"Pro Osteo - Loodus BioSpa","isPartOf":{"@id":"https:\/\/biospa.ee\/fl2025\/#website"},"primaryImageOfPage":{"@id":"https:\/\/biospa.ee\/fl2025\/toode\/pro-osteo\/#primaryimage"},"image":{"@id":"https:\/\/biospa.ee\/fl2025\/toode\/pro-osteo\/#primaryimage"},"thumbnailUrl":"https:\/\/biospa.ee\/fl2025\/wp-content\/uploads\/2025\/05\/TISSO_Naturprodukte_Carousel_ProOsteo_1-1.jpg","datePublished":"2025-05-22T08:32:53+00:00","dateModified":"2026-04-07T06:31:26+00:00","breadcrumb":{"@id":"https:\/\/biospa.ee\/fl2025\/toode\/pro-osteo\/#breadcrumb"},"inLanguage":"et","potentialAction":[{"@type":"ReadAction","target":["https:\/\/biospa.ee\/fl2025\/toode\/pro-osteo\/"]}]},{"@type":"ImageObject","inLanguage":"et","@id":"https:\/\/biospa.ee\/fl2025\/toode\/pro-osteo\/#primaryimage","url":"https:\/\/biospa.ee\/fl2025\/wp-content\/uploads\/2025\/05\/TISSO_Naturprodukte_Carousel_ProOsteo_1-1.jpg","contentUrl":"https:\/\/biospa.ee\/fl2025\/wp-content\/uploads\/2025\/05\/TISSO_Naturprodukte_Carousel_ProOsteo_1-1.jpg","width":1080,"height":1080},{"@type":"BreadcrumbList","@id":"https:\/\/biospa.ee\/fl2025\/toode\/pro-osteo\/#breadcrumb","itemListElement":[{"@type":"ListItem","position":1,"name":"Home","item":"https:\/\/biospa.ee\/fl2025\/"},{"@type":"ListItem","position":2,"name":"Pood","item":"https:\/\/biospa.ee\/fl2025\/pood\/"},{"@type":"ListItem","position":3,"name":"Pro Osteo"}]},{"@type":"WebSite","@id":"https:\/\/biospa.ee\/fl2025\/#website","url":"https:\/\/biospa.ee\/fl2025\/","name":"Loodus BioSpa","description":"Loodus BioSpa","publisher":{"@id":"https:\/\/biospa.ee\/fl2025\/#organization"},"potentialAction":[{"@type":"SearchAction","target":{"@type":"EntryPoint","urlTemplate":"https:\/\/biospa.ee\/fl2025\/?s={search_term_string}"},"query-input":{"@type":"PropertyValueSpecification","valueRequired":true,"valueName":"search_term_string"}}],"inLanguage":"et"},{"@type":"Organization","@id":"https:\/\/biospa.ee\/fl2025\/#organization","name":"Tesmasan O\u00dc","url":"https:\/\/biospa.ee\/fl2025\/","logo":{"@type":"ImageObject","inLanguage":"et","@id":"https:\/\/biospa.ee\/fl2025\/#\/schema\/logo\/image\/","url":"https:\/\/biospa.ee\/fl2025\/wp-content\/uploads\/2025\/11\/BioSpa-loggo-est.png","contentUrl":"https:\/\/biospa.ee\/fl2025\/wp-content\/uploads\/2025\/11\/BioSpa-loggo-est.png","width":842,"height":595,"caption":"Tesmasan O\u00dc"},"image":{"@id":"https:\/\/biospa.ee\/fl2025\/#\/schema\/logo\/image\/"},"sameAs":["https:\/\/www.facebook.com\/LoodusBioSpa\/","https:\/\/www.instagram.com\/loodusbiospa\/"]}]}},"_links":{"self":[{"href":"https:\/\/biospa.ee\/fl2025\/wp-json\/wp\/v2\/product\/93647","targetHints":{"allow":["GET"]}}],"collection":[{"href":"https:\/\/biospa.ee\/fl2025\/wp-json\/wp\/v2\/product"}],"about":[{"href":"https:\/\/biospa.ee\/fl2025\/wp-json\/wp\/v2\/types\/product"}],"wp:featuredmedia":[{"embeddable":true,"href":"https:\/\/biospa.ee\/fl2025\/wp-json\/wp\/v2\/media\/97328"}],"wp:attachment":[{"href":"https:\/\/biospa.ee\/fl2025\/wp-json\/wp\/v2\/media?parent=93647"}],"wp:term":[{"taxonomy":"product_brand","embeddable":true,"href":"https:\/\/biospa.ee\/fl2025\/wp-json\/wp\/v2\/product_brand?post=93647"},{"taxonomy":"product_cat","embeddable":true,"href":"https:\/\/biospa.ee\/fl2025\/wp-json\/wp\/v2\/product_cat?post=93647"},{"taxonomy":"product_tag","embeddable":true,"href":"https:\/\/biospa.ee\/fl2025\/wp-json\/wp\/v2\/product_tag?post=93647"}],"curies":[{"name":"wp","href":"https:\/\/api.w.org\/{rel}","templated":true}]}}