{"id":93928,"date":"2025-07-07T12:50:33","date_gmt":"2025-07-07T09:50:33","guid":{"rendered":"https:\/\/biospa.ee\/?post_type=product&#038;p=93928"},"modified":"2026-04-14T15:20:46","modified_gmt":"2026-04-14T12:20:46","slug":"21-paevane-kodune-tervise-ja-ilu-detokspakett","status":"publish","type":"product","link":"https:\/\/biospa.ee\/fl2025\/toode\/21-paevane-kodune-tervise-ja-ilu-detokspakett\/","title":{"rendered":"21-p\u00e4evane kodune tervise ja ilu detokspakett"},"content":{"rendered":"<div class=\"fusion-text fusion-text-1\">\n<h3 data-start=\"87\" data-end=\"117\"><strong data-start=\"91\" data-end=\"115\">Tulemused ja eelised<\/strong><\/h3>\n<p data-start=\"118\" data-end=\"252\">Seosed soolestiku tervise ja erinevate kehas\u00fcsteemide vahel pakuvad terviklikku l\u00e4henemist heaolule, mis ulatub kaugemale seedimisest:<\/p>\n<hr data-start=\"254\" data-end=\"257\" \/>\n<p data-start=\"259\" data-end=\"690\"><strong data-start=\"259\" data-end=\"285\">1. Kestlik kaalulangus<\/strong><br data-start=\"285\" data-end=\"288\" \/><strong data-start=\"288\" data-end=\"326\">Soolestiku ja immuuns\u00fcsteemi telg:<\/strong> Tasakaalus soole mikrobioota reguleerib n\u00e4lja- ja t\u00e4isk\u00f5hutunde hormoone nagu greliin ja leptiin, v\u00e4hendab isusid suhkru- ja rasvarikaste toitude j\u00e4rele ning parandab rasva ainevahetust. Samuti toetab see tugevat immuuns\u00fcsteemi, v\u00e4hendades kroonilist p\u00f5letikku, mis on seotud \u00fclekaaluga. See topeltm\u00f5ju toetab kestlikku kaalulangust ja l\u00f5petab jojo-dieedi ts\u00fckli.<\/p>\n<hr data-start=\"692\" data-end=\"695\" \/>\n<p data-start=\"697\" data-end=\"992\"><strong data-start=\"697\" data-end=\"735\">2. Tugevam vaimne selgus ja heaolu<\/strong><br data-start=\"735\" data-end=\"738\" \/><strong data-start=\"738\" data-end=\"765\">Soolestiku ja aju telg:<\/strong> Peen soolestiku ja aju vaheline \u00fchendus m\u00f5jutab oluliselt vaimset tervist. Hea soolestiku seisund parandab aju funktsioone, v\u00e4hendab stressi, \u00e4revuse ja depressiooni s\u00fcmptomeid ning toetab m\u00e4lufunktsioone ja keskendumisv\u00f5imet.<\/p>\n<hr data-start=\"994\" data-end=\"997\" \/>\n<p data-start=\"999\" data-end=\"1223\"><strong data-start=\"999\" data-end=\"1015\">3. Parem uni<\/strong><br data-start=\"1015\" data-end=\"1018\" \/><strong data-start=\"1018\" data-end=\"1045\">Soolestiku ja aju telg:<\/strong> Soole mikrobioota m\u00e4ngib v\u00f5tmerolli melatoniini tootmises, mis reguleerib unets\u00fcklit. Terve soolestik parandab une kvaliteeti, mis omakorda t\u00f5stab energiataset ja \u00fcldist heaolu.<\/p>\n<hr data-start=\"1225\" data-end=\"1228\" \/>\n<p data-start=\"1230\" data-end=\"1517\"><strong data-start=\"1230\" data-end=\"1268\">4. S\u00e4rav nahk ja tugevamad juuksed<\/strong><br data-start=\"1268\" data-end=\"1271\" \/><strong data-start=\"1271\" data-end=\"1299\">Soolestiku ja naha telg:<\/strong> Soolestik m\u00f5jutab naha ja juuste tervist, toetades immuuns\u00fcsteemi ja tootes toitaineid, mis tugevdavad naha kaitsebarj\u00e4\u00e4ri ja niisutust. Tulemuseks on v\u00e4henenud p\u00f5letik, v\u00e4hem vistrikke ja eluj\u00f5ulisem nahk ja juuksed.<\/p>\n<hr data-start=\"1519\" data-end=\"1522\" \/>\n<p data-start=\"1524\" data-end=\"1842\"><strong data-start=\"1524\" data-end=\"1559\">5. Nooruslikum v\u00e4limus ja tunne<\/strong><br data-start=\"1559\" data-end=\"1562\" \/><strong data-start=\"1562\" data-end=\"1600\">Soolestiku ja immuuns\u00fcsteemi telg:<\/strong> Tugev soolestiku mikrobioota toetab immuuns\u00fcsteemi, mis on oluline rakkude uuenemiseks ja taastumiseks. See v\u00f5itleb p\u00f5letikuga ja varustab rakke oluliste toitainetega, aidates aeglustada vananemisprotsessi ja toetades nooruslikumat v\u00e4limust.<\/p>\n<hr data-start=\"1844\" data-end=\"1847\" \/>\n<p data-start=\"1849\" data-end=\"2311\"><strong data-start=\"1849\" data-end=\"1898\">6. J\u00e4tkusuutlik energia ja f\u00fc\u00fcsiline v\u00f5imekus<\/strong><br data-start=\"1898\" data-end=\"1901\" \/><strong data-start=\"1901\" data-end=\"1938\">Soolestiku-ajutreeningu s\u00fcnergia:<\/strong> Terve soolestiku mikrobioom toetab energiavahetust ja stabiilsust, mis on oluline vastupidavuseks ja k\u00f5rge intensiivsusega soorituseks. See parandab toitainete omastamist ja l\u00fchikese ahelaga rasvhapete tootmist, toetab lihaste taastumist, l\u00fchendab taastumisaega ning reguleerib neurotransmittereid nagu serotoniin ja dopamiin, pakkudes p\u00fcsivat energiat ja vaimset erksust.<\/p>\n<hr data-start=\"2313\" data-end=\"2316\" \/>\n<p data-start=\"2318\" data-end=\"2558\"><strong data-start=\"2318\" data-end=\"2329\">M\u00c4RKUS:<\/strong> Tulemused v\u00f5ivad individuaalselt erineda.<br data-start=\"2371\" data-end=\"2374\" \/>Nagu me k\u00f5ik teame, toimib iga keha erinevalt. Tulemustele v\u00f5ivad m\u00f5ju avaldada vanus, sugu, ainevahetuse kiirus, aktiivsustase ja tervislik seisund, samuti programmi j\u00e4rgimise t\u00e4psus.<\/p>\n<\/div>\n","protected":false},"excerpt":{"rendered":"<p data-start=\"82\" data-end=\"354\"><strong data-start=\"82\" data-end=\"354\">Taasta oma keha tasakaal selle 21-p\u00e4evase meditsiinilise tasemega rakutasandil toimiva isetegemise (DIY) detox-programmiga, mis on loodud eemaldama toksilisi soolemetaboliite \u2013 varjatud s\u00fc\u00fcdlasi kaalut\u00f5usu, kiirenenud vananemise ja krooniliste terviseprobleemide taga.<\/strong><\/p>\n<p data-start=\"356\" data-end=\"521\">Ainult puhastunud keha suudab aktiveerida oma enesetervendamise v\u00f5ime, et terveneda, p\u00f5letada rasva, parandada und, taastada nooruslik eluj\u00f5ud ja saavutada tasakaal.<\/p>\n<hr data-start=\"523\" data-end=\"526\" \/>\n<p data-start=\"528\" data-end=\"570\"><strong data-start=\"528\" data-end=\"570\">I. UPGRADERS\u00ae meetodi juhend sisaldab:<\/strong><\/p>\n<ul data-start=\"572\" data-end=\"878\">\n<li data-start=\"572\" data-end=\"638\">\n<p data-start=\"574\" data-end=\"638\">Kliiniliselt t\u00f5estatud detox- ja vahelduva paastumise programm<\/p>\n<\/li>\n<li data-start=\"639\" data-end=\"742\">\n<p data-start=\"641\" data-end=\"742\">21-p\u00e4evane terapeutiline toitumiskava retseptidega (maksimaalselt 5 koostisosa, valmis 10 minutiga)<\/p>\n<\/li>\n<li data-start=\"743\" data-end=\"804\">\n<p data-start=\"745\" data-end=\"804\">Kiired ja lihtsad p\u00f5letikuvastased BALANCE elustiilinipid<\/p>\n<\/li>\n<li data-start=\"805\" data-end=\"878\">\n<p data-start=\"807\" data-end=\"878\">pH-testrid keha happe-leelis tasakaalu j\u00e4lgimiseks ja optimeerimiseks<\/p>\n<\/li>\n<\/ul>\n<hr data-start=\"880\" data-end=\"883\" \/>\n<p data-start=\"885\" data-end=\"1129\"><strong data-start=\"885\" data-end=\"952\">II. 5 v\u00f5imsat, 100% looduslikku s\u00fcnergilist toidulisandite segu<\/strong>, mis on professionaalselt koostatud Alpides maailma tunnustatud mikrobioomieksperdi <strong data-start=\"1037\" data-end=\"1064\">dr Henning Sartori, PhD<\/strong> poolt \u2013 eesm\u00e4rgiga taastada ainevahetuse tasakaal ja rakutervis:<\/p>\n<ul data-start=\"1131\" data-end=\"1508\">\n<li data-start=\"1131\" data-end=\"1192\">\n<p data-start=\"1133\" data-end=\"1192\"><strong data-start=\"1133\" data-end=\"1155\">Magneesiumtsitraat<\/strong> \u2013 toetab seedimist ja l\u00f5\u00f5gastumist<\/p>\n<\/li>\n<li data-start=\"1193\" data-end=\"1258\">\n<p data-start=\"1195\" data-end=\"1258\"><strong data-start=\"1195\" data-end=\"1215\">Aluseline pulber<\/strong> \u2013 tasakaalustab pH ja v\u00e4hendab happesust<\/p>\n<\/li>\n<li data-start=\"1259\" data-end=\"1336\">\n<p data-start=\"1261\" data-end=\"1336\"><strong data-start=\"1261\" data-end=\"1286\">M\u00f5ruained ja ens\u00fc\u00fcmid<\/strong> \u2013 parandavad seedimist ja toitainete imendumist<\/p>\n<\/li>\n<li data-start=\"1337\" data-end=\"1409\">\n<p data-start=\"1339\" data-end=\"1409\"><strong data-start=\"1339\" data-end=\"1358\">Multivitamiinid<\/strong> \u2013 olulised toitained energia ja immuunsuse jaoks<\/p>\n<\/li>\n<li data-start=\"1410\" data-end=\"1508\">\n<p data-start=\"1412\" data-end=\"1508\"><strong data-start=\"1412\" data-end=\"1448\">Prebiootikumid ja probiootikumid<\/strong> \u2013 taastavad soolestiku tasakaalu ja tugevdavad immuunsust<\/p>\n<\/li>\n<\/ul>\n<p data-start=\"1510\" data-end=\"1592\">Liitu <strong data-start=\"1516\" data-end=\"1573\">21-p\u00e4evase Tervise Uuendamise V\u00e4ljakutsega juba t\u00e4na!<\/strong><\/p>\n","protected":false},"featured_media":94061,"template":"","meta":[],"product_brand":[],"product_cat":[423],"product_tag":[],"class_list":{"0":"post-93928","1":"product","2":"type-product","3":"status-publish","4":"has-post-thumbnail","6":"product_cat-uudis","8":"first","9":"instock","10":"sale","11":"taxable","12":"shipping-taxable","13":"purchasable","14":"product-type-simple"},"yoast_head":"<!-- This site is optimized with the Yoast SEO plugin v27.0 - https:\/\/yoast.com\/product\/yoast-seo-wordpress\/ -->\n<title>21-p\u00e4evane kodune tervise ja ilu detokspakett - Loodus BioSpa<\/title>\n<meta name=\"robots\" content=\"noindex, follow, max-snippet:-1, max-image-preview:large, max-video-preview:-1\" \/>\n<meta property=\"og:locale\" content=\"et_EE\" \/>\n<meta property=\"og:type\" content=\"article\" \/>\n<meta property=\"og:title\" content=\"21-p\u00e4evane kodune tervise ja ilu detokspakett - Loodus BioSpa\" \/>\n<meta property=\"og:description\" content=\"Taasta oma keha tasakaal selle 21-p\u00e4evase meditsiinilise tasemega rakutasandil toimiva isetegemise (DIY) detox-programmiga, mis on loodud eemaldama toksilisi soolemetaboliite \u2013 varjatud s\u00fc\u00fcdlasi kaalut\u00f5usu, kiirenenud vananemise ja krooniliste terviseprobleemide taga. Ainult puhastunud keha suudab aktiveerida oma enesetervendamise v\u00f5ime, et terveneda, p\u00f5letada rasva, parandada und, taastada nooruslik eluj\u00f5ud ja saavutada tasakaal.    I. UPGRADERS\u00ae meetodi juhend sisaldab:     Kliiniliselt t\u00f5estatud detox- ja vahelduva paastumise programm    21-p\u00e4evane terapeutiline toitumiskava retseptidega (maksimaalselt 5 koostisosa, valmis 10 minutiga)    Kiired ja lihtsad p\u00f5letikuvastased BALANCE elustiilinipid    pH-testrid keha happe-leelis tasakaalu j\u00e4lgimiseks ja optimeerimiseks     II. 5 v\u00f5imsat, 100% looduslikku s\u00fcnergilist toidulisandite segu, mis on professionaalselt koostatud Alpides maailma tunnustatud mikrobioomieksperdi dr Henning Sartori, PhD poolt \u2013 eesm\u00e4rgiga taastada ainevahetuse tasakaal ja rakutervis:     Magneesiumtsitraat \u2013 toetab seedimist ja l\u00f5\u00f5gastumist    Aluseline pulber \u2013 tasakaalustab pH ja v\u00e4hendab happesust    M\u00f5ruained ja ens\u00fc\u00fcmid \u2013 parandavad seedimist ja toitainete imendumist    Multivitamiinid \u2013 olulised toitained energia ja immuunsuse jaoks    Prebiootikumid ja probiootikumid \u2013 taastavad soolestiku tasakaalu ja tugevdavad immuunsust   Liitu 21-p\u00e4evase Tervise Uuendamise V\u00e4ljakutsega juba t\u00e4na!\" \/>\n<meta property=\"og:url\" content=\"https:\/\/biospa.ee\/fl2025\/toode\/21-paevane-kodune-tervise-ja-ilu-detokspakett\/\" \/>\n<meta property=\"og:site_name\" content=\"Loodus BioSpa\" \/>\n<meta property=\"article:publisher\" content=\"https:\/\/www.facebook.com\/LoodusBioSpa\/\" \/>\n<meta property=\"article:modified_time\" content=\"2026-04-14T12:20:46+00:00\" \/>\n<meta property=\"og:image\" content=\"https:\/\/biospa.ee\/fl2025\/wp-content\/uploads\/2025\/07\/21day-set-English-1-scaled.jpg\" \/>\n\t<meta property=\"og:image:width\" content=\"2560\" \/>\n\t<meta property=\"og:image:height\" content=\"2560\" \/>\n\t<meta property=\"og:image:type\" content=\"image\/jpeg\" \/>\n<meta name=\"twitter:card\" content=\"summary_large_image\" \/>\n<meta name=\"twitter:label1\" content=\"Est. reading time\" \/>\n\t<meta name=\"twitter:data1\" content=\"2 minutit\" \/>\n<script type=\"application\/ld+json\" class=\"yoast-schema-graph\">{\"@context\":\"https:\/\/schema.org\",\"@graph\":[{\"@type\":\"WebPage\",\"@id\":\"https:\/\/biospa.ee\/fl2025\/toode\/21-paevane-kodune-tervise-ja-ilu-detokspakett\/\",\"url\":\"https:\/\/biospa.ee\/fl2025\/toode\/21-paevane-kodune-tervise-ja-ilu-detokspakett\/\",\"name\":\"21-p\u00e4evane kodune tervise ja ilu detokspakett - Loodus BioSpa\",\"isPartOf\":{\"@id\":\"https:\/\/biospa.ee\/fl2025\/#website\"},\"primaryImageOfPage\":{\"@id\":\"https:\/\/biospa.ee\/fl2025\/toode\/21-paevane-kodune-tervise-ja-ilu-detokspakett\/#primaryimage\"},\"image\":{\"@id\":\"https:\/\/biospa.ee\/fl2025\/toode\/21-paevane-kodune-tervise-ja-ilu-detokspakett\/#primaryimage\"},\"thumbnailUrl\":\"https:\/\/biospa.ee\/fl2025\/wp-content\/uploads\/2025\/07\/21day-set-English-1-scaled.jpg\",\"datePublished\":\"2025-07-07T09:50:33+00:00\",\"dateModified\":\"2026-04-14T12:20:46+00:00\",\"breadcrumb\":{\"@id\":\"https:\/\/biospa.ee\/fl2025\/toode\/21-paevane-kodune-tervise-ja-ilu-detokspakett\/#breadcrumb\"},\"inLanguage\":\"et\",\"potentialAction\":[{\"@type\":\"ReadAction\",\"target\":[\"https:\/\/biospa.ee\/fl2025\/toode\/21-paevane-kodune-tervise-ja-ilu-detokspakett\/\"]}]},{\"@type\":\"ImageObject\",\"inLanguage\":\"et\",\"@id\":\"https:\/\/biospa.ee\/fl2025\/toode\/21-paevane-kodune-tervise-ja-ilu-detokspakett\/#primaryimage\",\"url\":\"https:\/\/biospa.ee\/fl2025\/wp-content\/uploads\/2025\/07\/21day-set-English-1-scaled.jpg\",\"contentUrl\":\"https:\/\/biospa.ee\/fl2025\/wp-content\/uploads\/2025\/07\/21day-set-English-1-scaled.jpg\",\"width\":2560,\"height\":2560},{\"@type\":\"BreadcrumbList\",\"@id\":\"https:\/\/biospa.ee\/fl2025\/toode\/21-paevane-kodune-tervise-ja-ilu-detokspakett\/#breadcrumb\",\"itemListElement\":[{\"@type\":\"ListItem\",\"position\":1,\"name\":\"Home\",\"item\":\"https:\/\/biospa.ee\/fl2025\/\"},{\"@type\":\"ListItem\",\"position\":2,\"name\":\"Pood\",\"item\":\"https:\/\/biospa.ee\/fl2025\/pood\/\"},{\"@type\":\"ListItem\",\"position\":3,\"name\":\"21-p\u00e4evane kodune tervise ja ilu detokspakett\"}]},{\"@type\":\"WebSite\",\"@id\":\"https:\/\/biospa.ee\/fl2025\/#website\",\"url\":\"https:\/\/biospa.ee\/fl2025\/\",\"name\":\"Loodus BioSpa\",\"description\":\"Loodus BioSpa\",\"publisher\":{\"@id\":\"https:\/\/biospa.ee\/fl2025\/#organization\"},\"potentialAction\":[{\"@type\":\"SearchAction\",\"target\":{\"@type\":\"EntryPoint\",\"urlTemplate\":\"https:\/\/biospa.ee\/fl2025\/?s={search_term_string}\"},\"query-input\":{\"@type\":\"PropertyValueSpecification\",\"valueRequired\":true,\"valueName\":\"search_term_string\"}}],\"inLanguage\":\"et\"},{\"@type\":\"Organization\",\"@id\":\"https:\/\/biospa.ee\/fl2025\/#organization\",\"name\":\"Tesmasan O\u00dc\",\"url\":\"https:\/\/biospa.ee\/fl2025\/\",\"logo\":{\"@type\":\"ImageObject\",\"inLanguage\":\"et\",\"@id\":\"https:\/\/biospa.ee\/fl2025\/#\/schema\/logo\/image\/\",\"url\":\"https:\/\/biospa.ee\/fl2025\/wp-content\/uploads\/2025\/11\/BioSpa-loggo-est.png\",\"contentUrl\":\"https:\/\/biospa.ee\/fl2025\/wp-content\/uploads\/2025\/11\/BioSpa-loggo-est.png\",\"width\":842,\"height\":595,\"caption\":\"Tesmasan O\u00dc\"},\"image\":{\"@id\":\"https:\/\/biospa.ee\/fl2025\/#\/schema\/logo\/image\/\"},\"sameAs\":[\"https:\/\/www.facebook.com\/LoodusBioSpa\/\",\"https:\/\/www.instagram.com\/loodusbiospa\/\"]}]}<\/script>\n<!-- \/ Yoast SEO plugin. -->","yoast_head_json":{"title":"21-p\u00e4evane kodune tervise ja ilu detokspakett - Loodus BioSpa","robots":{"index":"noindex","follow":"follow","max-snippet":"max-snippet:-1","max-image-preview":"max-image-preview:large","max-video-preview":"max-video-preview:-1"},"og_locale":"et_EE","og_type":"article","og_title":"21-p\u00e4evane kodune tervise ja ilu detokspakett - Loodus BioSpa","og_description":"Taasta oma keha tasakaal selle 21-p\u00e4evase meditsiinilise tasemega rakutasandil toimiva isetegemise (DIY) detox-programmiga, mis on loodud eemaldama toksilisi soolemetaboliite \u2013 varjatud s\u00fc\u00fcdlasi kaalut\u00f5usu, kiirenenud vananemise ja krooniliste terviseprobleemide taga. Ainult puhastunud keha suudab aktiveerida oma enesetervendamise v\u00f5ime, et terveneda, p\u00f5letada rasva, parandada und, taastada nooruslik eluj\u00f5ud ja saavutada tasakaal.    I. UPGRADERS\u00ae meetodi juhend sisaldab:     Kliiniliselt t\u00f5estatud detox- ja vahelduva paastumise programm    21-p\u00e4evane terapeutiline toitumiskava retseptidega (maksimaalselt 5 koostisosa, valmis 10 minutiga)    Kiired ja lihtsad p\u00f5letikuvastased BALANCE elustiilinipid    pH-testrid keha happe-leelis tasakaalu j\u00e4lgimiseks ja optimeerimiseks     II. 5 v\u00f5imsat, 100% looduslikku s\u00fcnergilist toidulisandite segu, mis on professionaalselt koostatud Alpides maailma tunnustatud mikrobioomieksperdi dr Henning Sartori, PhD poolt \u2013 eesm\u00e4rgiga taastada ainevahetuse tasakaal ja rakutervis:     Magneesiumtsitraat \u2013 toetab seedimist ja l\u00f5\u00f5gastumist    Aluseline pulber \u2013 tasakaalustab pH ja v\u00e4hendab happesust    M\u00f5ruained ja ens\u00fc\u00fcmid \u2013 parandavad seedimist ja toitainete imendumist    Multivitamiinid \u2013 olulised toitained energia ja immuunsuse jaoks    Prebiootikumid ja probiootikumid \u2013 taastavad soolestiku tasakaalu ja tugevdavad immuunsust   Liitu 21-p\u00e4evase Tervise Uuendamise V\u00e4ljakutsega juba t\u00e4na!","og_url":"https:\/\/biospa.ee\/fl2025\/toode\/21-paevane-kodune-tervise-ja-ilu-detokspakett\/","og_site_name":"Loodus BioSpa","article_publisher":"https:\/\/www.facebook.com\/LoodusBioSpa\/","article_modified_time":"2026-04-14T12:20:46+00:00","og_image":[{"width":2560,"height":2560,"url":"https:\/\/biospa.ee\/fl2025\/wp-content\/uploads\/2025\/07\/21day-set-English-1-scaled.jpg","type":"image\/jpeg"}],"twitter_card":"summary_large_image","twitter_misc":{"Est. reading time":"2 minutit"},"schema":{"@context":"https:\/\/schema.org","@graph":[{"@type":"WebPage","@id":"https:\/\/biospa.ee\/fl2025\/toode\/21-paevane-kodune-tervise-ja-ilu-detokspakett\/","url":"https:\/\/biospa.ee\/fl2025\/toode\/21-paevane-kodune-tervise-ja-ilu-detokspakett\/","name":"21-p\u00e4evane kodune tervise ja ilu detokspakett - Loodus BioSpa","isPartOf":{"@id":"https:\/\/biospa.ee\/fl2025\/#website"},"primaryImageOfPage":{"@id":"https:\/\/biospa.ee\/fl2025\/toode\/21-paevane-kodune-tervise-ja-ilu-detokspakett\/#primaryimage"},"image":{"@id":"https:\/\/biospa.ee\/fl2025\/toode\/21-paevane-kodune-tervise-ja-ilu-detokspakett\/#primaryimage"},"thumbnailUrl":"https:\/\/biospa.ee\/fl2025\/wp-content\/uploads\/2025\/07\/21day-set-English-1-scaled.jpg","datePublished":"2025-07-07T09:50:33+00:00","dateModified":"2026-04-14T12:20:46+00:00","breadcrumb":{"@id":"https:\/\/biospa.ee\/fl2025\/toode\/21-paevane-kodune-tervise-ja-ilu-detokspakett\/#breadcrumb"},"inLanguage":"et","potentialAction":[{"@type":"ReadAction","target":["https:\/\/biospa.ee\/fl2025\/toode\/21-paevane-kodune-tervise-ja-ilu-detokspakett\/"]}]},{"@type":"ImageObject","inLanguage":"et","@id":"https:\/\/biospa.ee\/fl2025\/toode\/21-paevane-kodune-tervise-ja-ilu-detokspakett\/#primaryimage","url":"https:\/\/biospa.ee\/fl2025\/wp-content\/uploads\/2025\/07\/21day-set-English-1-scaled.jpg","contentUrl":"https:\/\/biospa.ee\/fl2025\/wp-content\/uploads\/2025\/07\/21day-set-English-1-scaled.jpg","width":2560,"height":2560},{"@type":"BreadcrumbList","@id":"https:\/\/biospa.ee\/fl2025\/toode\/21-paevane-kodune-tervise-ja-ilu-detokspakett\/#breadcrumb","itemListElement":[{"@type":"ListItem","position":1,"name":"Home","item":"https:\/\/biospa.ee\/fl2025\/"},{"@type":"ListItem","position":2,"name":"Pood","item":"https:\/\/biospa.ee\/fl2025\/pood\/"},{"@type":"ListItem","position":3,"name":"21-p\u00e4evane kodune tervise ja ilu detokspakett"}]},{"@type":"WebSite","@id":"https:\/\/biospa.ee\/fl2025\/#website","url":"https:\/\/biospa.ee\/fl2025\/","name":"Loodus BioSpa","description":"Loodus BioSpa","publisher":{"@id":"https:\/\/biospa.ee\/fl2025\/#organization"},"potentialAction":[{"@type":"SearchAction","target":{"@type":"EntryPoint","urlTemplate":"https:\/\/biospa.ee\/fl2025\/?s={search_term_string}"},"query-input":{"@type":"PropertyValueSpecification","valueRequired":true,"valueName":"search_term_string"}}],"inLanguage":"et"},{"@type":"Organization","@id":"https:\/\/biospa.ee\/fl2025\/#organization","name":"Tesmasan O\u00dc","url":"https:\/\/biospa.ee\/fl2025\/","logo":{"@type":"ImageObject","inLanguage":"et","@id":"https:\/\/biospa.ee\/fl2025\/#\/schema\/logo\/image\/","url":"https:\/\/biospa.ee\/fl2025\/wp-content\/uploads\/2025\/11\/BioSpa-loggo-est.png","contentUrl":"https:\/\/biospa.ee\/fl2025\/wp-content\/uploads\/2025\/11\/BioSpa-loggo-est.png","width":842,"height":595,"caption":"Tesmasan O\u00dc"},"image":{"@id":"https:\/\/biospa.ee\/fl2025\/#\/schema\/logo\/image\/"},"sameAs":["https:\/\/www.facebook.com\/LoodusBioSpa\/","https:\/\/www.instagram.com\/loodusbiospa\/"]}]}},"_links":{"self":[{"href":"https:\/\/biospa.ee\/fl2025\/wp-json\/wp\/v2\/product\/93928","targetHints":{"allow":["GET"]}}],"collection":[{"href":"https:\/\/biospa.ee\/fl2025\/wp-json\/wp\/v2\/product"}],"about":[{"href":"https:\/\/biospa.ee\/fl2025\/wp-json\/wp\/v2\/types\/product"}],"wp:featuredmedia":[{"embeddable":true,"href":"https:\/\/biospa.ee\/fl2025\/wp-json\/wp\/v2\/media\/94061"}],"wp:attachment":[{"href":"https:\/\/biospa.ee\/fl2025\/wp-json\/wp\/v2\/media?parent=93928"}],"wp:term":[{"taxonomy":"product_brand","embeddable":true,"href":"https:\/\/biospa.ee\/fl2025\/wp-json\/wp\/v2\/product_brand?post=93928"},{"taxonomy":"product_cat","embeddable":true,"href":"https:\/\/biospa.ee\/fl2025\/wp-json\/wp\/v2\/product_cat?post=93928"},{"taxonomy":"product_tag","embeddable":true,"href":"https:\/\/biospa.ee\/fl2025\/wp-json\/wp\/v2\/product_tag?post=93928"}],"curies":[{"name":"wp","href":"https:\/\/api.w.org\/{rel}","templated":true}]}}