{"id":94218,"date":"2025-08-12T15:02:26","date_gmt":"2025-08-12T12:02:26","guid":{"rendered":"https:\/\/biospa.ee\/?post_type=product&#038;p=94218"},"modified":"2026-04-06T13:18:14","modified_gmt":"2026-04-06T10:18:14","slug":"vitalbase-light-150-g","status":"publish","type":"product","link":"https:\/\/biospa.ee\/fl2025\/toode\/vitalbase-light-150-g\/","title":{"rendered":"Vitalbase Light  150 g"},"content":{"rendered":"<p data-start=\"88\" data-end=\"182\"><strong data-start=\"88\" data-end=\"182\">Dr. Stossieri j\u00e4rgi valmistatud aluseline segu \u2013 looduslik energia ja tasakaal sinu kehale<\/strong><\/p>\n<p data-start=\"184\" data-end=\"448\">Avasta energeetiliselt laetud aluseline segu, mis on v\u00e4lja t\u00f6\u00f6tatud spetsiaalselt suurenenud magneesiumivajadusega inimestele \u2013 sportlastele, aktiivset eluviisi harrastavatele inimestele ning k\u00f5igile, kes soovivad toetada oma keha loomulikku happe-aluse tasakaalu.<\/p>\n<p data-start=\"450\" data-end=\"589\">See erilise tootmisprotsessi k\u00e4igus energiaga rikastatud segu sisaldab v\u00e4\u00e4rtuslikke vitaal- ja mineraalaineid, sealhulgas magneesiumi, mis:<\/p>\n<ul data-start=\"590\" data-end=\"822\">\n<li data-start=\"590\" data-end=\"667\">\n<p data-start=\"592\" data-end=\"667\">aitab neutraliseerida ainevahetuse k\u00e4igus tekkivaid happelisi j\u00e4\u00e4kaineid,<\/p>\n<\/li>\n<li data-start=\"668\" data-end=\"725\">\n<p data-start=\"670\" data-end=\"725\">toetab lihaste ja n\u00e4rvis\u00fcsteemi normaalset talitlust,<\/p>\n<\/li>\n<li data-start=\"726\" data-end=\"761\">\n<p data-start=\"728\" data-end=\"761\">v\u00e4hendab v\u00e4simust ja kurnatust,<\/p>\n<\/li>\n<li data-start=\"762\" data-end=\"822\">\n<p data-start=\"764\" data-end=\"822\">aitab kehal kiiremini taastuda p\u00e4rast f\u00fc\u00fcsilist pingutust.<\/p>\n<\/li>\n<\/ul>\n<p data-start=\"824\" data-end=\"888\">Looduslik tugi Sinu heaolule \u2013 tasakaalusta oma keha seestpoolt!<\/p>\n","protected":false},"excerpt":{"rendered":"<p>Dr. Stossieri j\u00e4rgi valmistatud aluseline segu. Energiaga rikastatud erilise tootmisprotsessi<br \/>\nk\u00e4igus.<br \/>\nEnergeetiliselt laetud aluseline segu magneesiumiga sportlastele ja inimestele, kellel on suur<br \/>\nmagneesiumivajadus. Energeetiliselt laetud vitaal- ja mineraalained aitavad neutraliseerida<br \/>\nainevahetuse k\u00e4igus tekkivaid happeid.<\/p>\n","protected":false},"featured_media":97292,"template":"","meta":[],"product_brand":[],"product_cat":[423,263],"product_tag":[324],"class_list":{"0":"post-94218","1":"product","2":"type-product","3":"status-publish","4":"has-post-thumbnail","6":"product_cat-uudis","7":"product_cat-toidulisandid","8":"product_tag-antioksudant","10":"first","11":"instock","12":"taxable","13":"shipping-taxable","14":"purchasable","15":"product-type-simple"},"yoast_head":"<!-- This site is optimized with the Yoast SEO plugin v27.0 - https:\/\/yoast.com\/product\/yoast-seo-wordpress\/ -->\n<title>Vitalbase Light 150 g - Loodus BioSpa<\/title>\n<meta name=\"robots\" content=\"noindex, follow, max-snippet:-1, max-image-preview:large, max-video-preview:-1\" \/>\n<meta property=\"og:locale\" content=\"et_EE\" \/>\n<meta property=\"og:type\" content=\"article\" \/>\n<meta property=\"og:title\" content=\"Vitalbase Light 150 g - Loodus BioSpa\" \/>\n<meta property=\"og:description\" content=\"Dr. Stossieri j\u00e4rgi valmistatud aluseline segu. Energiaga rikastatud erilise tootmisprotsessi k\u00e4igus. Energeetiliselt laetud aluseline segu magneesiumiga sportlastele ja inimestele, kellel on suur magneesiumivajadus. Energeetiliselt laetud vitaal- ja mineraalained aitavad neutraliseerida ainevahetuse k\u00e4igus tekkivaid happeid.\" \/>\n<meta property=\"og:url\" content=\"https:\/\/biospa.ee\/fl2025\/toode\/vitalbase-light-150-g\/\" \/>\n<meta property=\"og:site_name\" content=\"Loodus BioSpa\" \/>\n<meta property=\"article:publisher\" content=\"https:\/\/www.facebook.com\/LoodusBioSpa\/\" \/>\n<meta property=\"article:modified_time\" content=\"2026-04-06T10:18:14+00:00\" \/>\n<meta property=\"og:image\" content=\"https:\/\/biospa.ee\/fl2025\/wp-content\/uploads\/2025\/08\/E-POOD-TOOTED-7.jpg\" \/>\n\t<meta property=\"og:image:width\" content=\"1080\" \/>\n\t<meta property=\"og:image:height\" content=\"1080\" \/>\n\t<meta property=\"og:image:type\" content=\"image\/jpeg\" \/>\n<meta name=\"twitter:card\" content=\"summary_large_image\" \/>\n<meta name=\"twitter:label1\" content=\"Est. reading time\" \/>\n\t<meta name=\"twitter:data1\" content=\"1 minut\" \/>\n<script type=\"application\/ld+json\" class=\"yoast-schema-graph\">{\"@context\":\"https:\/\/schema.org\",\"@graph\":[{\"@type\":\"WebPage\",\"@id\":\"https:\/\/biospa.ee\/fl2025\/toode\/vitalbase-light-150-g\/\",\"url\":\"https:\/\/biospa.ee\/fl2025\/toode\/vitalbase-light-150-g\/\",\"name\":\"Vitalbase Light 150 g - Loodus BioSpa\",\"isPartOf\":{\"@id\":\"https:\/\/biospa.ee\/fl2025\/#website\"},\"primaryImageOfPage\":{\"@id\":\"https:\/\/biospa.ee\/fl2025\/toode\/vitalbase-light-150-g\/#primaryimage\"},\"image\":{\"@id\":\"https:\/\/biospa.ee\/fl2025\/toode\/vitalbase-light-150-g\/#primaryimage\"},\"thumbnailUrl\":\"https:\/\/biospa.ee\/fl2025\/wp-content\/uploads\/2025\/08\/E-POOD-TOOTED-7.jpg\",\"datePublished\":\"2025-08-12T12:02:26+00:00\",\"dateModified\":\"2026-04-06T10:18:14+00:00\",\"breadcrumb\":{\"@id\":\"https:\/\/biospa.ee\/fl2025\/toode\/vitalbase-light-150-g\/#breadcrumb\"},\"inLanguage\":\"et\",\"potentialAction\":[{\"@type\":\"ReadAction\",\"target\":[\"https:\/\/biospa.ee\/fl2025\/toode\/vitalbase-light-150-g\/\"]}]},{\"@type\":\"ImageObject\",\"inLanguage\":\"et\",\"@id\":\"https:\/\/biospa.ee\/fl2025\/toode\/vitalbase-light-150-g\/#primaryimage\",\"url\":\"https:\/\/biospa.ee\/fl2025\/wp-content\/uploads\/2025\/08\/E-POOD-TOOTED-7.jpg\",\"contentUrl\":\"https:\/\/biospa.ee\/fl2025\/wp-content\/uploads\/2025\/08\/E-POOD-TOOTED-7.jpg\",\"width\":1080,\"height\":1080},{\"@type\":\"BreadcrumbList\",\"@id\":\"https:\/\/biospa.ee\/fl2025\/toode\/vitalbase-light-150-g\/#breadcrumb\",\"itemListElement\":[{\"@type\":\"ListItem\",\"position\":1,\"name\":\"Home\",\"item\":\"https:\/\/biospa.ee\/fl2025\/\"},{\"@type\":\"ListItem\",\"position\":2,\"name\":\"Pood\",\"item\":\"https:\/\/biospa.ee\/fl2025\/pood\/\"},{\"@type\":\"ListItem\",\"position\":3,\"name\":\"Vitalbase Light 150 g\"}]},{\"@type\":\"WebSite\",\"@id\":\"https:\/\/biospa.ee\/fl2025\/#website\",\"url\":\"https:\/\/biospa.ee\/fl2025\/\",\"name\":\"Loodus BioSpa\",\"description\":\"Loodus BioSpa\",\"publisher\":{\"@id\":\"https:\/\/biospa.ee\/fl2025\/#organization\"},\"potentialAction\":[{\"@type\":\"SearchAction\",\"target\":{\"@type\":\"EntryPoint\",\"urlTemplate\":\"https:\/\/biospa.ee\/fl2025\/?s={search_term_string}\"},\"query-input\":{\"@type\":\"PropertyValueSpecification\",\"valueRequired\":true,\"valueName\":\"search_term_string\"}}],\"inLanguage\":\"et\"},{\"@type\":\"Organization\",\"@id\":\"https:\/\/biospa.ee\/fl2025\/#organization\",\"name\":\"Tesmasan O\u00dc\",\"url\":\"https:\/\/biospa.ee\/fl2025\/\",\"logo\":{\"@type\":\"ImageObject\",\"inLanguage\":\"et\",\"@id\":\"https:\/\/biospa.ee\/fl2025\/#\/schema\/logo\/image\/\",\"url\":\"https:\/\/biospa.ee\/fl2025\/wp-content\/uploads\/2025\/11\/BioSpa-loggo-est.png\",\"contentUrl\":\"https:\/\/biospa.ee\/fl2025\/wp-content\/uploads\/2025\/11\/BioSpa-loggo-est.png\",\"width\":842,\"height\":595,\"caption\":\"Tesmasan O\u00dc\"},\"image\":{\"@id\":\"https:\/\/biospa.ee\/fl2025\/#\/schema\/logo\/image\/\"},\"sameAs\":[\"https:\/\/www.facebook.com\/LoodusBioSpa\/\",\"https:\/\/www.instagram.com\/loodusbiospa\/\"]}]}<\/script>\n<!-- \/ Yoast SEO plugin. -->","yoast_head_json":{"title":"Vitalbase Light 150 g - Loodus BioSpa","robots":{"index":"noindex","follow":"follow","max-snippet":"max-snippet:-1","max-image-preview":"max-image-preview:large","max-video-preview":"max-video-preview:-1"},"og_locale":"et_EE","og_type":"article","og_title":"Vitalbase Light 150 g - Loodus BioSpa","og_description":"Dr. Stossieri j\u00e4rgi valmistatud aluseline segu. Energiaga rikastatud erilise tootmisprotsessi k\u00e4igus. Energeetiliselt laetud aluseline segu magneesiumiga sportlastele ja inimestele, kellel on suur magneesiumivajadus. Energeetiliselt laetud vitaal- ja mineraalained aitavad neutraliseerida ainevahetuse k\u00e4igus tekkivaid happeid.","og_url":"https:\/\/biospa.ee\/fl2025\/toode\/vitalbase-light-150-g\/","og_site_name":"Loodus BioSpa","article_publisher":"https:\/\/www.facebook.com\/LoodusBioSpa\/","article_modified_time":"2026-04-06T10:18:14+00:00","og_image":[{"width":1080,"height":1080,"url":"https:\/\/biospa.ee\/fl2025\/wp-content\/uploads\/2025\/08\/E-POOD-TOOTED-7.jpg","type":"image\/jpeg"}],"twitter_card":"summary_large_image","twitter_misc":{"Est. reading time":"1 minut"},"schema":{"@context":"https:\/\/schema.org","@graph":[{"@type":"WebPage","@id":"https:\/\/biospa.ee\/fl2025\/toode\/vitalbase-light-150-g\/","url":"https:\/\/biospa.ee\/fl2025\/toode\/vitalbase-light-150-g\/","name":"Vitalbase Light 150 g - Loodus BioSpa","isPartOf":{"@id":"https:\/\/biospa.ee\/fl2025\/#website"},"primaryImageOfPage":{"@id":"https:\/\/biospa.ee\/fl2025\/toode\/vitalbase-light-150-g\/#primaryimage"},"image":{"@id":"https:\/\/biospa.ee\/fl2025\/toode\/vitalbase-light-150-g\/#primaryimage"},"thumbnailUrl":"https:\/\/biospa.ee\/fl2025\/wp-content\/uploads\/2025\/08\/E-POOD-TOOTED-7.jpg","datePublished":"2025-08-12T12:02:26+00:00","dateModified":"2026-04-06T10:18:14+00:00","breadcrumb":{"@id":"https:\/\/biospa.ee\/fl2025\/toode\/vitalbase-light-150-g\/#breadcrumb"},"inLanguage":"et","potentialAction":[{"@type":"ReadAction","target":["https:\/\/biospa.ee\/fl2025\/toode\/vitalbase-light-150-g\/"]}]},{"@type":"ImageObject","inLanguage":"et","@id":"https:\/\/biospa.ee\/fl2025\/toode\/vitalbase-light-150-g\/#primaryimage","url":"https:\/\/biospa.ee\/fl2025\/wp-content\/uploads\/2025\/08\/E-POOD-TOOTED-7.jpg","contentUrl":"https:\/\/biospa.ee\/fl2025\/wp-content\/uploads\/2025\/08\/E-POOD-TOOTED-7.jpg","width":1080,"height":1080},{"@type":"BreadcrumbList","@id":"https:\/\/biospa.ee\/fl2025\/toode\/vitalbase-light-150-g\/#breadcrumb","itemListElement":[{"@type":"ListItem","position":1,"name":"Home","item":"https:\/\/biospa.ee\/fl2025\/"},{"@type":"ListItem","position":2,"name":"Pood","item":"https:\/\/biospa.ee\/fl2025\/pood\/"},{"@type":"ListItem","position":3,"name":"Vitalbase Light 150 g"}]},{"@type":"WebSite","@id":"https:\/\/biospa.ee\/fl2025\/#website","url":"https:\/\/biospa.ee\/fl2025\/","name":"Loodus BioSpa","description":"Loodus BioSpa","publisher":{"@id":"https:\/\/biospa.ee\/fl2025\/#organization"},"potentialAction":[{"@type":"SearchAction","target":{"@type":"EntryPoint","urlTemplate":"https:\/\/biospa.ee\/fl2025\/?s={search_term_string}"},"query-input":{"@type":"PropertyValueSpecification","valueRequired":true,"valueName":"search_term_string"}}],"inLanguage":"et"},{"@type":"Organization","@id":"https:\/\/biospa.ee\/fl2025\/#organization","name":"Tesmasan O\u00dc","url":"https:\/\/biospa.ee\/fl2025\/","logo":{"@type":"ImageObject","inLanguage":"et","@id":"https:\/\/biospa.ee\/fl2025\/#\/schema\/logo\/image\/","url":"https:\/\/biospa.ee\/fl2025\/wp-content\/uploads\/2025\/11\/BioSpa-loggo-est.png","contentUrl":"https:\/\/biospa.ee\/fl2025\/wp-content\/uploads\/2025\/11\/BioSpa-loggo-est.png","width":842,"height":595,"caption":"Tesmasan O\u00dc"},"image":{"@id":"https:\/\/biospa.ee\/fl2025\/#\/schema\/logo\/image\/"},"sameAs":["https:\/\/www.facebook.com\/LoodusBioSpa\/","https:\/\/www.instagram.com\/loodusbiospa\/"]}]}},"_links":{"self":[{"href":"https:\/\/biospa.ee\/fl2025\/wp-json\/wp\/v2\/product\/94218","targetHints":{"allow":["GET"]}}],"collection":[{"href":"https:\/\/biospa.ee\/fl2025\/wp-json\/wp\/v2\/product"}],"about":[{"href":"https:\/\/biospa.ee\/fl2025\/wp-json\/wp\/v2\/types\/product"}],"wp:featuredmedia":[{"embeddable":true,"href":"https:\/\/biospa.ee\/fl2025\/wp-json\/wp\/v2\/media\/97292"}],"wp:attachment":[{"href":"https:\/\/biospa.ee\/fl2025\/wp-json\/wp\/v2\/media?parent=94218"}],"wp:term":[{"taxonomy":"product_brand","embeddable":true,"href":"https:\/\/biospa.ee\/fl2025\/wp-json\/wp\/v2\/product_brand?post=94218"},{"taxonomy":"product_cat","embeddable":true,"href":"https:\/\/biospa.ee\/fl2025\/wp-json\/wp\/v2\/product_cat?post=94218"},{"taxonomy":"product_tag","embeddable":true,"href":"https:\/\/biospa.ee\/fl2025\/wp-json\/wp\/v2\/product_tag?post=94218"}],"curies":[{"name":"wp","href":"https:\/\/api.w.org\/{rel}","templated":true}]}}