{"id":97723,"date":"2026-04-14T15:24:10","date_gmt":"2026-04-14T12:24:10","guid":{"rendered":"https:\/\/biospa.ee\/fl2025\/?post_type=product&#038;p=97723"},"modified":"2026-04-14T15:27:50","modified_gmt":"2026-04-14T12:27:50","slug":"upgraders-magneesiumtsitraat-pulber","status":"publish","type":"product","link":"https:\/\/biospa.ee\/fl2025\/toode\/upgraders-magneesiumtsitraat-pulber\/","title":{"rendered":"Upgraders Magneesiumtsitraat pulber"},"content":{"rendered":"<p data-start=\"100\" data-end=\"421\">\u00d5iges lahuses veega avaldab tugevat puhastavat m\u00f5ju soole limaskestale ja maksale, kui magneesiumipuudus on tasakaalustatud. Tsitraadisegu v\u00f5imaldab magneesiumi optimaalse imendumist ja biosaadavust, m\u00f5jutades samal ajal sooletransiiti ja soodustades \u00f5rna soole liikumist, mille m\u00f5ju s\u00f5ltub annusest.<\/p>\n","protected":false},"excerpt":{"rendered":"<p>See puhas, k\u00f5rge kontsentratsiooniga magneesium on oluline lihaste ja n\u00e4rvis\u00fcsteemi funktsiooni, energia ainevahetuse, elektrol\u00fc\u00fctide tasakaalu, s\u00fcdame tervise ja stressireaktisooni jaoks.<\/p>\n","protected":false},"featured_media":97707,"template":"","meta":[],"product_brand":[],"product_cat":[423,263],"product_tag":[],"class_list":{"0":"post-97723","1":"product","2":"type-product","3":"status-publish","4":"has-post-thumbnail","6":"product_cat-uudis","7":"product_cat-toidulisandid","9":"first","10":"instock","11":"taxable","12":"shipping-taxable","13":"purchasable","14":"product-type-simple"},"yoast_head":"<!-- This site is optimized with the Yoast SEO plugin v27.0 - https:\/\/yoast.com\/product\/yoast-seo-wordpress\/ -->\n<title>Upgraders Magneesiumtsitraat pulber - Loodus BioSpa<\/title>\n<meta name=\"robots\" content=\"noindex, follow, max-snippet:-1, max-image-preview:large, max-video-preview:-1\" \/>\n<meta property=\"og:locale\" content=\"et_EE\" \/>\n<meta property=\"og:type\" content=\"article\" \/>\n<meta property=\"og:title\" content=\"Upgraders Magneesiumtsitraat pulber - Loodus BioSpa\" \/>\n<meta property=\"og:description\" content=\"See puhas, k\u00f5rge kontsentratsiooniga magneesium on oluline lihaste ja n\u00e4rvis\u00fcsteemi funktsiooni, energia ainevahetuse, elektrol\u00fc\u00fctide tasakaalu, s\u00fcdame tervise ja stressireaktisooni jaoks.\" \/>\n<meta property=\"og:url\" content=\"https:\/\/biospa.ee\/fl2025\/toode\/upgraders-magneesiumtsitraat-pulber\/\" \/>\n<meta property=\"og:site_name\" content=\"Loodus BioSpa\" \/>\n<meta property=\"article:publisher\" content=\"https:\/\/www.facebook.com\/LoodusBioSpa\/\" \/>\n<meta property=\"article:modified_time\" content=\"2026-04-14T12:27:50+00:00\" \/>\n<meta property=\"og:image\" content=\"https:\/\/biospa.ee\/fl2025\/wp-content\/uploads\/2021\/12\/E-POOD-TOOTED-2-1.jpg\" \/>\n\t<meta property=\"og:image:width\" content=\"1080\" \/>\n\t<meta property=\"og:image:height\" content=\"1080\" \/>\n\t<meta property=\"og:image:type\" content=\"image\/jpeg\" \/>\n<meta name=\"twitter:card\" content=\"summary_large_image\" \/>\n<meta name=\"twitter:label1\" content=\"Est. reading time\" \/>\n\t<meta name=\"twitter:data1\" content=\"2 minutit\" \/>\n<script type=\"application\/ld+json\" class=\"yoast-schema-graph\">{\"@context\":\"https:\/\/schema.org\",\"@graph\":[{\"@type\":\"WebPage\",\"@id\":\"https:\/\/biospa.ee\/fl2025\/toode\/upgraders-magneesiumtsitraat-pulber\/\",\"url\":\"https:\/\/biospa.ee\/fl2025\/toode\/upgraders-magneesiumtsitraat-pulber\/\",\"name\":\"Upgraders Magneesiumtsitraat pulber - Loodus BioSpa\",\"isPartOf\":{\"@id\":\"https:\/\/biospa.ee\/fl2025\/#website\"},\"primaryImageOfPage\":{\"@id\":\"https:\/\/biospa.ee\/fl2025\/toode\/upgraders-magneesiumtsitraat-pulber\/#primaryimage\"},\"image\":{\"@id\":\"https:\/\/biospa.ee\/fl2025\/toode\/upgraders-magneesiumtsitraat-pulber\/#primaryimage\"},\"thumbnailUrl\":\"https:\/\/biospa.ee\/fl2025\/wp-content\/uploads\/2021\/12\/E-POOD-TOOTED-2-1.jpg\",\"datePublished\":\"2026-04-14T12:24:10+00:00\",\"dateModified\":\"2026-04-14T12:27:50+00:00\",\"breadcrumb\":{\"@id\":\"https:\/\/biospa.ee\/fl2025\/toode\/upgraders-magneesiumtsitraat-pulber\/#breadcrumb\"},\"inLanguage\":\"et\",\"potentialAction\":[{\"@type\":\"ReadAction\",\"target\":[\"https:\/\/biospa.ee\/fl2025\/toode\/upgraders-magneesiumtsitraat-pulber\/\"]}]},{\"@type\":\"ImageObject\",\"inLanguage\":\"et\",\"@id\":\"https:\/\/biospa.ee\/fl2025\/toode\/upgraders-magneesiumtsitraat-pulber\/#primaryimage\",\"url\":\"https:\/\/biospa.ee\/fl2025\/wp-content\/uploads\/2021\/12\/E-POOD-TOOTED-2-1.jpg\",\"contentUrl\":\"https:\/\/biospa.ee\/fl2025\/wp-content\/uploads\/2021\/12\/E-POOD-TOOTED-2-1.jpg\",\"width\":1080,\"height\":1080},{\"@type\":\"BreadcrumbList\",\"@id\":\"https:\/\/biospa.ee\/fl2025\/toode\/upgraders-magneesiumtsitraat-pulber\/#breadcrumb\",\"itemListElement\":[{\"@type\":\"ListItem\",\"position\":1,\"name\":\"Home\",\"item\":\"https:\/\/biospa.ee\/fl2025\/\"},{\"@type\":\"ListItem\",\"position\":2,\"name\":\"Pood\",\"item\":\"https:\/\/biospa.ee\/fl2025\/pood\/\"},{\"@type\":\"ListItem\",\"position\":3,\"name\":\"Upgraders Magneesiumtsitraat pulber\"}]},{\"@type\":\"WebSite\",\"@id\":\"https:\/\/biospa.ee\/fl2025\/#website\",\"url\":\"https:\/\/biospa.ee\/fl2025\/\",\"name\":\"Loodus BioSpa\",\"description\":\"Loodus BioSpa\",\"publisher\":{\"@id\":\"https:\/\/biospa.ee\/fl2025\/#organization\"},\"potentialAction\":[{\"@type\":\"SearchAction\",\"target\":{\"@type\":\"EntryPoint\",\"urlTemplate\":\"https:\/\/biospa.ee\/fl2025\/?s={search_term_string}\"},\"query-input\":{\"@type\":\"PropertyValueSpecification\",\"valueRequired\":true,\"valueName\":\"search_term_string\"}}],\"inLanguage\":\"et\"},{\"@type\":\"Organization\",\"@id\":\"https:\/\/biospa.ee\/fl2025\/#organization\",\"name\":\"Tesmasan O\u00dc\",\"url\":\"https:\/\/biospa.ee\/fl2025\/\",\"logo\":{\"@type\":\"ImageObject\",\"inLanguage\":\"et\",\"@id\":\"https:\/\/biospa.ee\/fl2025\/#\/schema\/logo\/image\/\",\"url\":\"https:\/\/biospa.ee\/fl2025\/wp-content\/uploads\/2025\/11\/BioSpa-loggo-est.png\",\"contentUrl\":\"https:\/\/biospa.ee\/fl2025\/wp-content\/uploads\/2025\/11\/BioSpa-loggo-est.png\",\"width\":842,\"height\":595,\"caption\":\"Tesmasan O\u00dc\"},\"image\":{\"@id\":\"https:\/\/biospa.ee\/fl2025\/#\/schema\/logo\/image\/\"},\"sameAs\":[\"https:\/\/www.facebook.com\/LoodusBioSpa\/\",\"https:\/\/www.instagram.com\/loodusbiospa\/\"]}]}<\/script>\n<!-- \/ Yoast SEO plugin. -->","yoast_head_json":{"title":"Upgraders Magneesiumtsitraat pulber - Loodus BioSpa","robots":{"index":"noindex","follow":"follow","max-snippet":"max-snippet:-1","max-image-preview":"max-image-preview:large","max-video-preview":"max-video-preview:-1"},"og_locale":"et_EE","og_type":"article","og_title":"Upgraders Magneesiumtsitraat pulber - Loodus BioSpa","og_description":"See puhas, k\u00f5rge kontsentratsiooniga magneesium on oluline lihaste ja n\u00e4rvis\u00fcsteemi funktsiooni, energia ainevahetuse, elektrol\u00fc\u00fctide tasakaalu, s\u00fcdame tervise ja stressireaktisooni jaoks.","og_url":"https:\/\/biospa.ee\/fl2025\/toode\/upgraders-magneesiumtsitraat-pulber\/","og_site_name":"Loodus BioSpa","article_publisher":"https:\/\/www.facebook.com\/LoodusBioSpa\/","article_modified_time":"2026-04-14T12:27:50+00:00","og_image":[{"width":1080,"height":1080,"url":"https:\/\/biospa.ee\/fl2025\/wp-content\/uploads\/2021\/12\/E-POOD-TOOTED-2-1.jpg","type":"image\/jpeg"}],"twitter_card":"summary_large_image","twitter_misc":{"Est. reading time":"2 minutit"},"schema":{"@context":"https:\/\/schema.org","@graph":[{"@type":"WebPage","@id":"https:\/\/biospa.ee\/fl2025\/toode\/upgraders-magneesiumtsitraat-pulber\/","url":"https:\/\/biospa.ee\/fl2025\/toode\/upgraders-magneesiumtsitraat-pulber\/","name":"Upgraders Magneesiumtsitraat pulber - Loodus BioSpa","isPartOf":{"@id":"https:\/\/biospa.ee\/fl2025\/#website"},"primaryImageOfPage":{"@id":"https:\/\/biospa.ee\/fl2025\/toode\/upgraders-magneesiumtsitraat-pulber\/#primaryimage"},"image":{"@id":"https:\/\/biospa.ee\/fl2025\/toode\/upgraders-magneesiumtsitraat-pulber\/#primaryimage"},"thumbnailUrl":"https:\/\/biospa.ee\/fl2025\/wp-content\/uploads\/2021\/12\/E-POOD-TOOTED-2-1.jpg","datePublished":"2026-04-14T12:24:10+00:00","dateModified":"2026-04-14T12:27:50+00:00","breadcrumb":{"@id":"https:\/\/biospa.ee\/fl2025\/toode\/upgraders-magneesiumtsitraat-pulber\/#breadcrumb"},"inLanguage":"et","potentialAction":[{"@type":"ReadAction","target":["https:\/\/biospa.ee\/fl2025\/toode\/upgraders-magneesiumtsitraat-pulber\/"]}]},{"@type":"ImageObject","inLanguage":"et","@id":"https:\/\/biospa.ee\/fl2025\/toode\/upgraders-magneesiumtsitraat-pulber\/#primaryimage","url":"https:\/\/biospa.ee\/fl2025\/wp-content\/uploads\/2021\/12\/E-POOD-TOOTED-2-1.jpg","contentUrl":"https:\/\/biospa.ee\/fl2025\/wp-content\/uploads\/2021\/12\/E-POOD-TOOTED-2-1.jpg","width":1080,"height":1080},{"@type":"BreadcrumbList","@id":"https:\/\/biospa.ee\/fl2025\/toode\/upgraders-magneesiumtsitraat-pulber\/#breadcrumb","itemListElement":[{"@type":"ListItem","position":1,"name":"Home","item":"https:\/\/biospa.ee\/fl2025\/"},{"@type":"ListItem","position":2,"name":"Pood","item":"https:\/\/biospa.ee\/fl2025\/pood\/"},{"@type":"ListItem","position":3,"name":"Upgraders Magneesiumtsitraat pulber"}]},{"@type":"WebSite","@id":"https:\/\/biospa.ee\/fl2025\/#website","url":"https:\/\/biospa.ee\/fl2025\/","name":"Loodus BioSpa","description":"Loodus BioSpa","publisher":{"@id":"https:\/\/biospa.ee\/fl2025\/#organization"},"potentialAction":[{"@type":"SearchAction","target":{"@type":"EntryPoint","urlTemplate":"https:\/\/biospa.ee\/fl2025\/?s={search_term_string}"},"query-input":{"@type":"PropertyValueSpecification","valueRequired":true,"valueName":"search_term_string"}}],"inLanguage":"et"},{"@type":"Organization","@id":"https:\/\/biospa.ee\/fl2025\/#organization","name":"Tesmasan O\u00dc","url":"https:\/\/biospa.ee\/fl2025\/","logo":{"@type":"ImageObject","inLanguage":"et","@id":"https:\/\/biospa.ee\/fl2025\/#\/schema\/logo\/image\/","url":"https:\/\/biospa.ee\/fl2025\/wp-content\/uploads\/2025\/11\/BioSpa-loggo-est.png","contentUrl":"https:\/\/biospa.ee\/fl2025\/wp-content\/uploads\/2025\/11\/BioSpa-loggo-est.png","width":842,"height":595,"caption":"Tesmasan O\u00dc"},"image":{"@id":"https:\/\/biospa.ee\/fl2025\/#\/schema\/logo\/image\/"},"sameAs":["https:\/\/www.facebook.com\/LoodusBioSpa\/","https:\/\/www.instagram.com\/loodusbiospa\/"]}]}},"_links":{"self":[{"href":"https:\/\/biospa.ee\/fl2025\/wp-json\/wp\/v2\/product\/97723","targetHints":{"allow":["GET"]}}],"collection":[{"href":"https:\/\/biospa.ee\/fl2025\/wp-json\/wp\/v2\/product"}],"about":[{"href":"https:\/\/biospa.ee\/fl2025\/wp-json\/wp\/v2\/types\/product"}],"wp:featuredmedia":[{"embeddable":true,"href":"https:\/\/biospa.ee\/fl2025\/wp-json\/wp\/v2\/media\/97707"}],"wp:attachment":[{"href":"https:\/\/biospa.ee\/fl2025\/wp-json\/wp\/v2\/media?parent=97723"}],"wp:term":[{"taxonomy":"product_brand","embeddable":true,"href":"https:\/\/biospa.ee\/fl2025\/wp-json\/wp\/v2\/product_brand?post=97723"},{"taxonomy":"product_cat","embeddable":true,"href":"https:\/\/biospa.ee\/fl2025\/wp-json\/wp\/v2\/product_cat?post=97723"},{"taxonomy":"product_tag","embeddable":true,"href":"https:\/\/biospa.ee\/fl2025\/wp-json\/wp\/v2\/product_tag?post=97723"}],"curies":[{"name":"wp","href":"https:\/\/api.w.org\/{rel}","templated":true}]}}