{"id":10626,"date":"2020-10-23T12:51:59","date_gmt":"2020-10-23T09:51:59","guid":{"rendered":"https:\/\/biospa.ee\/vanaveeb2026\/%d0%be%d1%81%d1%82%d0%b5%d0%be%d0%bf%d0%b0%d1%82%d0%b8%d1%8f\/"},"modified":"2025-02-18T12:53:08","modified_gmt":"2025-02-18T10:53:08","slug":"%d0%be%d1%81%d1%82%d0%b5%d0%be%d0%bf%d0%b0%d1%82%d0%b8%d1%8f","status":"publish","type":"page","link":"https:\/\/biospa.ee\/vanaveeb2026\/%d0%be%d1%81%d1%82%d0%b5%d0%be%d0%bf%d0%b0%d1%82%d0%b8%d1%8f\/?lang=ru","title":{"rendered":"\u041e\u0441\u0442\u0435\u043e\u043f\u0430\u0442\u0438\u044f"},"content":{"rendered":"<div class=\"fusion-fullwidth fullwidth-box fusion-builder-row-1 nonhundred-percent-fullwidth non-hundred-percent-height-scrolling\" style=\"--awb-border-radius-top-left:0px;--awb-border-radius-top-right:0px;--awb-border-radius-bottom-right:0px;--awb-border-radius-bottom-left:0px;--awb-flex-wrap:wrap;\" ><div class=\"fusion-builder-row fusion-row\"><div class=\"fusion-layout-column fusion_builder_column fusion-builder-column-0 fusion_builder_column_2_3 2_3 fusion-two-third fusion-column-first\" style=\"--awb-bg-color:#ffffff;--awb-bg-color-hover:#ffffff;--awb-bg-size:cover;width:66.6666666667%;width:calc(66.6666666667% - ( ( 4% ) * 0.666666666667 ) );margin-right: 4%;\"><div class=\"fusion-column-wrapper fusion-column-has-shadow fusion-flex-column-wrapper-legacy\"><div class=\"fusion-image-element fusion-image-align-center fusion-no-medium-visibility in-legacy-container\" style=\"text-align:center;--awb-max-width:;--awb-caption-title-font-family:var(--h2_typography-font-family);--awb-caption-title-font-weight:var(--h2_typography-font-weight);--awb-caption-title-font-style:var(--h2_typography-font-style);--awb-caption-title-size:var(--h2_typography-font-size);--awb-caption-title-transform:var(--h2_typography-text-transform);--awb-caption-title-line-height:var(--h2_typography-line-height);--awb-caption-title-letter-spacing:var(--h2_typography-letter-spacing);\"><div class=\"imageframe-align-center\"><span class=\" fusion-imageframe imageframe-dropshadow imageframe-1 hover-type-none\" style=\"-webkit-box-shadow: 3px 3px 7px rgba(0,0,0,0.3);box-shadow: 3px 3px 7px rgba(0,0,0,0.3);\"><a href=\"https:\/\/biospa.ee\/vanaveeb2026\/wp-content\/uploads\/2025\/02\/IMG_4014-225x300.jpeg\" class=\"fusion-lightbox\" data-rel=\"iLightbox[cbe1dc96a7859f1e41f]\" data-title=\"IMG_4014\" title=\"IMG_4014\"><img decoding=\"async\" width=\"225\" height=\"300\" src=\"https:\/\/biospa.ee\/vanaveeb2026\/wp-content\/uploads\/2025\/02\/IMG_4014-225x300.jpeg\" alt class=\"img-responsive wp-image-34606\" srcset=\"https:\/\/biospa.ee\/vanaveeb2026\/wp-content\/uploads\/2025\/02\/IMG_4014-200x267.jpeg 200w, https:\/\/biospa.ee\/vanaveeb2026\/wp-content\/uploads\/2025\/02\/IMG_4014-400x533.jpeg 400w, https:\/\/biospa.ee\/vanaveeb2026\/wp-content\/uploads\/2025\/02\/IMG_4014-600x800.jpeg 600w, https:\/\/biospa.ee\/vanaveeb2026\/wp-content\/uploads\/2025\/02\/IMG_4014-800x1067.jpeg 800w, https:\/\/biospa.ee\/vanaveeb2026\/wp-content\/uploads\/2025\/02\/IMG_4014-1200x1600.jpeg 1200w, https:\/\/biospa.ee\/vanaveeb2026\/wp-content\/uploads\/2025\/02\/IMG_4014-scaled.jpeg 1920w\" sizes=\"(max-width: 800px) 100vw, 1200px\" \/><\/a><\/span><\/div><\/div><div class=\"fusion-sep-clear\"><\/div><div class=\"fusion-separator fusion-full-width-sep\" style=\"margin-left: auto;margin-right: auto;margin-top:10px;width:100%;\"><\/div><div class=\"fusion-sep-clear\"><\/div><div class=\"fusion-text fusion-text-1\"><p>Alates jaanuarist 2024 pakub Biokliiniku ruumides osteopaatia teenust O\u00dc Bellaforte reg. nr 11974550. Teenust pakuvad \u00f5ppej\u00f5ud- osteopaat Maarika Sild ja tudeng- osteopaat Maia Paas. M. Sild \u00f5petab Osteopaatia Akadeemias strukturaalset ja funktsionaalset osteopaatiat. Osteopaatia teraapia on suunatud nii keha struktuurile kui ka keha funktsioonidele. Osteopaatia taastab Teie keha normaalse liikuvuse, koordinatsiooni ja r\u00fchi, mis omakorda eemaldab valu allika ning ennetab terviseh\u00e4ireid.<\/p>\n<p>Osteopaatia on manuaalne teraapia, mille eesm\u00e4rgiks on kehastruktuuri funktsionaalsuse taastamine (lihaste toonus, sidekoeliste struktuuride terviklikkus,mikrotsirkulatsioon, innervatsioon).<br \/>\nOsteopaat t\u00f6\u00f6tab manuaalselt (k\u00e4sitsi). Osteopaadi peamiseks eesm\u00e4rgiks on luude, lihaste ja sidemete seisundi hindamine ja \u00f5ige lihaste toonuse, \u00f5ige struktuuri, verevarustuse ja innervatsiooni tagamine.<br \/>\nOsteopaatia on manuaalne ravimeetod, mis sobib erinevate terviseprobleemide ja valude raviks.<\/p>\n<p>L\u00fclisamba kaelaosa h\u00e4ired: kaela-peavalu (migreen), pearinglus, l\u00f5ualiigese valu, \u00f5la-k\u00e4e valud (periartriit, periartroos, fibrom\u00fcalgia, karpaalkanali s\u00fcndroom), meeleelundite vaevused (kuulmise, n\u00e4gemise n\u00f5rgenemine).<\/p>\n<p>L\u00fclisamba rinnaosa h\u00e4ired: keskselja valu, valu rinnakus, roietevaheline n\u00e4rvivalu, siseelundite vaevused (kardioneuroos- valu s\u00fcdame piirkonnas, r\u00fctmih\u00e4ired).<\/p>\n<p>L\u00fclisamba nimmeosa h\u00e4ired: alaseljavalu, ishias, puusa-p\u00f5lve-p\u00f6ia piirkonna valu (tuimus, k\u00fclmatunne), pirnlihase s\u00fcndroom, \u00f5ndraluu valulikkus, siseelundite vaevused (menstruatsioonih\u00e4ired, k\u00f5hukinnisus).<\/p>\n<p>(Spordi) \u00fclekoormuss\u00fcndroomid \u2013 nn tennisisti ja golfim\u00e4ngija k\u00fc\u00fcnarnukk; muud samalaadsed k\u00f5\u00f5luste kinnituskohtade probleemid.<\/p>\n<p>Prof\u00fclaktiline ravi hoiab \u00e4ra hilisemad valud. Kui valu on kannatatud juba pikka aega, t\u00e4hendab see organismi appih\u00fc\u00fcdu, ja kui valust proovitakse vabaneda valuvaigistite abil, muutuvad s\u00fcmptomid veelgi t\u00f5sisemateks ja probleemid s\u00fcgavamateks. Eriti oluline on see, et patsient r\u00e4\u00e4giks ka kauges minevikus juhtunud traumadest ja vigastustest, sest ka lapsep\u00f5lves juhtunu m\u00f5jutab praegust tervislikku seisundit.<\/p>\n<\/div><div class=\"fusion-reading-box-container reading-box-container-1 fusion-no-large-visibility\" style=\"--awb-title-color:#472a2a;--awb-margin-top:0px;--awb-margin-bottom:84px;\"><div class=\"reading-box reading-box-center\" style=\"background-color:#f6f6f6;border-width:1px;border-color:#f6f6f6;border-left-width:3px;border-left-color:var(--primary_color);border-style:solid;\"><h2>\u041f\u0420\u0418\u0425\u041e\u0414\u0418\u0422\u0415 \u041d\u0410 \u041f\u0420\u0418\u0415\u041c<\/h2><div class=\"reading-box-description fusion-reading-box-additional\">\u041f\u0440\u0438\u0435\u043c \u043f\u0440\u0435\u043f\u043e\u0434\u0430\u0432\u0430\u0442\u0435\u043b\u044f-\u043e\u0441\u0442\u0435\u043e\u043f\u0430\u0442\u0430: \u0432\u0437\u0440\u043e\u0441\u043b\u044b\u0435 70.-\/\u0434\u0435\u0442\u0438 \u0434\u043e 12 \u043b\u0435\u0442 50.-\u0441\u0442\u0443\u0434\u0435\u043d\u0442\u0430-\u043e\u0441\u0442\u0435\u043e\u043f\u0430\u0442\u0430: \u0432\u0437\u0440\u043e\u0441\u043b\u044b\u0435 50.-<\/div><div class=\"fusion-clearfix\"><\/div><a class=\"button fusion-button button-default fusion-button-xlarge button-xlarge button-flat fusion-mobile-button continue-center\" style=\"-webkit-box-shadow:none;-moz-box-shadow:none;box-shadow:none;border-radius:10px 10px 10px 10px\" href=\"https:\/\/biospa.ee\/vanaveeb2026\/biokliinik\/%d0%ba%d0%be%d0%bd%d1%82%d0%b0%d0%ba%d1%82-2\/?lang=ru\" target=\"_blank\" rel=\"noopener noreferrer\"><span>\u260e \u0417\u0430\u043f\u0438\u0441\u0430\u0442\u044c\u0441\u044f \u043d\u0430 \u043f\u0440\u0438\u0435\u043c 53 47 15 32<\/span><\/a><\/div><\/div><div class=\"fusion-text fusion-text-2\" style=\"--awb-text-transform:none;\"><p>\u0427\u0435\u043c \u043e\u0441\u0442\u0435\u043e\u043f\u0430\u0442\u0438\u044f \u043e\u0442\u043b\u0438\u0447\u0430\u0435\u0442\u0441\u044f \u043e\u0442 \u0434\u0440\u0443\u0433\u0438\u0445 \u0441\u043f\u0435\u0446\u0438\u0430\u043b\u044c\u043d\u043e\u0441\u0442\u0435\u0439 \u043c\u0430\u043d\u0443\u0430\u043b\u044c\u043d\u043e\u0439 \u043c\u0435\u0434\u0438\u0446\u0438\u043d\u044b? \u0427\u0442\u043e \u0434\u0435\u043b\u0430\u0435\u0442 \u043e\u0441\u0442\u0435\u043e\u043f\u0430\u0442\u0438\u044e \u043e\u0441\u043e\u0431\u0435\u043d\u043d\u043e\u0439?<\/p>\n<p>\u0412 \u043e\u0431\u0449\u0438\u0445 \u0447\u0435\u0440\u0442\u0430\u0445 \u0434\u0438\u0430\u0433\u043d\u043e\u0441\u0442\u0438\u0447\u0435\u0441\u043a\u0430\u044f \u0438 \u043b\u0435\u0447\u0435\u0431\u043d\u0430\u044f \u043b\u043e\u0433\u0438\u043a\u0430 \u043e\u0441\u0442\u0435\u043e\u043f\u0430\u0442\u0438\u0438 \u0438 \u0434\u0440\u0443\u0433\u0438\u0445 \u0441\u043f\u0435\u0446\u0438\u0430\u043b\u044c\u043d\u043e\u0441\u0442\u0435\u0439 \u043c\u0430\u043d\u0443\u0430\u043b\u044c\u043d\u043e\u0439 \u043c\u0435\u0434\u0438\u0446\u0438\u043d\u044b, \u043e\u0441\u043d\u043e\u0432\u0430\u043d\u043d\u044b\u0445 \u043d\u0430 \u043c\u0430\u043d\u0443\u0430\u043b\u044c\u043d\u043e\u0439 \u0434\u0435\u044f\u0442\u0435\u043b\u044c\u043d\u043e\u0441\u0442\u0438, &#8211; \u043c\u0430\u043d\u0443\u0430\u043b\u044c\u043d\u043e\u0439 \u0442\u0435\u0440\u0430\u043f\u0438\u0438 \u0438 \u043c\u0430\u043d\u0443\u0430\u043b\u044c\u043d\u043e\u0439 \u0442\u0435\u0440\u0430\u043f\u0438\u0438 &#8211; \u0441\u0445\u043e\u0436\u0430. \u0422\u0435\u0445\u043d\u0438\u043a\u0438 \u0445\u0438\u0440\u043e\u043f\u0440\u0430\u043a\u0442\u0438\u043a\u0438 \u0441\u0430\u043c\u044b\u0435 \u0431\u044b\u0441\u0442\u0440\u044b\u0435 \u0438 \u043e\u0441\u0442\u0440\u044b\u0435, \u043c\u0435\u0442\u043e\u0434\u044b \u043e\u0441\u0442\u0435\u043e\u043f\u0430\u0442\u0438\u0438 \u2014 \u0441\u0430\u043c\u044b\u0435 \u0442\u043e\u043d\u043a\u0438\u0435, \u0434\u0435\u0442\u0430\u043b\u044c\u043d\u044b\u0435 \u0438 \u043d\u0430\u0438\u0431\u043e\u043b\u0435\u0435 \u0443\u0447\u0438\u0442\u044b\u0432\u0430\u044e\u0449\u0438\u0435 \u0441\u043b\u043e\u0436\u043d\u043e\u0441\u0442\u044c \u0438 \u0441\u0432\u044f\u0437\u0438 \u0447\u0435\u043b\u043e\u0432\u0435\u0447\u0435\u0441\u043a\u043e\u0433\u043e \u0442\u0435\u043b\u0430.<\/p>\n<p>\u0427\u0430\u0441\u0442\u043e\u0442\u0430: \u0438\u043d\u0442\u0435\u0440\u0432\u0430\u043b \u043c\u0435\u0436\u0434\u0443 \u043f\u0440\u043e\u0446\u0435\u0434\u0443\u0440\u0430\u043c\u0438 2-4 \u043d\u0435\u0434\u0435\u043b\u0438.<\/p>\n<p>\u041f\u0440\u043e\u0442\u0438\u0432\u043e\u043f\u043e\u043a\u0430\u0437\u0430\u043d\u0438\u044f \u043d\u0435\u043c\u043d\u043e\u0433\u043e\u0447\u0438\u0441\u043b\u0435\u043d\u043d\u044b \u0438 \u043e\u0442\u043d\u043e\u0441\u0438\u0442\u0435\u043b\u044c\u043d\u044b, \u0442.\u0435. \u0447\u0442\u043e \u043a \u043d\u0438\u043c \u0435\u0449\u0435 \u043c\u043e\u0436\u043d\u043e \u043f\u0440\u0438\u043c\u0435\u043d\u0438\u0442\u044c \u043e\u0441\u0442\u0435\u043e\u043f\u0430\u0442\u0438\u044e, \u0435\u0441\u043b\u0438 \u0443\u043c\u0435\u043b\u043e \u0438 \u043e\u0441\u0442\u043e\u0440\u043e\u0436\u043d\u043e \u0438\u0441\u043f\u043e\u043b\u044c\u0437\u043e\u0432\u0430\u0442\u044c \u043e\u043f\u0440\u0435\u0434\u0435\u043b\u0435\u043d\u043d\u044b\u0435 \u043c\u0435\u0442\u043e\u0434\u044b \u043b\u0435\u0447\u0435\u043d\u0438\u044f. \u0412\u0430\u0436\u043d\u0435\u0435: \u043e\u0441\u0442\u0440\u043e\u0435 \u0432\u043e\u0441\u043f\u0430\u043b\u0435\u043d\u0438\u0435, \u0434\u0435\u0441\u0442\u0440\u0443\u043a\u0446\u0438\u044f (\u043e\u043f\u0443\u0445\u043e\u043b\u044c, \u043c\u0435\u0442\u0430\u0441\u0442\u0430\u0437\u044b), \u0432\u044b\u0440\u0430\u0436\u0435\u043d\u043d\u044b\u0439 \u043e\u0441\u0442\u0435\u043e\u043f\u043e\u0440\u043e\u0437, \u0437\u043d\u0430\u0447\u0438\u0442\u0435\u043b\u044c\u043d\u0430\u044f \u0434\u0435\u0433\u0435\u043d\u0435\u0440\u0430\u0446\u0438\u044f, \u0434\u0435\u0444\u043e\u0440\u043c\u0430\u0446\u0438\u044f.<\/p>\n<\/div><div class=\"fusion-clearfix\"><\/div><\/div><\/div><div class=\"fusion-layout-column fusion_builder_column fusion-builder-column-1 fusion_builder_column_1_3 1_3 fusion-one-third fusion-column-last\" style=\"--awb-bg-size:cover;width:33.3333333333%;width:calc(33.3333333333% - ( ( 4% ) * 0.333333333333 ) );\"><div class=\"fusion-column-wrapper fusion-column-has-shadow fusion-flex-column-wrapper-legacy\"><div class=\"fusion-text fusion-text-3\"><p><strong>\u041e\u0441\u0442\u0435\u043e\u043f\u0430\u0442\u0438\u044f \u043f\u043e\u043c\u043e\u0433\u0430\u0435\u0442 \u043e\u0442 \u0431\u043e\u043b\u0438 \u0430 \u0442\u0430\u043a \u0436\u0435 \u0432\u043e \u0432\u0440\u0435\u043c\u044f \u0431\u0435\u0440\u0435\u043c\u0435\u043d\u043d\u043e\u0441\u0442\u0438<\/strong><\/p>\n<p>\u041e\u0441\u0442\u0435\u043e\u043f\u0430\u0442\u0438\u044f \u043b\u0435\u0447\u0438\u0442 \u0438 \u043f\u0440\u0435\u0434\u043e\u0442\u0432\u0440\u0430\u0449\u0430\u0435\u0442 \u0431\u043e\u043b\u044c, \u043e\u043d\u0435\u043c\u0435\u043d\u0438\u0435, \u0441\u043a\u043e\u0432\u0430\u043d\u043d\u043e\u0441\u0442\u044c \u0441\u0443\u0441\u0442\u0430\u0432\u043e\u0432 \u0438 \u043f\u043e\u0437\u0432\u043e\u043d\u043e\u0447\u043d\u0438\u043a\u0430, \u0430 \u0442\u0430\u043a \u0436\u0435 \u0434\u0435\u0444\u0435\u043a\u0442\u044b \u043e\u0441\u0430\u043d\u043a\u0438. \u041e\u0441\u0442\u0435\u043e\u043f\u0430\u0442\u0438\u044f \u043f\u043e\u0434\u0445\u043e\u0434\u0438\u0442 \u043b\u044e\u0434\u044f\u043c \u0432\u0441\u0435\u0445 \u0432\u043e\u0437\u0440\u0430\u0441\u0442\u043e\u0432, \u043e\u0442 \u043c\u043b\u0430\u0434\u0435\u043d\u0446\u0435\u0432, \u0431\u0435\u0440\u0435\u043c\u0435\u043d\u043d\u044b\u0445 \u0434\u043e \u043f\u043e\u0436\u0438\u043b\u044b\u0445 \u043b\u044e\u0434\u0435\u0439, \u043d\u0435\u0437\u0430\u0432\u0438\u0441\u0438\u043c\u043e \u043e\u0442 \u0432\u0435\u0441\u0430 \u0438 \u043f\u043e\u043b\u0430.<\/p>\n<\/div><div class=\"fusion-reading-box-container reading-box-container-2\" style=\"--awb-title-color:#472a2a;--awb-margin-top:0px;--awb-margin-bottom:84px;\"><div class=\"reading-box reading-box-center\" style=\"background-color:#f6f6f6;border-width:1px;border-color:#f6f6f6;border-left-width:3px;border-left-color:var(--primary_color);border-style:solid;\"><h2>\u0418\u0417\u0411\u0410\u0412\u042c\u0422\u0415\u0421\u042c \u041e\u0422 \u0411\u041e\u041b\u0418<\/h2><div class=\"reading-box-description fusion-reading-box-additional\">\u041f\u0440\u0438\u0435\u043c \u043f\u0440\u0435\u043f\u043e\u0434\u0430\u0432\u0430\u0442\u0435\u043b\u044f-\u043e\u0441\u0442\u0435\u043e\u043f\u0430\u0442\u0430: \u0432\u0437\u0440\u043e\u0441\u043b\u044b\u0435 70.-\/\u0434\u0435\u0442\u0438 \u0434\u043e 12 \u043b\u0435\u0442 50.-\u0441\u0442\u0443\u0434\u0435\u043d\u0442\u0430-\u043e\u0441\u0442\u0435\u043e\u043f\u0430\u0442\u0430: \u0432\u0437\u0440\u043e\u0441\u043b\u044b\u0435 50.-<\/div><div class=\"fusion-clearfix\"><\/div><a class=\"button fusion-button button-default fusion-button-xlarge button-xlarge button-flat fusion-mobile-button continue-center\" style=\"-webkit-box-shadow:none;-moz-box-shadow:none;box-shadow:none;border-radius:10px 10px 10px 10px\" href=\"https:\/\/biospa.ee\/vanaveeb2026\/biokliinik\/%d0%ba%d0%be%d0%bd%d1%82%d0%b0%d0%ba%d1%82-2\/?lang=ru\" target=\"_blank\" rel=\"noopener noreferrer\"><span>\u260e 53 47 15 32<\/span><\/a><\/div><\/div><div class=\"fusion-clearfix\"><\/div><\/div><\/div><\/div><\/div>\n","protected":false},"excerpt":{"rendered":"","protected":false},"author":1,"featured_media":0,"parent":0,"menu_order":76,"comment_status":"closed","ping_status":"closed","template":"","meta":{"footnotes":""},"class_list":["post-10626","page","type-page","status-publish","hentry"],"yoast_head":"<!-- This site is optimized with the Yoast SEO plugin v27.3 - https:\/\/yoast.com\/product\/yoast-seo-wordpress\/ -->\n<title>\u041e\u0441\u0442\u0435\u043e\u043f\u0430\u0442\u0438\u044f - Loodus BioSpa<\/title>\n<meta name=\"robots\" content=\"index, follow, max-snippet:-1, max-image-preview:large, max-video-preview:-1\" \/>\n<link rel=\"canonical\" href=\"https:\/\/biospa.ee\/vanaveeb2026\/\u043e\u0441\u0442\u0435\u043e\u043f\u0430\u0442\u0438\u044f\/?lang=ru\" \/>\n<meta property=\"og:locale\" content=\"et_EE\" \/>\n<meta property=\"og:type\" content=\"article\" \/>\n<meta property=\"og:title\" content=\"\u041e\u0441\u0442\u0435\u043e\u043f\u0430\u0442\u0438\u044f - Loodus BioSpa\" \/>\n<meta property=\"og:url\" content=\"https:\/\/biospa.ee\/vanaveeb2026\/\u043e\u0441\u0442\u0435\u043e\u043f\u0430\u0442\u0438\u044f\/?lang=ru\" \/>\n<meta property=\"og:site_name\" content=\"Loodus BioSpa\" \/>\n<meta property=\"article:publisher\" content=\"https:\/\/www.facebook.com\/LoodusBioSpa\/\" \/>\n<meta property=\"article:modified_time\" content=\"2025-02-18T10:53:08+00:00\" \/>\n<meta name=\"twitter:card\" content=\"summary_large_image\" \/>\n<meta name=\"twitter:label1\" content=\"Est. reading time\" \/>\n\t<meta name=\"twitter:data1\" content=\"3 minutit\" \/>\n<script type=\"application\/ld+json\" class=\"yoast-schema-graph\">{\"@context\":\"https:\\\/\\\/schema.org\",\"@graph\":[{\"@type\":\"WebPage\",\"@id\":\"https:\\\/\\\/biospa.ee\\\/vanaveeb2026\\\/%d0%be%d1%81%d1%82%d0%b5%d0%be%d0%bf%d0%b0%d1%82%d0%b8%d1%8f\\\/?lang=ru\",\"url\":\"https:\\\/\\\/biospa.ee\\\/vanaveeb2026\\\/%d0%be%d1%81%d1%82%d0%b5%d0%be%d0%bf%d0%b0%d1%82%d0%b8%d1%8f\\\/?lang=ru\",\"name\":\"\u041e\u0441\u0442\u0435\u043e\u043f\u0430\u0442\u0438\u044f - Loodus BioSpa\",\"isPartOf\":{\"@id\":\"https:\\\/\\\/biospa.ee\\\/vanaveeb2026\\\/#website\"},\"datePublished\":\"2020-10-23T09:51:59+00:00\",\"dateModified\":\"2025-02-18T10:53:08+00:00\",\"breadcrumb\":{\"@id\":\"https:\\\/\\\/biospa.ee\\\/vanaveeb2026\\\/%d0%be%d1%81%d1%82%d0%b5%d0%be%d0%bf%d0%b0%d1%82%d0%b8%d1%8f\\\/?lang=ru#breadcrumb\"},\"inLanguage\":\"et\",\"potentialAction\":[{\"@type\":\"ReadAction\",\"target\":[\"https:\\\/\\\/biospa.ee\\\/vanaveeb2026\\\/%d0%be%d1%81%d1%82%d0%b5%d0%be%d0%bf%d0%b0%d1%82%d0%b8%d1%8f\\\/?lang=ru\"]}]},{\"@type\":\"BreadcrumbList\",\"@id\":\"https:\\\/\\\/biospa.ee\\\/vanaveeb2026\\\/%d0%be%d1%81%d1%82%d0%b5%d0%be%d0%bf%d0%b0%d1%82%d0%b8%d1%8f\\\/?lang=ru#breadcrumb\",\"itemListElement\":[{\"@type\":\"ListItem\",\"position\":1,\"name\":\"Home\",\"item\":\"https:\\\/\\\/biospa.ee\\\/vanaveeb2026\\\/\"},{\"@type\":\"ListItem\",\"position\":2,\"name\":\"\u041e\u0441\u0442\u0435\u043e\u043f\u0430\u0442\u0438\u044f\"}]},{\"@type\":\"WebSite\",\"@id\":\"https:\\\/\\\/biospa.ee\\\/vanaveeb2026\\\/#website\",\"url\":\"https:\\\/\\\/biospa.ee\\\/vanaveeb2026\\\/\",\"name\":\"Loodus BioSpa\",\"description\":\"Loodus BioSpa\",\"publisher\":{\"@id\":\"https:\\\/\\\/biospa.ee\\\/vanaveeb2026\\\/#organization\"},\"potentialAction\":[{\"@type\":\"SearchAction\",\"target\":{\"@type\":\"EntryPoint\",\"urlTemplate\":\"https:\\\/\\\/biospa.ee\\\/vanaveeb2026\\\/?s={search_term_string}\"},\"query-input\":{\"@type\":\"PropertyValueSpecification\",\"valueRequired\":true,\"valueName\":\"search_term_string\"}}],\"inLanguage\":\"et\"},{\"@type\":\"Organization\",\"@id\":\"https:\\\/\\\/biospa.ee\\\/vanaveeb2026\\\/#organization\",\"name\":\"Tesmasan O\u00dc\",\"url\":\"https:\\\/\\\/biospa.ee\\\/vanaveeb2026\\\/\",\"logo\":{\"@type\":\"ImageObject\",\"inLanguage\":\"et\",\"@id\":\"https:\\\/\\\/biospa.ee\\\/vanaveeb2026\\\/#\\\/schema\\\/logo\\\/image\\\/\",\"url\":\"https:\\\/\\\/biospa.ee\\\/vanaveeb2026\\\/vanaveeb2026\\\/wp-content\\\/uploads\\\/2023\\\/06\\\/BioSpa-loggo-est1-0-143.png\",\"contentUrl\":\"https:\\\/\\\/biospa.ee\\\/vanaveeb2026\\\/vanaveeb2026\\\/wp-content\\\/uploads\\\/2023\\\/06\\\/BioSpa-loggo-est1-0-143.png\",\"width\":143,\"height\":59,\"caption\":\"Tesmasan O\u00dc\"},\"image\":{\"@id\":\"https:\\\/\\\/biospa.ee\\\/vanaveeb2026\\\/#\\\/schema\\\/logo\\\/image\\\/\"},\"sameAs\":[\"https:\\\/\\\/www.facebook.com\\\/LoodusBioSpa\\\/\",\"https:\\\/\\\/www.instagram.com\\\/loodusbiospa\\\/\"]}]}<\/script>\n<!-- \/ Yoast SEO plugin. -->","yoast_head_json":{"title":"\u041e\u0441\u0442\u0435\u043e\u043f\u0430\u0442\u0438\u044f - Loodus BioSpa","robots":{"index":"index","follow":"follow","max-snippet":"max-snippet:-1","max-image-preview":"max-image-preview:large","max-video-preview":"max-video-preview:-1"},"canonical":"https:\/\/biospa.ee\/vanaveeb2026\/\u043e\u0441\u0442\u0435\u043e\u043f\u0430\u0442\u0438\u044f\/?lang=ru","og_locale":"et_EE","og_type":"article","og_title":"\u041e\u0441\u0442\u0435\u043e\u043f\u0430\u0442\u0438\u044f - Loodus BioSpa","og_url":"https:\/\/biospa.ee\/vanaveeb2026\/\u043e\u0441\u0442\u0435\u043e\u043f\u0430\u0442\u0438\u044f\/?lang=ru","og_site_name":"Loodus BioSpa","article_publisher":"https:\/\/www.facebook.com\/LoodusBioSpa\/","article_modified_time":"2025-02-18T10:53:08+00:00","twitter_card":"summary_large_image","twitter_misc":{"Est. reading time":"3 minutit"},"schema":{"@context":"https:\/\/schema.org","@graph":[{"@type":"WebPage","@id":"https:\/\/biospa.ee\/vanaveeb2026\/%d0%be%d1%81%d1%82%d0%b5%d0%be%d0%bf%d0%b0%d1%82%d0%b8%d1%8f\/?lang=ru","url":"https:\/\/biospa.ee\/vanaveeb2026\/%d0%be%d1%81%d1%82%d0%b5%d0%be%d0%bf%d0%b0%d1%82%d0%b8%d1%8f\/?lang=ru","name":"\u041e\u0441\u0442\u0435\u043e\u043f\u0430\u0442\u0438\u044f - Loodus BioSpa","isPartOf":{"@id":"https:\/\/biospa.ee\/vanaveeb2026\/#website"},"datePublished":"2020-10-23T09:51:59+00:00","dateModified":"2025-02-18T10:53:08+00:00","breadcrumb":{"@id":"https:\/\/biospa.ee\/vanaveeb2026\/%d0%be%d1%81%d1%82%d0%b5%d0%be%d0%bf%d0%b0%d1%82%d0%b8%d1%8f\/?lang=ru#breadcrumb"},"inLanguage":"et","potentialAction":[{"@type":"ReadAction","target":["https:\/\/biospa.ee\/vanaveeb2026\/%d0%be%d1%81%d1%82%d0%b5%d0%be%d0%bf%d0%b0%d1%82%d0%b8%d1%8f\/?lang=ru"]}]},{"@type":"BreadcrumbList","@id":"https:\/\/biospa.ee\/vanaveeb2026\/%d0%be%d1%81%d1%82%d0%b5%d0%be%d0%bf%d0%b0%d1%82%d0%b8%d1%8f\/?lang=ru#breadcrumb","itemListElement":[{"@type":"ListItem","position":1,"name":"Home","item":"https:\/\/biospa.ee\/vanaveeb2026\/"},{"@type":"ListItem","position":2,"name":"\u041e\u0441\u0442\u0435\u043e\u043f\u0430\u0442\u0438\u044f"}]},{"@type":"WebSite","@id":"https:\/\/biospa.ee\/vanaveeb2026\/#website","url":"https:\/\/biospa.ee\/vanaveeb2026\/","name":"Loodus BioSpa","description":"Loodus BioSpa","publisher":{"@id":"https:\/\/biospa.ee\/vanaveeb2026\/#organization"},"potentialAction":[{"@type":"SearchAction","target":{"@type":"EntryPoint","urlTemplate":"https:\/\/biospa.ee\/vanaveeb2026\/?s={search_term_string}"},"query-input":{"@type":"PropertyValueSpecification","valueRequired":true,"valueName":"search_term_string"}}],"inLanguage":"et"},{"@type":"Organization","@id":"https:\/\/biospa.ee\/vanaveeb2026\/#organization","name":"Tesmasan O\u00dc","url":"https:\/\/biospa.ee\/vanaveeb2026\/","logo":{"@type":"ImageObject","inLanguage":"et","@id":"https:\/\/biospa.ee\/vanaveeb2026\/#\/schema\/logo\/image\/","url":"https:\/\/biospa.ee\/vanaveeb2026\/vanaveeb2026\/wp-content\/uploads\/2023\/06\/BioSpa-loggo-est1-0-143.png","contentUrl":"https:\/\/biospa.ee\/vanaveeb2026\/vanaveeb2026\/wp-content\/uploads\/2023\/06\/BioSpa-loggo-est1-0-143.png","width":143,"height":59,"caption":"Tesmasan O\u00dc"},"image":{"@id":"https:\/\/biospa.ee\/vanaveeb2026\/#\/schema\/logo\/image\/"},"sameAs":["https:\/\/www.facebook.com\/LoodusBioSpa\/","https:\/\/www.instagram.com\/loodusbiospa\/"]}]}},"_links":{"self":[{"href":"https:\/\/biospa.ee\/vanaveeb2026\/wp-json\/wp\/v2\/pages\/10626","targetHints":{"allow":["GET"]}}],"collection":[{"href":"https:\/\/biospa.ee\/vanaveeb2026\/wp-json\/wp\/v2\/pages"}],"about":[{"href":"https:\/\/biospa.ee\/vanaveeb2026\/wp-json\/wp\/v2\/types\/page"}],"author":[{"embeddable":true,"href":"https:\/\/biospa.ee\/vanaveeb2026\/wp-json\/wp\/v2\/users\/1"}],"replies":[{"embeddable":true,"href":"https:\/\/biospa.ee\/vanaveeb2026\/wp-json\/wp\/v2\/comments?post=10626"}],"version-history":[{"count":5,"href":"https:\/\/biospa.ee\/vanaveeb2026\/wp-json\/wp\/v2\/pages\/10626\/revisions"}],"predecessor-version":[{"id":34775,"href":"https:\/\/biospa.ee\/vanaveeb2026\/wp-json\/wp\/v2\/pages\/10626\/revisions\/34775"}],"wp:attachment":[{"href":"https:\/\/biospa.ee\/vanaveeb2026\/wp-json\/wp\/v2\/media?parent=10626"}],"curies":[{"name":"wp","href":"https:\/\/api.w.org\/{rel}","templated":true}]}}