{"id":10650,"date":"2020-10-24T14:51:47","date_gmt":"2020-10-24T11:51:47","guid":{"rendered":"https:\/\/biospa.ee\/vanaveeb2026\/osteopathy\/"},"modified":"2025-02-18T12:56:45","modified_gmt":"2025-02-18T10:56:45","slug":"osteopathy","status":"publish","type":"page","link":"https:\/\/biospa.ee\/vanaveeb2026\/osteopathy\/?lang=en","title":{"rendered":"Osteopathy"},"content":{"rendered":"<div class=\"fusion-fullwidth fullwidth-box fusion-builder-row-1 nonhundred-percent-fullwidth non-hundred-percent-height-scrolling\" style=\"--awb-border-radius-top-left:0px;--awb-border-radius-top-right:0px;--awb-border-radius-bottom-right:0px;--awb-border-radius-bottom-left:0px;--awb-flex-wrap:wrap;\" ><div class=\"fusion-builder-row fusion-row\"><div class=\"fusion-layout-column fusion_builder_column fusion-builder-column-0 fusion_builder_column_2_3 2_3 fusion-two-third fusion-column-first\" style=\"--awb-bg-color:#ffffff;--awb-bg-color-hover:#ffffff;--awb-bg-size:cover;width:66.6666666667%;width:calc(66.6666666667% - ( ( 4% ) * 0.666666666667 ) );margin-right: 4%;\"><div class=\"fusion-column-wrapper fusion-column-has-shadow fusion-flex-column-wrapper-legacy\"><div class=\"fusion-image-element fusion-image-align-center fusion-no-medium-visibility in-legacy-container\" style=\"text-align:center;--awb-max-width:;--awb-caption-title-font-family:var(--h2_typography-font-family);--awb-caption-title-font-weight:var(--h2_typography-font-weight);--awb-caption-title-font-style:var(--h2_typography-font-style);--awb-caption-title-size:var(--h2_typography-font-size);--awb-caption-title-transform:var(--h2_typography-text-transform);--awb-caption-title-line-height:var(--h2_typography-line-height);--awb-caption-title-letter-spacing:var(--h2_typography-letter-spacing);\"><div class=\"imageframe-align-center\"><span class=\" fusion-imageframe imageframe-dropshadow imageframe-1 hover-type-none\" style=\"-webkit-box-shadow: 3px 3px 7px rgba(0,0,0,0.3);box-shadow: 3px 3px 7px rgba(0,0,0,0.3);\"><a href=\"https:\/\/biospa.ee\/vanaveeb2026\/wp-content\/uploads\/2025\/02\/IMG_4014-225x300.jpeg\" class=\"fusion-lightbox\" data-rel=\"iLightbox[cbe1dc96a7859f1e41f]\" data-title=\"IMG_4014\" title=\"IMG_4014\"><img decoding=\"async\" width=\"225\" height=\"300\" src=\"https:\/\/biospa.ee\/vanaveeb2026\/wp-content\/uploads\/2025\/02\/IMG_4014-225x300.jpeg\" alt class=\"img-responsive wp-image-34606\" srcset=\"https:\/\/biospa.ee\/vanaveeb2026\/wp-content\/uploads\/2025\/02\/IMG_4014-200x267.jpeg 200w, https:\/\/biospa.ee\/vanaveeb2026\/wp-content\/uploads\/2025\/02\/IMG_4014-400x533.jpeg 400w, https:\/\/biospa.ee\/vanaveeb2026\/wp-content\/uploads\/2025\/02\/IMG_4014-600x800.jpeg 600w, https:\/\/biospa.ee\/vanaveeb2026\/wp-content\/uploads\/2025\/02\/IMG_4014-800x1067.jpeg 800w, https:\/\/biospa.ee\/vanaveeb2026\/wp-content\/uploads\/2025\/02\/IMG_4014-1200x1600.jpeg 1200w, https:\/\/biospa.ee\/vanaveeb2026\/wp-content\/uploads\/2025\/02\/IMG_4014-scaled.jpeg 1920w\" sizes=\"(max-width: 800px) 100vw, 1200px\" \/><\/a><\/span><\/div><\/div><div class=\"fusion-sep-clear\"><\/div><div class=\"fusion-separator fusion-full-width-sep\" style=\"margin-left: auto;margin-right: auto;margin-top:10px;width:100%;\"><\/div><div class=\"fusion-sep-clear\"><\/div><div class=\"fusion-text fusion-text-1\"><p>Alates jaanuarist 2024 pakub Biokliiniku ruumides osteopaatia teenust O\u00dc Bellaforte reg. nr 11974550. Teenust pakuvad \u00f5ppej\u00f5ud- osteopaat Maarika Sild ja tudeng- osteopaat Maia Paas. M. Sild \u00f5petab Osteopaatia Akadeemias strukturaalset ja funktsionaalset osteopaatiat. Osteopaatia teraapia on suunatud nii keha struktuurile kui ka keha funktsioonidele. Osteopaatia taastab Teie keha normaalse liikuvuse, koordinatsiooni ja r\u00fchi, mis omakorda eemaldab valu allika ning ennetab terviseh\u00e4ireid.<\/p>\n<p>Osteopaatia on manuaalne teraapia, mille eesm\u00e4rgiks on kehastruktuuri funktsionaalsuse taastamine (lihaste toonus, sidekoeliste struktuuride terviklikkus,mikrotsirkulatsioon, innervatsioon).<br \/>\nOsteopaat t\u00f6\u00f6tab manuaalselt (k\u00e4sitsi). Osteopaadi peamiseks eesm\u00e4rgiks on luude, lihaste ja sidemete seisundi hindamine ja \u00f5ige lihaste toonuse, \u00f5ige struktuuri, verevarustuse ja innervatsiooni tagamine.<br \/>\nOsteopaatia on manuaalne ravimeetod, mis sobib erinevate terviseprobleemide ja valude raviks.<\/p>\n<p>L\u00fclisamba kaelaosa h\u00e4ired: kaela-peavalu (migreen), pearinglus, l\u00f5ualiigese valu, \u00f5la-k\u00e4e valud (periartriit, periartroos, fibrom\u00fcalgia, karpaalkanali s\u00fcndroom), meeleelundite vaevused (kuulmise, n\u00e4gemise n\u00f5rgenemine).<\/p>\n<p>L\u00fclisamba rinnaosa h\u00e4ired: keskselja valu, valu rinnakus, roietevaheline n\u00e4rvivalu, siseelundite vaevused (kardioneuroos- valu s\u00fcdame piirkonnas, r\u00fctmih\u00e4ired).<\/p>\n<p>L\u00fclisamba nimmeosa h\u00e4ired: alaseljavalu, ishias, puusa-p\u00f5lve-p\u00f6ia piirkonna valu (tuimus, k\u00fclmatunne), pirnlihase s\u00fcndroom, \u00f5ndraluu valulikkus, siseelundite vaevused (menstruatsioonih\u00e4ired, k\u00f5hukinnisus).<\/p>\n<p>(Spordi) \u00fclekoormuss\u00fcndroomid \u2013 nn tennisisti ja golfim\u00e4ngija k\u00fc\u00fcnarnukk; muud samalaadsed k\u00f5\u00f5luste kinnituskohtade probleemid.<\/p>\n<p>Prof\u00fclaktiline ravi hoiab \u00e4ra hilisemad valud. Kui valu on kannatatud juba pikka aega, t\u00e4hendab see organismi appih\u00fc\u00fcdu, ja kui valust proovitakse vabaneda valuvaigistite abil, muutuvad s\u00fcmptomid veelgi t\u00f5sisemateks ja probleemid s\u00fcgavamateks. Eriti oluline on see, et patsient r\u00e4\u00e4giks ka kauges minevikus juhtunud traumadest ja vigastustest, sest ka lapsep\u00f5lves juhtunu m\u00f5jutab praegust tervislikku seisundit.<\/p>\n<\/div><div class=\"fusion-reading-box-container reading-box-container-1 fusion-no-large-visibility\" style=\"--awb-title-color:#472a2a;--awb-margin-top:0px;--awb-margin-bottom:84px;\"><div class=\"reading-box reading-box-center\" style=\"background-color:#f6f6f6;border-width:1px;border-color:#f6f6f6;border-left-width:3px;border-left-color:var(--primary_color);border-style:solid;\"><h2>COME TO RECEPTION<\/h2><div class=\"reading-box-description fusion-reading-box-additional\">lecturer-osteopath reception: adults 70.-\/children up to 12 years 50.-student-osteopath reception: adults 50.-<\/div><div class=\"fusion-clearfix\"><\/div><a class=\"button fusion-button button-default fusion-button-xlarge button-xlarge button-flat fusion-mobile-button continue-center\" style=\"-webkit-box-shadow:none;-moz-box-shadow:none;box-shadow:none;border-radius:10px 10px 10px 10px\" href=\"https:\/\/biospa.ee\/vanaveeb2026\/biokliinik\/contact-2\/?lang=en\" target=\"_blank\" rel=\"noopener noreferrer\"><span>\u260e make an appointment (+372) 53 47 15 32<\/span><\/a><\/div><\/div><div class=\"fusion-text fusion-text-2\" style=\"--awb-text-transform:none;\"><p>What is the difference between osteopathy and other manual medicine specialties? What makes osteopathy special?<\/p>\n<p>In general terms, the diagnostic and treatment logic of osteopathy and other manual medicine specialties based on manual activity &#8211; chiropractic and manual therapy &#8211; are similar. The techniques of chiropractic are the fastest and sharpest, those of osteopathy are the most delicate, detailed and consider the complexity and connections of the human body the most.<\/p>\n<p>Frequency: interval between procedures 2-4 weeks<\/p>\n<p>Contraindications are few and relative, i.e. that osteopathy can still be applied to them if certain treatment techniques are used skillfully and carefully. More important: acute inflammation, destruction (tumor, metastasis), pronounced osteoporosis, significant degeneration, deformation.<\/p>\n<\/div><div class=\"fusion-clearfix\"><\/div><\/div><\/div><div class=\"fusion-layout-column fusion_builder_column fusion-builder-column-1 fusion_builder_column_1_3 1_3 fusion-one-third fusion-column-last\" style=\"--awb-bg-size:cover;width:33.3333333333%;width:calc(33.3333333333% - ( ( 4% ) * 0.333333333333 ) );\"><div class=\"fusion-column-wrapper fusion-column-has-shadow fusion-flex-column-wrapper-legacy\"><div class=\"fusion-text fusion-text-3\"><p><b>Osteopathy relieves pain<\/b><\/p>\n<p>Osteopathy treats and prevents pain, numbness, stiffness in joints and spine, corrects posture defects. Osteopathy is suitable for people of all ages, from infants, pregnant women to the elderly, regardless of weight or gender.<\/p>\n<\/div><div class=\"fusion-reading-box-container reading-box-container-2\" style=\"--awb-title-color:#472a2a;--awb-margin-top:0px;--awb-margin-bottom:84px;\"><div class=\"reading-box reading-box-center\" style=\"background-color:#f6f6f6;border-width:1px;border-color:#f6f6f6;border-left-width:3px;border-left-color:var(--primary_color);border-style:solid;\"><h2>GET RID OF THE PAIN<\/h2><div class=\"reading-box-description fusion-reading-box-additional\">lecturer-osteopath reception: adults 70.-\/children up to 12 years 50.-student-osteopath reception: adults 50.-<\/div><div class=\"fusion-clearfix\"><\/div><a class=\"button fusion-button button-default fusion-button-xlarge button-xlarge button-flat fusion-mobile-button continue-center\" style=\"-webkit-box-shadow:none;-moz-box-shadow:none;box-shadow:none;border-radius:10px 10px 10px 10px\" href=\"https:\/\/biospa.ee\/vanaveeb2026\/biokliinik\/contact-2\/?lang=en\" target=\"_blank\" rel=\"noopener noreferrer\"><span>\u260e (+372) 53 47 15 32<\/span><\/a><\/div><\/div><div class=\"fusion-clearfix\"><\/div><\/div><\/div><\/div><\/div>\n","protected":false},"excerpt":{"rendered":"","protected":false},"author":1,"featured_media":0,"parent":0,"menu_order":76,"comment_status":"closed","ping_status":"closed","template":"","meta":{"footnotes":""},"class_list":["post-10650","page","type-page","status-publish","hentry"],"yoast_head":"<!-- This site is optimized with the Yoast SEO plugin v27.3 - https:\/\/yoast.com\/product\/yoast-seo-wordpress\/ -->\n<title>Osteopathy - Loodus BioSpa<\/title>\n<meta name=\"robots\" content=\"index, follow, max-snippet:-1, max-image-preview:large, max-video-preview:-1\" \/>\n<link rel=\"canonical\" href=\"https:\/\/biospa.ee\/vanaveeb2026\/osteopathy\/?lang=en\" \/>\n<meta property=\"og:locale\" content=\"et_EE\" \/>\n<meta property=\"og:type\" content=\"article\" \/>\n<meta property=\"og:title\" content=\"Osteopathy - Loodus BioSpa\" \/>\n<meta property=\"og:url\" content=\"https:\/\/biospa.ee\/vanaveeb2026\/osteopathy\/?lang=en\" \/>\n<meta property=\"og:site_name\" content=\"Loodus BioSpa\" \/>\n<meta property=\"article:publisher\" content=\"https:\/\/www.facebook.com\/LoodusBioSpa\/\" \/>\n<meta property=\"article:modified_time\" content=\"2025-02-18T10:56:45+00:00\" \/>\n<meta name=\"twitter:card\" content=\"summary_large_image\" \/>\n<meta name=\"twitter:label1\" content=\"Est. reading time\" \/>\n\t<meta name=\"twitter:data1\" content=\"9 minutit\" \/>\n<script type=\"application\/ld+json\" class=\"yoast-schema-graph\">{\"@context\":\"https:\\\/\\\/schema.org\",\"@graph\":[{\"@type\":\"WebPage\",\"@id\":\"https:\\\/\\\/biospa.ee\\\/vanaveeb2026\\\/osteopathy\\\/?lang=en\",\"url\":\"https:\\\/\\\/biospa.ee\\\/vanaveeb2026\\\/osteopathy\\\/?lang=en\",\"name\":\"Osteopathy - Loodus BioSpa\",\"isPartOf\":{\"@id\":\"https:\\\/\\\/biospa.ee\\\/vanaveeb2026\\\/?lang=ru\\\/#website\"},\"datePublished\":\"2020-10-24T11:51:47+00:00\",\"dateModified\":\"2025-02-18T10:56:45+00:00\",\"breadcrumb\":{\"@id\":\"https:\\\/\\\/biospa.ee\\\/vanaveeb2026\\\/osteopathy\\\/?lang=en#breadcrumb\"},\"inLanguage\":\"et\",\"potentialAction\":[{\"@type\":\"ReadAction\",\"target\":[\"https:\\\/\\\/biospa.ee\\\/vanaveeb2026\\\/osteopathy\\\/?lang=en\"]}]},{\"@type\":\"BreadcrumbList\",\"@id\":\"https:\\\/\\\/biospa.ee\\\/vanaveeb2026\\\/osteopathy\\\/?lang=en#breadcrumb\",\"itemListElement\":[{\"@type\":\"ListItem\",\"position\":1,\"name\":\"Home\",\"item\":\"https:\\\/\\\/biospa.ee\\\/vanaveeb2026\\\/\"},{\"@type\":\"ListItem\",\"position\":2,\"name\":\"Osteopathy\"}]},{\"@type\":\"WebSite\",\"@id\":\"https:\\\/\\\/biospa.ee\\\/vanaveeb2026\\\/?lang=ru\\\/#website\",\"url\":\"https:\\\/\\\/biospa.ee\\\/vanaveeb2026\\\/?lang=ru\\\/\",\"name\":\"Loodus BioSpa\",\"description\":\"Loodus BioSpa\",\"publisher\":{\"@id\":\"https:\\\/\\\/biospa.ee\\\/vanaveeb2026\\\/?lang=ru\\\/#organization\"},\"potentialAction\":[{\"@type\":\"SearchAction\",\"target\":{\"@type\":\"EntryPoint\",\"urlTemplate\":\"https:\\\/\\\/biospa.ee\\\/vanaveeb2026\\\/?lang=ru\\\/?s={search_term_string}\"},\"query-input\":{\"@type\":\"PropertyValueSpecification\",\"valueRequired\":true,\"valueName\":\"search_term_string\"}}],\"inLanguage\":\"et\"},{\"@type\":\"Organization\",\"@id\":\"https:\\\/\\\/biospa.ee\\\/vanaveeb2026\\\/?lang=ru\\\/#organization\",\"name\":\"Tesmasan O\u00dc\",\"url\":\"https:\\\/\\\/biospa.ee\\\/vanaveeb2026\\\/?lang=ru\\\/\",\"logo\":{\"@type\":\"ImageObject\",\"inLanguage\":\"et\",\"@id\":\"https:\\\/\\\/biospa.ee\\\/vanaveeb2026\\\/?lang=ru\\\/#\\\/schema\\\/logo\\\/image\\\/\",\"url\":\"https:\\\/\\\/biospa.ee\\\/vanaveeb2026\\\/vanaveeb2026\\\/wp-content\\\/uploads\\\/2023\\\/06\\\/BioSpa-loggo-est1-0-143.png\",\"contentUrl\":\"https:\\\/\\\/biospa.ee\\\/vanaveeb2026\\\/vanaveeb2026\\\/wp-content\\\/uploads\\\/2023\\\/06\\\/BioSpa-loggo-est1-0-143.png\",\"width\":143,\"height\":59,\"caption\":\"Tesmasan O\u00dc\"},\"image\":{\"@id\":\"https:\\\/\\\/biospa.ee\\\/vanaveeb2026\\\/?lang=ru\\\/#\\\/schema\\\/logo\\\/image\\\/\"},\"sameAs\":[\"https:\\\/\\\/www.facebook.com\\\/LoodusBioSpa\\\/\",\"https:\\\/\\\/www.instagram.com\\\/loodusbiospa\\\/\"]}]}<\/script>\n<!-- \/ Yoast SEO plugin. -->","yoast_head_json":{"title":"Osteopathy - Loodus BioSpa","robots":{"index":"index","follow":"follow","max-snippet":"max-snippet:-1","max-image-preview":"max-image-preview:large","max-video-preview":"max-video-preview:-1"},"canonical":"https:\/\/biospa.ee\/vanaveeb2026\/osteopathy\/?lang=en","og_locale":"et_EE","og_type":"article","og_title":"Osteopathy - Loodus BioSpa","og_url":"https:\/\/biospa.ee\/vanaveeb2026\/osteopathy\/?lang=en","og_site_name":"Loodus BioSpa","article_publisher":"https:\/\/www.facebook.com\/LoodusBioSpa\/","article_modified_time":"2025-02-18T10:56:45+00:00","twitter_card":"summary_large_image","twitter_misc":{"Est. reading time":"9 minutit"},"schema":{"@context":"https:\/\/schema.org","@graph":[{"@type":"WebPage","@id":"https:\/\/biospa.ee\/vanaveeb2026\/osteopathy\/?lang=en","url":"https:\/\/biospa.ee\/vanaveeb2026\/osteopathy\/?lang=en","name":"Osteopathy - Loodus BioSpa","isPartOf":{"@id":"https:\/\/biospa.ee\/vanaveeb2026\/?lang=ru\/#website"},"datePublished":"2020-10-24T11:51:47+00:00","dateModified":"2025-02-18T10:56:45+00:00","breadcrumb":{"@id":"https:\/\/biospa.ee\/vanaveeb2026\/osteopathy\/?lang=en#breadcrumb"},"inLanguage":"et","potentialAction":[{"@type":"ReadAction","target":["https:\/\/biospa.ee\/vanaveeb2026\/osteopathy\/?lang=en"]}]},{"@type":"BreadcrumbList","@id":"https:\/\/biospa.ee\/vanaveeb2026\/osteopathy\/?lang=en#breadcrumb","itemListElement":[{"@type":"ListItem","position":1,"name":"Home","item":"https:\/\/biospa.ee\/vanaveeb2026\/"},{"@type":"ListItem","position":2,"name":"Osteopathy"}]},{"@type":"WebSite","@id":"https:\/\/biospa.ee\/vanaveeb2026\/?lang=ru\/#website","url":"https:\/\/biospa.ee\/vanaveeb2026\/?lang=ru\/","name":"Loodus BioSpa","description":"Loodus BioSpa","publisher":{"@id":"https:\/\/biospa.ee\/vanaveeb2026\/?lang=ru\/#organization"},"potentialAction":[{"@type":"SearchAction","target":{"@type":"EntryPoint","urlTemplate":"https:\/\/biospa.ee\/vanaveeb2026\/?lang=ru\/?s={search_term_string}"},"query-input":{"@type":"PropertyValueSpecification","valueRequired":true,"valueName":"search_term_string"}}],"inLanguage":"et"},{"@type":"Organization","@id":"https:\/\/biospa.ee\/vanaveeb2026\/?lang=ru\/#organization","name":"Tesmasan O\u00dc","url":"https:\/\/biospa.ee\/vanaveeb2026\/?lang=ru\/","logo":{"@type":"ImageObject","inLanguage":"et","@id":"https:\/\/biospa.ee\/vanaveeb2026\/?lang=ru\/#\/schema\/logo\/image\/","url":"https:\/\/biospa.ee\/vanaveeb2026\/vanaveeb2026\/wp-content\/uploads\/2023\/06\/BioSpa-loggo-est1-0-143.png","contentUrl":"https:\/\/biospa.ee\/vanaveeb2026\/vanaveeb2026\/wp-content\/uploads\/2023\/06\/BioSpa-loggo-est1-0-143.png","width":143,"height":59,"caption":"Tesmasan O\u00dc"},"image":{"@id":"https:\/\/biospa.ee\/vanaveeb2026\/?lang=ru\/#\/schema\/logo\/image\/"},"sameAs":["https:\/\/www.facebook.com\/LoodusBioSpa\/","https:\/\/www.instagram.com\/loodusbiospa\/"]}]}},"_links":{"self":[{"href":"https:\/\/biospa.ee\/vanaveeb2026\/wp-json\/wp\/v2\/pages\/10650","targetHints":{"allow":["GET"]}}],"collection":[{"href":"https:\/\/biospa.ee\/vanaveeb2026\/wp-json\/wp\/v2\/pages"}],"about":[{"href":"https:\/\/biospa.ee\/vanaveeb2026\/wp-json\/wp\/v2\/types\/page"}],"author":[{"embeddable":true,"href":"https:\/\/biospa.ee\/vanaveeb2026\/wp-json\/wp\/v2\/users\/1"}],"replies":[{"embeddable":true,"href":"https:\/\/biospa.ee\/vanaveeb2026\/wp-json\/wp\/v2\/comments?post=10650"}],"version-history":[{"count":5,"href":"https:\/\/biospa.ee\/vanaveeb2026\/wp-json\/wp\/v2\/pages\/10650\/revisions"}],"predecessor-version":[{"id":34779,"href":"https:\/\/biospa.ee\/vanaveeb2026\/wp-json\/wp\/v2\/pages\/10650\/revisions\/34779"}],"wp:attachment":[{"href":"https:\/\/biospa.ee\/vanaveeb2026\/wp-json\/wp\/v2\/media?parent=10650"}],"curies":[{"name":"wp","href":"https:\/\/api.w.org\/{rel}","templated":true}]}}