{"id":18548,"date":"2022-02-15T16:41:32","date_gmt":"2022-02-15T14:41:32","guid":{"rendered":"https:\/\/biospa.ee\/vanaveeb2026\/biokliinik\/treatments-in-biokliinik\/bioresonance-diagnostics\/"},"modified":"2025-07-23T14:45:49","modified_gmt":"2025-07-23T11:45:49","slug":"bioresonance-diagnostics","status":"publish","type":"page","link":"https:\/\/biospa.ee\/vanaveeb2026\/biokliinik\/treatments-in-biokliinik\/bioresonance-diagnostics\/?lang=en","title":{"rendered":"Bioresonance diagnostics"},"content":{"rendered":"<div class=\"fusion-fullwidth fullwidth-box fusion-builder-row-1 nonhundred-percent-fullwidth non-hundred-percent-height-scrolling\" style=\"--awb-border-radius-top-left:0px;--awb-border-radius-top-right:0px;--awb-border-radius-bottom-right:0px;--awb-border-radius-bottom-left:0px;--awb-flex-wrap:wrap;\" ><div class=\"fusion-builder-row fusion-row\"><div class=\"fusion-layout-column fusion_builder_column fusion-builder-column-0 fusion_builder_column_2_3 2_3 fusion-two-third fusion-column-first fusion-column-inner-bg-wrapper\" style=\"--awb-inner-bg-size:cover;width:66.6666666667%;width:calc(66.6666666667% - ( ( 4% ) * 0.666666666667 ) );margin-right: 4%;\"><span class=\"fusion-column-inner-bg hover-type-none\"><a class=\"fusion-column-anchor\" href=\"https:\/\/biospa.ee\/vanaveeb2026\/dr-med-n-trofimova-virtual-consultation\/?lang=en\"><span class=\"fusion-column-inner-bg-image\"><\/span><\/a><\/span><div class=\"fusion-column-wrapper fusion-column-has-shadow fusion-flex-column-wrapper-legacy\"><div class=\"fusion-image-element in-legacy-container\" style=\"--awb-caption-title-font-family:var(--h2_typography-font-family);--awb-caption-title-font-weight:var(--h2_typography-font-weight);--awb-caption-title-font-style:var(--h2_typography-font-style);--awb-caption-title-size:var(--h2_typography-font-size);--awb-caption-title-transform:var(--h2_typography-text-transform);--awb-caption-title-line-height:var(--h2_typography-line-height);--awb-caption-title-letter-spacing:var(--h2_typography-letter-spacing);\"><span class=\" fusion-imageframe imageframe-dropshadow imageframe-1 hover-type-none\" style=\"-webkit-box-shadow: 3px 3px 7px rgba(0,0,0,0.3);box-shadow: 3px 3px 7px rgba(0,0,0,0.3);\"><img decoding=\"async\" width=\"800\" height=\"500\" title=\"Bioresonants\" src=\"https:\/\/biospa.ee\/vanaveeb2026\/wp-content\/uploads\/2020\/07\/Bioresonants.jpg\" alt class=\"img-responsive wp-image-8738\" srcset=\"https:\/\/biospa.ee\/vanaveeb2026\/wp-content\/uploads\/2020\/07\/Bioresonants-200x125.jpg 200w, https:\/\/biospa.ee\/vanaveeb2026\/wp-content\/uploads\/2020\/07\/Bioresonants-400x250.jpg 400w, https:\/\/biospa.ee\/vanaveeb2026\/wp-content\/uploads\/2020\/07\/Bioresonants-600x375.jpg 600w, https:\/\/biospa.ee\/vanaveeb2026\/wp-content\/uploads\/2020\/07\/Bioresonants.jpg 800w\" sizes=\"(max-width: 800px) 100vw, 800px\" \/><\/span><\/div><div class=\"fusion-text fusion-text-1\" style=\"--awb-text-transform:none;\"><p>How is the diagnosis made?<\/p>\n<p>Dr. Reinhard Voll is a medical scientist, the creator of the bioresonance apparatus, who used his device to measure the electrical resistance of important points in the human body and use it to diagnose diseases.<\/p>\n<p>When measuring through checkpoints, the data is entered into a computer program. There are default values, i. data on the whole person. If the measured data remain normal, the patient is in good condition.<\/p>\n<p>Each organ has its own normal frequency &#8211; the bioresonance or electromagnetic frequency. The presence of pathogenic electromagnetic frequencies in certain zones means that there is a functional disorder in the organs of that zone. For example, if the heart or lungs have a frequency that should be normal, high, or low, we can assess whether the heart or lungs are overloaded or underactive.<\/p>\n<\/div><div class=\"fusion-reading-box-container reading-box-container-1 fusion-no-large-visibility\" style=\"--awb-title-color:#472a2a;--awb-margin-top:0px;--awb-margin-bottom:84px;\"><div class=\"reading-box reading-box-center\" style=\"background-color:#f6f6f6;border-width:1px;border-color:#f6f6f6;border-left-width:3px;border-left-color:var(--primary_color);border-style:solid;\"><h2>Soovin teha diagnostikat<\/h2><a class=\"button fusion-button button-default fusion-button-xlarge button-xlarge button-flat fusion-mobile-button continue-center\" style=\"-webkit-box-shadow:none;-moz-box-shadow:none;box-shadow:none;border-radius:10px 10px 10px 10px\" href=\"https:\/\/biospa.ee\/vanaveeb2026\/biokliinik\/contact-2\/?lang=en\" target=\"_blank\" rel=\"noopener noreferrer\"><span>\u260e (+372) 53 47 15 32<\/span><\/a><\/div><\/div><div class=\"fusion-text fusion-text-2\" style=\"--awb-text-transform:none;\"><p>Bioresonantsdiagnostika annab aimu kogu organismi toimimisest. Programm l\u00e4bib k\u00f5ik kehas\u00fcsteemid. Inimene saab selge ettekujutuse, kuidas toimivad tema vereringes\u00fcsteem, kopsus\u00fcsteem, seedes\u00fcsteem, hormonaals\u00fcsteem, luu-lihas- ja sidekoes\u00fcsteem, kuse- ja reproduktiivs\u00fcsteem, l\u00fcmfis\u00fcsteem, ajus\u00fcsteem ja endokriins\u00fcsteem. Lisaks n\u00e4itab see selgrool\u00fclide seisukorda \u2013 kas ketaste vahel on ladestusi v\u00f5i k\u00f5hrekahjustusi.<\/p>\n<p>\u00abBioresonantsdiagnostika annab andmeid inimese probleemi kohta, mis vajab edasisi lahendusi. Minu kui arsti jaoks on v\u00e4ga oluline, et saaksin seda meetodit kasutades hinnata patsiendi n\u00f5rku kohti. Siis saan v\u00f5rrelda arvutiprogrammi tulemusi inimlike probleemide ja kaebustega.&#8221; Dr Natalia Trofimova, kliiniline arst 40-aastase kogemusega.<\/p>\n<\/div><div class=\"fusion-clearfix\"><\/div><\/div><\/div><div class=\"fusion-layout-column fusion_builder_column fusion-builder-column-1 fusion_builder_column_1_3 1_3 fusion-one-third fusion-column-last\" style=\"--awb-bg-size:cover;width:33.3333333333%;width:calc(33.3333333333% - ( ( 4% ) * 0.333333333333 ) );\"><div class=\"fusion-column-wrapper fusion-column-has-shadow fusion-flex-column-wrapper-legacy\"><div class=\"fusion-text fusion-text-3\" style=\"--awb-text-transform:none;\"><p>If the reason is unknown<\/p>\n<p>It&#8217;s incredible how computer-based health research &#8211; bioresonance diagnostics &#8211; can help identify the causes of disease, even when traditional medicine can no longer find the answers!<\/p>\n<\/div><div class=\"fusion-reading-box-container reading-box-container-2\" style=\"--awb-title-color:#472a2a;--awb-margin-top:0px;--awb-margin-bottom:84px;\"><div class=\"reading-box reading-box-center\" style=\"background-color:#f6f6f6;border-width:1px;border-color:#f6f6f6;border-left-width:3px;border-left-color:var(--primary_color);border-style:solid;\"><h2>I'll be at the reception<\/h2><div class=\"reading-box-description fusion-reading-box-additional\">Bioresonance diagnostics with Dr. Natalia Trofimova \u2013 80.-<\/div><div class=\"fusion-clearfix\"><\/div><a class=\"button fusion-button button-default fusion-button-xlarge button-xlarge button-flat fusion-mobile-button continue-center\" style=\"-webkit-box-shadow:none;-moz-box-shadow:none;box-shadow:none;border-radius:10px 10px 10px 10px\" href=\"https:\/\/biospa.ee\/vanaveeb2026\/biokliinik\/contact-2\/?lang=en\" target=\"_blank\" rel=\"noopener noreferrer\"><span>\u260e (+372) 53 47 15 32<\/span><\/a><\/div><\/div><div class=\"fusion-clearfix\"><\/div><\/div><\/div><\/div><\/div>\n","protected":false},"excerpt":{"rendered":"","protected":false},"author":1,"featured_media":0,"parent":10854,"menu_order":70,"comment_status":"closed","ping_status":"closed","template":"","meta":{"footnotes":""},"class_list":["post-18548","page","type-page","status-publish","hentry"],"yoast_head":"<!-- This site is optimized with the Yoast SEO plugin v27.3 - https:\/\/yoast.com\/product\/yoast-seo-wordpress\/ -->\n<title>Bioresonance diagnostics - Loodus BioSpa<\/title>\n<meta name=\"robots\" content=\"index, follow, max-snippet:-1, max-image-preview:large, max-video-preview:-1\" \/>\n<link rel=\"canonical\" href=\"https:\/\/biospa.ee\/vanaveeb2026\/biokliinik\/raviteenused-biokliinikus\/bioresonantsdiagnostika\/\" \/>\n<meta property=\"og:locale\" content=\"et_EE\" \/>\n<meta property=\"og:type\" content=\"article\" \/>\n<meta property=\"og:title\" content=\"Bioresonance diagnostics - Loodus BioSpa\" \/>\n<meta property=\"og:url\" content=\"https:\/\/biospa.ee\/vanaveeb2026\/biokliinik\/raviteenused-biokliinikus\/bioresonantsdiagnostika\/\" \/>\n<meta property=\"og:site_name\" content=\"Loodus BioSpa\" \/>\n<meta property=\"article:publisher\" content=\"https:\/\/www.facebook.com\/LoodusBioSpa\/\" \/>\n<meta property=\"article:modified_time\" content=\"2025-07-23T11:45:49+00:00\" \/>\n<meta name=\"twitter:card\" content=\"summary_large_image\" \/>\n<meta name=\"twitter:label1\" content=\"Est. reading time\" \/>\n\t<meta name=\"twitter:data1\" content=\"8 minutit\" \/>\n<script type=\"application\/ld+json\" class=\"yoast-schema-graph\">{\"@context\":\"https:\\\/\\\/schema.org\",\"@graph\":[{\"@type\":\"WebPage\",\"@id\":\"https:\\\/\\\/biospa.ee\\\/vanaveeb2026\\\/biokliinik\\\/raviteenused-biokliinikus\\\/bioresonantsdiagnostika\\\/\",\"url\":\"https:\\\/\\\/biospa.ee\\\/vanaveeb2026\\\/biokliinik\\\/raviteenused-biokliinikus\\\/bioresonantsdiagnostika\\\/\",\"name\":\"Bioresonance diagnostics - Loodus BioSpa\",\"isPartOf\":{\"@id\":\"https:\\\/\\\/biospa.ee\\\/vanaveeb2026\\\/?lang=ru\\\/#website\"},\"datePublished\":\"2022-02-15T14:41:32+00:00\",\"dateModified\":\"2025-07-23T11:45:49+00:00\",\"breadcrumb\":{\"@id\":\"https:\\\/\\\/biospa.ee\\\/vanaveeb2026\\\/biokliinik\\\/raviteenused-biokliinikus\\\/bioresonantsdiagnostika\\\/#breadcrumb\"},\"inLanguage\":\"et\",\"potentialAction\":[{\"@type\":\"ReadAction\",\"target\":[\"https:\\\/\\\/biospa.ee\\\/vanaveeb2026\\\/biokliinik\\\/raviteenused-biokliinikus\\\/bioresonantsdiagnostika\\\/\"]}]},{\"@type\":\"BreadcrumbList\",\"@id\":\"https:\\\/\\\/biospa.ee\\\/vanaveeb2026\\\/biokliinik\\\/raviteenused-biokliinikus\\\/bioresonantsdiagnostika\\\/#breadcrumb\",\"itemListElement\":[{\"@type\":\"ListItem\",\"position\":1,\"name\":\"Home\",\"item\":\"https:\\\/\\\/biospa.ee\\\/vanaveeb2026\\\/\"},{\"@type\":\"ListItem\",\"position\":2,\"name\":\"Biokliinik\",\"item\":\"https:\\\/\\\/biospa.ee\\\/vanaveeb2026\\\/biokliinik\\\/?lang=en\"},{\"@type\":\"ListItem\",\"position\":3,\"name\":\"The services in Biokliinik\",\"item\":\"https:\\\/\\\/biospa.ee\\\/vanaveeb2026\\\/biokliinik\\\/treatments-in-biokliinik\\\/?lang=en\"},{\"@type\":\"ListItem\",\"position\":4,\"name\":\"Bioresonance diagnostics\"}]},{\"@type\":\"WebSite\",\"@id\":\"https:\\\/\\\/biospa.ee\\\/vanaveeb2026\\\/?lang=ru\\\/#website\",\"url\":\"https:\\\/\\\/biospa.ee\\\/vanaveeb2026\\\/?lang=ru\\\/\",\"name\":\"Loodus BioSpa\",\"description\":\"Loodus BioSpa\",\"publisher\":{\"@id\":\"https:\\\/\\\/biospa.ee\\\/vanaveeb2026\\\/?lang=ru\\\/#organization\"},\"potentialAction\":[{\"@type\":\"SearchAction\",\"target\":{\"@type\":\"EntryPoint\",\"urlTemplate\":\"https:\\\/\\\/biospa.ee\\\/vanaveeb2026\\\/?lang=ru\\\/?s={search_term_string}\"},\"query-input\":{\"@type\":\"PropertyValueSpecification\",\"valueRequired\":true,\"valueName\":\"search_term_string\"}}],\"inLanguage\":\"et\"},{\"@type\":\"Organization\",\"@id\":\"https:\\\/\\\/biospa.ee\\\/vanaveeb2026\\\/?lang=ru\\\/#organization\",\"name\":\"Tesmasan O\u00dc\",\"url\":\"https:\\\/\\\/biospa.ee\\\/vanaveeb2026\\\/?lang=ru\\\/\",\"logo\":{\"@type\":\"ImageObject\",\"inLanguage\":\"et\",\"@id\":\"https:\\\/\\\/biospa.ee\\\/vanaveeb2026\\\/?lang=ru\\\/#\\\/schema\\\/logo\\\/image\\\/\",\"url\":\"https:\\\/\\\/biospa.ee\\\/vanaveeb2026\\\/vanaveeb2026\\\/wp-content\\\/uploads\\\/2023\\\/06\\\/BioSpa-loggo-est1-0-143.png\",\"contentUrl\":\"https:\\\/\\\/biospa.ee\\\/vanaveeb2026\\\/vanaveeb2026\\\/wp-content\\\/uploads\\\/2023\\\/06\\\/BioSpa-loggo-est1-0-143.png\",\"width\":143,\"height\":59,\"caption\":\"Tesmasan O\u00dc\"},\"image\":{\"@id\":\"https:\\\/\\\/biospa.ee\\\/vanaveeb2026\\\/?lang=ru\\\/#\\\/schema\\\/logo\\\/image\\\/\"},\"sameAs\":[\"https:\\\/\\\/www.facebook.com\\\/LoodusBioSpa\\\/\",\"https:\\\/\\\/www.instagram.com\\\/loodusbiospa\\\/\"]}]}<\/script>\n<!-- \/ Yoast SEO plugin. -->","yoast_head_json":{"title":"Bioresonance diagnostics - Loodus BioSpa","robots":{"index":"index","follow":"follow","max-snippet":"max-snippet:-1","max-image-preview":"max-image-preview:large","max-video-preview":"max-video-preview:-1"},"canonical":"https:\/\/biospa.ee\/vanaveeb2026\/biokliinik\/raviteenused-biokliinikus\/bioresonantsdiagnostika\/","og_locale":"et_EE","og_type":"article","og_title":"Bioresonance diagnostics - Loodus BioSpa","og_url":"https:\/\/biospa.ee\/vanaveeb2026\/biokliinik\/raviteenused-biokliinikus\/bioresonantsdiagnostika\/","og_site_name":"Loodus BioSpa","article_publisher":"https:\/\/www.facebook.com\/LoodusBioSpa\/","article_modified_time":"2025-07-23T11:45:49+00:00","twitter_card":"summary_large_image","twitter_misc":{"Est. reading time":"8 minutit"},"schema":{"@context":"https:\/\/schema.org","@graph":[{"@type":"WebPage","@id":"https:\/\/biospa.ee\/vanaveeb2026\/biokliinik\/raviteenused-biokliinikus\/bioresonantsdiagnostika\/","url":"https:\/\/biospa.ee\/vanaveeb2026\/biokliinik\/raviteenused-biokliinikus\/bioresonantsdiagnostika\/","name":"Bioresonance diagnostics - Loodus BioSpa","isPartOf":{"@id":"https:\/\/biospa.ee\/vanaveeb2026\/?lang=ru\/#website"},"datePublished":"2022-02-15T14:41:32+00:00","dateModified":"2025-07-23T11:45:49+00:00","breadcrumb":{"@id":"https:\/\/biospa.ee\/vanaveeb2026\/biokliinik\/raviteenused-biokliinikus\/bioresonantsdiagnostika\/#breadcrumb"},"inLanguage":"et","potentialAction":[{"@type":"ReadAction","target":["https:\/\/biospa.ee\/vanaveeb2026\/biokliinik\/raviteenused-biokliinikus\/bioresonantsdiagnostika\/"]}]},{"@type":"BreadcrumbList","@id":"https:\/\/biospa.ee\/vanaveeb2026\/biokliinik\/raviteenused-biokliinikus\/bioresonantsdiagnostika\/#breadcrumb","itemListElement":[{"@type":"ListItem","position":1,"name":"Home","item":"https:\/\/biospa.ee\/vanaveeb2026\/"},{"@type":"ListItem","position":2,"name":"Biokliinik","item":"https:\/\/biospa.ee\/vanaveeb2026\/biokliinik\/?lang=en"},{"@type":"ListItem","position":3,"name":"The services in Biokliinik","item":"https:\/\/biospa.ee\/vanaveeb2026\/biokliinik\/treatments-in-biokliinik\/?lang=en"},{"@type":"ListItem","position":4,"name":"Bioresonance diagnostics"}]},{"@type":"WebSite","@id":"https:\/\/biospa.ee\/vanaveeb2026\/?lang=ru\/#website","url":"https:\/\/biospa.ee\/vanaveeb2026\/?lang=ru\/","name":"Loodus BioSpa","description":"Loodus BioSpa","publisher":{"@id":"https:\/\/biospa.ee\/vanaveeb2026\/?lang=ru\/#organization"},"potentialAction":[{"@type":"SearchAction","target":{"@type":"EntryPoint","urlTemplate":"https:\/\/biospa.ee\/vanaveeb2026\/?lang=ru\/?s={search_term_string}"},"query-input":{"@type":"PropertyValueSpecification","valueRequired":true,"valueName":"search_term_string"}}],"inLanguage":"et"},{"@type":"Organization","@id":"https:\/\/biospa.ee\/vanaveeb2026\/?lang=ru\/#organization","name":"Tesmasan O\u00dc","url":"https:\/\/biospa.ee\/vanaveeb2026\/?lang=ru\/","logo":{"@type":"ImageObject","inLanguage":"et","@id":"https:\/\/biospa.ee\/vanaveeb2026\/?lang=ru\/#\/schema\/logo\/image\/","url":"https:\/\/biospa.ee\/vanaveeb2026\/vanaveeb2026\/wp-content\/uploads\/2023\/06\/BioSpa-loggo-est1-0-143.png","contentUrl":"https:\/\/biospa.ee\/vanaveeb2026\/vanaveeb2026\/wp-content\/uploads\/2023\/06\/BioSpa-loggo-est1-0-143.png","width":143,"height":59,"caption":"Tesmasan O\u00dc"},"image":{"@id":"https:\/\/biospa.ee\/vanaveeb2026\/?lang=ru\/#\/schema\/logo\/image\/"},"sameAs":["https:\/\/www.facebook.com\/LoodusBioSpa\/","https:\/\/www.instagram.com\/loodusbiospa\/"]}]}},"_links":{"self":[{"href":"https:\/\/biospa.ee\/vanaveeb2026\/wp-json\/wp\/v2\/pages\/18548","targetHints":{"allow":["GET"]}}],"collection":[{"href":"https:\/\/biospa.ee\/vanaveeb2026\/wp-json\/wp\/v2\/pages"}],"about":[{"href":"https:\/\/biospa.ee\/vanaveeb2026\/wp-json\/wp\/v2\/types\/page"}],"author":[{"embeddable":true,"href":"https:\/\/biospa.ee\/vanaveeb2026\/wp-json\/wp\/v2\/users\/1"}],"replies":[{"embeddable":true,"href":"https:\/\/biospa.ee\/vanaveeb2026\/wp-json\/wp\/v2\/comments?post=18548"}],"version-history":[{"count":5,"href":"https:\/\/biospa.ee\/vanaveeb2026\/wp-json\/wp\/v2\/pages\/18548\/revisions"}],"predecessor-version":[{"id":94120,"href":"https:\/\/biospa.ee\/vanaveeb2026\/wp-json\/wp\/v2\/pages\/18548\/revisions\/94120"}],"up":[{"embeddable":true,"href":"https:\/\/biospa.ee\/vanaveeb2026\/wp-json\/wp\/v2\/pages\/10854"}],"wp:attachment":[{"href":"https:\/\/biospa.ee\/vanaveeb2026\/wp-json\/wp\/v2\/media?parent=18548"}],"curies":[{"name":"wp","href":"https:\/\/api.w.org\/{rel}","templated":true}]}}