{"id":18576,"date":"2022-02-17T13:11:57","date_gmt":"2022-02-17T11:11:57","guid":{"rendered":"https:\/\/biospa.ee\/vanaveeb2026\/%d0%b4%d0%be%d0%bc%d0%b0%d1%88%d0%bd%d0%b8%d0%b9-%d0%ba%d1%83%d1%80%d1%81-%d1%87%d0%b8%d1%81%d1%82%d0%ba%d0%b8-detox-plus\/"},"modified":"2023-05-03T17:06:22","modified_gmt":"2023-05-03T14:06:22","slug":"%d0%b4%d0%be%d0%bc%d0%b0%d1%88%d0%bd%d0%b8%d0%b9-%d0%ba%d1%83%d1%80%d1%81-%d1%87%d0%b8%d1%81%d1%82%d0%ba%d0%b8-detox-plus","status":"publish","type":"page","link":"https:\/\/biospa.ee\/vanaveeb2026\/%d0%b4%d0%be%d0%bc%d0%b0%d1%88%d0%bd%d0%b8%d0%b9-%d0%ba%d1%83%d1%80%d1%81-%d1%87%d0%b8%d1%81%d1%82%d0%ba%d0%b8-detox-plus\/?lang=ru","title":{"rendered":"\u0414\u043e\u043c\u0430\u0448\u043d\u0438\u0439 \u043a\u0443\u0440\u0441 \u0447\u0438\u0441\u0442\u043a\u0438 DETOX PLUS"},"content":{"rendered":"<p><div class=\"fusion-fullwidth fullwidth-box fusion-builder-row-1 nonhundred-percent-fullwidth non-hundred-percent-height-scrolling\" style=\"--awb-border-radius-top-left:0px;--awb-border-radius-top-right:0px;--awb-border-radius-bottom-right:0px;--awb-border-radius-bottom-left:0px;--awb-flex-wrap:wrap;\" ><div class=\"fusion-builder-row fusion-row\"><div class=\"fusion-layout-column fusion_builder_column fusion-builder-column-0 fusion_builder_column_2_3 2_3 fusion-two-third fusion-column-first\" style=\"--awb-bg-size:cover;width:66.6666666667%;width:calc(66.6666666667% - ( ( 4% ) * 0.666666666667 ) );margin-right: 4%;\"><div class=\"fusion-column-wrapper fusion-column-has-shadow fusion-flex-column-wrapper-legacy\"><div class=\"fusion-image-element in-legacy-container\" style=\"--awb-caption-title-font-family:var(--h2_typography-font-family);--awb-caption-title-font-weight:var(--h2_typography-font-weight);--awb-caption-title-font-style:var(--h2_typography-font-style);--awb-caption-title-size:var(--h2_typography-font-size);--awb-caption-title-transform:var(--h2_typography-text-transform);--awb-caption-title-line-height:var(--h2_typography-line-height);--awb-caption-title-letter-spacing:var(--h2_typography-letter-spacing);\"><span class=\" fusion-imageframe imageframe-dropshadow imageframe-1 hover-type-none\" style=\"-webkit-box-shadow: 3px 3px 7px rgba(0,0,0,0.3);box-shadow: 3px 3px 7px rgba(0,0,0,0.3);\"><img decoding=\"async\" width=\"800\" height=\"600\" title=\"Kodune detoks detox massaaz\" src=\"https:\/\/biospa.ee\/vanaveeb2026\/wp-content\/uploads\/2021\/12\/Kodune-detoks-detox-massaaz.jpeg\" alt class=\"img-responsive wp-image-17656\" srcset=\"https:\/\/biospa.ee\/vanaveeb2026\/wp-content\/uploads\/2021\/12\/Kodune-detoks-detox-massaaz-200x150.jpeg 200w, https:\/\/biospa.ee\/vanaveeb2026\/wp-content\/uploads\/2021\/12\/Kodune-detoks-detox-massaaz-400x300.jpeg 400w, https:\/\/biospa.ee\/vanaveeb2026\/wp-content\/uploads\/2021\/12\/Kodune-detoks-detox-massaaz-600x450.jpeg 600w, https:\/\/biospa.ee\/vanaveeb2026\/wp-content\/uploads\/2021\/12\/Kodune-detoks-detox-massaaz.jpeg 800w\" sizes=\"(max-width: 800px) 100vw, 800px\" \/><\/span><\/div><div class=\"fusion-sep-clear\"><\/div><div class=\"fusion-separator fusion-full-width-sep\" style=\"margin-left: auto;margin-right: auto;margin-top:20px;width:100%;\"><\/div><div class=\"fusion-sep-clear\"><\/div><div class=\"fusion-text fusion-text-1\" style=\"--awb-text-transform:none;\"><div class=\"fusion-text fusion-text-1\">\n<p>Puhastuskuur DETOX PLUSS on eriti t\u00f5hus selliste probleemide korral nagu:<\/p>\n<p>soov t\u00f5husalt kaalust alla v\u00f5tta<br \/>\nk\u00f5rge kolesteroolitase v\u00f5i k\u00f5rge verer\u00f5hk<br \/>\nseedeprobleemid, puhitus<br \/>\nallergiad, l\u00f6\u00f6bed ja akne<br \/>\nkroonilised haigused<br \/>\npankreatiit, hepatiit<br \/>\nosteoartriit, diabeet, s\u00fcdamehaigused<\/p>\n<p>T\u00e4nu puhastuskursusele:<\/p>\n<p>Suurendab: energiat, t\u00e4helepanu, intellektuaalseid v\u00f5imeid, immuunsust, potentsi, hormoonide taset<br \/>\nParandab: meeleolu, m\u00e4lu, n\u00e4gemist, kuulmist, seedimist, hingamist, nahka ja juukseid, liigeseid ja selgroogu<br \/>\nV\u00e4hendab: kehakaalu, n\u00e4rvilisust, k\u00f5ikide organite ja s\u00fcsteemide m\u00fcrgitust, veresuhkrut, kroonilist v\u00e4simust, verer\u00f5hku<\/p>\n<\/div>\n<\/div><div class=\"fusion-reading-box-container reading-box-container-1 fusion-no-large-visibility\" style=\"--awb-title-color:#472a2a;--awb-margin-top:0px;--awb-margin-bottom:84px;\"><div class=\"reading-box reading-box-center\" style=\"background-color:#f6f6f6;border-width:1px;border-color:#f6f6f6;border-left-width:3px;border-left-color:var(--primary_color);border-style:solid;\"><div class=\"reading-box-description\">\u041a\u0443\u0440\u0441 \u043e\u0447\u0438\u0441\u0442\u043a\u0438 DETOX PLUSS<\/div><div class=\"fusion-clearfix\"><\/div><a class=\"button fusion-button button-default fusion-button-xlarge button-xlarge button-flat fusion-mobile-button continue-center\" style=\"-webkit-box-shadow:none;-moz-box-shadow:none;box-shadow:none;border-radius:10px 10px 10px 10px\" href=\"https:\/\/biospa.ee\/vanaveeb2026\/biokliinik\/%d0%ba%d0%be%d0%bd%d1%82%d0%b0%d0%ba%d1%82-2\/?lang=ru\" target=\"_blank\" rel=\"noopener noreferrer\"><span>\u260e (+372) 53 47 15 32<\/span><\/a><\/div><\/div><div class=\"fusion-clearfix\"><\/div><\/div><\/div><div class=\"fusion-layout-column fusion_builder_column fusion-builder-column-1 fusion_builder_column_1_3 1_3 fusion-one-third fusion-column-last\" style=\"--awb-bg-size:cover;width:33.3333333333%;width:calc(33.3333333333% - ( ( 4% ) * 0.333333333333 ) );\"><div class=\"fusion-column-wrapper fusion-column-has-shadow fusion-flex-column-wrapper-legacy\"><div class=\"fusion-text fusion-text-2\" style=\"--awb-text-transform:none;\"><p>Kahen\u00e4dalane DETOX PLUSS hooldus sisaldab:<\/p>\n<ul>\n<li>Dr. Natalia Trofimova meditsiiniline vastuv\u00f5tt, sealhulgas keha seisundi anal\u00fc\u00fcs &#8211; bioresonants arvutidiagnostika<\/li>\n<li>dieediarsti vastuv\u00f5tt<\/li>\n<li>eriprotseduuride ja mikroelementide kompleks<\/li>\n<li>tervisliku eluviisi n\u00f5uanded<\/li>\n<li>Dietoloogi soovitused toitumisharjumuste muutmiseks v\u00f5i korrigeerimiseks<\/li>\n<li>pressoteraapia kursus toksiinide eemaldamiseks kehast ideaalse figuuri loomiseks &#8211; 3 tundi<\/li>\n<\/ul>\n<\/div><div class=\"fusion-sep-clear\"><\/div><div class=\"fusion-separator fusion-full-width-sep\" style=\"margin-left: auto;margin-right: auto;width:100%;\"><\/div><div class=\"fusion-sep-clear\"><\/div><div class=\"fusion-reading-box-container reading-box-container-2\" style=\"--awb-title-color:#472a2a;--awb-margin-top:0px;--awb-margin-bottom:84px;\"><div class=\"reading-box reading-box-center\" style=\"background-color:#f6f6f6;border-width:1px;border-color:#f6f6f6;border-left-width:3px;border-left-color:var(--primary_color);border-style:solid;\"><h2>LIITU SIIN<\/h2><div class=\"reading-box-description fusion-reading-box-additional\">Puhastuskuur DETOX PLUSS 199,-<\/div><div class=\"fusion-clearfix\"><\/div><a class=\"button fusion-button button-default fusion-button-xlarge button-xlarge button-flat fusion-mobile-button continue-center\" style=\"-webkit-box-shadow:none;-moz-box-shadow:none;box-shadow:none;border-radius:10px 10px 10px 10px\" href=\"https:\/\/biospa.ee\/vanaveeb2026\/?post_type=product&amp;p=15005\" target=\"_blank\" rel=\"noopener noreferrer\"><span>E-POOD<\/span><\/a><\/div><\/div><div class=\"fusion-clearfix\"><\/div><\/div><\/div><\/div><\/div><div class=\"fusion-fullwidth fullwidth-box fusion-builder-row-2 nonhundred-percent-fullwidth non-hundred-percent-height-scrolling\" style=\"--awb-border-radius-top-left:0px;--awb-border-radius-top-right:0px;--awb-border-radius-bottom-right:0px;--awb-border-radius-bottom-left:0px;--awb-flex-wrap:wrap;\" ><div class=\"fusion-builder-row fusion-row\"><div class=\"fusion-layout-column fusion_builder_column fusion-builder-column-2 fusion_builder_column_2_3 2_3 fusion-two-third fusion-column-first\" style=\"--awb-bg-size:cover;width:66.6666666667%;width:calc(66.6666666667% - ( ( 4% ) * 0.666666666667 ) );margin-right: 4%;\"><div class=\"fusion-column-wrapper fusion-column-has-shadow fusion-flex-column-wrapper-legacy\"><div class=\"fusion-clearfix\"><\/div><\/div><\/div><div class=\"fusion-layout-column fusion_builder_column fusion-builder-column-3 fusion_builder_column_1_3 1_3 fusion-one-third fusion-column-last\" style=\"--awb-bg-size:cover;width:33.3333333333%;width:calc(33.3333333333% - ( ( 4% ) * 0.333333333333 ) );\"><div class=\"fusion-column-wrapper fusion-column-has-shadow fusion-flex-column-wrapper-legacy\"><div class=\"fusion-clearfix\"><\/div><\/div><\/div><\/div><\/div><\/p>\n","protected":false},"excerpt":{"rendered":"","protected":false},"author":4,"featured_media":0,"parent":0,"menu_order":50,"comment_status":"closed","ping_status":"closed","template":"","meta":{"footnotes":""},"class_list":["post-18576","page","type-page","status-publish","hentry"],"yoast_head":"<!-- This site is optimized with the Yoast SEO plugin v27.3 - https:\/\/yoast.com\/product\/yoast-seo-wordpress\/ -->\n<title>\u0414\u043e\u043c\u0430\u0448\u043d\u0438\u0439 \u043a\u0443\u0440\u0441 \u0447\u0438\u0441\u0442\u043a\u0438 DETOX PLUS - Loodus BioSpa<\/title>\n<meta name=\"robots\" content=\"index, follow, max-snippet:-1, max-image-preview:large, max-video-preview:-1\" \/>\n<link rel=\"canonical\" href=\"https:\/\/biospa.ee\/vanaveeb2026\/\u0434\u043e\u043c\u0430\u0448\u043d\u0438\u0439-\u043a\u0443\u0440\u0441-\u0447\u0438\u0441\u0442\u043a\u0438-detox-plus\/?lang=ru\" \/>\n<meta property=\"og:locale\" content=\"et_EE\" \/>\n<meta property=\"og:type\" content=\"article\" \/>\n<meta property=\"og:title\" content=\"\u0414\u043e\u043c\u0430\u0448\u043d\u0438\u0439 \u043a\u0443\u0440\u0441 \u0447\u0438\u0441\u0442\u043a\u0438 DETOX PLUS - Loodus BioSpa\" \/>\n<meta property=\"og:url\" content=\"https:\/\/biospa.ee\/vanaveeb2026\/\u0434\u043e\u043c\u0430\u0448\u043d\u0438\u0439-\u043a\u0443\u0440\u0441-\u0447\u0438\u0441\u0442\u043a\u0438-detox-plus\/?lang=ru\" \/>\n<meta property=\"og:site_name\" content=\"Loodus BioSpa\" \/>\n<meta property=\"article:publisher\" content=\"https:\/\/www.facebook.com\/LoodusBioSpa\/\" \/>\n<meta property=\"article:modified_time\" content=\"2023-05-03T14:06:22+00:00\" \/>\n<meta name=\"twitter:card\" content=\"summary_large_image\" \/>\n<meta name=\"twitter:label1\" content=\"Est. reading time\" \/>\n\t<meta name=\"twitter:data1\" content=\"9 minutit\" \/>\n<script type=\"application\/ld+json\" class=\"yoast-schema-graph\">{\"@context\":\"https:\\\/\\\/schema.org\",\"@graph\":[{\"@type\":\"WebPage\",\"@id\":\"https:\\\/\\\/biospa.ee\\\/vanaveeb2026\\\/%d0%b4%d0%be%d0%bc%d0%b0%d1%88%d0%bd%d0%b8%d0%b9-%d0%ba%d1%83%d1%80%d1%81-%d1%87%d0%b8%d1%81%d1%82%d0%ba%d0%b8-detox-plus\\\/?lang=ru\",\"url\":\"https:\\\/\\\/biospa.ee\\\/vanaveeb2026\\\/%d0%b4%d0%be%d0%bc%d0%b0%d1%88%d0%bd%d0%b8%d0%b9-%d0%ba%d1%83%d1%80%d1%81-%d1%87%d0%b8%d1%81%d1%82%d0%ba%d0%b8-detox-plus\\\/?lang=ru\",\"name\":\"\u0414\u043e\u043c\u0430\u0448\u043d\u0438\u0439 \u043a\u0443\u0440\u0441 \u0447\u0438\u0441\u0442\u043a\u0438 DETOX PLUS - Loodus BioSpa\",\"isPartOf\":{\"@id\":\"https:\\\/\\\/biospa.ee\\\/vanaveeb2026\\\/?lang=ru\\\/#website\"},\"datePublished\":\"2022-02-17T11:11:57+00:00\",\"dateModified\":\"2023-05-03T14:06:22+00:00\",\"breadcrumb\":{\"@id\":\"https:\\\/\\\/biospa.ee\\\/vanaveeb2026\\\/%d0%b4%d0%be%d0%bc%d0%b0%d1%88%d0%bd%d0%b8%d0%b9-%d0%ba%d1%83%d1%80%d1%81-%d1%87%d0%b8%d1%81%d1%82%d0%ba%d0%b8-detox-plus\\\/?lang=ru#breadcrumb\"},\"inLanguage\":\"et\",\"potentialAction\":[{\"@type\":\"ReadAction\",\"target\":[\"https:\\\/\\\/biospa.ee\\\/vanaveeb2026\\\/%d0%b4%d0%be%d0%bc%d0%b0%d1%88%d0%bd%d0%b8%d0%b9-%d0%ba%d1%83%d1%80%d1%81-%d1%87%d0%b8%d1%81%d1%82%d0%ba%d0%b8-detox-plus\\\/?lang=ru\"]}]},{\"@type\":\"BreadcrumbList\",\"@id\":\"https:\\\/\\\/biospa.ee\\\/vanaveeb2026\\\/%d0%b4%d0%be%d0%bc%d0%b0%d1%88%d0%bd%d0%b8%d0%b9-%d0%ba%d1%83%d1%80%d1%81-%d1%87%d0%b8%d1%81%d1%82%d0%ba%d0%b8-detox-plus\\\/?lang=ru#breadcrumb\",\"itemListElement\":[{\"@type\":\"ListItem\",\"position\":1,\"name\":\"Home\",\"item\":\"https:\\\/\\\/biospa.ee\\\/vanaveeb2026\\\/\"},{\"@type\":\"ListItem\",\"position\":2,\"name\":\"\u0414\u043e\u043c\u0430\u0448\u043d\u0438\u0439 \u043a\u0443\u0440\u0441 \u0447\u0438\u0441\u0442\u043a\u0438 DETOX PLUS\"}]},{\"@type\":\"WebSite\",\"@id\":\"https:\\\/\\\/biospa.ee\\\/vanaveeb2026\\\/?lang=ru\\\/#website\",\"url\":\"https:\\\/\\\/biospa.ee\\\/vanaveeb2026\\\/?lang=ru\\\/\",\"name\":\"Loodus BioSpa\",\"description\":\"Loodus BioSpa\",\"publisher\":{\"@id\":\"https:\\\/\\\/biospa.ee\\\/vanaveeb2026\\\/?lang=ru\\\/#organization\"},\"potentialAction\":[{\"@type\":\"SearchAction\",\"target\":{\"@type\":\"EntryPoint\",\"urlTemplate\":\"https:\\\/\\\/biospa.ee\\\/vanaveeb2026\\\/?lang=ru\\\/?s={search_term_string}\"},\"query-input\":{\"@type\":\"PropertyValueSpecification\",\"valueRequired\":true,\"valueName\":\"search_term_string\"}}],\"inLanguage\":\"et\"},{\"@type\":\"Organization\",\"@id\":\"https:\\\/\\\/biospa.ee\\\/vanaveeb2026\\\/?lang=ru\\\/#organization\",\"name\":\"Tesmasan O\u00dc\",\"url\":\"https:\\\/\\\/biospa.ee\\\/vanaveeb2026\\\/?lang=ru\\\/\",\"logo\":{\"@type\":\"ImageObject\",\"inLanguage\":\"et\",\"@id\":\"https:\\\/\\\/biospa.ee\\\/vanaveeb2026\\\/?lang=ru\\\/#\\\/schema\\\/logo\\\/image\\\/\",\"url\":\"https:\\\/\\\/biospa.ee\\\/vanaveeb2026\\\/vanaveeb2026\\\/wp-content\\\/uploads\\\/2023\\\/06\\\/BioSpa-loggo-est1-0-143.png\",\"contentUrl\":\"https:\\\/\\\/biospa.ee\\\/vanaveeb2026\\\/vanaveeb2026\\\/wp-content\\\/uploads\\\/2023\\\/06\\\/BioSpa-loggo-est1-0-143.png\",\"width\":143,\"height\":59,\"caption\":\"Tesmasan O\u00dc\"},\"image\":{\"@id\":\"https:\\\/\\\/biospa.ee\\\/vanaveeb2026\\\/?lang=ru\\\/#\\\/schema\\\/logo\\\/image\\\/\"},\"sameAs\":[\"https:\\\/\\\/www.facebook.com\\\/LoodusBioSpa\\\/\",\"https:\\\/\\\/www.instagram.com\\\/loodusbiospa\\\/\"]}]}<\/script>\n<!-- \/ Yoast SEO plugin. -->","yoast_head_json":{"title":"\u0414\u043e\u043c\u0430\u0448\u043d\u0438\u0439 \u043a\u0443\u0440\u0441 \u0447\u0438\u0441\u0442\u043a\u0438 DETOX PLUS - Loodus BioSpa","robots":{"index":"index","follow":"follow","max-snippet":"max-snippet:-1","max-image-preview":"max-image-preview:large","max-video-preview":"max-video-preview:-1"},"canonical":"https:\/\/biospa.ee\/vanaveeb2026\/\u0434\u043e\u043c\u0430\u0448\u043d\u0438\u0439-\u043a\u0443\u0440\u0441-\u0447\u0438\u0441\u0442\u043a\u0438-detox-plus\/?lang=ru","og_locale":"et_EE","og_type":"article","og_title":"\u0414\u043e\u043c\u0430\u0448\u043d\u0438\u0439 \u043a\u0443\u0440\u0441 \u0447\u0438\u0441\u0442\u043a\u0438 DETOX PLUS - Loodus BioSpa","og_url":"https:\/\/biospa.ee\/vanaveeb2026\/\u0434\u043e\u043c\u0430\u0448\u043d\u0438\u0439-\u043a\u0443\u0440\u0441-\u0447\u0438\u0441\u0442\u043a\u0438-detox-plus\/?lang=ru","og_site_name":"Loodus BioSpa","article_publisher":"https:\/\/www.facebook.com\/LoodusBioSpa\/","article_modified_time":"2023-05-03T14:06:22+00:00","twitter_card":"summary_large_image","twitter_misc":{"Est. reading time":"9 minutit"},"schema":{"@context":"https:\/\/schema.org","@graph":[{"@type":"WebPage","@id":"https:\/\/biospa.ee\/vanaveeb2026\/%d0%b4%d0%be%d0%bc%d0%b0%d1%88%d0%bd%d0%b8%d0%b9-%d0%ba%d1%83%d1%80%d1%81-%d1%87%d0%b8%d1%81%d1%82%d0%ba%d0%b8-detox-plus\/?lang=ru","url":"https:\/\/biospa.ee\/vanaveeb2026\/%d0%b4%d0%be%d0%bc%d0%b0%d1%88%d0%bd%d0%b8%d0%b9-%d0%ba%d1%83%d1%80%d1%81-%d1%87%d0%b8%d1%81%d1%82%d0%ba%d0%b8-detox-plus\/?lang=ru","name":"\u0414\u043e\u043c\u0430\u0448\u043d\u0438\u0439 \u043a\u0443\u0440\u0441 \u0447\u0438\u0441\u0442\u043a\u0438 DETOX PLUS - Loodus BioSpa","isPartOf":{"@id":"https:\/\/biospa.ee\/vanaveeb2026\/?lang=ru\/#website"},"datePublished":"2022-02-17T11:11:57+00:00","dateModified":"2023-05-03T14:06:22+00:00","breadcrumb":{"@id":"https:\/\/biospa.ee\/vanaveeb2026\/%d0%b4%d0%be%d0%bc%d0%b0%d1%88%d0%bd%d0%b8%d0%b9-%d0%ba%d1%83%d1%80%d1%81-%d1%87%d0%b8%d1%81%d1%82%d0%ba%d0%b8-detox-plus\/?lang=ru#breadcrumb"},"inLanguage":"et","potentialAction":[{"@type":"ReadAction","target":["https:\/\/biospa.ee\/vanaveeb2026\/%d0%b4%d0%be%d0%bc%d0%b0%d1%88%d0%bd%d0%b8%d0%b9-%d0%ba%d1%83%d1%80%d1%81-%d1%87%d0%b8%d1%81%d1%82%d0%ba%d0%b8-detox-plus\/?lang=ru"]}]},{"@type":"BreadcrumbList","@id":"https:\/\/biospa.ee\/vanaveeb2026\/%d0%b4%d0%be%d0%bc%d0%b0%d1%88%d0%bd%d0%b8%d0%b9-%d0%ba%d1%83%d1%80%d1%81-%d1%87%d0%b8%d1%81%d1%82%d0%ba%d0%b8-detox-plus\/?lang=ru#breadcrumb","itemListElement":[{"@type":"ListItem","position":1,"name":"Home","item":"https:\/\/biospa.ee\/vanaveeb2026\/"},{"@type":"ListItem","position":2,"name":"\u0414\u043e\u043c\u0430\u0448\u043d\u0438\u0439 \u043a\u0443\u0440\u0441 \u0447\u0438\u0441\u0442\u043a\u0438 DETOX PLUS"}]},{"@type":"WebSite","@id":"https:\/\/biospa.ee\/vanaveeb2026\/?lang=ru\/#website","url":"https:\/\/biospa.ee\/vanaveeb2026\/?lang=ru\/","name":"Loodus BioSpa","description":"Loodus BioSpa","publisher":{"@id":"https:\/\/biospa.ee\/vanaveeb2026\/?lang=ru\/#organization"},"potentialAction":[{"@type":"SearchAction","target":{"@type":"EntryPoint","urlTemplate":"https:\/\/biospa.ee\/vanaveeb2026\/?lang=ru\/?s={search_term_string}"},"query-input":{"@type":"PropertyValueSpecification","valueRequired":true,"valueName":"search_term_string"}}],"inLanguage":"et"},{"@type":"Organization","@id":"https:\/\/biospa.ee\/vanaveeb2026\/?lang=ru\/#organization","name":"Tesmasan O\u00dc","url":"https:\/\/biospa.ee\/vanaveeb2026\/?lang=ru\/","logo":{"@type":"ImageObject","inLanguage":"et","@id":"https:\/\/biospa.ee\/vanaveeb2026\/?lang=ru\/#\/schema\/logo\/image\/","url":"https:\/\/biospa.ee\/vanaveeb2026\/vanaveeb2026\/wp-content\/uploads\/2023\/06\/BioSpa-loggo-est1-0-143.png","contentUrl":"https:\/\/biospa.ee\/vanaveeb2026\/vanaveeb2026\/wp-content\/uploads\/2023\/06\/BioSpa-loggo-est1-0-143.png","width":143,"height":59,"caption":"Tesmasan O\u00dc"},"image":{"@id":"https:\/\/biospa.ee\/vanaveeb2026\/?lang=ru\/#\/schema\/logo\/image\/"},"sameAs":["https:\/\/www.facebook.com\/LoodusBioSpa\/","https:\/\/www.instagram.com\/loodusbiospa\/"]}]}},"_links":{"self":[{"href":"https:\/\/biospa.ee\/vanaveeb2026\/wp-json\/wp\/v2\/pages\/18576","targetHints":{"allow":["GET"]}}],"collection":[{"href":"https:\/\/biospa.ee\/vanaveeb2026\/wp-json\/wp\/v2\/pages"}],"about":[{"href":"https:\/\/biospa.ee\/vanaveeb2026\/wp-json\/wp\/v2\/types\/page"}],"author":[{"embeddable":true,"href":"https:\/\/biospa.ee\/vanaveeb2026\/wp-json\/wp\/v2\/users\/4"}],"replies":[{"embeddable":true,"href":"https:\/\/biospa.ee\/vanaveeb2026\/wp-json\/wp\/v2\/comments?post=18576"}],"version-history":[{"count":0,"href":"https:\/\/biospa.ee\/vanaveeb2026\/wp-json\/wp\/v2\/pages\/18576\/revisions"}],"wp:attachment":[{"href":"https:\/\/biospa.ee\/vanaveeb2026\/wp-json\/wp\/v2\/media?parent=18576"}],"curies":[{"name":"wp","href":"https:\/\/api.w.org\/{rel}","templated":true}]}}