{"id":25841,"date":"2023-05-15T12:37:40","date_gmt":"2023-05-15T09:37:40","guid":{"rendered":"https:\/\/biospa.ee\/vanaveeb2026\/arstnieciska-badosanas\/"},"modified":"2026-02-24T11:22:42","modified_gmt":"2026-02-24T09:22:42","slug":"arstnieciska-badosanas","status":"publish","type":"page","link":"https:\/\/biospa.ee\/vanaveeb2026\/arstnieciska-badosanas\/?lang=lv","title":{"rendered":"\u0100rstniecisk\u0101 bado\u0161an\u0101s"},"content":{"rendered":"<div class=\"fusion-fullwidth fullwidth-box fusion-builder-row-1 nonhundred-percent-fullwidth non-hundred-percent-height-scrolling\" style=\"--awb-border-radius-top-left:0px;--awb-border-radius-top-right:0px;--awb-border-radius-bottom-right:0px;--awb-border-radius-bottom-left:0px;--awb-flex-wrap:wrap;\" ><div class=\"fusion-builder-row fusion-row\"><div class=\"fusion-layout-column fusion_builder_column fusion-builder-column-0 fusion_builder_column_2_3 2_3 fusion-two-third fusion-column-first\" style=\"--awb-bg-size:cover;width:66.6666666667%;width:calc(66.6666666667% - ( ( 4% ) * 0.666666666667 ) );margin-right: 4%;\"><div class=\"fusion-column-wrapper fusion-column-has-shadow fusion-flex-column-wrapper-legacy\"><div class=\"fusion-image-element in-legacy-container\" style=\"--awb-aspect-ratio:3 \/ 1;--awb-caption-title-font-family:var(--h2_typography-font-family);--awb-caption-title-font-weight:var(--h2_typography-font-weight);--awb-caption-title-font-style:var(--h2_typography-font-style);--awb-caption-title-size:var(--h2_typography-font-size);--awb-caption-title-transform:var(--h2_typography-text-transform);--awb-caption-title-line-height:var(--h2_typography-line-height);--awb-caption-title-letter-spacing:var(--h2_typography-letter-spacing);\"><span class=\" fusion-imageframe imageframe-dropshadow imageframe-1 hover-type-none has-aspect-ratio\" style=\"-webkit-box-shadow: 3px 3px 7px rgba(0,0,0,0.3);box-shadow: 3px 3px 7px rgba(0,0,0,0.3);\"><img decoding=\"async\" width=\"2400\" height=\"1601\" title=\"WEB_Kroot_Tarkmeel_Photography-3440 (1)\" src=\"https:\/\/biospa.ee\/vanaveeb2026\/wp-content\/uploads\/2025\/10\/WEB_Kroot_Tarkmeel_Photography-3440-1.jpg\" class=\"img-responsive wp-image-94827 img-with-aspect-ratio\" data-parent-fit=\"cover\" data-parent-container=\".fusion-image-element\" alt srcset=\"https:\/\/biospa.ee\/vanaveeb2026\/wp-content\/uploads\/2025\/10\/WEB_Kroot_Tarkmeel_Photography-3440-1-200x133.jpg 200w, https:\/\/biospa.ee\/vanaveeb2026\/wp-content\/uploads\/2025\/10\/WEB_Kroot_Tarkmeel_Photography-3440-1-400x267.jpg 400w, https:\/\/biospa.ee\/vanaveeb2026\/wp-content\/uploads\/2025\/10\/WEB_Kroot_Tarkmeel_Photography-3440-1-600x400.jpg 600w, https:\/\/biospa.ee\/vanaveeb2026\/wp-content\/uploads\/2025\/10\/WEB_Kroot_Tarkmeel_Photography-3440-1-800x534.jpg 800w, https:\/\/biospa.ee\/vanaveeb2026\/wp-content\/uploads\/2025\/10\/WEB_Kroot_Tarkmeel_Photography-3440-1-1200x801.jpg 1200w, https:\/\/biospa.ee\/vanaveeb2026\/wp-content\/uploads\/2025\/10\/WEB_Kroot_Tarkmeel_Photography-3440-1.jpg 2400w\" sizes=\"(max-width: 800px) 100vw, 1200px\" \/><\/span><\/div><div class=\"fusion-sep-clear\"><\/div><div class=\"fusion-separator fusion-full-width-sep\" style=\"margin-left: auto;margin-right: auto;margin-top:10px;width:100%;\"><\/div><div class=\"fusion-sep-clear\"><\/div><div class=\"fusion-text fusion-text-1\" style=\"--awb-text-transform:none;\"><p>\u0100rstniecisk\u0101 bado\u0161an\u0101s, p\u0113c vair\u0101ku t\u016bksto\u0161u m\u016bsu klientu dom\u0101m, ir visefekt\u012bv\u0101k\u0101 programma vesel\u012bbas uzlabo\u0161anai un ener\u0123ijas atjauno\u0161anai. T\u0101 sniedz iev\u0113rojamus rezult\u0101tus gan svara samazin\u0101\u0161an\u0101, gan citu vesel\u012bbas r\u0101d\u012bt\u0101ju uzlabo\u0161an\u0101.<\/p>\n<h2>P\u0113c \u0101rstniecisk\u0101s bado\u0161an\u0101s programmas pabeig\u0161anas j\u016bs b\u016bsiet:<\/h2>\n<ul>\n<li>vesel\u0101ks un ener\u0123ijas pilns;<\/li>\n<li>ar lab\u0101ku pa\u0161saj\u016btu un gatav\u012bbu iekarot jaunas virsotnes;<\/li>\n<li>atbr\u012bvojis savu organismu no toks\u012bniem un atkritumviel\u0101m;<\/li>\n<li>atguvis norm\u0101lu asinsspiedienu un holester\u012bna l\u012bmeni;<\/li>\n<li>atjaunojis organismu un gatavs akt\u012bvai dz\u012bvei;<\/li>\n<li>gatavs viegl\u0101k turpin\u0101t vesel\u012bgu dz\u012bvesveidu m\u0101j\u0101s;<\/li>\n<li>zaud\u0113jis svaru par 3,5\u20137 kg.<\/li>\n<\/ul>\n<\/div><div class=\"fusion-sep-clear\"><\/div><div class=\"fusion-separator fusion-no-large-visibility fusion-full-width-sep\" style=\"margin-left: auto;margin-right: auto;margin-top:30px;width:100%;\"><\/div><div class=\"fusion-sep-clear\"><\/div><div class=\"fusion-aligncenter\"><a class=\"fusion-button button-flat fusion-button-default-size button-default fusion-button-default button-1 fusion-button-default-span fusion-button-default-type fusion-no-large-visibility\" target=\"_blank\" rel=\"noopener noreferrer\" href=\"https:\/\/biospa.ee\/vanaveeb2026\/broneerimine\/\"><span class=\"fusion-button-text awb-button__text awb-button__text--default\">Kuuride ajakava ja hinnad<\/span><\/a><\/div><div class=\"fusion-sep-clear\"><\/div><div class=\"fusion-separator fusion-no-large-visibility fusion-full-width-sep\" style=\"margin-left: auto;margin-right: auto;margin-top:30px;width:100%;\"><\/div><div class=\"fusion-sep-clear\"><\/div><div class=\"fusion-reading-box-container reading-box-container-1 fusion-no-large-visibility\" style=\"--awb-title-color:#472a2a;--awb-margin-top:0px;--awb-margin-bottom:84px;\"><div class=\"reading-box reading-box-center\" style=\"background-color:#f6f6f6;border-width:1px;border-color:#f6f6f6;border-left-width:3px;border-left-color:var(--primary_color);border-style:solid;\"><h2>ALUSTA SIIT<\/h2><a class=\"button fusion-button button-default fusion-button-xlarge button-xlarge button-flat fusion-mobile-button continue-center\" style=\"-webkit-box-shadow:none;-moz-box-shadow:none;box-shadow:none;border-radius:10px 10px 10px 10px\" href=\"https:\/\/biospa.ee\/vanaveeb2026\/kuurid-protseduurid\/ravipaast-2\/\" target=\"_blank\" rel=\"noopener noreferrer\"><span>Broneeri siin!<\/span><\/a><\/div><\/div><div class=\"fusion-text fusion-text-2\" style=\"--awb-text-transform:none;\"><p>Ja r\u016bp\u0113jaties par sevi un v\u0113laties b\u016bt <strong>vesels, akt\u012bvs un laim\u012bgs l\u012bdz sirmam vecumam<\/strong>, regul\u0101ra \u0101rstniecisk\u0101 bado\u0161an\u0101s ir pareizais ce\u013c\u0161. \u0100rstniecisk\u0101 bado\u0161an\u0101s darbojas k\u0101 <strong>organisma att\u012br\u012b\u0161anas l\u012bdzeklis \u0161\u016bnu l\u012bmen\u012b<\/strong> jeb k\u0101 autofagija.<\/p>\n<p>Bado\u0161an\u0101s kurss att\u012bra, atjauno, atdz\u012bvina \u0137erme\u0146a \u0161\u016bnas, uzlabo org\u0101nu un audu funkcijas, t\u0101d\u0113j\u0101di<strong> stiprinot im\u016bnsist\u0113mu un nervu sist\u0113mu, regul\u0113jot<\/strong> vielmai\u0146u, <strong>atjaunojot<\/strong> organismu un <strong>nov\u0113r\u0161ot<\/strong> daudzas nopietnas slim\u012bbas.<\/p>\n<p>Bado\u0161an\u0101s nav ieteicama, ja ir smagas sirds, aknu un nieru slim\u012bbas un plau\u0161u mazsp\u0113ja, kuru d\u0113\u013c nepiecie\u0161ams lietot lielu medikamentu daudzumu, k\u0101 ar\u012b smagi gar\u012bgi trauc\u0113jumi, epilepsija, gr\u016btniec\u012bba; bado\u0161an\u0101s ir aizliegta cilv\u0113kiem, kuri past\u0101v\u012bgi injic\u0113 insul\u012bnu.<\/p>\n<\/div><div class=\"fusion-sep-clear\"><\/div><div class=\"fusion-separator fusion-no-large-visibility fusion-full-width-sep\" style=\"margin-left: auto;margin-right: auto;margin-top:30px;width:100%;\"><\/div><div class=\"fusion-sep-clear\"><\/div><div class=\"fusion-clearfix\"><\/div><\/div><\/div><div class=\"fusion-layout-column fusion_builder_column fusion-builder-column-1 fusion_builder_column_1_3 1_3 fusion-one-third fusion-column-last\" style=\"--awb-bg-size:cover;width:33.3333333333%;width:calc(33.3333333333% - ( ( 4% ) * 0.333333333333 ) );\"><div class=\"fusion-column-wrapper fusion-column-has-shadow fusion-flex-column-wrapper-legacy\"><div class=\"fusion-text fusion-text-3\" style=\"--awb-text-transform:none;\"><h3><strong>\u0100RSTNIECISK\u0100 BADO\u0160AN\u0100S programma ietver:<\/strong><\/h3>\n<ul>\n<li>izmitin\u0101\u0161ana 6 dienas\/5 naktis;<\/li>\n<li>pirmreiz\u0113j\u0101 uz\u0146em\u0161ana un piem\u0113rotas \u200b\u200bprogrammas noteik\u0161ana, lai sasniegtu rezult\u0101tu;<\/li>\n<li>ikdienas vesel\u012bbas p\u0101rbaudes;<\/li>\n<li>bado\u0161an\u0101s speci\u0101listu uzraudz\u012bb\u0101 1\u20137 dienas;<\/li>\n<li>45 min. personaliz\u0113ta mas\u0101\u017eas terapija, 2 reizes;<\/li>\n<li>25 min.<em> detox<\/em> terapija, 2 reizes;<\/li>\n<li>25 min. limf\u0101tisk\u0101 terapija, 1 reize;<\/li>\n<li>individu\u0101l\u0101 hidroterapija ar S. Kneipa metodi, 3 reizes;<\/li>\n<li>v\u0113dera mas\u0101\u017ea, 1 reize;<\/li>\n<li>l\u012bdz 3 kl\u012bsteriem;<\/li>\n<li>1 dzi\u013c\u0101 resn\u0101s zarnas t\u012br\u012b\u0161ana;<\/li>\n<li>sk\u0101bek\u013ca kokteilis 2.\u20136. dien\u0101;<\/li>\n<li>\u0101rstniec\u012bbas t\u0113jas;<\/li>\n<li>atkop\u0161an\u0101s di\u0113ta;<\/li>\n<li>lekcijas un bukleti;<\/li>\n<li>elpo\u0161anas terapija katru dienu;<\/li>\n<li>n\u016bjo\u0161ana;<\/li>\n<li>vingro\u0161ana z\u0101l\u0113;<\/li>\n<li>vingro\u0161ana \u016bden\u012b;<\/li>\n<li>joga;<\/li>\n<li>pirts un peldbaseina izmanto\u0161ana;<\/li>\n<li>peldm\u0113te\u013ca izmanto\u0161ana.<\/li>\n<\/ul>\n<\/div><div class=\"fusion-sep-clear\"><\/div><div class=\"fusion-separator fusion-full-width-sep\" style=\"margin-left: auto;margin-right: auto;margin-top:30px;width:100%;\"><\/div><div class=\"fusion-sep-clear\"><\/div><div class=\"fusion-aligncenter\"><a class=\"fusion-button button-flat fusion-button-default-size button-default fusion-button-default button-2 fusion-button-default-span fusion-button-default-type\" target=\"_blank\" rel=\"noopener noreferrer\" href=\"https:\/\/biospa.ee\/vanaveeb2026\/arstniecibas-kursa-rezervesana\/?lang=lv\"><span class=\"fusion-button-text awb-button__text awb-button__text--default\">Kursa laiks un cenas<\/span><\/a><\/div><div class=\"fusion-sep-clear\"><\/div><div class=\"fusion-separator fusion-full-width-sep\" style=\"margin-left: auto;margin-right: auto;margin-top:30px;width:100%;\"><\/div><div class=\"fusion-sep-clear\"><\/div><div class=\"fusion-reading-box-container reading-box-container-2\" style=\"--awb-title-color:#472a2a;--awb-margin-top:0px;--awb-margin-bottom:84px;\"><div class=\"reading-box reading-box-center\" style=\"background-color:#f6f6f6;border-width:1px;border-color:#f6f6f6;border-left-width:3px;border-left-color:var(--primary_color);border-style:solid;\"><h2>S\u0101ciet \u0161eit! <\/h2><a class=\"button fusion-button button-default fusion-button-xlarge button-xlarge button-flat fusion-mobile-button continue-center\" style=\"-webkit-box-shadow:none;-moz-box-shadow:none;box-shadow:none;border-radius:10px 10px 10px 10px\" href=\"https:\/\/biospa.ee\/vanaveeb2026\/arstniecibas-kursa-rezervesana\/?lang=lv\" target=\"_blank\" rel=\"noopener noreferrer\"><span>Rezerv\u0113jiet \u0161eit!<\/span><\/a><\/div><\/div><div class=\"fusion-clearfix\"><\/div><\/div><\/div><\/div><\/div>\n","protected":false},"excerpt":{"rendered":"","protected":false},"author":1,"featured_media":94829,"parent":0,"menu_order":98,"comment_status":"closed","ping_status":"closed","template":"","meta":{"footnotes":""},"class_list":["post-25841","page","type-page","status-publish","has-post-thumbnail","hentry"],"yoast_head":"<!-- This site is optimized with the Yoast SEO plugin v27.3 - https:\/\/yoast.com\/product\/yoast-seo-wordpress\/ -->\n<title>\u0100rstniecisk\u0101 bado\u0161an\u0101s - Loodus BioSpa<\/title>\n<meta name=\"description\" content=\"\u0100rstniecisk\u0101 bado\u0161an\u0101s, p\u0113c vair\u0101ku t\u016bksto\u0161u m\u016bsu klientu dom\u0101m, ir visefekt\u012bv\u0101k\u0101 programma vesel\u012bbas uzlabo\u0161anai un ener\u0123ijas atjauno\u0161anai. T\u0101 sniedz iev\u0113rojamus rezult\u0101tus gan svara samazin\u0101\u0161an\u0101, gan citu vesel\u012bbas r\u0101d\u012bt\u0101ju uzlabo\u0161an\u0101.\" \/>\n<meta name=\"robots\" content=\"index, follow, max-snippet:-1, max-image-preview:large, max-video-preview:-1\" \/>\n<link rel=\"canonical\" href=\"https:\/\/biospa.ee\/vanaveeb2026\/arstnieciska-badosanas\/?lang=lv\" \/>\n<meta property=\"og:locale\" content=\"et_EE\" \/>\n<meta property=\"og:type\" content=\"article\" \/>\n<meta property=\"og:title\" content=\"\u0100rstniecisk\u0101 bado\u0161an\u0101s - Loodus BioSpa\" \/>\n<meta property=\"og:description\" content=\"\u0100rstniecisk\u0101 bado\u0161an\u0101s, p\u0113c vair\u0101ku t\u016bksto\u0161u m\u016bsu klientu dom\u0101m, ir visefekt\u012bv\u0101k\u0101 programma vesel\u012bbas uzlabo\u0161anai un ener\u0123ijas atjauno\u0161anai. T\u0101 sniedz iev\u0113rojamus rezult\u0101tus gan svara samazin\u0101\u0161an\u0101, gan citu vesel\u012bbas r\u0101d\u012bt\u0101ju uzlabo\u0161an\u0101.\" \/>\n<meta property=\"og:url\" content=\"https:\/\/biospa.ee\/vanaveeb2026\/arstnieciska-badosanas\/?lang=lv\" \/>\n<meta property=\"og:site_name\" content=\"Loodus BioSpa\" \/>\n<meta property=\"article:publisher\" content=\"https:\/\/www.facebook.com\/LoodusBioSpa\/\" \/>\n<meta property=\"article:modified_time\" content=\"2026-02-24T09:22:42+00:00\" \/>\n<meta property=\"og:image\" content=\"https:\/\/biospa.ee\/vanaveeb2026\/wp-content\/uploads\/2025\/10\/WEB_Kroot_Tarkmeel_Photography-3440-1-1024x683.jpg\" \/>\n\t<meta property=\"og:image:width\" content=\"1024\" \/>\n\t<meta property=\"og:image:height\" content=\"683\" \/>\n\t<meta property=\"og:image:type\" content=\"image\/jpeg\" \/>\n<meta name=\"twitter:card\" content=\"summary_large_image\" \/>\n<meta name=\"twitter:label1\" content=\"Est. reading time\" \/>\n\t<meta name=\"twitter:data1\" content=\"2 minutit\" \/>\n<script type=\"application\/ld+json\" class=\"yoast-schema-graph\">{\"@context\":\"https:\\\/\\\/schema.org\",\"@graph\":[{\"@type\":\"WebPage\",\"@id\":\"https:\\\/\\\/biospa.ee\\\/vanaveeb2026\\\/arstnieciska-badosanas\\\/?lang=lv\",\"url\":\"https:\\\/\\\/biospa.ee\\\/vanaveeb2026\\\/arstnieciska-badosanas\\\/?lang=lv\",\"name\":\"\u0100rstniecisk\u0101 bado\u0161an\u0101s - Loodus BioSpa\",\"isPartOf\":{\"@id\":\"https:\\\/\\\/biospa.ee\\\/vanaveeb2026\\\/#website\"},\"primaryImageOfPage\":{\"@id\":\"https:\\\/\\\/biospa.ee\\\/vanaveeb2026\\\/arstnieciska-badosanas\\\/?lang=lv#primaryimage\"},\"image\":{\"@id\":\"https:\\\/\\\/biospa.ee\\\/vanaveeb2026\\\/arstnieciska-badosanas\\\/?lang=lv#primaryimage\"},\"thumbnailUrl\":\"https:\\\/\\\/biospa.ee\\\/vanaveeb2026\\\/wp-content\\\/uploads\\\/2025\\\/10\\\/WEB_Kroot_Tarkmeel_Photography-3440-1.jpg\",\"datePublished\":\"2023-05-15T09:37:40+00:00\",\"dateModified\":\"2026-02-24T09:22:42+00:00\",\"description\":\"\u0100rstniecisk\u0101 bado\u0161an\u0101s, p\u0113c vair\u0101ku t\u016bksto\u0161u m\u016bsu klientu dom\u0101m, ir visefekt\u012bv\u0101k\u0101 programma vesel\u012bbas uzlabo\u0161anai un ener\u0123ijas atjauno\u0161anai. T\u0101 sniedz iev\u0113rojamus rezult\u0101tus gan svara samazin\u0101\u0161an\u0101, gan citu vesel\u012bbas r\u0101d\u012bt\u0101ju uzlabo\u0161an\u0101.\",\"breadcrumb\":{\"@id\":\"https:\\\/\\\/biospa.ee\\\/vanaveeb2026\\\/arstnieciska-badosanas\\\/?lang=lv#breadcrumb\"},\"inLanguage\":\"et\",\"potentialAction\":[{\"@type\":\"ReadAction\",\"target\":[\"https:\\\/\\\/biospa.ee\\\/vanaveeb2026\\\/arstnieciska-badosanas\\\/?lang=lv\"]}]},{\"@type\":\"ImageObject\",\"inLanguage\":\"et\",\"@id\":\"https:\\\/\\\/biospa.ee\\\/vanaveeb2026\\\/arstnieciska-badosanas\\\/?lang=lv#primaryimage\",\"url\":\"https:\\\/\\\/biospa.ee\\\/vanaveeb2026\\\/wp-content\\\/uploads\\\/2025\\\/10\\\/WEB_Kroot_Tarkmeel_Photography-3440-1.jpg\",\"contentUrl\":\"https:\\\/\\\/biospa.ee\\\/vanaveeb2026\\\/wp-content\\\/uploads\\\/2025\\\/10\\\/WEB_Kroot_Tarkmeel_Photography-3440-1.jpg\",\"width\":2400,\"height\":1601},{\"@type\":\"BreadcrumbList\",\"@id\":\"https:\\\/\\\/biospa.ee\\\/vanaveeb2026\\\/arstnieciska-badosanas\\\/?lang=lv#breadcrumb\",\"itemListElement\":[{\"@type\":\"ListItem\",\"position\":1,\"name\":\"Home\",\"item\":\"https:\\\/\\\/biospa.ee\\\/vanaveeb2026\\\/\"},{\"@type\":\"ListItem\",\"position\":2,\"name\":\"\u0100rstniecisk\u0101 bado\u0161an\u0101s\"}]},{\"@type\":\"WebSite\",\"@id\":\"https:\\\/\\\/biospa.ee\\\/vanaveeb2026\\\/#website\",\"url\":\"https:\\\/\\\/biospa.ee\\\/vanaveeb2026\\\/\",\"name\":\"Loodus BioSpa\",\"description\":\"Loodus BioSpa\",\"publisher\":{\"@id\":\"https:\\\/\\\/biospa.ee\\\/vanaveeb2026\\\/#organization\"},\"potentialAction\":[{\"@type\":\"SearchAction\",\"target\":{\"@type\":\"EntryPoint\",\"urlTemplate\":\"https:\\\/\\\/biospa.ee\\\/vanaveeb2026\\\/?s={search_term_string}\"},\"query-input\":{\"@type\":\"PropertyValueSpecification\",\"valueRequired\":true,\"valueName\":\"search_term_string\"}}],\"inLanguage\":\"et\"},{\"@type\":\"Organization\",\"@id\":\"https:\\\/\\\/biospa.ee\\\/vanaveeb2026\\\/#organization\",\"name\":\"Tesmasan O\u00dc\",\"url\":\"https:\\\/\\\/biospa.ee\\\/vanaveeb2026\\\/\",\"logo\":{\"@type\":\"ImageObject\",\"inLanguage\":\"et\",\"@id\":\"https:\\\/\\\/biospa.ee\\\/vanaveeb2026\\\/#\\\/schema\\\/logo\\\/image\\\/\",\"url\":\"https:\\\/\\\/biospa.ee\\\/vanaveeb2026\\\/vanaveeb2026\\\/wp-content\\\/uploads\\\/2023\\\/06\\\/BioSpa-loggo-est1-0-143.png\",\"contentUrl\":\"https:\\\/\\\/biospa.ee\\\/vanaveeb2026\\\/vanaveeb2026\\\/wp-content\\\/uploads\\\/2023\\\/06\\\/BioSpa-loggo-est1-0-143.png\",\"width\":143,\"height\":59,\"caption\":\"Tesmasan O\u00dc\"},\"image\":{\"@id\":\"https:\\\/\\\/biospa.ee\\\/vanaveeb2026\\\/#\\\/schema\\\/logo\\\/image\\\/\"},\"sameAs\":[\"https:\\\/\\\/www.facebook.com\\\/LoodusBioSpa\\\/\",\"https:\\\/\\\/www.instagram.com\\\/loodusbiospa\\\/\"]}]}<\/script>\n<!-- \/ Yoast SEO plugin. -->","yoast_head_json":{"title":"\u0100rstniecisk\u0101 bado\u0161an\u0101s - Loodus BioSpa","description":"\u0100rstniecisk\u0101 bado\u0161an\u0101s, p\u0113c vair\u0101ku t\u016bksto\u0161u m\u016bsu klientu dom\u0101m, ir visefekt\u012bv\u0101k\u0101 programma vesel\u012bbas uzlabo\u0161anai un ener\u0123ijas atjauno\u0161anai. T\u0101 sniedz iev\u0113rojamus rezult\u0101tus gan svara samazin\u0101\u0161an\u0101, gan citu vesel\u012bbas r\u0101d\u012bt\u0101ju uzlabo\u0161an\u0101.","robots":{"index":"index","follow":"follow","max-snippet":"max-snippet:-1","max-image-preview":"max-image-preview:large","max-video-preview":"max-video-preview:-1"},"canonical":"https:\/\/biospa.ee\/vanaveeb2026\/arstnieciska-badosanas\/?lang=lv","og_locale":"et_EE","og_type":"article","og_title":"\u0100rstniecisk\u0101 bado\u0161an\u0101s - Loodus BioSpa","og_description":"\u0100rstniecisk\u0101 bado\u0161an\u0101s, p\u0113c vair\u0101ku t\u016bksto\u0161u m\u016bsu klientu dom\u0101m, ir visefekt\u012bv\u0101k\u0101 programma vesel\u012bbas uzlabo\u0161anai un ener\u0123ijas atjauno\u0161anai. T\u0101 sniedz iev\u0113rojamus rezult\u0101tus gan svara samazin\u0101\u0161an\u0101, gan citu vesel\u012bbas r\u0101d\u012bt\u0101ju uzlabo\u0161an\u0101.","og_url":"https:\/\/biospa.ee\/vanaveeb2026\/arstnieciska-badosanas\/?lang=lv","og_site_name":"Loodus BioSpa","article_publisher":"https:\/\/www.facebook.com\/LoodusBioSpa\/","article_modified_time":"2026-02-24T09:22:42+00:00","og_image":[{"width":1024,"height":683,"url":"https:\/\/biospa.ee\/vanaveeb2026\/wp-content\/uploads\/2025\/10\/WEB_Kroot_Tarkmeel_Photography-3440-1-1024x683.jpg","type":"image\/jpeg"}],"twitter_card":"summary_large_image","twitter_misc":{"Est. reading time":"2 minutit"},"schema":{"@context":"https:\/\/schema.org","@graph":[{"@type":"WebPage","@id":"https:\/\/biospa.ee\/vanaveeb2026\/arstnieciska-badosanas\/?lang=lv","url":"https:\/\/biospa.ee\/vanaveeb2026\/arstnieciska-badosanas\/?lang=lv","name":"\u0100rstniecisk\u0101 bado\u0161an\u0101s - Loodus BioSpa","isPartOf":{"@id":"https:\/\/biospa.ee\/vanaveeb2026\/#website"},"primaryImageOfPage":{"@id":"https:\/\/biospa.ee\/vanaveeb2026\/arstnieciska-badosanas\/?lang=lv#primaryimage"},"image":{"@id":"https:\/\/biospa.ee\/vanaveeb2026\/arstnieciska-badosanas\/?lang=lv#primaryimage"},"thumbnailUrl":"https:\/\/biospa.ee\/vanaveeb2026\/wp-content\/uploads\/2025\/10\/WEB_Kroot_Tarkmeel_Photography-3440-1.jpg","datePublished":"2023-05-15T09:37:40+00:00","dateModified":"2026-02-24T09:22:42+00:00","description":"\u0100rstniecisk\u0101 bado\u0161an\u0101s, p\u0113c vair\u0101ku t\u016bksto\u0161u m\u016bsu klientu dom\u0101m, ir visefekt\u012bv\u0101k\u0101 programma vesel\u012bbas uzlabo\u0161anai un ener\u0123ijas atjauno\u0161anai. T\u0101 sniedz iev\u0113rojamus rezult\u0101tus gan svara samazin\u0101\u0161an\u0101, gan citu vesel\u012bbas r\u0101d\u012bt\u0101ju uzlabo\u0161an\u0101.","breadcrumb":{"@id":"https:\/\/biospa.ee\/vanaveeb2026\/arstnieciska-badosanas\/?lang=lv#breadcrumb"},"inLanguage":"et","potentialAction":[{"@type":"ReadAction","target":["https:\/\/biospa.ee\/vanaveeb2026\/arstnieciska-badosanas\/?lang=lv"]}]},{"@type":"ImageObject","inLanguage":"et","@id":"https:\/\/biospa.ee\/vanaveeb2026\/arstnieciska-badosanas\/?lang=lv#primaryimage","url":"https:\/\/biospa.ee\/vanaveeb2026\/wp-content\/uploads\/2025\/10\/WEB_Kroot_Tarkmeel_Photography-3440-1.jpg","contentUrl":"https:\/\/biospa.ee\/vanaveeb2026\/wp-content\/uploads\/2025\/10\/WEB_Kroot_Tarkmeel_Photography-3440-1.jpg","width":2400,"height":1601},{"@type":"BreadcrumbList","@id":"https:\/\/biospa.ee\/vanaveeb2026\/arstnieciska-badosanas\/?lang=lv#breadcrumb","itemListElement":[{"@type":"ListItem","position":1,"name":"Home","item":"https:\/\/biospa.ee\/vanaveeb2026\/"},{"@type":"ListItem","position":2,"name":"\u0100rstniecisk\u0101 bado\u0161an\u0101s"}]},{"@type":"WebSite","@id":"https:\/\/biospa.ee\/vanaveeb2026\/#website","url":"https:\/\/biospa.ee\/vanaveeb2026\/","name":"Loodus BioSpa","description":"Loodus BioSpa","publisher":{"@id":"https:\/\/biospa.ee\/vanaveeb2026\/#organization"},"potentialAction":[{"@type":"SearchAction","target":{"@type":"EntryPoint","urlTemplate":"https:\/\/biospa.ee\/vanaveeb2026\/?s={search_term_string}"},"query-input":{"@type":"PropertyValueSpecification","valueRequired":true,"valueName":"search_term_string"}}],"inLanguage":"et"},{"@type":"Organization","@id":"https:\/\/biospa.ee\/vanaveeb2026\/#organization","name":"Tesmasan O\u00dc","url":"https:\/\/biospa.ee\/vanaveeb2026\/","logo":{"@type":"ImageObject","inLanguage":"et","@id":"https:\/\/biospa.ee\/vanaveeb2026\/#\/schema\/logo\/image\/","url":"https:\/\/biospa.ee\/vanaveeb2026\/vanaveeb2026\/wp-content\/uploads\/2023\/06\/BioSpa-loggo-est1-0-143.png","contentUrl":"https:\/\/biospa.ee\/vanaveeb2026\/vanaveeb2026\/wp-content\/uploads\/2023\/06\/BioSpa-loggo-est1-0-143.png","width":143,"height":59,"caption":"Tesmasan O\u00dc"},"image":{"@id":"https:\/\/biospa.ee\/vanaveeb2026\/#\/schema\/logo\/image\/"},"sameAs":["https:\/\/www.facebook.com\/LoodusBioSpa\/","https:\/\/www.instagram.com\/loodusbiospa\/"]}]}},"_links":{"self":[{"href":"https:\/\/biospa.ee\/vanaveeb2026\/wp-json\/wp\/v2\/pages\/25841","targetHints":{"allow":["GET"]}}],"collection":[{"href":"https:\/\/biospa.ee\/vanaveeb2026\/wp-json\/wp\/v2\/pages"}],"about":[{"href":"https:\/\/biospa.ee\/vanaveeb2026\/wp-json\/wp\/v2\/types\/page"}],"author":[{"embeddable":true,"href":"https:\/\/biospa.ee\/vanaveeb2026\/wp-json\/wp\/v2\/users\/1"}],"replies":[{"embeddable":true,"href":"https:\/\/biospa.ee\/vanaveeb2026\/wp-json\/wp\/v2\/comments?post=25841"}],"version-history":[{"count":5,"href":"https:\/\/biospa.ee\/vanaveeb2026\/wp-json\/wp\/v2\/pages\/25841\/revisions"}],"predecessor-version":[{"id":96430,"href":"https:\/\/biospa.ee\/vanaveeb2026\/wp-json\/wp\/v2\/pages\/25841\/revisions\/96430"}],"wp:featuredmedia":[{"embeddable":true,"href":"https:\/\/biospa.ee\/vanaveeb2026\/wp-json\/wp\/v2\/media\/94829"}],"wp:attachment":[{"href":"https:\/\/biospa.ee\/vanaveeb2026\/wp-json\/wp\/v2\/media?parent=25841"}],"curies":[{"name":"wp","href":"https:\/\/api.w.org\/{rel}","templated":true}]}}