{"id":26635,"date":"2023-05-15T12:47:15","date_gmt":"2023-05-15T09:47:15","guid":{"rendered":"https:\/\/biospa.ee\/vanaveeb2026\/detoksa-dietas-kurss\/"},"modified":"2026-02-24T11:23:19","modified_gmt":"2026-02-24T09:23:19","slug":"detoksa-dietas-kurss","status":"publish","type":"page","link":"https:\/\/biospa.ee\/vanaveeb2026\/detoksa-dietas-kurss\/?lang=lv","title":{"rendered":"Detoksa di\u0113tas kurss"},"content":{"rendered":"<div class=\"fusion-fullwidth fullwidth-box fusion-builder-row-1 nonhundred-percent-fullwidth non-hundred-percent-height-scrolling\" style=\"--awb-border-radius-top-left:0px;--awb-border-radius-top-right:0px;--awb-border-radius-bottom-right:0px;--awb-border-radius-bottom-left:0px;--awb-flex-wrap:wrap;\" ><div class=\"fusion-builder-row fusion-row\"><div class=\"fusion-layout-column fusion_builder_column fusion-builder-column-0 fusion_builder_column_2_3 2_3 fusion-two-third fusion-column-first\" style=\"--awb-bg-size:cover;width:66.6666666667%;width:calc(66.6666666667% - ( ( 4% ) * 0.666666666667 ) );margin-right: 4%;\"><div class=\"fusion-column-wrapper fusion-column-has-shadow fusion-flex-column-wrapper-legacy\"><div class=\"fusion-image-element in-legacy-container\" style=\"--awb-caption-title-font-family:var(--h2_typography-font-family);--awb-caption-title-font-weight:var(--h2_typography-font-weight);--awb-caption-title-font-style:var(--h2_typography-font-style);--awb-caption-title-size:var(--h2_typography-font-size);--awb-caption-title-transform:var(--h2_typography-text-transform);--awb-caption-title-line-height:var(--h2_typography-line-height);--awb-caption-title-letter-spacing:var(--h2_typography-letter-spacing);\"><span class=\" fusion-imageframe imageframe-dropshadow imageframe-1 hover-type-none\" style=\"-webkit-box-shadow: 3px 3px 7px rgba(0,0,0,0.3);box-shadow: 3px 3px 7px rgba(0,0,0,0.3);\"><img decoding=\"async\" width=\"2400\" height=\"1601\" title=\"WEB_Kroot_Tarkmeel_Photography-3211\" src=\"https:\/\/biospa.ee\/vanaveeb2026\/wp-content\/uploads\/2025\/10\/WEB_Kroot_Tarkmeel_Photography-3211.jpg\" alt class=\"img-responsive wp-image-94734\" srcset=\"https:\/\/biospa.ee\/vanaveeb2026\/wp-content\/uploads\/2025\/10\/WEB_Kroot_Tarkmeel_Photography-3211-200x133.jpg 200w, https:\/\/biospa.ee\/vanaveeb2026\/wp-content\/uploads\/2025\/10\/WEB_Kroot_Tarkmeel_Photography-3211-400x267.jpg 400w, https:\/\/biospa.ee\/vanaveeb2026\/wp-content\/uploads\/2025\/10\/WEB_Kroot_Tarkmeel_Photography-3211-600x400.jpg 600w, https:\/\/biospa.ee\/vanaveeb2026\/wp-content\/uploads\/2025\/10\/WEB_Kroot_Tarkmeel_Photography-3211-800x534.jpg 800w, https:\/\/biospa.ee\/vanaveeb2026\/wp-content\/uploads\/2025\/10\/WEB_Kroot_Tarkmeel_Photography-3211-1200x801.jpg 1200w, https:\/\/biospa.ee\/vanaveeb2026\/wp-content\/uploads\/2025\/10\/WEB_Kroot_Tarkmeel_Photography-3211.jpg 2400w\" sizes=\"(max-width: 800px) 100vw, 1200px\" \/><\/span><\/div><div class=\"fusion-sep-clear\"><\/div><div class=\"fusion-separator fusion-full-width-sep\" style=\"margin-left: auto;margin-right: auto;margin-top:10px;width:100%;\"><\/div><div class=\"fusion-sep-clear\"><\/div><div class=\"fusion-text fusion-text-1\"><p><strong>Detoksa di\u0113tas kursa<\/strong> m\u0113r\u0137is ir rad\u012bt vidi, kas \u013cauj<strong> efekt\u012bvi, bez izsalkuma saj\u016btas <\/strong>un vesel\u012bbas apdraud\u0113jumiem <strong>samazin\u0101t svaru<\/strong> un apg\u016bt vesel\u012bgus \u0113\u0161anas paradumus ar\u012b turpm\u0101kaj\u0101 ikdien\u0101.<\/p>\n<p>Programm\u0101 iek\u013cauts ar\u012b uzturs \u2013 \u012bpa\u0161i izstr\u0101d\u0101ta DETOX di\u0113ta, kas pal\u012bdz org\u0101niem atbr\u012bvoties no uzkr\u0101tajiem toks\u012bniem un <strong>dabisk\u0101 veid\u0101 att\u012br\u012bt aknas, nieres un limf\u0101tisko sist\u0113mu.<\/strong><\/p>\n<p><strong>Detoksa di\u0113tas kurss:<\/strong><\/p>\n<ul>\n<li>regul\u0113 organisma sk\u0101bju-s\u0101rmu l\u012bdzsvaru;<\/li>\n<li>nodro\u0161ina organismu ar svar\u012bgiem vitam\u012bniem, miner\u0101lviel\u0101m, fermentiem un \u0161\u0137iedrviel\u0101m;<\/li>\n<li>pal\u012bdz atbr\u012bvoties no toks\u012bniem;<\/li>\n<li>aktiviz\u0113 limf\u0101tisko sist\u0113mu;<\/li>\n<li>stimul\u0113 gremo\u0161anas sist\u0113mu un uzlabo zarnu trakta darb\u012bbu;<\/li>\n<li>samazina svaru par 0,5\u20131 kg dien\u0101;<\/li>\n<li>pal\u012bdz izprast vesel\u012bga uztura noz\u012bmi;<\/li>\n<li>sniedz ener\u0123iju un labu pa\u0161saj\u016btu;<\/li>\n<li>normaliz\u0113 asinsspiedienu.<\/li>\n<\/ul>\n<p>Programm\u0101 tiek \u0146emtas v\u0113r\u0101 <strong>individu\u0101l\u0101s<\/strong> saslim\u0161anas, riska faktori, klienta vielmai\u0146a un l\u012bdz\u0161in\u0113jais dz\u012bvesveids. Nepiecie\u0161am\u012bba p\u0113c detoksa di\u0113tas kursa parasti rodas no kait\u012bgiem \u0113\u0161anas paradumiem vai neatbilsto\u0161as \u200b\u200bp\u0101rtikas lieto\u0161anas, kas ne\u013cauj uz\u0146emt nepiecie\u0161am\u0101s uzturvielas. \u0160\u0101da organisma noslogo\u0161ana noved pie liek\u0101 svara, slim\u012bb\u0101m un priek\u0161laic\u012bgas noveco\u0161anas. M\u016bsu blog\u0101 varat las\u012bt vair\u0101k par to, k\u0101 vesel\u012bgi un bez piep\u016bles samazin\u0101t svaru un uzzin\u0101t, k\u0101 to kontrol\u0113t ikdien\u0101.<\/p>\n<\/div><div class=\"fusion-sep-clear\"><\/div><div class=\"fusion-separator fusion-no-large-visibility fusion-full-width-sep\" style=\"margin-left: auto;margin-right: auto;margin-top:30px;width:100%;\"><\/div><div class=\"fusion-sep-clear\"><\/div><div class=\"fusion-aligncenter\"><a class=\"fusion-button button-flat button-xlarge button-default fusion-button-default button-1 fusion-button-default-span fusion-button-default-type fusion-no-large-visibility fusion-animated\" data-animationType=\"fadeInDown\" data-animationDuration=\"1.0\" data-animationOffset=\"top-into-view\" target=\"_blank\" rel=\"noopener noreferrer\" href=\"https:\/\/biospa.ee\/vanaveeb2026\/arstniecibas-kursa-rezervesana\/?lang=lv\"><span class=\"fusion-button-text awb-button__text awb-button__text--default\">Kursa laiks un cenas<\/span><\/a><\/div><div class=\"fusion-sep-clear\"><\/div><div class=\"fusion-separator fusion-no-large-visibility fusion-full-width-sep\" style=\"margin-left: auto;margin-right: auto;margin-top:30px;width:100%;\"><\/div><div class=\"fusion-sep-clear\"><\/div><div class=\"fusion-reading-box-container reading-box-container-1 fusion-no-large-visibility\" style=\"--awb-title-color:#472a2a;--awb-margin-top:0px;--awb-margin-bottom:84px;\"><div class=\"reading-box reading-box-center\" style=\"background-color:#f6f6f6;border-width:1px;border-color:#f6f6f6;border-left-width:3px;border-left-color:var(--primary_color);border-style:solid;\"><h2>S\u0101ciet \u0161eit! <\/h2><a class=\"button fusion-button button-default fusion-button-xlarge button-xlarge button-flat fusion-mobile-button continue-center\" style=\"-webkit-box-shadow:none;-moz-box-shadow:none;box-shadow:none;border-radius:10px 10px 10px 10px\" href=\"https:\/\/biospa.ee\/vanaveeb2026\/arstniecibas-kursa-rezervesana\/?lang=lv\" target=\"_blank\" rel=\"noopener noreferrer\"><span>Rezerv\u0113jiet \u0161eit!<\/span><\/a><\/div><\/div><div class=\"fusion-text fusion-text-2\"><p>Programm\u0101 iek\u013cauts ar\u012b uzturs \u2013 \u012bpa\u0161i izstr\u0101d\u0101ta DETOX di\u0113ta, kas pal\u012bdz org\u0101niem atbr\u012bvoties no uzkr\u0101tajiem toks\u012bniem un <strong>dabisk\u0101 veid\u0101 att\u012br\u012bt aknas, nieres un limf\u0101tisko sist\u0113mu.<\/strong><\/p>\n<\/div><div class=\"fusion-text fusion-text-3\"><p><strong>Lai rezerv\u0113tu \u0101rstniec\u012bbas kursu, l\u016bdzu, aizpildiet zem\u0101k eso\u0161o veidlapu vai zvaniet pa t\u0101lruni (+372) 5093581<\/strong><\/p>\n<p>P\u0113c veidlapas aizpild\u012b\u0161anas m\u016bsu administrators p\u0101rbaud\u012bs br\u012bvo vietu pieejam\u012bbu un uz e-pastu nos\u016bt\u012bs rezerv\u0101cijas apstiprin\u0101jumu ar svar\u012bgiem nor\u0101d\u012bjumiem. P\u0113c rezerv\u0101cijas apstiprin\u0101\u0161anas 3 dienu laik\u0101 ir j\u0101veic priek\u0161apmaksa, lai rezerv\u0101ciju pabeigtu. Tam nepiecie\u0161amo inform\u0101ciju varat atrast rezerv\u0101cijas apstiprin\u0101juma e-past\u0101.<\/p>\n<p>K\u0101 sagatavoties \u0101rstniec\u012bbas kursam, lasiet RUS vai ENG<\/p>\n<\/div><div class=\"fusion-sep-clear\"><\/div><div class=\"fusion-separator fusion-no-large-visibility fusion-full-width-sep\" style=\"margin-left: auto;margin-right: auto;margin-top:30px;width:100%;\"><\/div><div class=\"fusion-sep-clear\"><\/div><div class=\"fusion-clearfix\"><\/div><\/div><\/div><div class=\"fusion-layout-column fusion_builder_column fusion-builder-column-1 fusion_builder_column_1_3 1_3 fusion-one-third fusion-column-last\" style=\"--awb-bg-size:cover;width:33.3333333333%;width:calc(33.3333333333% - ( ( 4% ) * 0.333333333333 ) );\"><div class=\"fusion-column-wrapper fusion-column-has-shadow fusion-flex-column-wrapper-legacy\"><div class=\"fusion-text fusion-text-4\"><h3 class=\"fusion-responsive-typography-calculated\" data-fontsize=\"36\" data-lineheight=\"43.200001px\"><strong>DETOKSA DI\u0112TAS kurs\u0101 ietverts:<\/strong><\/h3>\n<ul>\n<li>izmitin\u0101\u0161ana 6 dienas\/5 naktis;<\/li>\n<li>pirmreiz\u0113j\u0101 uz\u0146em\u0161ana un piem\u0113rotas \u200b\u200bprogrammas noteik\u0161ana, lai sasniegtu rezult\u0101tu;<\/li>\n<li>ikdienas vesel\u012bbas p\u0101rbaudes;<\/li>\n<li>45 min. personaliz\u0113ta mas\u0101\u017eas terapija, 2 reizes;<\/li>\n<li>25 min. <em>detox<\/em> terapija, 2 reizes;<\/li>\n<li>25 min. limf\u0101tisk\u0101 terapija, 1 reize;<\/li>\n<li>individu\u0101l\u0101 hidroterapija ar S. Kneipa metodi, 3 reizes;<\/li>\n<li>sk\u0101bek\u013ca kokteilis 2.\u20136. dien\u0101;<\/li>\n<li>\u0101rstniec\u012bbas t\u0113jas;<\/li>\n<li>makrobiotisk\u0101 <em>detox<\/em> di\u0113tas p\u0101rtika 5 reizes dien\u0101 (p\u0101rtikai nepievieno s\u0101li vai cukuru, nesatur glut\u0113nu un laktozi);<\/li>\n<li>lekcijas un bukleti;<\/li>\n<li>elpo\u0161anas terapija katru dienu;<\/li>\n<li>n\u016bjo\u0161ana;<\/li>\n<li>vingro\u0161ana z\u0101l\u0113;<\/li>\n<li>vingro\u0161ana \u016bden\u012b;<\/li>\n<li>joga;<\/li>\n<li>pirts un peldbaseina izmanto\u0161ana;<\/li>\n<li>peldm\u0113te\u013ca izmanto\u0161ana.<\/li>\n<\/ul>\n<\/div><div class=\"fusion-sep-clear\"><\/div><div class=\"fusion-separator fusion-full-width-sep\" style=\"margin-left: auto;margin-right: auto;margin-top:30px;width:100%;\"><\/div><div class=\"fusion-sep-clear\"><\/div><div class=\"fusion-aligncenter\"><a class=\"fusion-button button-flat button-xlarge button-default fusion-button-default button-2 fusion-button-default-span fusion-button-default-type fusion-animated\" data-animationType=\"fadeInDown\" data-animationDuration=\"1.0\" data-animationOffset=\"top-into-view\" target=\"_blank\" rel=\"noopener noreferrer\" href=\"https:\/\/biospa.ee\/vanaveeb2026\/arstniecibas-kursa-rezervesana\/?lang=lv\"><span class=\"fusion-button-text awb-button__text awb-button__text--default\">Kursa laiks un cenas<\/span><\/a><\/div><div class=\"fusion-sep-clear\"><\/div><div class=\"fusion-separator fusion-full-width-sep\" style=\"margin-left: auto;margin-right: auto;margin-top:30px;width:100%;\"><\/div><div class=\"fusion-sep-clear\"><\/div><div class=\"fusion-reading-box-container reading-box-container-2\" style=\"--awb-title-color:#472a2a;--awb-margin-top:0px;--awb-margin-bottom:84px;\"><div class=\"reading-box reading-box-center\" style=\"background-color:#f6f6f6;border-width:1px;border-color:#f6f6f6;border-left-width:3px;border-left-color:var(--primary_color);border-style:solid;\"><h2>S\u0101ciet \u0161eit! <\/h2><a class=\"button fusion-button button-default fusion-button-xlarge button-xlarge button-flat fusion-mobile-button continue-center\" style=\"-webkit-box-shadow:none;-moz-box-shadow:none;box-shadow:none;border-radius:10px 10px 10px 10px\" href=\"https:\/\/biospa.ee\/vanaveeb2026\/arstniecibas-kursa-rezervesana\/?lang=lv\" target=\"_blank\" rel=\"noopener noreferrer\"><span>Rezerv\u0113jiet \u0161eit!<\/span><\/a><\/div><\/div><div class=\"fusion-clearfix\"><\/div><\/div><\/div><\/div><\/div>\n","protected":false},"excerpt":{"rendered":"","protected":false},"author":1,"featured_media":0,"parent":0,"menu_order":96,"comment_status":"closed","ping_status":"closed","template":"","meta":{"footnotes":""},"class_list":["post-26635","page","type-page","status-publish","hentry"],"yoast_head":"<!-- This site is optimized with the Yoast SEO plugin v27.3 - https:\/\/yoast.com\/product\/yoast-seo-wordpress\/ -->\n<title>Detoksa di\u0113tas kurss - Loodus BioSpa<\/title>\n<meta name=\"robots\" content=\"index, follow, max-snippet:-1, max-image-preview:large, max-video-preview:-1\" \/>\n<link rel=\"canonical\" href=\"https:\/\/biospa.ee\/vanaveeb2026\/detoksa-dietas-kurss\/?lang=lv\" \/>\n<meta property=\"og:locale\" content=\"et_EE\" \/>\n<meta property=\"og:type\" content=\"article\" \/>\n<meta property=\"og:title\" content=\"Detoksa di\u0113tas kurss - Loodus BioSpa\" \/>\n<meta property=\"og:url\" content=\"https:\/\/biospa.ee\/vanaveeb2026\/detoksa-dietas-kurss\/?lang=lv\" \/>\n<meta property=\"og:site_name\" content=\"Loodus BioSpa\" \/>\n<meta property=\"article:publisher\" content=\"https:\/\/www.facebook.com\/LoodusBioSpa\/\" \/>\n<meta property=\"article:modified_time\" content=\"2026-02-24T09:23:19+00:00\" \/>\n<meta name=\"twitter:card\" content=\"summary_large_image\" \/>\n<meta name=\"twitter:label1\" content=\"Est. reading time\" \/>\n\t<meta name=\"twitter:data1\" content=\"3 minutit\" \/>\n<script type=\"application\/ld+json\" class=\"yoast-schema-graph\">{\"@context\":\"https:\\\/\\\/schema.org\",\"@graph\":[{\"@type\":\"WebPage\",\"@id\":\"https:\\\/\\\/biospa.ee\\\/vanaveeb2026\\\/detoksa-dietas-kurss\\\/?lang=lv\",\"url\":\"https:\\\/\\\/biospa.ee\\\/vanaveeb2026\\\/detoksa-dietas-kurss\\\/?lang=lv\",\"name\":\"Detoksa di\u0113tas kurss - Loodus BioSpa\",\"isPartOf\":{\"@id\":\"https:\\\/\\\/biospa.ee\\\/vanaveeb2026\\\/#website\"},\"datePublished\":\"2023-05-15T09:47:15+00:00\",\"dateModified\":\"2026-02-24T09:23:19+00:00\",\"breadcrumb\":{\"@id\":\"https:\\\/\\\/biospa.ee\\\/vanaveeb2026\\\/detoksa-dietas-kurss\\\/?lang=lv#breadcrumb\"},\"inLanguage\":\"et\",\"potentialAction\":[{\"@type\":\"ReadAction\",\"target\":[\"https:\\\/\\\/biospa.ee\\\/vanaveeb2026\\\/detoksa-dietas-kurss\\\/?lang=lv\"]}]},{\"@type\":\"BreadcrumbList\",\"@id\":\"https:\\\/\\\/biospa.ee\\\/vanaveeb2026\\\/detoksa-dietas-kurss\\\/?lang=lv#breadcrumb\",\"itemListElement\":[{\"@type\":\"ListItem\",\"position\":1,\"name\":\"Home\",\"item\":\"https:\\\/\\\/biospa.ee\\\/vanaveeb2026\\\/\"},{\"@type\":\"ListItem\",\"position\":2,\"name\":\"Detoksa di\u0113tas kurss\"}]},{\"@type\":\"WebSite\",\"@id\":\"https:\\\/\\\/biospa.ee\\\/vanaveeb2026\\\/#website\",\"url\":\"https:\\\/\\\/biospa.ee\\\/vanaveeb2026\\\/\",\"name\":\"Loodus BioSpa\",\"description\":\"Loodus BioSpa\",\"publisher\":{\"@id\":\"https:\\\/\\\/biospa.ee\\\/vanaveeb2026\\\/#organization\"},\"potentialAction\":[{\"@type\":\"SearchAction\",\"target\":{\"@type\":\"EntryPoint\",\"urlTemplate\":\"https:\\\/\\\/biospa.ee\\\/vanaveeb2026\\\/?s={search_term_string}\"},\"query-input\":{\"@type\":\"PropertyValueSpecification\",\"valueRequired\":true,\"valueName\":\"search_term_string\"}}],\"inLanguage\":\"et\"},{\"@type\":\"Organization\",\"@id\":\"https:\\\/\\\/biospa.ee\\\/vanaveeb2026\\\/#organization\",\"name\":\"Tesmasan O\u00dc\",\"url\":\"https:\\\/\\\/biospa.ee\\\/vanaveeb2026\\\/\",\"logo\":{\"@type\":\"ImageObject\",\"inLanguage\":\"et\",\"@id\":\"https:\\\/\\\/biospa.ee\\\/vanaveeb2026\\\/#\\\/schema\\\/logo\\\/image\\\/\",\"url\":\"https:\\\/\\\/biospa.ee\\\/vanaveeb2026\\\/vanaveeb2026\\\/wp-content\\\/uploads\\\/2023\\\/06\\\/BioSpa-loggo-est1-0-143.png\",\"contentUrl\":\"https:\\\/\\\/biospa.ee\\\/vanaveeb2026\\\/vanaveeb2026\\\/wp-content\\\/uploads\\\/2023\\\/06\\\/BioSpa-loggo-est1-0-143.png\",\"width\":143,\"height\":59,\"caption\":\"Tesmasan O\u00dc\"},\"image\":{\"@id\":\"https:\\\/\\\/biospa.ee\\\/vanaveeb2026\\\/#\\\/schema\\\/logo\\\/image\\\/\"},\"sameAs\":[\"https:\\\/\\\/www.facebook.com\\\/LoodusBioSpa\\\/\",\"https:\\\/\\\/www.instagram.com\\\/loodusbiospa\\\/\"]}]}<\/script>\n<!-- \/ Yoast SEO plugin. -->","yoast_head_json":{"title":"Detoksa di\u0113tas kurss - Loodus BioSpa","robots":{"index":"index","follow":"follow","max-snippet":"max-snippet:-1","max-image-preview":"max-image-preview:large","max-video-preview":"max-video-preview:-1"},"canonical":"https:\/\/biospa.ee\/vanaveeb2026\/detoksa-dietas-kurss\/?lang=lv","og_locale":"et_EE","og_type":"article","og_title":"Detoksa di\u0113tas kurss - Loodus BioSpa","og_url":"https:\/\/biospa.ee\/vanaveeb2026\/detoksa-dietas-kurss\/?lang=lv","og_site_name":"Loodus BioSpa","article_publisher":"https:\/\/www.facebook.com\/LoodusBioSpa\/","article_modified_time":"2026-02-24T09:23:19+00:00","twitter_card":"summary_large_image","twitter_misc":{"Est. reading time":"3 minutit"},"schema":{"@context":"https:\/\/schema.org","@graph":[{"@type":"WebPage","@id":"https:\/\/biospa.ee\/vanaveeb2026\/detoksa-dietas-kurss\/?lang=lv","url":"https:\/\/biospa.ee\/vanaveeb2026\/detoksa-dietas-kurss\/?lang=lv","name":"Detoksa di\u0113tas kurss - Loodus BioSpa","isPartOf":{"@id":"https:\/\/biospa.ee\/vanaveeb2026\/#website"},"datePublished":"2023-05-15T09:47:15+00:00","dateModified":"2026-02-24T09:23:19+00:00","breadcrumb":{"@id":"https:\/\/biospa.ee\/vanaveeb2026\/detoksa-dietas-kurss\/?lang=lv#breadcrumb"},"inLanguage":"et","potentialAction":[{"@type":"ReadAction","target":["https:\/\/biospa.ee\/vanaveeb2026\/detoksa-dietas-kurss\/?lang=lv"]}]},{"@type":"BreadcrumbList","@id":"https:\/\/biospa.ee\/vanaveeb2026\/detoksa-dietas-kurss\/?lang=lv#breadcrumb","itemListElement":[{"@type":"ListItem","position":1,"name":"Home","item":"https:\/\/biospa.ee\/vanaveeb2026\/"},{"@type":"ListItem","position":2,"name":"Detoksa di\u0113tas kurss"}]},{"@type":"WebSite","@id":"https:\/\/biospa.ee\/vanaveeb2026\/#website","url":"https:\/\/biospa.ee\/vanaveeb2026\/","name":"Loodus BioSpa","description":"Loodus BioSpa","publisher":{"@id":"https:\/\/biospa.ee\/vanaveeb2026\/#organization"},"potentialAction":[{"@type":"SearchAction","target":{"@type":"EntryPoint","urlTemplate":"https:\/\/biospa.ee\/vanaveeb2026\/?s={search_term_string}"},"query-input":{"@type":"PropertyValueSpecification","valueRequired":true,"valueName":"search_term_string"}}],"inLanguage":"et"},{"@type":"Organization","@id":"https:\/\/biospa.ee\/vanaveeb2026\/#organization","name":"Tesmasan O\u00dc","url":"https:\/\/biospa.ee\/vanaveeb2026\/","logo":{"@type":"ImageObject","inLanguage":"et","@id":"https:\/\/biospa.ee\/vanaveeb2026\/#\/schema\/logo\/image\/","url":"https:\/\/biospa.ee\/vanaveeb2026\/vanaveeb2026\/wp-content\/uploads\/2023\/06\/BioSpa-loggo-est1-0-143.png","contentUrl":"https:\/\/biospa.ee\/vanaveeb2026\/vanaveeb2026\/wp-content\/uploads\/2023\/06\/BioSpa-loggo-est1-0-143.png","width":143,"height":59,"caption":"Tesmasan O\u00dc"},"image":{"@id":"https:\/\/biospa.ee\/vanaveeb2026\/#\/schema\/logo\/image\/"},"sameAs":["https:\/\/www.facebook.com\/LoodusBioSpa\/","https:\/\/www.instagram.com\/loodusbiospa\/"]}]}},"_links":{"self":[{"href":"https:\/\/biospa.ee\/vanaveeb2026\/wp-json\/wp\/v2\/pages\/26635","targetHints":{"allow":["GET"]}}],"collection":[{"href":"https:\/\/biospa.ee\/vanaveeb2026\/wp-json\/wp\/v2\/pages"}],"about":[{"href":"https:\/\/biospa.ee\/vanaveeb2026\/wp-json\/wp\/v2\/types\/page"}],"author":[{"embeddable":true,"href":"https:\/\/biospa.ee\/vanaveeb2026\/wp-json\/wp\/v2\/users\/1"}],"replies":[{"embeddable":true,"href":"https:\/\/biospa.ee\/vanaveeb2026\/wp-json\/wp\/v2\/comments?post=26635"}],"version-history":[{"count":5,"href":"https:\/\/biospa.ee\/vanaveeb2026\/wp-json\/wp\/v2\/pages\/26635\/revisions"}],"predecessor-version":[{"id":96431,"href":"https:\/\/biospa.ee\/vanaveeb2026\/wp-json\/wp\/v2\/pages\/26635\/revisions\/96431"}],"wp:attachment":[{"href":"https:\/\/biospa.ee\/vanaveeb2026\/wp-json\/wp\/v2\/media?parent=26635"}],"curies":[{"name":"wp","href":"https:\/\/api.w.org\/{rel}","templated":true}]}}