{"id":26645,"date":"2023-05-15T13:24:25","date_gmt":"2023-05-15T10:24:25","guid":{"rendered":"https:\/\/biospa.ee\/vanaveeb2026\/rezervejiet-arstesanas-kursu\/"},"modified":"2026-01-15T09:52:28","modified_gmt":"2026-01-15T07:52:28","slug":"arstniecibas-kursa-rezervesana","status":"publish","type":"page","link":"https:\/\/biospa.ee\/vanaveeb2026\/arstniecibas-kursa-rezervesana\/?lang=lv","title":{"rendered":"\u0100rstniec\u012bbas kursa rezerv\u0113\u0161ana"},"content":{"rendered":"<p><div class=\"fusion-fullwidth fullwidth-box fusion-builder-row-1 has-pattern-background has-mask-background nonhundred-percent-fullwidth non-hundred-percent-height-scrolling\" style=\"--awb-border-radius-top-left:0px;--awb-border-radius-top-right:0px;--awb-border-radius-bottom-right:0px;--awb-border-radius-bottom-left:0px;--awb-margin-bottom:20px;--awb-flex-wrap:wrap;\" ><div class=\"fusion-builder-row fusion-row\"><div class=\"fusion-layout-column fusion_builder_column fusion-builder-column-0 fusion_builder_column_1_1 1_1 fusion-one-full fusion-column-first fusion-column-last\" style=\"--awb-bg-blend:overlay;--awb-bg-size:cover;--awb-margin-bottom:0px;\"><div class=\"fusion-column-wrapper fusion-flex-column-wrapper-legacy\"><div class=\"fusion-text fusion-text-1\">\n<\/div><div class=\"fusion-clearfix\"><\/div><\/div><\/div><\/div><\/div><div class=\"fusion-fullwidth fullwidth-box fusion-builder-row-2 nonhundred-percent-fullwidth non-hundred-percent-height-scrolling\" style=\"--awb-border-radius-top-left:0px;--awb-border-radius-top-right:0px;--awb-border-radius-bottom-right:0px;--awb-border-radius-bottom-left:0px;--awb-flex-wrap:wrap;\" ><div class=\"fusion-builder-row fusion-row\"><div class=\"fusion-layout-column fusion_builder_column fusion-builder-column-1 fusion_builder_column_1_2 1_2 fusion-one-half fusion-column-first\" style=\"--awb-bg-size:cover;width:50%;width:calc(50% - ( ( 4% ) * 0.5 ) );margin-right: 4%;\"><div class=\"fusion-column-wrapper fusion-column-has-shadow fusion-flex-column-wrapper-legacy\"><div class=\"fusion-text fusion-text-2\" style=\"--awb-text-transform:none;\"><h5>\u0100rst\u0113\u0161anas kursu cenas<\/h5>\n\n<table id=\"tablepress-86\" class=\"tablepress tablepress-id-86\">\n<thead>\n<tr class=\"row-1\">\n\t<th class=\"column-1\">Numuri<\/th><th class=\"column-2\">6 dienu \/pers<\/th><th class=\"column-3\">3 dienu \/pers<\/th>\n<\/tr>\n<\/thead>\n<tbody class=\"row-striping row-hover\">\n<tr class=\"row-2\">\n\t<td class=\"column-1\">3-viet\u012bgs numurs<\/td><td class=\"column-2\">\u20ac825<\/td><td class=\"column-3\">---<\/td>\n<\/tr>\n<tr class=\"row-3\">\n\t<td class=\"column-1\">2-viet\u012bgs numurs<\/td><td class=\"column-2\">\u20ac965<\/td><td class=\"column-3\">\u20ac400<\/td>\n<\/tr>\n<tr class=\"row-4\">\n\t<td class=\"column-1\">2-viet\u012bgs SUPERIOR<\/td><td class=\"column-2\">\u20ac1250<\/td><td class=\"column-3\">\u20ac500<\/td>\n<\/tr>\n<tr class=\"row-5\">\n\t<td class=\"column-1\">2-viet\u012bgs SUITE<\/td><td class=\"column-2\">\u20ac1640<\/td><td class=\"column-3\">---<\/td>\n<\/tr>\n<tr class=\"row-6\">\n\t<td class=\"column-1\">1-viet\u012bgs numurs<\/td><td class=\"column-2\">\u20ac1375<\/td><td class=\"column-3\">\u20ac500<\/td>\n<\/tr>\n<tr class=\"row-7\">\n\t<td class=\"column-1\">1-viet\u012bgs SUPERIOR<\/td><td class=\"column-2\">\u20ac1790<\/td><td class=\"column-3\">\u20ac600<\/td>\n<\/tr>\n<tr class=\"row-8\">\n\t<td class=\"column-1\">1-viet\u012bgs SUITE<\/td><td class=\"column-2\">\u20ac2340<\/td><td class=\"column-3\">---<\/td>\n<\/tr>\n<\/tbody>\n<\/table>\n\n<\/div><div class=\"fusion-text fusion-text-3\"><h2>\u0100rstniec\u012bbas kursu laiks<\/h2>\n\n<table id=\"tablepress-56\" class=\"tablepress tablepress-id-56\">\n<thead>\n<tr class=\"row-1\">\n\t<th class=\"column-1\">Periods<\/th><td class=\"column-2\"><\/td>\n<\/tr>\n<\/thead>\n<tbody class=\"row-striping row-hover\">\n<tr class=\"row-2\">\n\t<td class=\"column-1\">14.04.2026 - 19.04.2026<\/td><td class=\"column-2\"><\/td>\n<\/tr>\n<tr class=\"row-3\">\n\t<td class=\"column-1\">22.04.2026 - 27.04.2026<\/td><td class=\"column-2\"><a href=\"https:\/\/biospa.ee\/vanaveeb2026\/energy-special-qi-retreat\/?lang=en\">Energy Special Retreat<\/a><\/td>\n<\/tr>\n<tr class=\"row-4\">\n\t<td class=\"column-1\">30.04.2026 - 05.05.2026<\/td><td class=\"column-2\"><\/td>\n<\/tr>\n<tr class=\"row-5\">\n\t<td class=\"column-1\">08.05.2026 - 13.05.2026<\/td><td class=\"column-2\"><\/td>\n<\/tr>\n<tr class=\"row-6\">\n\t<td class=\"column-1\">16.05.2026 - 21.05.2026<\/td><td class=\"column-2\"><\/td>\n<\/tr>\n<tr class=\"row-7\">\n\t<td class=\"column-1\">24.05.2026 - 29.05.2026<\/td><td class=\"column-2\"><\/td>\n<\/tr>\n<tr class=\"row-8\">\n\t<td class=\"column-1\">01.06.2026 - 06.06.2026<\/td><td class=\"column-2\"><\/td>\n<\/tr>\n<tr class=\"row-9\">\n\t<td class=\"column-1\">09.06.2026 -14.06.2026<\/td><td class=\"column-2\">Insulin Resistance Special Retreat<\/td>\n<\/tr>\n<tr class=\"row-10\">\n\t<td class=\"column-1\">17.06.2026 - 22.06.2026<\/td><td class=\"column-2\"><\/td>\n<\/tr>\n<tr class=\"row-11\">\n\t<td class=\"column-1\">27.06.2026 - 02.07.2026<\/td><td class=\"column-2\"><\/td>\n<\/tr>\n<tr class=\"row-12\">\n\t<td class=\"column-1\">07.07.2026 - 12.07.2026<\/td><td class=\"column-2\"><\/td>\n<\/tr>\n<tr class=\"row-13\">\n\t<td class=\"column-1\">15.07.2026 - 20.07.2026<\/td><td class=\"column-2\"><\/td>\n<\/tr>\n<tr class=\"row-14\">\n\t<td class=\"column-1\">23.07.2026 - 28.07.2026<\/td><td class=\"column-2\"><\/td>\n<\/tr>\n<tr class=\"row-15\">\n\t<td class=\"column-1\">31.07.2026 - 05.08.2026<\/td><td class=\"column-2\"><\/td>\n<\/tr>\n<tr class=\"row-16\">\n\t<td class=\"column-1\">08.08.2026 - 13.08.2026<\/td><td class=\"column-2\"><\/td>\n<\/tr>\n<tr class=\"row-17\">\n\t<td class=\"column-1\">16.08.2026 - 21.08.2026<\/td><td class=\"column-2\"><\/td>\n<\/tr>\n<tr class=\"row-18\">\n\t<td class=\"column-1\">24.08.2026 - 29.08.2026<\/td><td class=\"column-2\"><\/td>\n<\/tr>\n<tr class=\"row-19\">\n\t<td class=\"column-1\">09.09.2026 - 14.09.2026<\/td><td class=\"column-2\"><\/td>\n<\/tr>\n<tr class=\"row-20\">\n\t<td class=\"column-1\">17.09.2026 - 22.09.2026<\/td><td class=\"column-2\"><\/td>\n<\/tr>\n<tr class=\"row-21\">\n\t<td class=\"column-1\">25.09.2026 - 30.09.2026<\/td><td class=\"column-2\"><\/td>\n<\/tr>\n<tr class=\"row-22\">\n\t<td class=\"column-1\">11.10.2026 - 16.10.2026<\/td><td class=\"column-2\"><\/td>\n<\/tr>\n<tr class=\"row-23\">\n\t<td class=\"column-1\">19.10.2026 - 24.10.2026<\/td><td class=\"column-2\"><\/td>\n<\/tr>\n<tr class=\"row-24\">\n\t<td class=\"column-1\">04.11.2026 - 09.11.2026<\/td><td class=\"column-2\"><\/td>\n<\/tr>\n<tr class=\"row-25\">\n\t<td class=\"column-1\">12.11.2026 - 17.11.2026<\/td><td class=\"column-2\"><\/td>\n<\/tr>\n<tr class=\"row-26\">\n\t<td class=\"column-1\">20.11.2026 - 25.11.2026<\/td><td class=\"column-2\"><\/td>\n<\/tr>\n<tr class=\"row-27\">\n\t<td class=\"column-1\">07.12.2026 - 12.12.2026<\/td><td class=\"column-2\"><\/td>\n<\/tr>\n<tr class=\"row-28\">\n\t<td class=\"column-1\">15.12.2026 - 20.12.2026<\/td><td class=\"column-2\"><\/td>\n<\/tr>\n<\/tbody>\n<\/table>\n\n<\/div><div class=\"fusion-sep-clear\"><\/div><div class=\"fusion-separator fusion-full-width-sep\" style=\"margin-left: auto;margin-right: auto;margin-top:20px;width:100%;\"><\/div><div class=\"fusion-sep-clear\"><\/div><div class=\"fusion-clearfix\"><\/div><\/div><\/div><div class=\"fusion-layout-column fusion_builder_column fusion-builder-column-2 fusion_builder_column_1_2 1_2 fusion-one-half fusion-column-last\" style=\"--awb-bg-size:cover;width:50%;width:calc(50% - ( ( 4% ) * 0.5 ) );\"><div class=\"fusion-column-wrapper fusion-column-has-shadow fusion-flex-column-wrapper-legacy\"><div class=\"fusion-text fusion-text-4\"><p><strong>Apskatiet pieejamo br\u012bvo vietu un rezerv\u0113jiet to tie\u0161saist\u0113:\u00a0<a href=\"https:\/\/booking.biospa.ee\/en\/\">BioSpaa Online booking<\/a>. NB! M\u0113s patlaban ievie\u0161am jaunu rezerv\u0101cijas sist\u0113mu. Ja rodas k\u0101das probl\u0113mas, l\u016bdzu, inform\u0113jiet m\u016bs. Lai rezerv\u0113tu vietu, j\u016bs varat sazin\u0101ties ar mums tie\u0161i, rakstot uz e-pastu\u00a0<a href=\"mailto:loodus@biospa.ee\">loodus@biospa.ee<\/a>\u00a0vai aizpildot zem\u0101k eso\u0161o veidlapu.<\/strong><\/p>\n<\/div><div class=\"fusion-builder-row fusion-builder-row-inner fusion-row\"><div class=\"fusion-layout-column fusion_builder_column_inner fusion-builder-nested-column-0 fusion_builder_column_inner_1_2 1_2 fusion-one-half fusion-column-first\" style=\"--awb-bg-size:cover;width:50%;width:calc(50% - ( ( 4% ) * 0.5 ) );margin-right: 4%;\"><div class=\"fusion-column-wrapper fusion-column-has-shadow fusion-flex-column-wrapper-legacy\"><div class=\"fusion-aligncenter\"><a class=\"fusion-button button-flat button-large button-default fusion-button-default button-1 fusion-button-default-span fusion-button-default-type\" target=\"_blank\" rel=\"noopener noreferrer\" href=\"https:\/\/booking.biospa.ee\/ru\/\"><span class=\"fusion-button-text awb-button__text awb-button__text--default\">O\u043d\u043b\u0430\u0439\u043d-\u0431\u0440\u043e\u043d\u0438\u0440\u043e\u0432\u0430\u043d\u0438\u0435 (RUS)<\/span><\/a><\/div><div class=\"fusion-clearfix\"><\/div><\/div><\/div><div class=\"fusion-layout-column fusion_builder_column_inner fusion-builder-nested-column-1 fusion_builder_column_inner_1_2 1_2 fusion-one-half fusion-column-last\" style=\"--awb-bg-size:cover;width:50%;width:calc(50% - ( ( 4% ) * 0.5 ) );\"><div class=\"fusion-column-wrapper fusion-column-has-shadow fusion-flex-column-wrapper-legacy\"><div class=\"fusion-aligncenter\"><a class=\"fusion-button button-flat button-large button-default fusion-button-default button-2 fusion-button-default-span fusion-button-default-type\" target=\"_blank\" rel=\"noopener noreferrer\" href=\"https:\/\/booking.biospa.ee\/en\/\"><span class=\"fusion-button-text awb-button__text awb-button__text--default\">Online Booking (ENG)<\/span><\/a><\/div><div class=\"fusion-clearfix\"><\/div><\/div><\/div><\/div><div class=\"fusion-text fusion-text-5\"><p data-start=\"172\" data-end=\"450\">L\u016bdzam \u0146emt v\u0113r\u0101, ka \u0101rstniecisk\u0101s bado\u0161an\u0101s kurss nav j\u0101iziet l\u012bdz programmas beig\u0101m \u2013 bado\u0161an\u0101s ilgums ir atkar\u012bgs no J\u016bsu vesel\u012bbas st\u0101vok\u013ca un individu\u0101laj\u0101m vajadz\u012bb\u0101m. Ja bado\u0161an\u0101s tiek p\u0101rtraukta agr\u0101k, atvese\u013co\u0161an\u0101s posms s\u0101kas uz vietas ar speci\u0101li piel\u0101gotu di\u0113tu.<\/p>\n<\/div><div class=\"fusion-image-element fusion-image-align-center in-legacy-container\" style=\"text-align:center;--awb-caption-title-font-family:var(--h2_typography-font-family);--awb-caption-title-font-weight:var(--h2_typography-font-weight);--awb-caption-title-font-style:var(--h2_typography-font-style);--awb-caption-title-size:var(--h2_typography-font-size);--awb-caption-title-transform:var(--h2_typography-text-transform);--awb-caption-title-line-height:var(--h2_typography-line-height);--awb-caption-title-letter-spacing:var(--h2_typography-letter-spacing);\"><div class=\"imageframe-align-center\"><span class=\" fusion-imageframe imageframe-dropshadow imageframe-1 hover-type-none\" style=\"-webkit-box-shadow: 3px 3px 7px rgba(0,0,0,0.3);box-shadow: 3px 3px 7px rgba(0,0,0,0.3);\"><img decoding=\"async\" width=\"799\" height=\"533\" title=\"BioSpa sviit\" src=\"https:\/\/biospa.ee\/vanaveeb2026\/wp-content\/uploads\/2023\/09\/Kroot_Tarkmeel_Photography-0441-1-1.jpg\" alt class=\"img-responsive wp-image-29454\" srcset=\"https:\/\/biospa.ee\/vanaveeb2026\/wp-content\/uploads\/2023\/09\/Kroot_Tarkmeel_Photography-0441-1-1-200x133.jpg 200w, https:\/\/biospa.ee\/vanaveeb2026\/wp-content\/uploads\/2023\/09\/Kroot_Tarkmeel_Photography-0441-1-1-400x267.jpg 400w, https:\/\/biospa.ee\/vanaveeb2026\/wp-content\/uploads\/2023\/09\/Kroot_Tarkmeel_Photography-0441-1-1-600x400.jpg 600w, https:\/\/biospa.ee\/vanaveeb2026\/wp-content\/uploads\/2023\/09\/Kroot_Tarkmeel_Photography-0441-1-1.jpg 799w\" sizes=\"(max-width: 800px) 100vw, 799px\" \/><\/span><\/div><\/div><div class=\"fusion-sep-clear\"><\/div><div class=\"fusion-separator fusion-full-width-sep\" style=\"margin-left: auto;margin-right: auto;margin-top:10px;width:100%;\"><\/div><div class=\"fusion-sep-clear\"><\/div><div class=\"fusion-text fusion-text-6\" style=\"--awb-margin-top:20px;\"><h2 data-start=\"240\" data-end=\"362\"><\/h2>\n<h2 data-start=\"240\" data-end=\"362\">Iera\u0161an\u0101s vakar\u0101 pirms programmas s\u0101kuma<\/h2>\n<p data-start=\"240\" data-end=\"362\">Iepriek\u0161 vienojoties, ir iesp\u0113jams ierasties un nak\u0161\u0146ot vakar\u0101 pirms \u0101rstniec\u012bbas kursa uzs\u0101k\u0161anas, s\u0101kot no plkst. 21.00.<\/p>\n<p data-start=\"364\" data-end=\"397\"><strong data-start=\"364\" data-end=\"388\">Papildu nakts maksa:<\/strong> 80 eiro.<\/p>\n<p data-start=\"399\" data-end=\"513\">Iera\u0161an\u0101s agr\u0101k (pirms plkst. 21.00) gad\u012bjum\u0101 tiek piem\u0113rota papildu maksa<br data-start=\"473\" data-end=\"476\" \/><strong data-start=\"476\" data-end=\"487\">10 eiro<\/strong> par katru ies\u0101kto stundu.<\/p>\n<\/div><div class=\"fusion-text fusion-text-7\"><h2>Priek\u0161apmaksa par rezerv\u0101ciju<\/h2>\n<p>Priek\u0161apmaksa 300 eiro j\u0101samaks\u0101 3 dienu laik\u0101 p\u0113c rezerv\u0101cijas.<\/p>\n<p>Maks\u0101jumu var veikt:<\/p>\n<ul>\n<li>Izmantojot rezerv\u0101cijas apstiprin\u0101juma e-past\u0101 nor\u0101d\u012bto maks\u0101juma saiti<\/li>\n<li>Ar p\u0101rskait\u012bjumu uz m\u016bsu nor\u0113\u0137inu kontu<br \/>\nSa\u0146\u0113m\u0113js: TESMASAN O\u00dc; IBAN: EE541010102030101003, BIC: EEUHEE2X<br \/>\nSEB bankas adrese: Tornim\u00e4e 2, Tallinn<br \/>\nMaks\u0101juma uzdevum\u0101 l\u016bdzam nor\u0101d\u012bt: priek\u0161apmaksa par izmitin\u0101\u0161anu, \u0101rstniec\u012bbas kursa s\u0101kuma datums, v\u0101rds, uzv\u0101rds.<\/li>\n<li>Maks\u0101jot ar kred\u012btkarti, l\u016bgums nor\u0101d\u012bt summu, kartes numuru un der\u012bguma termi\u0146u uz adresi <a href=\"mailto:loodus@biospa.ee\">loodus@biospa.ee<\/a><\/li>\n<\/ul>\n<p>Ja priek\u0161apmaksa nav veikta, rezerv\u0101cija tiek atcelta. Priek\u0161apmaksa netiek atmaks\u0101ta.<\/p>\n<p>P\u0113d\u0113j\u0101 br\u012b\u017ea rezerv\u0101cijas mai\u0146as gad\u012bjum\u0101 4\u20137 dienas pirms kursa s\u0101kuma tiek piem\u0113rota maksa par rezerv\u0101cijas mai\u0146u 50 eiro, 3 dienas vai maz\u0101k \u2013 100 eiro.<\/p>\n<p>Lai sasniegtu lab\u0101ko rezult\u0101tu, \u0101rstniec\u012bbas kurs\u0101 ir noteiktas \u0101rstniec\u012bbas proced\u016bras, ko nevar aizst\u0101t ar cit\u0101m.<br \/>\nM\u016bsu profesion\u0101laj\u0101 un draudz\u012bgaj\u0101 komand\u0101 proced\u016bras veic gan v\u012brie\u0161i, gan sievietes. Ja tas jums nav pie\u0146emams, l\u016bdzu, inform\u0113jiet m\u016bs rezerv\u0101cijas laik\u0101, un m\u0113s cent\u012bsimies rast risin\u0101jumu.<\/p>\n<p>NB! Administr\u0101cija patur ties\u012bbas bez iepriek\u0161\u0113jas izzi\u0146o\u0161anas main\u012bt cenas, pied\u0101v\u0101jumos eso\u0161\u0101s proced\u016bras un to skaitu. Par maksas pakalpojumiem, kas paliku\u0161i neizmantoti <em>Loodus BioSpa <\/em>neatkar\u012bgu apst\u0101k\u013cu d\u0113\u013c (kursa p\u0101rtrauk\u0161ana, atteik\u0161an\u0101s no proced\u016bras utt.), nauda netiek atgriezta.<\/p>\n<p><strong><em>Loodus BioSpa<\/em><\/strong><\/p>\n<p>T\u0101lr.: (+372) 509 3581 (katru dienu plkst. 9.00\u201318.00)<br \/>\nE-pasts:\u00a0<a href=\"mailto:loodus@biospa.ee\">loodus@biospa.ee<\/a>\u00a0| T\u012bmeklis:\u00a0<a href=\"http:\/\/biospa.ee\/vanaveeb2026\/\">biospa.ee<\/a><\/p>\n<p>Atrodamies tikai 5 km att\u0101lum\u0101 no Tartu, adres\u0113 Tilga tee, Muri k\u00fcla, Luunja vald, 62208 Tartumaa<\/p>\n<p>GPS koordin\u0101tas: 58\u00b0 24\u00b4 26\u00b4\u00b4N; 26\u00b0 49\u00b430\u00b4\u00b4 E<\/p>\n<\/div><div class=\"fusion-clearfix\"><\/div><\/div><\/div><\/div><\/div><\/p>\n","protected":false},"excerpt":{"rendered":"","protected":false},"author":1,"featured_media":0,"parent":0,"menu_order":119,"comment_status":"closed","ping_status":"closed","template":"","meta":{"footnotes":""},"class_list":["post-26645","page","type-page","status-publish","hentry"],"yoast_head":"<!-- This site is optimized with the Yoast SEO plugin v27.3 - https:\/\/yoast.com\/product\/yoast-seo-wordpress\/ -->\n<title>\u0100rstniec\u012bbas kursa rezerv\u0113\u0161ana - Loodus BioSpa<\/title>\n<meta name=\"description\" content=\"Loodus BIOSPA \u2014 profesion\u0101ls \u0101rstniecisk\u0101s bado\u0161an\u0101s centrs Igaunij\u0101. 6 dienu medic\u012bnisk\u0101s bado\u0161an\u0101s programma organisma att\u012br\u012b\u0161anai un ener\u0123ijas atjauno\u0161anai.\" \/>\n<meta name=\"robots\" content=\"index, follow, max-snippet:-1, max-image-preview:large, max-video-preview:-1\" \/>\n<link rel=\"canonical\" href=\"https:\/\/biospa.ee\/vanaveeb2026\/arstniecibas-kursa-rezervesana\/?lang=lv\" \/>\n<meta property=\"og:locale\" content=\"et_EE\" \/>\n<meta property=\"og:type\" content=\"article\" \/>\n<meta property=\"og:title\" content=\"\u0100rstniec\u012bbas kursa rezerv\u0113\u0161ana - Loodus BioSpa\" \/>\n<meta property=\"og:description\" content=\"Loodus BIOSPA \u2014 profesion\u0101ls \u0101rstniecisk\u0101s bado\u0161an\u0101s centrs Igaunij\u0101. 6 dienu medic\u012bnisk\u0101s bado\u0161an\u0101s programma organisma att\u012br\u012b\u0161anai un ener\u0123ijas atjauno\u0161anai.\" \/>\n<meta property=\"og:url\" content=\"https:\/\/biospa.ee\/vanaveeb2026\/arstniecibas-kursa-rezervesana\/?lang=lv\" \/>\n<meta property=\"og:site_name\" content=\"Loodus BioSpa\" \/>\n<meta property=\"article:publisher\" content=\"https:\/\/www.facebook.com\/LoodusBioSpa\/\" \/>\n<meta property=\"article:modified_time\" content=\"2026-01-15T07:52:28+00:00\" \/>\n<meta name=\"twitter:card\" content=\"summary_large_image\" \/>\n<meta name=\"twitter:label1\" content=\"Est. reading time\" \/>\n\t<meta name=\"twitter:data1\" content=\"4 minutit\" \/>\n<script type=\"application\/ld+json\" class=\"yoast-schema-graph\">{\"@context\":\"https:\\\/\\\/schema.org\",\"@graph\":[{\"@type\":\"WebPage\",\"@id\":\"https:\\\/\\\/biospa.ee\\\/vanaveeb2026\\\/arstniecibas-kursa-rezervesana\\\/?lang=lv\",\"url\":\"https:\\\/\\\/biospa.ee\\\/vanaveeb2026\\\/arstniecibas-kursa-rezervesana\\\/?lang=lv\",\"name\":\"\u0100rstniec\u012bbas kursa rezerv\u0113\u0161ana - Loodus BioSpa\",\"isPartOf\":{\"@id\":\"https:\\\/\\\/biospa.ee\\\/vanaveeb2026\\\/#website\"},\"datePublished\":\"2023-05-15T10:24:25+00:00\",\"dateModified\":\"2026-01-15T07:52:28+00:00\",\"description\":\"Loodus BIOSPA \u2014 profesion\u0101ls \u0101rstniecisk\u0101s bado\u0161an\u0101s centrs Igaunij\u0101. 6 dienu medic\u012bnisk\u0101s bado\u0161an\u0101s programma organisma att\u012br\u012b\u0161anai un ener\u0123ijas atjauno\u0161anai.\",\"breadcrumb\":{\"@id\":\"https:\\\/\\\/biospa.ee\\\/vanaveeb2026\\\/arstniecibas-kursa-rezervesana\\\/?lang=lv#breadcrumb\"},\"inLanguage\":\"et\",\"potentialAction\":[{\"@type\":\"ReadAction\",\"target\":[\"https:\\\/\\\/biospa.ee\\\/vanaveeb2026\\\/arstniecibas-kursa-rezervesana\\\/?lang=lv\"]}]},{\"@type\":\"BreadcrumbList\",\"@id\":\"https:\\\/\\\/biospa.ee\\\/vanaveeb2026\\\/arstniecibas-kursa-rezervesana\\\/?lang=lv#breadcrumb\",\"itemListElement\":[{\"@type\":\"ListItem\",\"position\":1,\"name\":\"Home\",\"item\":\"https:\\\/\\\/biospa.ee\\\/vanaveeb2026\\\/\"},{\"@type\":\"ListItem\",\"position\":2,\"name\":\"\u0100rstniec\u012bbas kursa rezerv\u0113\u0161ana\"}]},{\"@type\":\"WebSite\",\"@id\":\"https:\\\/\\\/biospa.ee\\\/vanaveeb2026\\\/#website\",\"url\":\"https:\\\/\\\/biospa.ee\\\/vanaveeb2026\\\/\",\"name\":\"Loodus BioSpa\",\"description\":\"Loodus BioSpa\",\"publisher\":{\"@id\":\"https:\\\/\\\/biospa.ee\\\/vanaveeb2026\\\/#organization\"},\"potentialAction\":[{\"@type\":\"SearchAction\",\"target\":{\"@type\":\"EntryPoint\",\"urlTemplate\":\"https:\\\/\\\/biospa.ee\\\/vanaveeb2026\\\/?s={search_term_string}\"},\"query-input\":{\"@type\":\"PropertyValueSpecification\",\"valueRequired\":true,\"valueName\":\"search_term_string\"}}],\"inLanguage\":\"et\"},{\"@type\":\"Organization\",\"@id\":\"https:\\\/\\\/biospa.ee\\\/vanaveeb2026\\\/#organization\",\"name\":\"Tesmasan O\u00dc\",\"url\":\"https:\\\/\\\/biospa.ee\\\/vanaveeb2026\\\/\",\"logo\":{\"@type\":\"ImageObject\",\"inLanguage\":\"et\",\"@id\":\"https:\\\/\\\/biospa.ee\\\/vanaveeb2026\\\/#\\\/schema\\\/logo\\\/image\\\/\",\"url\":\"https:\\\/\\\/biospa.ee\\\/vanaveeb2026\\\/vanaveeb2026\\\/wp-content\\\/uploads\\\/2023\\\/06\\\/BioSpa-loggo-est1-0-143.png\",\"contentUrl\":\"https:\\\/\\\/biospa.ee\\\/vanaveeb2026\\\/vanaveeb2026\\\/wp-content\\\/uploads\\\/2023\\\/06\\\/BioSpa-loggo-est1-0-143.png\",\"width\":143,\"height\":59,\"caption\":\"Tesmasan O\u00dc\"},\"image\":{\"@id\":\"https:\\\/\\\/biospa.ee\\\/vanaveeb2026\\\/#\\\/schema\\\/logo\\\/image\\\/\"},\"sameAs\":[\"https:\\\/\\\/www.facebook.com\\\/LoodusBioSpa\\\/\",\"https:\\\/\\\/www.instagram.com\\\/loodusbiospa\\\/\"]}]}<\/script>\n<!-- \/ Yoast SEO plugin. -->","yoast_head_json":{"title":"\u0100rstniec\u012bbas kursa rezerv\u0113\u0161ana - Loodus BioSpa","description":"Loodus BIOSPA \u2014 profesion\u0101ls \u0101rstniecisk\u0101s bado\u0161an\u0101s centrs Igaunij\u0101. 6 dienu medic\u012bnisk\u0101s bado\u0161an\u0101s programma organisma att\u012br\u012b\u0161anai un ener\u0123ijas atjauno\u0161anai.","robots":{"index":"index","follow":"follow","max-snippet":"max-snippet:-1","max-image-preview":"max-image-preview:large","max-video-preview":"max-video-preview:-1"},"canonical":"https:\/\/biospa.ee\/vanaveeb2026\/arstniecibas-kursa-rezervesana\/?lang=lv","og_locale":"et_EE","og_type":"article","og_title":"\u0100rstniec\u012bbas kursa rezerv\u0113\u0161ana - Loodus BioSpa","og_description":"Loodus BIOSPA \u2014 profesion\u0101ls \u0101rstniecisk\u0101s bado\u0161an\u0101s centrs Igaunij\u0101. 6 dienu medic\u012bnisk\u0101s bado\u0161an\u0101s programma organisma att\u012br\u012b\u0161anai un ener\u0123ijas atjauno\u0161anai.","og_url":"https:\/\/biospa.ee\/vanaveeb2026\/arstniecibas-kursa-rezervesana\/?lang=lv","og_site_name":"Loodus BioSpa","article_publisher":"https:\/\/www.facebook.com\/LoodusBioSpa\/","article_modified_time":"2026-01-15T07:52:28+00:00","twitter_card":"summary_large_image","twitter_misc":{"Est. reading time":"4 minutit"},"schema":{"@context":"https:\/\/schema.org","@graph":[{"@type":"WebPage","@id":"https:\/\/biospa.ee\/vanaveeb2026\/arstniecibas-kursa-rezervesana\/?lang=lv","url":"https:\/\/biospa.ee\/vanaveeb2026\/arstniecibas-kursa-rezervesana\/?lang=lv","name":"\u0100rstniec\u012bbas kursa rezerv\u0113\u0161ana - Loodus BioSpa","isPartOf":{"@id":"https:\/\/biospa.ee\/vanaveeb2026\/#website"},"datePublished":"2023-05-15T10:24:25+00:00","dateModified":"2026-01-15T07:52:28+00:00","description":"Loodus BIOSPA \u2014 profesion\u0101ls \u0101rstniecisk\u0101s bado\u0161an\u0101s centrs Igaunij\u0101. 6 dienu medic\u012bnisk\u0101s bado\u0161an\u0101s programma organisma att\u012br\u012b\u0161anai un ener\u0123ijas atjauno\u0161anai.","breadcrumb":{"@id":"https:\/\/biospa.ee\/vanaveeb2026\/arstniecibas-kursa-rezervesana\/?lang=lv#breadcrumb"},"inLanguage":"et","potentialAction":[{"@type":"ReadAction","target":["https:\/\/biospa.ee\/vanaveeb2026\/arstniecibas-kursa-rezervesana\/?lang=lv"]}]},{"@type":"BreadcrumbList","@id":"https:\/\/biospa.ee\/vanaveeb2026\/arstniecibas-kursa-rezervesana\/?lang=lv#breadcrumb","itemListElement":[{"@type":"ListItem","position":1,"name":"Home","item":"https:\/\/biospa.ee\/vanaveeb2026\/"},{"@type":"ListItem","position":2,"name":"\u0100rstniec\u012bbas kursa rezerv\u0113\u0161ana"}]},{"@type":"WebSite","@id":"https:\/\/biospa.ee\/vanaveeb2026\/#website","url":"https:\/\/biospa.ee\/vanaveeb2026\/","name":"Loodus BioSpa","description":"Loodus BioSpa","publisher":{"@id":"https:\/\/biospa.ee\/vanaveeb2026\/#organization"},"potentialAction":[{"@type":"SearchAction","target":{"@type":"EntryPoint","urlTemplate":"https:\/\/biospa.ee\/vanaveeb2026\/?s={search_term_string}"},"query-input":{"@type":"PropertyValueSpecification","valueRequired":true,"valueName":"search_term_string"}}],"inLanguage":"et"},{"@type":"Organization","@id":"https:\/\/biospa.ee\/vanaveeb2026\/#organization","name":"Tesmasan O\u00dc","url":"https:\/\/biospa.ee\/vanaveeb2026\/","logo":{"@type":"ImageObject","inLanguage":"et","@id":"https:\/\/biospa.ee\/vanaveeb2026\/#\/schema\/logo\/image\/","url":"https:\/\/biospa.ee\/vanaveeb2026\/vanaveeb2026\/wp-content\/uploads\/2023\/06\/BioSpa-loggo-est1-0-143.png","contentUrl":"https:\/\/biospa.ee\/vanaveeb2026\/vanaveeb2026\/wp-content\/uploads\/2023\/06\/BioSpa-loggo-est1-0-143.png","width":143,"height":59,"caption":"Tesmasan O\u00dc"},"image":{"@id":"https:\/\/biospa.ee\/vanaveeb2026\/#\/schema\/logo\/image\/"},"sameAs":["https:\/\/www.facebook.com\/LoodusBioSpa\/","https:\/\/www.instagram.com\/loodusbiospa\/"]}]}},"_links":{"self":[{"href":"https:\/\/biospa.ee\/vanaveeb2026\/wp-json\/wp\/v2\/pages\/26645","targetHints":{"allow":["GET"]}}],"collection":[{"href":"https:\/\/biospa.ee\/vanaveeb2026\/wp-json\/wp\/v2\/pages"}],"about":[{"href":"https:\/\/biospa.ee\/vanaveeb2026\/wp-json\/wp\/v2\/types\/page"}],"author":[{"embeddable":true,"href":"https:\/\/biospa.ee\/vanaveeb2026\/wp-json\/wp\/v2\/users\/1"}],"replies":[{"embeddable":true,"href":"https:\/\/biospa.ee\/vanaveeb2026\/wp-json\/wp\/v2\/comments?post=26645"}],"version-history":[{"count":5,"href":"https:\/\/biospa.ee\/vanaveeb2026\/wp-json\/wp\/v2\/pages\/26645\/revisions"}],"predecessor-version":[{"id":96024,"href":"https:\/\/biospa.ee\/vanaveeb2026\/wp-json\/wp\/v2\/pages\/26645\/revisions\/96024"}],"wp:attachment":[{"href":"https:\/\/biospa.ee\/vanaveeb2026\/wp-json\/wp\/v2\/media?parent=26645"}],"curies":[{"name":"wp","href":"https:\/\/api.w.org\/{rel}","templated":true}]}}