{"id":26981,"date":"2023-05-22T13:20:20","date_gmt":"2023-05-22T10:20:20","guid":{"rendered":"https:\/\/biospa.ee\/vanaveeb2026\/atlaides\/"},"modified":"2026-01-12T16:54:46","modified_gmt":"2026-01-12T14:54:46","slug":"atlaides","status":"publish","type":"page","link":"https:\/\/biospa.ee\/vanaveeb2026\/atlaides\/?lang=lv","title":{"rendered":"Atlaides"},"content":{"rendered":"<p><div class=\"fusion-fullwidth fullwidth-box fusion-builder-row-1 nonhundred-percent-fullwidth non-hundred-percent-height-scrolling\" style=\"--awb-border-radius-top-left:0px;--awb-border-radius-top-right:0px;--awb-border-radius-bottom-right:0px;--awb-border-radius-bottom-left:0px;--awb-flex-wrap:wrap;\" ><div class=\"fusion-builder-row fusion-row\"><div class=\"fusion-layout-column fusion_builder_column fusion-builder-column-0 fusion_builder_column_1_1 1_1 fusion-one-full fusion-column-first fusion-column-last\" style=\"--awb-bg-size:cover;--awb-margin-bottom:0px;\"><div class=\"fusion-column-wrapper fusion-flex-column-wrapper-legacy\"><div class=\"fusion-image-element fusion-image-align-center in-legacy-container\" style=\"text-align:center;--awb-caption-title-font-family:var(--h2_typography-font-family);--awb-caption-title-font-weight:var(--h2_typography-font-weight);--awb-caption-title-font-style:var(--h2_typography-font-style);--awb-caption-title-size:var(--h2_typography-font-size);--awb-caption-title-transform:var(--h2_typography-text-transform);--awb-caption-title-line-height:var(--h2_typography-line-height);--awb-caption-title-letter-spacing:var(--h2_typography-letter-spacing);\"><div class=\"imageframe-align-center\"><span class=\" fusion-imageframe imageframe-dropshadow imageframe-1 hover-type-none\" style=\"-webkit-box-shadow: 3px 3px 7px rgba(0,0,0,0.3);box-shadow: 3px 3px 7px rgba(0,0,0,0.3);\"><img decoding=\"async\" width=\"1024\" height=\"683\" title=\"Kroot_Tarkmeel_Photography-1538 (1)\" src=\"https:\/\/biospa.ee\/vanaveeb2026\/wp-content\/uploads\/2026\/01\/Kroot_Tarkmeel_Photography-1538-1-1024x683.jpg\" alt class=\"img-responsive wp-image-95937\" srcset=\"https:\/\/biospa.ee\/vanaveeb2026\/wp-content\/uploads\/2026\/01\/Kroot_Tarkmeel_Photography-1538-1-200x133.jpg 200w, https:\/\/biospa.ee\/vanaveeb2026\/wp-content\/uploads\/2026\/01\/Kroot_Tarkmeel_Photography-1538-1-400x267.jpg 400w, https:\/\/biospa.ee\/vanaveeb2026\/wp-content\/uploads\/2026\/01\/Kroot_Tarkmeel_Photography-1538-1-600x400.jpg 600w, https:\/\/biospa.ee\/vanaveeb2026\/wp-content\/uploads\/2026\/01\/Kroot_Tarkmeel_Photography-1538-1-800x533.jpg 800w, https:\/\/biospa.ee\/vanaveeb2026\/wp-content\/uploads\/2026\/01\/Kroot_Tarkmeel_Photography-1538-1-1200x800.jpg 1200w\" sizes=\"(max-width: 800px) 100vw, 1024px\" \/><\/span><\/div><\/div><div class=\"fusion-text fusion-text-1\"><h2 data-start=\"60\" data-end=\"93\"><\/h2>\n<h2 data-start=\"60\" data-end=\"93\"><strong data-start=\"63\" data-end=\"93\">BONUSS ATK\u0100RTOTIEM VIESIEM<\/strong><\/h2>\n<p data-start=\"95\" data-end=\"241\">Papildus paketes iek\u013cautaj\u0101m proced\u016br\u0101m m\u0113s pied\u0101v\u0101jam atk\u0101rtotajiem viesiem 45 min\u016b\u0161u personaliz\u0113tu mas\u0101\u017eas terapiju \u2014 k\u0101 pateic\u012bbu par uztic\u012bbu.<\/p>\n<p data-start=\"243\" data-end=\"328\">Atk\u0101rtota viesa statuss tiek pie\u0161\u0137irts, ja apmekl\u0113jat m\u016bs otro reizi 18 m\u0113ne\u0161u laik\u0101.<\/p>\n<\/div><div class=\"fusion-sep-clear\"><\/div><div class=\"fusion-separator fusion-full-width-sep\" style=\"margin-left: auto;margin-right: auto;width:100%;\"><div class=\"fusion-separator-border sep-single sep-solid\" style=\"--awb-height:20px;--awb-amount:20px;border-color:#e0dede;border-top-width:1px;\"><\/div><\/div><div class=\"fusion-sep-clear\"><\/div><div class=\"fusion-text fusion-text-2\"><h2 data-start=\"143\" data-end=\"177\"><\/h2>\n<h2 data-start=\"143\" data-end=\"177\"><strong data-start=\"146\" data-end=\"175\">LOODUS BIOSPA DRAUGU LOKS<\/strong><\/h2>\n<p data-start=\"178\" data-end=\"233\"><em data-start=\"178\" data-end=\"233\">Vesel\u012bba s\u0101kas \u0161eit \u2013 dalies taj\u0101 ar saviem draugiem.<\/em><\/p>\n<h3 data-start=\"235\" data-end=\"259\"><strong data-start=\"239\" data-end=\"259\">K\u0101 tas darbojas:<\/strong><\/h3>\n<ul>\n<li data-start=\"261\" data-end=\"340\">P\u0113c uztur\u0113\u0161an\u0101s j\u016bs sa\u0146emsiet person\u012bgu kodu, kas iek\u013cauj j\u016bs m\u016bsu Draugu Lok\u0101.<\/li>\n<li data-start=\"342\" data-end=\"498\">Dalieties ar \u0161o kodu ar draugu, \u0123imenes locekli vai kol\u0113\u0123i, kuram b\u016btu noder\u012bgs neliels atp\u016btas br\u012bdis, atjauno\u0161an\u0101s un iesp\u0113ja piev\u0113rsties savai vesel\u012bbai.<\/li>\n<li data-start=\"500\" data-end=\"598\">Atl\u012bdz\u012bba par ieteikumu tiek piem\u0113rota, kad j\u016bsu draugs (vai draugi) ir apmekl\u0113ju\u0161i Loodus BIOSPA.<\/li>\n<li data-start=\"600\" data-end=\"658\">Drauga kods ir der\u012bgs 12 m\u0113ne\u0161us no t\u0101 izsnieg\u0161anas br\u012b\u017ea.<\/li>\n<\/ul>\n<h3 data-start=\"660\" data-end=\"695\"><strong data-start=\"664\" data-end=\"695\">J\u016bsu k\u0101 ieteic\u0113ja ieguvumi:<\/strong><\/h3>\n<ul>\n<li data-start=\"697\" data-end=\"766\">To pa\u0161u kodu varat izmantot ar\u012b j\u016bs, ja atgrie\u017eaties 12 m\u0113ne\u0161u laik\u0101.<\/li>\n<li data-start=\"768\" data-end=\"923\">Ja j\u016bs un j\u016bsu ieteiktais draugs uzturaties vien\u0101 numur\u0101, m\u0113s iesp\u0113ju robe\u017e\u0101s pied\u0101v\u0101sim bezmaksas numura kategorijas uzlabojumu (atkar\u012bb\u0101 no pieejam\u012bbas).<\/li>\n<\/ul>\n<h3 data-start=\"925\" data-end=\"965\"><strong data-start=\"929\" data-end=\"965\">Drauga \u2013 jaun\u0101 viesu \u2013 ieguvumi:<\/strong><\/h3>\n<ul>\n<li data-start=\"967\" data-end=\"997\">-10% atlaide programmas cenai.<\/li>\n<li data-start=\"999\" data-end=\"1154\">Ja j\u016bs un j\u016bsu ieteiktais draugs uzturaties vien\u0101 numur\u0101, m\u0113s iesp\u0113ju robe\u017e\u0101s pied\u0101v\u0101sim bezmaksas numura kategorijas uzlabojumu (atkar\u012bb\u0101 no pieejam\u012bbas).<\/li>\n<\/ul>\n<h3 data-start=\"1156\" data-end=\"1191\"><strong data-start=\"1160\" data-end=\"1191\">Kas var k\u013c\u016bt par ieteic\u0113ju?<\/strong><\/h3>\n<p data-start=\"1193\" data-end=\"1288\">Ikviens viesis, kur\u0161 kop\u0161 01.01.2026. ir izg\u0101jis Loodus BIOSPA bado\u0161an\u0101s vai detoksa programmu.<\/p>\n<h3 data-start=\"1290\" data-end=\"1322\"><strong data-start=\"1294\" data-end=\"1322\">Ja v\u0113laties piedal\u012bties:<\/strong><\/h3>\n<ul>\n<li data-start=\"1324\" data-end=\"1529\">Atrodiet savu ieteic\u0113ja karti ar kodu numur\u0101 pirms izrakst\u012b\u0161an\u0101s, vai<\/li>\n<li data-start=\"1324\" data-end=\"1529\">paprasiet kodu administratoram pirms aizbrauk\u0161anas, vai<\/li>\n<li data-start=\"1324\" data-end=\"1529\">sazinieties ar mums p\u0113c uztur\u0113\u0161an\u0101s pa e-pastu, un m\u0113s nos\u016bt\u012bsim jums kodu.<\/li>\n<\/ul>\n<h3 data-start=\"1531\" data-end=\"1556\"><strong data-start=\"1535\" data-end=\"1556\">K\u0101 izmantot kodu:<\/strong><\/h3>\n<ul>\n<li data-start=\"1558\" data-end=\"1640\">Veicot rezerv\u0101ciju, ievadiet drauga kodu lauk\u0101 \u201cPapildus inform\u0101cija \/ koment\u0101ri\u201d.<\/li>\n<li data-start=\"1558\" data-end=\"1640\">Rezerv\u0101cijas br\u012bd\u012b ir j\u0101iemaks\u0101 tikai priek\u0161apmaksa 300 EUR apm\u0113r\u0101. Atlaide tiks piem\u0113rota uz vietas, maks\u0101jot par atliku\u0161o programmas summu vai papildus proced\u016br\u0101m.<\/li>\n<\/ul>\n<p data-start=\"1811\" data-end=\"1840\"><strong data-start=\"1811\" data-end=\"1840\">Atlaides netiek summ\u0113tas!<\/strong><\/p>\n<\/div><div class=\"fusion-reading-box-container reading-box-container-1\" style=\"--awb-title-color:#472a2a;--awb-margin-top:0px;--awb-margin-bottom:84px;\"><div class=\"reading-box reading-box-center\" style=\"background-color:#f6f6f6;border-width:1px;border-color:#f6f6f6;border-left-width:3px;border-left-color:var(--primary_color);border-style:solid;\"><h2>IZMANTO SAVU ATLAIDI<\/h2><a class=\"button fusion-button button-default fusion-button-xlarge button-xlarge button-flat fusion-mobile-button continue-center\" style=\"-webkit-box-shadow:none;-moz-box-shadow:none;box-shadow:none;border-radius:10px 10px 10px 10px\" href=\"https:\/\/biospa.ee\/vanaveeb2026\/arstniecibas-kursa-rezervesana\/?lang=lv\" target=\"_blank\" rel=\"noopener noreferrer\"><span>Rezerv\u0113jiet \u0161eit!<\/span><\/a><\/div><\/div><div class=\"fusion-clearfix\"><\/div><\/div><\/div><\/div><\/div><div class=\"fusion-fullwidth fullwidth-box fusion-builder-row-2 fusion-flex-container has-pattern-background has-mask-background nonhundred-percent-fullwidth non-hundred-percent-height-scrolling\" style=\"--awb-border-radius-top-left:0px;--awb-border-radius-top-right:0px;--awb-border-radius-bottom-right:0px;--awb-border-radius-bottom-left:0px;--awb-flex-wrap:wrap;\" ><div class=\"fusion-builder-row fusion-row fusion-flex-align-items-flex-start fusion-flex-content-wrap\" style=\"max-width:1560px;margin-left: calc(-4% \/ 2 );margin-right: calc(-4% \/ 2 );\"><\/div><\/div><\/p>\n","protected":false},"excerpt":{"rendered":"","protected":false},"author":1,"featured_media":0,"parent":0,"menu_order":116,"comment_status":"closed","ping_status":"closed","template":"","meta":{"footnotes":""},"class_list":["post-26981","page","type-page","status-publish","hentry"],"yoast_head":"<!-- This site is optimized with the Yoast SEO plugin v27.3 - https:\/\/yoast.com\/product\/yoast-seo-wordpress\/ -->\n<title>Atlaides - Loodus BioSpa<\/title>\n<meta name=\"robots\" content=\"index, follow, max-snippet:-1, max-image-preview:large, max-video-preview:-1\" \/>\n<link rel=\"canonical\" href=\"https:\/\/biospa.ee\/vanaveeb2026\/atlaides\/?lang=lv\" \/>\n<meta property=\"og:locale\" content=\"et_EE\" \/>\n<meta property=\"og:type\" content=\"article\" \/>\n<meta property=\"og:title\" content=\"Atlaides - Loodus BioSpa\" \/>\n<meta property=\"og:url\" content=\"https:\/\/biospa.ee\/vanaveeb2026\/atlaides\/?lang=lv\" \/>\n<meta property=\"og:site_name\" content=\"Loodus BioSpa\" \/>\n<meta property=\"article:publisher\" content=\"https:\/\/www.facebook.com\/LoodusBioSpa\/\" \/>\n<meta property=\"article:modified_time\" content=\"2026-01-12T14:54:46+00:00\" \/>\n<meta name=\"twitter:card\" content=\"summary_large_image\" \/>\n<meta name=\"twitter:label1\" content=\"Est. reading time\" \/>\n\t<meta name=\"twitter:data1\" content=\"8 minutit\" \/>\n<script type=\"application\/ld+json\" class=\"yoast-schema-graph\">{\"@context\":\"https:\\\/\\\/schema.org\",\"@graph\":[{\"@type\":\"WebPage\",\"@id\":\"https:\\\/\\\/biospa.ee\\\/vanaveeb2026\\\/atlaides\\\/?lang=lv\",\"url\":\"https:\\\/\\\/biospa.ee\\\/vanaveeb2026\\\/atlaides\\\/?lang=lv\",\"name\":\"Atlaides - Loodus BioSpa\",\"isPartOf\":{\"@id\":\"https:\\\/\\\/biospa.ee\\\/vanaveeb2026\\\/?lang=ru\\\/#website\"},\"datePublished\":\"2023-05-22T10:20:20+00:00\",\"dateModified\":\"2026-01-12T14:54:46+00:00\",\"breadcrumb\":{\"@id\":\"https:\\\/\\\/biospa.ee\\\/vanaveeb2026\\\/atlaides\\\/?lang=lv#breadcrumb\"},\"inLanguage\":\"et\",\"potentialAction\":[{\"@type\":\"ReadAction\",\"target\":[\"https:\\\/\\\/biospa.ee\\\/vanaveeb2026\\\/atlaides\\\/?lang=lv\"]}]},{\"@type\":\"BreadcrumbList\",\"@id\":\"https:\\\/\\\/biospa.ee\\\/vanaveeb2026\\\/atlaides\\\/?lang=lv#breadcrumb\",\"itemListElement\":[{\"@type\":\"ListItem\",\"position\":1,\"name\":\"Home\",\"item\":\"https:\\\/\\\/biospa.ee\\\/vanaveeb2026\\\/\"},{\"@type\":\"ListItem\",\"position\":2,\"name\":\"Atlaides\"}]},{\"@type\":\"WebSite\",\"@id\":\"https:\\\/\\\/biospa.ee\\\/vanaveeb2026\\\/?lang=ru\\\/#website\",\"url\":\"https:\\\/\\\/biospa.ee\\\/vanaveeb2026\\\/?lang=ru\\\/\",\"name\":\"Loodus BioSpa\",\"description\":\"Loodus BioSpa\",\"publisher\":{\"@id\":\"https:\\\/\\\/biospa.ee\\\/vanaveeb2026\\\/?lang=ru\\\/#organization\"},\"potentialAction\":[{\"@type\":\"SearchAction\",\"target\":{\"@type\":\"EntryPoint\",\"urlTemplate\":\"https:\\\/\\\/biospa.ee\\\/vanaveeb2026\\\/?lang=ru\\\/?s={search_term_string}\"},\"query-input\":{\"@type\":\"PropertyValueSpecification\",\"valueRequired\":true,\"valueName\":\"search_term_string\"}}],\"inLanguage\":\"et\"},{\"@type\":\"Organization\",\"@id\":\"https:\\\/\\\/biospa.ee\\\/vanaveeb2026\\\/?lang=ru\\\/#organization\",\"name\":\"Tesmasan O\u00dc\",\"url\":\"https:\\\/\\\/biospa.ee\\\/vanaveeb2026\\\/?lang=ru\\\/\",\"logo\":{\"@type\":\"ImageObject\",\"inLanguage\":\"et\",\"@id\":\"https:\\\/\\\/biospa.ee\\\/vanaveeb2026\\\/?lang=ru\\\/#\\\/schema\\\/logo\\\/image\\\/\",\"url\":\"https:\\\/\\\/biospa.ee\\\/vanaveeb2026\\\/vanaveeb2026\\\/wp-content\\\/uploads\\\/2023\\\/06\\\/BioSpa-loggo-est1-0-143.png\",\"contentUrl\":\"https:\\\/\\\/biospa.ee\\\/vanaveeb2026\\\/vanaveeb2026\\\/wp-content\\\/uploads\\\/2023\\\/06\\\/BioSpa-loggo-est1-0-143.png\",\"width\":143,\"height\":59,\"caption\":\"Tesmasan O\u00dc\"},\"image\":{\"@id\":\"https:\\\/\\\/biospa.ee\\\/vanaveeb2026\\\/?lang=ru\\\/#\\\/schema\\\/logo\\\/image\\\/\"},\"sameAs\":[\"https:\\\/\\\/www.facebook.com\\\/LoodusBioSpa\\\/\",\"https:\\\/\\\/www.instagram.com\\\/loodusbiospa\\\/\"]}]}<\/script>\n<!-- \/ Yoast SEO plugin. -->","yoast_head_json":{"title":"Atlaides - Loodus BioSpa","robots":{"index":"index","follow":"follow","max-snippet":"max-snippet:-1","max-image-preview":"max-image-preview:large","max-video-preview":"max-video-preview:-1"},"canonical":"https:\/\/biospa.ee\/vanaveeb2026\/atlaides\/?lang=lv","og_locale":"et_EE","og_type":"article","og_title":"Atlaides - Loodus BioSpa","og_url":"https:\/\/biospa.ee\/vanaveeb2026\/atlaides\/?lang=lv","og_site_name":"Loodus BioSpa","article_publisher":"https:\/\/www.facebook.com\/LoodusBioSpa\/","article_modified_time":"2026-01-12T14:54:46+00:00","twitter_card":"summary_large_image","twitter_misc":{"Est. reading time":"8 minutit"},"schema":{"@context":"https:\/\/schema.org","@graph":[{"@type":"WebPage","@id":"https:\/\/biospa.ee\/vanaveeb2026\/atlaides\/?lang=lv","url":"https:\/\/biospa.ee\/vanaveeb2026\/atlaides\/?lang=lv","name":"Atlaides - Loodus BioSpa","isPartOf":{"@id":"https:\/\/biospa.ee\/vanaveeb2026\/?lang=ru\/#website"},"datePublished":"2023-05-22T10:20:20+00:00","dateModified":"2026-01-12T14:54:46+00:00","breadcrumb":{"@id":"https:\/\/biospa.ee\/vanaveeb2026\/atlaides\/?lang=lv#breadcrumb"},"inLanguage":"et","potentialAction":[{"@type":"ReadAction","target":["https:\/\/biospa.ee\/vanaveeb2026\/atlaides\/?lang=lv"]}]},{"@type":"BreadcrumbList","@id":"https:\/\/biospa.ee\/vanaveeb2026\/atlaides\/?lang=lv#breadcrumb","itemListElement":[{"@type":"ListItem","position":1,"name":"Home","item":"https:\/\/biospa.ee\/vanaveeb2026\/"},{"@type":"ListItem","position":2,"name":"Atlaides"}]},{"@type":"WebSite","@id":"https:\/\/biospa.ee\/vanaveeb2026\/?lang=ru\/#website","url":"https:\/\/biospa.ee\/vanaveeb2026\/?lang=ru\/","name":"Loodus BioSpa","description":"Loodus BioSpa","publisher":{"@id":"https:\/\/biospa.ee\/vanaveeb2026\/?lang=ru\/#organization"},"potentialAction":[{"@type":"SearchAction","target":{"@type":"EntryPoint","urlTemplate":"https:\/\/biospa.ee\/vanaveeb2026\/?lang=ru\/?s={search_term_string}"},"query-input":{"@type":"PropertyValueSpecification","valueRequired":true,"valueName":"search_term_string"}}],"inLanguage":"et"},{"@type":"Organization","@id":"https:\/\/biospa.ee\/vanaveeb2026\/?lang=ru\/#organization","name":"Tesmasan O\u00dc","url":"https:\/\/biospa.ee\/vanaveeb2026\/?lang=ru\/","logo":{"@type":"ImageObject","inLanguage":"et","@id":"https:\/\/biospa.ee\/vanaveeb2026\/?lang=ru\/#\/schema\/logo\/image\/","url":"https:\/\/biospa.ee\/vanaveeb2026\/vanaveeb2026\/wp-content\/uploads\/2023\/06\/BioSpa-loggo-est1-0-143.png","contentUrl":"https:\/\/biospa.ee\/vanaveeb2026\/vanaveeb2026\/wp-content\/uploads\/2023\/06\/BioSpa-loggo-est1-0-143.png","width":143,"height":59,"caption":"Tesmasan O\u00dc"},"image":{"@id":"https:\/\/biospa.ee\/vanaveeb2026\/?lang=ru\/#\/schema\/logo\/image\/"},"sameAs":["https:\/\/www.facebook.com\/LoodusBioSpa\/","https:\/\/www.instagram.com\/loodusbiospa\/"]}]}},"_links":{"self":[{"href":"https:\/\/biospa.ee\/vanaveeb2026\/wp-json\/wp\/v2\/pages\/26981","targetHints":{"allow":["GET"]}}],"collection":[{"href":"https:\/\/biospa.ee\/vanaveeb2026\/wp-json\/wp\/v2\/pages"}],"about":[{"href":"https:\/\/biospa.ee\/vanaveeb2026\/wp-json\/wp\/v2\/types\/page"}],"author":[{"embeddable":true,"href":"https:\/\/biospa.ee\/vanaveeb2026\/wp-json\/wp\/v2\/users\/1"}],"replies":[{"embeddable":true,"href":"https:\/\/biospa.ee\/vanaveeb2026\/wp-json\/wp\/v2\/comments?post=26981"}],"version-history":[{"count":5,"href":"https:\/\/biospa.ee\/vanaveeb2026\/wp-json\/wp\/v2\/pages\/26981\/revisions"}],"predecessor-version":[{"id":96003,"href":"https:\/\/biospa.ee\/vanaveeb2026\/wp-json\/wp\/v2\/pages\/26981\/revisions\/96003"}],"wp:attachment":[{"href":"https:\/\/biospa.ee\/vanaveeb2026\/wp-json\/wp\/v2\/media?parent=26981"}],"curies":[{"name":"wp","href":"https:\/\/api.w.org\/{rel}","templated":true}]}}