{"id":33212,"date":"2024-09-30T12:05:45","date_gmt":"2024-09-30T09:05:45","guid":{"rendered":"https:\/\/biospa.ee\/vanaveeb2026\/?page_id=33212"},"modified":"2025-11-03T08:16:45","modified_gmt":"2025-11-03T06:16:45","slug":"toitumisnoustaja-konsultatsioon-l-molenaars","status":"publish","type":"page","link":"https:\/\/biospa.ee\/vanaveeb2026\/toitumisnoustaja-konsultatsioon-l-molenaars\/","title":{"rendered":"Toitumisn\u00f5ustaja konsultatsioon L.Molenaars"},"content":{"rendered":"<div class=\"fusion-fullwidth fullwidth-box fusion-builder-row-1 nonhundred-percent-fullwidth non-hundred-percent-height-scrolling\" style=\"--awb-border-radius-top-left:0px;--awb-border-radius-top-right:0px;--awb-border-radius-bottom-right:0px;--awb-border-radius-bottom-left:0px;--awb-flex-wrap:wrap;\" ><div class=\"fusion-builder-row fusion-row\"><div class=\"fusion-layout-column fusion_builder_column fusion-builder-column-0 fusion_builder_column_2_3 2_3 fusion-two-third fusion-column-first\" style=\"--awb-bg-size:cover;width:66.6666666667%;width:calc(66.6666666667% - ( ( 4% ) * 0.666666666667 ) );margin-right: 4%;\"><div class=\"fusion-column-wrapper fusion-column-has-shadow fusion-flex-column-wrapper-legacy\"><div class=\"fusion-image-element fusion-image-align-center in-legacy-container\" style=\"text-align:center;--awb-caption-title-font-family:var(--h2_typography-font-family);--awb-caption-title-font-weight:var(--h2_typography-font-weight);--awb-caption-title-font-style:var(--h2_typography-font-style);--awb-caption-title-size:var(--h2_typography-font-size);--awb-caption-title-transform:var(--h2_typography-text-transform);--awb-caption-title-line-height:var(--h2_typography-line-height);--awb-caption-title-letter-spacing:var(--h2_typography-letter-spacing);\"><div class=\"imageframe-align-center\"><span class=\" fusion-imageframe imageframe-dropshadow imageframe-1 hover-type-none\" style=\"-webkit-box-shadow: 3px 3px 7px rgba(0,0,0,0.3);box-shadow: 3px 3px 7px rgba(0,0,0,0.3);\"><img decoding=\"async\" width=\"2400\" height=\"1601\" title=\"Liina Molenaars BIOSPA Loodus BIOSPA Integrative nutritionist\" src=\"https:\/\/biospa.ee\/vanaveeb2026\/wp-content\/uploads\/2025\/11\/Liina-Molenaars-BIOSPA-Loodus-BIOSPA-Integrative-nutritionist.jpg\" alt class=\"img-responsive wp-image-95079\" srcset=\"https:\/\/biospa.ee\/vanaveeb2026\/wp-content\/uploads\/2025\/11\/Liina-Molenaars-BIOSPA-Loodus-BIOSPA-Integrative-nutritionist-200x133.jpg 200w, https:\/\/biospa.ee\/vanaveeb2026\/wp-content\/uploads\/2025\/11\/Liina-Molenaars-BIOSPA-Loodus-BIOSPA-Integrative-nutritionist-400x267.jpg 400w, https:\/\/biospa.ee\/vanaveeb2026\/wp-content\/uploads\/2025\/11\/Liina-Molenaars-BIOSPA-Loodus-BIOSPA-Integrative-nutritionist-600x400.jpg 600w, https:\/\/biospa.ee\/vanaveeb2026\/wp-content\/uploads\/2025\/11\/Liina-Molenaars-BIOSPA-Loodus-BIOSPA-Integrative-nutritionist-800x534.jpg 800w, https:\/\/biospa.ee\/vanaveeb2026\/wp-content\/uploads\/2025\/11\/Liina-Molenaars-BIOSPA-Loodus-BIOSPA-Integrative-nutritionist-1200x801.jpg 1200w, https:\/\/biospa.ee\/vanaveeb2026\/wp-content\/uploads\/2025\/11\/Liina-Molenaars-BIOSPA-Loodus-BIOSPA-Integrative-nutritionist.jpg 2400w\" sizes=\"(max-width: 800px) 100vw, 1200px\" \/><\/span><\/div><\/div><div class=\"fusion-sep-clear\"><\/div><div class=\"fusion-separator fusion-full-width-sep\" style=\"margin-left: auto;margin-right: auto;margin-top:20px;width:100%;\"><\/div><div class=\"fusion-sep-clear\"><\/div><div class=\"fusion-text fusion-text-1\" style=\"--awb-text-transform:none;\"><p lang=\"en-US\" align=\"CENTER\"><span style=\"font-family: Maven Pro, serif;\"><span style=\"font-size: xx-large;\">SAMM PAREMA TERVISE POOLE<\/span><\/span><\/p>\n<p><span style=\"font-family: Maven Pro, serif;\"><span style=\"font-size: x-large;\">TERE TULEMAST TEIE TEEKONNALE PAREMA TERVISE POOLE<\/span><\/span><\/p>\n<p><span style=\"font-family: Maven Pro, serif;\"><span style=\"font-size: medium;\">Mina olen <strong>Liina Molenaars<\/strong> &#8211; Trofimova, p\u00fchendunud <\/span><\/span><span style=\"font-family: Maven Pro, serif;\"><span style=\"font-size: medium;\"><b>toitumisn\u00f5ustaja ja dietoloog<\/b><\/span><\/span><span style=\"font-family: Maven Pro, serif;\"><span style=\"font-size: medium;\">, kelle kireks on terviklik l\u00e4henemine tervisele. Olles hinnatud funktsionaalse meditsiini arsti ja Loodus BIOSPA asutaja <\/span><\/span><span style=\"font-family: Maven Pro, serif;\"><span style=\"font-size: medium;\"><b>Dr. med.<\/b><\/span><\/span> <span style=\"font-family: Maven Pro, serif;\"><span style=\"font-size: medium;\"><b>N. Trofimova<\/b><\/span><\/span><span style=\"font-family: Maven Pro, serif;\"><span style=\"font-size: medium;\"> t\u00fctar, on mind s\u00fcgavalt m\u00f5jutanud ema integratiivse meditsiini l\u00e4henemine tervisele.<\/span><\/span><\/p>\n<p><span style=\"font-family: Maven Pro, serif;\"><span style=\"font-size: x-large;\">ELUSTIIL, MITTE DIEET<\/span><\/span><\/p>\n<p><span style=\"font-family: Maven Pro, serif;\"><span style=\"font-size: medium;\">Usun, et t\u00f5eline tervis ja \u00f5nn tulevad just teile sobiva elustiili omaksv\u00f5tmisest. Minu l\u00e4henemine keskendub sellele, et aidata teil leida teile sobivat j\u00e4tkusuutlikku viisi keha ja meele toitmiseks ilma dieedi pidamise v\u00f5i kalorite lugemiseta. Koos avastame, millised on teie jaoks \u00f5iged tervislikud valikuid, mis v\u00f5imaldavad teil elust t\u00e4iel rinnal r\u00f5\u00f5mu tunda.<\/span><\/span><\/p>\n<p><span style=\"font-family: Maven Pro, serif;\"><span style=\"font-size: x-large;\">MINU TEEKOND TOITUMISE JA TERVIKLIKU L\u00c4HENEMISE VALDKONNAS<\/span><\/span><\/p>\n<p><span style=\"font-family: Maven Pro, serif;\"><span style=\"font-size: medium;\">Minu akadeemiline teekond viis mind <\/span><\/span><span style=\"font-family: Maven Pro, serif;\"><span style=\"font-size: medium;\"><b>Hollandisse.<\/b><\/span><\/span><span style=\"font-family: Maven Pro, serif;\"><span style=\"font-size: medium;\"> Enne toitumisele keskendumist omandasin magistrikraadi rahvusvahelises makromajanduses ning t\u00f6\u00f6tasin projektijuhtimise ja protsesside t\u00e4iustamise alal finants- ja p\u00e4ikeseenergia sektorites. See taust on \u00f5petanud mind vaatlema s\u00fcsteeme laiemast perspektiivist, mida n\u00fc\u00fcd rakendan inimese keha terviklikul m\u00f5istmisel ja peidetud protsesside tuvastamisel, mis v\u00f5ivad vajada t\u00e4helepanu.<\/span><\/span><\/p>\n<p><span style=\"font-family: Maven Pro, serif;\"><span style=\"font-size: medium;\">Minu teine kraad on <\/span><\/span><span style=\"font-family: Maven Pro, serif;\"><span style=\"font-size: medium;\"><b>toitumise ja dieetteaduse<\/b><\/span><\/span><span style=\"font-family: Maven Pro, serif;\"><span style=\"font-size: medium;\"> alal Utrechti NCOI \u00dclikoolist Hollandis. Olen omandanud laialdase praktilise kogemuse erinevates keskustes ja kliinikutes, t\u00f6\u00f6tades tunnustatud integratiivsete arstide, ortomolekulaarsete dietoloogide ja seedetrakti terapeutide juhendamisel. See on varustanud mind v\u00e4rskeimate teadmiste ja uusimate meetoditega, et aidata inimestel t\u00f5husalt kaalust alla v\u00f5tta ning ennetada v\u00f5i hallata mitmesuguseid terviseprobleeme personaalse toitumise abil.<\/span><\/span><\/p>\n<p><span style=\"font-family: Maven Pro, serif;\"><span style=\"font-size: medium;\">Laiendan oma teadmisi ka valdkonnas, mida nimetatakse <\/span><\/span><span style=\"font-family: Maven Pro, serif;\"><span style=\"font-size: medium;\"><b>ortomolekulaarseks teraapiaks<\/b><\/span><\/span><span style=\"font-family: Maven Pro, serif;\"><span style=\"font-size: medium;\">. See on loomulik l\u00e4henemine, mis kasutab vitamiine, mineraale ja muid toitaineid teie tervise toetamiseks ja parandamiseks. Peagi saan oma ortomolekulaarse n\u00f5ustamise diplomi mainekast Hollandi ortomolekulaarse uurimis- ja haridusinstituudist, Natura Foundationist.<\/span><\/span><\/p>\n<p><span style=\"font-family: Maven Pro, serif;\"><span style=\"font-size: x-large;\">MINU TEENUSED H\u00d5LMAVAD<\/span><\/span><\/p>\n<p><span style=\"font-family: Maven Pro, serif;\"><span style=\"font-size: medium;\">Olen spetsialiseerunud t\u00f5husatele kaalulangetusstrateegiatele ning haiguste ennetamisele ja ravile kaasaegsete toitumisinterventsioonide kaudu.<\/span><\/span><\/p>\n<p><span style=\"font-family: Maven Pro, serif;\"><span style=\"font-size: medium;\"><b>Personaalne toitumine.<\/b><\/span><\/span><span style=\"font-family: Maven Pro, serif;\"><span style=\"font-size: medium;\"> Kuna iga inimene on ainulaadne, kohandan plaane vastavalt teie konkreetsetele vajadustele ja eesm\u00e4rkidele. Koos leiame nauditavaid ja j\u00e4tkusuutlikke viise keha ja meele toitmiseks.<\/span><\/span><\/p>\n<p><span style=\"font-family: Maven Pro, serif;\"><span style=\"font-size: medium;\"><b>Tugi kaalu kontrollimisel ja ainevahetuse tervise parandamisel. <\/b><\/span><\/span><span style=\"font-family: Maven Pro, serif;\"><span style=\"font-size: medium;\">Aitan teil kaalu t\u00f5husalt hallata ilma piiravate dieetide v\u00f5i kalorite lugemiseta, keskendudes elustiilile, mis aitab teil olla tervem ja \u00f5nnelikum.<\/span><\/span><\/p>\n<p><span style=\"font-family: Maven Pro, serif;\"><span style=\"font-size: medium;\"><b>Seedimine ja soolestiku tervis.<\/b><\/span><\/span><span style=\"font-family: Maven Pro, serif;\"><span style=\"font-size: medium;\"> Pakun sihip\u00e4raseid l\u00e4henemisviise teie seedes\u00fcsteemi tugevdamiseks ja soolestiku tervise parandamiseks.<\/span><\/span><\/p>\n<p><span style=\"font-family: Maven Pro, serif;\"><span style=\"font-size: medium;\"><b>Tasakaalustamine.<\/b><\/span><\/span><span style=\"font-family: Maven Pro, serif;\"><span style=\"font-size: medium;\"> N\u00f5uanded looduslike toitainete, nagu vitamiinide-mineraalide ja toidulisandite kasutamiseks terviseprobleemide ennetamiseks, optimeerides keha loomulikke funktsioone.<\/span><\/span><\/p>\n<p><span style=\"font-family: Maven Pro, serif;\"><span style=\"font-size: medium;\"><b>Teadmised.<\/b><\/span><\/span><span style=\"font-family: Maven Pro, serif;\"><span style=\"font-size: medium;\"> Varustan teid toitumisalaste teadmiste ja t\u00f6\u00f6riistadega, et saaksite oma tervise \u00fcle kontrolli v\u00f5tta, soodustades pikaajalisi positiivseid muutusi.<\/span><\/span><\/p>\n<p><span style=\"font-family: Maven Pro, serif;\"><span style=\"font-size: x-large;\">TEIE KONSULTATSIOON, TEIE VALIK<\/span><\/span><\/p>\n<p><span style=\"font-family: Maven Pro, serif;\"><span style=\"font-size: medium;\">Pakun personaalse l\u00e4henemisega konsultatsioone nii kohapeal kui ka veebis, sujuvas eesti, inglise, vene v\u00f5i hollandi keeles.<\/span><\/span><\/p>\n<\/div><div class=\"fusion-clearfix\"><\/div><\/div><\/div><div class=\"fusion-layout-column fusion_builder_column fusion-builder-column-1 fusion_builder_column_1_3 1_3 fusion-one-third fusion-column-last\" style=\"--awb-bg-size:cover;width:33.3333333333%;width:calc(33.3333333333% - ( ( 4% ) * 0.333333333333 ) );\"><div class=\"fusion-column-wrapper fusion-column-has-shadow fusion-flex-column-wrapper-legacy\"><div class=\"fusion-reading-box-container reading-box-container-1\" style=\"--awb-title-color:#472a2a;--awb-title-font-size:26px;--awb-margin-top:0px;--awb-margin-bottom:84px;\"><div class=\"reading-box reading-box-center\" style=\"background-color:#f6f6f6;border-width:1px;border-color:#f6f6f6;border-left-width:3px;border-left-color:var(--primary_color);border-style:solid;\"><h2>TOITUMISN\u00d5USTAJA KONSULTATSIOON<\/h2><div class=\"reading-box-description fusion-reading-box-additional\">toitumisn\u00f5ustaja esmane konsultatsioon 145- (1,5 tundi)\ntoitumisn\u00f5ustaja korduv konsultatsioon 65.- (30 minutit)\n<\/div><div class=\"fusion-clearfix\"><\/div><a class=\"button fusion-button button-default fusion-button-xlarge button-xlarge button-flat fusion-mobile-button continue-center\" style=\"-webkit-box-shadow:none;-moz-box-shadow:none;box-shadow:none;border-radius:10px 10px 10px 10px\" href=\"https:\/\/biospa.ee\/vanaveeb2026\/kontakt\/\" target=\"_blank\" rel=\"noopener noreferrer\"><span>\u260e 53471532<\/span><\/a><\/div><\/div><div class=\"fusion-clearfix\"><\/div><\/div><\/div><\/div><\/div>\n","protected":false},"excerpt":{"rendered":"","protected":false},"author":12,"featured_media":0,"parent":0,"menu_order":53,"comment_status":"closed","ping_status":"closed","template":"","meta":{"footnotes":""},"class_list":["post-33212","page","type-page","status-publish","hentry"],"yoast_head":"<!-- This site is optimized with the Yoast SEO plugin v27.3 - https:\/\/yoast.com\/product\/yoast-seo-wordpress\/ -->\n<title>Toitumisn\u00f5ustaja konsultatsioon L.Molenaars - Loodus BioSpa<\/title>\n<meta name=\"robots\" content=\"index, follow, max-snippet:-1, max-image-preview:large, max-video-preview:-1\" \/>\n<link rel=\"canonical\" href=\"https:\/\/biospa.ee\/vanaveeb2026\/toitumisnoustaja-konsultatsioon-l-molenaars\/\" \/>\n<meta property=\"og:locale\" content=\"et_EE\" \/>\n<meta property=\"og:type\" content=\"article\" \/>\n<meta property=\"og:title\" content=\"Toitumisn\u00f5ustaja konsultatsioon L.Molenaars - Loodus BioSpa\" \/>\n<meta property=\"og:url\" content=\"https:\/\/biospa.ee\/vanaveeb2026\/toitumisnoustaja-konsultatsioon-l-molenaars\/\" \/>\n<meta property=\"og:site_name\" content=\"Loodus BioSpa\" \/>\n<meta property=\"article:publisher\" content=\"https:\/\/www.facebook.com\/LoodusBioSpa\/\" \/>\n<meta property=\"article:modified_time\" content=\"2025-11-03T06:16:45+00:00\" \/>\n<meta name=\"twitter:card\" content=\"summary_large_image\" \/>\n<meta name=\"twitter:label1\" content=\"Est. reading time\" \/>\n\t<meta name=\"twitter:data1\" content=\"3 minutit\" \/>\n<script type=\"application\/ld+json\" class=\"yoast-schema-graph\">{\"@context\":\"https:\\\/\\\/schema.org\",\"@graph\":[{\"@type\":\"WebPage\",\"@id\":\"https:\\\/\\\/biospa.ee\\\/vanaveeb2026\\\/toitumisnoustaja-konsultatsioon-l-molenaars\\\/\",\"url\":\"https:\\\/\\\/biospa.ee\\\/vanaveeb2026\\\/toitumisnoustaja-konsultatsioon-l-molenaars\\\/\",\"name\":\"Toitumisn\u00f5ustaja konsultatsioon L.Molenaars - Loodus BioSpa\",\"isPartOf\":{\"@id\":\"https:\\\/\\\/biospa.ee\\\/vanaveeb2026\\\/#website\"},\"datePublished\":\"2024-09-30T09:05:45+00:00\",\"dateModified\":\"2025-11-03T06:16:45+00:00\",\"breadcrumb\":{\"@id\":\"https:\\\/\\\/biospa.ee\\\/vanaveeb2026\\\/toitumisnoustaja-konsultatsioon-l-molenaars\\\/#breadcrumb\"},\"inLanguage\":\"et\",\"potentialAction\":[{\"@type\":\"ReadAction\",\"target\":[\"https:\\\/\\\/biospa.ee\\\/vanaveeb2026\\\/toitumisnoustaja-konsultatsioon-l-molenaars\\\/\"]}]},{\"@type\":\"BreadcrumbList\",\"@id\":\"https:\\\/\\\/biospa.ee\\\/vanaveeb2026\\\/toitumisnoustaja-konsultatsioon-l-molenaars\\\/#breadcrumb\",\"itemListElement\":[{\"@type\":\"ListItem\",\"position\":1,\"name\":\"Home\",\"item\":\"https:\\\/\\\/biospa.ee\\\/vanaveeb2026\\\/\"},{\"@type\":\"ListItem\",\"position\":2,\"name\":\"Toitumisn\u00f5ustaja konsultatsioon L.Molenaars\"}]},{\"@type\":\"WebSite\",\"@id\":\"https:\\\/\\\/biospa.ee\\\/vanaveeb2026\\\/#website\",\"url\":\"https:\\\/\\\/biospa.ee\\\/vanaveeb2026\\\/\",\"name\":\"Loodus BioSpa\",\"description\":\"Loodus BioSpa\",\"publisher\":{\"@id\":\"https:\\\/\\\/biospa.ee\\\/vanaveeb2026\\\/#organization\"},\"potentialAction\":[{\"@type\":\"SearchAction\",\"target\":{\"@type\":\"EntryPoint\",\"urlTemplate\":\"https:\\\/\\\/biospa.ee\\\/vanaveeb2026\\\/?s={search_term_string}\"},\"query-input\":{\"@type\":\"PropertyValueSpecification\",\"valueRequired\":true,\"valueName\":\"search_term_string\"}}],\"inLanguage\":\"et\"},{\"@type\":\"Organization\",\"@id\":\"https:\\\/\\\/biospa.ee\\\/vanaveeb2026\\\/#organization\",\"name\":\"Tesmasan O\u00dc\",\"url\":\"https:\\\/\\\/biospa.ee\\\/vanaveeb2026\\\/\",\"logo\":{\"@type\":\"ImageObject\",\"inLanguage\":\"et\",\"@id\":\"https:\\\/\\\/biospa.ee\\\/vanaveeb2026\\\/#\\\/schema\\\/logo\\\/image\\\/\",\"url\":\"https:\\\/\\\/biospa.ee\\\/vanaveeb2026\\\/vanaveeb2026\\\/wp-content\\\/uploads\\\/2023\\\/06\\\/BioSpa-loggo-est1-0-143.png\",\"contentUrl\":\"https:\\\/\\\/biospa.ee\\\/vanaveeb2026\\\/vanaveeb2026\\\/wp-content\\\/uploads\\\/2023\\\/06\\\/BioSpa-loggo-est1-0-143.png\",\"width\":143,\"height\":59,\"caption\":\"Tesmasan O\u00dc\"},\"image\":{\"@id\":\"https:\\\/\\\/biospa.ee\\\/vanaveeb2026\\\/#\\\/schema\\\/logo\\\/image\\\/\"},\"sameAs\":[\"https:\\\/\\\/www.facebook.com\\\/LoodusBioSpa\\\/\",\"https:\\\/\\\/www.instagram.com\\\/loodusbiospa\\\/\"]}]}<\/script>\n<!-- \/ Yoast SEO plugin. -->","yoast_head_json":{"title":"Toitumisn\u00f5ustaja konsultatsioon L.Molenaars - Loodus BioSpa","robots":{"index":"index","follow":"follow","max-snippet":"max-snippet:-1","max-image-preview":"max-image-preview:large","max-video-preview":"max-video-preview:-1"},"canonical":"https:\/\/biospa.ee\/vanaveeb2026\/toitumisnoustaja-konsultatsioon-l-molenaars\/","og_locale":"et_EE","og_type":"article","og_title":"Toitumisn\u00f5ustaja konsultatsioon L.Molenaars - Loodus BioSpa","og_url":"https:\/\/biospa.ee\/vanaveeb2026\/toitumisnoustaja-konsultatsioon-l-molenaars\/","og_site_name":"Loodus BioSpa","article_publisher":"https:\/\/www.facebook.com\/LoodusBioSpa\/","article_modified_time":"2025-11-03T06:16:45+00:00","twitter_card":"summary_large_image","twitter_misc":{"Est. reading time":"3 minutit"},"schema":{"@context":"https:\/\/schema.org","@graph":[{"@type":"WebPage","@id":"https:\/\/biospa.ee\/vanaveeb2026\/toitumisnoustaja-konsultatsioon-l-molenaars\/","url":"https:\/\/biospa.ee\/vanaveeb2026\/toitumisnoustaja-konsultatsioon-l-molenaars\/","name":"Toitumisn\u00f5ustaja konsultatsioon L.Molenaars - Loodus BioSpa","isPartOf":{"@id":"https:\/\/biospa.ee\/vanaveeb2026\/#website"},"datePublished":"2024-09-30T09:05:45+00:00","dateModified":"2025-11-03T06:16:45+00:00","breadcrumb":{"@id":"https:\/\/biospa.ee\/vanaveeb2026\/toitumisnoustaja-konsultatsioon-l-molenaars\/#breadcrumb"},"inLanguage":"et","potentialAction":[{"@type":"ReadAction","target":["https:\/\/biospa.ee\/vanaveeb2026\/toitumisnoustaja-konsultatsioon-l-molenaars\/"]}]},{"@type":"BreadcrumbList","@id":"https:\/\/biospa.ee\/vanaveeb2026\/toitumisnoustaja-konsultatsioon-l-molenaars\/#breadcrumb","itemListElement":[{"@type":"ListItem","position":1,"name":"Home","item":"https:\/\/biospa.ee\/vanaveeb2026\/"},{"@type":"ListItem","position":2,"name":"Toitumisn\u00f5ustaja konsultatsioon L.Molenaars"}]},{"@type":"WebSite","@id":"https:\/\/biospa.ee\/vanaveeb2026\/#website","url":"https:\/\/biospa.ee\/vanaveeb2026\/","name":"Loodus BioSpa","description":"Loodus BioSpa","publisher":{"@id":"https:\/\/biospa.ee\/vanaveeb2026\/#organization"},"potentialAction":[{"@type":"SearchAction","target":{"@type":"EntryPoint","urlTemplate":"https:\/\/biospa.ee\/vanaveeb2026\/?s={search_term_string}"},"query-input":{"@type":"PropertyValueSpecification","valueRequired":true,"valueName":"search_term_string"}}],"inLanguage":"et"},{"@type":"Organization","@id":"https:\/\/biospa.ee\/vanaveeb2026\/#organization","name":"Tesmasan O\u00dc","url":"https:\/\/biospa.ee\/vanaveeb2026\/","logo":{"@type":"ImageObject","inLanguage":"et","@id":"https:\/\/biospa.ee\/vanaveeb2026\/#\/schema\/logo\/image\/","url":"https:\/\/biospa.ee\/vanaveeb2026\/vanaveeb2026\/wp-content\/uploads\/2023\/06\/BioSpa-loggo-est1-0-143.png","contentUrl":"https:\/\/biospa.ee\/vanaveeb2026\/vanaveeb2026\/wp-content\/uploads\/2023\/06\/BioSpa-loggo-est1-0-143.png","width":143,"height":59,"caption":"Tesmasan O\u00dc"},"image":{"@id":"https:\/\/biospa.ee\/vanaveeb2026\/#\/schema\/logo\/image\/"},"sameAs":["https:\/\/www.facebook.com\/LoodusBioSpa\/","https:\/\/www.instagram.com\/loodusbiospa\/"]}]}},"_links":{"self":[{"href":"https:\/\/biospa.ee\/vanaveeb2026\/wp-json\/wp\/v2\/pages\/33212","targetHints":{"allow":["GET"]}}],"collection":[{"href":"https:\/\/biospa.ee\/vanaveeb2026\/wp-json\/wp\/v2\/pages"}],"about":[{"href":"https:\/\/biospa.ee\/vanaveeb2026\/wp-json\/wp\/v2\/types\/page"}],"author":[{"embeddable":true,"href":"https:\/\/biospa.ee\/vanaveeb2026\/wp-json\/wp\/v2\/users\/12"}],"replies":[{"embeddable":true,"href":"https:\/\/biospa.ee\/vanaveeb2026\/wp-json\/wp\/v2\/comments?post=33212"}],"version-history":[{"count":5,"href":"https:\/\/biospa.ee\/vanaveeb2026\/wp-json\/wp\/v2\/pages\/33212\/revisions"}],"predecessor-version":[{"id":97518,"href":"https:\/\/biospa.ee\/vanaveeb2026\/wp-json\/wp\/v2\/pages\/33212\/revisions\/97518"}],"wp:attachment":[{"href":"https:\/\/biospa.ee\/vanaveeb2026\/wp-json\/wp\/v2\/media?parent=33212"}],"curies":[{"name":"wp","href":"https:\/\/api.w.org\/{rel}","templated":true}]}}