{"id":6437,"date":"2020-02-28T16:22:05","date_gmt":"2020-02-28T14:22:05","guid":{"rendered":"https:\/\/biospa.ee\/vanaveeb2026\/?page_id=6437"},"modified":"2025-10-17T10:13:39","modified_gmt":"2025-10-17T07:13:39","slug":"kes-me-oleme","status":"publish","type":"page","link":"https:\/\/biospa.ee\/vanaveeb2026\/loodus-biospa\/kes-me-oleme\/","title":{"rendered":"Kes me oleme"},"content":{"rendered":"<div class=\"fusion-fullwidth fullwidth-box fusion-builder-row-1 nonhundred-percent-fullwidth non-hundred-percent-height-scrolling\" style=\"--awb-border-radius-top-left:0px;--awb-border-radius-top-right:0px;--awb-border-radius-bottom-right:0px;--awb-border-radius-bottom-left:0px;--awb-flex-wrap:wrap;\" ><div class=\"fusion-builder-row fusion-row\"><div class=\"fusion-layout-column fusion_builder_column fusion-builder-column-0 fusion_builder_column_2_3 2_3 fusion-two-third fusion-column-first\" style=\"--awb-bg-size:cover;--awb-margin-bottom:0px;width:65.3333%; margin-right: 4%;\"><div class=\"fusion-column-wrapper fusion-flex-column-wrapper-legacy\"><div class=\"fusion-image-element in-legacy-container\" style=\"--awb-caption-title-font-family:var(--h2_typography-font-family);--awb-caption-title-font-weight:var(--h2_typography-font-weight);--awb-caption-title-font-style:var(--h2_typography-font-style);--awb-caption-title-size:var(--h2_typography-font-size);--awb-caption-title-transform:var(--h2_typography-text-transform);--awb-caption-title-line-height:var(--h2_typography-line-height);--awb-caption-title-letter-spacing:var(--h2_typography-letter-spacing);\"><span class=\" fusion-imageframe imageframe-dropshadow imageframe-1 hover-type-none\" style=\"-webkit-box-shadow: 3px 3px 7px rgba(0,0,0,0.3);box-shadow: 3px 3px 7px rgba(0,0,0,0.3);\"><img decoding=\"async\" width=\"1001\" height=\"667\" title=\"Loodus BioSpa kes me oleme (1)\" src=\"https:\/\/biospa.ee\/vanaveeb2026\/wp-content\/uploads\/2020\/10\/Loodus-BioSpa-kes-me-oleme-1.jpg\" alt class=\"img-responsive wp-image-10126\" srcset=\"https:\/\/biospa.ee\/vanaveeb2026\/wp-content\/uploads\/2020\/10\/Loodus-BioSpa-kes-me-oleme-1-200x133.jpg 200w, https:\/\/biospa.ee\/vanaveeb2026\/wp-content\/uploads\/2020\/10\/Loodus-BioSpa-kes-me-oleme-1-400x267.jpg 400w, https:\/\/biospa.ee\/vanaveeb2026\/wp-content\/uploads\/2020\/10\/Loodus-BioSpa-kes-me-oleme-1-600x400.jpg 600w, https:\/\/biospa.ee\/vanaveeb2026\/wp-content\/uploads\/2020\/10\/Loodus-BioSpa-kes-me-oleme-1-800x533.jpg 800w, https:\/\/biospa.ee\/vanaveeb2026\/wp-content\/uploads\/2020\/10\/Loodus-BioSpa-kes-me-oleme-1.jpg 1001w\" sizes=\"(max-width: 800px) 100vw, 1001px\" \/><\/span><\/div><div class=\"fusion-sep-clear\"><\/div><div class=\"fusion-separator fusion-full-width-sep\" style=\"margin-left: auto;margin-right: auto;margin-top:30px;width:100%;\"><\/div><div class=\"fusion-sep-clear\"><\/div><div class=\"fusion-text fusion-text-1\"><p><strong>BIOSPA on eksklusiivne meditsiinilise suunitlusega paastukeskus. P\u00f5hitegevuseks on aastaringselt  puhastavate ning salendavate detoks-dieedi ja paastukuuride korraldamine.<\/strong> <strong>Lisaks pakume palju erinevaid tervistavaid ja l\u00f5\u00f5gastavaid protseduure, mille kohta rohkem infot leiate <a href=\"https:\/\/biospa.ee\/vanaveeb2026\/kuurid-protseduurid\/protseduuride-kirjeldus\/\">siit. <\/a><\/strong><\/p>\n<p>Asume 5 km Tartust, looduskaunis ja privaatses maakohas. Meie ravimtaimeaias kasvab ligi 40 taimeliiki, mida kasvatatakse nii raviteedeks kui protseduurideks. Maja juurest algavad erineva pikkusega jalutusrajad, mida hoitakse puhtana aastaringi. Loodusesse paastuma tulek t\u00e4hendab eelk\u00f5ige v\u00f5imalust l\u00fclitada end argip\u00e4evast v\u00e4lja, lasta k\u00f5igest korraks lahti ja leida tee uuesti iseenda juurde. Siin on aega ja ruumi m\u00f5elda maailma \u00fcle j\u00e4rele.<\/p>\n<\/div><div class=\"fusion-reading-box-container reading-box-container-1\" style=\"--awb-title-color:#472a2a;--awb-margin-top:0px;--awb-margin-bottom:84px;\"><div class=\"reading-box reading-box-center\" style=\"background-color:#f6f6f6;border-width:1px;border-color:#f6f6f6;border-left-width:3px;border-left-color:var(--primary_color);border-style:solid;\"><h2>MILLINE KUUR SOBIB MULLE?<\/h2><a class=\"button fusion-button button-default fusion-button-xlarge button-xlarge button-flat fusion-mobile-button continue-center\" style=\"-webkit-box-shadow:none;-moz-box-shadow:none;box-shadow:none;border-radius:10px 10px 10px 10px\" href=\"https:\/\/biospa.ee\/vanaveeb2026\/kuurid-protseduurid\/\" target=\"_blank\" rel=\"noopener noreferrer\"><span>loe l\u00e4hemalt<\/span><\/a><\/div><\/div><div class=\"fusion-sep-clear\"><\/div><div class=\"fusion-separator fusion-no-large-visibility fusion-full-width-sep\" style=\"margin-left: auto;margin-right: auto;width:100%;\"><\/div><div class=\"fusion-sep-clear\"><\/div><div class=\"fusion-aligncenter\"><a class=\"fusion-button button-flat fusion-button-default-size button-default fusion-button-default button-1 fusion-button-default-span fusion-button-default-type fusion-no-large-visibility\" target=\"_blank\" rel=\"noopener noreferrer\" href=\"https:\/\/biospa.ee\/vanaveeb2026\/broneerimine\/\"><span class=\"fusion-button-text awb-button__text awb-button__text--default\">KUURIDE AJAKAVA<\/span><\/a><\/div><div class=\"fusion-sep-clear\"><\/div><div class=\"fusion-separator fusion-no-large-visibility fusion-full-width-sep\" style=\"margin-left: auto;margin-right: auto;width:100%;\"><\/div><div class=\"fusion-sep-clear\"><\/div><div class=\"fusion-reading-box-container reading-box-container-2 fusion-no-large-visibility\" style=\"--awb-title-color:#472a2a;--awb-margin-top:0px;--awb-margin-bottom:84px;\"><div class=\"reading-box reading-box-center\" style=\"background-color:#f6f6f6;border-width:1px;border-color:#f6f6f6;border-left-width:3px;border-left-color:var(--primary_color);border-style:solid;\"><h2>TUTVU MEIE KUURIDEGA<\/h2><a class=\"button fusion-button button-default fusion-button-xlarge button-xlarge button-flat fusion-mobile-button continue-center\" style=\"-webkit-box-shadow:none;-moz-box-shadow:none;box-shadow:none;border-radius:10px 10px 10px 10px\" href=\"https:\/\/biospa.ee\/vanaveeb2026\/kuurid-protseduurid\/\" target=\"_blank\" rel=\"noopener noreferrer\"><span>loe l\u00e4hemalt<\/span><\/a><\/div><\/div><div class=\"fusion-sep-clear\"><\/div><div class=\"fusion-separator fusion-no-large-visibility fusion-full-width-sep\" style=\"margin-left: auto;margin-right: auto;width:100%;\"><\/div><div class=\"fusion-sep-clear\"><\/div><div class=\"fusion-text fusion-text-2\" style=\"--awb-text-transform:none;\"><h3><strong>Miks Loodus BIOSPA?<\/strong><\/h3>\n<p>25 aasta jooksul on Loodus BIOSPA v\u00e4lja kujunenud parimaks ravipaastukeskuseks P\u00f5hja-Euroopas:<\/p>\n<p><strong>Pikaajaline kogemus<\/strong><\/p>\n<ul style=\"list-style-type: circle;\">\n<li>Oleme tegutsenud \u00fcle 20 aasta ja selle ajaga vastu v\u00f5tnud 15 000 k\u00fclalist. Enamik k\u00e4ib regulaarselt.<\/li>\n<\/ul>\n<p><strong>Individuaalne l\u00e4henemine<\/strong><\/p>\n<ul style=\"list-style-type: circle;\">\n<li>Konsultatsiooni ajal m\u00e4\u00e4ratakse igale k\u00fclalisele k\u00f5ige sobivam programm (ravipaast, detox-dieet)<\/li>\n<\/ul>\n<p><strong>Optimaalne suurus<\/strong><\/p>\n<ul style=\"list-style-type: circle;\">\n<li>Majutuskohtade arv 33 inimesele<\/li>\n<li>Personal, kes t\u00f6\u00f6tab aastaid meiega ja tunneb k\u00fclastajaid nimepidi<\/li>\n<\/ul>\n<p><strong>Toetav keskkond<\/strong><\/p>\n<ul style=\"list-style-type: circle;\">\n<li>Rahulik koht looduses<\/li>\n<li>Puhas \u00f5hk ja vesi<\/li>\n<li>Kodune \u00f5hkkond<\/li>\n<\/ul>\n<p><strong>Informatiivne toetus<\/strong><\/p>\n<ul style=\"list-style-type: circle;\">\n<li>\u00d5petame, kuidas valida endale sobiv toitumine ja re\u017eiim kodus &#8211; selge ja lihtne tegevusplaan<\/li>\n<li>Anname teadmisi, mis v\u00f5imaldavad omaks v\u00f5tta tervislikke toitumisharjumusi ka Teie l\u00e4hedastel<\/li>\n<\/ul>\n<p><strong>Kompleksne l\u00e4henemisviis<\/strong><\/p>\n<ul style=\"list-style-type: circle;\">\n<li>Puhastamise, toitumise, treeningute ja protseduuride kombinatsioon<\/li>\n<li>Tervisele kasulik kaalulangus<\/li>\n<\/ul>\n<p><strong>Efektiivne metoodika<\/strong><\/p>\n<ul style=\"list-style-type: circle;\">\n<li>L\u00e4heneme Teie terviseprobleemidele \u00f5igesti, kombineerides erinevaid meditsiinimeetodeid ja naturopaatiat, sealhulgas F.K. Mayeri (Austria) t\u00e4nap\u00e4evast l\u00e4henemisviisi<\/li>\n<\/ul>\n<\/div><div class=\"fusion-reading-box-container reading-box-container-3\" style=\"--awb-title-color:#472a2a;--awb-margin-top:0px;--awb-margin-bottom:84px;\"><div class=\"reading-box reading-box-center\" style=\"background-color:#f6f6f6;border-width:1px;border-color:#f6f6f6;border-left-width:3px;border-left-color:var(--primary_color);border-style:solid;\"><h2>TUTVU MEIE KUURIDEGA<\/h2><a class=\"button fusion-button button-default fusion-button-xlarge button-xlarge button-flat fusion-mobile-button continue-center\" style=\"-webkit-box-shadow:none;-moz-box-shadow:none;box-shadow:none;border-radius:10px 10px 10px 10px\" href=\"https:\/\/biospa.ee\/vanaveeb2026\/kuurid-protseduurid\/\" target=\"_blank\" rel=\"noopener noreferrer\"><span>loe l\u00e4hemalt<\/span><\/a><\/div><\/div><div class=\"fusion-clearfix\"><\/div><\/div><\/div><div class=\"fusion-layout-column fusion_builder_column fusion-builder-column-1 fusion_builder_column_1_3 1_3 fusion-one-third fusion-column-last\" style=\"--awb-bg-size:cover;--awb-margin-bottom:0px;width:30.6666%;\"><div class=\"fusion-column-wrapper fusion-flex-column-wrapper-legacy\"><div class=\"fusion-text fusion-text-3\"><p><strong>25 aastat tagasi asutas Loodus BIOSPA Dr. Med. Natalia Trofimova, kes on \u00fchtlasi meie peaarst-dietoloog ning Eestis sel alal enimm\u00fc\u00fcdud raamatu \u201cPaastuga terveks\u201d autor.<\/strong><\/p>\n<p>Oleme pereettev\u00f5te, mis p\u00e4lvis 2023. aasta suvel esimesena P\u00f5hjamaades F.X. Mayr tervise- ja kompetentsikeskuse tunnustuse. Kasutades ainulaadset F.X. Mayri metoodikat suudab organism paremini end puhastada, tervendada ja noorendada.<\/p>\n<p>Paastukeskuses ootab k\u00fclastajaid kaasaegne terviklik meditsiiniline l\u00e4henemine kehale ja vaimule imelises looduses. Programm j\u00e4rgib F.X. Mayr 4 tervendavat p\u00f5him\u00f5tet: puhastus soolestikule, puhkus seedetraktile, \u00f5petus tervislikust toitumisest ja toetus organismile vitamiinide ja toidulisanditega.<\/p>\n<p>Meie meeskond koosneb diplomeeritud spetsialistidest ja meditsiinit\u00f6\u00f6tajatest, kes kindlustavad teie siinviibimise ajal professionaalse tervise j\u00e4relvalve ja rahuliku ning meeldiva keskkonna.<\/p>\n<\/div><div class=\"fusion-reading-box-container reading-box-container-4\" style=\"--awb-title-color:#472a2a;--awb-margin-top:0px;--awb-margin-bottom:84px;\"><div class=\"reading-box reading-box-center\" style=\"background-color:#f6f6f6;border-width:1px;border-color:#f6f6f6;border-left-width:3px;border-left-color:var(--primary_color);border-style:solid;\"><h2>ALUSTA SIIT<\/h2><a class=\"button fusion-button button-default fusion-button-xlarge button-xlarge button-flat fusion-mobile-button continue-center\" style=\"-webkit-box-shadow:none;-moz-box-shadow:none;box-shadow:none;border-radius:10px 10px 10px 10px\" href=\"https:\/\/biospa.ee\/vanaveeb2026\/broneerimine\/\" target=\"_blank\" rel=\"noopener noreferrer\"><span>Kuuride ajakava<\/span><\/a><\/div><\/div><div class=\"fusion-clearfix\"><\/div><\/div><\/div><\/div><\/div>\n","protected":false},"excerpt":{"rendered":"","protected":false},"author":1,"featured_media":0,"parent":6435,"menu_order":103,"comment_status":"closed","ping_status":"closed","template":"","meta":{"footnotes":""},"class_list":["post-6437","page","type-page","status-publish","hentry"],"yoast_head":"<!-- This site is optimized with the Yoast SEO plugin v27.3 - https:\/\/yoast.com\/product\/yoast-seo-wordpress\/ -->\n<title>Kes me oleme - Loodus BioSpa<\/title>\n<meta name=\"description\" content=\"Loodus BIOSPA pakub professionaalseid organismi puhastamise, noorendamise ja kaalulangetamise programme P\u00f5hjamaade parimate spetsialistide hoole all.\" \/>\n<meta name=\"robots\" content=\"index, follow, max-snippet:-1, max-image-preview:large, max-video-preview:-1\" \/>\n<link rel=\"canonical\" href=\"https:\/\/biospa.ee\/vanaveeb2026\/loodus-biospa\/kes-me-oleme\/\" \/>\n<meta property=\"og:locale\" content=\"et_EE\" \/>\n<meta property=\"og:type\" content=\"article\" \/>\n<meta property=\"og:title\" content=\"Kes me oleme - Loodus BioSpa\" \/>\n<meta property=\"og:description\" content=\"Loodus BIOSPA pakub professionaalseid organismi puhastamise, noorendamise ja kaalulangetamise programme P\u00f5hjamaade parimate spetsialistide hoole all.\" \/>\n<meta property=\"og:url\" content=\"https:\/\/biospa.ee\/vanaveeb2026\/loodus-biospa\/kes-me-oleme\/\" \/>\n<meta property=\"og:site_name\" content=\"Loodus BioSpa\" \/>\n<meta property=\"article:publisher\" content=\"https:\/\/www.facebook.com\/LoodusBioSpa\/\" \/>\n<meta property=\"article:modified_time\" content=\"2025-10-17T07:13:39+00:00\" \/>\n<meta name=\"twitter:card\" content=\"summary_large_image\" \/>\n<meta name=\"twitter:label1\" content=\"Est. reading time\" \/>\n\t<meta name=\"twitter:data1\" content=\"3 minutit\" \/>\n<script type=\"application\/ld+json\" class=\"yoast-schema-graph\">{\"@context\":\"https:\\\/\\\/schema.org\",\"@graph\":[{\"@type\":\"WebPage\",\"@id\":\"https:\\\/\\\/biospa.ee\\\/vanaveeb2026\\\/loodus-biospa\\\/kes-me-oleme\\\/\",\"url\":\"https:\\\/\\\/biospa.ee\\\/vanaveeb2026\\\/loodus-biospa\\\/kes-me-oleme\\\/\",\"name\":\"Kes me oleme - Loodus BioSpa\",\"isPartOf\":{\"@id\":\"https:\\\/\\\/biospa.ee\\\/vanaveeb2026\\\/#website\"},\"datePublished\":\"2020-02-28T14:22:05+00:00\",\"dateModified\":\"2025-10-17T07:13:39+00:00\",\"description\":\"Loodus BIOSPA pakub professionaalseid organismi puhastamise, noorendamise ja kaalulangetamise programme P\u00f5hjamaade parimate spetsialistide hoole all.\",\"breadcrumb\":{\"@id\":\"https:\\\/\\\/biospa.ee\\\/vanaveeb2026\\\/loodus-biospa\\\/kes-me-oleme\\\/#breadcrumb\"},\"inLanguage\":\"et\",\"potentialAction\":[{\"@type\":\"ReadAction\",\"target\":[\"https:\\\/\\\/biospa.ee\\\/vanaveeb2026\\\/loodus-biospa\\\/kes-me-oleme\\\/\"]}]},{\"@type\":\"BreadcrumbList\",\"@id\":\"https:\\\/\\\/biospa.ee\\\/vanaveeb2026\\\/loodus-biospa\\\/kes-me-oleme\\\/#breadcrumb\",\"itemListElement\":[{\"@type\":\"ListItem\",\"position\":1,\"name\":\"Home\",\"item\":\"https:\\\/\\\/biospa.ee\\\/vanaveeb2026\\\/\"},{\"@type\":\"ListItem\",\"position\":2,\"name\":\"Loodus BIOSPA\",\"item\":\"https:\\\/\\\/biospa.ee\\\/vanaveeb2026\\\/\"},{\"@type\":\"ListItem\",\"position\":3,\"name\":\"Kes me oleme\"}]},{\"@type\":\"WebSite\",\"@id\":\"https:\\\/\\\/biospa.ee\\\/vanaveeb2026\\\/#website\",\"url\":\"https:\\\/\\\/biospa.ee\\\/vanaveeb2026\\\/\",\"name\":\"Loodus BioSpa\",\"description\":\"Loodus BioSpa\",\"publisher\":{\"@id\":\"https:\\\/\\\/biospa.ee\\\/vanaveeb2026\\\/#organization\"},\"potentialAction\":[{\"@type\":\"SearchAction\",\"target\":{\"@type\":\"EntryPoint\",\"urlTemplate\":\"https:\\\/\\\/biospa.ee\\\/vanaveeb2026\\\/?s={search_term_string}\"},\"query-input\":{\"@type\":\"PropertyValueSpecification\",\"valueRequired\":true,\"valueName\":\"search_term_string\"}}],\"inLanguage\":\"et\"},{\"@type\":\"Organization\",\"@id\":\"https:\\\/\\\/biospa.ee\\\/vanaveeb2026\\\/#organization\",\"name\":\"Tesmasan O\u00dc\",\"url\":\"https:\\\/\\\/biospa.ee\\\/vanaveeb2026\\\/\",\"logo\":{\"@type\":\"ImageObject\",\"inLanguage\":\"et\",\"@id\":\"https:\\\/\\\/biospa.ee\\\/vanaveeb2026\\\/#\\\/schema\\\/logo\\\/image\\\/\",\"url\":\"https:\\\/\\\/biospa.ee\\\/vanaveeb2026\\\/vanaveeb2026\\\/wp-content\\\/uploads\\\/2023\\\/06\\\/BioSpa-loggo-est1-0-143.png\",\"contentUrl\":\"https:\\\/\\\/biospa.ee\\\/vanaveeb2026\\\/vanaveeb2026\\\/wp-content\\\/uploads\\\/2023\\\/06\\\/BioSpa-loggo-est1-0-143.png\",\"width\":143,\"height\":59,\"caption\":\"Tesmasan O\u00dc\"},\"image\":{\"@id\":\"https:\\\/\\\/biospa.ee\\\/vanaveeb2026\\\/#\\\/schema\\\/logo\\\/image\\\/\"},\"sameAs\":[\"https:\\\/\\\/www.facebook.com\\\/LoodusBioSpa\\\/\",\"https:\\\/\\\/www.instagram.com\\\/loodusbiospa\\\/\"]}]}<\/script>\n<!-- \/ Yoast SEO plugin. -->","yoast_head_json":{"title":"Kes me oleme - Loodus BioSpa","description":"Loodus BIOSPA pakub professionaalseid organismi puhastamise, noorendamise ja kaalulangetamise programme P\u00f5hjamaade parimate spetsialistide hoole all.","robots":{"index":"index","follow":"follow","max-snippet":"max-snippet:-1","max-image-preview":"max-image-preview:large","max-video-preview":"max-video-preview:-1"},"canonical":"https:\/\/biospa.ee\/vanaveeb2026\/loodus-biospa\/kes-me-oleme\/","og_locale":"et_EE","og_type":"article","og_title":"Kes me oleme - Loodus BioSpa","og_description":"Loodus BIOSPA pakub professionaalseid organismi puhastamise, noorendamise ja kaalulangetamise programme P\u00f5hjamaade parimate spetsialistide hoole all.","og_url":"https:\/\/biospa.ee\/vanaveeb2026\/loodus-biospa\/kes-me-oleme\/","og_site_name":"Loodus BioSpa","article_publisher":"https:\/\/www.facebook.com\/LoodusBioSpa\/","article_modified_time":"2025-10-17T07:13:39+00:00","twitter_card":"summary_large_image","twitter_misc":{"Est. reading time":"3 minutit"},"schema":{"@context":"https:\/\/schema.org","@graph":[{"@type":"WebPage","@id":"https:\/\/biospa.ee\/vanaveeb2026\/loodus-biospa\/kes-me-oleme\/","url":"https:\/\/biospa.ee\/vanaveeb2026\/loodus-biospa\/kes-me-oleme\/","name":"Kes me oleme - Loodus BioSpa","isPartOf":{"@id":"https:\/\/biospa.ee\/vanaveeb2026\/#website"},"datePublished":"2020-02-28T14:22:05+00:00","dateModified":"2025-10-17T07:13:39+00:00","description":"Loodus BIOSPA pakub professionaalseid organismi puhastamise, noorendamise ja kaalulangetamise programme P\u00f5hjamaade parimate spetsialistide hoole all.","breadcrumb":{"@id":"https:\/\/biospa.ee\/vanaveeb2026\/loodus-biospa\/kes-me-oleme\/#breadcrumb"},"inLanguage":"et","potentialAction":[{"@type":"ReadAction","target":["https:\/\/biospa.ee\/vanaveeb2026\/loodus-biospa\/kes-me-oleme\/"]}]},{"@type":"BreadcrumbList","@id":"https:\/\/biospa.ee\/vanaveeb2026\/loodus-biospa\/kes-me-oleme\/#breadcrumb","itemListElement":[{"@type":"ListItem","position":1,"name":"Home","item":"https:\/\/biospa.ee\/vanaveeb2026\/"},{"@type":"ListItem","position":2,"name":"Loodus BIOSPA","item":"https:\/\/biospa.ee\/vanaveeb2026\/"},{"@type":"ListItem","position":3,"name":"Kes me oleme"}]},{"@type":"WebSite","@id":"https:\/\/biospa.ee\/vanaveeb2026\/#website","url":"https:\/\/biospa.ee\/vanaveeb2026\/","name":"Loodus BioSpa","description":"Loodus BioSpa","publisher":{"@id":"https:\/\/biospa.ee\/vanaveeb2026\/#organization"},"potentialAction":[{"@type":"SearchAction","target":{"@type":"EntryPoint","urlTemplate":"https:\/\/biospa.ee\/vanaveeb2026\/?s={search_term_string}"},"query-input":{"@type":"PropertyValueSpecification","valueRequired":true,"valueName":"search_term_string"}}],"inLanguage":"et"},{"@type":"Organization","@id":"https:\/\/biospa.ee\/vanaveeb2026\/#organization","name":"Tesmasan O\u00dc","url":"https:\/\/biospa.ee\/vanaveeb2026\/","logo":{"@type":"ImageObject","inLanguage":"et","@id":"https:\/\/biospa.ee\/vanaveeb2026\/#\/schema\/logo\/image\/","url":"https:\/\/biospa.ee\/vanaveeb2026\/vanaveeb2026\/wp-content\/uploads\/2023\/06\/BioSpa-loggo-est1-0-143.png","contentUrl":"https:\/\/biospa.ee\/vanaveeb2026\/vanaveeb2026\/wp-content\/uploads\/2023\/06\/BioSpa-loggo-est1-0-143.png","width":143,"height":59,"caption":"Tesmasan O\u00dc"},"image":{"@id":"https:\/\/biospa.ee\/vanaveeb2026\/#\/schema\/logo\/image\/"},"sameAs":["https:\/\/www.facebook.com\/LoodusBioSpa\/","https:\/\/www.instagram.com\/loodusbiospa\/"]}]}},"_links":{"self":[{"href":"https:\/\/biospa.ee\/vanaveeb2026\/wp-json\/wp\/v2\/pages\/6437","targetHints":{"allow":["GET"]}}],"collection":[{"href":"https:\/\/biospa.ee\/vanaveeb2026\/wp-json\/wp\/v2\/pages"}],"about":[{"href":"https:\/\/biospa.ee\/vanaveeb2026\/wp-json\/wp\/v2\/types\/page"}],"author":[{"embeddable":true,"href":"https:\/\/biospa.ee\/vanaveeb2026\/wp-json\/wp\/v2\/users\/1"}],"replies":[{"embeddable":true,"href":"https:\/\/biospa.ee\/vanaveeb2026\/wp-json\/wp\/v2\/comments?post=6437"}],"version-history":[{"count":5,"href":"https:\/\/biospa.ee\/vanaveeb2026\/wp-json\/wp\/v2\/pages\/6437\/revisions"}],"predecessor-version":[{"id":94758,"href":"https:\/\/biospa.ee\/vanaveeb2026\/wp-json\/wp\/v2\/pages\/6437\/revisions\/94758"}],"up":[{"embeddable":true,"href":"https:\/\/biospa.ee\/vanaveeb2026\/wp-json\/wp\/v2\/pages\/6435"}],"wp:attachment":[{"href":"https:\/\/biospa.ee\/vanaveeb2026\/wp-json\/wp\/v2\/media?parent=6437"}],"curies":[{"name":"wp","href":"https:\/\/api.w.org\/{rel}","templated":true}]}}