{"id":8190,"date":"2020-04-27T15:14:38","date_gmt":"2020-04-27T12:14:38","guid":{"rendered":"https:\/\/biospa.ee\/vanaveeb2026\/?page_id=8190"},"modified":"2020-08-25T15:09:53","modified_gmt":"2020-08-25T12:09:53","slug":"hinnakiri","status":"publish","type":"page","link":"https:\/\/biospa.ee\/vanaveeb2026\/biokliinik\/hinnakiri\/","title":{"rendered":"Biokliiniku hinnakiri"},"content":{"rendered":"\n<table id=\"tablepress-1\" class=\"tablepress tablepress-id-1\">\n<thead>\n<tr class=\"row-1\">\n\t<th class=\"column-1\">Teenus<\/th><th class=\"column-2\">EUR<\/th>\n<\/tr>\n<\/thead>\n<tbody class=\"row-striping row-hover\">\n<tr class=\"row-2\">\n\t<td class=\"column-1\">Esmane arsti vastuv\u00f5tt (Dr. Natalia Trofimova)                                 <\/td><td class=\"column-2\">80<\/td>\n<\/tr>\n<tr class=\"row-3\">\n\t<td class=\"column-1\">Arsti korduv vastuv\u00f5tt (Dr. Natalia Trofimova)<\/td><td class=\"column-2\">55<\/td>\n<\/tr>\n<tr class=\"row-4\">\n\t<td class=\"column-1\">Dr. Trofimova virtuaalne vastuv\u00f5tt<\/td><td class=\"column-2\">50<\/td>\n<\/tr>\n<tr class=\"row-5\">\n\t<td class=\"column-1\">Osteopaat-\u00f5ppej\u00f5ud<\/td><td class=\"column-2\">70.-\/lapsed kuni 12a 50.-<\/td>\n<\/tr>\n<tr class=\"row-6\">\n\t<td class=\"column-1\">Osteopaat-tudeng<\/td><td class=\"column-2\">50.-( ainult t\u00e4iskasvanud)<\/td>\n<\/tr>\n<tr class=\"row-7\">\n\t<td class=\"column-1\">Toitumisalane n\u00f5ustamine (esmane)<\/td><td class=\"column-2\">50<\/td>\n<\/tr>\n<tr class=\"row-8\">\n\t<td class=\"column-1\">Toitumisalane n\u00f5ustamine (korduv)<\/td><td class=\"column-2\">35<\/td>\n<\/tr>\n<tr class=\"row-9\">\n\t<td class=\"column-1\">A.Silbaum vastuv\u00f5tt (esmane)<\/td><td class=\"column-2\">45<\/td>\n<\/tr>\n<tr class=\"row-10\">\n\t<td class=\"column-1\">A.Silbaum vastuv\u00f5tt (korduv)<\/td><td class=\"column-2\">40<\/td>\n<\/tr>\n<tr class=\"row-11\">\n\t<td class=\"column-1\">Kaaniravi (protseduur)<\/td><td class=\"column-2\">30<\/td>\n<\/tr>\n<tr class=\"row-12\">\n\t<td class=\"column-1\">Kaani t\u00fcki hind <\/td><td class=\"column-2\">6<\/td>\n<\/tr>\n<tr class=\"row-13\">\n\t<td class=\"column-1\">Varjatud toidutalumatuse test ja n\u00f5ustamine   (176 toiduainet, Immunoloogiline)                    <\/td><td class=\"column-2\">240<\/td>\n<\/tr>\n<tr class=\"row-14\">\n\t<td class=\"column-1\">Soolestiku mikrobioomi uuring - ei sisalda konsultatsiooni<\/td><td class=\"column-2\">145<\/td>\n<\/tr>\n<tr class=\"row-15\">\n\t<td class=\"column-1\">Laserravi (1 piirkond)<\/td><td class=\"column-2\">12<\/td>\n<\/tr>\n<tr class=\"row-16\">\n\t<td class=\"column-1\">Laktoositalumatuse test- ei sisalda konsultatsiooni<\/td><td class=\"column-2\">89<\/td>\n<\/tr>\n<tr class=\"row-17\">\n\t<td class=\"column-1\">Glueenitalumatuse test- ei sisalda konsultatsiooni<\/td><td class=\"column-2\">89<\/td>\n<\/tr>\n<tr class=\"row-18\">\n\t<td class=\"column-1\">Geneetiline test v\u00f5imaldab hinnata geneetilist riski erinevate haiguste tekkimise suhtes, nagu s\u00fcdame-veresoonkonna-, onkoloogilised- ja silmahaigused, II t\u00fc\u00fcbi diabeet, vitamiinide puudulikkus. Samuti saab m\u00e4\u00e4rata p\u00e4rilikku eelsoodumust \u00fclekaalulisuse tekkeks ning juuste v\u00e4ljalangemiseks. - ei sisalda konsultatsiooni<\/td><td class=\"column-2\">195<\/td>\n<\/tr>\n<tr class=\"row-19\">\n\t<td class=\"column-1\">Geneetiline test  laktoosi, gluteenitalumatus koos- ei sisalda konsultatsiooni<\/td><td class=\"column-2\">178<\/td>\n<\/tr>\n<tr class=\"row-20\">\n\t<td class=\"column-1\">Probiootik PRO Em San Pur (vedel)<\/td><td class=\"column-2\">43<\/td>\n<\/tr>\n<tr class=\"row-21\">\n\t<td class=\"column-1\">Probiootik Pro Basan Complete (kuiv)<\/td><td class=\"column-2\">45<\/td>\n<\/tr>\n<tr class=\"row-22\">\n\t<td class=\"column-1\">Pro Somnia Relax<\/td><td class=\"column-2\">37<\/td>\n<\/tr>\n<tr class=\"row-23\">\n\t<td class=\"column-1\">Pro Dialvit44<\/td><td class=\"column-2\">54<\/td>\n<\/tr>\n<tr class=\"row-24\">\n\t<td class=\"column-1\">Pro Omega Ultra 2 pudelit<\/td><td class=\"column-2\">35<\/td>\n<\/tr>\n<tr class=\"row-25\">\n\t<td class=\"column-1\">Pro Mucosa<\/td><td class=\"column-2\">74<\/td>\n<\/tr>\n<tr class=\"row-26\">\n\t<td class=\"column-1\">Pro Curcumin Forte<\/td><td class=\"column-2\">53<\/td>\n<\/tr>\n<tr class=\"row-27\">\n\t<td class=\"column-1\">Pro Flex<\/td><td class=\"column-2\">50<\/td>\n<\/tr>\n<tr class=\"row-28\">\n\t<td class=\"column-1\">Pro Mineral Complete<\/td><td class=\"column-2\">53<\/td>\n<\/tr>\n<tr class=\"row-29\">\n\t<td class=\"column-1\">Pro Sirtusan<\/td><td class=\"column-2\">39<\/td>\n<\/tr>\n<tr class=\"row-30\">\n\t<td class=\"column-1\">Pro Omnineuro<\/td><td class=\"column-2\">75<\/td>\n<\/tr>\n<tr class=\"row-31\">\n\t<td class=\"column-1\">Pro Vitamin D3\u00d6l 1.000<\/td><td class=\"column-2\">33<\/td>\n<\/tr>\n<tr class=\"row-32\">\n\t<td class=\"column-1\">Baaspulber - mineraalained<\/td><td class=\"column-2\">50<\/td>\n<\/tr>\n<tr class=\"row-33\">\n\t<td class=\"column-1\">DETOX KIT puhas soolestik <\/td><td class=\"column-2\">26<\/td>\n<\/tr>\n<tr class=\"row-34\">\n\t<td class=\"column-1\">Pro Amino Spezial<\/td><td class=\"column-2\">55<\/td>\n<\/tr>\n<tr class=\"row-35\">\n\t<td class=\"column-1\">Pro Ferra Ferment<\/td><td class=\"column-2\">35<\/td>\n<\/tr>\n<tr class=\"row-36\">\n\t<td class=\"column-1\">Pro Jod<\/td><td class=\"column-2\">35<\/td>\n<\/tr>\n<tr class=\"row-37\">\n\t<td class=\"column-1\">Pro Lactoferrin Immun<\/td><td class=\"column-2\">60<\/td>\n<\/tr>\n<tr class=\"row-38\">\n\t<td class=\"column-1\">Pro Q10 Spectrum<\/td><td class=\"column-2\">64<\/td>\n<\/tr>\n<tr class=\"row-39\">\n\t<td class=\"column-1\">Pro Vitamin B Komplex<\/td><td class=\"column-2\">45<\/td>\n<\/tr>\n<tr class=\"row-40\">\n\t<td class=\"column-1\">Pro Vitamin C<\/td><td class=\"column-2\">26<\/td>\n<\/tr>\n<\/tbody>\n<\/table>\n<!-- #tablepress-1 from cache -->\n","protected":false},"excerpt":{"rendered":"","protected":false},"author":1,"featured_media":0,"parent":8128,"menu_order":82,"comment_status":"closed","ping_status":"closed","template":"","meta":{"footnotes":""},"class_list":["post-8190","page","type-page","status-publish","hentry"],"yoast_head":"<!-- This site is optimized with the Yoast SEO plugin v27.3 - https:\/\/yoast.com\/product\/yoast-seo-wordpress\/ -->\n<title>Biokliiniku hinnakiri - Loodus BioSpa<\/title>\n<meta name=\"robots\" content=\"index, follow, max-snippet:-1, max-image-preview:large, max-video-preview:-1\" \/>\n<link rel=\"canonical\" href=\"https:\/\/biospa.ee\/vanaveeb2026\/biokliinik\/hinnakiri\/\" \/>\n<meta property=\"og:locale\" content=\"et_EE\" \/>\n<meta property=\"og:type\" content=\"article\" \/>\n<meta property=\"og:title\" content=\"Biokliiniku hinnakiri - Loodus BioSpa\" \/>\n<meta property=\"og:url\" content=\"https:\/\/biospa.ee\/vanaveeb2026\/biokliinik\/hinnakiri\/\" \/>\n<meta property=\"og:site_name\" content=\"Loodus BioSpa\" \/>\n<meta property=\"article:publisher\" content=\"https:\/\/www.facebook.com\/LoodusBioSpa\/\" \/>\n<meta property=\"article:modified_time\" content=\"2020-08-25T12:09:53+00:00\" \/>\n<meta name=\"twitter:card\" content=\"summary_large_image\" \/>\n<script type=\"application\/ld+json\" class=\"yoast-schema-graph\">{\"@context\":\"https:\\\/\\\/schema.org\",\"@graph\":[{\"@type\":\"WebPage\",\"@id\":\"https:\\\/\\\/biospa.ee\\\/vanaveeb2026\\\/biokliinik\\\/hinnakiri\\\/\",\"url\":\"https:\\\/\\\/biospa.ee\\\/vanaveeb2026\\\/biokliinik\\\/hinnakiri\\\/\",\"name\":\"Biokliiniku hinnakiri - Loodus BioSpa\",\"isPartOf\":{\"@id\":\"https:\\\/\\\/biospa.ee\\\/vanaveeb2026\\\/#website\"},\"datePublished\":\"2020-04-27T12:14:38+00:00\",\"dateModified\":\"2020-08-25T12:09:53+00:00\",\"breadcrumb\":{\"@id\":\"https:\\\/\\\/biospa.ee\\\/vanaveeb2026\\\/biokliinik\\\/hinnakiri\\\/#breadcrumb\"},\"inLanguage\":\"et\",\"potentialAction\":[{\"@type\":\"ReadAction\",\"target\":[\"https:\\\/\\\/biospa.ee\\\/vanaveeb2026\\\/biokliinik\\\/hinnakiri\\\/\"]}]},{\"@type\":\"BreadcrumbList\",\"@id\":\"https:\\\/\\\/biospa.ee\\\/vanaveeb2026\\\/biokliinik\\\/hinnakiri\\\/#breadcrumb\",\"itemListElement\":[{\"@type\":\"ListItem\",\"position\":1,\"name\":\"Home\",\"item\":\"https:\\\/\\\/biospa.ee\\\/vanaveeb2026\\\/\"},{\"@type\":\"ListItem\",\"position\":2,\"name\":\"Biokliinik\",\"item\":\"https:\\\/\\\/biospa.ee\\\/vanaveeb2026\\\/biokliinik\\\/\"},{\"@type\":\"ListItem\",\"position\":3,\"name\":\"Biokliiniku hinnakiri\"}]},{\"@type\":\"WebSite\",\"@id\":\"https:\\\/\\\/biospa.ee\\\/vanaveeb2026\\\/#website\",\"url\":\"https:\\\/\\\/biospa.ee\\\/vanaveeb2026\\\/\",\"name\":\"Loodus BioSpa\",\"description\":\"Loodus BioSpa\",\"publisher\":{\"@id\":\"https:\\\/\\\/biospa.ee\\\/vanaveeb2026\\\/#organization\"},\"potentialAction\":[{\"@type\":\"SearchAction\",\"target\":{\"@type\":\"EntryPoint\",\"urlTemplate\":\"https:\\\/\\\/biospa.ee\\\/vanaveeb2026\\\/?s={search_term_string}\"},\"query-input\":{\"@type\":\"PropertyValueSpecification\",\"valueRequired\":true,\"valueName\":\"search_term_string\"}}],\"inLanguage\":\"et\"},{\"@type\":\"Organization\",\"@id\":\"https:\\\/\\\/biospa.ee\\\/vanaveeb2026\\\/#organization\",\"name\":\"Tesmasan O\u00dc\",\"url\":\"https:\\\/\\\/biospa.ee\\\/vanaveeb2026\\\/\",\"logo\":{\"@type\":\"ImageObject\",\"inLanguage\":\"et\",\"@id\":\"https:\\\/\\\/biospa.ee\\\/vanaveeb2026\\\/#\\\/schema\\\/logo\\\/image\\\/\",\"url\":\"https:\\\/\\\/biospa.ee\\\/vanaveeb2026\\\/vanaveeb2026\\\/wp-content\\\/uploads\\\/2023\\\/06\\\/BioSpa-loggo-est1-0-143.png\",\"contentUrl\":\"https:\\\/\\\/biospa.ee\\\/vanaveeb2026\\\/vanaveeb2026\\\/wp-content\\\/uploads\\\/2023\\\/06\\\/BioSpa-loggo-est1-0-143.png\",\"width\":143,\"height\":59,\"caption\":\"Tesmasan O\u00dc\"},\"image\":{\"@id\":\"https:\\\/\\\/biospa.ee\\\/vanaveeb2026\\\/#\\\/schema\\\/logo\\\/image\\\/\"},\"sameAs\":[\"https:\\\/\\\/www.facebook.com\\\/LoodusBioSpa\\\/\",\"https:\\\/\\\/www.instagram.com\\\/loodusbiospa\\\/\"]}]}<\/script>\n<!-- \/ Yoast SEO plugin. -->","yoast_head_json":{"title":"Biokliiniku hinnakiri - Loodus BioSpa","robots":{"index":"index","follow":"follow","max-snippet":"max-snippet:-1","max-image-preview":"max-image-preview:large","max-video-preview":"max-video-preview:-1"},"canonical":"https:\/\/biospa.ee\/vanaveeb2026\/biokliinik\/hinnakiri\/","og_locale":"et_EE","og_type":"article","og_title":"Biokliiniku hinnakiri - Loodus BioSpa","og_url":"https:\/\/biospa.ee\/vanaveeb2026\/biokliinik\/hinnakiri\/","og_site_name":"Loodus BioSpa","article_publisher":"https:\/\/www.facebook.com\/LoodusBioSpa\/","article_modified_time":"2020-08-25T12:09:53+00:00","twitter_card":"summary_large_image","schema":{"@context":"https:\/\/schema.org","@graph":[{"@type":"WebPage","@id":"https:\/\/biospa.ee\/vanaveeb2026\/biokliinik\/hinnakiri\/","url":"https:\/\/biospa.ee\/vanaveeb2026\/biokliinik\/hinnakiri\/","name":"Biokliiniku hinnakiri - Loodus BioSpa","isPartOf":{"@id":"https:\/\/biospa.ee\/vanaveeb2026\/#website"},"datePublished":"2020-04-27T12:14:38+00:00","dateModified":"2020-08-25T12:09:53+00:00","breadcrumb":{"@id":"https:\/\/biospa.ee\/vanaveeb2026\/biokliinik\/hinnakiri\/#breadcrumb"},"inLanguage":"et","potentialAction":[{"@type":"ReadAction","target":["https:\/\/biospa.ee\/vanaveeb2026\/biokliinik\/hinnakiri\/"]}]},{"@type":"BreadcrumbList","@id":"https:\/\/biospa.ee\/vanaveeb2026\/biokliinik\/hinnakiri\/#breadcrumb","itemListElement":[{"@type":"ListItem","position":1,"name":"Home","item":"https:\/\/biospa.ee\/vanaveeb2026\/"},{"@type":"ListItem","position":2,"name":"Biokliinik","item":"https:\/\/biospa.ee\/vanaveeb2026\/biokliinik\/"},{"@type":"ListItem","position":3,"name":"Biokliiniku hinnakiri"}]},{"@type":"WebSite","@id":"https:\/\/biospa.ee\/vanaveeb2026\/#website","url":"https:\/\/biospa.ee\/vanaveeb2026\/","name":"Loodus BioSpa","description":"Loodus BioSpa","publisher":{"@id":"https:\/\/biospa.ee\/vanaveeb2026\/#organization"},"potentialAction":[{"@type":"SearchAction","target":{"@type":"EntryPoint","urlTemplate":"https:\/\/biospa.ee\/vanaveeb2026\/?s={search_term_string}"},"query-input":{"@type":"PropertyValueSpecification","valueRequired":true,"valueName":"search_term_string"}}],"inLanguage":"et"},{"@type":"Organization","@id":"https:\/\/biospa.ee\/vanaveeb2026\/#organization","name":"Tesmasan O\u00dc","url":"https:\/\/biospa.ee\/vanaveeb2026\/","logo":{"@type":"ImageObject","inLanguage":"et","@id":"https:\/\/biospa.ee\/vanaveeb2026\/#\/schema\/logo\/image\/","url":"https:\/\/biospa.ee\/vanaveeb2026\/vanaveeb2026\/wp-content\/uploads\/2023\/06\/BioSpa-loggo-est1-0-143.png","contentUrl":"https:\/\/biospa.ee\/vanaveeb2026\/vanaveeb2026\/wp-content\/uploads\/2023\/06\/BioSpa-loggo-est1-0-143.png","width":143,"height":59,"caption":"Tesmasan O\u00dc"},"image":{"@id":"https:\/\/biospa.ee\/vanaveeb2026\/#\/schema\/logo\/image\/"},"sameAs":["https:\/\/www.facebook.com\/LoodusBioSpa\/","https:\/\/www.instagram.com\/loodusbiospa\/"]}]}},"_links":{"self":[{"href":"https:\/\/biospa.ee\/vanaveeb2026\/wp-json\/wp\/v2\/pages\/8190","targetHints":{"allow":["GET"]}}],"collection":[{"href":"https:\/\/biospa.ee\/vanaveeb2026\/wp-json\/wp\/v2\/pages"}],"about":[{"href":"https:\/\/biospa.ee\/vanaveeb2026\/wp-json\/wp\/v2\/types\/page"}],"author":[{"embeddable":true,"href":"https:\/\/biospa.ee\/vanaveeb2026\/wp-json\/wp\/v2\/users\/1"}],"replies":[{"embeddable":true,"href":"https:\/\/biospa.ee\/vanaveeb2026\/wp-json\/wp\/v2\/comments?post=8190"}],"version-history":[{"count":0,"href":"https:\/\/biospa.ee\/vanaveeb2026\/wp-json\/wp\/v2\/pages\/8190\/revisions"}],"up":[{"embeddable":true,"href":"https:\/\/biospa.ee\/vanaveeb2026\/wp-json\/wp\/v2\/pages\/8128"}],"wp:attachment":[{"href":"https:\/\/biospa.ee\/vanaveeb2026\/wp-json\/wp\/v2\/media?parent=8190"}],"curies":[{"name":"wp","href":"https:\/\/api.w.org\/{rel}","templated":true}]}}