{"id":8683,"date":"2020-07-16T16:14:39","date_gmt":"2020-07-16T13:14:39","guid":{"rendered":"https:\/\/biospa.ee\/vanaveeb2026\/?page_id=8683"},"modified":"2025-02-04T16:03:19","modified_gmt":"2025-02-04T14:03:19","slug":"mao-uuring","status":"publish","type":"page","link":"https:\/\/biospa.ee\/vanaveeb2026\/biokliinik\/raviteenused-biokliinikus\/mao-uuring\/","title":{"rendered":"Gastropaneel ehk mao uuring"},"content":{"rendered":"<div class=\"fusion-fullwidth fullwidth-box fusion-builder-row-1 nonhundred-percent-fullwidth non-hundred-percent-height-scrolling\" style=\"--awb-border-radius-top-left:0px;--awb-border-radius-top-right:0px;--awb-border-radius-bottom-right:0px;--awb-border-radius-bottom-left:0px;--awb-flex-wrap:wrap;\" ><div class=\"fusion-builder-row fusion-row\"><div class=\"fusion-layout-column fusion_builder_column fusion-builder-column-0 fusion_builder_column_2_3 2_3 fusion-two-third fusion-column-first\" style=\"--awb-bg-size:cover;width:66.6666666667%;width:calc(66.6666666667% - ( ( 4% ) * 0.666666666667 ) );margin-right: 4%;\"><div class=\"fusion-column-wrapper fusion-column-has-shadow fusion-flex-column-wrapper-legacy\"><div class=\"fusion-image-element in-legacy-container\" style=\"--awb-caption-title-font-family:var(--h2_typography-font-family);--awb-caption-title-font-weight:var(--h2_typography-font-weight);--awb-caption-title-font-style:var(--h2_typography-font-style);--awb-caption-title-size:var(--h2_typography-font-size);--awb-caption-title-transform:var(--h2_typography-text-transform);--awb-caption-title-line-height:var(--h2_typography-line-height);--awb-caption-title-letter-spacing:var(--h2_typography-letter-spacing);\"><span class=\" fusion-imageframe imageframe-none imageframe-1 hover-type-none\"><img decoding=\"async\" width=\"1024\" height=\"683\" title=\"Magu\" src=\"https:\/\/biospa.ee\/vanaveeb2026\/wp-content\/uploads\/2018\/01\/Magu-1024x683.jpg\" alt class=\"img-responsive wp-image-7272\" srcset=\"https:\/\/biospa.ee\/vanaveeb2026\/wp-content\/uploads\/2018\/01\/Magu-200x133.jpg 200w, https:\/\/biospa.ee\/vanaveeb2026\/wp-content\/uploads\/2018\/01\/Magu-400x267.jpg 400w, https:\/\/biospa.ee\/vanaveeb2026\/wp-content\/uploads\/2018\/01\/Magu-600x400.jpg 600w, https:\/\/biospa.ee\/vanaveeb2026\/wp-content\/uploads\/2018\/01\/Magu-800x533.jpg 800w, https:\/\/biospa.ee\/vanaveeb2026\/wp-content\/uploads\/2018\/01\/Magu-1200x800.jpg 1200w\" sizes=\"(max-width: 800px) 100vw, 1200px\" \/><\/span><\/div><div class=\"fusion-text fusion-text-1\" style=\"--awb-text-transform:none;\"><p><strong>Tulemused aitavad hinnata k\u00f5rvetistega ja teiste kaebustega patsientide mao limaskesta seisundit \u2013 kas mao limaskest on terve v\u00f5i kahjustunud helicobakter pylori, infektsiooni v\u00f5i atroofilise gastriidi t\u00f5ttu. <\/strong><\/p>\n<p>Kui vereanal\u00fc\u00fcside tulemused on normv\u00e4\u00e4rtuste piires, on suur t\u00f5en\u00e4osus, et mao limaskest on terve ning risk maov\u00e4hi ja teiste mao\u00a0limaskesta haiguste tekkeks hetkel madal.<\/p>\n<p>Anal\u00fc\u00fcside tulemused, mis ei ole korras, v\u00f5imaldavad eristada,\u00a0millises mao anatoomilises piirkonnas limaskesta kahjustus esineb v\u00f5i\u00a0on tegemist kogu mao limaskesta haarava gastriidiga. Vastuste alusel on\u00a0v\u00f5imalik kindlaks teha ka mao \u00fcle- v\u00f5i alahappesuse esinemine, samuti\u00a0hinnata vitamiinide ja mineraalainete imendumish\u00e4irete olemasolu v\u00f5i\u00a0tekke riski (nt. vitamiin B12, kaltsium, raud, magneesium, tsink jt).<\/p>\n<p><strong>Anal\u00fc\u00fcs m\u00e4\u00e4ratakse dr.N.Trofimova n\u00f5ustamisel.<\/strong><\/p>\n<\/div><div class=\"fusion-reading-box-container reading-box-container-1 fusion-no-large-visibility\" style=\"--awb-title-color:#472a2a;--awb-margin-top:0px;--awb-margin-bottom:84px;\"><div class=\"reading-box reading-box-center\" style=\"background-color:#f6f6f6;border-width:1px;border-color:#f6f6f6;border-left-width:3px;border-left-color:var(--primary_color);border-style:solid;\"><h2>TULE VASTUV\u00d5TULE<\/h2><div class=\"reading-box-description fusion-reading-box-additional\">gastropaneel 130.-<\/div><div class=\"reading-box-additional\">\n<p>Your Content Goes Here<\/p>\n<\/div><div class=\"fusion-clearfix\"><\/div><a class=\"button fusion-button button-default fusion-button-xlarge button-xlarge button-flat fusion-mobile-button continue-center\" style=\"-webkit-box-shadow:none;-moz-box-shadow:none;box-shadow:none;border-radius:10px 10px 10px 10px\" href=\"https:\/\/biospa.ee\/vanaveeb2026\/biokliinik\/kontakt-2\/\" target=\"_blank\" rel=\"noopener noreferrer\"><span>\u260e helista telefonil 53 47 15 32<\/span><\/a><\/div><\/div><div class=\"fusion-text fusion-text-2\" style=\"--awb-text-transform:none;\"><p>Paketi tulemuste p\u00f5hjal saab avastada ka k\u00f5rge v\u00e4hiriskiga mao\u00a0limaskesta seisundeid ja need patsiendid peavad p\u00f6\u00f6rduma edasisteks\u00a0uuringuteks gastroenteroloogi v\u00f5i perearsti poole.<\/p>\n<p>Enne vereanal\u00fc\u00fcside andmist ei tohi v\u00e4hemalt 10 tundi s\u00fc\u00fca ning hambaid pesta.<\/p>\n<p>Anal\u00fc\u00fcside tulemused saab patsient k\u00e4tte koos arsti kommentaaridega.<\/p>\n<\/div><div class=\"fusion-clearfix\"><\/div><\/div><\/div><div class=\"fusion-layout-column fusion_builder_column fusion-builder-column-1 fusion_builder_column_1_3 1_3 fusion-one-third fusion-column-last\" style=\"--awb-bg-size:cover;width:33.3333333333%;width:calc(33.3333333333% - ( ( 4% ) * 0.333333333333 ) );\"><div class=\"fusion-column-wrapper fusion-column-has-shadow fusion-flex-column-wrapper-legacy\"><div class=\"fusion-text fusion-text-3\"><h3>Maovaevuste puhul<\/h3>\n<p>K\u00f5rvetiste pakett (<strong>Gastropaneel<\/strong>) sisaldab valiku laboratoorseid anal\u00fc\u00fcse maovaevustega inimeste uurimiseks.<\/p>\n<\/div><div class=\"fusion-reading-box-container reading-box-container-2\" style=\"--awb-title-color:#472a2a;--awb-margin-top:0px;--awb-margin-bottom:84px;\"><div class=\"reading-box reading-box-center\" style=\"background-color:#f6f6f6;border-width:1px;border-color:#f6f6f6;border-left-width:3px;border-left-color:var(--primary_color);border-style:solid;\"><h2>TELLI TEST<\/h2><div class=\"reading-box-description fusion-reading-box-additional\">gastropaneel 130.-<\/div><div class=\"fusion-clearfix\"><\/div><a class=\"button fusion-button button-default fusion-button-xlarge button-xlarge button-flat fusion-mobile-button continue-center\" style=\"-webkit-box-shadow:none;-moz-box-shadow:none;box-shadow:none;border-radius:10px 10px 10px 10px\" href=\"https:\/\/biospa.ee\/vanaveeb2026\/biokliinik\/kontakt-2\/\" target=\"_blank\" rel=\"noopener noreferrer\"><span>\u260e 53 47 15 32<\/span><\/a><\/div><\/div><div class=\"fusion-clearfix\"><\/div><\/div><\/div><\/div><\/div>\n","protected":false},"excerpt":{"rendered":"","protected":false},"author":1,"featured_media":0,"parent":8177,"menu_order":75,"comment_status":"closed","ping_status":"closed","template":"","meta":{"footnotes":""},"class_list":["post-8683","page","type-page","status-publish","hentry"],"yoast_head":"<!-- This site is optimized with the Yoast SEO plugin v27.3 - https:\/\/yoast.com\/product\/yoast-seo-wordpress\/ -->\n<title>Gastropaneel ehk mao uuring - Loodus BioSpa<\/title>\n<meta name=\"robots\" content=\"index, follow, max-snippet:-1, max-image-preview:large, max-video-preview:-1\" \/>\n<link rel=\"canonical\" href=\"https:\/\/biospa.ee\/vanaveeb2026\/biokliinik\/raviteenused-biokliinikus\/mao-uuring\/\" \/>\n<meta property=\"og:locale\" content=\"et_EE\" \/>\n<meta property=\"og:type\" content=\"article\" \/>\n<meta property=\"og:title\" content=\"Gastropaneel ehk mao uuring - Loodus BioSpa\" \/>\n<meta property=\"og:url\" content=\"https:\/\/biospa.ee\/vanaveeb2026\/biokliinik\/raviteenused-biokliinikus\/mao-uuring\/\" \/>\n<meta property=\"og:site_name\" content=\"Loodus BioSpa\" \/>\n<meta property=\"article:publisher\" content=\"https:\/\/www.facebook.com\/LoodusBioSpa\/\" \/>\n<meta property=\"article:modified_time\" content=\"2025-02-04T14:03:19+00:00\" \/>\n<meta name=\"twitter:card\" content=\"summary_large_image\" \/>\n<meta name=\"twitter:label1\" content=\"Est. reading time\" \/>\n\t<meta name=\"twitter:data1\" content=\"2 minutit\" \/>\n<script type=\"application\/ld+json\" class=\"yoast-schema-graph\">{\"@context\":\"https:\\\/\\\/schema.org\",\"@graph\":[{\"@type\":\"WebPage\",\"@id\":\"https:\\\/\\\/biospa.ee\\\/vanaveeb2026\\\/biokliinik\\\/raviteenused-biokliinikus\\\/mao-uuring\\\/\",\"url\":\"https:\\\/\\\/biospa.ee\\\/vanaveeb2026\\\/biokliinik\\\/raviteenused-biokliinikus\\\/mao-uuring\\\/\",\"name\":\"Gastropaneel ehk mao uuring - Loodus BioSpa\",\"isPartOf\":{\"@id\":\"https:\\\/\\\/biospa.ee\\\/vanaveeb2026\\\/#website\"},\"datePublished\":\"2020-07-16T13:14:39+00:00\",\"dateModified\":\"2025-02-04T14:03:19+00:00\",\"breadcrumb\":{\"@id\":\"https:\\\/\\\/biospa.ee\\\/vanaveeb2026\\\/biokliinik\\\/raviteenused-biokliinikus\\\/mao-uuring\\\/#breadcrumb\"},\"inLanguage\":\"et\",\"potentialAction\":[{\"@type\":\"ReadAction\",\"target\":[\"https:\\\/\\\/biospa.ee\\\/vanaveeb2026\\\/biokliinik\\\/raviteenused-biokliinikus\\\/mao-uuring\\\/\"]}]},{\"@type\":\"BreadcrumbList\",\"@id\":\"https:\\\/\\\/biospa.ee\\\/vanaveeb2026\\\/biokliinik\\\/raviteenused-biokliinikus\\\/mao-uuring\\\/#breadcrumb\",\"itemListElement\":[{\"@type\":\"ListItem\",\"position\":1,\"name\":\"Home\",\"item\":\"https:\\\/\\\/biospa.ee\\\/vanaveeb2026\\\/\"},{\"@type\":\"ListItem\",\"position\":2,\"name\":\"Biokliinik\",\"item\":\"https:\\\/\\\/biospa.ee\\\/vanaveeb2026\\\/biokliinik\\\/\"},{\"@type\":\"ListItem\",\"position\":3,\"name\":\"Teenused Biokliinikus\",\"item\":\"https:\\\/\\\/biospa.ee\\\/vanaveeb2026\\\/biokliinik\\\/raviteenused-biokliinikus\\\/\"},{\"@type\":\"ListItem\",\"position\":4,\"name\":\"Gastropaneel ehk mao uuring\"}]},{\"@type\":\"WebSite\",\"@id\":\"https:\\\/\\\/biospa.ee\\\/vanaveeb2026\\\/#website\",\"url\":\"https:\\\/\\\/biospa.ee\\\/vanaveeb2026\\\/\",\"name\":\"Loodus BioSpa\",\"description\":\"Loodus BioSpa\",\"publisher\":{\"@id\":\"https:\\\/\\\/biospa.ee\\\/vanaveeb2026\\\/#organization\"},\"potentialAction\":[{\"@type\":\"SearchAction\",\"target\":{\"@type\":\"EntryPoint\",\"urlTemplate\":\"https:\\\/\\\/biospa.ee\\\/vanaveeb2026\\\/?s={search_term_string}\"},\"query-input\":{\"@type\":\"PropertyValueSpecification\",\"valueRequired\":true,\"valueName\":\"search_term_string\"}}],\"inLanguage\":\"et\"},{\"@type\":\"Organization\",\"@id\":\"https:\\\/\\\/biospa.ee\\\/vanaveeb2026\\\/#organization\",\"name\":\"Tesmasan O\u00dc\",\"url\":\"https:\\\/\\\/biospa.ee\\\/vanaveeb2026\\\/\",\"logo\":{\"@type\":\"ImageObject\",\"inLanguage\":\"et\",\"@id\":\"https:\\\/\\\/biospa.ee\\\/vanaveeb2026\\\/#\\\/schema\\\/logo\\\/image\\\/\",\"url\":\"https:\\\/\\\/biospa.ee\\\/vanaveeb2026\\\/vanaveeb2026\\\/wp-content\\\/uploads\\\/2023\\\/06\\\/BioSpa-loggo-est1-0-143.png\",\"contentUrl\":\"https:\\\/\\\/biospa.ee\\\/vanaveeb2026\\\/vanaveeb2026\\\/wp-content\\\/uploads\\\/2023\\\/06\\\/BioSpa-loggo-est1-0-143.png\",\"width\":143,\"height\":59,\"caption\":\"Tesmasan O\u00dc\"},\"image\":{\"@id\":\"https:\\\/\\\/biospa.ee\\\/vanaveeb2026\\\/#\\\/schema\\\/logo\\\/image\\\/\"},\"sameAs\":[\"https:\\\/\\\/www.facebook.com\\\/LoodusBioSpa\\\/\",\"https:\\\/\\\/www.instagram.com\\\/loodusbiospa\\\/\"]}]}<\/script>\n<!-- \/ Yoast SEO plugin. -->","yoast_head_json":{"title":"Gastropaneel ehk mao uuring - Loodus BioSpa","robots":{"index":"index","follow":"follow","max-snippet":"max-snippet:-1","max-image-preview":"max-image-preview:large","max-video-preview":"max-video-preview:-1"},"canonical":"https:\/\/biospa.ee\/vanaveeb2026\/biokliinik\/raviteenused-biokliinikus\/mao-uuring\/","og_locale":"et_EE","og_type":"article","og_title":"Gastropaneel ehk mao uuring - Loodus BioSpa","og_url":"https:\/\/biospa.ee\/vanaveeb2026\/biokliinik\/raviteenused-biokliinikus\/mao-uuring\/","og_site_name":"Loodus BioSpa","article_publisher":"https:\/\/www.facebook.com\/LoodusBioSpa\/","article_modified_time":"2025-02-04T14:03:19+00:00","twitter_card":"summary_large_image","twitter_misc":{"Est. reading time":"2 minutit"},"schema":{"@context":"https:\/\/schema.org","@graph":[{"@type":"WebPage","@id":"https:\/\/biospa.ee\/vanaveeb2026\/biokliinik\/raviteenused-biokliinikus\/mao-uuring\/","url":"https:\/\/biospa.ee\/vanaveeb2026\/biokliinik\/raviteenused-biokliinikus\/mao-uuring\/","name":"Gastropaneel ehk mao uuring - Loodus BioSpa","isPartOf":{"@id":"https:\/\/biospa.ee\/vanaveeb2026\/#website"},"datePublished":"2020-07-16T13:14:39+00:00","dateModified":"2025-02-04T14:03:19+00:00","breadcrumb":{"@id":"https:\/\/biospa.ee\/vanaveeb2026\/biokliinik\/raviteenused-biokliinikus\/mao-uuring\/#breadcrumb"},"inLanguage":"et","potentialAction":[{"@type":"ReadAction","target":["https:\/\/biospa.ee\/vanaveeb2026\/biokliinik\/raviteenused-biokliinikus\/mao-uuring\/"]}]},{"@type":"BreadcrumbList","@id":"https:\/\/biospa.ee\/vanaveeb2026\/biokliinik\/raviteenused-biokliinikus\/mao-uuring\/#breadcrumb","itemListElement":[{"@type":"ListItem","position":1,"name":"Home","item":"https:\/\/biospa.ee\/vanaveeb2026\/"},{"@type":"ListItem","position":2,"name":"Biokliinik","item":"https:\/\/biospa.ee\/vanaveeb2026\/biokliinik\/"},{"@type":"ListItem","position":3,"name":"Teenused Biokliinikus","item":"https:\/\/biospa.ee\/vanaveeb2026\/biokliinik\/raviteenused-biokliinikus\/"},{"@type":"ListItem","position":4,"name":"Gastropaneel ehk mao uuring"}]},{"@type":"WebSite","@id":"https:\/\/biospa.ee\/vanaveeb2026\/#website","url":"https:\/\/biospa.ee\/vanaveeb2026\/","name":"Loodus BioSpa","description":"Loodus BioSpa","publisher":{"@id":"https:\/\/biospa.ee\/vanaveeb2026\/#organization"},"potentialAction":[{"@type":"SearchAction","target":{"@type":"EntryPoint","urlTemplate":"https:\/\/biospa.ee\/vanaveeb2026\/?s={search_term_string}"},"query-input":{"@type":"PropertyValueSpecification","valueRequired":true,"valueName":"search_term_string"}}],"inLanguage":"et"},{"@type":"Organization","@id":"https:\/\/biospa.ee\/vanaveeb2026\/#organization","name":"Tesmasan O\u00dc","url":"https:\/\/biospa.ee\/vanaveeb2026\/","logo":{"@type":"ImageObject","inLanguage":"et","@id":"https:\/\/biospa.ee\/vanaveeb2026\/#\/schema\/logo\/image\/","url":"https:\/\/biospa.ee\/vanaveeb2026\/vanaveeb2026\/wp-content\/uploads\/2023\/06\/BioSpa-loggo-est1-0-143.png","contentUrl":"https:\/\/biospa.ee\/vanaveeb2026\/vanaveeb2026\/wp-content\/uploads\/2023\/06\/BioSpa-loggo-est1-0-143.png","width":143,"height":59,"caption":"Tesmasan O\u00dc"},"image":{"@id":"https:\/\/biospa.ee\/vanaveeb2026\/#\/schema\/logo\/image\/"},"sameAs":["https:\/\/www.facebook.com\/LoodusBioSpa\/","https:\/\/www.instagram.com\/loodusbiospa\/"]}]}},"_links":{"self":[{"href":"https:\/\/biospa.ee\/vanaveeb2026\/wp-json\/wp\/v2\/pages\/8683","targetHints":{"allow":["GET"]}}],"collection":[{"href":"https:\/\/biospa.ee\/vanaveeb2026\/wp-json\/wp\/v2\/pages"}],"about":[{"href":"https:\/\/biospa.ee\/vanaveeb2026\/wp-json\/wp\/v2\/types\/page"}],"author":[{"embeddable":true,"href":"https:\/\/biospa.ee\/vanaveeb2026\/wp-json\/wp\/v2\/users\/1"}],"replies":[{"embeddable":true,"href":"https:\/\/biospa.ee\/vanaveeb2026\/wp-json\/wp\/v2\/comments?post=8683"}],"version-history":[{"count":1,"href":"https:\/\/biospa.ee\/vanaveeb2026\/wp-json\/wp\/v2\/pages\/8683\/revisions"}],"predecessor-version":[{"id":34601,"href":"https:\/\/biospa.ee\/vanaveeb2026\/wp-json\/wp\/v2\/pages\/8683\/revisions\/34601"}],"up":[{"embeddable":true,"href":"https:\/\/biospa.ee\/vanaveeb2026\/wp-json\/wp\/v2\/pages\/8177"}],"wp:attachment":[{"href":"https:\/\/biospa.ee\/vanaveeb2026\/wp-json\/wp\/v2\/media?parent=8683"}],"curies":[{"name":"wp","href":"https:\/\/api.w.org\/{rel}","templated":true}]}}