{"id":8737,"date":"2020-07-17T09:54:32","date_gmt":"2020-07-17T06:54:32","guid":{"rendered":"https:\/\/biospa.ee\/vanaveeb2026\/?page_id=8737"},"modified":"2025-07-01T08:59:44","modified_gmt":"2025-07-01T05:59:44","slug":"bioresonantsdiagnostika","status":"publish","type":"page","link":"https:\/\/biospa.ee\/vanaveeb2026\/biokliinik\/raviteenused-biokliinikus\/bioresonantsdiagnostika\/","title":{"rendered":"Bioresonantsdiagnostika"},"content":{"rendered":"<div class=\"fusion-fullwidth fullwidth-box fusion-builder-row-1 nonhundred-percent-fullwidth non-hundred-percent-height-scrolling\" style=\"--awb-border-radius-top-left:0px;--awb-border-radius-top-right:0px;--awb-border-radius-bottom-right:0px;--awb-border-radius-bottom-left:0px;--awb-flex-wrap:wrap;\" ><div class=\"fusion-builder-row fusion-row\"><div class=\"fusion-layout-column fusion_builder_column fusion-builder-column-0 fusion_builder_column_2_3 2_3 fusion-two-third fusion-column-first fusion-column-inner-bg-wrapper\" style=\"--awb-inner-bg-size:cover;width:66.6666666667%;width:calc(66.6666666667% - ( ( 4% ) * 0.666666666667 ) );margin-right: 4%;\"><span class=\"fusion-column-inner-bg hover-type-none\"><a class=\"fusion-column-anchor\" href=\"https:\/\/biospa.ee\/vanaveeb2026\/11076-2\/\"><span class=\"fusion-column-inner-bg-image\"><\/span><\/a><\/span><div class=\"fusion-column-wrapper fusion-column-has-shadow fusion-flex-column-wrapper-legacy\"><div class=\"fusion-image-element in-legacy-container\" style=\"--awb-caption-title-font-family:var(--h2_typography-font-family);--awb-caption-title-font-weight:var(--h2_typography-font-weight);--awb-caption-title-font-style:var(--h2_typography-font-style);--awb-caption-title-size:var(--h2_typography-font-size);--awb-caption-title-transform:var(--h2_typography-text-transform);--awb-caption-title-line-height:var(--h2_typography-line-height);--awb-caption-title-letter-spacing:var(--h2_typography-letter-spacing);\"><span class=\" fusion-imageframe imageframe-dropshadow imageframe-1 hover-type-none\" style=\"-webkit-box-shadow: 3px 3px 7px rgba(0,0,0,0.3);box-shadow: 3px 3px 7px rgba(0,0,0,0.3);\"><img decoding=\"async\" width=\"800\" height=\"500\" title=\"Bioresonants\" src=\"https:\/\/biospa.ee\/vanaveeb2026\/wp-content\/uploads\/2020\/07\/Bioresonants.jpg\" alt class=\"img-responsive wp-image-8738\" srcset=\"https:\/\/biospa.ee\/vanaveeb2026\/wp-content\/uploads\/2020\/07\/Bioresonants-200x125.jpg 200w, https:\/\/biospa.ee\/vanaveeb2026\/wp-content\/uploads\/2020\/07\/Bioresonants-400x250.jpg 400w, https:\/\/biospa.ee\/vanaveeb2026\/wp-content\/uploads\/2020\/07\/Bioresonants-600x375.jpg 600w, https:\/\/biospa.ee\/vanaveeb2026\/wp-content\/uploads\/2020\/07\/Bioresonants.jpg 800w\" sizes=\"(max-width: 800px) 100vw, 800px\" \/><\/span><\/div><div class=\"fusion-text fusion-text-1\" style=\"--awb-text-transform:none;\"><p>Kuidas diagnoos tehakse?<\/p>\n<p>Dr. Reinhard Voll on arstiteadlane, bioresonantsaparaadi looja, kes m\u00f5\u00f5tis oma seadmega inimkeha oluliste punktide elektritakistust ja kasutas seda haiguste diagnoosimisel.<\/p>\n<p>Kontrollpunktide kaudu m\u00f5\u00f5tmisel sisestatakse andmed arvutiprogrammi. Seal on standardv\u00e4\u00e4rtused, st. andmed terve inimese kohta. Kui m\u00f5\u00f5detud andmed j\u00e4\u00e4vad normaalseks, on patsiendi tervis korras.<\/p>\n<p>Igal organil on oma normaalne sagedus \u2013 bioresonants- ehk elektromagnetsagedus. Kui teatud tsoonides esinevad patogeensed elektromagnetilised sagedused, t\u00e4hendab see, et selle tsooni organites on funktsionaalne h\u00e4ire. N\u00e4iteks kui s\u00fcdames v\u00f5i kopsudes on sagedus, mis peaks olema normaalne, k\u00f5rge v\u00f5i madal, siis saame hinnata, kas s\u00fcda v\u00f5i kopsud on \u00fclekoormatud v\u00f5i alatalitluses.<\/p>\n<\/div><div class=\"fusion-reading-box-container reading-box-container-1 fusion-no-large-visibility\" style=\"--awb-title-color:#472a2a;--awb-margin-top:0px;--awb-margin-bottom:84px;\"><div class=\"reading-box reading-box-center\" style=\"background-color:#f6f6f6;border-width:1px;border-color:#f6f6f6;border-left-width:3px;border-left-color:var(--primary_color);border-style:solid;\"><h2>Soovin teha diagnostikat<\/h2><a class=\"button fusion-button button-default fusion-button-xlarge button-xlarge button-flat fusion-mobile-button continue-center\" style=\"-webkit-box-shadow:none;-moz-box-shadow:none;box-shadow:none;border-radius:10px 10px 10px 10px\" href=\"https:\/\/biospa.ee\/vanaveeb2026\/biokliinik\/kontakt-2\/\" target=\"_blank\" rel=\"noopener noreferrer\"><span>\u260e 53 47 15 32<\/span><\/a><\/div><\/div><div class=\"fusion-text fusion-text-2\" style=\"--awb-text-transform:none;\"><p>Bioresonantsdiagnostika annab aimu kogu organismi toimimisest. Programm l\u00e4bib k\u00f5ik kehas\u00fcsteemid. Inimene saab selge ettekujutuse, kuidas toimivad tema vereringes\u00fcsteem, kopsus\u00fcsteem, seedes\u00fcsteem, hormonaals\u00fcsteem, luu-lihas- ja sidekoes\u00fcsteem, kuse- ja reproduktiivs\u00fcsteem, l\u00fcmfis\u00fcsteem, ajus\u00fcsteem ja endokriins\u00fcsteem. Lisaks n\u00e4itab see selgrool\u00fclide seisukorda \u2013 kas ketaste vahel on ladestusi v\u00f5i k\u00f5hrekahjustusi.<\/p>\n<p>\u00abBioresonantsdiagnostika annab andmeid inimese probleemi kohta, mis vajab edasisi lahendusi. Minu kui arsti jaoks on v\u00e4ga oluline, et saaksin seda meetodit kasutades hinnata patsiendi n\u00f5rku kohti. Siis saan v\u00f5rrelda arvutiprogrammi tulemusi inimlike probleemide ja kaebustega.&#8221; Dr Natalia Trofimova, kogemusega integratiivse meditsiini arst.<\/p>\n<\/div><div class=\"fusion-clearfix\"><\/div><\/div><\/div><div class=\"fusion-layout-column fusion_builder_column fusion-builder-column-1 fusion_builder_column_1_3 1_3 fusion-one-third fusion-column-last\" style=\"--awb-bg-size:cover;width:33.3333333333%;width:calc(33.3333333333% - ( ( 4% ) * 0.333333333333 ) );\"><div class=\"fusion-column-wrapper fusion-column-has-shadow fusion-flex-column-wrapper-legacy\"><div class=\"fusion-text fusion-text-3\" style=\"--awb-text-transform:none;\"><p>Kui p\u00f5hjus on teadmata<\/p>\n<p>Uskumatu, kuidas arvutip\u00f5hised terviseuuringud \u2013 bioresonantsdiagnostika \u2013 aitavad tuvastada haiguste p\u00f5hjuseid ka siis, kui traditsiooniline meditsiin enam vastuseid ei leia!<\/p>\n<\/div><div class=\"fusion-reading-box-container reading-box-container-2\" style=\"--awb-title-color:#472a2a;--awb-margin-top:0px;--awb-margin-bottom:84px;\"><div class=\"reading-box reading-box-center\" style=\"background-color:#f6f6f6;border-width:1px;border-color:#f6f6f6;border-left-width:3px;border-left-color:var(--primary_color);border-style:solid;\"><h2>TULEN VASTUV\u00d5TULE<\/h2><div class=\"reading-box-description fusion-reading-box-additional\">Bioresonantsdiagnostika koos doktor Natalia Trofimovaga 80.-<\/div><div class=\"fusion-clearfix\"><\/div><a class=\"button fusion-button button-default fusion-button-xlarge button-xlarge button-flat fusion-mobile-button continue-center\" style=\"-webkit-box-shadow:none;-moz-box-shadow:none;box-shadow:none;border-radius:10px 10px 10px 10px\" href=\"https:\/\/biospa.ee\/vanaveeb2026\/biokliinik\/kontakt-2\/\" target=\"_blank\" rel=\"noopener noreferrer\"><span>\u260e 53 47 15 32<\/span><\/a><\/div><\/div><div class=\"fusion-clearfix\"><\/div><\/div><\/div><\/div><\/div>\n","protected":false},"excerpt":{"rendered":"","protected":false},"author":1,"featured_media":0,"parent":8177,"menu_order":70,"comment_status":"closed","ping_status":"closed","template":"","meta":{"footnotes":""},"class_list":["post-8737","page","type-page","status-publish","hentry"],"yoast_head":"<!-- This site is optimized with the Yoast SEO plugin v27.3 - https:\/\/yoast.com\/product\/yoast-seo-wordpress\/ -->\n<title>Bioresonantsdiagnostika - Loodus BioSpa<\/title>\n<meta name=\"robots\" content=\"index, follow, max-snippet:-1, max-image-preview:large, max-video-preview:-1\" \/>\n<link rel=\"canonical\" href=\"https:\/\/biospa.ee\/vanaveeb2026\/biokliinik\/raviteenused-biokliinikus\/bioresonantsdiagnostika\/\" \/>\n<meta property=\"og:locale\" content=\"et_EE\" \/>\n<meta property=\"og:type\" content=\"article\" \/>\n<meta property=\"og:title\" content=\"Bioresonantsdiagnostika - Loodus BioSpa\" \/>\n<meta property=\"og:url\" content=\"https:\/\/biospa.ee\/vanaveeb2026\/biokliinik\/raviteenused-biokliinikus\/bioresonantsdiagnostika\/\" \/>\n<meta property=\"og:site_name\" content=\"Loodus BioSpa\" \/>\n<meta property=\"article:publisher\" content=\"https:\/\/www.facebook.com\/LoodusBioSpa\/\" \/>\n<meta property=\"article:modified_time\" content=\"2025-07-01T05:59:44+00:00\" \/>\n<meta name=\"twitter:card\" content=\"summary_large_image\" \/>\n<meta name=\"twitter:label1\" content=\"Est. reading time\" \/>\n\t<meta name=\"twitter:data1\" content=\"8 minutit\" \/>\n<script type=\"application\/ld+json\" class=\"yoast-schema-graph\">{\"@context\":\"https:\\\/\\\/schema.org\",\"@graph\":[{\"@type\":\"WebPage\",\"@id\":\"https:\\\/\\\/biospa.ee\\\/vanaveeb2026\\\/biokliinik\\\/raviteenused-biokliinikus\\\/bioresonantsdiagnostika\\\/\",\"url\":\"https:\\\/\\\/biospa.ee\\\/vanaveeb2026\\\/biokliinik\\\/raviteenused-biokliinikus\\\/bioresonantsdiagnostika\\\/\",\"name\":\"Bioresonantsdiagnostika - Loodus BioSpa\",\"isPartOf\":{\"@id\":\"https:\\\/\\\/biospa.ee\\\/vanaveeb2026\\\/?lang=ru\\\/#website\"},\"datePublished\":\"2020-07-17T06:54:32+00:00\",\"dateModified\":\"2025-07-01T05:59:44+00:00\",\"breadcrumb\":{\"@id\":\"https:\\\/\\\/biospa.ee\\\/vanaveeb2026\\\/biokliinik\\\/raviteenused-biokliinikus\\\/bioresonantsdiagnostika\\\/#breadcrumb\"},\"inLanguage\":\"et\",\"potentialAction\":[{\"@type\":\"ReadAction\",\"target\":[\"https:\\\/\\\/biospa.ee\\\/vanaveeb2026\\\/biokliinik\\\/raviteenused-biokliinikus\\\/bioresonantsdiagnostika\\\/\"]}]},{\"@type\":\"BreadcrumbList\",\"@id\":\"https:\\\/\\\/biospa.ee\\\/vanaveeb2026\\\/biokliinik\\\/raviteenused-biokliinikus\\\/bioresonantsdiagnostika\\\/#breadcrumb\",\"itemListElement\":[{\"@type\":\"ListItem\",\"position\":1,\"name\":\"Home\",\"item\":\"https:\\\/\\\/biospa.ee\\\/vanaveeb2026\\\/\"},{\"@type\":\"ListItem\",\"position\":2,\"name\":\"Biokliinik\",\"item\":\"https:\\\/\\\/biospa.ee\\\/vanaveeb2026\\\/biokliinik\\\/\"},{\"@type\":\"ListItem\",\"position\":3,\"name\":\"Teenused Biokliinikus\",\"item\":\"https:\\\/\\\/biospa.ee\\\/vanaveeb2026\\\/biokliinik\\\/raviteenused-biokliinikus\\\/\"},{\"@type\":\"ListItem\",\"position\":4,\"name\":\"Bioresonantsdiagnostika\"}]},{\"@type\":\"WebSite\",\"@id\":\"https:\\\/\\\/biospa.ee\\\/vanaveeb2026\\\/?lang=ru\\\/#website\",\"url\":\"https:\\\/\\\/biospa.ee\\\/vanaveeb2026\\\/?lang=ru\\\/\",\"name\":\"Loodus BioSpa\",\"description\":\"Loodus BioSpa\",\"publisher\":{\"@id\":\"https:\\\/\\\/biospa.ee\\\/vanaveeb2026\\\/?lang=ru\\\/#organization\"},\"potentialAction\":[{\"@type\":\"SearchAction\",\"target\":{\"@type\":\"EntryPoint\",\"urlTemplate\":\"https:\\\/\\\/biospa.ee\\\/vanaveeb2026\\\/?lang=ru\\\/?s={search_term_string}\"},\"query-input\":{\"@type\":\"PropertyValueSpecification\",\"valueRequired\":true,\"valueName\":\"search_term_string\"}}],\"inLanguage\":\"et\"},{\"@type\":\"Organization\",\"@id\":\"https:\\\/\\\/biospa.ee\\\/vanaveeb2026\\\/?lang=ru\\\/#organization\",\"name\":\"Tesmasan O\u00dc\",\"url\":\"https:\\\/\\\/biospa.ee\\\/vanaveeb2026\\\/?lang=ru\\\/\",\"logo\":{\"@type\":\"ImageObject\",\"inLanguage\":\"et\",\"@id\":\"https:\\\/\\\/biospa.ee\\\/vanaveeb2026\\\/?lang=ru\\\/#\\\/schema\\\/logo\\\/image\\\/\",\"url\":\"https:\\\/\\\/biospa.ee\\\/vanaveeb2026\\\/vanaveeb2026\\\/wp-content\\\/uploads\\\/2023\\\/06\\\/BioSpa-loggo-est1-0-143.png\",\"contentUrl\":\"https:\\\/\\\/biospa.ee\\\/vanaveeb2026\\\/vanaveeb2026\\\/wp-content\\\/uploads\\\/2023\\\/06\\\/BioSpa-loggo-est1-0-143.png\",\"width\":143,\"height\":59,\"caption\":\"Tesmasan O\u00dc\"},\"image\":{\"@id\":\"https:\\\/\\\/biospa.ee\\\/vanaveeb2026\\\/?lang=ru\\\/#\\\/schema\\\/logo\\\/image\\\/\"},\"sameAs\":[\"https:\\\/\\\/www.facebook.com\\\/LoodusBioSpa\\\/\",\"https:\\\/\\\/www.instagram.com\\\/loodusbiospa\\\/\"]}]}<\/script>\n<!-- \/ Yoast SEO plugin. -->","yoast_head_json":{"title":"Bioresonantsdiagnostika - Loodus BioSpa","robots":{"index":"index","follow":"follow","max-snippet":"max-snippet:-1","max-image-preview":"max-image-preview:large","max-video-preview":"max-video-preview:-1"},"canonical":"https:\/\/biospa.ee\/vanaveeb2026\/biokliinik\/raviteenused-biokliinikus\/bioresonantsdiagnostika\/","og_locale":"et_EE","og_type":"article","og_title":"Bioresonantsdiagnostika - Loodus BioSpa","og_url":"https:\/\/biospa.ee\/vanaveeb2026\/biokliinik\/raviteenused-biokliinikus\/bioresonantsdiagnostika\/","og_site_name":"Loodus BioSpa","article_publisher":"https:\/\/www.facebook.com\/LoodusBioSpa\/","article_modified_time":"2025-07-01T05:59:44+00:00","twitter_card":"summary_large_image","twitter_misc":{"Est. reading time":"8 minutit"},"schema":{"@context":"https:\/\/schema.org","@graph":[{"@type":"WebPage","@id":"https:\/\/biospa.ee\/vanaveeb2026\/biokliinik\/raviteenused-biokliinikus\/bioresonantsdiagnostika\/","url":"https:\/\/biospa.ee\/vanaveeb2026\/biokliinik\/raviteenused-biokliinikus\/bioresonantsdiagnostika\/","name":"Bioresonantsdiagnostika - Loodus BioSpa","isPartOf":{"@id":"https:\/\/biospa.ee\/vanaveeb2026\/?lang=ru\/#website"},"datePublished":"2020-07-17T06:54:32+00:00","dateModified":"2025-07-01T05:59:44+00:00","breadcrumb":{"@id":"https:\/\/biospa.ee\/vanaveeb2026\/biokliinik\/raviteenused-biokliinikus\/bioresonantsdiagnostika\/#breadcrumb"},"inLanguage":"et","potentialAction":[{"@type":"ReadAction","target":["https:\/\/biospa.ee\/vanaveeb2026\/biokliinik\/raviteenused-biokliinikus\/bioresonantsdiagnostika\/"]}]},{"@type":"BreadcrumbList","@id":"https:\/\/biospa.ee\/vanaveeb2026\/biokliinik\/raviteenused-biokliinikus\/bioresonantsdiagnostika\/#breadcrumb","itemListElement":[{"@type":"ListItem","position":1,"name":"Home","item":"https:\/\/biospa.ee\/vanaveeb2026\/"},{"@type":"ListItem","position":2,"name":"Biokliinik","item":"https:\/\/biospa.ee\/vanaveeb2026\/biokliinik\/"},{"@type":"ListItem","position":3,"name":"Teenused Biokliinikus","item":"https:\/\/biospa.ee\/vanaveeb2026\/biokliinik\/raviteenused-biokliinikus\/"},{"@type":"ListItem","position":4,"name":"Bioresonantsdiagnostika"}]},{"@type":"WebSite","@id":"https:\/\/biospa.ee\/vanaveeb2026\/?lang=ru\/#website","url":"https:\/\/biospa.ee\/vanaveeb2026\/?lang=ru\/","name":"Loodus BioSpa","description":"Loodus BioSpa","publisher":{"@id":"https:\/\/biospa.ee\/vanaveeb2026\/?lang=ru\/#organization"},"potentialAction":[{"@type":"SearchAction","target":{"@type":"EntryPoint","urlTemplate":"https:\/\/biospa.ee\/vanaveeb2026\/?lang=ru\/?s={search_term_string}"},"query-input":{"@type":"PropertyValueSpecification","valueRequired":true,"valueName":"search_term_string"}}],"inLanguage":"et"},{"@type":"Organization","@id":"https:\/\/biospa.ee\/vanaveeb2026\/?lang=ru\/#organization","name":"Tesmasan O\u00dc","url":"https:\/\/biospa.ee\/vanaveeb2026\/?lang=ru\/","logo":{"@type":"ImageObject","inLanguage":"et","@id":"https:\/\/biospa.ee\/vanaveeb2026\/?lang=ru\/#\/schema\/logo\/image\/","url":"https:\/\/biospa.ee\/vanaveeb2026\/vanaveeb2026\/wp-content\/uploads\/2023\/06\/BioSpa-loggo-est1-0-143.png","contentUrl":"https:\/\/biospa.ee\/vanaveeb2026\/vanaveeb2026\/wp-content\/uploads\/2023\/06\/BioSpa-loggo-est1-0-143.png","width":143,"height":59,"caption":"Tesmasan O\u00dc"},"image":{"@id":"https:\/\/biospa.ee\/vanaveeb2026\/?lang=ru\/#\/schema\/logo\/image\/"},"sameAs":["https:\/\/www.facebook.com\/LoodusBioSpa\/","https:\/\/www.instagram.com\/loodusbiospa\/"]}]}},"_links":{"self":[{"href":"https:\/\/biospa.ee\/vanaveeb2026\/wp-json\/wp\/v2\/pages\/8737","targetHints":{"allow":["GET"]}}],"collection":[{"href":"https:\/\/biospa.ee\/vanaveeb2026\/wp-json\/wp\/v2\/pages"}],"about":[{"href":"https:\/\/biospa.ee\/vanaveeb2026\/wp-json\/wp\/v2\/types\/page"}],"author":[{"embeddable":true,"href":"https:\/\/biospa.ee\/vanaveeb2026\/wp-json\/wp\/v2\/users\/1"}],"replies":[{"embeddable":true,"href":"https:\/\/biospa.ee\/vanaveeb2026\/wp-json\/wp\/v2\/comments?post=8737"}],"version-history":[{"count":3,"href":"https:\/\/biospa.ee\/vanaveeb2026\/wp-json\/wp\/v2\/pages\/8737\/revisions"}],"predecessor-version":[{"id":93876,"href":"https:\/\/biospa.ee\/vanaveeb2026\/wp-json\/wp\/v2\/pages\/8737\/revisions\/93876"}],"up":[{"embeddable":true,"href":"https:\/\/biospa.ee\/vanaveeb2026\/wp-json\/wp\/v2\/pages\/8177"}],"wp:attachment":[{"href":"https:\/\/biospa.ee\/vanaveeb2026\/wp-json\/wp\/v2\/media?parent=8737"}],"curies":[{"name":"wp","href":"https:\/\/api.w.org\/{rel}","templated":true}]}}