{"id":8799,"date":"2020-07-23T16:28:15","date_gmt":"2020-07-23T13:28:15","guid":{"rendered":"https:\/\/biospa.ee\/vanaveeb2026\/?page_id=8799"},"modified":"2025-02-04T15:56:40","modified_gmt":"2025-02-04T13:56:40","slug":"toidutalumatus","status":"publish","type":"page","link":"https:\/\/biospa.ee\/vanaveeb2026\/toidutalumatus\/","title":{"rendered":"Toidutalumatuse test ja konsultatsioon &#8211; Biokliinik"},"content":{"rendered":"<div class=\"fusion-fullwidth fullwidth-box fusion-builder-row-1 nonhundred-percent-fullwidth non-hundred-percent-height-scrolling\" style=\"--awb-border-radius-top-left:0px;--awb-border-radius-top-right:0px;--awb-border-radius-bottom-right:0px;--awb-border-radius-bottom-left:0px;--awb-flex-wrap:wrap;\" ><div class=\"fusion-builder-row fusion-row\"><div class=\"fusion-layout-column fusion_builder_column fusion-builder-column-0 fusion_builder_column_2_3 2_3 fusion-two-third fusion-column-first\" style=\"--awb-bg-size:cover;width:66.6666666667%;width:calc(66.6666666667% - ( ( 4% ) * 0.666666666667 ) );margin-right: 4%;\"><div class=\"fusion-column-wrapper fusion-column-has-shadow fusion-flex-column-wrapper-legacy\"><div class=\"fusion-image-element in-legacy-container\" style=\"--awb-caption-title-font-family:var(--h2_typography-font-family);--awb-caption-title-font-weight:var(--h2_typography-font-weight);--awb-caption-title-font-style:var(--h2_typography-font-style);--awb-caption-title-size:var(--h2_typography-font-size);--awb-caption-title-transform:var(--h2_typography-text-transform);--awb-caption-title-line-height:var(--h2_typography-line-height);--awb-caption-title-letter-spacing:var(--h2_typography-letter-spacing);\"><span class=\" fusion-imageframe imageframe-dropshadow imageframe-1 hover-type-none\" style=\"-webkit-box-shadow: 3px 3px 7px rgba(0,0,0,0.3);box-shadow: 3px 3px 7px rgba(0,0,0,0.3);\"><img decoding=\"async\" width=\"800\" height=\"500\" alt=\"Toidutalumatuse test koos individuaalse arsti konsultatsiooniga.\" title=\"Toidutalumatuse-test\" src=\"https:\/\/biospa.ee\/vanaveeb2026\/wp-content\/uploads\/2020\/07\/Toidutalumatuse-test.jpg\" class=\"img-responsive wp-image-8758\" srcset=\"https:\/\/biospa.ee\/vanaveeb2026\/wp-content\/uploads\/2020\/07\/Toidutalumatuse-test-200x125.jpg 200w, https:\/\/biospa.ee\/vanaveeb2026\/wp-content\/uploads\/2020\/07\/Toidutalumatuse-test-400x250.jpg 400w, https:\/\/biospa.ee\/vanaveeb2026\/wp-content\/uploads\/2020\/07\/Toidutalumatuse-test-600x375.jpg 600w, https:\/\/biospa.ee\/vanaveeb2026\/wp-content\/uploads\/2020\/07\/Toidutalumatuse-test.jpg 800w\" sizes=\"(max-width: 800px) 100vw, 800px\" \/><\/span><\/div><div class=\"fusion-sep-clear\"><\/div><div class=\"fusion-separator fusion-full-width-sep\" style=\"margin-left: auto;margin-right: auto;margin-top:30px;width:100%;\"><\/div><div class=\"fusion-sep-clear\"><\/div><div class=\"fusion-text fusion-text-1\" style=\"--awb-text-transform:none;\"><p><strong>Toidutalumatuse test on soovitatav teha neil, kes soovivad langetada kaalu, tugevdada immuuns\u00fcsteemi, taastada nahka, parandada juuste ja k\u00fc\u00fcnte tugevust; kes valmistuvad lapse saamiseks, imetavad; kes kannatavad rasvumise v\u00f5i muude krooniliste haiguste all. Toidutalumatatuse test annab vastuse, milliseid toiduaineid peaks inimene oma men\u00fc\u00fcs v\u00e4ltima v\u00f5i asendama. Toidutalumatuse testi vahendab Tartus Biokliinik ja Loodus BioSpa ning sellele j\u00e4rgneb dr Natalia Trofimova individuaalne konsultatsioon . Vereandmine toimub Synlab Eesti O\u00dc verev\u00f5tukohtades.<\/strong><\/p>\n<p>Paljudel juhtudel v\u00f5ib toidutalumatus viia krooniliste s\u00fcmptomiteni, mille ravi on tavap\u00e4raste meetoditega keeruline. Toidutalumatuse test n\u00e4itab selgelt, millised toiduained panevad Teie immuunsuss\u00fcsteemi negatiivselt reageerima ja v\u00f5ivad seet\u00f5ttu kahjustada Teie keha ning tekitada erinevaid probleeme, n\u00e4iteks:<\/p>\n<ul style=\"list-style-type: circle;\">\n<li>kaalu p\u00fcsivus vaatamata dieedile<\/li>\n<li>k\u00f5huvalu, puhitus<\/li>\n<li>s\u00fcgelus, l\u00f6\u00f6ve<\/li>\n<li>probleemid nahaga- akne, allergiad<\/li>\n<li>k\u00f5hukinnisus, k\u00f5hulahtisus<\/li>\n<li>liigesevalud, tursed<\/li>\n<li>tihe k\u00fclmetus,\u00a0n\u00f5rk immuunsus<\/li>\n<li>v\u00e4simus, halb uni<\/li>\n<\/ul>\n<h2><strong>Milliseid probleeme aitab v\u00e4ltida toidutalumatuse test?<\/strong><\/h2>\n<p>Toidutalumatuse test annab vastuse, milliseid toiduaineid peaks inimene oma men\u00fc\u00fcs v\u00e4ltima v\u00f5i asendama. S\u00f6\u00f6misharjumuse muutmine, kasutades toidutalumatuse testi tulemusi, on aidanud paljusid nahaprobleemide, seedeprobleemide, rahutuse, unetuse ja liigesevalu korral. Toitudes toidutalumatuse testi vastuste j\u00e4rgi paraneb paljudel inimestel unekvaliteet ning tervis.\u00a0 Toidutalumatuse testi vahendab Tartus Biokliinik ja Loodus BioSpa ning sellele j\u00e4rgneb dr Natalia Trofimova konsultatsioon.<\/p>\n<h2>Millal on toidutalumatuse test v\u00e4ltimatu?<\/h2>\n<p>Nii nagu erinevate inimeste n\u00e4puj\u00e4ljed on unikaalsed, on erinev ka neile sobiv toitumisstiil ja men\u00fc\u00fc. Nimetatud individuaalsusest l\u00e4htuvalt on loodud 176 erinevat toiduainet arvestav (IgG antikehadel p\u00f5hinev) toidutalumatuse paneel. Paneel m\u00e4\u00e4rab taluvust (talumatust) konkreetsetele toiduainetele ja aitab v\u00e4lja selgitada inimesele sobiva toidusedeli.<\/p>\n<p>Paljudel juhtudel v\u00f5ib toidutalumatus viia krooniliste s\u00fcmptomiteni, mille ravi on tavap\u00e4raste meetoditega keeruline. Selle ennetamiseks sobib FIT (Food Intolerance Test) test, mis s\u00f5ltuvalt erinevate IgG antikehade tasemetest veres, annab vastuse, milliseid toiduaineid peaks patsient oma men\u00fc\u00fcs v\u00e4ltima v\u00f5i n\u00e4iteks asendama.<\/p>\n<p><strong>Soovitatav teha toidutalumatuse test IgG neile, kes soovivad langetada kaalu, tugevdada immuuns\u00fcsteemi, taastada nahka, parandada juuste ja k\u00fc\u00fcnte tugevust, kes valmistuvad lapse saamiseks, kes kannatavad rasvumise v\u00f5i muude krooniliste haiguste all.<\/strong><\/p>\n<h2 class=\"yikes-custom-woo-tab-title yikes-custom-woo-tab-title-kuidas-toimub-toidutalumatuse-testi-protseduur fusion-responsive-typography-calculated\" data-fontsize=\"22.5\" data-lineheight=\"27px\">Kuidas toimub toidutalumatuse testi protseduur?<\/h2>\n<ol>\n<li>K\u00f5ige lihtsam on test soetada <a href=\"https:\/\/biospa.ee\/vanaveeb2026\/toode\/toidutalumatuse-test-arsti-konsultatsiooniga\/\">Loodus Biospa e-poest<\/a><\/li>\n<li>Palume t\u00e4ita k\u00f5ik l\u00fcngad vajaliku infoga, kui testi ostma hakkate \u2013 <strong>isikukood<\/strong> ja kodune aadress ka kindlasti<\/li>\n<li>Peale ostu sooritamist, j\u00f5uab info Biokliinikusse. Biokliinik saadab testi tegija meilile saatekiri, mis tuleb v\u00e4lja printida. Kui v\u00e4lja printimise v\u00f5imalus puudub, tuleb sellest Biokliinikusse teada anda ja saatekiri saadetakse otse laborisse<\/li>\n<li>Saatekirjaga tuleb minna hommikul s\u00f6\u00f6mata-joomata testi tegijale k\u00f5ige sobivamasse SynLab laborisse vereanal\u00fc\u00fcsi andma (<a href=\"https:\/\/minu.synlab.ee\/proovide-andmine\/verevotukohad\">verev\u00f5tukohad<\/a>)<\/li>\n<li>Vereanal\u00fc\u00fcs saadetakse Saksamaa laborisse, kus toimub ka tulemuste anal\u00fc\u00fcs ja kokkupanek.<\/li>\n<li>Peale vereanal\u00fc\u00fcsi andmist l\u00e4heb testi tulemuste saabumiseni aega umbes kaks kuni kolm\u00a0 n\u00e4dalat. Vastus saadetakse Biokliinikusse. Biokliinikust helistatakse testi tegijale v\u00f5i saadetakse meil, et vastus on olemas ja lepitakse kokku konsultatsiooni aeg (saab nii kohapeale tulla kui zoomi teel).<\/li>\n<li>Konsultatsioonil, mis kuulub testi juurde, r\u00e4\u00e4gitakse lahti, kuidas testi j\u00e4rgi toituda, mida asendada jne. Lisaks testi konsultatsioonile soovitame tulla arsti n\u00f5ustamisele, kus doktor Natalia Trofimova kasutab integratiivse meditsiini v\u00f5tteid, n\u00e4iteks Bioresonantsdiagnostikat ning on suurem v\u00f5imalus testi tulemusi paremini testi l\u00e4binule selgitada, st luua paremini seoseid ja testi tulemusest aru saada. N\u00f5ustamine koos diagnostikaga toimub Biokliinikus, Raatuse 86, Tartu. N\u00f5ustamine on lisatasu eest (70EUR).<\/li>\n<li>Toidutalumatuse testi tulemuse saab testi tegija k\u00e4tte nii meili teel kui ka paberkandjal.<\/li>\n<li>Toidutalumatuse testi tulemust digilukku ei panda.<\/li>\n<li>Kui on eelistusi testi vastuse keele osas, palume sellest eelnevalt teada. Vaikides on testi vastus eesti keelne, aga on v\u00f5imalik valida ka vene ja inglise keelne\u00a0 variant.<\/li>\n<\/ol>\n<h2>Miks tekib toidutalumatus ja vajadus teha toidutalumatuse test?<\/h2>\n<p>On palju erinevaid p\u00f5hjusi miks inimene kannatab toidutalumatuse k\u00e4es. M\u00f5ned neist ei ole siiani\u00a0uuritud t\u00e4ielikult v\u00f5i on arutamisel.<\/p>\n<p>Kuid m\u00f5ned tegurid on juba kindlad:<\/p>\n<ul>\n<li>geneetiline eelsoodumus toidutalumatusele;<\/li>\n<li>toidutalumatus lastel v\u00f5ib olla p\u00f5hjustatud kunstliku toitmisega v\u00f5i varajase v\u00f5\u00f5rutamisega\u00a0rinnapiimast;<\/li>\n<li>ebasoodsad toitumisharjumused, mis kahjustavad seedetrakti;<\/li>\n<li>soolestiku funktsionaalsed h\u00e4ired;<\/li>\n<li>toiduainete t\u00f6\u00f6stuslik t\u00f6\u00f6tlemine, arvukad toidu lisaained (toiduv\u00e4rvid, s\u00e4ilitusained, l\u00f5hna-\u00a0ja maitseained) ja muud;<\/li>\n<li>varem p\u00f5etud seedetrakti bakteriaalsed, viirus\u00ad ja seenhaigused;<\/li>\n<li>ebasoodsad keskkonnatingimused;<\/li>\n<li>tasakaalustamata toitumine.<\/li>\n<\/ul>\n<h2>Kuidas tunda \u00e4ra toidutalumatuse testi vajadus?<\/h2>\n<p>Kliiniliselt toidu talumatus ilmneb ebamugavustundega seedetraktis ja k\u00f5hupuhitusega. Tihti samal\u00a0ajal tekkib ka k\u00f5huvalu p\u00e4rast s\u00f6\u00f6ki, mida organism ei talu. Erip\u00e4raks on korduvad s\u00fcmptomid,\u00a0mis tekivad peale \u00fche v\u00f5i teise toiduaine v\u00f5i nende kombinatsiooni tarbimist.<\/p>\n<p>Paljudel juhtudel kaasnevad sellega t\u00f6\u00f6v\u00f5ime langemine ja elukvaliteedi halvenemine, kroonilised\u00a0v\u00f5i sagedad \u00e4gedad nakkushaigused. V\u00f5imalik, kuid mitte kindel, s\u00fcmptom on \u00fclekaal, mis on\u00a0tingitud immuunkomplekside ladestumisest rasvkoes ja selle turses.<\/p>\n<p>Suur osa inimesi ei talu maasikaid, p\u00e4hkleid, tsitruselisi, seeni, mereande, sojat, muna, kohvi, maisi\u00a0ja palju muud. Igal 4\u00ads inimene ei talu piima, iga 25\u00ads ei talu rukist, nisu, otra ja neist valmistatud\u00a0tooteid.<\/p>\n<\/div><div class=\"fusion-clearfix\"><\/div><\/div><\/div><div class=\"fusion-layout-column fusion_builder_column fusion-builder-column-1 fusion_builder_column_1_3 1_3 fusion-one-third fusion-column-last\" style=\"--awb-bg-size:cover;width:33.3333333333%;width:calc(33.3333333333% - ( ( 4% ) * 0.333333333333 ) );\"><div class=\"fusion-column-wrapper fusion-column-has-shadow fusion-flex-column-wrapper-legacy\"><div class=\"fusion-text fusion-text-2\" style=\"--awb-text-transform:none;\"><h3>Toidutalumatus \u00fcllatab?<\/h3>\n<p>Kas teadsite, et akne, v\u00e4simus, puhitus, liigesevalud ja tihe k\u00fclmetus v\u00f5ivad tuleneda sellest, et organism osasid toiduaineid lihtsalt ei omasta? V\u00f5i seda, et vaatamata dieedile kaal sugugi ei lange, kui inimene kasutab toiduaineid, mida ta ei suuda seedida.<\/p>\n<p>K\u00f5ige lihtsam viis nende probleemide lahendamisel on v\u00e4lja selgitada, milliseid toiduaineid teil isiklikult tasub v\u00e4ltida.<\/p>\n<p>Nii nagu erinevate inimeste n\u00e4puj\u00e4ljed on unikaalsed, on erinev ka neile sobiv toitumisstiil ja men\u00fc\u00fc. Nimetatud individuaalsusest l\u00e4htuvalt on loodud 176 erinevat toiduainet arvestav (IgG antikehadel p\u00f5hinev) toidutalumatuse paneel. Paneel m\u00e4\u00e4rab taluvust (talumatust) konkreetsetele toiduainetele ja aitab v\u00e4lja selgitada inimesele sobiva toidusedeli.<\/p>\n<\/div><div class=\"fusion-reading-box-container reading-box-container-1\" style=\"--awb-title-color:#472a2a;--awb-margin-top:0px;--awb-margin-bottom:84px;\"><div class=\"reading-box reading-box-center\" style=\"background-color:#f6f6f6;border-width:1px;border-color:#f6f6f6;border-left-width:3px;border-left-color:var(--primary_color);border-style:solid;\"><h2>TELLI KOHE<\/h2><div class=\"reading-box-description fusion-reading-box-additional\">Toidutalumatuse test ja n\u00f5ustamine 240.-<\/div><div class=\"fusion-clearfix\"><\/div><a class=\"button fusion-button button-default fusion-button-xlarge button-xlarge button-flat fusion-mobile-button continue-center\" style=\"-webkit-box-shadow:none;-moz-box-shadow:none;box-shadow:none;border-radius:10px 10px 10px 10px\" href=\"https:\/\/biospa.ee\/vanaveeb2026\/toode\/toidutalumatuse-test-arsti-konsultatsiooniga\/\" target=\"_blank\" rel=\"noopener noreferrer\"><span>E-POODI<\/span><\/a><\/div><\/div><div class=\"fusion-clearfix\"><\/div><\/div><\/div><\/div><\/div>\n","protected":false},"excerpt":{"rendered":"","protected":false},"author":4,"featured_media":8758,"parent":0,"menu_order":68,"comment_status":"closed","ping_status":"closed","template":"","meta":{"footnotes":""},"class_list":["post-8799","page","type-page","status-publish","has-post-thumbnail","hentry"],"yoast_head":"<!-- This site is optimized with the Yoast SEO plugin v27.3 - https:\/\/yoast.com\/product\/yoast-seo-wordpress\/ -->\n<title>Toidutalumatuse test ja konsultatsioon - Biokliinik - Loodus BioSpa<\/title>\n<meta name=\"description\" content=\"Toidutalumatuse test, mille hinnas juba sisaldub individuaalne arsti (Dr. Natalia Trofimova) konsultatsioon tulemuste interpreteerimisega.\" \/>\n<meta name=\"robots\" content=\"index, follow, max-snippet:-1, max-image-preview:large, max-video-preview:-1\" \/>\n<link rel=\"canonical\" href=\"https:\/\/biospa.ee\/vanaveeb2026\/toidutalumatus\/\" \/>\n<meta property=\"og:locale\" content=\"et_EE\" \/>\n<meta property=\"og:type\" content=\"article\" \/>\n<meta property=\"og:title\" content=\"Toidutalumatuse test\" \/>\n<meta property=\"og:description\" content=\"Toidutalumatuse test, mille hinna sisse kuulub individuaalne arsti konsultatsioon tulemuste selgitamisega. Testitakse 176 toiduainet. Vastus paari n\u00e4dalaga.\" \/>\n<meta property=\"og:url\" content=\"https:\/\/biospa.ee\/vanaveeb2026\/toidutalumatus\/\" \/>\n<meta property=\"og:site_name\" content=\"Loodus BioSpa\" \/>\n<meta property=\"article:publisher\" content=\"https:\/\/www.facebook.com\/LoodusBioSpa\/\" \/>\n<meta property=\"article:modified_time\" content=\"2025-02-04T13:56:40+00:00\" \/>\n<meta property=\"og:image\" content=\"https:\/\/biospa.ee\/vanaveeb2026\/wp-content\/uploads\/2020\/07\/Toidutalumatuse-test.jpg\" \/>\n\t<meta property=\"og:image:width\" content=\"800\" \/>\n\t<meta property=\"og:image:height\" content=\"500\" \/>\n\t<meta property=\"og:image:type\" content=\"image\/jpeg\" \/>\n<meta name=\"twitter:card\" content=\"summary_large_image\" \/>\n<meta name=\"twitter:label1\" content=\"Est. reading time\" \/>\n\t<meta name=\"twitter:data1\" content=\"10 minutit\" \/>\n<script type=\"application\/ld+json\" class=\"yoast-schema-graph\">{\"@context\":\"https:\\\/\\\/schema.org\",\"@graph\":[{\"@type\":\"WebPage\",\"@id\":\"https:\\\/\\\/biospa.ee\\\/vanaveeb2026\\\/toidutalumatus\\\/\",\"url\":\"https:\\\/\\\/biospa.ee\\\/vanaveeb2026\\\/toidutalumatus\\\/\",\"name\":\"Toidutalumatuse test ja konsultatsioon - Biokliinik - Loodus BioSpa\",\"isPartOf\":{\"@id\":\"https:\\\/\\\/biospa.ee\\\/vanaveeb2026\\\/?lang=ru\\\/#website\"},\"primaryImageOfPage\":{\"@id\":\"https:\\\/\\\/biospa.ee\\\/vanaveeb2026\\\/toidutalumatus\\\/#primaryimage\"},\"image\":{\"@id\":\"https:\\\/\\\/biospa.ee\\\/vanaveeb2026\\\/toidutalumatus\\\/#primaryimage\"},\"thumbnailUrl\":\"https:\\\/\\\/biospa.ee\\\/vanaveeb2026\\\/wp-content\\\/uploads\\\/2020\\\/07\\\/Toidutalumatuse-test.jpg\",\"datePublished\":\"2020-07-23T13:28:15+00:00\",\"dateModified\":\"2025-02-04T13:56:40+00:00\",\"description\":\"Toidutalumatuse test, mille hinnas juba sisaldub individuaalne arsti (Dr. Natalia Trofimova) konsultatsioon tulemuste interpreteerimisega.\",\"breadcrumb\":{\"@id\":\"https:\\\/\\\/biospa.ee\\\/vanaveeb2026\\\/toidutalumatus\\\/#breadcrumb\"},\"inLanguage\":\"et\",\"potentialAction\":[{\"@type\":\"ReadAction\",\"target\":[\"https:\\\/\\\/biospa.ee\\\/vanaveeb2026\\\/toidutalumatus\\\/\"]}]},{\"@type\":\"ImageObject\",\"inLanguage\":\"et\",\"@id\":\"https:\\\/\\\/biospa.ee\\\/vanaveeb2026\\\/toidutalumatus\\\/#primaryimage\",\"url\":\"https:\\\/\\\/biospa.ee\\\/vanaveeb2026\\\/wp-content\\\/uploads\\\/2020\\\/07\\\/Toidutalumatuse-test.jpg\",\"contentUrl\":\"https:\\\/\\\/biospa.ee\\\/vanaveeb2026\\\/wp-content\\\/uploads\\\/2020\\\/07\\\/Toidutalumatuse-test.jpg\",\"width\":800,\"height\":500,\"caption\":\"Toidutalumatuse test koos individuaalse arsti konsultatsiooniga.\"},{\"@type\":\"BreadcrumbList\",\"@id\":\"https:\\\/\\\/biospa.ee\\\/vanaveeb2026\\\/toidutalumatus\\\/#breadcrumb\",\"itemListElement\":[{\"@type\":\"ListItem\",\"position\":1,\"name\":\"Home\",\"item\":\"https:\\\/\\\/biospa.ee\\\/vanaveeb2026\\\/\"},{\"@type\":\"ListItem\",\"position\":2,\"name\":\"Toidutalumatuse test ja konsultatsioon &#8211; Biokliinik\"}]},{\"@type\":\"WebSite\",\"@id\":\"https:\\\/\\\/biospa.ee\\\/vanaveeb2026\\\/?lang=ru\\\/#website\",\"url\":\"https:\\\/\\\/biospa.ee\\\/vanaveeb2026\\\/?lang=ru\\\/\",\"name\":\"Loodus BioSpa\",\"description\":\"Loodus BioSpa\",\"publisher\":{\"@id\":\"https:\\\/\\\/biospa.ee\\\/vanaveeb2026\\\/?lang=ru\\\/#organization\"},\"potentialAction\":[{\"@type\":\"SearchAction\",\"target\":{\"@type\":\"EntryPoint\",\"urlTemplate\":\"https:\\\/\\\/biospa.ee\\\/vanaveeb2026\\\/?lang=ru\\\/?s={search_term_string}\"},\"query-input\":{\"@type\":\"PropertyValueSpecification\",\"valueRequired\":true,\"valueName\":\"search_term_string\"}}],\"inLanguage\":\"et\"},{\"@type\":\"Organization\",\"@id\":\"https:\\\/\\\/biospa.ee\\\/vanaveeb2026\\\/?lang=ru\\\/#organization\",\"name\":\"Tesmasan O\u00dc\",\"url\":\"https:\\\/\\\/biospa.ee\\\/vanaveeb2026\\\/?lang=ru\\\/\",\"logo\":{\"@type\":\"ImageObject\",\"inLanguage\":\"et\",\"@id\":\"https:\\\/\\\/biospa.ee\\\/vanaveeb2026\\\/?lang=ru\\\/#\\\/schema\\\/logo\\\/image\\\/\",\"url\":\"https:\\\/\\\/biospa.ee\\\/vanaveeb2026\\\/vanaveeb2026\\\/wp-content\\\/uploads\\\/2023\\\/06\\\/BioSpa-loggo-est1-0-143.png\",\"contentUrl\":\"https:\\\/\\\/biospa.ee\\\/vanaveeb2026\\\/vanaveeb2026\\\/wp-content\\\/uploads\\\/2023\\\/06\\\/BioSpa-loggo-est1-0-143.png\",\"width\":143,\"height\":59,\"caption\":\"Tesmasan O\u00dc\"},\"image\":{\"@id\":\"https:\\\/\\\/biospa.ee\\\/vanaveeb2026\\\/?lang=ru\\\/#\\\/schema\\\/logo\\\/image\\\/\"},\"sameAs\":[\"https:\\\/\\\/www.facebook.com\\\/LoodusBioSpa\\\/\",\"https:\\\/\\\/www.instagram.com\\\/loodusbiospa\\\/\"]}]}<\/script>\n<!-- \/ Yoast SEO plugin. -->","yoast_head_json":{"title":"Toidutalumatuse test ja konsultatsioon - Biokliinik - Loodus BioSpa","description":"Toidutalumatuse test, mille hinnas juba sisaldub individuaalne arsti (Dr. Natalia Trofimova) konsultatsioon tulemuste interpreteerimisega.","robots":{"index":"index","follow":"follow","max-snippet":"max-snippet:-1","max-image-preview":"max-image-preview:large","max-video-preview":"max-video-preview:-1"},"canonical":"https:\/\/biospa.ee\/vanaveeb2026\/toidutalumatus\/","og_locale":"et_EE","og_type":"article","og_title":"Toidutalumatuse test","og_description":"Toidutalumatuse test, mille hinna sisse kuulub individuaalne arsti konsultatsioon tulemuste selgitamisega. Testitakse 176 toiduainet. Vastus paari n\u00e4dalaga.","og_url":"https:\/\/biospa.ee\/vanaveeb2026\/toidutalumatus\/","og_site_name":"Loodus BioSpa","article_publisher":"https:\/\/www.facebook.com\/LoodusBioSpa\/","article_modified_time":"2025-02-04T13:56:40+00:00","og_image":[{"width":800,"height":500,"url":"https:\/\/biospa.ee\/vanaveeb2026\/wp-content\/uploads\/2020\/07\/Toidutalumatuse-test.jpg","type":"image\/jpeg"}],"twitter_card":"summary_large_image","twitter_misc":{"Est. reading time":"10 minutit"},"schema":{"@context":"https:\/\/schema.org","@graph":[{"@type":"WebPage","@id":"https:\/\/biospa.ee\/vanaveeb2026\/toidutalumatus\/","url":"https:\/\/biospa.ee\/vanaveeb2026\/toidutalumatus\/","name":"Toidutalumatuse test ja konsultatsioon - Biokliinik - Loodus BioSpa","isPartOf":{"@id":"https:\/\/biospa.ee\/vanaveeb2026\/?lang=ru\/#website"},"primaryImageOfPage":{"@id":"https:\/\/biospa.ee\/vanaveeb2026\/toidutalumatus\/#primaryimage"},"image":{"@id":"https:\/\/biospa.ee\/vanaveeb2026\/toidutalumatus\/#primaryimage"},"thumbnailUrl":"https:\/\/biospa.ee\/vanaveeb2026\/wp-content\/uploads\/2020\/07\/Toidutalumatuse-test.jpg","datePublished":"2020-07-23T13:28:15+00:00","dateModified":"2025-02-04T13:56:40+00:00","description":"Toidutalumatuse test, mille hinnas juba sisaldub individuaalne arsti (Dr. Natalia Trofimova) konsultatsioon tulemuste interpreteerimisega.","breadcrumb":{"@id":"https:\/\/biospa.ee\/vanaveeb2026\/toidutalumatus\/#breadcrumb"},"inLanguage":"et","potentialAction":[{"@type":"ReadAction","target":["https:\/\/biospa.ee\/vanaveeb2026\/toidutalumatus\/"]}]},{"@type":"ImageObject","inLanguage":"et","@id":"https:\/\/biospa.ee\/vanaveeb2026\/toidutalumatus\/#primaryimage","url":"https:\/\/biospa.ee\/vanaveeb2026\/wp-content\/uploads\/2020\/07\/Toidutalumatuse-test.jpg","contentUrl":"https:\/\/biospa.ee\/vanaveeb2026\/wp-content\/uploads\/2020\/07\/Toidutalumatuse-test.jpg","width":800,"height":500,"caption":"Toidutalumatuse test koos individuaalse arsti konsultatsiooniga."},{"@type":"BreadcrumbList","@id":"https:\/\/biospa.ee\/vanaveeb2026\/toidutalumatus\/#breadcrumb","itemListElement":[{"@type":"ListItem","position":1,"name":"Home","item":"https:\/\/biospa.ee\/vanaveeb2026\/"},{"@type":"ListItem","position":2,"name":"Toidutalumatuse test ja konsultatsioon &#8211; Biokliinik"}]},{"@type":"WebSite","@id":"https:\/\/biospa.ee\/vanaveeb2026\/?lang=ru\/#website","url":"https:\/\/biospa.ee\/vanaveeb2026\/?lang=ru\/","name":"Loodus BioSpa","description":"Loodus BioSpa","publisher":{"@id":"https:\/\/biospa.ee\/vanaveeb2026\/?lang=ru\/#organization"},"potentialAction":[{"@type":"SearchAction","target":{"@type":"EntryPoint","urlTemplate":"https:\/\/biospa.ee\/vanaveeb2026\/?lang=ru\/?s={search_term_string}"},"query-input":{"@type":"PropertyValueSpecification","valueRequired":true,"valueName":"search_term_string"}}],"inLanguage":"et"},{"@type":"Organization","@id":"https:\/\/biospa.ee\/vanaveeb2026\/?lang=ru\/#organization","name":"Tesmasan O\u00dc","url":"https:\/\/biospa.ee\/vanaveeb2026\/?lang=ru\/","logo":{"@type":"ImageObject","inLanguage":"et","@id":"https:\/\/biospa.ee\/vanaveeb2026\/?lang=ru\/#\/schema\/logo\/image\/","url":"https:\/\/biospa.ee\/vanaveeb2026\/vanaveeb2026\/wp-content\/uploads\/2023\/06\/BioSpa-loggo-est1-0-143.png","contentUrl":"https:\/\/biospa.ee\/vanaveeb2026\/vanaveeb2026\/wp-content\/uploads\/2023\/06\/BioSpa-loggo-est1-0-143.png","width":143,"height":59,"caption":"Tesmasan O\u00dc"},"image":{"@id":"https:\/\/biospa.ee\/vanaveeb2026\/?lang=ru\/#\/schema\/logo\/image\/"},"sameAs":["https:\/\/www.facebook.com\/LoodusBioSpa\/","https:\/\/www.instagram.com\/loodusbiospa\/"]}]}},"_links":{"self":[{"href":"https:\/\/biospa.ee\/vanaveeb2026\/wp-json\/wp\/v2\/pages\/8799","targetHints":{"allow":["GET"]}}],"collection":[{"href":"https:\/\/biospa.ee\/vanaveeb2026\/wp-json\/wp\/v2\/pages"}],"about":[{"href":"https:\/\/biospa.ee\/vanaveeb2026\/wp-json\/wp\/v2\/types\/page"}],"author":[{"embeddable":true,"href":"https:\/\/biospa.ee\/vanaveeb2026\/wp-json\/wp\/v2\/users\/4"}],"replies":[{"embeddable":true,"href":"https:\/\/biospa.ee\/vanaveeb2026\/wp-json\/wp\/v2\/comments?post=8799"}],"version-history":[{"count":2,"href":"https:\/\/biospa.ee\/vanaveeb2026\/wp-json\/wp\/v2\/pages\/8799\/revisions"}],"predecessor-version":[{"id":34596,"href":"https:\/\/biospa.ee\/vanaveeb2026\/wp-json\/wp\/v2\/pages\/8799\/revisions\/34596"}],"wp:featuredmedia":[{"embeddable":true,"href":"https:\/\/biospa.ee\/vanaveeb2026\/wp-json\/wp\/v2\/media\/8758"}],"wp:attachment":[{"href":"https:\/\/biospa.ee\/vanaveeb2026\/wp-json\/wp\/v2\/media?parent=8799"}],"curies":[{"name":"wp","href":"https:\/\/api.w.org\/{rel}","templated":true}]}}