{"id":8991,"date":"2020-07-28T15:10:31","date_gmt":"2020-07-28T12:10:31","guid":{"rendered":"https:\/\/biospa.ee\/vanaveeb2026\/?page_id=8991"},"modified":"2022-10-21T14:55:31","modified_gmt":"2022-10-21T11:55:31","slug":"organismi-puhastuskuur","status":"publish","type":"page","link":"https:\/\/biospa.ee\/vanaveeb2026\/organismi-puhastuskuur\/","title":{"rendered":"Puhastuskuur DETOX KODUS"},"content":{"rendered":"<div class=\"fusion-fullwidth fullwidth-box fusion-builder-row-1 nonhundred-percent-fullwidth non-hundred-percent-height-scrolling\" style=\"--awb-border-radius-top-left:0px;--awb-border-radius-top-right:0px;--awb-border-radius-bottom-right:0px;--awb-border-radius-bottom-left:0px;--awb-flex-wrap:wrap;\" ><div class=\"fusion-builder-row fusion-row\"><div class=\"fusion-layout-column fusion_builder_column fusion-builder-column-0 fusion_builder_column_2_3 2_3 fusion-two-third fusion-column-first\" style=\"--awb-bg-size:cover;width:66.6666666667%;width:calc(66.6666666667% - ( ( 4% ) * 0.666666666667 ) );margin-right: 4%;\"><div class=\"fusion-column-wrapper fusion-column-has-shadow fusion-flex-column-wrapper-legacy\"><div class=\"fusion-image-element fusion-image-align-center in-legacy-container\" style=\"text-align:center;--awb-max-width:http:\/\/www.eurogentest.org\/index.php?id=319;--awb-caption-title-font-family:var(--h2_typography-font-family);--awb-caption-title-font-weight:var(--h2_typography-font-weight);--awb-caption-title-font-style:var(--h2_typography-font-style);--awb-caption-title-size:var(--h2_typography-font-size);--awb-caption-title-transform:var(--h2_typography-text-transform);--awb-caption-title-line-height:var(--h2_typography-line-height);--awb-caption-title-letter-spacing:var(--h2_typography-letter-spacing);\"><div class=\"imageframe-align-center\"><span class=\" fusion-imageframe imageframe-dropshadow imageframe-1 hover-type-none\" style=\"-webkit-box-shadow: 3px 3px 7px rgba(0,0,0,0.3);box-shadow: 3px 3px 7px rgba(0,0,0,0.3);\"><img decoding=\"async\" width=\"800\" height=\"500\" title=\"Puhastuskuur Detoks Detox KODUS\" src=\"https:\/\/biospa.ee\/vanaveeb2026\/wp-content\/uploads\/2021\/12\/Puhastuskuur-Detoks-Detox-KODUS.jpg\" alt class=\"img-responsive wp-image-17671\" srcset=\"https:\/\/biospa.ee\/vanaveeb2026\/wp-content\/uploads\/2021\/12\/Puhastuskuur-Detoks-Detox-KODUS-200x125.jpg 200w, https:\/\/biospa.ee\/vanaveeb2026\/wp-content\/uploads\/2021\/12\/Puhastuskuur-Detoks-Detox-KODUS-400x250.jpg 400w, https:\/\/biospa.ee\/vanaveeb2026\/wp-content\/uploads\/2021\/12\/Puhastuskuur-Detoks-Detox-KODUS-600x375.jpg 600w, https:\/\/biospa.ee\/vanaveeb2026\/wp-content\/uploads\/2021\/12\/Puhastuskuur-Detoks-Detox-KODUS.jpg 800w\" sizes=\"(max-width: 800px) 100vw, 800px\" \/><\/span><\/div><\/div><div class=\"fusion-text fusion-text-1\" style=\"--awb-margin-top:20px;\"><p><strong>Ambulatoorne organismi puhastuskuur on eriti efektiivne selliste murede puhul, nagu:<\/strong><\/p>\n<ul style=\"list-style-type: circle;\">\n<li>soov efektiivselt kaalust alla v\u00f5tta<\/li>\n<li>k\u00f5rge kolesterool v\u00f5i verer\u00f5hk<\/li>\n<li>probleemid seedimisega, puhitus<\/li>\n<li>allergiad, l\u00f6\u00f6ve ja akne<\/li>\n<li>kroonilised haigused<\/li>\n<li>pankreatiit, hepatiit<\/li>\n<li>artroos, diabeet, s\u00fcdamehaigused<\/li>\n<\/ul>\n<\/div><div class=\"fusion-reading-box-container reading-box-container-1 fusion-no-large-visibility\" style=\"--awb-title-color:#472a2a;--awb-margin-top:0px;--awb-margin-bottom:84px;\"><div class=\"reading-box reading-box-center\" style=\"background-color:#f6f6f6;border-width:1px;border-color:#f6f6f6;border-left-width:3px;border-left-color:var(--primary_color);border-style:solid;\"><h2>SOOVIN MUREDEST LAHTI SAADA<\/h2><div class=\"reading-box-description fusion-reading-box-additional\">14-p\u00e4evase programmi maksumus 159.-<\/div><div class=\"fusion-clearfix\"><\/div><a class=\"button fusion-button button-default fusion-button-xlarge button-xlarge button-flat fusion-mobile-button continue-center\" style=\"-webkit-box-shadow:none;-moz-box-shadow:none;box-shadow:none;border-radius:10px 10px 10px 10px\" href=\"https:\/\/biospa.ee\/vanaveeb2026\/toode\/kodune-detoks-programm\/\" target=\"_blank\" rel=\"noopener noreferrer\"><span>E-POOD<\/span><\/a><\/div><\/div><div class=\"fusion-text fusion-text-2\" style=\"--awb-text-transform:none;\"><p><strong>T\u00e4nu puhastuskuurile:<\/strong><\/p>\n<p><strong>T\u00f5useb:<\/strong> energiatase, t\u00e4helepanuv\u00f5ime, intellektuaalsed oskused, kehaimmuunsus, hormoonitase<br \/>\n<strong>Paraneb:<\/strong> meeleolu, m\u00e4lu, n\u00e4gemine, kuulmine, seedimine, hingamine, nahk, juuksed, liigesed ja selgroog<br \/>\n<strong>Langeb:<\/strong> kehakaal, n\u00e4rvilisus, toksiline koormus k\u00f5ikides organites ja s\u00fcsteemides, veresuhkru n\u00e4itajad, krooniline v\u00e4simus, verer\u00f5hk<\/p>\n<h3 class=\"fusion-woocommerce-tab-title fusion-responsive-typography-calculated\" data-fontsize=\"18\" data-lineheight=\"23.4px\">Kirjeldus<\/h3>\n<h3 class=\"fusion-responsive-typography-calculated\" data-fontsize=\"24\" data-lineheight=\"31.2px\">2- n\u00e4dalane programm sisaldab<\/h3>\n<div class=\"\">\n<h3 class=\"fusion-responsive-typography-calculated\" data-fontsize=\"24\" data-lineheight=\"31.2px\"><span class=\"JsGRdQ\">Arsti n\u00f5ustamist<\/span><\/h3>\n<ul>\n<li><span class=\"JsGRdQ\">2 arsti veebikonsultatsiooni<\/span><\/li>\n<\/ul>\n<h3 class=\"fusion-responsive-typography-calculated\" data-fontsize=\"24\" data-lineheight=\"31.2px\"><span class=\"JsGRdQ\">Toitumisn\u00f5ustamist<\/span><\/h3>\n<ul class=\"\">\n<li class=\"\"><span class=\"JsGRdQ\">1 toitumisn\u00f5ustaja veebikonsultatsiooni<\/span><\/li>\n<li class=\"\"><span class=\"JsGRdQ\">toitumisp\u00e4evikut<\/span><\/li>\n<li class=\"\"><span class=\"JsGRdQ\">toitumisplaani<\/span><\/li>\n<\/ul>\n<\/div>\n<h3 class=\"fusion-responsive-typography-calculated\" data-fontsize=\"24\" data-lineheight=\"31.2px\"><span class=\"JsGRdQ\">Toetavaid preparaate<\/span><\/h3>\n<ul class=\"\">\n<li class=\"\"><span class=\"JsGRdQ\">spetsiaalsete soolade komplekti soolte puhastuseks 2 n\u00e4dalaks<\/span><\/li>\n<li class=\"\"><span class=\"JsGRdQ\">aluseliste mineraalainete komplekti 2 n\u00e4dalaks<\/span><\/li>\n<li class=\"\"><span class=\"JsGRdQ\">Detox teede komplekti 2 n\u00e4dalaks<\/span><\/li>\n<li class=\"\"><span class=\"JsGRdQ\">k\u00f5rgefektiivset probiootikumi kuuks ajaks<\/span><\/li>\n<\/ul>\n<h3 class=\"fusion-responsive-typography-calculated\" data-fontsize=\"24\" data-lineheight=\"31.2px\"><span class=\"JsGRdQ\">Soovitusi ja n\u00f5uandeid<\/span><\/h3>\n<div class=\"\">\n<ul class=\"\">\n<li class=\"\"><span class=\"JsGRdQ\">tasakaalustatud toitumise skeemi<\/span><\/li>\n<li class=\"\"><span class=\"JsGRdQ\">Sinu isikliku ainevahetuse valemit<\/span><\/li>\n<li class=\"\"><span class=\"JsGRdQ\">\u00f5petust, kuidas teha keha \u00fclevalamist ja kuivharjamist<\/span><\/li>\n<\/ul>\n<\/div>\n<p>Kogu vajaliku materjali ja tooted toimetame Teile sobivasse Omniva v\u00f5i Smartposti pakiautomaati. Programm algab konsultatsioonist doktor N. Trofimovaga, mille k\u00e4igus r\u00e4\u00e4gite<span class=\"JsGRdQ\">\u00a0Sinu tervise seisundist ning m\u00e4\u00e4rate ootusi, et kohaldada programmi parimate tulemuste saavutamiseks Sinu eesm\u00e4rgile vastavalt.<\/span><\/p>\n<\/div><div class=\"fusion-clearfix\"><\/div><\/div><\/div><div class=\"fusion-layout-column fusion_builder_column fusion-builder-column-1 fusion_builder_column_1_3 1_3 fusion-one-third fusion-column-last\" style=\"--awb-bg-size:cover;width:33.3333333333%;width:calc(33.3333333333% - ( ( 4% ) * 0.333333333333 ) );\"><div class=\"fusion-column-wrapper fusion-column-has-shadow fusion-flex-column-wrapper-legacy\"><div class=\"fusion-text fusion-text-3\" style=\"--awb-text-transform:none;\"><p>2-n\u00e4dalane organismi puhastuskuur DETOX KODUS sisaldab<\/p>\n<ul style=\"list-style-type: circle;\">\n<li>2 Dr. Natalia Trofimova veebikonsultatsiooni<\/li>\n<li>1 toitumisn\u00f5ustaja veebikonsultatsiooni<\/li>\n<li>spetsiaalsete raviteede ja mikroelementide komplekti<\/li>\n<li>arsti soovitusi tervislikuma eluviisi korraldamiseks ning toitumisspetsialisti soovitusi s\u00f6\u00f6misharjumuste muutmiseks v\u00f5i korrigeerimiseks<\/li>\n<li>probiootikumi<\/li>\n<\/ul>\n<\/div><div class=\"fusion-reading-box-container reading-box-container-2\" style=\"--awb-title-color:#472a2a;--awb-margin-top:0px;--awb-margin-bottom:84px;\"><div class=\"reading-box reading-box-center\" style=\"background-color:#f6f6f6;border-width:1px;border-color:#f6f6f6;border-left-width:3px;border-left-color:var(--primary_color);border-style:solid;\"><h2>Soeta endale ambulatoorne puhastuskuur siit<\/h2><div class=\"reading-box-description fusion-reading-box-additional\">14-p\u00e4evase programmi maksumus 159.-<\/div><div class=\"fusion-clearfix\"><\/div><a class=\"button fusion-button button-default fusion-button-xlarge button-xlarge button-flat fusion-mobile-button continue-center\" style=\"-webkit-box-shadow:none;-moz-box-shadow:none;box-shadow:none;border-radius:10px 10px 10px 10px\" href=\"https:\/\/biospa.ee\/vanaveeb2026\/toode\/kodune-detoks-programm\/\" target=\"_blank\" rel=\"noopener noreferrer\"><span>E-POOD<\/span><\/a><\/div><\/div><div class=\"fusion-clearfix\"><\/div><\/div><\/div><\/div><\/div>\n","protected":false},"excerpt":{"rendered":"","protected":false},"author":4,"featured_media":0,"parent":0,"menu_order":63,"comment_status":"closed","ping_status":"closed","template":"","meta":{"footnotes":""},"class_list":["post-8991","page","type-page","status-publish","hentry"],"yoast_head":"<!-- This site is optimized with the Yoast SEO plugin v27.3 - https:\/\/yoast.com\/product\/yoast-seo-wordpress\/ -->\n<title>Puhastuskuur DETOX KODUS - Loodus BioSpa<\/title>\n<meta name=\"robots\" content=\"index, follow, max-snippet:-1, max-image-preview:large, max-video-preview:-1\" \/>\n<link rel=\"canonical\" href=\"https:\/\/biospa.ee\/vanaveeb2026\/organismi-puhastuskuur\/\" \/>\n<meta property=\"og:locale\" content=\"et_EE\" \/>\n<meta property=\"og:type\" content=\"article\" \/>\n<meta property=\"og:title\" content=\"Puhastuskuur DETOX KODUS - Loodus BioSpa\" \/>\n<meta property=\"og:url\" content=\"https:\/\/biospa.ee\/vanaveeb2026\/organismi-puhastuskuur\/\" \/>\n<meta property=\"og:site_name\" content=\"Loodus BioSpa\" \/>\n<meta property=\"article:publisher\" content=\"https:\/\/www.facebook.com\/LoodusBioSpa\/\" \/>\n<meta property=\"article:modified_time\" content=\"2022-10-21T11:55:31+00:00\" \/>\n<meta name=\"twitter:card\" content=\"summary_large_image\" \/>\n<meta name=\"twitter:label1\" content=\"Est. reading time\" \/>\n\t<meta name=\"twitter:data1\" content=\"8 minutit\" \/>\n<script type=\"application\/ld+json\" class=\"yoast-schema-graph\">{\"@context\":\"https:\\\/\\\/schema.org\",\"@graph\":[{\"@type\":\"WebPage\",\"@id\":\"https:\\\/\\\/biospa.ee\\\/vanaveeb2026\\\/organismi-puhastuskuur\\\/\",\"url\":\"https:\\\/\\\/biospa.ee\\\/vanaveeb2026\\\/organismi-puhastuskuur\\\/\",\"name\":\"Puhastuskuur DETOX KODUS - Loodus BioSpa\",\"isPartOf\":{\"@id\":\"https:\\\/\\\/biospa.ee\\\/vanaveeb2026\\\/?lang=ru\\\/#website\"},\"datePublished\":\"2020-07-28T12:10:31+00:00\",\"dateModified\":\"2022-10-21T11:55:31+00:00\",\"breadcrumb\":{\"@id\":\"https:\\\/\\\/biospa.ee\\\/vanaveeb2026\\\/organismi-puhastuskuur\\\/#breadcrumb\"},\"inLanguage\":\"et\",\"potentialAction\":[{\"@type\":\"ReadAction\",\"target\":[\"https:\\\/\\\/biospa.ee\\\/vanaveeb2026\\\/organismi-puhastuskuur\\\/\"]}]},{\"@type\":\"BreadcrumbList\",\"@id\":\"https:\\\/\\\/biospa.ee\\\/vanaveeb2026\\\/organismi-puhastuskuur\\\/#breadcrumb\",\"itemListElement\":[{\"@type\":\"ListItem\",\"position\":1,\"name\":\"Home\",\"item\":\"https:\\\/\\\/biospa.ee\\\/vanaveeb2026\\\/\"},{\"@type\":\"ListItem\",\"position\":2,\"name\":\"Puhastuskuur DETOX KODUS\"}]},{\"@type\":\"WebSite\",\"@id\":\"https:\\\/\\\/biospa.ee\\\/vanaveeb2026\\\/?lang=ru\\\/#website\",\"url\":\"https:\\\/\\\/biospa.ee\\\/vanaveeb2026\\\/?lang=ru\\\/\",\"name\":\"Loodus BioSpa\",\"description\":\"Loodus BioSpa\",\"publisher\":{\"@id\":\"https:\\\/\\\/biospa.ee\\\/vanaveeb2026\\\/?lang=ru\\\/#organization\"},\"potentialAction\":[{\"@type\":\"SearchAction\",\"target\":{\"@type\":\"EntryPoint\",\"urlTemplate\":\"https:\\\/\\\/biospa.ee\\\/vanaveeb2026\\\/?lang=ru\\\/?s={search_term_string}\"},\"query-input\":{\"@type\":\"PropertyValueSpecification\",\"valueRequired\":true,\"valueName\":\"search_term_string\"}}],\"inLanguage\":\"et\"},{\"@type\":\"Organization\",\"@id\":\"https:\\\/\\\/biospa.ee\\\/vanaveeb2026\\\/?lang=ru\\\/#organization\",\"name\":\"Tesmasan O\u00dc\",\"url\":\"https:\\\/\\\/biospa.ee\\\/vanaveeb2026\\\/?lang=ru\\\/\",\"logo\":{\"@type\":\"ImageObject\",\"inLanguage\":\"et\",\"@id\":\"https:\\\/\\\/biospa.ee\\\/vanaveeb2026\\\/?lang=ru\\\/#\\\/schema\\\/logo\\\/image\\\/\",\"url\":\"https:\\\/\\\/biospa.ee\\\/vanaveeb2026\\\/vanaveeb2026\\\/wp-content\\\/uploads\\\/2023\\\/06\\\/BioSpa-loggo-est1-0-143.png\",\"contentUrl\":\"https:\\\/\\\/biospa.ee\\\/vanaveeb2026\\\/vanaveeb2026\\\/wp-content\\\/uploads\\\/2023\\\/06\\\/BioSpa-loggo-est1-0-143.png\",\"width\":143,\"height\":59,\"caption\":\"Tesmasan O\u00dc\"},\"image\":{\"@id\":\"https:\\\/\\\/biospa.ee\\\/vanaveeb2026\\\/?lang=ru\\\/#\\\/schema\\\/logo\\\/image\\\/\"},\"sameAs\":[\"https:\\\/\\\/www.facebook.com\\\/LoodusBioSpa\\\/\",\"https:\\\/\\\/www.instagram.com\\\/loodusbiospa\\\/\"]}]}<\/script>\n<!-- \/ Yoast SEO plugin. -->","yoast_head_json":{"title":"Puhastuskuur DETOX KODUS - Loodus BioSpa","robots":{"index":"index","follow":"follow","max-snippet":"max-snippet:-1","max-image-preview":"max-image-preview:large","max-video-preview":"max-video-preview:-1"},"canonical":"https:\/\/biospa.ee\/vanaveeb2026\/organismi-puhastuskuur\/","og_locale":"et_EE","og_type":"article","og_title":"Puhastuskuur DETOX KODUS - Loodus BioSpa","og_url":"https:\/\/biospa.ee\/vanaveeb2026\/organismi-puhastuskuur\/","og_site_name":"Loodus BioSpa","article_publisher":"https:\/\/www.facebook.com\/LoodusBioSpa\/","article_modified_time":"2022-10-21T11:55:31+00:00","twitter_card":"summary_large_image","twitter_misc":{"Est. reading time":"8 minutit"},"schema":{"@context":"https:\/\/schema.org","@graph":[{"@type":"WebPage","@id":"https:\/\/biospa.ee\/vanaveeb2026\/organismi-puhastuskuur\/","url":"https:\/\/biospa.ee\/vanaveeb2026\/organismi-puhastuskuur\/","name":"Puhastuskuur DETOX KODUS - Loodus BioSpa","isPartOf":{"@id":"https:\/\/biospa.ee\/vanaveeb2026\/?lang=ru\/#website"},"datePublished":"2020-07-28T12:10:31+00:00","dateModified":"2022-10-21T11:55:31+00:00","breadcrumb":{"@id":"https:\/\/biospa.ee\/vanaveeb2026\/organismi-puhastuskuur\/#breadcrumb"},"inLanguage":"et","potentialAction":[{"@type":"ReadAction","target":["https:\/\/biospa.ee\/vanaveeb2026\/organismi-puhastuskuur\/"]}]},{"@type":"BreadcrumbList","@id":"https:\/\/biospa.ee\/vanaveeb2026\/organismi-puhastuskuur\/#breadcrumb","itemListElement":[{"@type":"ListItem","position":1,"name":"Home","item":"https:\/\/biospa.ee\/vanaveeb2026\/"},{"@type":"ListItem","position":2,"name":"Puhastuskuur DETOX KODUS"}]},{"@type":"WebSite","@id":"https:\/\/biospa.ee\/vanaveeb2026\/?lang=ru\/#website","url":"https:\/\/biospa.ee\/vanaveeb2026\/?lang=ru\/","name":"Loodus BioSpa","description":"Loodus BioSpa","publisher":{"@id":"https:\/\/biospa.ee\/vanaveeb2026\/?lang=ru\/#organization"},"potentialAction":[{"@type":"SearchAction","target":{"@type":"EntryPoint","urlTemplate":"https:\/\/biospa.ee\/vanaveeb2026\/?lang=ru\/?s={search_term_string}"},"query-input":{"@type":"PropertyValueSpecification","valueRequired":true,"valueName":"search_term_string"}}],"inLanguage":"et"},{"@type":"Organization","@id":"https:\/\/biospa.ee\/vanaveeb2026\/?lang=ru\/#organization","name":"Tesmasan O\u00dc","url":"https:\/\/biospa.ee\/vanaveeb2026\/?lang=ru\/","logo":{"@type":"ImageObject","inLanguage":"et","@id":"https:\/\/biospa.ee\/vanaveeb2026\/?lang=ru\/#\/schema\/logo\/image\/","url":"https:\/\/biospa.ee\/vanaveeb2026\/vanaveeb2026\/wp-content\/uploads\/2023\/06\/BioSpa-loggo-est1-0-143.png","contentUrl":"https:\/\/biospa.ee\/vanaveeb2026\/vanaveeb2026\/wp-content\/uploads\/2023\/06\/BioSpa-loggo-est1-0-143.png","width":143,"height":59,"caption":"Tesmasan O\u00dc"},"image":{"@id":"https:\/\/biospa.ee\/vanaveeb2026\/?lang=ru\/#\/schema\/logo\/image\/"},"sameAs":["https:\/\/www.facebook.com\/LoodusBioSpa\/","https:\/\/www.instagram.com\/loodusbiospa\/"]}]}},"_links":{"self":[{"href":"https:\/\/biospa.ee\/vanaveeb2026\/wp-json\/wp\/v2\/pages\/8991","targetHints":{"allow":["GET"]}}],"collection":[{"href":"https:\/\/biospa.ee\/vanaveeb2026\/wp-json\/wp\/v2\/pages"}],"about":[{"href":"https:\/\/biospa.ee\/vanaveeb2026\/wp-json\/wp\/v2\/types\/page"}],"author":[{"embeddable":true,"href":"https:\/\/biospa.ee\/vanaveeb2026\/wp-json\/wp\/v2\/users\/4"}],"replies":[{"embeddable":true,"href":"https:\/\/biospa.ee\/vanaveeb2026\/wp-json\/wp\/v2\/comments?post=8991"}],"version-history":[{"count":0,"href":"https:\/\/biospa.ee\/vanaveeb2026\/wp-json\/wp\/v2\/pages\/8991\/revisions"}],"wp:attachment":[{"href":"https:\/\/biospa.ee\/vanaveeb2026\/wp-json\/wp\/v2\/media?parent=8991"}],"curies":[{"name":"wp","href":"https:\/\/api.w.org\/{rel}","templated":true}]}}