{"id":9006,"date":"2020-07-28T15:25:22","date_gmt":"2020-07-28T12:25:22","guid":{"rendered":"https:\/\/biospa.ee\/vanaveeb2026\/?page_id=9006"},"modified":"2024-01-03T13:05:10","modified_gmt":"2024-01-03T11:05:10","slug":"9006-2","status":"publish","type":"page","link":"https:\/\/biospa.ee\/vanaveeb2026\/9006-2\/","title":{"rendered":"Kaaniravi"},"content":{"rendered":"<div class=\"fusion-fullwidth fullwidth-box fusion-builder-row-1 nonhundred-percent-fullwidth non-hundred-percent-height-scrolling\" style=\"--awb-border-radius-top-left:0px;--awb-border-radius-top-right:0px;--awb-border-radius-bottom-right:0px;--awb-border-radius-bottom-left:0px;--awb-flex-wrap:wrap;\" ><div class=\"fusion-builder-row fusion-row\"><div class=\"fusion-layout-column fusion_builder_column fusion-builder-column-0 fusion_builder_column_2_3 2_3 fusion-two-third fusion-column-first\" style=\"--awb-bg-size:cover;width:66.6666666667%;width:calc(66.6666666667% - ( ( 4% ) * 0.666666666667 ) );margin-right: 4%;\"><div class=\"fusion-column-wrapper fusion-column-has-shadow fusion-flex-column-wrapper-legacy\"><div class=\"fusion-image-element fusion-image-align-center in-legacy-container\" style=\"text-align:center;--awb-caption-title-font-family:var(--h2_typography-font-family);--awb-caption-title-font-weight:var(--h2_typography-font-weight);--awb-caption-title-font-style:var(--h2_typography-font-style);--awb-caption-title-size:var(--h2_typography-font-size);--awb-caption-title-transform:var(--h2_typography-text-transform);--awb-caption-title-line-height:var(--h2_typography-line-height);--awb-caption-title-letter-spacing:var(--h2_typography-letter-spacing);\"><div class=\"imageframe-align-center\"><span class=\" fusion-imageframe imageframe-dropshadow imageframe-1 hover-type-none\" style=\"-webkit-box-shadow: 3px 3px 7px rgba(0,0,0,0.3);box-shadow: 3px 3px 7px rgba(0,0,0,0.3);\"><img decoding=\"async\" width=\"850\" height=\"566\" title=\"veri\" src=\"https:\/\/biospa.ee\/vanaveeb2026\/wp-content\/uploads\/2017\/09\/veri.jpg\" alt class=\"img-responsive wp-image-7343\" srcset=\"https:\/\/biospa.ee\/vanaveeb2026\/wp-content\/uploads\/2017\/09\/veri-200x133.jpg 200w, https:\/\/biospa.ee\/vanaveeb2026\/wp-content\/uploads\/2017\/09\/veri-400x266.jpg 400w, https:\/\/biospa.ee\/vanaveeb2026\/wp-content\/uploads\/2017\/09\/veri-600x400.jpg 600w, https:\/\/biospa.ee\/vanaveeb2026\/wp-content\/uploads\/2017\/09\/veri-800x533.jpg 800w, https:\/\/biospa.ee\/vanaveeb2026\/wp-content\/uploads\/2017\/09\/veri.jpg 850w\" sizes=\"(max-width: 800px) 100vw, 850px\" \/><\/span><\/div><\/div><div class=\"fusion-sep-clear\"><\/div><div class=\"fusion-separator fusion-full-width-sep\" style=\"margin-left: auto;margin-right: auto;width:100%;\"><\/div><div class=\"fusion-sep-clear\"><\/div><div class=\"fusion-text fusion-text-1\"><p align=\"JUSTIFY\"><strong>Apteegikaane kasutatakse glaukoomi, s\u00fcdame isheemiat\u00f5ve, tromboflebiidi, veenilaiendite, hemorroidide, gangreeni, s\u00fcdame-veresoonkonnahaiguste, verer\u00f5huprobleemide, hormonaalsete h\u00e4irete, liigesevalu, peavalu, naiste hormonaalsete h\u00e4irete, impotentsuse ja unetuse korral.<\/strong><\/p>\n<p align=\"JUSTIFY\">Kaanidega tervendamine on looduslik meetod, mis v\u00f5idab j\u00e4rjest rohkem poolehoidjaid.<\/p>\n<p align=\"JUSTIFY\">Kaan on v\u00e4ga t\u00e4htis \u201cravimite vabrik\u201d, sest viib nahak\u00fclge haakudes verre sadakond bioloogilist ainet. \u00dcks t\u00e4htsamaid neist on hirudiin \u2013 valgulise koostisega aine, mis v\u00e4hendab vere h\u00fc\u00fcbimist.<\/p>\n<\/div><div class=\"fusion-reading-box-container reading-box-container-1 fusion-no-large-visibility\" style=\"--awb-title-color:#472a2a;--awb-margin-top:0px;--awb-margin-bottom:84px;\"><div class=\"reading-box reading-box-center\" style=\"background-color:#f6f6f6;border-width:1px;border-color:#f6f6f6;border-left-width:3px;border-left-color:var(--primary_color);border-style:solid;\"><h2>SOOVIN KAANIRAVI<\/h2><div class=\"reading-box-description fusion-reading-box-additional\">Kaaniravi protseduur 20.- , lisandub kaani t\u00fckihind 5.-<\/div><div class=\"fusion-clearfix\"><\/div><a class=\"button fusion-button button-default fusion-button-xlarge button-xlarge button-flat fusion-mobile-button continue-center\" style=\"-webkit-box-shadow:none;-moz-box-shadow:none;box-shadow:none;border-radius:10px 10px 10px 10px\" href=\"https:\/\/biospa.ee\/vanaveeb2026\/biokliinik\/kontakt-2\/\" target=\"_blank\" rel=\"noopener noreferrer\"><span>\u260e helista telefonil 53 47 15 32<\/span><\/a><\/div><\/div><div class=\"fusion-text fusion-text-2\"><p align=\"JUSTIFY\">Kaaniravi teenust osutab Biokliiniku ruumides Factorial O\u00dc reg nr 11232469. Teenust osutab hiruterapeut Jelena Uvarova.<\/p>\n<p align=\"JUSTIFY\"><strong>Kaaniravi m\u00e4\u00e4ratakse inimesele p\u00e4rast l\u00e4bivaatust vaid vajadusel. Kaaniravi ei saa kasutada aneemia, hemofiilia ehk veritsust\u00f5ve, raseduse, \u00e4geda infektsiooni ega k\u00f5rge palaviku korral.<\/strong><\/p>\n<p align=\"JUSTIFY\">Ravimiseks kasutatakse litsentseeritud ja karantiini l\u00e4binud apteegikaane. Hirudoterapeut otsustab kaanide paigutuse, arvu ning raviseansside arvu.<\/p>\n<p align=\"JUSTIFY\"><strong>Kaaniravi meelespea<\/strong><\/p>\n<p align=\"JUSTIFY\">Kaaniravile tulles peab nahk olema puhas, peske ennast lasteseebiga. Eelnevalt ei tohi kasutada salve, kreeme ja parf\u00fc\u00fcme. Vahetult enne kaaniravi ei tohi suitsetada ja tarbida alkoholi.<\/p>\n<p align=\"JUSTIFY\">P\u00e4ev enne ja p\u00e4rast kaaniravi ei tohi kasutada verevedeldajat.<\/p>\n<\/div><div class=\"fusion-clearfix\"><\/div><\/div><\/div><div class=\"fusion-layout-column fusion_builder_column fusion-builder-column-1 fusion_builder_column_1_3 1_3 fusion-one-third fusion-column-last\" style=\"--awb-bg-size:cover;width:33.3333333333%;width:calc(33.3333333333% - ( ( 4% ) * 0.333333333333 ) );\"><div class=\"fusion-column-wrapper fusion-column-has-shadow fusion-flex-column-wrapper-legacy\"><div class=\"fusion-text fusion-text-3\"><h3>Kaanid on palju kasulikumad kui arvata v\u00f5ib<\/h3>\n<p>Kaanid on kasulikud paljude terviseh\u00e4dade korral, n\u00e4iteks takistavad nad trombide teket, normaliseerivad verer\u00f5hku, alandavad vere kolesteroolitaset, takistavad p\u00f5letikuliste protsesside arengut ja suurendavad organismi vastupanuv\u00f5imet. Trombide v\u00e4ltimine on t\u00e4htis n\u00e4iteks veresoonte lupjumise korral.<\/p>\n<\/div><div class=\"fusion-reading-box-container reading-box-container-2\" style=\"--awb-title-color:#472a2a;--awb-margin-top:0px;--awb-margin-bottom:84px;\"><div class=\"reading-box reading-box-center\" style=\"background-color:#f6f6f6;border-width:1px;border-color:#f6f6f6;border-left-width:3px;border-left-color:var(--primary_color);border-style:solid;\"><h2>REGISTREERU VASTUV\u00d5TULE<\/h2><div class=\"reading-box-description fusion-reading-box-additional\">Kaaniravi protseduur 30.- , lisandub kaani t\u00fckihind 6.-<\/div><div class=\"fusion-clearfix\"><\/div><a class=\"button fusion-button button-default fusion-button-xlarge button-xlarge button-flat fusion-mobile-button continue-center\" style=\"-webkit-box-shadow:none;-moz-box-shadow:none;box-shadow:none;border-radius:10px 10px 10px 10px\" href=\"https:\/\/biospa.ee\/vanaveeb2026\/biokliinik\/kontakt-2\/\" target=\"_blank\" rel=\"noopener noreferrer\"><span>\u260e 53 47 15 32<\/span><\/a><\/div><\/div><div class=\"fusion-clearfix\"><\/div><\/div><\/div><\/div><\/div>\n","protected":false},"excerpt":{"rendered":"","protected":false},"author":4,"featured_media":0,"parent":0,"menu_order":61,"comment_status":"closed","ping_status":"closed","template":"","meta":{"footnotes":""},"class_list":["post-9006","page","type-page","status-publish","hentry"],"yoast_head":"<!-- This site is optimized with the Yoast SEO plugin v27.3 - https:\/\/yoast.com\/product\/yoast-seo-wordpress\/ -->\n<title>Kaaniravi - Loodus BioSpa<\/title>\n<meta name=\"robots\" content=\"index, follow, max-snippet:-1, max-image-preview:large, max-video-preview:-1\" \/>\n<link rel=\"canonical\" href=\"https:\/\/biospa.ee\/vanaveeb2026\/9006-2\/\" \/>\n<meta property=\"og:locale\" content=\"et_EE\" \/>\n<meta property=\"og:type\" content=\"article\" \/>\n<meta property=\"og:title\" content=\"Kaaniravi - Loodus BioSpa\" \/>\n<meta property=\"og:url\" content=\"https:\/\/biospa.ee\/vanaveeb2026\/9006-2\/\" \/>\n<meta property=\"og:site_name\" content=\"Loodus BioSpa\" \/>\n<meta property=\"article:publisher\" content=\"https:\/\/www.facebook.com\/LoodusBioSpa\/\" \/>\n<meta property=\"article:modified_time\" content=\"2024-01-03T11:05:10+00:00\" \/>\n<meta name=\"twitter:card\" content=\"summary_large_image\" \/>\n<meta name=\"twitter:label1\" content=\"Est. reading time\" \/>\n\t<meta name=\"twitter:data1\" content=\"2 minutit\" \/>\n<script type=\"application\/ld+json\" class=\"yoast-schema-graph\">{\"@context\":\"https:\\\/\\\/schema.org\",\"@graph\":[{\"@type\":\"WebPage\",\"@id\":\"https:\\\/\\\/biospa.ee\\\/vanaveeb2026\\\/9006-2\\\/\",\"url\":\"https:\\\/\\\/biospa.ee\\\/vanaveeb2026\\\/9006-2\\\/\",\"name\":\"Kaaniravi - Loodus BioSpa\",\"isPartOf\":{\"@id\":\"https:\\\/\\\/biospa.ee\\\/vanaveeb2026\\\/#website\"},\"datePublished\":\"2020-07-28T12:25:22+00:00\",\"dateModified\":\"2024-01-03T11:05:10+00:00\",\"breadcrumb\":{\"@id\":\"https:\\\/\\\/biospa.ee\\\/vanaveeb2026\\\/9006-2\\\/#breadcrumb\"},\"inLanguage\":\"et\",\"potentialAction\":[{\"@type\":\"ReadAction\",\"target\":[\"https:\\\/\\\/biospa.ee\\\/vanaveeb2026\\\/9006-2\\\/\"]}]},{\"@type\":\"BreadcrumbList\",\"@id\":\"https:\\\/\\\/biospa.ee\\\/vanaveeb2026\\\/9006-2\\\/#breadcrumb\",\"itemListElement\":[{\"@type\":\"ListItem\",\"position\":1,\"name\":\"Home\",\"item\":\"https:\\\/\\\/biospa.ee\\\/vanaveeb2026\\\/\"},{\"@type\":\"ListItem\",\"position\":2,\"name\":\"Kaaniravi\"}]},{\"@type\":\"WebSite\",\"@id\":\"https:\\\/\\\/biospa.ee\\\/vanaveeb2026\\\/#website\",\"url\":\"https:\\\/\\\/biospa.ee\\\/vanaveeb2026\\\/\",\"name\":\"Loodus BioSpa\",\"description\":\"Loodus BioSpa\",\"publisher\":{\"@id\":\"https:\\\/\\\/biospa.ee\\\/vanaveeb2026\\\/#organization\"},\"potentialAction\":[{\"@type\":\"SearchAction\",\"target\":{\"@type\":\"EntryPoint\",\"urlTemplate\":\"https:\\\/\\\/biospa.ee\\\/vanaveeb2026\\\/?s={search_term_string}\"},\"query-input\":{\"@type\":\"PropertyValueSpecification\",\"valueRequired\":true,\"valueName\":\"search_term_string\"}}],\"inLanguage\":\"et\"},{\"@type\":\"Organization\",\"@id\":\"https:\\\/\\\/biospa.ee\\\/vanaveeb2026\\\/#organization\",\"name\":\"Tesmasan O\u00dc\",\"url\":\"https:\\\/\\\/biospa.ee\\\/vanaveeb2026\\\/\",\"logo\":{\"@type\":\"ImageObject\",\"inLanguage\":\"et\",\"@id\":\"https:\\\/\\\/biospa.ee\\\/vanaveeb2026\\\/#\\\/schema\\\/logo\\\/image\\\/\",\"url\":\"https:\\\/\\\/biospa.ee\\\/vanaveeb2026\\\/vanaveeb2026\\\/wp-content\\\/uploads\\\/2023\\\/06\\\/BioSpa-loggo-est1-0-143.png\",\"contentUrl\":\"https:\\\/\\\/biospa.ee\\\/vanaveeb2026\\\/vanaveeb2026\\\/wp-content\\\/uploads\\\/2023\\\/06\\\/BioSpa-loggo-est1-0-143.png\",\"width\":143,\"height\":59,\"caption\":\"Tesmasan O\u00dc\"},\"image\":{\"@id\":\"https:\\\/\\\/biospa.ee\\\/vanaveeb2026\\\/#\\\/schema\\\/logo\\\/image\\\/\"},\"sameAs\":[\"https:\\\/\\\/www.facebook.com\\\/LoodusBioSpa\\\/\",\"https:\\\/\\\/www.instagram.com\\\/loodusbiospa\\\/\"]}]}<\/script>\n<!-- \/ Yoast SEO plugin. -->","yoast_head_json":{"title":"Kaaniravi - Loodus BioSpa","robots":{"index":"index","follow":"follow","max-snippet":"max-snippet:-1","max-image-preview":"max-image-preview:large","max-video-preview":"max-video-preview:-1"},"canonical":"https:\/\/biospa.ee\/vanaveeb2026\/9006-2\/","og_locale":"et_EE","og_type":"article","og_title":"Kaaniravi - Loodus BioSpa","og_url":"https:\/\/biospa.ee\/vanaveeb2026\/9006-2\/","og_site_name":"Loodus BioSpa","article_publisher":"https:\/\/www.facebook.com\/LoodusBioSpa\/","article_modified_time":"2024-01-03T11:05:10+00:00","twitter_card":"summary_large_image","twitter_misc":{"Est. reading time":"2 minutit"},"schema":{"@context":"https:\/\/schema.org","@graph":[{"@type":"WebPage","@id":"https:\/\/biospa.ee\/vanaveeb2026\/9006-2\/","url":"https:\/\/biospa.ee\/vanaveeb2026\/9006-2\/","name":"Kaaniravi - Loodus BioSpa","isPartOf":{"@id":"https:\/\/biospa.ee\/vanaveeb2026\/#website"},"datePublished":"2020-07-28T12:25:22+00:00","dateModified":"2024-01-03T11:05:10+00:00","breadcrumb":{"@id":"https:\/\/biospa.ee\/vanaveeb2026\/9006-2\/#breadcrumb"},"inLanguage":"et","potentialAction":[{"@type":"ReadAction","target":["https:\/\/biospa.ee\/vanaveeb2026\/9006-2\/"]}]},{"@type":"BreadcrumbList","@id":"https:\/\/biospa.ee\/vanaveeb2026\/9006-2\/#breadcrumb","itemListElement":[{"@type":"ListItem","position":1,"name":"Home","item":"https:\/\/biospa.ee\/vanaveeb2026\/"},{"@type":"ListItem","position":2,"name":"Kaaniravi"}]},{"@type":"WebSite","@id":"https:\/\/biospa.ee\/vanaveeb2026\/#website","url":"https:\/\/biospa.ee\/vanaveeb2026\/","name":"Loodus BioSpa","description":"Loodus BioSpa","publisher":{"@id":"https:\/\/biospa.ee\/vanaveeb2026\/#organization"},"potentialAction":[{"@type":"SearchAction","target":{"@type":"EntryPoint","urlTemplate":"https:\/\/biospa.ee\/vanaveeb2026\/?s={search_term_string}"},"query-input":{"@type":"PropertyValueSpecification","valueRequired":true,"valueName":"search_term_string"}}],"inLanguage":"et"},{"@type":"Organization","@id":"https:\/\/biospa.ee\/vanaveeb2026\/#organization","name":"Tesmasan O\u00dc","url":"https:\/\/biospa.ee\/vanaveeb2026\/","logo":{"@type":"ImageObject","inLanguage":"et","@id":"https:\/\/biospa.ee\/vanaveeb2026\/#\/schema\/logo\/image\/","url":"https:\/\/biospa.ee\/vanaveeb2026\/vanaveeb2026\/wp-content\/uploads\/2023\/06\/BioSpa-loggo-est1-0-143.png","contentUrl":"https:\/\/biospa.ee\/vanaveeb2026\/vanaveeb2026\/wp-content\/uploads\/2023\/06\/BioSpa-loggo-est1-0-143.png","width":143,"height":59,"caption":"Tesmasan O\u00dc"},"image":{"@id":"https:\/\/biospa.ee\/vanaveeb2026\/#\/schema\/logo\/image\/"},"sameAs":["https:\/\/www.facebook.com\/LoodusBioSpa\/","https:\/\/www.instagram.com\/loodusbiospa\/"]}]}},"_links":{"self":[{"href":"https:\/\/biospa.ee\/vanaveeb2026\/wp-json\/wp\/v2\/pages\/9006","targetHints":{"allow":["GET"]}}],"collection":[{"href":"https:\/\/biospa.ee\/vanaveeb2026\/wp-json\/wp\/v2\/pages"}],"about":[{"href":"https:\/\/biospa.ee\/vanaveeb2026\/wp-json\/wp\/v2\/types\/page"}],"author":[{"embeddable":true,"href":"https:\/\/biospa.ee\/vanaveeb2026\/wp-json\/wp\/v2\/users\/4"}],"replies":[{"embeddable":true,"href":"https:\/\/biospa.ee\/vanaveeb2026\/wp-json\/wp\/v2\/comments?post=9006"}],"version-history":[{"count":2,"href":"https:\/\/biospa.ee\/vanaveeb2026\/wp-json\/wp\/v2\/pages\/9006\/revisions"}],"predecessor-version":[{"id":30952,"href":"https:\/\/biospa.ee\/vanaveeb2026\/wp-json\/wp\/v2\/pages\/9006\/revisions\/30952"}],"wp:attachment":[{"href":"https:\/\/biospa.ee\/vanaveeb2026\/wp-json\/wp\/v2\/media?parent=9006"}],"curies":[{"name":"wp","href":"https:\/\/api.w.org\/{rel}","templated":true}]}}