{"id":93792,"date":"2025-06-13T14:17:54","date_gmt":"2025-06-13T11:17:54","guid":{"rendered":"https:\/\/biospa.ee\/vanaveeb2026\/?page_id=93792"},"modified":"2025-12-04T23:21:53","modified_gmt":"2025-12-04T21:21:53","slug":"upgraders","status":"publish","type":"page","link":"https:\/\/biospa.ee\/vanaveeb2026\/upgraders\/","title":{"rendered":"UUS! Upgraders\u00ae 21-p\u00e4eva kaalulangetuse programm"},"content":{"rendered":"<div class=\"fusion-fullwidth fullwidth-box fusion-builder-row-1 fusion-flex-container nonhundred-percent-fullwidth non-hundred-percent-height-scrolling\" style=\"--awb-border-radius-top-left:0px;--awb-border-radius-top-right:0px;--awb-border-radius-bottom-right:0px;--awb-border-radius-bottom-left:0px;--awb-flex-wrap:wrap;\" ><div class=\"fusion-builder-row fusion-row fusion-flex-align-items-flex-start fusion-flex-content-wrap\" style=\"max-width:1560px;margin-left: calc(-4% \/ 2 );margin-right: calc(-4% \/ 2 );\"><div class=\"fusion-layout-column fusion_builder_column fusion-builder-column-0 fusion_builder_column_1_1 1_1 fusion-flex-column\" style=\"--awb-bg-size:cover;--awb-width-large:100%;--awb-margin-top-large:0px;--awb-spacing-right-large:1.92%;--awb-margin-bottom-large:0px;--awb-spacing-left-large:1.92%;--awb-width-medium:100%;--awb-spacing-right-medium:1.92%;--awb-spacing-left-medium:1.92%;--awb-width-small:100%;--awb-spacing-right-small:1.92%;--awb-spacing-left-small:1.92%;\"><div class=\"fusion-column-wrapper fusion-flex-justify-content-flex-start fusion-content-layout-column\"><div class=\"fusion-text fusion-text-1\"><blockquote>\n<div>\n<div>\n<div dir=\"auto\">\n<div dir=\"auto\">\n<div>\n<p><img decoding=\"async\" class=\"wp-image-94061 alignright\" src=\"https:\/\/biospa.ee\/vanaveeb2026\/wp-content\/uploads\/2025\/07\/21day-set-English-1-1024x1024.jpg\" alt=\"UPGRADERS 21-p\u00e4evane detoks-komplekt\" width=\"500\" height=\"500\" srcset=\"https:\/\/biospa.ee\/vanaveeb2026\/wp-content\/uploads\/2025\/07\/21day-set-English-1-66x66.jpg 66w, https:\/\/biospa.ee\/vanaveeb2026\/wp-content\/uploads\/2025\/07\/21day-set-English-1-100x100.jpg 100w, https:\/\/biospa.ee\/vanaveeb2026\/wp-content\/uploads\/2025\/07\/21day-set-English-1-150x150.jpg 150w, https:\/\/biospa.ee\/vanaveeb2026\/wp-content\/uploads\/2025\/07\/21day-set-English-1-200x200.jpg 200w, https:\/\/biospa.ee\/vanaveeb2026\/wp-content\/uploads\/2025\/07\/21day-set-English-1-300x300.jpg 300w, https:\/\/biospa.ee\/vanaveeb2026\/wp-content\/uploads\/2025\/07\/21day-set-English-1-400x400.jpg 400w, https:\/\/biospa.ee\/vanaveeb2026\/wp-content\/uploads\/2025\/07\/21day-set-English-1-500x500.jpg 500w, https:\/\/biospa.ee\/vanaveeb2026\/wp-content\/uploads\/2025\/07\/21day-set-English-1-600x600.jpg 600w, https:\/\/biospa.ee\/vanaveeb2026\/wp-content\/uploads\/2025\/07\/21day-set-English-1-768x768.jpg 768w, https:\/\/biospa.ee\/vanaveeb2026\/wp-content\/uploads\/2025\/07\/21day-set-English-1-800x800.jpg 800w, https:\/\/biospa.ee\/vanaveeb2026\/wp-content\/uploads\/2025\/07\/21day-set-English-1-1024x1024.jpg 1024w, https:\/\/biospa.ee\/vanaveeb2026\/wp-content\/uploads\/2025\/07\/21day-set-English-1-1200x1200.jpg 1200w, https:\/\/biospa.ee\/vanaveeb2026\/wp-content\/uploads\/2025\/07\/21day-set-English-1-1536x1536.jpg 1536w\" sizes=\"(max-width: 500px) 100vw, 500px\" \/>See meditsiinilise kvaliteediga kodune ainevahetuse restart-programm ei toeta mitte ainult kaalulangust ja \u00fcldist tervist, vaid pakub ka anti-aging eeliseid \u2013 puhastades rakutasandil, taastades ainevahetuse loomuliku tasakaalu ning k\u00e4ivitades uuesti keha enda isetervenemise mehhanismid.<\/p>\n<p>Inspiratsiooni saanud Austria legendaarse arsti Dr. Franz Xaver Mayri eksklusiivsetest kliinikuprogrammidest, on see t\u00f5hus meetod n\u00fc\u00fcd kohandatud koduseks kasutamiseks \u2013 v\u00f5imaldades saavutada kliiniku tasemel tulemusi mugavalt oma kodus.<\/p>\n<p><strong>Komplekt sisaldab:<\/strong><\/p>\n<p>\u2705\u00a0<strong>5 kontsentreeritud, t\u00f5husat ja 100% looduslikku toidulisandit<\/strong>, mis sisaldavad unikaalseid bioaktiivseid toitainete segusid: magneesiumtsitraat, aluselised mineraalid, bitterid ja ens\u00fc\u00fcmid, multivitamiinid, pre- ja probiootikumid. K\u00f5ik tooted on valmistatud Alpides k\u00f5rgeima puhtuse ja imendumisv\u00f5imega, arendatud Austria arstide poolt.<br \/>\n<strong><br \/>\n<\/strong><\/p>\n<p><strong>Toetab t\u00f5husalt:<\/strong><\/p>\n<ul>\n<li>Detoksi ja soolestiku puhastust<\/li>\n<li>Ainevahetuse tasakaalustamist<\/li>\n<li>Isude kontrollimist<\/li>\n<li>Rasvap\u00f5letust<\/li>\n<li>P\u00f5letiku v\u00e4hendamist ja immuunsuse tugevdamist<\/li>\n<\/ul>\n<p>\u2705\u00a0<strong>UPGRADERS\u00ae metoodika juhend<\/strong>\u00a0\u2013 terviklik eluviisijuhis, mis sisaldab detailseid toitumiskavasid, retsepte, intervallpaastumise juhiseid ja kiireid, kuid t\u00f5husaid igap\u00e4evaseid harjumusi, mis toetavad p\u00fcsivaid tulemusi.<\/p>\n<p>\u2705\u00a0<strong>pH-testribad<\/strong>\u00a0\u2013 j\u00e4lgi oma keha happelisuse ja aluselise tasakaalu teekonda parema tervise suunas.<\/p>\n<p><strong>Taasta oma ideaalkaal \u2013 21 p\u00e4evaga!<\/strong><\/p>\n<\/div>\n<\/div>\n<\/div>\n<\/div>\n<\/div>\n<\/blockquote>\n<hr data-start=\"880\" data-end=\"883\" \/>\n<p data-start=\"2318\" data-end=\"2558\"><strong data-start=\"588\" data-end=\"618\">\ud83d\udc49 <a class=\"\" href=\"https:\/\/biospa.ee\/vanaveeb2026\/toode\/21-paevane-kodune-tervise-ja-ilu-detokspakett\/\" target=\"_blank\" rel=\"noopener\" data-start=\"593\" data-end=\"616\">OSTA PROGRAMM SIIT<\/a><\/strong><br data-start=\"618\" data-end=\"621\" \/><em data-start=\"623\" data-end=\"666\">(Alusta oma tervise uuendamist juba t\u00e4na)<\/em><\/p>\n<\/div><div class=\"fusion-text fusion-text-2\"><p><strong>Upgraders\u00ae on ametlik programm raamatus &#8220;100-aastaste K\u00f5ht&#8221; (SPIEGELi bestseller Saksamaal).<\/strong><\/p>\n<\/div><div class=\"fusion-image-element \" style=\"--awb-caption-title-font-family:var(--h2_typography-font-family);--awb-caption-title-font-weight:var(--h2_typography-font-weight);--awb-caption-title-font-style:var(--h2_typography-font-style);--awb-caption-title-size:var(--h2_typography-font-size);--awb-caption-title-transform:var(--h2_typography-text-transform);--awb-caption-title-line-height:var(--h2_typography-line-height);--awb-caption-title-letter-spacing:var(--h2_typography-letter-spacing);\"><span class=\" fusion-imageframe imageframe-none imageframe-1 hover-type-none\"><img decoding=\"async\" width=\"643\" height=\"800\" title=\"Upgraders\u00ae \u2013 ametlik programm raamatust &#8220;100-aastaste K\u00f5ht&#8221; (SPIEGELi bestseller Saksamaal).\" src=\"https:\/\/biospa.ee\/vanaveeb2026\/wp-content\/uploads\/2025\/12\/93817938-5468-4154-BE39-3C35D7660303.png\" alt class=\"img-responsive wp-image-95584\"\/><\/span><\/div><\/div><\/div><\/div><\/div>\n","protected":false},"excerpt":{"rendered":"","protected":false},"author":1,"featured_media":94061,"parent":0,"menu_order":0,"comment_status":"closed","ping_status":"closed","template":"","meta":{"footnotes":""},"class_list":["post-93792","page","type-page","status-publish","has-post-thumbnail","hentry"],"yoast_head":"<!-- This site is optimized with the Yoast SEO plugin v27.3 - https:\/\/yoast.com\/product\/yoast-seo-wordpress\/ -->\n<title>UUS! Upgraders\u00ae 21-p\u00e4eva kaalulangetuse programm - Loodus BioSpa<\/title>\n<meta name=\"description\" content=\"See meditsiinilise kvaliteediga kodune ainevahetuse restart-programm ei toeta mitte ainult kaalulangust, vaid pakub ka anti-aging eeliseid.\" \/>\n<meta name=\"robots\" content=\"index, follow, max-snippet:-1, max-image-preview:large, max-video-preview:-1\" \/>\n<link rel=\"canonical\" href=\"https:\/\/biospa.ee\/vanaveeb2026\/upgraders\/\" \/>\n<meta property=\"og:locale\" content=\"et_EE\" \/>\n<meta property=\"og:type\" content=\"article\" \/>\n<meta property=\"og:title\" content=\"UUS! Upgraders\u00ae 21-p\u00e4eva kaalulangetuse programm - Loodus BioSpa\" \/>\n<meta property=\"og:description\" content=\"See meditsiinilise kvaliteediga kodune ainevahetuse restart-programm ei toeta mitte ainult kaalulangust, vaid pakub ka anti-aging eeliseid.\" \/>\n<meta property=\"og:url\" content=\"https:\/\/biospa.ee\/vanaveeb2026\/upgraders\/\" \/>\n<meta property=\"og:site_name\" content=\"Loodus BioSpa\" \/>\n<meta property=\"article:publisher\" content=\"https:\/\/www.facebook.com\/LoodusBioSpa\/\" \/>\n<meta property=\"article:modified_time\" content=\"2025-12-04T21:21:53+00:00\" \/>\n<meta property=\"og:image\" content=\"https:\/\/biospa.ee\/vanaveeb2026\/wp-content\/uploads\/2025\/07\/21day-set-English-1-scaled.jpg\" \/>\n\t<meta property=\"og:image:width\" content=\"2560\" \/>\n\t<meta property=\"og:image:height\" content=\"2560\" \/>\n\t<meta property=\"og:image:type\" content=\"image\/jpeg\" \/>\n<meta name=\"twitter:card\" content=\"summary_large_image\" \/>\n<meta name=\"twitter:label1\" content=\"Est. reading time\" \/>\n\t<meta name=\"twitter:data1\" content=\"1 minut\" \/>\n<script type=\"application\/ld+json\" class=\"yoast-schema-graph\">{\"@context\":\"https:\\\/\\\/schema.org\",\"@graph\":[{\"@type\":\"WebPage\",\"@id\":\"https:\\\/\\\/biospa.ee\\\/vanaveeb2026\\\/upgraders\\\/\",\"url\":\"https:\\\/\\\/biospa.ee\\\/vanaveeb2026\\\/upgraders\\\/\",\"name\":\"UUS! Upgraders\u00ae 21-p\u00e4eva kaalulangetuse programm - Loodus BioSpa\",\"isPartOf\":{\"@id\":\"https:\\\/\\\/biospa.ee\\\/vanaveeb2026\\\/#website\"},\"primaryImageOfPage\":{\"@id\":\"https:\\\/\\\/biospa.ee\\\/vanaveeb2026\\\/upgraders\\\/#primaryimage\"},\"image\":{\"@id\":\"https:\\\/\\\/biospa.ee\\\/vanaveeb2026\\\/upgraders\\\/#primaryimage\"},\"thumbnailUrl\":\"https:\\\/\\\/biospa.ee\\\/vanaveeb2026\\\/wp-content\\\/uploads\\\/2025\\\/07\\\/21day-set-English-1-scaled.jpg\",\"datePublished\":\"2025-06-13T11:17:54+00:00\",\"dateModified\":\"2025-12-04T21:21:53+00:00\",\"description\":\"See meditsiinilise kvaliteediga kodune ainevahetuse restart-programm ei toeta mitte ainult kaalulangust, vaid pakub ka anti-aging eeliseid.\",\"breadcrumb\":{\"@id\":\"https:\\\/\\\/biospa.ee\\\/vanaveeb2026\\\/upgraders\\\/#breadcrumb\"},\"inLanguage\":\"et\",\"potentialAction\":[{\"@type\":\"ReadAction\",\"target\":[\"https:\\\/\\\/biospa.ee\\\/vanaveeb2026\\\/upgraders\\\/\"]}]},{\"@type\":\"ImageObject\",\"inLanguage\":\"et\",\"@id\":\"https:\\\/\\\/biospa.ee\\\/vanaveeb2026\\\/upgraders\\\/#primaryimage\",\"url\":\"https:\\\/\\\/biospa.ee\\\/vanaveeb2026\\\/wp-content\\\/uploads\\\/2025\\\/07\\\/21day-set-English-1-scaled.jpg\",\"contentUrl\":\"https:\\\/\\\/biospa.ee\\\/vanaveeb2026\\\/wp-content\\\/uploads\\\/2025\\\/07\\\/21day-set-English-1-scaled.jpg\",\"width\":2560,\"height\":2560,\"caption\":\"UPGRADERS 21-p\u00e4evane detoks-komplekt\"},{\"@type\":\"BreadcrumbList\",\"@id\":\"https:\\\/\\\/biospa.ee\\\/vanaveeb2026\\\/upgraders\\\/#breadcrumb\",\"itemListElement\":[{\"@type\":\"ListItem\",\"position\":1,\"name\":\"Home\",\"item\":\"https:\\\/\\\/biospa.ee\\\/vanaveeb2026\\\/\"},{\"@type\":\"ListItem\",\"position\":2,\"name\":\"UUS! Upgraders\u00ae 21-p\u00e4eva kaalulangetuse programm\"}]},{\"@type\":\"WebSite\",\"@id\":\"https:\\\/\\\/biospa.ee\\\/vanaveeb2026\\\/#website\",\"url\":\"https:\\\/\\\/biospa.ee\\\/vanaveeb2026\\\/\",\"name\":\"Loodus BioSpa\",\"description\":\"Loodus BioSpa\",\"publisher\":{\"@id\":\"https:\\\/\\\/biospa.ee\\\/vanaveeb2026\\\/#organization\"},\"potentialAction\":[{\"@type\":\"SearchAction\",\"target\":{\"@type\":\"EntryPoint\",\"urlTemplate\":\"https:\\\/\\\/biospa.ee\\\/vanaveeb2026\\\/?s={search_term_string}\"},\"query-input\":{\"@type\":\"PropertyValueSpecification\",\"valueRequired\":true,\"valueName\":\"search_term_string\"}}],\"inLanguage\":\"et\"},{\"@type\":\"Organization\",\"@id\":\"https:\\\/\\\/biospa.ee\\\/vanaveeb2026\\\/#organization\",\"name\":\"Tesmasan O\u00dc\",\"url\":\"https:\\\/\\\/biospa.ee\\\/vanaveeb2026\\\/\",\"logo\":{\"@type\":\"ImageObject\",\"inLanguage\":\"et\",\"@id\":\"https:\\\/\\\/biospa.ee\\\/vanaveeb2026\\\/#\\\/schema\\\/logo\\\/image\\\/\",\"url\":\"https:\\\/\\\/biospa.ee\\\/vanaveeb2026\\\/vanaveeb2026\\\/wp-content\\\/uploads\\\/2023\\\/06\\\/BioSpa-loggo-est1-0-143.png\",\"contentUrl\":\"https:\\\/\\\/biospa.ee\\\/vanaveeb2026\\\/vanaveeb2026\\\/wp-content\\\/uploads\\\/2023\\\/06\\\/BioSpa-loggo-est1-0-143.png\",\"width\":143,\"height\":59,\"caption\":\"Tesmasan O\u00dc\"},\"image\":{\"@id\":\"https:\\\/\\\/biospa.ee\\\/vanaveeb2026\\\/#\\\/schema\\\/logo\\\/image\\\/\"},\"sameAs\":[\"https:\\\/\\\/www.facebook.com\\\/LoodusBioSpa\\\/\",\"https:\\\/\\\/www.instagram.com\\\/loodusbiospa\\\/\"]}]}<\/script>\n<!-- \/ Yoast SEO plugin. -->","yoast_head_json":{"title":"UUS! Upgraders\u00ae 21-p\u00e4eva kaalulangetuse programm - Loodus BioSpa","description":"See meditsiinilise kvaliteediga kodune ainevahetuse restart-programm ei toeta mitte ainult kaalulangust, vaid pakub ka anti-aging eeliseid.","robots":{"index":"index","follow":"follow","max-snippet":"max-snippet:-1","max-image-preview":"max-image-preview:large","max-video-preview":"max-video-preview:-1"},"canonical":"https:\/\/biospa.ee\/vanaveeb2026\/upgraders\/","og_locale":"et_EE","og_type":"article","og_title":"UUS! Upgraders\u00ae 21-p\u00e4eva kaalulangetuse programm - Loodus BioSpa","og_description":"See meditsiinilise kvaliteediga kodune ainevahetuse restart-programm ei toeta mitte ainult kaalulangust, vaid pakub ka anti-aging eeliseid.","og_url":"https:\/\/biospa.ee\/vanaveeb2026\/upgraders\/","og_site_name":"Loodus BioSpa","article_publisher":"https:\/\/www.facebook.com\/LoodusBioSpa\/","article_modified_time":"2025-12-04T21:21:53+00:00","og_image":[{"width":2560,"height":2560,"url":"https:\/\/biospa.ee\/vanaveeb2026\/wp-content\/uploads\/2025\/07\/21day-set-English-1-scaled.jpg","type":"image\/jpeg"}],"twitter_card":"summary_large_image","twitter_misc":{"Est. reading time":"1 minut"},"schema":{"@context":"https:\/\/schema.org","@graph":[{"@type":"WebPage","@id":"https:\/\/biospa.ee\/vanaveeb2026\/upgraders\/","url":"https:\/\/biospa.ee\/vanaveeb2026\/upgraders\/","name":"UUS! Upgraders\u00ae 21-p\u00e4eva kaalulangetuse programm - Loodus BioSpa","isPartOf":{"@id":"https:\/\/biospa.ee\/vanaveeb2026\/#website"},"primaryImageOfPage":{"@id":"https:\/\/biospa.ee\/vanaveeb2026\/upgraders\/#primaryimage"},"image":{"@id":"https:\/\/biospa.ee\/vanaveeb2026\/upgraders\/#primaryimage"},"thumbnailUrl":"https:\/\/biospa.ee\/vanaveeb2026\/wp-content\/uploads\/2025\/07\/21day-set-English-1-scaled.jpg","datePublished":"2025-06-13T11:17:54+00:00","dateModified":"2025-12-04T21:21:53+00:00","description":"See meditsiinilise kvaliteediga kodune ainevahetuse restart-programm ei toeta mitte ainult kaalulangust, vaid pakub ka anti-aging eeliseid.","breadcrumb":{"@id":"https:\/\/biospa.ee\/vanaveeb2026\/upgraders\/#breadcrumb"},"inLanguage":"et","potentialAction":[{"@type":"ReadAction","target":["https:\/\/biospa.ee\/vanaveeb2026\/upgraders\/"]}]},{"@type":"ImageObject","inLanguage":"et","@id":"https:\/\/biospa.ee\/vanaveeb2026\/upgraders\/#primaryimage","url":"https:\/\/biospa.ee\/vanaveeb2026\/wp-content\/uploads\/2025\/07\/21day-set-English-1-scaled.jpg","contentUrl":"https:\/\/biospa.ee\/vanaveeb2026\/wp-content\/uploads\/2025\/07\/21day-set-English-1-scaled.jpg","width":2560,"height":2560,"caption":"UPGRADERS 21-p\u00e4evane detoks-komplekt"},{"@type":"BreadcrumbList","@id":"https:\/\/biospa.ee\/vanaveeb2026\/upgraders\/#breadcrumb","itemListElement":[{"@type":"ListItem","position":1,"name":"Home","item":"https:\/\/biospa.ee\/vanaveeb2026\/"},{"@type":"ListItem","position":2,"name":"UUS! Upgraders\u00ae 21-p\u00e4eva kaalulangetuse programm"}]},{"@type":"WebSite","@id":"https:\/\/biospa.ee\/vanaveeb2026\/#website","url":"https:\/\/biospa.ee\/vanaveeb2026\/","name":"Loodus BioSpa","description":"Loodus BioSpa","publisher":{"@id":"https:\/\/biospa.ee\/vanaveeb2026\/#organization"},"potentialAction":[{"@type":"SearchAction","target":{"@type":"EntryPoint","urlTemplate":"https:\/\/biospa.ee\/vanaveeb2026\/?s={search_term_string}"},"query-input":{"@type":"PropertyValueSpecification","valueRequired":true,"valueName":"search_term_string"}}],"inLanguage":"et"},{"@type":"Organization","@id":"https:\/\/biospa.ee\/vanaveeb2026\/#organization","name":"Tesmasan O\u00dc","url":"https:\/\/biospa.ee\/vanaveeb2026\/","logo":{"@type":"ImageObject","inLanguage":"et","@id":"https:\/\/biospa.ee\/vanaveeb2026\/#\/schema\/logo\/image\/","url":"https:\/\/biospa.ee\/vanaveeb2026\/vanaveeb2026\/wp-content\/uploads\/2023\/06\/BioSpa-loggo-est1-0-143.png","contentUrl":"https:\/\/biospa.ee\/vanaveeb2026\/vanaveeb2026\/wp-content\/uploads\/2023\/06\/BioSpa-loggo-est1-0-143.png","width":143,"height":59,"caption":"Tesmasan O\u00dc"},"image":{"@id":"https:\/\/biospa.ee\/vanaveeb2026\/#\/schema\/logo\/image\/"},"sameAs":["https:\/\/www.facebook.com\/LoodusBioSpa\/","https:\/\/www.instagram.com\/loodusbiospa\/"]}]}},"_links":{"self":[{"href":"https:\/\/biospa.ee\/vanaveeb2026\/wp-json\/wp\/v2\/pages\/93792","targetHints":{"allow":["GET"]}}],"collection":[{"href":"https:\/\/biospa.ee\/vanaveeb2026\/wp-json\/wp\/v2\/pages"}],"about":[{"href":"https:\/\/biospa.ee\/vanaveeb2026\/wp-json\/wp\/v2\/types\/page"}],"author":[{"embeddable":true,"href":"https:\/\/biospa.ee\/vanaveeb2026\/wp-json\/wp\/v2\/users\/1"}],"replies":[{"embeddable":true,"href":"https:\/\/biospa.ee\/vanaveeb2026\/wp-json\/wp\/v2\/comments?post=93792"}],"version-history":[{"count":5,"href":"https:\/\/biospa.ee\/vanaveeb2026\/wp-json\/wp\/v2\/pages\/93792\/revisions"}],"predecessor-version":[{"id":95588,"href":"https:\/\/biospa.ee\/vanaveeb2026\/wp-json\/wp\/v2\/pages\/93792\/revisions\/95588"}],"wp:featuredmedia":[{"embeddable":true,"href":"https:\/\/biospa.ee\/vanaveeb2026\/wp-json\/wp\/v2\/media\/94061"}],"wp:attachment":[{"href":"https:\/\/biospa.ee\/vanaveeb2026\/wp-json\/wp\/v2\/media?parent=93792"}],"curies":[{"name":"wp","href":"https:\/\/api.w.org\/{rel}","templated":true}]}}