{"id":9610,"date":"2020-09-01T13:15:41","date_gmt":"2020-09-01T10:15:41","guid":{"rendered":"https:\/\/biospa.ee\/vanaveeb2026\/?page_id=9610"},"modified":"2022-02-22T10:24:45","modified_gmt":"2022-02-22T08:24:45","slug":"laserepileerimine","status":"publish","type":"page","link":"https:\/\/biospa.ee\/vanaveeb2026\/laserepileerimine\/","title":{"rendered":"Laserepileerimine"},"content":{"rendered":"<div class=\"fusion-fullwidth fullwidth-box fusion-builder-row-1 nonhundred-percent-fullwidth non-hundred-percent-height-scrolling\" style=\"--awb-border-radius-top-left:0px;--awb-border-radius-top-right:0px;--awb-border-radius-bottom-right:0px;--awb-border-radius-bottom-left:0px;--awb-flex-wrap:wrap;\" ><div class=\"fusion-builder-row fusion-row\"><div class=\"fusion-layout-column fusion_builder_column fusion-builder-column-0 fusion_builder_column_2_3 2_3 fusion-two-third fusion-column-first\" style=\"--awb-bg-size:cover;width:66.6666666667%;width:calc(66.6666666667% - ( ( 4% ) * 0.666666666667 ) );margin-right: 4%;\"><div class=\"fusion-column-wrapper fusion-column-has-shadow fusion-flex-column-wrapper-legacy\"><div class=\"fusion-image-element fusion-image-align-center in-legacy-container\" style=\"text-align:center;--awb-caption-title-font-family:var(--h2_typography-font-family);--awb-caption-title-font-weight:var(--h2_typography-font-weight);--awb-caption-title-font-style:var(--h2_typography-font-style);--awb-caption-title-size:var(--h2_typography-font-size);--awb-caption-title-transform:var(--h2_typography-text-transform);--awb-caption-title-line-height:var(--h2_typography-line-height);--awb-caption-title-letter-spacing:var(--h2_typography-letter-spacing);\"><div class=\"imageframe-align-center\"><span class=\" fusion-imageframe imageframe-dropshadow imageframe-1 hover-type-none\" style=\"-webkit-box-shadow: 3px 3px 7px rgba(0,0,0,0.3);box-shadow: 3px 3px 7px rgba(0,0,0,0.3);\"><img decoding=\"async\" width=\"800\" height=\"600\" title=\"pilt (1)\" src=\"https:\/\/biospa.ee\/vanaveeb2026\/wp-content\/uploads\/2020\/09\/pilt-1.jpg\" alt class=\"img-responsive wp-image-10026\" srcset=\"https:\/\/biospa.ee\/vanaveeb2026\/wp-content\/uploads\/2020\/09\/pilt-1-200x150.jpg 200w, https:\/\/biospa.ee\/vanaveeb2026\/wp-content\/uploads\/2020\/09\/pilt-1-400x300.jpg 400w, https:\/\/biospa.ee\/vanaveeb2026\/wp-content\/uploads\/2020\/09\/pilt-1-600x450.jpg 600w, https:\/\/biospa.ee\/vanaveeb2026\/wp-content\/uploads\/2020\/09\/pilt-1.jpg 800w\" sizes=\"(max-width: 800px) 100vw, 800px\" \/><\/span><\/div><\/div><div class=\"fusion-sep-clear\"><\/div><div class=\"fusion-separator fusion-full-width-sep\" style=\"margin-left: auto;margin-right: auto;width:100%;\"><\/div><div class=\"fusion-sep-clear\"><\/div><div class=\"fusion-text fusion-text-1\" style=\"--awb-text-transform:none;\"><p>Laseriga karvade eemaldamine on protseduur, mille k\u00e4igus eemaldatakse soovimatud karvad laserimpulsiga ilma \u00fcmbritsevat kudet kahjustamata. Protseduur viiakse l\u00e4bi laseriga. Laser on seade, mis fokusseerib valguskiirte komplekti. T\u00e4nu seadmes olevale objektiivile koondatakse valgus kiiresti. Laserkiir m\u00f5jutab karvades olevat pigmenti \u2013 melaniini. Laserkiir tungib l\u00e4bi karvades oleva pigmendi \u2013 melaniini, h\u00e4vitades karvafolliikuli ja seel\u00e4bi ka &#8220;juureprobleemi&#8221;. Just dioodlaserit lainepikkusega 808nm peetakse \u201ckarvaeemalduse kuldstandardiks\u201d, sest see sobib peaaegu igat t\u00fc\u00fcpi nahale ja karvadele.<\/p>\n<p>Mitu protseduuri on soovitud tulemuse saavutamiseks vaja? Millest see oleneb?<\/p>\n<p>Iga inimene on erinev ja \u00fchest vastust pole. T\u00e4ielikuks karvade eemaldamiseks on tavaliselt vaja l\u00e4bida kuur, mis koosneb 5-10 korrast, umbes kord kuus. Karvakasvu faas kestab olenevalt piirkonnast umbes 4-6 n\u00e4dalat. Laserkiirgus m\u00f5jutab karvu, mis on aktiivses kasvufaasis. Korraga on umbes 20% selle piirkonna karvadest aktiivses kasvus. Laserkarvaeemalduse efektiivsus s\u00f5ltub karva v\u00e4rvist ja tugevusest, mida tumedam ja tugevam karv ning heledam nahk, seda parem on tulemus. Laserkiirgus ei eemalda nahalt halle ja blonde karvu.<\/p>\n<p>Milline peaks olema laserkarvade eemaldamise protseduuride intervall?<\/p>\n<p>Hoolitsuste vaheline intervall peaks olema 4-6 n\u00e4dalat, olenevalt ravitavast piirkonnast. Hoolitsuse t\u00e4pne kestus ja intervall m\u00e4\u00e4ratakse individuaalsel konsultatsioonil spetsialistiga. Seda sagedamini tehes on v\u00f5imatu saavutada soovitud tulemust, kuna laserkiirgus m\u00f5jutab karvu, mis on ainult aktiivses kasvufaasis. Iga protseduuriga peaks soovimatuid karvu v\u00e4hem olema. Kuuri l\u00f5pus v\u00f5ib hooldusintervalle pikendada, kui tunnete, et karvu on v\u00e4he v\u00f5i \u00fcldse mitte. Kui soovitud tulemus on saavutatud, tuleb protseduuri korrata kuue kuu p\u00e4rast, et m\u00f5ju s\u00e4iliks.<\/p>\n<p>Kas karvade kasv peatub j\u00e4\u00e4davalt?<\/p>\n<p>Ei, karvade kasv ei peatu kunagi inimkehas. Laseriga karvade eemaldamine on aga k\u00f5ige vastupidavam karvade eemaldamise meetod. Uued karvad, mis v\u00f5ivad kasvama hakata, on \u00fcksikud, \u00f5hukesed ja heledad. Karvade kasvu m\u00f5jutab tugevalt organismi hormonaalne tasakaal. Niisiis v\u00f5ivad uued karvad tekkida p\u00e4rast hormonaalseid muutusi kehas (rasedus, imetamine, menopaus). Soovitud tulemuse s\u00e4ilitamiseks tuleks protseduuri korrata iga 6 kuu tagant.<\/p>\n<p>Millal ilmneb laserepilatsiooni m\u00f5ju?<\/p>\n<p>Laseriga karvade eemaldamise m\u00f5ju muutub m\u00e4rgatavaks 10-14 p\u00e4eva p\u00e4rast protseduuri, kui karvad hakkavad t\u00f6\u00f6deldud alal j\u00e4rk-j\u00e4rgult v\u00e4lja langema.<\/p>\n<p>Laseriga karvade eemaldamise vastun\u00e4idustused, mille puhul protseduuri ei tehta, on: nahahaigused, herpeetiline l\u00f6\u00f6ve, veenilaiendite rasked vormid, s\u00fcdame-veresoonkonna haigused dekompensatsiooni staadiumis (n\u00e4iteks suhkurt\u00f5bi), onkoloogilised haigused, \u00e4gedad nakkushaigused, p\u00f5letikud. , viirushaigused, epilepsia, (kui protseduur tehakse kaelal), veritsush\u00e4ired, antikoagulantide kasutamine, kolloidsed\/h\u00fcpertroofsed armid, valgustundlikkusravimite kasutamine, k\u00fclmaallergia, protseduuri talumatus, isotretinoiini kasutamine viimase 6 kuu jooksul , rasedus ja imetamine viimase 2 n\u00e4dala jooksul, keemiline koorimine viimase 2 n\u00e4dala jooksul<\/p>\n<\/div><div class=\"fusion-clearfix\"><\/div><\/div><\/div><div class=\"fusion-layout-column fusion_builder_column fusion-builder-column-1 fusion_builder_column_1_3 1_3 fusion-one-third fusion-column-last\" style=\"--awb-bg-size:cover;width:33.3333333333%;width:calc(33.3333333333% - ( ( 4% ) * 0.333333333333 ) );\"><div class=\"fusion-column-wrapper fusion-column-has-shadow fusion-flex-column-wrapper-legacy\"><div class=\"fusion-text fusion-text-2\" style=\"--awb-text-transform:none;\"><p>Miks laseriga karvade eemaldamine?<\/p>\n<p>Laseriga karvade eemaldamise protseduur on valutu.<\/p>\n<p>Kontaktjahutusega laser muudab protseduuri absoluutselt valutuks.<\/p>\n<p>See on kiire<\/p>\n<p>Kaenlaalused, \u00fclahuul, kulmud, p\u00f5sed v\u00f5i l\u00f5ug \u2013 kestab umbes 10 minutit.<\/p>\n<p>Laseriga karvade eemaldamise protseduur on taskukohane.<\/p>\n<p>LaserSecreti karvade eemaldamise hooldus on soodsam kui igakuine karvade eemaldamine v\u00f5i s\u00e4ra andev hooldus.<\/p>\n<\/div><div class=\"fusion-reading-box-container reading-box-container-1\" style=\"--awb-title-color:#472a2a;--awb-margin-top:0px;--awb-margin-bottom:84px;\"><div class=\"reading-box reading-box-center\" style=\"background-color:#f6f6f6;border-width:1px;border-color:#f6f6f6;border-left-width:3px;border-left-color:var(--primary_color);border-style:solid;\"><h2>REGISTREERI SIIN!<\/h2><a class=\"button fusion-button button-default fusion-button-xlarge button-xlarge button-flat fusion-mobile-button continue-center\" style=\"-webkit-box-shadow:none;-moz-box-shadow:none;box-shadow:none;border-radius:10px 10px 10px 10px\" href=\"http:\/\/lasersecret.ee\/\" target=\"_blank\" rel=\"noopener noreferrer\"><span>\u260e 5590 8822 <\/span><\/a><\/div><\/div><div class=\"fusion-clearfix\"><\/div><\/div><\/div><\/div><\/div>\n","protected":false},"excerpt":{"rendered":"","protected":false},"author":1,"featured_media":0,"parent":0,"menu_order":52,"comment_status":"closed","ping_status":"closed","template":"","meta":{"footnotes":""},"class_list":["post-9610","page","type-page","status-publish","hentry"],"yoast_head":"<!-- This site is optimized with the Yoast SEO plugin v27.3 - https:\/\/yoast.com\/product\/yoast-seo-wordpress\/ -->\n<title>Laserepileerimine - Loodus BioSpa<\/title>\n<meta name=\"robots\" content=\"index, follow, max-snippet:-1, max-image-preview:large, max-video-preview:-1\" \/>\n<link rel=\"canonical\" href=\"https:\/\/biospa.ee\/vanaveeb2026\/laserepileerimine\/\" \/>\n<meta property=\"og:locale\" content=\"et_EE\" \/>\n<meta property=\"og:type\" content=\"article\" \/>\n<meta property=\"og:title\" content=\"Laserepileerimine - Loodus BioSpa\" \/>\n<meta property=\"og:url\" content=\"https:\/\/biospa.ee\/vanaveeb2026\/laserepileerimine\/\" \/>\n<meta property=\"og:site_name\" content=\"Loodus BioSpa\" \/>\n<meta property=\"article:publisher\" content=\"https:\/\/www.facebook.com\/LoodusBioSpa\/\" \/>\n<meta property=\"article:modified_time\" content=\"2022-02-22T08:24:45+00:00\" \/>\n<meta name=\"twitter:card\" content=\"summary_large_image\" \/>\n<meta name=\"twitter:label1\" content=\"Est. reading time\" \/>\n\t<meta name=\"twitter:data1\" content=\"7 minutit\" \/>\n<script type=\"application\/ld+json\" class=\"yoast-schema-graph\">{\"@context\":\"https:\\\/\\\/schema.org\",\"@graph\":[{\"@type\":\"WebPage\",\"@id\":\"https:\\\/\\\/biospa.ee\\\/vanaveeb2026\\\/laserepileerimine\\\/\",\"url\":\"https:\\\/\\\/biospa.ee\\\/vanaveeb2026\\\/laserepileerimine\\\/\",\"name\":\"Laserepileerimine - Loodus BioSpa\",\"isPartOf\":{\"@id\":\"https:\\\/\\\/biospa.ee\\\/vanaveeb2026\\\/?lang=ru\\\/#website\"},\"datePublished\":\"2020-09-01T10:15:41+00:00\",\"dateModified\":\"2022-02-22T08:24:45+00:00\",\"breadcrumb\":{\"@id\":\"https:\\\/\\\/biospa.ee\\\/vanaveeb2026\\\/laserepileerimine\\\/#breadcrumb\"},\"inLanguage\":\"et\",\"potentialAction\":[{\"@type\":\"ReadAction\",\"target\":[\"https:\\\/\\\/biospa.ee\\\/vanaveeb2026\\\/laserepileerimine\\\/\"]}]},{\"@type\":\"BreadcrumbList\",\"@id\":\"https:\\\/\\\/biospa.ee\\\/vanaveeb2026\\\/laserepileerimine\\\/#breadcrumb\",\"itemListElement\":[{\"@type\":\"ListItem\",\"position\":1,\"name\":\"Home\",\"item\":\"https:\\\/\\\/biospa.ee\\\/vanaveeb2026\\\/\"},{\"@type\":\"ListItem\",\"position\":2,\"name\":\"Laserepileerimine\"}]},{\"@type\":\"WebSite\",\"@id\":\"https:\\\/\\\/biospa.ee\\\/vanaveeb2026\\\/?lang=ru\\\/#website\",\"url\":\"https:\\\/\\\/biospa.ee\\\/vanaveeb2026\\\/?lang=ru\\\/\",\"name\":\"Loodus BioSpa\",\"description\":\"Loodus BioSpa\",\"publisher\":{\"@id\":\"https:\\\/\\\/biospa.ee\\\/vanaveeb2026\\\/?lang=ru\\\/#organization\"},\"potentialAction\":[{\"@type\":\"SearchAction\",\"target\":{\"@type\":\"EntryPoint\",\"urlTemplate\":\"https:\\\/\\\/biospa.ee\\\/vanaveeb2026\\\/?lang=ru\\\/?s={search_term_string}\"},\"query-input\":{\"@type\":\"PropertyValueSpecification\",\"valueRequired\":true,\"valueName\":\"search_term_string\"}}],\"inLanguage\":\"et\"},{\"@type\":\"Organization\",\"@id\":\"https:\\\/\\\/biospa.ee\\\/vanaveeb2026\\\/?lang=ru\\\/#organization\",\"name\":\"Tesmasan O\u00dc\",\"url\":\"https:\\\/\\\/biospa.ee\\\/vanaveeb2026\\\/?lang=ru\\\/\",\"logo\":{\"@type\":\"ImageObject\",\"inLanguage\":\"et\",\"@id\":\"https:\\\/\\\/biospa.ee\\\/vanaveeb2026\\\/?lang=ru\\\/#\\\/schema\\\/logo\\\/image\\\/\",\"url\":\"https:\\\/\\\/biospa.ee\\\/vanaveeb2026\\\/vanaveeb2026\\\/wp-content\\\/uploads\\\/2023\\\/06\\\/BioSpa-loggo-est1-0-143.png\",\"contentUrl\":\"https:\\\/\\\/biospa.ee\\\/vanaveeb2026\\\/vanaveeb2026\\\/wp-content\\\/uploads\\\/2023\\\/06\\\/BioSpa-loggo-est1-0-143.png\",\"width\":143,\"height\":59,\"caption\":\"Tesmasan O\u00dc\"},\"image\":{\"@id\":\"https:\\\/\\\/biospa.ee\\\/vanaveeb2026\\\/?lang=ru\\\/#\\\/schema\\\/logo\\\/image\\\/\"},\"sameAs\":[\"https:\\\/\\\/www.facebook.com\\\/LoodusBioSpa\\\/\",\"https:\\\/\\\/www.instagram.com\\\/loodusbiospa\\\/\"]}]}<\/script>\n<!-- \/ Yoast SEO plugin. -->","yoast_head_json":{"title":"Laserepileerimine - Loodus BioSpa","robots":{"index":"index","follow":"follow","max-snippet":"max-snippet:-1","max-image-preview":"max-image-preview:large","max-video-preview":"max-video-preview:-1"},"canonical":"https:\/\/biospa.ee\/vanaveeb2026\/laserepileerimine\/","og_locale":"et_EE","og_type":"article","og_title":"Laserepileerimine - Loodus BioSpa","og_url":"https:\/\/biospa.ee\/vanaveeb2026\/laserepileerimine\/","og_site_name":"Loodus BioSpa","article_publisher":"https:\/\/www.facebook.com\/LoodusBioSpa\/","article_modified_time":"2022-02-22T08:24:45+00:00","twitter_card":"summary_large_image","twitter_misc":{"Est. reading time":"7 minutit"},"schema":{"@context":"https:\/\/schema.org","@graph":[{"@type":"WebPage","@id":"https:\/\/biospa.ee\/vanaveeb2026\/laserepileerimine\/","url":"https:\/\/biospa.ee\/vanaveeb2026\/laserepileerimine\/","name":"Laserepileerimine - Loodus BioSpa","isPartOf":{"@id":"https:\/\/biospa.ee\/vanaveeb2026\/?lang=ru\/#website"},"datePublished":"2020-09-01T10:15:41+00:00","dateModified":"2022-02-22T08:24:45+00:00","breadcrumb":{"@id":"https:\/\/biospa.ee\/vanaveeb2026\/laserepileerimine\/#breadcrumb"},"inLanguage":"et","potentialAction":[{"@type":"ReadAction","target":["https:\/\/biospa.ee\/vanaveeb2026\/laserepileerimine\/"]}]},{"@type":"BreadcrumbList","@id":"https:\/\/biospa.ee\/vanaveeb2026\/laserepileerimine\/#breadcrumb","itemListElement":[{"@type":"ListItem","position":1,"name":"Home","item":"https:\/\/biospa.ee\/vanaveeb2026\/"},{"@type":"ListItem","position":2,"name":"Laserepileerimine"}]},{"@type":"WebSite","@id":"https:\/\/biospa.ee\/vanaveeb2026\/?lang=ru\/#website","url":"https:\/\/biospa.ee\/vanaveeb2026\/?lang=ru\/","name":"Loodus BioSpa","description":"Loodus BioSpa","publisher":{"@id":"https:\/\/biospa.ee\/vanaveeb2026\/?lang=ru\/#organization"},"potentialAction":[{"@type":"SearchAction","target":{"@type":"EntryPoint","urlTemplate":"https:\/\/biospa.ee\/vanaveeb2026\/?lang=ru\/?s={search_term_string}"},"query-input":{"@type":"PropertyValueSpecification","valueRequired":true,"valueName":"search_term_string"}}],"inLanguage":"et"},{"@type":"Organization","@id":"https:\/\/biospa.ee\/vanaveeb2026\/?lang=ru\/#organization","name":"Tesmasan O\u00dc","url":"https:\/\/biospa.ee\/vanaveeb2026\/?lang=ru\/","logo":{"@type":"ImageObject","inLanguage":"et","@id":"https:\/\/biospa.ee\/vanaveeb2026\/?lang=ru\/#\/schema\/logo\/image\/","url":"https:\/\/biospa.ee\/vanaveeb2026\/vanaveeb2026\/wp-content\/uploads\/2023\/06\/BioSpa-loggo-est1-0-143.png","contentUrl":"https:\/\/biospa.ee\/vanaveeb2026\/vanaveeb2026\/wp-content\/uploads\/2023\/06\/BioSpa-loggo-est1-0-143.png","width":143,"height":59,"caption":"Tesmasan O\u00dc"},"image":{"@id":"https:\/\/biospa.ee\/vanaveeb2026\/?lang=ru\/#\/schema\/logo\/image\/"},"sameAs":["https:\/\/www.facebook.com\/LoodusBioSpa\/","https:\/\/www.instagram.com\/loodusbiospa\/"]}]}},"_links":{"self":[{"href":"https:\/\/biospa.ee\/vanaveeb2026\/wp-json\/wp\/v2\/pages\/9610","targetHints":{"allow":["GET"]}}],"collection":[{"href":"https:\/\/biospa.ee\/vanaveeb2026\/wp-json\/wp\/v2\/pages"}],"about":[{"href":"https:\/\/biospa.ee\/vanaveeb2026\/wp-json\/wp\/v2\/types\/page"}],"author":[{"embeddable":true,"href":"https:\/\/biospa.ee\/vanaveeb2026\/wp-json\/wp\/v2\/users\/1"}],"replies":[{"embeddable":true,"href":"https:\/\/biospa.ee\/vanaveeb2026\/wp-json\/wp\/v2\/comments?post=9610"}],"version-history":[{"count":0,"href":"https:\/\/biospa.ee\/vanaveeb2026\/wp-json\/wp\/v2\/pages\/9610\/revisions"}],"wp:attachment":[{"href":"https:\/\/biospa.ee\/vanaveeb2026\/wp-json\/wp\/v2\/media?parent=9610"}],"curies":[{"name":"wp","href":"https:\/\/api.w.org\/{rel}","templated":true}]}}