{"id":12681,"date":"2020-11-23T20:17:27","date_gmt":"2020-11-23T18:17:27","guid":{"rendered":"https:\/\/biospa.ee\/vanaveeb2026\/?post_type=product&#038;p=12681"},"modified":"2026-03-25T12:24:03","modified_gmt":"2026-03-25T10:24:03","slug":"kurkumin-curmin-forte-kapslid","status":"publish","type":"product","link":"https:\/\/biospa.ee\/vanaveeb2026\/toode\/kurkumin-curmin-forte-kapslid\/","title":{"rendered":"Pro CURCUMIN FORTE"},"content":{"rendered":"<p><strong>Pro Curcumin Forte \u2013 uuenduslik meetod kurkumi omastamiseks!<\/strong><\/p>\n<p>On olemas palju erinevaid meetodeid kurkumiini omistamise parandamiseks. K\u00f5ige t\u00f5husamateks on osutunud y-ts\u00fcklodekstriin ja pol\u00fcsorbaat 80. Viimane m\u00f5jub halvasti rasvumisele ning kutsub esile p\u00f5letikke. Paljud kurkumiini toidulisandite tootjad reklaamivad \u00fclisuurt kurkumiini omistatavust, kuid j\u00e4tavad samal ajal \u00fctlemata, milliste vahenditega on see saavutatud. Odavate toidulisandite tootmiseks kasutatakse nii kahjulikku pol\u00fcsorbaati kui ka s\u00fcnteetilisi madalakvaliteedilisi komponente naturaalsete asemel.<\/p>\n<p>Pro Curcumin Forte sisaldab uuenduslikku toorainet <strong>CAVACURMIN<\/strong>\u00ae \u2013\u00a0 <strong>40 korda k\u00f5rgemat<\/strong> ainete k\u00e4ttesaadavust kurkumini juurtest. See <strong>ainulaadne<\/strong> kurkumiini vorm on kuni 40 korda paremini imenduv, kuna see on kinnitatud vees lahustuvatesse ts\u00fcklodekstriinidesse.<\/p>\n<p align=\"JUSTIFY\">Kurkumini toidulisand <strong>Pro Curcumin Forte <\/strong>on rikastatud <strong><a href=\"https:\/\/biospa.ee\/vanaveeb2026\/kuidas-muuta-vananemine-teiseks-nooruseks\/\">6 loodusliku ainega<\/a>,<\/strong> millel on \u00fcllatavalt t\u00f5hus toime <strong>kroonilise p\u00f5letiku vastu v\u00f5itlemisel<\/strong>. See omakorda toob kaasa <strong>parema tervisliku seisundi<\/strong> ning hoiab \u00e4ra <strong>enneaegse vananemise ilmingud<\/strong>.\u00a0Need on kurkumiin, tumero-sahhariidid, musta tee ekstrakt, ingver, kvertsetiin ja C-vitamiin. Teeme n\u00fc\u00fcd endale selgeks, mis ainetega on tegu ja kuidas need aitavad meie kehal enneaegset vananemist v\u00e4ltida.<\/p>\n<p align=\"JUSTIFY\"><strong>Kurkumiini<\/strong> leidub rohkelt hariliku kurkumi risoomis, mis on tuntud India v\u00fcrtsi \u00fche koostisainena. Sellel on suurep\u00e4rased p\u00f5letikuvastased omadused, lisaks on tegu antioks\u00fcdandi ja viirusevastase toimega ainega. Kurkumiini saab kasutada m\u00fcrkide v\u00e4ljutamiseks kehast, immuuns\u00fcsteemi stimuleerimiseks ja v\u00e4hiraviks. \u00dcks kasulikke omandusi on raku eluts\u00fckli suurendamise ja kasvajate tekkimise takistamine. Kurkumiin on kantud Euroopa farmakop\u00f6a nimistusse ravimipreparaadina. Ja lisaks see v\u00f5imendab Omega-3 rasvhapete p\u00f5letikuvastast m\u00f5ju.<\/p>\n<p align=\"JUSTIFY\">P\u00f5hiprobleem on sellest, et kurkumiin ei lahustu vees, imendub soolestikus halvasti ning seet\u00f5ttu on looduslikus olekus <strong>kehvasti omastatav<\/strong>. Suurtes kogustes loodusliku kurkumiini igap\u00e4evane tarbimine pole kuigi realistlik. Seevastu kurkumiini sisaldusega toote tarbimine, mis on omastamist t\u00f5hustava toimega, m\u00f5jub kindlasti kasulikult.<\/p>\n<p align=\"JUSTIFY\">J\u00e4rgmine toimeaine on <strong>tumero-sahhariidid<\/strong>. Samuti osa kurkumist, mis on t\u00f5hus nii valuvaigisti kui ka p\u00f5letikuvastasena. Omab lisaks liigeste liikuvust parandavat m\u00f5ju, mis v\u00e4hendab nende tundlikkust ja valu.<\/p>\n<p align=\"JUSTIFY\"><strong>Musta tee ekstrakt<\/strong> sisaldab paljusid bioaktiivseid aineid, sh pol\u00fcfenoolide. Pol\u00fcfenoolid on looduslikult leiduvad \u00fchendid, mida taimed s\u00fcnteesivad reeglina kaitseks stressorite (nt haigusetekitajate) vastu. Eriti kasulikud on teaflaviinid, mis tekivad musta tee k\u00e4\u00e4rimise protsessis. Need on lisaks p\u00f5letikuvastasele toimele ka kolesterooli ja verer\u00f5hku alandavad. See v\u00e4hendab s\u00fcdame-veresoonkonnahaiguste riske ning m\u00f5jub positiivselt s\u00fcdame tervisele. Lisaks toetavad need m\u00f5jud immuuns\u00fcsteemi tegevust vananevate rakkude eemaldamisel ning krooniliste p\u00f5letike v\u00e4hendamisel.<\/p>\n<p align=\"JUSTIFY\"><strong>Ingver<\/strong> on oma kasulike omaduste eest saanud 2018. a. aasta ravimtaime tiitli. Sellel on valuvaigistav, seedetrakti toetav, maohaavandeid ja artriite leevendav ning bakteri- ja seenevastane toime.<\/p>\n<p align=\"JUSTIFY\"><strong>Kvertsetiin<\/strong> on samuti looduslik pigment, mida leidub paljudes puu- ja k\u00f6\u00f6giviljades, teraviljades ja tees. See flavonoid on \u00fcks enim levinud antioks\u00fcdante, mida leidub meie igap\u00e4evases toidus. Tema m\u00f5ju on p\u00f5letikuvastane, allergiavastane, bakterivastane ning verer\u00f5hku alandav, lisaks immuuns\u00fcsteemi toetav vananenud keharakkude eemaldamisel.<\/p>\n<p align=\"JUSTIFY\">Ka <strong>C-vitamiin<\/strong> t\u00e4idab paljusid kasulikke funktsioone ning omab muljetavaldavat positiivset m\u00f5ju tervisele. Meie keha pole v\u00f5imeline seda vitamiini ise tootma ja seet\u00f5ttu tuleb teda manustada toiduga v\u00e4ljastpoolt. C-vitamiin m\u00f5jub samuti antioks\u00fcdandina, soodustab kurkumiini omastamist ja takistab enneaegse vananemise ilminguid. K\u00fclmetushaiguste ajal v\u00f5ib immuns\u00fcsteemi toetamiseks tarbida C-vitamiini isegi kuni 2 grammi p\u00e4evas.<\/p>\n<p align=\"JUSTIFY\">Maailmas on l\u00e4biviidud hulk teadusuuringuid selle kohta, mida meie keha vajab parema tervisliku seisukorra tekitamiseks. V\u00e4ga paljud tootjad ja laborid tegelevad toidulisandite tootmisega, mis sisaldavad n\u00e4iteks Omega-3 rasvhappeid, vitamiine, mineraale ja teisi aineid, mis suudavad toetada meie keha paremat talitamist. Muidugi on peamine k\u00fcsimus alati \u00f5iges doseerimises. Kaasaegse meditsiini \u00fcks asutajatest 16. sajandist Paracelsus on kirjutanud, et m\u00fcrk v\u00e4ikestes kogustes on parim ravim ja hea ravim suurtes kogustes v\u00f5ib olla m\u00fcrk.<\/p>\n<p align=\"JUSTIFY\">\u00c4\u00e4rmiselt harva juhtub, et toidulisandis on k\u00f5ik eelpool kirjeldatud <a href=\"https:\/\/biospa.ee\/vanaveeb2026\/kuidas-muuta-vananemine-teiseks-nooruseks\/\">6 koostisainet olemas ideaalses proportsioonis<\/a> ning valmistatuna kvaliteetsest looduslikust toormest. Pole just palju usadusv\u00e4\u00e4rseid toidulisandeid ja \u00fcks v\u00e4hestest t\u00f5husatoimelistest on <strong><a href=\"https:\/\/biospa.ee\/vanaveeb2026\/toode\/kurkumin-curmin-forte-kapslid\/\">PRO CURCUMIN FORTE<\/a><\/strong>, mille on tootnud mainekas Tisso labor. Oleme nende toodetud tugevatoimelist probiootikumi <a href=\"https:\/\/biospa.ee\/vanaveeb2026\/toode\/probiootik-pro-em-san-pur-vedel-png\/\">PRO EM SAN PUR<\/a> soovitanud juba \u00fcle 15 aasta oma patsientidele. Just sellep\u00e4rast eelistame ka nende <strong><a href=\"https:\/\/biospa.ee\/vanaveeb2026\/toode\/kurkumin-curmin-forte-kapslid\/\">PRO CURCUMIN FORTE<\/a><\/strong>-t. Oleme pikalt otsinud h\u00e4sti tasakaalustatud ning omastatavat kurkumiini ja meil on hea meel, et Tisso laboril on \u00f5nnestunud see l\u00f5puks luua.<\/p>\n","protected":false},"excerpt":{"rendered":"<p>Pro Curcumin Forte (180 kapslit = 75 g)<\/p>\n<p>on t<span class=\"JLqJ4b ChMk0b\" data-language-for-alternatives=\"et\" data-language-to-translate-into=\"en\" data-phrase-index=\"0\">\u00f5hus <strong>premium-klassi toidulisand<\/strong><\/span> <span class=\"JLqJ4b ChMk0b\" data-language-for-alternatives=\"et\" data-language-to-translate-into=\"en\" data-phrase-index=\"2\">kurkumi ekstraktidega<\/span> <span class=\"JLqJ4b ChMk0b\" data-language-for-alternatives=\"et\" data-language-to-translate-into=\"en\" data-phrase-index=\"4\">(CAVACURMIN\u00ae ja Turmacin\u00ae)<\/span> <span class=\"JLqJ4b ChMk0b\" data-language-for-alternatives=\"et\" data-language-to-translate-into=\"en\" data-phrase-index=\"6\">ja C-vitamiiniga<\/span> <span class=\"JLqJ4b ChMk0b\" data-language-for-alternatives=\"et\" data-language-to-translate-into=\"en\" data-phrase-index=\"8\">ilma pol\u00fcsorbaatideta<\/span><\/p>\n<ul>\n<li><strong>40 korda paremini imenduv<\/strong><\/li>\n<li><strong>looduslik p\u00f5letikuvastane efekt<\/strong><\/li>\n<li>toetab valu leevendust liigestes ja lihastes<\/li>\n<li>on toetavaks abiks ainevahetuse paranemisel<\/li>\n<li>on toetavaks abiks diabeedi ja nahahaiguste puhul<\/li>\n<li>on toetavaks abiks seedeh\u00e4irete ja maksakahjustuste korral<\/li>\n<li>toetab keemiateraapia k\u00f5rvaltoimete leevendamist<\/li>\n<li>aitab kaitsta rakke oks\u00fcdatiivse stressi eest<\/li>\n<li>aitab kaasa kollageeni moodustumisele<\/li>\n<\/ul>\n<p><a href=\"https:\/\/biospa.ee\/vanaveeb2026\/?attachment_id=13299\"><img decoding=\"async\" class=\"alignnone wp-image-13299 size-full\" title=\"Ei sisalda magusaineid, s\u00e4ilitusaineid, aroome, v\u00e4rvaineid, maitsetugevdajaid, kunstlikke koostisosi\" src=\"https:\/\/biospa.ee\/vanaveeb2026\/wp-content\/uploads\/2020\/11\/TISSOgramm_ohne-zusatz-von.png\" alt=\"\" width=\"45\" height=\"45\" \/><\/a> <a href=\"https:\/\/biospa.ee\/vanaveeb2026\/wp-content\/uploads\/2020\/11\/TISSOgramm_Fructosefrei.png\"><img decoding=\"async\" class=\"alignnone wp-image-13296 size-full\" title=\"Fruktoosivaba \" src=\"https:\/\/biospa.ee\/vanaveeb2026\/wp-content\/uploads\/2020\/11\/TISSOgramm_Fructosefrei.png\" alt=\"\" width=\"45\" height=\"45\" \/><\/a><img decoding=\"async\" class=\"alignnone wp-image-13293 size-full\" title=\"P\u00e4rmivaba \" src=\"https:\/\/biospa.ee\/vanaveeb2026\/wp-content\/uploads\/2020\/11\/TISSOgramm_Hefefrei.png\" alt=\"\" width=\"45\" height=\"45\" \/> <img decoding=\"async\" class=\"alignnone wp-image-13290 size-full\" title=\"Gluteenivaba \" src=\"https:\/\/biospa.ee\/vanaveeb2026\/wp-content\/uploads\/2020\/11\/TISSOgramm_Glutenfrei.png\" alt=\"\" width=\"45\" height=\"45\" \/> <img decoding=\"async\" class=\"alignnone wp-image-13287 size-full\" title=\"Kahjulike koostisaineteta\" src=\"https:\/\/biospa.ee\/vanaveeb2026\/wp-content\/uploads\/2020\/11\/TISSOgramm_Schadstofffrei.png\" alt=\"\" width=\"45\" height=\"45\" \/> <img decoding=\"async\" class=\"alignnone wp-image-13284 size-full\" title=\"H\u00fcpoallergeenne \" src=\"https:\/\/biospa.ee\/vanaveeb2026\/wp-content\/uploads\/2020\/11\/TISSOgramm_Hypoallergen.png\" alt=\"\" width=\"45\" height=\"45\" \/> <img decoding=\"async\" class=\"alignnone wp-image-13281 size-full\" title=\"Laktoosivaba \" src=\"https:\/\/biospa.ee\/vanaveeb2026\/wp-content\/uploads\/2020\/11\/TISSOgramm_Lactosefrei.png\" alt=\"\" width=\"45\" height=\"45\" \/> <img decoding=\"async\" class=\"alignnone wp-image-13278 size-full\" title=\"Looduslikud koostisosad\" src=\"https:\/\/biospa.ee\/vanaveeb2026\/wp-content\/uploads\/2020\/11\/TISSOgramm_Natuerliche-Inhaltsstoffe.png\" alt=\"\" width=\"45\" height=\"45\" \/> <img decoding=\"async\" class=\"alignnone wp-image-13275 size-full\" title=\"Vegan\" src=\"https:\/\/biospa.ee\/vanaveeb2026\/wp-content\/uploads\/2020\/11\/TISSOgramm_Vegan.png\" alt=\"\" width=\"45\" height=\"45\" \/><\/p>\n","protected":false},"featured_media":96826,"template":"","meta":[],"product_brand":[],"product_cat":[263],"product_tag":[324,325,326,327],"class_list":{"0":"post-12681","1":"product","2":"type-product","3":"status-publish","4":"has-post-thumbnail","6":"product_cat-toidulisandid","7":"product_tag-antioksudant","8":"product_tag-poletikuvastane","9":"product_tag-valu-leevendus","10":"product_tag-raku-kaitse","12":"first","13":"instock","14":"taxable","15":"shipping-taxable","16":"purchasable","17":"product-type-simple"},"yoast_head":"<!-- This site is optimized with the Yoast SEO plugin v27.3 - https:\/\/yoast.com\/product\/yoast-seo-wordpress\/ -->\n<title>Pro CURCUMIN FORTE - Loodus BioSpa<\/title>\n<meta name=\"robots\" content=\"index, follow, max-snippet:-1, max-image-preview:large, max-video-preview:-1\" \/>\n<link rel=\"canonical\" href=\"https:\/\/biospa.ee\/vanaveeb2026\/toode\/kurkumin-curmin-forte-kapslid\/\" \/>\n<meta property=\"og:locale\" content=\"et_EE\" \/>\n<meta property=\"og:type\" content=\"article\" \/>\n<meta property=\"og:title\" content=\"Pro CURCUMIN FORTE - Loodus BioSpa\" \/>\n<meta property=\"og:description\" content=\"Pro Curcumin Forte (180 kapslit = 75 g)  on t\u00f5hus premium-klassi toidulisand kurkumi ekstraktidega (CAVACURMIN\u00ae ja Turmacin\u00ae) ja C-vitamiiniga ilma pol\u00fcsorbaatideta   40 korda paremini imenduv  looduslik p\u00f5letikuvastane efekt  toetab valu leevendust liigestes ja lihastes  on toetavaks abiks ainevahetuse paranemisel  on toetavaks abiks diabeedi ja nahahaiguste puhul  on toetavaks abiks seedeh\u00e4irete ja maksakahjustuste korral  toetab keemiateraapia k\u00f5rvaltoimete leevendamist  aitab kaitsta rakke oks\u00fcdatiivse stressi eest  aitab kaasa kollageeni moodustumisele\" \/>\n<meta property=\"og:url\" content=\"https:\/\/biospa.ee\/vanaveeb2026\/toode\/kurkumin-curmin-forte-kapslid\/\" \/>\n<meta property=\"og:site_name\" content=\"Loodus BioSpa\" \/>\n<meta property=\"article:publisher\" content=\"https:\/\/www.facebook.com\/LoodusBioSpa\/\" \/>\n<meta property=\"article:modified_time\" content=\"2026-03-25T10:24:03+00:00\" \/>\n<meta property=\"og:image\" content=\"https:\/\/biospa.ee\/vanaveeb2026\/wp-content\/uploads\/2020\/11\/TISSO_Naturprodukte_Pro-Curcumin-Forte_FS_Icon-1.jpg\" \/>\n\t<meta property=\"og:image:width\" content=\"1080\" \/>\n\t<meta property=\"og:image:height\" content=\"1080\" \/>\n\t<meta property=\"og:image:type\" content=\"image\/jpeg\" \/>\n<meta name=\"twitter:card\" content=\"summary_large_image\" \/>\n<meta name=\"twitter:label1\" content=\"Est. reading time\" \/>\n\t<meta name=\"twitter:data1\" content=\"4 minutit\" \/>\n<script type=\"application\/ld+json\" class=\"yoast-schema-graph\">{\"@context\":\"https:\\\/\\\/schema.org\",\"@graph\":[{\"@type\":\"WebPage\",\"@id\":\"https:\\\/\\\/biospa.ee\\\/vanaveeb2026\\\/toode\\\/kurkumin-curmin-forte-kapslid\\\/\",\"url\":\"https:\\\/\\\/biospa.ee\\\/vanaveeb2026\\\/toode\\\/kurkumin-curmin-forte-kapslid\\\/\",\"name\":\"Pro CURCUMIN FORTE - Loodus BioSpa\",\"isPartOf\":{\"@id\":\"https:\\\/\\\/biospa.ee\\\/vanaveeb2026\\\/#website\"},\"primaryImageOfPage\":{\"@id\":\"https:\\\/\\\/biospa.ee\\\/vanaveeb2026\\\/toode\\\/kurkumin-curmin-forte-kapslid\\\/#primaryimage\"},\"image\":{\"@id\":\"https:\\\/\\\/biospa.ee\\\/vanaveeb2026\\\/toode\\\/kurkumin-curmin-forte-kapslid\\\/#primaryimage\"},\"thumbnailUrl\":\"https:\\\/\\\/biospa.ee\\\/vanaveeb2026\\\/wp-content\\\/uploads\\\/2020\\\/11\\\/TISSO_Naturprodukte_Pro-Curcumin-Forte_FS_Icon-1.jpg\",\"datePublished\":\"2020-11-23T18:17:27+00:00\",\"dateModified\":\"2026-03-25T10:24:03+00:00\",\"breadcrumb\":{\"@id\":\"https:\\\/\\\/biospa.ee\\\/vanaveeb2026\\\/toode\\\/kurkumin-curmin-forte-kapslid\\\/#breadcrumb\"},\"inLanguage\":\"et\",\"potentialAction\":[{\"@type\":\"ReadAction\",\"target\":[\"https:\\\/\\\/biospa.ee\\\/vanaveeb2026\\\/toode\\\/kurkumin-curmin-forte-kapslid\\\/\"]}]},{\"@type\":\"ImageObject\",\"inLanguage\":\"et\",\"@id\":\"https:\\\/\\\/biospa.ee\\\/vanaveeb2026\\\/toode\\\/kurkumin-curmin-forte-kapslid\\\/#primaryimage\",\"url\":\"https:\\\/\\\/biospa.ee\\\/vanaveeb2026\\\/wp-content\\\/uploads\\\/2020\\\/11\\\/TISSO_Naturprodukte_Pro-Curcumin-Forte_FS_Icon-1.jpg\",\"contentUrl\":\"https:\\\/\\\/biospa.ee\\\/vanaveeb2026\\\/wp-content\\\/uploads\\\/2020\\\/11\\\/TISSO_Naturprodukte_Pro-Curcumin-Forte_FS_Icon-1.jpg\",\"width\":1080,\"height\":1080},{\"@type\":\"BreadcrumbList\",\"@id\":\"https:\\\/\\\/biospa.ee\\\/vanaveeb2026\\\/toode\\\/kurkumin-curmin-forte-kapslid\\\/#breadcrumb\",\"itemListElement\":[{\"@type\":\"ListItem\",\"position\":1,\"name\":\"Home\",\"item\":\"https:\\\/\\\/biospa.ee\\\/vanaveeb2026\\\/\"},{\"@type\":\"ListItem\",\"position\":2,\"name\":\"Pood\",\"item\":\"https:\\\/\\\/biospa.ee\\\/vanaveeb2026\\\/pood\\\/\"},{\"@type\":\"ListItem\",\"position\":3,\"name\":\"Pro CURCUMIN FORTE\"}]},{\"@type\":\"WebSite\",\"@id\":\"https:\\\/\\\/biospa.ee\\\/vanaveeb2026\\\/#website\",\"url\":\"https:\\\/\\\/biospa.ee\\\/vanaveeb2026\\\/\",\"name\":\"Loodus BioSpa\",\"description\":\"Loodus BioSpa\",\"publisher\":{\"@id\":\"https:\\\/\\\/biospa.ee\\\/vanaveeb2026\\\/#organization\"},\"potentialAction\":[{\"@type\":\"SearchAction\",\"target\":{\"@type\":\"EntryPoint\",\"urlTemplate\":\"https:\\\/\\\/biospa.ee\\\/vanaveeb2026\\\/?s={search_term_string}\"},\"query-input\":{\"@type\":\"PropertyValueSpecification\",\"valueRequired\":true,\"valueName\":\"search_term_string\"}}],\"inLanguage\":\"et\"},{\"@type\":\"Organization\",\"@id\":\"https:\\\/\\\/biospa.ee\\\/vanaveeb2026\\\/#organization\",\"name\":\"Tesmasan O\u00dc\",\"url\":\"https:\\\/\\\/biospa.ee\\\/vanaveeb2026\\\/\",\"logo\":{\"@type\":\"ImageObject\",\"inLanguage\":\"et\",\"@id\":\"https:\\\/\\\/biospa.ee\\\/vanaveeb2026\\\/#\\\/schema\\\/logo\\\/image\\\/\",\"url\":\"https:\\\/\\\/biospa.ee\\\/vanaveeb2026\\\/vanaveeb2026\\\/wp-content\\\/uploads\\\/2023\\\/06\\\/BioSpa-loggo-est1-0-143.png\",\"contentUrl\":\"https:\\\/\\\/biospa.ee\\\/vanaveeb2026\\\/vanaveeb2026\\\/wp-content\\\/uploads\\\/2023\\\/06\\\/BioSpa-loggo-est1-0-143.png\",\"width\":143,\"height\":59,\"caption\":\"Tesmasan O\u00dc\"},\"image\":{\"@id\":\"https:\\\/\\\/biospa.ee\\\/vanaveeb2026\\\/#\\\/schema\\\/logo\\\/image\\\/\"},\"sameAs\":[\"https:\\\/\\\/www.facebook.com\\\/LoodusBioSpa\\\/\",\"https:\\\/\\\/www.instagram.com\\\/loodusbiospa\\\/\"]}]}<\/script>\n<!-- \/ Yoast SEO plugin. -->","yoast_head_json":{"title":"Pro CURCUMIN FORTE - Loodus BioSpa","robots":{"index":"index","follow":"follow","max-snippet":"max-snippet:-1","max-image-preview":"max-image-preview:large","max-video-preview":"max-video-preview:-1"},"canonical":"https:\/\/biospa.ee\/vanaveeb2026\/toode\/kurkumin-curmin-forte-kapslid\/","og_locale":"et_EE","og_type":"article","og_title":"Pro CURCUMIN FORTE - Loodus BioSpa","og_description":"Pro Curcumin Forte (180 kapslit = 75 g)  on t\u00f5hus premium-klassi toidulisand kurkumi ekstraktidega (CAVACURMIN\u00ae ja Turmacin\u00ae) ja C-vitamiiniga ilma pol\u00fcsorbaatideta   40 korda paremini imenduv  looduslik p\u00f5letikuvastane efekt  toetab valu leevendust liigestes ja lihastes  on toetavaks abiks ainevahetuse paranemisel  on toetavaks abiks diabeedi ja nahahaiguste puhul  on toetavaks abiks seedeh\u00e4irete ja maksakahjustuste korral  toetab keemiateraapia k\u00f5rvaltoimete leevendamist  aitab kaitsta rakke oks\u00fcdatiivse stressi eest  aitab kaasa kollageeni moodustumisele","og_url":"https:\/\/biospa.ee\/vanaveeb2026\/toode\/kurkumin-curmin-forte-kapslid\/","og_site_name":"Loodus BioSpa","article_publisher":"https:\/\/www.facebook.com\/LoodusBioSpa\/","article_modified_time":"2026-03-25T10:24:03+00:00","og_image":[{"width":1080,"height":1080,"url":"https:\/\/biospa.ee\/vanaveeb2026\/wp-content\/uploads\/2020\/11\/TISSO_Naturprodukte_Pro-Curcumin-Forte_FS_Icon-1.jpg","type":"image\/jpeg"}],"twitter_card":"summary_large_image","twitter_misc":{"Est. reading time":"4 minutit"},"schema":{"@context":"https:\/\/schema.org","@graph":[{"@type":"WebPage","@id":"https:\/\/biospa.ee\/vanaveeb2026\/toode\/kurkumin-curmin-forte-kapslid\/","url":"https:\/\/biospa.ee\/vanaveeb2026\/toode\/kurkumin-curmin-forte-kapslid\/","name":"Pro CURCUMIN FORTE - Loodus BioSpa","isPartOf":{"@id":"https:\/\/biospa.ee\/vanaveeb2026\/#website"},"primaryImageOfPage":{"@id":"https:\/\/biospa.ee\/vanaveeb2026\/toode\/kurkumin-curmin-forte-kapslid\/#primaryimage"},"image":{"@id":"https:\/\/biospa.ee\/vanaveeb2026\/toode\/kurkumin-curmin-forte-kapslid\/#primaryimage"},"thumbnailUrl":"https:\/\/biospa.ee\/vanaveeb2026\/wp-content\/uploads\/2020\/11\/TISSO_Naturprodukte_Pro-Curcumin-Forte_FS_Icon-1.jpg","datePublished":"2020-11-23T18:17:27+00:00","dateModified":"2026-03-25T10:24:03+00:00","breadcrumb":{"@id":"https:\/\/biospa.ee\/vanaveeb2026\/toode\/kurkumin-curmin-forte-kapslid\/#breadcrumb"},"inLanguage":"et","potentialAction":[{"@type":"ReadAction","target":["https:\/\/biospa.ee\/vanaveeb2026\/toode\/kurkumin-curmin-forte-kapslid\/"]}]},{"@type":"ImageObject","inLanguage":"et","@id":"https:\/\/biospa.ee\/vanaveeb2026\/toode\/kurkumin-curmin-forte-kapslid\/#primaryimage","url":"https:\/\/biospa.ee\/vanaveeb2026\/wp-content\/uploads\/2020\/11\/TISSO_Naturprodukte_Pro-Curcumin-Forte_FS_Icon-1.jpg","contentUrl":"https:\/\/biospa.ee\/vanaveeb2026\/wp-content\/uploads\/2020\/11\/TISSO_Naturprodukte_Pro-Curcumin-Forte_FS_Icon-1.jpg","width":1080,"height":1080},{"@type":"BreadcrumbList","@id":"https:\/\/biospa.ee\/vanaveeb2026\/toode\/kurkumin-curmin-forte-kapslid\/#breadcrumb","itemListElement":[{"@type":"ListItem","position":1,"name":"Home","item":"https:\/\/biospa.ee\/vanaveeb2026\/"},{"@type":"ListItem","position":2,"name":"Pood","item":"https:\/\/biospa.ee\/vanaveeb2026\/pood\/"},{"@type":"ListItem","position":3,"name":"Pro CURCUMIN FORTE"}]},{"@type":"WebSite","@id":"https:\/\/biospa.ee\/vanaveeb2026\/#website","url":"https:\/\/biospa.ee\/vanaveeb2026\/","name":"Loodus BioSpa","description":"Loodus BioSpa","publisher":{"@id":"https:\/\/biospa.ee\/vanaveeb2026\/#organization"},"potentialAction":[{"@type":"SearchAction","target":{"@type":"EntryPoint","urlTemplate":"https:\/\/biospa.ee\/vanaveeb2026\/?s={search_term_string}"},"query-input":{"@type":"PropertyValueSpecification","valueRequired":true,"valueName":"search_term_string"}}],"inLanguage":"et"},{"@type":"Organization","@id":"https:\/\/biospa.ee\/vanaveeb2026\/#organization","name":"Tesmasan O\u00dc","url":"https:\/\/biospa.ee\/vanaveeb2026\/","logo":{"@type":"ImageObject","inLanguage":"et","@id":"https:\/\/biospa.ee\/vanaveeb2026\/#\/schema\/logo\/image\/","url":"https:\/\/biospa.ee\/vanaveeb2026\/vanaveeb2026\/wp-content\/uploads\/2023\/06\/BioSpa-loggo-est1-0-143.png","contentUrl":"https:\/\/biospa.ee\/vanaveeb2026\/vanaveeb2026\/wp-content\/uploads\/2023\/06\/BioSpa-loggo-est1-0-143.png","width":143,"height":59,"caption":"Tesmasan O\u00dc"},"image":{"@id":"https:\/\/biospa.ee\/vanaveeb2026\/#\/schema\/logo\/image\/"},"sameAs":["https:\/\/www.facebook.com\/LoodusBioSpa\/","https:\/\/www.instagram.com\/loodusbiospa\/"]}]}},"_links":{"self":[{"href":"https:\/\/biospa.ee\/vanaveeb2026\/wp-json\/wp\/v2\/product\/12681","targetHints":{"allow":["GET"]}}],"collection":[{"href":"https:\/\/biospa.ee\/vanaveeb2026\/wp-json\/wp\/v2\/product"}],"about":[{"href":"https:\/\/biospa.ee\/vanaveeb2026\/wp-json\/wp\/v2\/types\/product"}],"wp:featuredmedia":[{"embeddable":true,"href":"https:\/\/biospa.ee\/vanaveeb2026\/wp-json\/wp\/v2\/media\/96826"}],"wp:attachment":[{"href":"https:\/\/biospa.ee\/vanaveeb2026\/wp-json\/wp\/v2\/media?parent=12681"}],"wp:term":[{"taxonomy":"product_brand","embeddable":true,"href":"https:\/\/biospa.ee\/vanaveeb2026\/wp-json\/wp\/v2\/product_brand?post=12681"},{"taxonomy":"product_cat","embeddable":true,"href":"https:\/\/biospa.ee\/vanaveeb2026\/wp-json\/wp\/v2\/product_cat?post=12681"},{"taxonomy":"product_tag","embeddable":true,"href":"https:\/\/biospa.ee\/vanaveeb2026\/wp-json\/wp\/v2\/product_tag?post=12681"}],"curies":[{"name":"wp","href":"https:\/\/api.w.org\/{rel}","templated":true}]}}