{"id":13369,"date":"2021-01-21T17:40:45","date_gmt":"2021-01-21T15:40:45","guid":{"rendered":"https:\/\/biospa.ee\/vanaveeb2026\/?post_type=product&#038;p=13369"},"modified":"2024-07-02T14:10:09","modified_gmt":"2024-07-02T11:10:09","slug":"detox-detoks-puhas-soolestik","status":"publish","type":"product","link":"https:\/\/biospa.ee\/vanaveeb2026\/toode\/detox-detoks-puhas-soolestik\/","title":{"rendered":"DETOX KIT puhas soolestik"},"content":{"rendered":"<p><span lang=\"et-EE\">Soolestiku seisundit m\u00f5jutab eelk\u00f5ige liigne<\/span><span lang=\"et-EE\"> loomse valgu, alkoholi, kohvi, kiirtoidu, valge jahu, suhkru ja soola ning antibiootikumide tarbimine. Varem v\u00f5i hiljem tekivad kaebused nagu t\u00e4idlus, allergiad, toidutalumatus, puhitus, k\u00f5hukinnisus, k\u00f5hulahtisus v\u00f5i v\u00e4simus. Areneda v\u00f5ib isegi soolestiku kasvaja. <\/span><\/p>\n<p>Soolestiku looduslikuks kuid samas t\u00f5husaks puhastamiseks on Dr. Trofimova koostanud t\u00f5husa loodusliku organismi puhastuskomplekti( lahtistava toimega), mis koosneb lahtistavast soolast( magneesiumsulfaat ), mineraalide segupulbrist( naatriumi h\u00fcdrogeen karbonaat, di-naatriumh\u00fcdrogeenfostaat, tsinktsitraat<span style=\"color: #000000; font-size: 12pt; font-family: georgia, palatino, serif;\">)<\/span>\u00a0 ning lahtistavast teest(<span style=\"font-size: 12pt;\"><span lang=\"et-EE\"> kummel, naistepuna, piparm\u00fcnt, teeleht, raudrohi, saialill, k\u00f5rven\u00f5ges, soolikarohi).<\/span><\/span><\/p>\n<p>.<\/p>\n<p>Kuuri j\u00e4rgselt on <strong>oluline taastada soolestiku floora<\/strong>, sellega saab hakkama vaid k\u00f5rge bakteriaalse sisaldusega <strong>probiootik Pro Em San Pur<\/strong>. Biokliinik on selle probiootiku maaletooja ning <a href=\"https:\/\/biospa.ee\/vanaveeb2026\/toode\/probiootik-pro-em-san-pur-vedel-png\/\">seda saab osta meie e-poest<\/a>.<\/p>\n","protected":false},"excerpt":{"rendered":"<p>Dr. Trofimova on koostanud t\u00f5husa loodusliku organismi puhastuskomplekti koduse detokskuuri l\u00e4bimiseks<\/p>\n<p>DETOX-KIT sisaldab:<\/p>\n<ul>\n<li>m\u00f5rusoola( lahtistava toimega) 5 p\u00e4evaks<\/li>\n<li>taimeteed ( lahtistava toimega)5 p\u00e4evaks<\/li>\n<li>baaspulbrit (mineraalaineid) 5 p\u00e4evaks<\/li>\n<\/ul>\n","protected":false},"featured_media":19870,"template":"","meta":[],"product_brand":[],"product_cat":[296],"product_tag":[],"class_list":{"0":"post-13369","1":"product","2":"type-product","3":"status-publish","4":"has-post-thumbnail","6":"product_cat-varia","8":"first","9":"instock","10":"taxable","11":"shipping-taxable","12":"purchasable","13":"product-type-simple"},"yoast_head":"<!-- This site is optimized with the Yoast SEO plugin v27.3 - https:\/\/yoast.com\/product\/yoast-seo-wordpress\/ -->\n<title>DETOX KIT puhas soolestik - Loodus BioSpa<\/title>\n<meta name=\"robots\" content=\"index, follow, max-snippet:-1, max-image-preview:large, max-video-preview:-1\" \/>\n<link rel=\"canonical\" href=\"https:\/\/biospa.ee\/vanaveeb2026\/toode\/detox-detoks-puhas-soolestik\/\" \/>\n<meta property=\"og:locale\" content=\"et_EE\" \/>\n<meta property=\"og:type\" content=\"article\" \/>\n<meta property=\"og:title\" content=\"DETOX KIT puhas soolestik - Loodus BioSpa\" \/>\n<meta property=\"og:description\" content=\"Dr. Trofimova on koostanud t\u00f5husa loodusliku organismi puhastuskomplekti koduse detokskuuri l\u00e4bimiseks  DETOX-KIT sisaldab:   m\u00f5rusoola( lahtistava toimega) 5 p\u00e4evaks  taimeteed ( lahtistava toimega)5 p\u00e4evaks  baaspulbrit (mineraalaineid) 5 p\u00e4evaks\" \/>\n<meta property=\"og:url\" content=\"https:\/\/biospa.ee\/vanaveeb2026\/toode\/detox-detoks-puhas-soolestik\/\" \/>\n<meta property=\"og:site_name\" content=\"Loodus BioSpa\" \/>\n<meta property=\"article:publisher\" content=\"https:\/\/www.facebook.com\/LoodusBioSpa\/\" \/>\n<meta property=\"article:modified_time\" content=\"2024-07-02T11:10:09+00:00\" \/>\n<meta name=\"twitter:card\" content=\"summary_large_image\" \/>\n<meta name=\"twitter:label1\" content=\"Est. reading time\" \/>\n\t<meta name=\"twitter:data1\" content=\"1 minut\" \/>\n<script type=\"application\/ld+json\" class=\"yoast-schema-graph\">{\"@context\":\"https:\\\/\\\/schema.org\",\"@graph\":[{\"@type\":\"WebPage\",\"@id\":\"https:\\\/\\\/biospa.ee\\\/vanaveeb2026\\\/toode\\\/detox-detoks-puhas-soolestik\\\/\",\"url\":\"https:\\\/\\\/biospa.ee\\\/vanaveeb2026\\\/toode\\\/detox-detoks-puhas-soolestik\\\/\",\"name\":\"DETOX KIT puhas soolestik - Loodus BioSpa\",\"isPartOf\":{\"@id\":\"https:\\\/\\\/biospa.ee\\\/vanaveeb2026\\\/#website\"},\"primaryImageOfPage\":{\"@id\":\"https:\\\/\\\/biospa.ee\\\/vanaveeb2026\\\/toode\\\/detox-detoks-puhas-soolestik\\\/#primaryimage\"},\"image\":{\"@id\":\"https:\\\/\\\/biospa.ee\\\/vanaveeb2026\\\/toode\\\/detox-detoks-puhas-soolestik\\\/#primaryimage\"},\"thumbnailUrl\":\"https:\\\/\\\/biospa.ee\\\/vanaveeb2026\\\/wp-content\\\/uploads\\\/2021\\\/01\\\/9q9d6s59.bmp\",\"datePublished\":\"2021-01-21T15:40:45+00:00\",\"dateModified\":\"2024-07-02T11:10:09+00:00\",\"breadcrumb\":{\"@id\":\"https:\\\/\\\/biospa.ee\\\/vanaveeb2026\\\/toode\\\/detox-detoks-puhas-soolestik\\\/#breadcrumb\"},\"inLanguage\":\"et\",\"potentialAction\":[{\"@type\":\"ReadAction\",\"target\":[\"https:\\\/\\\/biospa.ee\\\/vanaveeb2026\\\/toode\\\/detox-detoks-puhas-soolestik\\\/\"]}]},{\"@type\":\"ImageObject\",\"inLanguage\":\"et\",\"@id\":\"https:\\\/\\\/biospa.ee\\\/vanaveeb2026\\\/toode\\\/detox-detoks-puhas-soolestik\\\/#primaryimage\",\"url\":\"https:\\\/\\\/biospa.ee\\\/vanaveeb2026\\\/wp-content\\\/uploads\\\/2021\\\/01\\\/9q9d6s59.bmp\",\"contentUrl\":\"https:\\\/\\\/biospa.ee\\\/vanaveeb2026\\\/wp-content\\\/uploads\\\/2021\\\/01\\\/9q9d6s59.bmp\",\"width\":960,\"height\":960},{\"@type\":\"BreadcrumbList\",\"@id\":\"https:\\\/\\\/biospa.ee\\\/vanaveeb2026\\\/toode\\\/detox-detoks-puhas-soolestik\\\/#breadcrumb\",\"itemListElement\":[{\"@type\":\"ListItem\",\"position\":1,\"name\":\"Home\",\"item\":\"https:\\\/\\\/biospa.ee\\\/vanaveeb2026\\\/\"},{\"@type\":\"ListItem\",\"position\":2,\"name\":\"Pood\",\"item\":\"https:\\\/\\\/biospa.ee\\\/vanaveeb2026\\\/pood\\\/\"},{\"@type\":\"ListItem\",\"position\":3,\"name\":\"DETOX KIT puhas soolestik\"}]},{\"@type\":\"WebSite\",\"@id\":\"https:\\\/\\\/biospa.ee\\\/vanaveeb2026\\\/#website\",\"url\":\"https:\\\/\\\/biospa.ee\\\/vanaveeb2026\\\/\",\"name\":\"Loodus BioSpa\",\"description\":\"Loodus BioSpa\",\"publisher\":{\"@id\":\"https:\\\/\\\/biospa.ee\\\/vanaveeb2026\\\/#organization\"},\"potentialAction\":[{\"@type\":\"SearchAction\",\"target\":{\"@type\":\"EntryPoint\",\"urlTemplate\":\"https:\\\/\\\/biospa.ee\\\/vanaveeb2026\\\/?s={search_term_string}\"},\"query-input\":{\"@type\":\"PropertyValueSpecification\",\"valueRequired\":true,\"valueName\":\"search_term_string\"}}],\"inLanguage\":\"et\"},{\"@type\":\"Organization\",\"@id\":\"https:\\\/\\\/biospa.ee\\\/vanaveeb2026\\\/#organization\",\"name\":\"Tesmasan O\u00dc\",\"url\":\"https:\\\/\\\/biospa.ee\\\/vanaveeb2026\\\/\",\"logo\":{\"@type\":\"ImageObject\",\"inLanguage\":\"et\",\"@id\":\"https:\\\/\\\/biospa.ee\\\/vanaveeb2026\\\/#\\\/schema\\\/logo\\\/image\\\/\",\"url\":\"https:\\\/\\\/biospa.ee\\\/vanaveeb2026\\\/vanaveeb2026\\\/wp-content\\\/uploads\\\/2023\\\/06\\\/BioSpa-loggo-est1-0-143.png\",\"contentUrl\":\"https:\\\/\\\/biospa.ee\\\/vanaveeb2026\\\/vanaveeb2026\\\/wp-content\\\/uploads\\\/2023\\\/06\\\/BioSpa-loggo-est1-0-143.png\",\"width\":143,\"height\":59,\"caption\":\"Tesmasan O\u00dc\"},\"image\":{\"@id\":\"https:\\\/\\\/biospa.ee\\\/vanaveeb2026\\\/#\\\/schema\\\/logo\\\/image\\\/\"},\"sameAs\":[\"https:\\\/\\\/www.facebook.com\\\/LoodusBioSpa\\\/\",\"https:\\\/\\\/www.instagram.com\\\/loodusbiospa\\\/\"]}]}<\/script>\n<!-- \/ Yoast SEO plugin. -->","yoast_head_json":{"title":"DETOX KIT puhas soolestik - Loodus BioSpa","robots":{"index":"index","follow":"follow","max-snippet":"max-snippet:-1","max-image-preview":"max-image-preview:large","max-video-preview":"max-video-preview:-1"},"canonical":"https:\/\/biospa.ee\/vanaveeb2026\/toode\/detox-detoks-puhas-soolestik\/","og_locale":"et_EE","og_type":"article","og_title":"DETOX KIT puhas soolestik - Loodus BioSpa","og_description":"Dr. Trofimova on koostanud t\u00f5husa loodusliku organismi puhastuskomplekti koduse detokskuuri l\u00e4bimiseks  DETOX-KIT sisaldab:   m\u00f5rusoola( lahtistava toimega) 5 p\u00e4evaks  taimeteed ( lahtistava toimega)5 p\u00e4evaks  baaspulbrit (mineraalaineid) 5 p\u00e4evaks","og_url":"https:\/\/biospa.ee\/vanaveeb2026\/toode\/detox-detoks-puhas-soolestik\/","og_site_name":"Loodus BioSpa","article_publisher":"https:\/\/www.facebook.com\/LoodusBioSpa\/","article_modified_time":"2024-07-02T11:10:09+00:00","twitter_card":"summary_large_image","twitter_misc":{"Est. reading time":"1 minut"},"schema":{"@context":"https:\/\/schema.org","@graph":[{"@type":"WebPage","@id":"https:\/\/biospa.ee\/vanaveeb2026\/toode\/detox-detoks-puhas-soolestik\/","url":"https:\/\/biospa.ee\/vanaveeb2026\/toode\/detox-detoks-puhas-soolestik\/","name":"DETOX KIT puhas soolestik - Loodus BioSpa","isPartOf":{"@id":"https:\/\/biospa.ee\/vanaveeb2026\/#website"},"primaryImageOfPage":{"@id":"https:\/\/biospa.ee\/vanaveeb2026\/toode\/detox-detoks-puhas-soolestik\/#primaryimage"},"image":{"@id":"https:\/\/biospa.ee\/vanaveeb2026\/toode\/detox-detoks-puhas-soolestik\/#primaryimage"},"thumbnailUrl":"https:\/\/biospa.ee\/vanaveeb2026\/wp-content\/uploads\/2021\/01\/9q9d6s59.bmp","datePublished":"2021-01-21T15:40:45+00:00","dateModified":"2024-07-02T11:10:09+00:00","breadcrumb":{"@id":"https:\/\/biospa.ee\/vanaveeb2026\/toode\/detox-detoks-puhas-soolestik\/#breadcrumb"},"inLanguage":"et","potentialAction":[{"@type":"ReadAction","target":["https:\/\/biospa.ee\/vanaveeb2026\/toode\/detox-detoks-puhas-soolestik\/"]}]},{"@type":"ImageObject","inLanguage":"et","@id":"https:\/\/biospa.ee\/vanaveeb2026\/toode\/detox-detoks-puhas-soolestik\/#primaryimage","url":"https:\/\/biospa.ee\/vanaveeb2026\/wp-content\/uploads\/2021\/01\/9q9d6s59.bmp","contentUrl":"https:\/\/biospa.ee\/vanaveeb2026\/wp-content\/uploads\/2021\/01\/9q9d6s59.bmp","width":960,"height":960},{"@type":"BreadcrumbList","@id":"https:\/\/biospa.ee\/vanaveeb2026\/toode\/detox-detoks-puhas-soolestik\/#breadcrumb","itemListElement":[{"@type":"ListItem","position":1,"name":"Home","item":"https:\/\/biospa.ee\/vanaveeb2026\/"},{"@type":"ListItem","position":2,"name":"Pood","item":"https:\/\/biospa.ee\/vanaveeb2026\/pood\/"},{"@type":"ListItem","position":3,"name":"DETOX KIT puhas soolestik"}]},{"@type":"WebSite","@id":"https:\/\/biospa.ee\/vanaveeb2026\/#website","url":"https:\/\/biospa.ee\/vanaveeb2026\/","name":"Loodus BioSpa","description":"Loodus BioSpa","publisher":{"@id":"https:\/\/biospa.ee\/vanaveeb2026\/#organization"},"potentialAction":[{"@type":"SearchAction","target":{"@type":"EntryPoint","urlTemplate":"https:\/\/biospa.ee\/vanaveeb2026\/?s={search_term_string}"},"query-input":{"@type":"PropertyValueSpecification","valueRequired":true,"valueName":"search_term_string"}}],"inLanguage":"et"},{"@type":"Organization","@id":"https:\/\/biospa.ee\/vanaveeb2026\/#organization","name":"Tesmasan O\u00dc","url":"https:\/\/biospa.ee\/vanaveeb2026\/","logo":{"@type":"ImageObject","inLanguage":"et","@id":"https:\/\/biospa.ee\/vanaveeb2026\/#\/schema\/logo\/image\/","url":"https:\/\/biospa.ee\/vanaveeb2026\/vanaveeb2026\/wp-content\/uploads\/2023\/06\/BioSpa-loggo-est1-0-143.png","contentUrl":"https:\/\/biospa.ee\/vanaveeb2026\/vanaveeb2026\/wp-content\/uploads\/2023\/06\/BioSpa-loggo-est1-0-143.png","width":143,"height":59,"caption":"Tesmasan O\u00dc"},"image":{"@id":"https:\/\/biospa.ee\/vanaveeb2026\/#\/schema\/logo\/image\/"},"sameAs":["https:\/\/www.facebook.com\/LoodusBioSpa\/","https:\/\/www.instagram.com\/loodusbiospa\/"]}]}},"_links":{"self":[{"href":"https:\/\/biospa.ee\/vanaveeb2026\/wp-json\/wp\/v2\/product\/13369","targetHints":{"allow":["GET"]}}],"collection":[{"href":"https:\/\/biospa.ee\/vanaveeb2026\/wp-json\/wp\/v2\/product"}],"about":[{"href":"https:\/\/biospa.ee\/vanaveeb2026\/wp-json\/wp\/v2\/types\/product"}],"wp:featuredmedia":[{"embeddable":true,"href":"https:\/\/biospa.ee\/vanaveeb2026\/wp-json\/wp\/v2\/media\/19870"}],"wp:attachment":[{"href":"https:\/\/biospa.ee\/vanaveeb2026\/wp-json\/wp\/v2\/media?parent=13369"}],"wp:term":[{"taxonomy":"product_brand","embeddable":true,"href":"https:\/\/biospa.ee\/vanaveeb2026\/wp-json\/wp\/v2\/product_brand?post=13369"},{"taxonomy":"product_cat","embeddable":true,"href":"https:\/\/biospa.ee\/vanaveeb2026\/wp-json\/wp\/v2\/product_cat?post=13369"},{"taxonomy":"product_tag","embeddable":true,"href":"https:\/\/biospa.ee\/vanaveeb2026\/wp-json\/wp\/v2\/product_tag?post=13369"}],"curies":[{"name":"wp","href":"https:\/\/api.w.org\/{rel}","templated":true}]}}