{"id":17459,"date":"2021-12-10T10:35:31","date_gmt":"2021-12-10T08:35:31","guid":{"rendered":"https:\/\/biospa.ee\/vanaveeb2026\/?post_type=product&#038;p=17459"},"modified":"2026-03-26T12:04:03","modified_gmt":"2026-03-26T10:04:03","slug":"uus-pro-omega-ultra","status":"publish","type":"product","link":"https:\/\/biospa.ee\/vanaveeb2026\/toode\/uus-pro-omega-ultra\/","title":{"rendered":"Pro OMEGA ULTRA (\u00f5li)"},"content":{"rendered":"<p>Kvaliteetne tursamaksa\u00f5li metsikutelt kaladelt.<\/p>\n<p>Keha ei suuda ise asendamatuid rasvhappeid toota ja peab neid toidu kaudu omastama. Toidurasvad koosnevad valdavalt niinimetatud trigl\u00fctseriididest, mis sisaldavad kolme rasvhapet. Need kolm rasvhapet v\u00f5ivad esineda erineval kujul: k\u00fcllastunud, monok\u00fcllastumata ja pol\u00fck\u00fcllastumata. Kalad sisaldavad rasvhappeid looduslikul kujul trigl\u00fctseriididena. Enamik kala\u00f5li tooteid sisaldab rasvhappeid s\u00fcnteetilisel kujul et\u00fc\u00fclestritena (EE). Kunstlik esterdamine v\u00f5imaldab k\u00f5rgemaid Omega-3 kontsentratsioone. Looduslikud trigl\u00fctseriidid lagunevad aga soolestikus palju kiiremini ja t\u00f5husamalt. Seet\u00f5ttu on need biosaadavamad. V\u00e4ga t\u00f5hus lipiidide antioks\u00fcdant E -vitamiin on lisatud Pro Omega Ultra -le k\u00f5ikides kaheksas looduslikus vormis (4 tokoferooli, 4 tokotrienooli), et tagada rasvhapete loomulik kaitse.<br \/>\nK\u00f5ik Pro Omega Ultra sisalduvad rasvhapped on j\u00e4etud oma looduslikuks trigl\u00fctseriidideks (TG).<br \/>\nPol\u00fck\u00fcllastumata rasvhapped on eriti altid oks\u00fcdeerumisele nende molekulides olevate kaksiksidemete t\u00f5ttu; need riknevad kergesti kuumuse, valguse v\u00f5i hapniku toimel. Maksimaalse s\u00e4ilivusaja ja stabiilsuse tagamiseks on seet\u00f5ttu erilist t\u00e4helepanu p\u00f6\u00f6ratud Pro Omega Ultra rasvhapete kaitsmisele: tundlikud rasvhapped on t\u00f5husalt kaitstud oks\u00fcdeerumise eest lisatud antioks\u00fcdandi E -vitamiini t\u00f5ttu ja pudelid on t\u00e4idetud l\u00e4mmastiku all.<\/p>\n<p>Kala\u00f5li Pro Omega Ultra ekstraheeritakse eranditult Norra tursa (Gadus morhua) rikkalikest maksadest. Turska p\u00fc\u00fctakse looduses polaarmerest. Tooraine tarnija on sertifitseeritud vastavalt s\u00e4\u00e4stva kalap\u00fc\u00fcgi keskkonnastandardile MCS.<br \/>\nK\u00fclmast veest p\u00fc\u00fctud metsikud kalad on eriti rikkad Omega-3 rasvhapete poolest. Kalad saavad seal ellu j\u00e4\u00e4da vaid seet\u00f5ttu, et nende rakumembraanid on rikkad Omega-3 poolest, hoides rakumembraane elastsena isegi arktilistel temperatuuridel.<br \/>\nMeie tursamaksa\u00f5li l\u00e4bib p\u00f5hjaliku puhastusprotsessi, mis eemaldab usaldusv\u00e4\u00e4rselt k\u00f5ik saasteained ja raskemetallid. Tursa maksa t\u00f6\u00f6deldakse kohe p\u00e4rast p\u00fc\u00fcki; \u00f5li ise t\u00e4idetakse tipptasemel tehastes pudelitesse l\u00e4mmastikuatmosf\u00e4\u00e4ris. See hoiab hapniku taseme tootmisprotsessi ajal v\u00e4ga madalal.<\/p>\n","protected":false},"excerpt":{"rendered":"<p><strong>Sidrunimaitseline toidulisand, mis sisaldab Omega-3 (k\u00f5rge DHA + EPA rasvhapete sisaldusega) ja Omega-7 rasvhappeid, E-vitamiini ja astaksantiini.<\/strong><\/p>\n<p>Maht: 300 ml (2 x 150 ml)<\/p>\n<p><strong>5 eelist<\/strong><\/p>\n<ul>\n<li>Pro Omega Ultra sisaldab suuremas koguses <strong>EPA<\/strong> ja <strong>DHA<\/strong>, kui teised turul olevad tooted<\/li>\n<li>Pro Omega Ultra on <strong>looduslik ja suure rasvhapete konsentratsiooniga<\/strong><\/li>\n<li>Pro Omega Ultra on pakendatud mugavasse <strong>150 ml tumedasse pudelisse, mis aitab s\u00e4ilitada toote v\u00e4rskust<\/strong>. Kuna on v\u00e4iksem \u00f5huga kokkupuude igal kasutuskorral, ei teki \u00f5li r\u00e4\u00e4sumist ning halba maitset<\/li>\n<li>Pro Omega Ultra on<strong> sidrunimaitsega<\/strong>, st puudub kala\u00f5li maitse<\/li>\n<li>Pro Omega Ultra on <strong>alati v\u00e4rske<\/strong>. Kapslitena m\u00fc\u00fcdavate toodete kvaliteeti\u00a0 ei saa hinnata, kuna tooted on paksu kesta sees. Vana ja r\u00e4\u00e4sunud kalamaksa\u00f5li p\u00f5hjustab kehale oks\u00fcdatsiivset stressi. Samuti ei ole v\u00f5imalik hinnata toote kogust kapslis( sageli on selleks \u00fcks v\u00e4ike tilk).<\/li>\n<\/ul>\n<p><a href=\"https:\/\/biospa.ee\/vanaveeb2026\/wp-content\/uploads\/2020\/11\/TISSOgramm_Glutenfrei.png\" data-caption=\"\"><img decoding=\"async\" class=\"alignnone wp-image-13290 size-full\" title=\"Gluteenivaba \" src=\"https:\/\/biospa.ee\/vanaveeb2026\/wp-content\/uploads\/2020\/11\/TISSOgramm_Glutenfrei.png\" alt=\"\" width=\"45\" height=\"45\" \/><\/a><a href=\"https:\/\/biospa.ee\/vanaveeb2026\/wp-content\/uploads\/2020\/11\/TISSOgramm_Hypoallergen.png\">\u00a0<\/a><a href=\"https:\/\/biospa.ee\/vanaveeb2026\/wp-content\/uploads\/2020\/11\/TISSOgramm_Hefefrei.png\" data-caption=\"\"><img decoding=\"async\" class=\"alignnone wp-image-13293 size-full\" title=\"P\u00e4rmivaba \" src=\"https:\/\/biospa.ee\/vanaveeb2026\/wp-content\/uploads\/2020\/11\/TISSOgramm_Hefefrei.png\" alt=\"\" width=\"45\" height=\"45\" \/><\/a><a href=\"https:\/\/biospa.ee\/vanaveeb2026\/wp-content\/uploads\/2020\/11\/TISSOgramm_Hypoallergen.png\">\u00a0<\/a><a href=\"https:\/\/biospa.ee\/vanaveeb2026\/wp-content\/uploads\/2020\/11\/TISSOgramm_ohne-zusatz-von.png\" data-caption=\"\"><img decoding=\"async\" class=\"alignnone wp-image-13299 size-full\" title=\"Ei sisalda magusaineid, s\u00e4ilitusaineid, aroome, v\u00e4rvaineid, maitsetugevdajaid, kunstlikke koostisosi\" src=\"https:\/\/biospa.ee\/vanaveeb2026\/wp-content\/uploads\/2020\/11\/TISSOgramm_ohne-zusatz-von.png\" alt=\"\" width=\"45\" height=\"45\" \/><\/a><a href=\"https:\/\/biospa.ee\/vanaveeb2026\/wp-content\/uploads\/2020\/11\/TISSOgramm_Hypoallergen.png\">\u00a0<\/a><a href=\"https:\/\/biospa.ee\/vanaveeb2026\/wp-content\/uploads\/2020\/11\/TISSOgramm_Schadstofffrei.png\" data-caption=\"\"><img decoding=\"async\" class=\"alignnone wp-image-13287 size-full\" title=\"Kahjulike koostisaineteta\" src=\"https:\/\/biospa.ee\/vanaveeb2026\/wp-content\/uploads\/2020\/11\/TISSOgramm_Schadstofffrei.png\" alt=\"\" width=\"45\" height=\"45\" \/><\/a><a href=\"https:\/\/biospa.ee\/vanaveeb2026\/wp-content\/uploads\/2020\/11\/TISSOgramm_Hypoallergen.png\">\u00a0<\/a><a href=\"https:\/\/biospa.ee\/vanaveeb2026\/wp-content\/uploads\/2020\/11\/TISSOgramm_Vegan.png\" data-caption=\"\"><img decoding=\"async\" class=\"alignnone wp-image-13275 size-full\" title=\"Vegan\" src=\"https:\/\/biospa.ee\/vanaveeb2026\/wp-content\/uploads\/2020\/11\/TISSOgramm_Vegan.png\" alt=\"\" width=\"45\" height=\"45\" \/><\/a><a href=\"https:\/\/biospa.ee\/vanaveeb2026\/wp-content\/uploads\/2020\/11\/TISSOgramm_Hypoallergen.png\">\u00a0<\/a><a href=\"https:\/\/biospa.ee\/vanaveeb2026\/wp-content\/uploads\/2020\/11\/TISSOgramm_Natuerliche-Inhaltsstoffe.png\" data-caption=\"\"><img decoding=\"async\" class=\"alignnone wp-image-13278 size-full\" title=\"Looduslikud koostisosad\" src=\"https:\/\/biospa.ee\/vanaveeb2026\/wp-content\/uploads\/2020\/11\/TISSOgramm_Natuerliche-Inhaltsstoffe.png\" alt=\"\" width=\"45\" height=\"45\" \/><\/a><a href=\"https:\/\/biospa.ee\/vanaveeb2026\/wp-content\/uploads\/2020\/11\/TISSOgramm_Hypoallergen.png\">\u00a0<\/a><a href=\"https:\/\/biospa.ee\/vanaveeb2026\/wp-content\/uploads\/2020\/11\/TISSOgramm_Lactosefrei.png\" data-caption=\"\"><img decoding=\"async\" class=\"alignnone wp-image-13281 size-full\" title=\"Laktoosivaba \" src=\"https:\/\/biospa.ee\/vanaveeb2026\/wp-content\/uploads\/2020\/11\/TISSOgramm_Lactosefrei.png\" alt=\"\" width=\"45\" height=\"45\" \/><\/a><a href=\"https:\/\/biospa.ee\/vanaveeb2026\/wp-content\/uploads\/2020\/11\/TISSOgramm_Hypoallergen.png\">\u00a0<\/a><a href=\"https:\/\/biospa.ee\/vanaveeb2026\/wp-content\/uploads\/2020\/11\/TISSOgramm_Hypoallergen.png\" data-caption=\"\"><img decoding=\"async\" class=\"alignnone wp-image-13284 size-full\" title=\"H\u00fcpoallergeenne \" src=\"https:\/\/biospa.ee\/vanaveeb2026\/wp-content\/uploads\/2020\/11\/TISSOgramm_Hypoallergen.png\" alt=\"\" width=\"45\" height=\"45\" \/><\/a><\/p>\n","protected":false},"featured_media":97028,"template":"","meta":[],"product_brand":[],"product_cat":[263],"product_tag":[333,334,335,325,332],"class_list":{"0":"post-17459","1":"product","2":"type-product","3":"status-publish","4":"has-post-thumbnail","6":"product_cat-toidulisandid","7":"product_tag-organismi-turgutaja","8":"product_tag-voitlus-kolesterooliga","9":"product_tag-rasvhapped","10":"product_tag-poletikuvastane","11":"product_tag-kalamaksaoli","13":"first","14":"instock","15":"taxable","16":"shipping-taxable","17":"purchasable","18":"product-type-simple"},"yoast_head":"<!-- This site is optimized with the Yoast SEO plugin v27.3 - https:\/\/yoast.com\/product\/yoast-seo-wordpress\/ -->\n<title>Pro OMEGA ULTRA (\u00f5li) - Loodus BioSpa<\/title>\n<meta name=\"robots\" content=\"index, follow, max-snippet:-1, max-image-preview:large, max-video-preview:-1\" \/>\n<link rel=\"canonical\" href=\"https:\/\/biospa.ee\/vanaveeb2026\/toode\/uus-pro-omega-ultra\/\" \/>\n<meta property=\"og:locale\" content=\"et_EE\" \/>\n<meta property=\"og:type\" content=\"article\" \/>\n<meta property=\"og:title\" content=\"Pro OMEGA ULTRA (\u00f5li) - Loodus BioSpa\" \/>\n<meta property=\"og:description\" content=\"Sidrunimaitseline toidulisand, mis sisaldab Omega-3 (k\u00f5rge DHA + EPA rasvhapete sisaldusega) ja Omega-7 rasvhappeid, E-vitamiini ja astaksantiini.  Maht: 300 ml (2 x 150 ml)  5 eelist   Pro Omega Ultra sisaldab suuremas koguses EPA ja DHA, kui teised turul olevad tooted  Pro Omega Ultra on looduslik ja suure rasvhapete konsentratsiooniga  Pro Omega Ultra on pakendatud mugavasse 150 ml tumedasse pudelisse, mis aitab s\u00e4ilitada toote v\u00e4rskust. Kuna on v\u00e4iksem \u00f5huga kokkupuude igal kasutuskorral, ei teki \u00f5li r\u00e4\u00e4sumist ning halba maitset  Pro Omega Ultra on sidrunimaitsega, st puudub kala\u00f5li maitse  Pro Omega Ultra on alati v\u00e4rske. Kapslitena m\u00fc\u00fcdavate toodete kvaliteeti\u00a0 ei saa hinnata, kuna tooted on paksu kesta sees. Vana ja r\u00e4\u00e4sunud kalamaksa\u00f5li p\u00f5hjustab kehale oks\u00fcdatsiivset stressi. Samuti ei ole v\u00f5imalik hinnata toote kogust kapslis( sageli on selleks \u00fcks v\u00e4ike tilk).  \u00a0\u00a0\u00a0\u00a0\u00a0\u00a0\u00a0\" \/>\n<meta property=\"og:url\" content=\"https:\/\/biospa.ee\/vanaveeb2026\/toode\/uus-pro-omega-ultra\/\" \/>\n<meta property=\"og:site_name\" content=\"Loodus BioSpa\" \/>\n<meta property=\"article:publisher\" content=\"https:\/\/www.facebook.com\/LoodusBioSpa\/\" \/>\n<meta property=\"article:modified_time\" content=\"2026-03-26T10:04:03+00:00\" \/>\n<meta property=\"og:image\" content=\"https:\/\/biospa.ee\/vanaveeb2026\/wp-content\/uploads\/2021\/12\/TISSO_Naturprodukte_Carousel_ProOmegaUltra_1-1.jpg\" \/>\n\t<meta property=\"og:image:width\" content=\"1080\" \/>\n\t<meta property=\"og:image:height\" content=\"1080\" \/>\n\t<meta property=\"og:image:type\" content=\"image\/jpeg\" \/>\n<meta name=\"twitter:card\" content=\"summary_large_image\" \/>\n<meta name=\"twitter:label1\" content=\"Est. reading time\" \/>\n\t<meta name=\"twitter:data1\" content=\"2 minutit\" \/>\n<script type=\"application\/ld+json\" class=\"yoast-schema-graph\">{\"@context\":\"https:\\\/\\\/schema.org\",\"@graph\":[{\"@type\":\"WebPage\",\"@id\":\"https:\\\/\\\/biospa.ee\\\/vanaveeb2026\\\/toode\\\/uus-pro-omega-ultra\\\/\",\"url\":\"https:\\\/\\\/biospa.ee\\\/vanaveeb2026\\\/toode\\\/uus-pro-omega-ultra\\\/\",\"name\":\"Pro OMEGA ULTRA (\u00f5li) - Loodus BioSpa\",\"isPartOf\":{\"@id\":\"https:\\\/\\\/biospa.ee\\\/vanaveeb2026\\\/#website\"},\"primaryImageOfPage\":{\"@id\":\"https:\\\/\\\/biospa.ee\\\/vanaveeb2026\\\/toode\\\/uus-pro-omega-ultra\\\/#primaryimage\"},\"image\":{\"@id\":\"https:\\\/\\\/biospa.ee\\\/vanaveeb2026\\\/toode\\\/uus-pro-omega-ultra\\\/#primaryimage\"},\"thumbnailUrl\":\"https:\\\/\\\/biospa.ee\\\/vanaveeb2026\\\/wp-content\\\/uploads\\\/2021\\\/12\\\/TISSO_Naturprodukte_Carousel_ProOmegaUltra_1-1.jpg\",\"datePublished\":\"2021-12-10T08:35:31+00:00\",\"dateModified\":\"2026-03-26T10:04:03+00:00\",\"breadcrumb\":{\"@id\":\"https:\\\/\\\/biospa.ee\\\/vanaveeb2026\\\/toode\\\/uus-pro-omega-ultra\\\/#breadcrumb\"},\"inLanguage\":\"et\",\"potentialAction\":[{\"@type\":\"ReadAction\",\"target\":[\"https:\\\/\\\/biospa.ee\\\/vanaveeb2026\\\/toode\\\/uus-pro-omega-ultra\\\/\"]}]},{\"@type\":\"ImageObject\",\"inLanguage\":\"et\",\"@id\":\"https:\\\/\\\/biospa.ee\\\/vanaveeb2026\\\/toode\\\/uus-pro-omega-ultra\\\/#primaryimage\",\"url\":\"https:\\\/\\\/biospa.ee\\\/vanaveeb2026\\\/wp-content\\\/uploads\\\/2021\\\/12\\\/TISSO_Naturprodukte_Carousel_ProOmegaUltra_1-1.jpg\",\"contentUrl\":\"https:\\\/\\\/biospa.ee\\\/vanaveeb2026\\\/wp-content\\\/uploads\\\/2021\\\/12\\\/TISSO_Naturprodukte_Carousel_ProOmegaUltra_1-1.jpg\",\"width\":1080,\"height\":1080},{\"@type\":\"BreadcrumbList\",\"@id\":\"https:\\\/\\\/biospa.ee\\\/vanaveeb2026\\\/toode\\\/uus-pro-omega-ultra\\\/#breadcrumb\",\"itemListElement\":[{\"@type\":\"ListItem\",\"position\":1,\"name\":\"Home\",\"item\":\"https:\\\/\\\/biospa.ee\\\/vanaveeb2026\\\/\"},{\"@type\":\"ListItem\",\"position\":2,\"name\":\"Pood\",\"item\":\"https:\\\/\\\/biospa.ee\\\/vanaveeb2026\\\/pood\\\/\"},{\"@type\":\"ListItem\",\"position\":3,\"name\":\"Pro OMEGA ULTRA (\u00f5li)\"}]},{\"@type\":\"WebSite\",\"@id\":\"https:\\\/\\\/biospa.ee\\\/vanaveeb2026\\\/#website\",\"url\":\"https:\\\/\\\/biospa.ee\\\/vanaveeb2026\\\/\",\"name\":\"Loodus BioSpa\",\"description\":\"Loodus BioSpa\",\"publisher\":{\"@id\":\"https:\\\/\\\/biospa.ee\\\/vanaveeb2026\\\/#organization\"},\"potentialAction\":[{\"@type\":\"SearchAction\",\"target\":{\"@type\":\"EntryPoint\",\"urlTemplate\":\"https:\\\/\\\/biospa.ee\\\/vanaveeb2026\\\/?s={search_term_string}\"},\"query-input\":{\"@type\":\"PropertyValueSpecification\",\"valueRequired\":true,\"valueName\":\"search_term_string\"}}],\"inLanguage\":\"et\"},{\"@type\":\"Organization\",\"@id\":\"https:\\\/\\\/biospa.ee\\\/vanaveeb2026\\\/#organization\",\"name\":\"Tesmasan O\u00dc\",\"url\":\"https:\\\/\\\/biospa.ee\\\/vanaveeb2026\\\/\",\"logo\":{\"@type\":\"ImageObject\",\"inLanguage\":\"et\",\"@id\":\"https:\\\/\\\/biospa.ee\\\/vanaveeb2026\\\/#\\\/schema\\\/logo\\\/image\\\/\",\"url\":\"https:\\\/\\\/biospa.ee\\\/vanaveeb2026\\\/vanaveeb2026\\\/wp-content\\\/uploads\\\/2023\\\/06\\\/BioSpa-loggo-est1-0-143.png\",\"contentUrl\":\"https:\\\/\\\/biospa.ee\\\/vanaveeb2026\\\/vanaveeb2026\\\/wp-content\\\/uploads\\\/2023\\\/06\\\/BioSpa-loggo-est1-0-143.png\",\"width\":143,\"height\":59,\"caption\":\"Tesmasan O\u00dc\"},\"image\":{\"@id\":\"https:\\\/\\\/biospa.ee\\\/vanaveeb2026\\\/#\\\/schema\\\/logo\\\/image\\\/\"},\"sameAs\":[\"https:\\\/\\\/www.facebook.com\\\/LoodusBioSpa\\\/\",\"https:\\\/\\\/www.instagram.com\\\/loodusbiospa\\\/\"]}]}<\/script>\n<!-- \/ Yoast SEO plugin. -->","yoast_head_json":{"title":"Pro OMEGA ULTRA (\u00f5li) - Loodus BioSpa","robots":{"index":"index","follow":"follow","max-snippet":"max-snippet:-1","max-image-preview":"max-image-preview:large","max-video-preview":"max-video-preview:-1"},"canonical":"https:\/\/biospa.ee\/vanaveeb2026\/toode\/uus-pro-omega-ultra\/","og_locale":"et_EE","og_type":"article","og_title":"Pro OMEGA ULTRA (\u00f5li) - Loodus BioSpa","og_description":"Sidrunimaitseline toidulisand, mis sisaldab Omega-3 (k\u00f5rge DHA + EPA rasvhapete sisaldusega) ja Omega-7 rasvhappeid, E-vitamiini ja astaksantiini.  Maht: 300 ml (2 x 150 ml)  5 eelist   Pro Omega Ultra sisaldab suuremas koguses EPA ja DHA, kui teised turul olevad tooted  Pro Omega Ultra on looduslik ja suure rasvhapete konsentratsiooniga  Pro Omega Ultra on pakendatud mugavasse 150 ml tumedasse pudelisse, mis aitab s\u00e4ilitada toote v\u00e4rskust. Kuna on v\u00e4iksem \u00f5huga kokkupuude igal kasutuskorral, ei teki \u00f5li r\u00e4\u00e4sumist ning halba maitset  Pro Omega Ultra on sidrunimaitsega, st puudub kala\u00f5li maitse  Pro Omega Ultra on alati v\u00e4rske. Kapslitena m\u00fc\u00fcdavate toodete kvaliteeti\u00a0 ei saa hinnata, kuna tooted on paksu kesta sees. Vana ja r\u00e4\u00e4sunud kalamaksa\u00f5li p\u00f5hjustab kehale oks\u00fcdatsiivset stressi. Samuti ei ole v\u00f5imalik hinnata toote kogust kapslis( sageli on selleks \u00fcks v\u00e4ike tilk).  \u00a0\u00a0\u00a0\u00a0\u00a0\u00a0\u00a0","og_url":"https:\/\/biospa.ee\/vanaveeb2026\/toode\/uus-pro-omega-ultra\/","og_site_name":"Loodus BioSpa","article_publisher":"https:\/\/www.facebook.com\/LoodusBioSpa\/","article_modified_time":"2026-03-26T10:04:03+00:00","og_image":[{"width":1080,"height":1080,"url":"https:\/\/biospa.ee\/vanaveeb2026\/wp-content\/uploads\/2021\/12\/TISSO_Naturprodukte_Carousel_ProOmegaUltra_1-1.jpg","type":"image\/jpeg"}],"twitter_card":"summary_large_image","twitter_misc":{"Est. reading time":"2 minutit"},"schema":{"@context":"https:\/\/schema.org","@graph":[{"@type":"WebPage","@id":"https:\/\/biospa.ee\/vanaveeb2026\/toode\/uus-pro-omega-ultra\/","url":"https:\/\/biospa.ee\/vanaveeb2026\/toode\/uus-pro-omega-ultra\/","name":"Pro OMEGA ULTRA (\u00f5li) - Loodus BioSpa","isPartOf":{"@id":"https:\/\/biospa.ee\/vanaveeb2026\/#website"},"primaryImageOfPage":{"@id":"https:\/\/biospa.ee\/vanaveeb2026\/toode\/uus-pro-omega-ultra\/#primaryimage"},"image":{"@id":"https:\/\/biospa.ee\/vanaveeb2026\/toode\/uus-pro-omega-ultra\/#primaryimage"},"thumbnailUrl":"https:\/\/biospa.ee\/vanaveeb2026\/wp-content\/uploads\/2021\/12\/TISSO_Naturprodukte_Carousel_ProOmegaUltra_1-1.jpg","datePublished":"2021-12-10T08:35:31+00:00","dateModified":"2026-03-26T10:04:03+00:00","breadcrumb":{"@id":"https:\/\/biospa.ee\/vanaveeb2026\/toode\/uus-pro-omega-ultra\/#breadcrumb"},"inLanguage":"et","potentialAction":[{"@type":"ReadAction","target":["https:\/\/biospa.ee\/vanaveeb2026\/toode\/uus-pro-omega-ultra\/"]}]},{"@type":"ImageObject","inLanguage":"et","@id":"https:\/\/biospa.ee\/vanaveeb2026\/toode\/uus-pro-omega-ultra\/#primaryimage","url":"https:\/\/biospa.ee\/vanaveeb2026\/wp-content\/uploads\/2021\/12\/TISSO_Naturprodukte_Carousel_ProOmegaUltra_1-1.jpg","contentUrl":"https:\/\/biospa.ee\/vanaveeb2026\/wp-content\/uploads\/2021\/12\/TISSO_Naturprodukte_Carousel_ProOmegaUltra_1-1.jpg","width":1080,"height":1080},{"@type":"BreadcrumbList","@id":"https:\/\/biospa.ee\/vanaveeb2026\/toode\/uus-pro-omega-ultra\/#breadcrumb","itemListElement":[{"@type":"ListItem","position":1,"name":"Home","item":"https:\/\/biospa.ee\/vanaveeb2026\/"},{"@type":"ListItem","position":2,"name":"Pood","item":"https:\/\/biospa.ee\/vanaveeb2026\/pood\/"},{"@type":"ListItem","position":3,"name":"Pro OMEGA ULTRA (\u00f5li)"}]},{"@type":"WebSite","@id":"https:\/\/biospa.ee\/vanaveeb2026\/#website","url":"https:\/\/biospa.ee\/vanaveeb2026\/","name":"Loodus BioSpa","description":"Loodus BioSpa","publisher":{"@id":"https:\/\/biospa.ee\/vanaveeb2026\/#organization"},"potentialAction":[{"@type":"SearchAction","target":{"@type":"EntryPoint","urlTemplate":"https:\/\/biospa.ee\/vanaveeb2026\/?s={search_term_string}"},"query-input":{"@type":"PropertyValueSpecification","valueRequired":true,"valueName":"search_term_string"}}],"inLanguage":"et"},{"@type":"Organization","@id":"https:\/\/biospa.ee\/vanaveeb2026\/#organization","name":"Tesmasan O\u00dc","url":"https:\/\/biospa.ee\/vanaveeb2026\/","logo":{"@type":"ImageObject","inLanguage":"et","@id":"https:\/\/biospa.ee\/vanaveeb2026\/#\/schema\/logo\/image\/","url":"https:\/\/biospa.ee\/vanaveeb2026\/vanaveeb2026\/wp-content\/uploads\/2023\/06\/BioSpa-loggo-est1-0-143.png","contentUrl":"https:\/\/biospa.ee\/vanaveeb2026\/vanaveeb2026\/wp-content\/uploads\/2023\/06\/BioSpa-loggo-est1-0-143.png","width":143,"height":59,"caption":"Tesmasan O\u00dc"},"image":{"@id":"https:\/\/biospa.ee\/vanaveeb2026\/#\/schema\/logo\/image\/"},"sameAs":["https:\/\/www.facebook.com\/LoodusBioSpa\/","https:\/\/www.instagram.com\/loodusbiospa\/"]}]}},"_links":{"self":[{"href":"https:\/\/biospa.ee\/vanaveeb2026\/wp-json\/wp\/v2\/product\/17459","targetHints":{"allow":["GET"]}}],"collection":[{"href":"https:\/\/biospa.ee\/vanaveeb2026\/wp-json\/wp\/v2\/product"}],"about":[{"href":"https:\/\/biospa.ee\/vanaveeb2026\/wp-json\/wp\/v2\/types\/product"}],"wp:featuredmedia":[{"embeddable":true,"href":"https:\/\/biospa.ee\/vanaveeb2026\/wp-json\/wp\/v2\/media\/97028"}],"wp:attachment":[{"href":"https:\/\/biospa.ee\/vanaveeb2026\/wp-json\/wp\/v2\/media?parent=17459"}],"wp:term":[{"taxonomy":"product_brand","embeddable":true,"href":"https:\/\/biospa.ee\/vanaveeb2026\/wp-json\/wp\/v2\/product_brand?post=17459"},{"taxonomy":"product_cat","embeddable":true,"href":"https:\/\/biospa.ee\/vanaveeb2026\/wp-json\/wp\/v2\/product_cat?post=17459"},{"taxonomy":"product_tag","embeddable":true,"href":"https:\/\/biospa.ee\/vanaveeb2026\/wp-json\/wp\/v2\/product_tag?post=17459"}],"curies":[{"name":"wp","href":"https:\/\/api.w.org\/{rel}","templated":true}]}}