{"id":17464,"date":"2021-12-10T11:05:22","date_gmt":"2021-12-10T09:05:22","guid":{"rendered":"https:\/\/biospa.ee\/vanaveeb2026\/?post_type=product&#038;p=17464"},"modified":"2026-03-25T12:32:58","modified_gmt":"2026-03-25T10:32:58","slug":"pro-dialvit44","status":"publish","type":"product","link":"https:\/\/biospa.ee\/vanaveeb2026\/toode\/pro-dialvit44\/","title":{"rendered":"Pro DIALVIT44"},"content":{"rendered":"<p>Looduses esineb erinevate taimsete toimeainete ja mikroelementide kombinatsioone. Selle koostisosade v\u00f5imaliku m\u00f5ju t\u00f5ttu v\u00f5ib olla isegi rohkem positiivseid m\u00f5jusid, kui Pro Dialvit44-le juba omistatud. Teadusliku erialakirjanduse andmetel on Pro Dialvit44 toorainetele omistatud j\u00e4rgmised omadused (v\u00f5i v\u00f5imalikud kasutusalad): allergiad, autoimmuunhaigused, vanusega seotud haigused nagu dementsus, Alzheimeri ja Parkinsoni t\u00f5bi, ajuhaigused, kroonilised salakavalad m\u00fcrgitused keskkonnasaasteainetest, vereringeh\u00e4ired, v\u00f5\u00f5rutush\u00e4ired, v\u00e4simus, immuunn\u00f5rkus, n\u00e4iteks seen-, viirus- v\u00f5i bakteriaalsed infektsioonid, v\u00e4hk, HIV, kasvajate regeneratsiooni h\u00e4ired, kollat\u00e4hni degeneratsiooni, viiruste ennetamine, mitokondriopaatia, antibakteriaalne, tugevdab organismi rakuv\u00e4list ja intratsellulaarset kaitsev\u00f5imet, rakke taastav, aktiveerib ainevahetust, eriti peaaju ainevahetust, detoksifitseeriv, elavdab vereringet, kaitseb veresooni, p\u00f5letikuvastane, antireumaatiline, immuuns\u00fcsteemi moduleerib haigused<\/p>\n<p>Pro Dialvit44 varustab immuuns\u00fcsteemi oluliste C- ja D3-vitamiinidega ning k\u00f5igi kaheksa B-vitamiiniga . Vitamiinid B6, foolhape (B9) ja B12 sisalduvad nende aktiivsetes koeens\u00fc\u00fcmvormides, mida organism saab kasutada otse ilma t\u00e4iendavate etappideta.<\/p>\n<p>Liiga palju hapnikuradikaale kehas t\u00e4hendab rakkudele oks\u00fcdatiivset stressi.\u00a0Pro Dialvit44 toetab organismi enda kaitset radikaalide vastu vitamiinide B2, C ja E ning k\u00f5rge antioks\u00fcdantsete mikroelementide tsingi, seleeni ja mangaani abil.<\/p>\n<p>E-vitamiin on rasvlahustuv vitamiin, mis on eriti oluline rakumembraanide kaitsmiseks ja sisaldub Pro Dialvit44-s loodusliku kompleksina D-\u03b1-tokoferooli ja k\u00f5igi nelja tokotrienooliga.<\/p>\n","protected":false},"excerpt":{"rendered":"<p><strong>Multivitamiinikompleks energia ja rakkude kaitseks:\u00a0<\/strong> meie rakud vajavad t\u00e4ieliku j\u00f5udluse saavutamiseks erinevaid toitaineid ja kaitseaineid. See tasakaalustatud koostis sisaldab enam kui 40 olulist vitamiini, f\u00fctotoitaineid ja antioks\u00fcdante. Sinu\u00a0 ainevahetus, immuun- ja n\u00e4rvis\u00fcsteem saavad rohkem energiat.<\/p>\n<ul>\n<li>Kvaliteetne multivitamiinikompleks suuremaks energiaks ja rakkude kaitseks<\/li>\n<li>rohkem kui 40 olulise vitamiini, f\u00fctotoitainete ja antioks\u00fcdandiga<\/li>\n<li>C-, D3-, E-vitamiini ja k\u00f5igi 8 B-vitamiiniga<\/li>\n<li>sealhulgas tsink, seleen, mangaan, glutatioon, tauriin, OPC, shiitake ja jamss<\/li>\n<li>et tunneksite end igap\u00e4evaelus optimaalselt hoolitsetuna<\/li>\n<\/ul>\n<p>(184g=300 kapslit)<\/p>\n<p>Pro DialVIT44 on kombinatsioon toitvatest, kaitsvatest, taastavatest ja detoksifitseerivatest koostisosadest, samuti immuunvastust modifitseerivatest seentest, mis koos soodustavad mitokondrite talitlust. Sel p\u00f5hjusel nimetatakse Pro Dialvit44 &#8220;peamiseks mitokondrite toidulisandiks rakus\u00fcmbioositeraapias&#8221; koos Pro Sirtusan und Pro Curcumin Complete-ga.<br \/>\nT\u00e4nu laiale koostisosade valikule saab Pro Dialvit44 kasutada toidulisandina mitmesuguste f\u00fcsioloogiliste h\u00e4irete ja puuduste t\u00e4iendava toetusena.<\/p>\n<p><a href=\"https:\/\/biospa.ee\/vanaveeb2026\/wp-content\/uploads\/2020\/11\/TISSOgramm_Glutenfrei.png\" data-caption=\"\"><img decoding=\"async\" class=\"alignnone wp-image-13290 size-full\" title=\"Gluteenivaba \" src=\"https:\/\/biospa.ee\/vanaveeb2026\/wp-content\/uploads\/2020\/11\/TISSOgramm_Glutenfrei.png\" alt=\"\" width=\"45\" height=\"45\" \/><\/a><a href=\"https:\/\/biospa.ee\/vanaveeb2026\/wp-content\/uploads\/2020\/11\/TISSOgramm_Hypoallergen.png\">\u00a0<\/a><a href=\"https:\/\/biospa.ee\/vanaveeb2026\/wp-content\/uploads\/2020\/11\/TISSOgramm_Hefefrei.png\" data-caption=\"\"><img decoding=\"async\" class=\"alignnone wp-image-13293 size-full\" title=\"P\u00e4rmivaba \" src=\"https:\/\/biospa.ee\/vanaveeb2026\/wp-content\/uploads\/2020\/11\/TISSOgramm_Hefefrei.png\" alt=\"\" width=\"45\" height=\"45\" \/><\/a><a href=\"https:\/\/biospa.ee\/vanaveeb2026\/wp-content\/uploads\/2020\/11\/TISSOgramm_Hypoallergen.png\">\u00a0<\/a><a href=\"https:\/\/biospa.ee\/vanaveeb2026\/wp-content\/uploads\/2020\/11\/TISSOgramm_ohne-zusatz-von.png\" data-caption=\"\"><img decoding=\"async\" class=\"alignnone wp-image-13299 size-full\" title=\"Ei sisalda magusaineid, s\u00e4ilitusaineid, aroome, v\u00e4rvaineid, maitsetugevdajaid, kunstlikke koostisosi\" src=\"https:\/\/biospa.ee\/vanaveeb2026\/wp-content\/uploads\/2020\/11\/TISSOgramm_ohne-zusatz-von.png\" alt=\"\" width=\"45\" height=\"45\" \/><\/a><a href=\"https:\/\/biospa.ee\/vanaveeb2026\/wp-content\/uploads\/2020\/11\/TISSOgramm_Hypoallergen.png\">\u00a0<\/a><a href=\"https:\/\/biospa.ee\/vanaveeb2026\/wp-content\/uploads\/2020\/11\/TISSOgramm_Schadstofffrei.png\" data-caption=\"\"><img decoding=\"async\" class=\"alignnone wp-image-13287 size-full\" title=\"Kahjulike koostisaineteta\" src=\"https:\/\/biospa.ee\/vanaveeb2026\/wp-content\/uploads\/2020\/11\/TISSOgramm_Schadstofffrei.png\" alt=\"\" width=\"45\" height=\"45\" \/><\/a><a href=\"https:\/\/biospa.ee\/vanaveeb2026\/wp-content\/uploads\/2020\/11\/TISSOgramm_Hypoallergen.png\">\u00a0<\/a><a href=\"https:\/\/biospa.ee\/vanaveeb2026\/wp-content\/uploads\/2020\/11\/TISSOgramm_Vegan.png\" data-caption=\"\"><img decoding=\"async\" class=\"alignnone wp-image-13275 size-full\" title=\"Vegan\" src=\"https:\/\/biospa.ee\/vanaveeb2026\/wp-content\/uploads\/2020\/11\/TISSOgramm_Vegan.png\" alt=\"\" width=\"45\" height=\"45\" \/><\/a><a href=\"https:\/\/biospa.ee\/vanaveeb2026\/wp-content\/uploads\/2020\/11\/TISSOgramm_Hypoallergen.png\">\u00a0<\/a><a href=\"https:\/\/biospa.ee\/vanaveeb2026\/wp-content\/uploads\/2020\/11\/TISSOgramm_Natuerliche-Inhaltsstoffe.png\" data-caption=\"\"><img decoding=\"async\" class=\"alignnone wp-image-13278 size-full\" title=\"Looduslikud koostisosad\" src=\"https:\/\/biospa.ee\/vanaveeb2026\/wp-content\/uploads\/2020\/11\/TISSOgramm_Natuerliche-Inhaltsstoffe.png\" alt=\"\" width=\"45\" height=\"45\" \/><\/a><a href=\"https:\/\/biospa.ee\/vanaveeb2026\/wp-content\/uploads\/2020\/11\/TISSOgramm_Hypoallergen.png\">\u00a0<\/a><a href=\"https:\/\/biospa.ee\/vanaveeb2026\/wp-content\/uploads\/2020\/11\/TISSOgramm_Lactosefrei.png\" data-caption=\"\"><img decoding=\"async\" class=\"alignnone wp-image-13281 size-full\" title=\"Laktoosivaba \" src=\"https:\/\/biospa.ee\/vanaveeb2026\/wp-content\/uploads\/2020\/11\/TISSOgramm_Lactosefrei.png\" alt=\"\" width=\"45\" height=\"45\" \/><\/a><a href=\"https:\/\/biospa.ee\/vanaveeb2026\/wp-content\/uploads\/2020\/11\/TISSOgramm_Hypoallergen.png\">\u00a0<\/a><a href=\"https:\/\/biospa.ee\/vanaveeb2026\/wp-content\/uploads\/2020\/11\/TISSOgramm_Hypoallergen.png\" data-caption=\"\"><img decoding=\"async\" class=\"alignnone wp-image-13284 size-full\" title=\"H\u00fcpoallergeenne \" src=\"https:\/\/biospa.ee\/vanaveeb2026\/wp-content\/uploads\/2020\/11\/TISSOgramm_Hypoallergen.png\" alt=\"\" width=\"45\" height=\"45\" \/><\/a><\/p>\n","protected":false},"featured_media":96842,"template":"","meta":[],"product_brand":[],"product_cat":[263],"product_tag":[343,344,345,346,347],"class_list":{"0":"post-17464","1":"product","2":"type-product","3":"status-publish","4":"has-post-thumbnail","6":"product_cat-toidulisandid","7":"product_tag-vitamiinide-kombinatsioon","8":"product_tag-laia-spektriga","9":"product_tag-immuunsuse-toetaja","10":"product_tag-peale-viirusi","11":"product_tag-mineraalid-koos-vitamiinidega","13":"first","14":"instock","15":"taxable","16":"shipping-taxable","17":"purchasable","18":"product-type-simple"},"yoast_head":"<!-- This site is optimized with the Yoast SEO plugin v27.3 - https:\/\/yoast.com\/product\/yoast-seo-wordpress\/ -->\n<title>Pro DIALVIT44 - Loodus BioSpa<\/title>\n<meta name=\"robots\" content=\"index, follow, max-snippet:-1, max-image-preview:large, max-video-preview:-1\" \/>\n<link rel=\"canonical\" href=\"https:\/\/biospa.ee\/vanaveeb2026\/toode\/pro-dialvit44\/\" \/>\n<meta property=\"og:locale\" content=\"et_EE\" \/>\n<meta property=\"og:type\" content=\"article\" \/>\n<meta property=\"og:title\" content=\"Pro DIALVIT44 - Loodus BioSpa\" \/>\n<meta property=\"og:description\" content=\"Multivitamiinikompleks energia ja rakkude kaitseks:\u00a0 meie rakud vajavad t\u00e4ieliku j\u00f5udluse saavutamiseks erinevaid toitaineid ja kaitseaineid. See tasakaalustatud koostis sisaldab enam kui 40 olulist vitamiini, f\u00fctotoitaineid ja antioks\u00fcdante. Sinu\u00a0 ainevahetus, immuun- ja n\u00e4rvis\u00fcsteem saavad rohkem energiat.   Kvaliteetne multivitamiinikompleks suuremaks energiaks ja rakkude kaitseks  rohkem kui 40 olulise vitamiini, f\u00fctotoitainete ja antioks\u00fcdandiga  C-, D3-, E-vitamiini ja k\u00f5igi 8 B-vitamiiniga  sealhulgas tsink, seleen, mangaan, glutatioon, tauriin, OPC, shiitake ja jamss  et tunneksite end igap\u00e4evaelus optimaalselt hoolitsetuna  (184g=300 kapslit)  Pro DialVIT44 on kombinatsioon toitvatest, kaitsvatest, taastavatest ja detoksifitseerivatest koostisosadest, samuti immuunvastust modifitseerivatest seentest, mis koos soodustavad mitokondrite talitlust. Sel p\u00f5hjusel nimetatakse Pro Dialvit44 &quot;peamiseks mitokondrite toidulisandiks rakus\u00fcmbioositeraapias&quot; koos Pro Sirtusan und Pro Curcumin Complete-ga. T\u00e4nu laiale koostisosade valikule saab Pro Dialvit44 kasutada toidulisandina mitmesuguste f\u00fcsioloogiliste h\u00e4irete ja puuduste t\u00e4iendava toetusena.  \u00a0\u00a0\u00a0\u00a0\u00a0\u00a0\u00a0\" \/>\n<meta property=\"og:url\" content=\"https:\/\/biospa.ee\/vanaveeb2026\/toode\/pro-dialvit44\/\" \/>\n<meta property=\"og:site_name\" content=\"Loodus BioSpa\" \/>\n<meta property=\"article:publisher\" content=\"https:\/\/www.facebook.com\/LoodusBioSpa\/\" \/>\n<meta property=\"article:modified_time\" content=\"2026-03-25T10:32:58+00:00\" \/>\n<meta property=\"og:image\" content=\"https:\/\/biospa.ee\/vanaveeb2026\/wp-content\/uploads\/2021\/12\/TISSO_Naturprodukte_Carousel_ProDialvit44_1-1.jpg\" \/>\n\t<meta property=\"og:image:width\" content=\"1080\" \/>\n\t<meta property=\"og:image:height\" content=\"1080\" \/>\n\t<meta property=\"og:image:type\" content=\"image\/jpeg\" \/>\n<meta name=\"twitter:card\" content=\"summary_large_image\" \/>\n<meta name=\"twitter:label1\" content=\"Est. reading time\" \/>\n\t<meta name=\"twitter:data1\" content=\"2 minutit\" \/>\n<script type=\"application\/ld+json\" class=\"yoast-schema-graph\">{\"@context\":\"https:\\\/\\\/schema.org\",\"@graph\":[{\"@type\":\"WebPage\",\"@id\":\"https:\\\/\\\/biospa.ee\\\/vanaveeb2026\\\/toode\\\/pro-dialvit44\\\/\",\"url\":\"https:\\\/\\\/biospa.ee\\\/vanaveeb2026\\\/toode\\\/pro-dialvit44\\\/\",\"name\":\"Pro DIALVIT44 - Loodus BioSpa\",\"isPartOf\":{\"@id\":\"https:\\\/\\\/biospa.ee\\\/vanaveeb2026\\\/#website\"},\"primaryImageOfPage\":{\"@id\":\"https:\\\/\\\/biospa.ee\\\/vanaveeb2026\\\/toode\\\/pro-dialvit44\\\/#primaryimage\"},\"image\":{\"@id\":\"https:\\\/\\\/biospa.ee\\\/vanaveeb2026\\\/toode\\\/pro-dialvit44\\\/#primaryimage\"},\"thumbnailUrl\":\"https:\\\/\\\/biospa.ee\\\/vanaveeb2026\\\/wp-content\\\/uploads\\\/2021\\\/12\\\/TISSO_Naturprodukte_Carousel_ProDialvit44_1-1.jpg\",\"datePublished\":\"2021-12-10T09:05:22+00:00\",\"dateModified\":\"2026-03-25T10:32:58+00:00\",\"breadcrumb\":{\"@id\":\"https:\\\/\\\/biospa.ee\\\/vanaveeb2026\\\/toode\\\/pro-dialvit44\\\/#breadcrumb\"},\"inLanguage\":\"et\",\"potentialAction\":[{\"@type\":\"ReadAction\",\"target\":[\"https:\\\/\\\/biospa.ee\\\/vanaveeb2026\\\/toode\\\/pro-dialvit44\\\/\"]}]},{\"@type\":\"ImageObject\",\"inLanguage\":\"et\",\"@id\":\"https:\\\/\\\/biospa.ee\\\/vanaveeb2026\\\/toode\\\/pro-dialvit44\\\/#primaryimage\",\"url\":\"https:\\\/\\\/biospa.ee\\\/vanaveeb2026\\\/wp-content\\\/uploads\\\/2021\\\/12\\\/TISSO_Naturprodukte_Carousel_ProDialvit44_1-1.jpg\",\"contentUrl\":\"https:\\\/\\\/biospa.ee\\\/vanaveeb2026\\\/wp-content\\\/uploads\\\/2021\\\/12\\\/TISSO_Naturprodukte_Carousel_ProDialvit44_1-1.jpg\",\"width\":1080,\"height\":1080},{\"@type\":\"BreadcrumbList\",\"@id\":\"https:\\\/\\\/biospa.ee\\\/vanaveeb2026\\\/toode\\\/pro-dialvit44\\\/#breadcrumb\",\"itemListElement\":[{\"@type\":\"ListItem\",\"position\":1,\"name\":\"Home\",\"item\":\"https:\\\/\\\/biospa.ee\\\/vanaveeb2026\\\/\"},{\"@type\":\"ListItem\",\"position\":2,\"name\":\"Pood\",\"item\":\"https:\\\/\\\/biospa.ee\\\/vanaveeb2026\\\/pood\\\/\"},{\"@type\":\"ListItem\",\"position\":3,\"name\":\"Pro DIALVIT44\"}]},{\"@type\":\"WebSite\",\"@id\":\"https:\\\/\\\/biospa.ee\\\/vanaveeb2026\\\/#website\",\"url\":\"https:\\\/\\\/biospa.ee\\\/vanaveeb2026\\\/\",\"name\":\"Loodus BioSpa\",\"description\":\"Loodus BioSpa\",\"publisher\":{\"@id\":\"https:\\\/\\\/biospa.ee\\\/vanaveeb2026\\\/#organization\"},\"potentialAction\":[{\"@type\":\"SearchAction\",\"target\":{\"@type\":\"EntryPoint\",\"urlTemplate\":\"https:\\\/\\\/biospa.ee\\\/vanaveeb2026\\\/?s={search_term_string}\"},\"query-input\":{\"@type\":\"PropertyValueSpecification\",\"valueRequired\":true,\"valueName\":\"search_term_string\"}}],\"inLanguage\":\"et\"},{\"@type\":\"Organization\",\"@id\":\"https:\\\/\\\/biospa.ee\\\/vanaveeb2026\\\/#organization\",\"name\":\"Tesmasan O\u00dc\",\"url\":\"https:\\\/\\\/biospa.ee\\\/vanaveeb2026\\\/\",\"logo\":{\"@type\":\"ImageObject\",\"inLanguage\":\"et\",\"@id\":\"https:\\\/\\\/biospa.ee\\\/vanaveeb2026\\\/#\\\/schema\\\/logo\\\/image\\\/\",\"url\":\"https:\\\/\\\/biospa.ee\\\/vanaveeb2026\\\/vanaveeb2026\\\/wp-content\\\/uploads\\\/2023\\\/06\\\/BioSpa-loggo-est1-0-143.png\",\"contentUrl\":\"https:\\\/\\\/biospa.ee\\\/vanaveeb2026\\\/vanaveeb2026\\\/wp-content\\\/uploads\\\/2023\\\/06\\\/BioSpa-loggo-est1-0-143.png\",\"width\":143,\"height\":59,\"caption\":\"Tesmasan O\u00dc\"},\"image\":{\"@id\":\"https:\\\/\\\/biospa.ee\\\/vanaveeb2026\\\/#\\\/schema\\\/logo\\\/image\\\/\"},\"sameAs\":[\"https:\\\/\\\/www.facebook.com\\\/LoodusBioSpa\\\/\",\"https:\\\/\\\/www.instagram.com\\\/loodusbiospa\\\/\"]}]}<\/script>\n<!-- \/ Yoast SEO plugin. -->","yoast_head_json":{"title":"Pro DIALVIT44 - Loodus BioSpa","robots":{"index":"index","follow":"follow","max-snippet":"max-snippet:-1","max-image-preview":"max-image-preview:large","max-video-preview":"max-video-preview:-1"},"canonical":"https:\/\/biospa.ee\/vanaveeb2026\/toode\/pro-dialvit44\/","og_locale":"et_EE","og_type":"article","og_title":"Pro DIALVIT44 - Loodus BioSpa","og_description":"Multivitamiinikompleks energia ja rakkude kaitseks:\u00a0 meie rakud vajavad t\u00e4ieliku j\u00f5udluse saavutamiseks erinevaid toitaineid ja kaitseaineid. See tasakaalustatud koostis sisaldab enam kui 40 olulist vitamiini, f\u00fctotoitaineid ja antioks\u00fcdante. Sinu\u00a0 ainevahetus, immuun- ja n\u00e4rvis\u00fcsteem saavad rohkem energiat.   Kvaliteetne multivitamiinikompleks suuremaks energiaks ja rakkude kaitseks  rohkem kui 40 olulise vitamiini, f\u00fctotoitainete ja antioks\u00fcdandiga  C-, D3-, E-vitamiini ja k\u00f5igi 8 B-vitamiiniga  sealhulgas tsink, seleen, mangaan, glutatioon, tauriin, OPC, shiitake ja jamss  et tunneksite end igap\u00e4evaelus optimaalselt hoolitsetuna  (184g=300 kapslit)  Pro DialVIT44 on kombinatsioon toitvatest, kaitsvatest, taastavatest ja detoksifitseerivatest koostisosadest, samuti immuunvastust modifitseerivatest seentest, mis koos soodustavad mitokondrite talitlust. Sel p\u00f5hjusel nimetatakse Pro Dialvit44 \"peamiseks mitokondrite toidulisandiks rakus\u00fcmbioositeraapias\" koos Pro Sirtusan und Pro Curcumin Complete-ga. T\u00e4nu laiale koostisosade valikule saab Pro Dialvit44 kasutada toidulisandina mitmesuguste f\u00fcsioloogiliste h\u00e4irete ja puuduste t\u00e4iendava toetusena.  \u00a0\u00a0\u00a0\u00a0\u00a0\u00a0\u00a0","og_url":"https:\/\/biospa.ee\/vanaveeb2026\/toode\/pro-dialvit44\/","og_site_name":"Loodus BioSpa","article_publisher":"https:\/\/www.facebook.com\/LoodusBioSpa\/","article_modified_time":"2026-03-25T10:32:58+00:00","og_image":[{"width":1080,"height":1080,"url":"https:\/\/biospa.ee\/vanaveeb2026\/wp-content\/uploads\/2021\/12\/TISSO_Naturprodukte_Carousel_ProDialvit44_1-1.jpg","type":"image\/jpeg"}],"twitter_card":"summary_large_image","twitter_misc":{"Est. reading time":"2 minutit"},"schema":{"@context":"https:\/\/schema.org","@graph":[{"@type":"WebPage","@id":"https:\/\/biospa.ee\/vanaveeb2026\/toode\/pro-dialvit44\/","url":"https:\/\/biospa.ee\/vanaveeb2026\/toode\/pro-dialvit44\/","name":"Pro DIALVIT44 - Loodus BioSpa","isPartOf":{"@id":"https:\/\/biospa.ee\/vanaveeb2026\/#website"},"primaryImageOfPage":{"@id":"https:\/\/biospa.ee\/vanaveeb2026\/toode\/pro-dialvit44\/#primaryimage"},"image":{"@id":"https:\/\/biospa.ee\/vanaveeb2026\/toode\/pro-dialvit44\/#primaryimage"},"thumbnailUrl":"https:\/\/biospa.ee\/vanaveeb2026\/wp-content\/uploads\/2021\/12\/TISSO_Naturprodukte_Carousel_ProDialvit44_1-1.jpg","datePublished":"2021-12-10T09:05:22+00:00","dateModified":"2026-03-25T10:32:58+00:00","breadcrumb":{"@id":"https:\/\/biospa.ee\/vanaveeb2026\/toode\/pro-dialvit44\/#breadcrumb"},"inLanguage":"et","potentialAction":[{"@type":"ReadAction","target":["https:\/\/biospa.ee\/vanaveeb2026\/toode\/pro-dialvit44\/"]}]},{"@type":"ImageObject","inLanguage":"et","@id":"https:\/\/biospa.ee\/vanaveeb2026\/toode\/pro-dialvit44\/#primaryimage","url":"https:\/\/biospa.ee\/vanaveeb2026\/wp-content\/uploads\/2021\/12\/TISSO_Naturprodukte_Carousel_ProDialvit44_1-1.jpg","contentUrl":"https:\/\/biospa.ee\/vanaveeb2026\/wp-content\/uploads\/2021\/12\/TISSO_Naturprodukte_Carousel_ProDialvit44_1-1.jpg","width":1080,"height":1080},{"@type":"BreadcrumbList","@id":"https:\/\/biospa.ee\/vanaveeb2026\/toode\/pro-dialvit44\/#breadcrumb","itemListElement":[{"@type":"ListItem","position":1,"name":"Home","item":"https:\/\/biospa.ee\/vanaveeb2026\/"},{"@type":"ListItem","position":2,"name":"Pood","item":"https:\/\/biospa.ee\/vanaveeb2026\/pood\/"},{"@type":"ListItem","position":3,"name":"Pro DIALVIT44"}]},{"@type":"WebSite","@id":"https:\/\/biospa.ee\/vanaveeb2026\/#website","url":"https:\/\/biospa.ee\/vanaveeb2026\/","name":"Loodus BioSpa","description":"Loodus BioSpa","publisher":{"@id":"https:\/\/biospa.ee\/vanaveeb2026\/#organization"},"potentialAction":[{"@type":"SearchAction","target":{"@type":"EntryPoint","urlTemplate":"https:\/\/biospa.ee\/vanaveeb2026\/?s={search_term_string}"},"query-input":{"@type":"PropertyValueSpecification","valueRequired":true,"valueName":"search_term_string"}}],"inLanguage":"et"},{"@type":"Organization","@id":"https:\/\/biospa.ee\/vanaveeb2026\/#organization","name":"Tesmasan O\u00dc","url":"https:\/\/biospa.ee\/vanaveeb2026\/","logo":{"@type":"ImageObject","inLanguage":"et","@id":"https:\/\/biospa.ee\/vanaveeb2026\/#\/schema\/logo\/image\/","url":"https:\/\/biospa.ee\/vanaveeb2026\/vanaveeb2026\/wp-content\/uploads\/2023\/06\/BioSpa-loggo-est1-0-143.png","contentUrl":"https:\/\/biospa.ee\/vanaveeb2026\/vanaveeb2026\/wp-content\/uploads\/2023\/06\/BioSpa-loggo-est1-0-143.png","width":143,"height":59,"caption":"Tesmasan O\u00dc"},"image":{"@id":"https:\/\/biospa.ee\/vanaveeb2026\/#\/schema\/logo\/image\/"},"sameAs":["https:\/\/www.facebook.com\/LoodusBioSpa\/","https:\/\/www.instagram.com\/loodusbiospa\/"]}]}},"_links":{"self":[{"href":"https:\/\/biospa.ee\/vanaveeb2026\/wp-json\/wp\/v2\/product\/17464","targetHints":{"allow":["GET"]}}],"collection":[{"href":"https:\/\/biospa.ee\/vanaveeb2026\/wp-json\/wp\/v2\/product"}],"about":[{"href":"https:\/\/biospa.ee\/vanaveeb2026\/wp-json\/wp\/v2\/types\/product"}],"wp:featuredmedia":[{"embeddable":true,"href":"https:\/\/biospa.ee\/vanaveeb2026\/wp-json\/wp\/v2\/media\/96842"}],"wp:attachment":[{"href":"https:\/\/biospa.ee\/vanaveeb2026\/wp-json\/wp\/v2\/media?parent=17464"}],"wp:term":[{"taxonomy":"product_brand","embeddable":true,"href":"https:\/\/biospa.ee\/vanaveeb2026\/wp-json\/wp\/v2\/product_brand?post=17464"},{"taxonomy":"product_cat","embeddable":true,"href":"https:\/\/biospa.ee\/vanaveeb2026\/wp-json\/wp\/v2\/product_cat?post=17464"},{"taxonomy":"product_tag","embeddable":true,"href":"https:\/\/biospa.ee\/vanaveeb2026\/wp-json\/wp\/v2\/product_tag?post=17464"}],"curies":[{"name":"wp","href":"https:\/\/api.w.org\/{rel}","templated":true}]}}