{"id":17798,"date":"2022-01-05T09:37:01","date_gmt":"2022-01-05T07:37:01","guid":{"rendered":"https:\/\/biospa.ee\/vanaveeb2026\/?post_type=product&#038;p=17798"},"modified":"2026-03-26T11:28:07","modified_gmt":"2026-03-26T09:28:07","slug":"uus-pro-mineral-complete","status":"publish","type":"product","link":"https:\/\/biospa.ee\/vanaveeb2026\/toode\/uus-pro-mineral-complete\/","title":{"rendered":"Pro MINERAL COMPLETE"},"content":{"rendered":"<p>Pro Mineral Complete pakub k\u00f5iki olulisi mineraale t\u00e4iuslikes annustes \u00fches kapslis ja samal ajal tagab nende optimaalse imendumise. <strong>Ainulaadse koostisega- kokku 17\u00a0 biosaadavat \u00fchendit.<\/strong><br \/>\nOlulised mineraalid on saadaval mitmest allikast: Pro Mineral Complete sisaldab kolme magneesiumi vormi ja kahte vormi kaltsiumist, kaaliumist, tsingist ja mangaanist. Anorgaaniliste soolade kombinatsioon ning valitud orgaaniliste amino- ja puuviljahapete kelaadid v\u00f5imaldavad mineraalidel olla eriti h\u00e4sti imenduvad ja kasutatavad kehas.<\/p>\n<p>Maksimaalne imendumine &#8211; ainulaadne spekter koosneb 17 h\u00e4sti imenduvast anorgaanilisest mineraalsoolast ning orgaanilistest amino- ja puuviljahapete kelaatidest!<\/p>\n<p>Toidulisand on k\u00f5hus\u00f5bralik ilma tsitraatideta. Toidulisand ei sisalda rauda, st sobib ka meestele ja naistele p\u00e4rast menopausi. Toode on sobiv veganitele, sest on ilma s\u00e4ilitusainete ja kunstlike maitseaineteta.<br \/>\nHea taluvuse tagamiseks on teadlikult v\u00e4lditud levinud tsitraadi\u00fchendeid, kuna need v\u00f5ivad tundlikel inimestel ka v\u00e4ikestes annustes lahtistavalt m\u00f5juda.<\/p>\n<h3>Tervisealased v\u00e4ited:<\/h3>\n<ul>\n<li aria-level=\"1\">Magneesium, kaltsium, vask ja mangaan aitavad kaasa tervislikule energiavahetusele.<\/li>\n<li aria-level=\"1\">Magneesium, kaalium ja vask aitavad kaasa n\u00e4rvis\u00fcsteemi tervislikule talitlusele.<\/li>\n<li aria-level=\"1\">Magneesium, kaltsium ja kaalium toetavad normaalset lihaste talitlust.<\/li>\n<li aria-level=\"1\">Magneesium ja tsink on olulised valkude s\u00fcnteesiks.<\/li>\n<li aria-level=\"1\">Magneesium ja kaltsium on olulised luude ja hammaste s\u00e4ilitamiseks.<\/li>\n<li aria-level=\"1\">Tsink ja seleen aitavad kaasa tervete juuste ja k\u00fc\u00fcnte s\u00e4ilimisele.<\/li>\n<li aria-level=\"1\">Tsink, vask ja seleen toetavad immuuns\u00fcsteemi tervet talitlust.<\/li>\n<li aria-level=\"1\">Tsink, vask, mangaan ja seleen aitavad kaitsta rakke oks\u00fcdatiivse stressi eest.<\/li>\n<li aria-level=\"1\">Kaalium aitab kaasa normaalse verer\u00f5hu s\u00e4ilitamisele.<\/li>\n<li aria-level=\"1\">Tsink toetab tervislikku happe-aluse tasakaalu, normaalset rasvhapete ainevahetust ja testosterooni taseme s\u00e4ilitamist veres.<\/li>\n<li aria-level=\"1\">Kroom aitab hoida veresuhkru taset.<\/li>\n<li aria-level=\"1\">Vask aitab kaasa normaalsele juuste ja naha pigmentatsioonile.<\/li>\n<li aria-level=\"1\">Seleen toetab kilpn\u00e4\u00e4rme tervet talitlust.<\/li>\n<\/ul>\n","protected":false},"excerpt":{"rendered":"<h1 class=\"h4 mt-1 mb-3\" data-v-6550369c=\"\"><strong style=\"font-size: 16px;\">Universaalne mineraalide kompleks kaltsiumi, magneesiumi, kaaliumi ja 8 mikroelemendiga:<\/strong><span style=\"font-size: 16px;\"> Pro Mineral Complete annab k\u00f5ik olulised mineraalid ideaalselt doseeritud koostises ja tagab samal ajal nende optimaalse imendumise oma ainulaadse spektriga, mis koosneb kokku 17-st suurep\u00e4rasest biosaadavast \u00fchendist.\u00a0<\/span><\/h1>\n<div class=\"product-description\" data-v-6550369c=\"\">\n<ul>\n<li aria-level=\"1\">k\u00f5rge biosaadavusega mineraalide kompleks 11 olulise mineraaliga<\/li>\n<li aria-level=\"1\">sh.\u00a0Lithothamnium punavetikad k\u00f5rge kaltsiumisisaldusega + 72 mikroelementi<\/li>\n<li aria-level=\"1\">eriti energia, n\u00e4rvis\u00fcsteemi, lihaste ning stressi ja spordi jaoks<\/li>\n<li aria-level=\"1\">kaltsiumi ja magneesiumi evolutsioonilises vahekorras 1:1<\/li>\n<li aria-level=\"1\">ilma raua ja joodita, sest inimestel on individuaalsed vajadused<\/li>\n<\/ul>\n<p>Sisu: 280 g = 300 kapslit<\/p>\n<\/div>\n<p><a href=\"https:\/\/biospa.ee\/vanaveeb2026\/wp-content\/uploads\/2020\/11\/TISSOgramm_Glutenfrei.png\" data-caption=\"\"><img decoding=\"async\" class=\"alignnone wp-image-13290 size-full\" title=\"Gluteenivaba \" src=\"https:\/\/biospa.ee\/vanaveeb2026\/wp-content\/uploads\/2020\/11\/TISSOgramm_Glutenfrei.png\" alt=\"\" width=\"45\" height=\"45\" \/><\/a><a href=\"https:\/\/biospa.ee\/vanaveeb2026\/wp-content\/uploads\/2020\/11\/TISSOgramm_Hefefrei.png\" data-caption=\"\"><img decoding=\"async\" class=\"alignnone wp-image-13293 size-full\" title=\"P\u00e4rmivaba \" src=\"https:\/\/biospa.ee\/vanaveeb2026\/wp-content\/uploads\/2020\/11\/TISSOgramm_Hefefrei.png\" alt=\"\" width=\"45\" height=\"45\" \/><\/a><a href=\"https:\/\/biospa.ee\/vanaveeb2026\/wp-content\/uploads\/2020\/11\/TISSOgramm_Schadstofffrei.png\" data-caption=\"\"><img decoding=\"async\" class=\"alignnone wp-image-13287 size-full\" title=\"Kahjulike koostisaineteta\" src=\"https:\/\/biospa.ee\/vanaveeb2026\/wp-content\/uploads\/2020\/11\/TISSOgramm_Schadstofffrei.png\" alt=\"\" width=\"45\" height=\"45\" \/><\/a><a href=\"https:\/\/biospa.ee\/vanaveeb2026\/wp-content\/uploads\/2020\/11\/TISSOgramm_Vegan.png\" data-caption=\"\"><img decoding=\"async\" class=\"alignnone wp-image-13275 size-full\" title=\"Vegan\" src=\"https:\/\/biospa.ee\/vanaveeb2026\/wp-content\/uploads\/2020\/11\/TISSOgramm_Vegan.png\" alt=\"\" width=\"45\" height=\"45\" \/><\/a><a href=\"https:\/\/biospa.ee\/vanaveeb2026\/wp-content\/uploads\/2020\/11\/TISSOgramm_Natuerliche-Inhaltsstoffe.png\" data-caption=\"\"><img decoding=\"async\" class=\"alignnone wp-image-13278 size-full\" title=\"Looduslikud koostisosad\" src=\"https:\/\/biospa.ee\/vanaveeb2026\/wp-content\/uploads\/2020\/11\/TISSOgramm_Natuerliche-Inhaltsstoffe.png\" alt=\"\" width=\"45\" height=\"45\" \/><\/a><a href=\"https:\/\/biospa.ee\/vanaveeb2026\/wp-content\/uploads\/2020\/11\/TISSOgramm_Lactosefrei.png\" data-caption=\"\"><img decoding=\"async\" class=\"alignnone wp-image-13281 size-full\" title=\"Laktoosivaba \" src=\"https:\/\/biospa.ee\/vanaveeb2026\/wp-content\/uploads\/2020\/11\/TISSOgramm_Lactosefrei.png\" alt=\"\" width=\"45\" height=\"45\" \/><\/a><a href=\"https:\/\/biospa.ee\/vanaveeb2026\/wp-content\/uploads\/2020\/11\/TISSOgramm_Hypoallergen.png\" data-caption=\"\"><img decoding=\"async\" class=\"alignnone wp-image-13284 size-full\" title=\"H\u00fcpoallergeenne \" src=\"https:\/\/biospa.ee\/vanaveeb2026\/wp-content\/uploads\/2020\/11\/TISSOgramm_Hypoallergen.png\" alt=\"\" width=\"45\" height=\"45\" \/><\/a><\/p>\n","protected":false},"featured_media":97007,"template":"","meta":[],"product_brand":[],"product_cat":[263],"product_tag":[],"class_list":{"0":"post-17798","1":"product","2":"type-product","3":"status-publish","4":"has-post-thumbnail","6":"product_cat-toidulisandid","8":"first","9":"instock","10":"taxable","11":"shipping-taxable","12":"purchasable","13":"product-type-simple"},"yoast_head":"<!-- This site is optimized with the Yoast SEO plugin v27.3 - https:\/\/yoast.com\/product\/yoast-seo-wordpress\/ -->\n<title>Pro MINERAL COMPLETE - Loodus BioSpa<\/title>\n<meta name=\"robots\" content=\"index, follow, max-snippet:-1, max-image-preview:large, max-video-preview:-1\" \/>\n<link rel=\"canonical\" href=\"https:\/\/biospa.ee\/vanaveeb2026\/toode\/uus-pro-mineral-complete\/\" \/>\n<meta property=\"og:locale\" content=\"et_EE\" \/>\n<meta property=\"og:type\" content=\"article\" \/>\n<meta property=\"og:title\" content=\"Pro MINERAL COMPLETE - Loodus BioSpa\" \/>\n<meta property=\"og:description\" content=\"Universaalne mineraalide kompleks kaltsiumi, magneesiumi, kaaliumi ja 8 mikroelemendiga: Pro Mineral Complete annab k\u00f5ik olulised mineraalid ideaalselt doseeritud koostises ja tagab samal ajal nende optimaalse imendumise oma ainulaadse spektriga, mis koosneb kokku 17-st suurep\u00e4rasest biosaadavast \u00fchendist.\u00a0    k\u00f5rge biosaadavusega mineraalide kompleks 11 olulise mineraaliga  sh.\u00a0Lithothamnium punavetikad k\u00f5rge kaltsiumisisaldusega + 72 mikroelementi  eriti energia, n\u00e4rvis\u00fcsteemi, lihaste ning stressi ja spordi jaoks  kaltsiumi ja magneesiumi evolutsioonilises vahekorras 1:1  ilma raua ja joodita, sest inimestel on individuaalsed vajadused  Sisu: 280 g = 300 kapslit\" \/>\n<meta property=\"og:url\" content=\"https:\/\/biospa.ee\/vanaveeb2026\/toode\/uus-pro-mineral-complete\/\" \/>\n<meta property=\"og:site_name\" content=\"Loodus BioSpa\" \/>\n<meta property=\"article:publisher\" content=\"https:\/\/www.facebook.com\/LoodusBioSpa\/\" \/>\n<meta property=\"article:modified_time\" content=\"2026-03-26T09:28:07+00:00\" \/>\n<meta property=\"og:image\" content=\"https:\/\/biospa.ee\/vanaveeb2026\/wp-content\/uploads\/2022\/01\/TISSO_Naturprodukte_Pro-Mineral-Complete_FS_Icon-1.jpg\" \/>\n\t<meta property=\"og:image:width\" content=\"1080\" \/>\n\t<meta property=\"og:image:height\" content=\"1080\" \/>\n\t<meta property=\"og:image:type\" content=\"image\/jpeg\" \/>\n<meta name=\"twitter:card\" content=\"summary_large_image\" \/>\n<meta name=\"twitter:label1\" content=\"Est. reading time\" \/>\n\t<meta name=\"twitter:data1\" content=\"2 minutit\" \/>\n<script type=\"application\/ld+json\" class=\"yoast-schema-graph\">{\"@context\":\"https:\\\/\\\/schema.org\",\"@graph\":[{\"@type\":\"WebPage\",\"@id\":\"https:\\\/\\\/biospa.ee\\\/vanaveeb2026\\\/toode\\\/uus-pro-mineral-complete\\\/\",\"url\":\"https:\\\/\\\/biospa.ee\\\/vanaveeb2026\\\/toode\\\/uus-pro-mineral-complete\\\/\",\"name\":\"Pro MINERAL COMPLETE - Loodus BioSpa\",\"isPartOf\":{\"@id\":\"https:\\\/\\\/biospa.ee\\\/vanaveeb2026\\\/#website\"},\"primaryImageOfPage\":{\"@id\":\"https:\\\/\\\/biospa.ee\\\/vanaveeb2026\\\/toode\\\/uus-pro-mineral-complete\\\/#primaryimage\"},\"image\":{\"@id\":\"https:\\\/\\\/biospa.ee\\\/vanaveeb2026\\\/toode\\\/uus-pro-mineral-complete\\\/#primaryimage\"},\"thumbnailUrl\":\"https:\\\/\\\/biospa.ee\\\/vanaveeb2026\\\/wp-content\\\/uploads\\\/2022\\\/01\\\/TISSO_Naturprodukte_Pro-Mineral-Complete_FS_Icon-1.jpg\",\"datePublished\":\"2022-01-05T07:37:01+00:00\",\"dateModified\":\"2026-03-26T09:28:07+00:00\",\"breadcrumb\":{\"@id\":\"https:\\\/\\\/biospa.ee\\\/vanaveeb2026\\\/toode\\\/uus-pro-mineral-complete\\\/#breadcrumb\"},\"inLanguage\":\"et\",\"potentialAction\":[{\"@type\":\"ReadAction\",\"target\":[\"https:\\\/\\\/biospa.ee\\\/vanaveeb2026\\\/toode\\\/uus-pro-mineral-complete\\\/\"]}]},{\"@type\":\"ImageObject\",\"inLanguage\":\"et\",\"@id\":\"https:\\\/\\\/biospa.ee\\\/vanaveeb2026\\\/toode\\\/uus-pro-mineral-complete\\\/#primaryimage\",\"url\":\"https:\\\/\\\/biospa.ee\\\/vanaveeb2026\\\/wp-content\\\/uploads\\\/2022\\\/01\\\/TISSO_Naturprodukte_Pro-Mineral-Complete_FS_Icon-1.jpg\",\"contentUrl\":\"https:\\\/\\\/biospa.ee\\\/vanaveeb2026\\\/wp-content\\\/uploads\\\/2022\\\/01\\\/TISSO_Naturprodukte_Pro-Mineral-Complete_FS_Icon-1.jpg\",\"width\":1080,\"height\":1080},{\"@type\":\"BreadcrumbList\",\"@id\":\"https:\\\/\\\/biospa.ee\\\/vanaveeb2026\\\/toode\\\/uus-pro-mineral-complete\\\/#breadcrumb\",\"itemListElement\":[{\"@type\":\"ListItem\",\"position\":1,\"name\":\"Home\",\"item\":\"https:\\\/\\\/biospa.ee\\\/vanaveeb2026\\\/\"},{\"@type\":\"ListItem\",\"position\":2,\"name\":\"Pood\",\"item\":\"https:\\\/\\\/biospa.ee\\\/vanaveeb2026\\\/pood\\\/\"},{\"@type\":\"ListItem\",\"position\":3,\"name\":\"Pro MINERAL COMPLETE\"}]},{\"@type\":\"WebSite\",\"@id\":\"https:\\\/\\\/biospa.ee\\\/vanaveeb2026\\\/#website\",\"url\":\"https:\\\/\\\/biospa.ee\\\/vanaveeb2026\\\/\",\"name\":\"Loodus BioSpa\",\"description\":\"Loodus BioSpa\",\"publisher\":{\"@id\":\"https:\\\/\\\/biospa.ee\\\/vanaveeb2026\\\/#organization\"},\"potentialAction\":[{\"@type\":\"SearchAction\",\"target\":{\"@type\":\"EntryPoint\",\"urlTemplate\":\"https:\\\/\\\/biospa.ee\\\/vanaveeb2026\\\/?s={search_term_string}\"},\"query-input\":{\"@type\":\"PropertyValueSpecification\",\"valueRequired\":true,\"valueName\":\"search_term_string\"}}],\"inLanguage\":\"et\"},{\"@type\":\"Organization\",\"@id\":\"https:\\\/\\\/biospa.ee\\\/vanaveeb2026\\\/#organization\",\"name\":\"Tesmasan O\u00dc\",\"url\":\"https:\\\/\\\/biospa.ee\\\/vanaveeb2026\\\/\",\"logo\":{\"@type\":\"ImageObject\",\"inLanguage\":\"et\",\"@id\":\"https:\\\/\\\/biospa.ee\\\/vanaveeb2026\\\/#\\\/schema\\\/logo\\\/image\\\/\",\"url\":\"https:\\\/\\\/biospa.ee\\\/vanaveeb2026\\\/vanaveeb2026\\\/wp-content\\\/uploads\\\/2023\\\/06\\\/BioSpa-loggo-est1-0-143.png\",\"contentUrl\":\"https:\\\/\\\/biospa.ee\\\/vanaveeb2026\\\/vanaveeb2026\\\/wp-content\\\/uploads\\\/2023\\\/06\\\/BioSpa-loggo-est1-0-143.png\",\"width\":143,\"height\":59,\"caption\":\"Tesmasan O\u00dc\"},\"image\":{\"@id\":\"https:\\\/\\\/biospa.ee\\\/vanaveeb2026\\\/#\\\/schema\\\/logo\\\/image\\\/\"},\"sameAs\":[\"https:\\\/\\\/www.facebook.com\\\/LoodusBioSpa\\\/\",\"https:\\\/\\\/www.instagram.com\\\/loodusbiospa\\\/\"]}]}<\/script>\n<!-- \/ Yoast SEO plugin. -->","yoast_head_json":{"title":"Pro MINERAL COMPLETE - Loodus BioSpa","robots":{"index":"index","follow":"follow","max-snippet":"max-snippet:-1","max-image-preview":"max-image-preview:large","max-video-preview":"max-video-preview:-1"},"canonical":"https:\/\/biospa.ee\/vanaveeb2026\/toode\/uus-pro-mineral-complete\/","og_locale":"et_EE","og_type":"article","og_title":"Pro MINERAL COMPLETE - Loodus BioSpa","og_description":"Universaalne mineraalide kompleks kaltsiumi, magneesiumi, kaaliumi ja 8 mikroelemendiga: Pro Mineral Complete annab k\u00f5ik olulised mineraalid ideaalselt doseeritud koostises ja tagab samal ajal nende optimaalse imendumise oma ainulaadse spektriga, mis koosneb kokku 17-st suurep\u00e4rasest biosaadavast \u00fchendist.\u00a0    k\u00f5rge biosaadavusega mineraalide kompleks 11 olulise mineraaliga  sh.\u00a0Lithothamnium punavetikad k\u00f5rge kaltsiumisisaldusega + 72 mikroelementi  eriti energia, n\u00e4rvis\u00fcsteemi, lihaste ning stressi ja spordi jaoks  kaltsiumi ja magneesiumi evolutsioonilises vahekorras 1:1  ilma raua ja joodita, sest inimestel on individuaalsed vajadused  Sisu: 280 g = 300 kapslit","og_url":"https:\/\/biospa.ee\/vanaveeb2026\/toode\/uus-pro-mineral-complete\/","og_site_name":"Loodus BioSpa","article_publisher":"https:\/\/www.facebook.com\/LoodusBioSpa\/","article_modified_time":"2026-03-26T09:28:07+00:00","og_image":[{"width":1080,"height":1080,"url":"https:\/\/biospa.ee\/vanaveeb2026\/wp-content\/uploads\/2022\/01\/TISSO_Naturprodukte_Pro-Mineral-Complete_FS_Icon-1.jpg","type":"image\/jpeg"}],"twitter_card":"summary_large_image","twitter_misc":{"Est. reading time":"2 minutit"},"schema":{"@context":"https:\/\/schema.org","@graph":[{"@type":"WebPage","@id":"https:\/\/biospa.ee\/vanaveeb2026\/toode\/uus-pro-mineral-complete\/","url":"https:\/\/biospa.ee\/vanaveeb2026\/toode\/uus-pro-mineral-complete\/","name":"Pro MINERAL COMPLETE - Loodus BioSpa","isPartOf":{"@id":"https:\/\/biospa.ee\/vanaveeb2026\/#website"},"primaryImageOfPage":{"@id":"https:\/\/biospa.ee\/vanaveeb2026\/toode\/uus-pro-mineral-complete\/#primaryimage"},"image":{"@id":"https:\/\/biospa.ee\/vanaveeb2026\/toode\/uus-pro-mineral-complete\/#primaryimage"},"thumbnailUrl":"https:\/\/biospa.ee\/vanaveeb2026\/wp-content\/uploads\/2022\/01\/TISSO_Naturprodukte_Pro-Mineral-Complete_FS_Icon-1.jpg","datePublished":"2022-01-05T07:37:01+00:00","dateModified":"2026-03-26T09:28:07+00:00","breadcrumb":{"@id":"https:\/\/biospa.ee\/vanaveeb2026\/toode\/uus-pro-mineral-complete\/#breadcrumb"},"inLanguage":"et","potentialAction":[{"@type":"ReadAction","target":["https:\/\/biospa.ee\/vanaveeb2026\/toode\/uus-pro-mineral-complete\/"]}]},{"@type":"ImageObject","inLanguage":"et","@id":"https:\/\/biospa.ee\/vanaveeb2026\/toode\/uus-pro-mineral-complete\/#primaryimage","url":"https:\/\/biospa.ee\/vanaveeb2026\/wp-content\/uploads\/2022\/01\/TISSO_Naturprodukte_Pro-Mineral-Complete_FS_Icon-1.jpg","contentUrl":"https:\/\/biospa.ee\/vanaveeb2026\/wp-content\/uploads\/2022\/01\/TISSO_Naturprodukte_Pro-Mineral-Complete_FS_Icon-1.jpg","width":1080,"height":1080},{"@type":"BreadcrumbList","@id":"https:\/\/biospa.ee\/vanaveeb2026\/toode\/uus-pro-mineral-complete\/#breadcrumb","itemListElement":[{"@type":"ListItem","position":1,"name":"Home","item":"https:\/\/biospa.ee\/vanaveeb2026\/"},{"@type":"ListItem","position":2,"name":"Pood","item":"https:\/\/biospa.ee\/vanaveeb2026\/pood\/"},{"@type":"ListItem","position":3,"name":"Pro MINERAL COMPLETE"}]},{"@type":"WebSite","@id":"https:\/\/biospa.ee\/vanaveeb2026\/#website","url":"https:\/\/biospa.ee\/vanaveeb2026\/","name":"Loodus BioSpa","description":"Loodus BioSpa","publisher":{"@id":"https:\/\/biospa.ee\/vanaveeb2026\/#organization"},"potentialAction":[{"@type":"SearchAction","target":{"@type":"EntryPoint","urlTemplate":"https:\/\/biospa.ee\/vanaveeb2026\/?s={search_term_string}"},"query-input":{"@type":"PropertyValueSpecification","valueRequired":true,"valueName":"search_term_string"}}],"inLanguage":"et"},{"@type":"Organization","@id":"https:\/\/biospa.ee\/vanaveeb2026\/#organization","name":"Tesmasan O\u00dc","url":"https:\/\/biospa.ee\/vanaveeb2026\/","logo":{"@type":"ImageObject","inLanguage":"et","@id":"https:\/\/biospa.ee\/vanaveeb2026\/#\/schema\/logo\/image\/","url":"https:\/\/biospa.ee\/vanaveeb2026\/vanaveeb2026\/wp-content\/uploads\/2023\/06\/BioSpa-loggo-est1-0-143.png","contentUrl":"https:\/\/biospa.ee\/vanaveeb2026\/vanaveeb2026\/wp-content\/uploads\/2023\/06\/BioSpa-loggo-est1-0-143.png","width":143,"height":59,"caption":"Tesmasan O\u00dc"},"image":{"@id":"https:\/\/biospa.ee\/vanaveeb2026\/#\/schema\/logo\/image\/"},"sameAs":["https:\/\/www.facebook.com\/LoodusBioSpa\/","https:\/\/www.instagram.com\/loodusbiospa\/"]}]}},"_links":{"self":[{"href":"https:\/\/biospa.ee\/vanaveeb2026\/wp-json\/wp\/v2\/product\/17798","targetHints":{"allow":["GET"]}}],"collection":[{"href":"https:\/\/biospa.ee\/vanaveeb2026\/wp-json\/wp\/v2\/product"}],"about":[{"href":"https:\/\/biospa.ee\/vanaveeb2026\/wp-json\/wp\/v2\/types\/product"}],"wp:featuredmedia":[{"embeddable":true,"href":"https:\/\/biospa.ee\/vanaveeb2026\/wp-json\/wp\/v2\/media\/97007"}],"wp:attachment":[{"href":"https:\/\/biospa.ee\/vanaveeb2026\/wp-json\/wp\/v2\/media?parent=17798"}],"wp:term":[{"taxonomy":"product_brand","embeddable":true,"href":"https:\/\/biospa.ee\/vanaveeb2026\/wp-json\/wp\/v2\/product_brand?post=17798"},{"taxonomy":"product_cat","embeddable":true,"href":"https:\/\/biospa.ee\/vanaveeb2026\/wp-json\/wp\/v2\/product_cat?post=17798"},{"taxonomy":"product_tag","embeddable":true,"href":"https:\/\/biospa.ee\/vanaveeb2026\/wp-json\/wp\/v2\/product_tag?post=17798"}],"curies":[{"name":"wp","href":"https:\/\/api.w.org\/{rel}","templated":true}]}}