{"id":21164,"date":"2022-07-22T13:19:53","date_gmt":"2022-07-22T10:19:53","guid":{"rendered":"https:\/\/biospa.ee\/vanaveeb2026\/?post_type=product&#038;p=21164"},"modified":"2026-03-24T14:34:26","modified_gmt":"2026-03-24T12:34:26","slug":"uus-pro-iodine","status":"publish","type":"product","link":"https:\/\/biospa.ee\/vanaveeb2026\/toode\/uus-pro-iodine\/","title":{"rendered":"Pro JOD"},"content":{"rendered":"<h1><span style=\"font-size: 14pt;\">Jood: alahinnatud mikroelement<\/span><\/h1>\n<p>Kui enamik inimesi m\u00f5tleb joodile, m\u00f5tlevad nad kilpn\u00e4\u00e4rmele ja jodeeritud lauasoolale.\u00a0Kuid vaevalt keegi teab, et naise rind suudab talletada rohkem joodi kui n\u00e4iteks kilpn\u00e4\u00e4re.\u00a0Paljud kehaorganid toetuvad mikroelemendile, mis on mineraal\u00a0<a href=\"https:\/\/www.tisso.de\/de\/produkte\/mineralstoffe\/mineralstoff-komplex\/\">,<\/a>\u00a0mist\u00f5ttu v\u00f5ib joodipuudus tervist mitmel viisil m\u00f5jutada.\u00a0Jood on oluline mikroelement.\u00a0Keha vajab seda vaid v\u00e4ikestes kogustes, kuid ta ei suuda ise toota seda v\u00e4hest, mis tal on, ta peab seda saama joodi sisaldavatest toiduainetest.<\/p>\n<p>Suurem osa joodi leidub ookeanides, samas kui pinnas on suhteliselt joodivaene.\u00a0Puu-, teraviljad ja k\u00f6\u00f6giviljad sisaldavad seet\u00f5ttu vaid v\u00e4ikeses koguses joodi.\u00a0Loomas\u00f6\u00f6da joodirikastamise t\u00f5ttu on osakaal loomsetes toiduainetes, nagu munad ja piim, suurem kui varem.\u00a0Peamised\u00a0<strong>tarnijad<\/strong>\u00a0on aga\u00a0<strong>vetikad<\/strong>\u00a0ja merekala.\u00a0Joodipuuduse s\u00fcmptomid on v\u00e4ga erinevad, seega tasub oma toitumisele pilk peale visata ja v\u00f5ib-olla v\u00f5tta ka joodikapsleid toidulisandina.<\/p>\n<h3>Tervisealased v\u00e4ited:<\/h3>\n<h4>jood<\/h4>\n<ul>\n<li>aitab kaasa kilpn\u00e4\u00e4rmehormoonide tootmisele ja kilpn\u00e4\u00e4rme talitlusele.<\/li>\n<li>toetab energia ainevahetust.<\/li>\n<li>soodustab kognitiivset funktsiooni.<\/li>\n<li>toetab n\u00e4rvis\u00fcsteemi talitlust.<\/li>\n<li>aitab kaasa naha s\u00e4ilimisele.<\/li>\n<\/ul>\n","protected":false},"excerpt":{"rendered":"<p><strong>Looduslik joodiallikas merevetikatest:<\/strong>\u00a0Pro Jod tarnib v\u00e4\u00e4rtuslikku looduslikku joodi P\u00f5hja-Atlandi v\u00f5sast (Seagreens\u00ae\u00a0<sup>Ascophyllum\u00a0<\/sup><em>nodosum<\/em>\u00a0) ja k\u00f5rgekvaliteedilist astaksantiini verevihmavetikast\u00a0<em>Haematococcus pluvialis<\/em>\u00a0.<\/p>\n<ul>\n<li>looduslik jood P\u00f5hja-Atlandi knotweedist<\/li>\n<li>pluss v\u00e4\u00e4rtuslik astaksantiin verevihma vetikatest<\/li>\n<li>Kvaliteetne vetikatooraine j\u00e4tkusuutliku ja saasteainete suhtes testitud kvaliteediga<\/li>\n<li>kilpn\u00e4\u00e4rme, energiavahetuse, n\u00e4rvis\u00fcsteemi ja kognitiivse funktsiooni jaoks<\/li>\n<li>Endine toote nimi: Pro Iodine<\/li>\n<\/ul>\n<p>kogus 150 kapslit<\/p>\n<p><a href=\"https:\/\/biospa.ee\/vanaveeb2026\/wp-content\/uploads\/2020\/11\/TISSOgramm_Glutenfrei.png\" data-caption=\"\"><img decoding=\"async\" class=\"alignnone wp-image-13290 size-full\" title=\"Gluteenivaba \" src=\"https:\/\/biospa.ee\/vanaveeb2026\/wp-content\/uploads\/2020\/11\/TISSOgramm_Glutenfrei.png\" alt=\"\" width=\"45\" height=\"45\" \/><\/a>\u00a0<a href=\"https:\/\/biospa.ee\/vanaveeb2026\/wp-content\/uploads\/2020\/11\/TISSOgramm_Hefefrei.png\" data-caption=\"\"><img decoding=\"async\" class=\"alignnone wp-image-13293 size-full\" title=\"P\u00e4rmivaba \" src=\"https:\/\/biospa.ee\/vanaveeb2026\/wp-content\/uploads\/2020\/11\/TISSOgramm_Hefefrei.png\" alt=\"\" width=\"45\" height=\"45\" \/><\/a>\u00a0<a href=\"https:\/\/biospa.ee\/vanaveeb2026\/wp-content\/uploads\/2020\/11\/TISSOgramm_ohne-zusatz-von.png\" data-caption=\"\"><img decoding=\"async\" class=\"alignnone wp-image-13299 size-full\" title=\"Ei sisalda magusaineid, s\u00e4ilitusaineid, aroome, v\u00e4rvaineid, maitsetugevdajaid, kunstlikke koostisosi\" src=\"https:\/\/biospa.ee\/vanaveeb2026\/wp-content\/uploads\/2020\/11\/TISSOgramm_ohne-zusatz-von.png\" alt=\"\" width=\"45\" height=\"45\" \/><\/a>\u00a0<a href=\"https:\/\/biospa.ee\/vanaveeb2026\/wp-content\/uploads\/2020\/11\/TISSOgramm_Schadstofffrei.png\" data-caption=\"\"><img decoding=\"async\" class=\"alignnone wp-image-13287 size-full\" title=\"Kahjulike koostisaineteta\" src=\"https:\/\/biospa.ee\/vanaveeb2026\/wp-content\/uploads\/2020\/11\/TISSOgramm_Schadstofffrei.png\" alt=\"\" width=\"45\" height=\"45\" \/><\/a>\u00a0<a href=\"https:\/\/biospa.ee\/vanaveeb2026\/wp-content\/uploads\/2020\/11\/TISSOgramm_Vegan.png\" data-caption=\"\"><img decoding=\"async\" class=\"alignnone wp-image-13275 size-full\" title=\"Vegan\" src=\"https:\/\/biospa.ee\/vanaveeb2026\/wp-content\/uploads\/2020\/11\/TISSOgramm_Vegan.png\" alt=\"\" width=\"45\" height=\"45\" \/><\/a>\u00a0<a href=\"https:\/\/biospa.ee\/vanaveeb2026\/wp-content\/uploads\/2020\/11\/TISSOgramm_Natuerliche-Inhaltsstoffe.png\" data-caption=\"\"><img decoding=\"async\" class=\"alignnone wp-image-13278 size-full\" title=\"Looduslikud koostisosad\" src=\"https:\/\/biospa.ee\/vanaveeb2026\/wp-content\/uploads\/2020\/11\/TISSOgramm_Natuerliche-Inhaltsstoffe.png\" alt=\"\" width=\"45\" height=\"45\" \/><\/a>\u00a0<a href=\"https:\/\/biospa.ee\/vanaveeb2026\/wp-content\/uploads\/2020\/11\/TISSOgramm_Lactosefrei.png\" data-caption=\"\"><img decoding=\"async\" class=\"alignnone wp-image-13281 size-full\" title=\"Laktoosivaba \" src=\"https:\/\/biospa.ee\/vanaveeb2026\/wp-content\/uploads\/2020\/11\/TISSOgramm_Lactosefrei.png\" alt=\"\" width=\"45\" height=\"45\" \/><\/a>\u00a0<a href=\"https:\/\/biospa.ee\/vanaveeb2026\/wp-content\/uploads\/2020\/11\/TISSOgramm_Hypoallergen.png\" data-caption=\"\"><img decoding=\"async\" class=\"alignnone wp-image-13284 size-full\" title=\"H\u00fcpoallergeenne \" src=\"https:\/\/biospa.ee\/vanaveeb2026\/wp-content\/uploads\/2020\/11\/TISSOgramm_Hypoallergen.png\" alt=\"\" width=\"45\" height=\"45\" \/><\/a><\/p>\n","protected":false},"featured_media":96694,"template":"","meta":[],"product_brand":[],"product_cat":[263],"product_tag":[359,360,361,362,363],"class_list":{"0":"post-21164","1":"product","2":"type-product","3":"status-publish","4":"has-post-thumbnail","6":"product_cat-toidulisandid","7":"product_tag-looduslik-jood","8":"product_tag-kilpnaarme-talitus","9":"product_tag-narvisusteem","10":"product_tag-energiavahetus","11":"product_tag-terve-nahk","13":"first","14":"instock","15":"taxable","16":"shipping-taxable","17":"purchasable","18":"product-type-simple"},"yoast_head":"<!-- This site is optimized with the Yoast SEO plugin v27.3 - https:\/\/yoast.com\/product\/yoast-seo-wordpress\/ -->\n<title>Pro JOD - Loodus BioSpa<\/title>\n<meta name=\"robots\" content=\"index, follow, max-snippet:-1, max-image-preview:large, max-video-preview:-1\" \/>\n<link rel=\"canonical\" href=\"https:\/\/biospa.ee\/vanaveeb2026\/toode\/uus-pro-iodine\/\" \/>\n<meta property=\"og:locale\" content=\"et_EE\" \/>\n<meta property=\"og:type\" content=\"article\" \/>\n<meta property=\"og:title\" content=\"Pro JOD - Loodus BioSpa\" \/>\n<meta property=\"og:description\" content=\"Looduslik joodiallikas merevetikatest:\u00a0Pro Jod tarnib v\u00e4\u00e4rtuslikku looduslikku joodi P\u00f5hja-Atlandi v\u00f5sast (Seagreens\u00ae\u00a0Ascophyllum\u00a0nodosum\u00a0) ja k\u00f5rgekvaliteedilist astaksantiini verevihmavetikast\u00a0Haematococcus pluvialis\u00a0.   looduslik jood P\u00f5hja-Atlandi knotweedist  pluss v\u00e4\u00e4rtuslik astaksantiin verevihma vetikatest  Kvaliteetne vetikatooraine j\u00e4tkusuutliku ja saasteainete suhtes testitud kvaliteediga  kilpn\u00e4\u00e4rme, energiavahetuse, n\u00e4rvis\u00fcsteemi ja kognitiivse funktsiooni jaoks  Endine toote nimi: Pro Iodine  kogus 150 kapslit  \u00a0\u00a0\u00a0\u00a0\u00a0\u00a0\u00a0\" \/>\n<meta property=\"og:url\" content=\"https:\/\/biospa.ee\/vanaveeb2026\/toode\/uus-pro-iodine\/\" \/>\n<meta property=\"og:site_name\" content=\"Loodus BioSpa\" \/>\n<meta property=\"article:publisher\" content=\"https:\/\/www.facebook.com\/LoodusBioSpa\/\" \/>\n<meta property=\"article:modified_time\" content=\"2026-03-24T12:34:26+00:00\" \/>\n<meta property=\"og:image\" content=\"https:\/\/biospa.ee\/vanaveeb2026\/wp-content\/uploads\/2022\/07\/TISSO_Naturprodukte_Pro-Jod_FS_Icon.jpg\" \/>\n\t<meta property=\"og:image:width\" content=\"1080\" \/>\n\t<meta property=\"og:image:height\" content=\"1080\" \/>\n\t<meta property=\"og:image:type\" content=\"image\/jpeg\" \/>\n<meta name=\"twitter:card\" content=\"summary_large_image\" \/>\n<meta name=\"twitter:label1\" content=\"Est. reading time\" \/>\n\t<meta name=\"twitter:data1\" content=\"2 minutit\" \/>\n<script type=\"application\/ld+json\" class=\"yoast-schema-graph\">{\"@context\":\"https:\\\/\\\/schema.org\",\"@graph\":[{\"@type\":\"WebPage\",\"@id\":\"https:\\\/\\\/biospa.ee\\\/vanaveeb2026\\\/toode\\\/uus-pro-iodine\\\/\",\"url\":\"https:\\\/\\\/biospa.ee\\\/vanaveeb2026\\\/toode\\\/uus-pro-iodine\\\/\",\"name\":\"Pro JOD - Loodus BioSpa\",\"isPartOf\":{\"@id\":\"https:\\\/\\\/biospa.ee\\\/vanaveeb2026\\\/#website\"},\"primaryImageOfPage\":{\"@id\":\"https:\\\/\\\/biospa.ee\\\/vanaveeb2026\\\/toode\\\/uus-pro-iodine\\\/#primaryimage\"},\"image\":{\"@id\":\"https:\\\/\\\/biospa.ee\\\/vanaveeb2026\\\/toode\\\/uus-pro-iodine\\\/#primaryimage\"},\"thumbnailUrl\":\"https:\\\/\\\/biospa.ee\\\/vanaveeb2026\\\/wp-content\\\/uploads\\\/2022\\\/07\\\/TISSO_Naturprodukte_Pro-Jod_FS_Icon.jpg\",\"datePublished\":\"2022-07-22T10:19:53+00:00\",\"dateModified\":\"2026-03-24T12:34:26+00:00\",\"breadcrumb\":{\"@id\":\"https:\\\/\\\/biospa.ee\\\/vanaveeb2026\\\/toode\\\/uus-pro-iodine\\\/#breadcrumb\"},\"inLanguage\":\"et\",\"potentialAction\":[{\"@type\":\"ReadAction\",\"target\":[\"https:\\\/\\\/biospa.ee\\\/vanaveeb2026\\\/toode\\\/uus-pro-iodine\\\/\"]}]},{\"@type\":\"ImageObject\",\"inLanguage\":\"et\",\"@id\":\"https:\\\/\\\/biospa.ee\\\/vanaveeb2026\\\/toode\\\/uus-pro-iodine\\\/#primaryimage\",\"url\":\"https:\\\/\\\/biospa.ee\\\/vanaveeb2026\\\/wp-content\\\/uploads\\\/2022\\\/07\\\/TISSO_Naturprodukte_Pro-Jod_FS_Icon.jpg\",\"contentUrl\":\"https:\\\/\\\/biospa.ee\\\/vanaveeb2026\\\/wp-content\\\/uploads\\\/2022\\\/07\\\/TISSO_Naturprodukte_Pro-Jod_FS_Icon.jpg\",\"width\":1080,\"height\":1080},{\"@type\":\"BreadcrumbList\",\"@id\":\"https:\\\/\\\/biospa.ee\\\/vanaveeb2026\\\/toode\\\/uus-pro-iodine\\\/#breadcrumb\",\"itemListElement\":[{\"@type\":\"ListItem\",\"position\":1,\"name\":\"Home\",\"item\":\"https:\\\/\\\/biospa.ee\\\/vanaveeb2026\\\/\"},{\"@type\":\"ListItem\",\"position\":2,\"name\":\"Pood\",\"item\":\"https:\\\/\\\/biospa.ee\\\/vanaveeb2026\\\/pood\\\/\"},{\"@type\":\"ListItem\",\"position\":3,\"name\":\"Pro JOD\"}]},{\"@type\":\"WebSite\",\"@id\":\"https:\\\/\\\/biospa.ee\\\/vanaveeb2026\\\/#website\",\"url\":\"https:\\\/\\\/biospa.ee\\\/vanaveeb2026\\\/\",\"name\":\"Loodus BioSpa\",\"description\":\"Loodus BioSpa\",\"publisher\":{\"@id\":\"https:\\\/\\\/biospa.ee\\\/vanaveeb2026\\\/#organization\"},\"potentialAction\":[{\"@type\":\"SearchAction\",\"target\":{\"@type\":\"EntryPoint\",\"urlTemplate\":\"https:\\\/\\\/biospa.ee\\\/vanaveeb2026\\\/?s={search_term_string}\"},\"query-input\":{\"@type\":\"PropertyValueSpecification\",\"valueRequired\":true,\"valueName\":\"search_term_string\"}}],\"inLanguage\":\"et\"},{\"@type\":\"Organization\",\"@id\":\"https:\\\/\\\/biospa.ee\\\/vanaveeb2026\\\/#organization\",\"name\":\"Tesmasan O\u00dc\",\"url\":\"https:\\\/\\\/biospa.ee\\\/vanaveeb2026\\\/\",\"logo\":{\"@type\":\"ImageObject\",\"inLanguage\":\"et\",\"@id\":\"https:\\\/\\\/biospa.ee\\\/vanaveeb2026\\\/#\\\/schema\\\/logo\\\/image\\\/\",\"url\":\"https:\\\/\\\/biospa.ee\\\/vanaveeb2026\\\/vanaveeb2026\\\/wp-content\\\/uploads\\\/2023\\\/06\\\/BioSpa-loggo-est1-0-143.png\",\"contentUrl\":\"https:\\\/\\\/biospa.ee\\\/vanaveeb2026\\\/vanaveeb2026\\\/wp-content\\\/uploads\\\/2023\\\/06\\\/BioSpa-loggo-est1-0-143.png\",\"width\":143,\"height\":59,\"caption\":\"Tesmasan O\u00dc\"},\"image\":{\"@id\":\"https:\\\/\\\/biospa.ee\\\/vanaveeb2026\\\/#\\\/schema\\\/logo\\\/image\\\/\"},\"sameAs\":[\"https:\\\/\\\/www.facebook.com\\\/LoodusBioSpa\\\/\",\"https:\\\/\\\/www.instagram.com\\\/loodusbiospa\\\/\"]}]}<\/script>\n<!-- \/ Yoast SEO plugin. -->","yoast_head_json":{"title":"Pro JOD - Loodus BioSpa","robots":{"index":"index","follow":"follow","max-snippet":"max-snippet:-1","max-image-preview":"max-image-preview:large","max-video-preview":"max-video-preview:-1"},"canonical":"https:\/\/biospa.ee\/vanaveeb2026\/toode\/uus-pro-iodine\/","og_locale":"et_EE","og_type":"article","og_title":"Pro JOD - Loodus BioSpa","og_description":"Looduslik joodiallikas merevetikatest:\u00a0Pro Jod tarnib v\u00e4\u00e4rtuslikku looduslikku joodi P\u00f5hja-Atlandi v\u00f5sast (Seagreens\u00ae\u00a0Ascophyllum\u00a0nodosum\u00a0) ja k\u00f5rgekvaliteedilist astaksantiini verevihmavetikast\u00a0Haematococcus pluvialis\u00a0.   looduslik jood P\u00f5hja-Atlandi knotweedist  pluss v\u00e4\u00e4rtuslik astaksantiin verevihma vetikatest  Kvaliteetne vetikatooraine j\u00e4tkusuutliku ja saasteainete suhtes testitud kvaliteediga  kilpn\u00e4\u00e4rme, energiavahetuse, n\u00e4rvis\u00fcsteemi ja kognitiivse funktsiooni jaoks  Endine toote nimi: Pro Iodine  kogus 150 kapslit  \u00a0\u00a0\u00a0\u00a0\u00a0\u00a0\u00a0","og_url":"https:\/\/biospa.ee\/vanaveeb2026\/toode\/uus-pro-iodine\/","og_site_name":"Loodus BioSpa","article_publisher":"https:\/\/www.facebook.com\/LoodusBioSpa\/","article_modified_time":"2026-03-24T12:34:26+00:00","og_image":[{"width":1080,"height":1080,"url":"https:\/\/biospa.ee\/vanaveeb2026\/wp-content\/uploads\/2022\/07\/TISSO_Naturprodukte_Pro-Jod_FS_Icon.jpg","type":"image\/jpeg"}],"twitter_card":"summary_large_image","twitter_misc":{"Est. reading time":"2 minutit"},"schema":{"@context":"https:\/\/schema.org","@graph":[{"@type":"WebPage","@id":"https:\/\/biospa.ee\/vanaveeb2026\/toode\/uus-pro-iodine\/","url":"https:\/\/biospa.ee\/vanaveeb2026\/toode\/uus-pro-iodine\/","name":"Pro JOD - Loodus BioSpa","isPartOf":{"@id":"https:\/\/biospa.ee\/vanaveeb2026\/#website"},"primaryImageOfPage":{"@id":"https:\/\/biospa.ee\/vanaveeb2026\/toode\/uus-pro-iodine\/#primaryimage"},"image":{"@id":"https:\/\/biospa.ee\/vanaveeb2026\/toode\/uus-pro-iodine\/#primaryimage"},"thumbnailUrl":"https:\/\/biospa.ee\/vanaveeb2026\/wp-content\/uploads\/2022\/07\/TISSO_Naturprodukte_Pro-Jod_FS_Icon.jpg","datePublished":"2022-07-22T10:19:53+00:00","dateModified":"2026-03-24T12:34:26+00:00","breadcrumb":{"@id":"https:\/\/biospa.ee\/vanaveeb2026\/toode\/uus-pro-iodine\/#breadcrumb"},"inLanguage":"et","potentialAction":[{"@type":"ReadAction","target":["https:\/\/biospa.ee\/vanaveeb2026\/toode\/uus-pro-iodine\/"]}]},{"@type":"ImageObject","inLanguage":"et","@id":"https:\/\/biospa.ee\/vanaveeb2026\/toode\/uus-pro-iodine\/#primaryimage","url":"https:\/\/biospa.ee\/vanaveeb2026\/wp-content\/uploads\/2022\/07\/TISSO_Naturprodukte_Pro-Jod_FS_Icon.jpg","contentUrl":"https:\/\/biospa.ee\/vanaveeb2026\/wp-content\/uploads\/2022\/07\/TISSO_Naturprodukte_Pro-Jod_FS_Icon.jpg","width":1080,"height":1080},{"@type":"BreadcrumbList","@id":"https:\/\/biospa.ee\/vanaveeb2026\/toode\/uus-pro-iodine\/#breadcrumb","itemListElement":[{"@type":"ListItem","position":1,"name":"Home","item":"https:\/\/biospa.ee\/vanaveeb2026\/"},{"@type":"ListItem","position":2,"name":"Pood","item":"https:\/\/biospa.ee\/vanaveeb2026\/pood\/"},{"@type":"ListItem","position":3,"name":"Pro JOD"}]},{"@type":"WebSite","@id":"https:\/\/biospa.ee\/vanaveeb2026\/#website","url":"https:\/\/biospa.ee\/vanaveeb2026\/","name":"Loodus BioSpa","description":"Loodus BioSpa","publisher":{"@id":"https:\/\/biospa.ee\/vanaveeb2026\/#organization"},"potentialAction":[{"@type":"SearchAction","target":{"@type":"EntryPoint","urlTemplate":"https:\/\/biospa.ee\/vanaveeb2026\/?s={search_term_string}"},"query-input":{"@type":"PropertyValueSpecification","valueRequired":true,"valueName":"search_term_string"}}],"inLanguage":"et"},{"@type":"Organization","@id":"https:\/\/biospa.ee\/vanaveeb2026\/#organization","name":"Tesmasan O\u00dc","url":"https:\/\/biospa.ee\/vanaveeb2026\/","logo":{"@type":"ImageObject","inLanguage":"et","@id":"https:\/\/biospa.ee\/vanaveeb2026\/#\/schema\/logo\/image\/","url":"https:\/\/biospa.ee\/vanaveeb2026\/vanaveeb2026\/wp-content\/uploads\/2023\/06\/BioSpa-loggo-est1-0-143.png","contentUrl":"https:\/\/biospa.ee\/vanaveeb2026\/vanaveeb2026\/wp-content\/uploads\/2023\/06\/BioSpa-loggo-est1-0-143.png","width":143,"height":59,"caption":"Tesmasan O\u00dc"},"image":{"@id":"https:\/\/biospa.ee\/vanaveeb2026\/#\/schema\/logo\/image\/"},"sameAs":["https:\/\/www.facebook.com\/LoodusBioSpa\/","https:\/\/www.instagram.com\/loodusbiospa\/"]}]}},"_links":{"self":[{"href":"https:\/\/biospa.ee\/vanaveeb2026\/wp-json\/wp\/v2\/product\/21164","targetHints":{"allow":["GET"]}}],"collection":[{"href":"https:\/\/biospa.ee\/vanaveeb2026\/wp-json\/wp\/v2\/product"}],"about":[{"href":"https:\/\/biospa.ee\/vanaveeb2026\/wp-json\/wp\/v2\/types\/product"}],"wp:featuredmedia":[{"embeddable":true,"href":"https:\/\/biospa.ee\/vanaveeb2026\/wp-json\/wp\/v2\/media\/96694"}],"wp:attachment":[{"href":"https:\/\/biospa.ee\/vanaveeb2026\/wp-json\/wp\/v2\/media?parent=21164"}],"wp:term":[{"taxonomy":"product_brand","embeddable":true,"href":"https:\/\/biospa.ee\/vanaveeb2026\/wp-json\/wp\/v2\/product_brand?post=21164"},{"taxonomy":"product_cat","embeddable":true,"href":"https:\/\/biospa.ee\/vanaveeb2026\/wp-json\/wp\/v2\/product_cat?post=21164"},{"taxonomy":"product_tag","embeddable":true,"href":"https:\/\/biospa.ee\/vanaveeb2026\/wp-json\/wp\/v2\/product_tag?post=21164"}],"curies":[{"name":"wp","href":"https:\/\/api.w.org\/{rel}","templated":true}]}}