{"id":22295,"date":"2022-11-04T13:34:58","date_gmt":"2022-11-04T11:34:58","guid":{"rendered":"https:\/\/biospa.ee\/vanaveeb2026\/?post_type=product&#038;p=22295"},"modified":"2024-01-03T13:02:36","modified_gmt":"2024-01-03T11:02:36","slug":"laktoositalumatuse-tsoliaakia-dna-testkodus","status":"publish","type":"product","link":"https:\/\/biospa.ee\/vanaveeb2026\/toode\/laktoositalumatuse-tsoliaakia-dna-testkodus\/","title":{"rendered":"Laktoositalumatuse+ Ts\u00f6liaakia DNA test(kodus)"},"content":{"rendered":"<div class=\"fusion-text fusion-text-1\">\n<p><strong>Laktoositalumatus<\/strong> on laialt levinud ainevahetuslik h\u00e4ire, mille puhul organism ei suuda laktaasi v\u00e4hesuse v\u00f5i puudumise t\u00f5ttu seedida piimasuhkrut ehk laktoosi. Laktoosi taluvuse korral produtseerivad peensoole rakud laktaasi, mis l\u00f5hustab laktoosi gl\u00fckoosiks ja galaktoosiks. Laktoositalumatusele viitavad iseloomulikud s\u00fcmptomid: k\u00f5huvalu, k\u00f5hukrambid ja -puhitus, k\u00f5hugaasid ja k\u00f5hulahtisus.<\/p>\n<p><strong>Ts\u00f6liaakia<\/strong> \u2013 krooniline gluteenitalumatus, on p\u00e4riliku eelsoodumusega haigus, mida p\u00f5hjustab nisust, rukkist ja odrast valmistatud toitude s\u00f6\u00f6mine. Nendes teraviljades sisalduva valgu gluteeni toimel tekib peensoole limaskesta hattude kahjustus, mille tulemusena h\u00e4irub toitainete imendumine ja tekib toitainete vaegus. T\u00fc\u00fcpilisteks haigusn\u00e4htudeks on k\u00f5huvalu, krooniline k\u00f5hulahtisus, iiveldus, oksendamine ja k\u00f5hnumine. Raviks on eluaegne rangelt gluteenivaba toit.<\/p>\n<p><strong>Test ei sisalda arsti konsultatsiooni. Soovi korral\u00a0 saab juurde osta virtuaalse v\u00f5i telefoni konsultatsiooni v\u00f5i tulla doktori vastuv\u00f5tule.<\/strong><\/p>\n<p><strong>Testi valmimisaeg:<\/strong>\u00a010 t\u00f6\u00f6p\u00e4eva<\/p>\n<p><strong>Proovimaterjal:<\/strong>\u00a0DNA proov suust p\u00f5se sisek\u00fcljelt<br \/>\nProoviv\u00f5tmise komplekt saadetakse postiga.<\/p>\n<\/div>\n<div class=\"fusion-text fusion-text-2\"><\/div>\n","protected":false},"excerpt":{"rendered":"<div class=\"summary entry-summary\">\n<div class=\"woocommerce-product-details__short-description\">\n<p style=\"text-align: left;\">Geenitesti abil saab hinnata p\u00e4rilikku eelsoodumust ts\u00f6liaakia v\u00f5i\u00a0laktoositalumatuse tekkeks.<\/p>\n<\/div>\n<\/div>\n","protected":false},"featured_media":23726,"template":"","meta":[],"product_brand":[],"product_cat":[295],"product_tag":[],"class_list":{"0":"post-22295","1":"product","2":"type-product","3":"status-publish","4":"has-post-thumbnail","6":"product_cat-testid-uuringud","8":"first","9":"instock","10":"taxable","11":"shipping-taxable","12":"purchasable","13":"product-type-simple"},"yoast_head":"<!-- This site is optimized with the Yoast SEO plugin v27.3 - https:\/\/yoast.com\/product\/yoast-seo-wordpress\/ -->\n<title>Laktoositalumatuse+ Ts\u00f6liaakia DNA test(kodus) - Loodus BioSpa<\/title>\n<meta name=\"robots\" content=\"index, follow, max-snippet:-1, max-image-preview:large, max-video-preview:-1\" \/>\n<link rel=\"canonical\" href=\"https:\/\/biospa.ee\/vanaveeb2026\/toode\/laktoositalumatuse-tsoliaakia-dna-testkodus\/\" \/>\n<meta property=\"og:locale\" content=\"et_EE\" \/>\n<meta property=\"og:type\" content=\"article\" \/>\n<meta property=\"og:title\" content=\"Laktoositalumatuse+ Ts\u00f6liaakia DNA test(kodus) - Loodus BioSpa\" \/>\n<meta property=\"og:description\" content=\"Geenitesti abil saab hinnata p\u00e4rilikku eelsoodumust ts\u00f6liaakia v\u00f5i\u00a0laktoositalumatuse tekkeks.\" \/>\n<meta property=\"og:url\" content=\"https:\/\/biospa.ee\/vanaveeb2026\/toode\/laktoositalumatuse-tsoliaakia-dna-testkodus\/\" \/>\n<meta property=\"og:site_name\" content=\"Loodus BioSpa\" \/>\n<meta property=\"article:publisher\" content=\"https:\/\/www.facebook.com\/LoodusBioSpa\/\" \/>\n<meta property=\"article:modified_time\" content=\"2024-01-03T11:02:36+00:00\" \/>\n<meta property=\"og:image\" content=\"https:\/\/biospa.ee\/vanaveeb2026\/wp-content\/uploads\/2022\/11\/DNA-Laktoositalumatus-Tsoliaakia-LoodusBioSpa-Loodus-Biokliinik-EST-1.jpg\" \/>\n\t<meta property=\"og:image:width\" content=\"1080\" \/>\n\t<meta property=\"og:image:height\" content=\"1080\" \/>\n\t<meta property=\"og:image:type\" content=\"image\/jpeg\" \/>\n<meta name=\"twitter:card\" content=\"summary_large_image\" \/>\n<meta name=\"twitter:label1\" content=\"Est. reading time\" \/>\n\t<meta name=\"twitter:data1\" content=\"1 minut\" \/>\n<script type=\"application\/ld+json\" class=\"yoast-schema-graph\">{\"@context\":\"https:\\\/\\\/schema.org\",\"@graph\":[{\"@type\":\"WebPage\",\"@id\":\"https:\\\/\\\/biospa.ee\\\/vanaveeb2026\\\/toode\\\/laktoositalumatuse-tsoliaakia-dna-testkodus\\\/\",\"url\":\"https:\\\/\\\/biospa.ee\\\/vanaveeb2026\\\/toode\\\/laktoositalumatuse-tsoliaakia-dna-testkodus\\\/\",\"name\":\"Laktoositalumatuse+ Ts\u00f6liaakia DNA test(kodus) - Loodus BioSpa\",\"isPartOf\":{\"@id\":\"https:\\\/\\\/biospa.ee\\\/vanaveeb2026\\\/#website\"},\"primaryImageOfPage\":{\"@id\":\"https:\\\/\\\/biospa.ee\\\/vanaveeb2026\\\/toode\\\/laktoositalumatuse-tsoliaakia-dna-testkodus\\\/#primaryimage\"},\"image\":{\"@id\":\"https:\\\/\\\/biospa.ee\\\/vanaveeb2026\\\/toode\\\/laktoositalumatuse-tsoliaakia-dna-testkodus\\\/#primaryimage\"},\"thumbnailUrl\":\"https:\\\/\\\/biospa.ee\\\/vanaveeb2026\\\/wp-content\\\/uploads\\\/2022\\\/11\\\/DNA-Laktoositalumatus-Tsoliaakia-LoodusBioSpa-Loodus-Biokliinik-EST-1.jpg\",\"datePublished\":\"2022-11-04T11:34:58+00:00\",\"dateModified\":\"2024-01-03T11:02:36+00:00\",\"breadcrumb\":{\"@id\":\"https:\\\/\\\/biospa.ee\\\/vanaveeb2026\\\/toode\\\/laktoositalumatuse-tsoliaakia-dna-testkodus\\\/#breadcrumb\"},\"inLanguage\":\"et\",\"potentialAction\":[{\"@type\":\"ReadAction\",\"target\":[\"https:\\\/\\\/biospa.ee\\\/vanaveeb2026\\\/toode\\\/laktoositalumatuse-tsoliaakia-dna-testkodus\\\/\"]}]},{\"@type\":\"ImageObject\",\"inLanguage\":\"et\",\"@id\":\"https:\\\/\\\/biospa.ee\\\/vanaveeb2026\\\/toode\\\/laktoositalumatuse-tsoliaakia-dna-testkodus\\\/#primaryimage\",\"url\":\"https:\\\/\\\/biospa.ee\\\/vanaveeb2026\\\/wp-content\\\/uploads\\\/2022\\\/11\\\/DNA-Laktoositalumatus-Tsoliaakia-LoodusBioSpa-Loodus-Biokliinik-EST-1.jpg\",\"contentUrl\":\"https:\\\/\\\/biospa.ee\\\/vanaveeb2026\\\/wp-content\\\/uploads\\\/2022\\\/11\\\/DNA-Laktoositalumatus-Tsoliaakia-LoodusBioSpa-Loodus-Biokliinik-EST-1.jpg\",\"width\":1080,\"height\":1080},{\"@type\":\"BreadcrumbList\",\"@id\":\"https:\\\/\\\/biospa.ee\\\/vanaveeb2026\\\/toode\\\/laktoositalumatuse-tsoliaakia-dna-testkodus\\\/#breadcrumb\",\"itemListElement\":[{\"@type\":\"ListItem\",\"position\":1,\"name\":\"Home\",\"item\":\"https:\\\/\\\/biospa.ee\\\/vanaveeb2026\\\/\"},{\"@type\":\"ListItem\",\"position\":2,\"name\":\"Pood\",\"item\":\"https:\\\/\\\/biospa.ee\\\/vanaveeb2026\\\/pood\\\/\"},{\"@type\":\"ListItem\",\"position\":3,\"name\":\"Laktoositalumatuse+ Ts\u00f6liaakia DNA test(kodus)\"}]},{\"@type\":\"WebSite\",\"@id\":\"https:\\\/\\\/biospa.ee\\\/vanaveeb2026\\\/#website\",\"url\":\"https:\\\/\\\/biospa.ee\\\/vanaveeb2026\\\/\",\"name\":\"Loodus BioSpa\",\"description\":\"Loodus BioSpa\",\"publisher\":{\"@id\":\"https:\\\/\\\/biospa.ee\\\/vanaveeb2026\\\/#organization\"},\"potentialAction\":[{\"@type\":\"SearchAction\",\"target\":{\"@type\":\"EntryPoint\",\"urlTemplate\":\"https:\\\/\\\/biospa.ee\\\/vanaveeb2026\\\/?s={search_term_string}\"},\"query-input\":{\"@type\":\"PropertyValueSpecification\",\"valueRequired\":true,\"valueName\":\"search_term_string\"}}],\"inLanguage\":\"et\"},{\"@type\":\"Organization\",\"@id\":\"https:\\\/\\\/biospa.ee\\\/vanaveeb2026\\\/#organization\",\"name\":\"Tesmasan O\u00dc\",\"url\":\"https:\\\/\\\/biospa.ee\\\/vanaveeb2026\\\/\",\"logo\":{\"@type\":\"ImageObject\",\"inLanguage\":\"et\",\"@id\":\"https:\\\/\\\/biospa.ee\\\/vanaveeb2026\\\/#\\\/schema\\\/logo\\\/image\\\/\",\"url\":\"https:\\\/\\\/biospa.ee\\\/vanaveeb2026\\\/vanaveeb2026\\\/wp-content\\\/uploads\\\/2023\\\/06\\\/BioSpa-loggo-est1-0-143.png\",\"contentUrl\":\"https:\\\/\\\/biospa.ee\\\/vanaveeb2026\\\/vanaveeb2026\\\/wp-content\\\/uploads\\\/2023\\\/06\\\/BioSpa-loggo-est1-0-143.png\",\"width\":143,\"height\":59,\"caption\":\"Tesmasan O\u00dc\"},\"image\":{\"@id\":\"https:\\\/\\\/biospa.ee\\\/vanaveeb2026\\\/#\\\/schema\\\/logo\\\/image\\\/\"},\"sameAs\":[\"https:\\\/\\\/www.facebook.com\\\/LoodusBioSpa\\\/\",\"https:\\\/\\\/www.instagram.com\\\/loodusbiospa\\\/\"]}]}<\/script>\n<!-- \/ Yoast SEO plugin. -->","yoast_head_json":{"title":"Laktoositalumatuse+ Ts\u00f6liaakia DNA test(kodus) - Loodus BioSpa","robots":{"index":"index","follow":"follow","max-snippet":"max-snippet:-1","max-image-preview":"max-image-preview:large","max-video-preview":"max-video-preview:-1"},"canonical":"https:\/\/biospa.ee\/vanaveeb2026\/toode\/laktoositalumatuse-tsoliaakia-dna-testkodus\/","og_locale":"et_EE","og_type":"article","og_title":"Laktoositalumatuse+ Ts\u00f6liaakia DNA test(kodus) - Loodus BioSpa","og_description":"Geenitesti abil saab hinnata p\u00e4rilikku eelsoodumust ts\u00f6liaakia v\u00f5i\u00a0laktoositalumatuse tekkeks.","og_url":"https:\/\/biospa.ee\/vanaveeb2026\/toode\/laktoositalumatuse-tsoliaakia-dna-testkodus\/","og_site_name":"Loodus BioSpa","article_publisher":"https:\/\/www.facebook.com\/LoodusBioSpa\/","article_modified_time":"2024-01-03T11:02:36+00:00","og_image":[{"width":1080,"height":1080,"url":"https:\/\/biospa.ee\/vanaveeb2026\/wp-content\/uploads\/2022\/11\/DNA-Laktoositalumatus-Tsoliaakia-LoodusBioSpa-Loodus-Biokliinik-EST-1.jpg","type":"image\/jpeg"}],"twitter_card":"summary_large_image","twitter_misc":{"Est. reading time":"1 minut"},"schema":{"@context":"https:\/\/schema.org","@graph":[{"@type":"WebPage","@id":"https:\/\/biospa.ee\/vanaveeb2026\/toode\/laktoositalumatuse-tsoliaakia-dna-testkodus\/","url":"https:\/\/biospa.ee\/vanaveeb2026\/toode\/laktoositalumatuse-tsoliaakia-dna-testkodus\/","name":"Laktoositalumatuse+ Ts\u00f6liaakia DNA test(kodus) - Loodus BioSpa","isPartOf":{"@id":"https:\/\/biospa.ee\/vanaveeb2026\/#website"},"primaryImageOfPage":{"@id":"https:\/\/biospa.ee\/vanaveeb2026\/toode\/laktoositalumatuse-tsoliaakia-dna-testkodus\/#primaryimage"},"image":{"@id":"https:\/\/biospa.ee\/vanaveeb2026\/toode\/laktoositalumatuse-tsoliaakia-dna-testkodus\/#primaryimage"},"thumbnailUrl":"https:\/\/biospa.ee\/vanaveeb2026\/wp-content\/uploads\/2022\/11\/DNA-Laktoositalumatus-Tsoliaakia-LoodusBioSpa-Loodus-Biokliinik-EST-1.jpg","datePublished":"2022-11-04T11:34:58+00:00","dateModified":"2024-01-03T11:02:36+00:00","breadcrumb":{"@id":"https:\/\/biospa.ee\/vanaveeb2026\/toode\/laktoositalumatuse-tsoliaakia-dna-testkodus\/#breadcrumb"},"inLanguage":"et","potentialAction":[{"@type":"ReadAction","target":["https:\/\/biospa.ee\/vanaveeb2026\/toode\/laktoositalumatuse-tsoliaakia-dna-testkodus\/"]}]},{"@type":"ImageObject","inLanguage":"et","@id":"https:\/\/biospa.ee\/vanaveeb2026\/toode\/laktoositalumatuse-tsoliaakia-dna-testkodus\/#primaryimage","url":"https:\/\/biospa.ee\/vanaveeb2026\/wp-content\/uploads\/2022\/11\/DNA-Laktoositalumatus-Tsoliaakia-LoodusBioSpa-Loodus-Biokliinik-EST-1.jpg","contentUrl":"https:\/\/biospa.ee\/vanaveeb2026\/wp-content\/uploads\/2022\/11\/DNA-Laktoositalumatus-Tsoliaakia-LoodusBioSpa-Loodus-Biokliinik-EST-1.jpg","width":1080,"height":1080},{"@type":"BreadcrumbList","@id":"https:\/\/biospa.ee\/vanaveeb2026\/toode\/laktoositalumatuse-tsoliaakia-dna-testkodus\/#breadcrumb","itemListElement":[{"@type":"ListItem","position":1,"name":"Home","item":"https:\/\/biospa.ee\/vanaveeb2026\/"},{"@type":"ListItem","position":2,"name":"Pood","item":"https:\/\/biospa.ee\/vanaveeb2026\/pood\/"},{"@type":"ListItem","position":3,"name":"Laktoositalumatuse+ Ts\u00f6liaakia DNA test(kodus)"}]},{"@type":"WebSite","@id":"https:\/\/biospa.ee\/vanaveeb2026\/#website","url":"https:\/\/biospa.ee\/vanaveeb2026\/","name":"Loodus BioSpa","description":"Loodus BioSpa","publisher":{"@id":"https:\/\/biospa.ee\/vanaveeb2026\/#organization"},"potentialAction":[{"@type":"SearchAction","target":{"@type":"EntryPoint","urlTemplate":"https:\/\/biospa.ee\/vanaveeb2026\/?s={search_term_string}"},"query-input":{"@type":"PropertyValueSpecification","valueRequired":true,"valueName":"search_term_string"}}],"inLanguage":"et"},{"@type":"Organization","@id":"https:\/\/biospa.ee\/vanaveeb2026\/#organization","name":"Tesmasan O\u00dc","url":"https:\/\/biospa.ee\/vanaveeb2026\/","logo":{"@type":"ImageObject","inLanguage":"et","@id":"https:\/\/biospa.ee\/vanaveeb2026\/#\/schema\/logo\/image\/","url":"https:\/\/biospa.ee\/vanaveeb2026\/vanaveeb2026\/wp-content\/uploads\/2023\/06\/BioSpa-loggo-est1-0-143.png","contentUrl":"https:\/\/biospa.ee\/vanaveeb2026\/vanaveeb2026\/wp-content\/uploads\/2023\/06\/BioSpa-loggo-est1-0-143.png","width":143,"height":59,"caption":"Tesmasan O\u00dc"},"image":{"@id":"https:\/\/biospa.ee\/vanaveeb2026\/#\/schema\/logo\/image\/"},"sameAs":["https:\/\/www.facebook.com\/LoodusBioSpa\/","https:\/\/www.instagram.com\/loodusbiospa\/"]}]}},"_links":{"self":[{"href":"https:\/\/biospa.ee\/vanaveeb2026\/wp-json\/wp\/v2\/product\/22295","targetHints":{"allow":["GET"]}}],"collection":[{"href":"https:\/\/biospa.ee\/vanaveeb2026\/wp-json\/wp\/v2\/product"}],"about":[{"href":"https:\/\/biospa.ee\/vanaveeb2026\/wp-json\/wp\/v2\/types\/product"}],"wp:featuredmedia":[{"embeddable":true,"href":"https:\/\/biospa.ee\/vanaveeb2026\/wp-json\/wp\/v2\/media\/23726"}],"wp:attachment":[{"href":"https:\/\/biospa.ee\/vanaveeb2026\/wp-json\/wp\/v2\/media?parent=22295"}],"wp:term":[{"taxonomy":"product_brand","embeddable":true,"href":"https:\/\/biospa.ee\/vanaveeb2026\/wp-json\/wp\/v2\/product_brand?post=22295"},{"taxonomy":"product_cat","embeddable":true,"href":"https:\/\/biospa.ee\/vanaveeb2026\/wp-json\/wp\/v2\/product_cat?post=22295"},{"taxonomy":"product_tag","embeddable":true,"href":"https:\/\/biospa.ee\/vanaveeb2026\/wp-json\/wp\/v2\/product_tag?post=22295"}],"curies":[{"name":"wp","href":"https:\/\/api.w.org\/{rel}","templated":true}]}}