{"id":23330,"date":"2023-02-16T15:06:14","date_gmt":"2023-02-16T13:06:14","guid":{"rendered":"https:\/\/biospa.ee\/vanaveeb2026\/?post_type=product&#038;p=23330"},"modified":"2026-03-30T10:48:25","modified_gmt":"2026-03-30T07:48:25","slug":"uus-salvestrol-platinum-kapslid","status":"publish","type":"product","link":"https:\/\/biospa.ee\/vanaveeb2026\/toode\/uus-salvestrol-platinum-kapslid\/","title":{"rendered":"Salvestrol Platinum kapslid"},"content":{"rendered":"<p>Salvestrolid on uus looduslike \u00fchendite klass, mida v\u00f5ib toiduga ohutult s\u00fc\u00fca. Need on tervise jaoks oluliste f\u00fctotoitainete (taimsetest \u00fchenditest) alamr\u00fchm, mida keha ei saa ise toota ja seet\u00f5ttu tuleb neid v\u00e4ljaspoolt varustada. Neid on tuvastatud paljudes puuviljades, maitsetaimedes ja k\u00f6\u00f6giviljades.<\/p>\n<p>Salvestroole kasutatakse keha loomuliku rakuts\u00fckli reguleerimisprotsessi osana. Salvestrolid toetavad kahjustatud rakkude elimineerimist ega kahjusta normaalseid rakke. Neid aktiveerib ens\u00fc\u00fcm CYP1B1, mida leidub ainult kahjustatud rakkudes. CYP1B1 puudub normaalsetes tervetes rakkudes, seet\u00f5ttu ei avalda salvestroolid neile mingit m\u00f5ju, ja samas aitavad nad kahjustatud rakkudest lahti saada.<\/p>\n<p>Ts\u00fctokroom P450 1B1 (CYP1B1) on ekstrahepaatiline ravimeid lagundav ens\u00fc\u00fcm.\u00a0Hiljutised edusammud Dana-Farberi v\u00e4hiinstituudis on n\u00e4idanud, et CYP1B1 ekspresseeritakse \u00fcle k\u00f5igis primaarsetes inimese kasvajates ja normaalsetes kriitilistes kudedes ekspresseeritakse minimaalselt.\u00a0See leiutis pakub meetodeid nii CYP1B1 ekspresseerivate rakkude immunoterapeutiliseks sihtimiseks kui ka selle l\u00e4henemisviisi edenemise j\u00e4lgimiseks.<br \/>\nSeda tehnoloogiat saab kasutada kas olemasolevate v\u00e4hivormide (sealhulgas p\u00f5ie-, aju-, k\u00e4\u00e4rsoole-, kopsu- ja neeruv\u00e4hi) raviks v\u00f5i prof\u00fclaktilise meetmena, et v\u00e4ltida haiguse esinemist v\u00f5i kordumist riskir\u00fchma kuuluvatel patsientidel.\u00a0M\u00f5lemal juhul p\u00f5hineb immunoteraapia algselt antigeeni esitlevatel rakkudel, mis v\u00f5tavad endasse ja t\u00f6\u00f6tlevad valgu- v\u00f5i peptiidantigeeni CYP1B1;\u00a0rida j\u00e4rgnevaid s\u00fcndmusi viib ts\u00fctotoksiliste T-l\u00fcmfots\u00fc\u00fctide (CTL) aktiveerumiseni, sihtrakkudeks, mis ekspresseerivad antigeeni, paljunevad ja tapavad.<br \/>\nRavi edenemist saab j\u00e4lgida, vastandades CYP1B1-spetsiifilisi CTL v\u00e4\u00e4rtusi eelvaktsineeritud (v\u00f5i eelnevalt ex vivo meetoditega stimuleeritud) oleku v\u00e4\u00e4rtustega.<\/p>\n","protected":false},"excerpt":{"rendered":"<p>Toidulisand, mis sisaldab salvestrole. Salvestrolid toetavad kahjustunud rakkude elimineerimist ja paljude terviseprobleemide ennetamist ning parandamist.<\/p>\n<p align=\"LEFT\">\n","protected":false},"featured_media":97347,"template":"","meta":[],"product_brand":[],"product_cat":[263],"product_tag":[],"class_list":{"0":"post-23330","1":"product","2":"type-product","3":"status-publish","4":"has-post-thumbnail","6":"product_cat-toidulisandid","8":"first","9":"instock","10":"taxable","11":"shipping-taxable","12":"purchasable","13":"product-type-simple"},"yoast_head":"<!-- This site is optimized with the Yoast SEO plugin v27.3 - https:\/\/yoast.com\/product\/yoast-seo-wordpress\/ -->\n<title>Salvestrol Platinum kapslid - Loodus BioSpa<\/title>\n<meta name=\"robots\" content=\"index, follow, max-snippet:-1, max-image-preview:large, max-video-preview:-1\" \/>\n<link rel=\"canonical\" href=\"https:\/\/biospa.ee\/vanaveeb2026\/toode\/uus-salvestrol-platinum-kapslid\/\" \/>\n<meta property=\"og:locale\" content=\"et_EE\" \/>\n<meta property=\"og:type\" content=\"article\" \/>\n<meta property=\"og:title\" content=\"Salvestrol Platinum kapslid - Loodus BioSpa\" \/>\n<meta property=\"og:description\" content=\"Toidulisand, mis sisaldab salvestrole. Salvestrolid toetavad kahjustunud rakkude elimineerimist ja paljude terviseprobleemide ennetamist ning parandamist.\" \/>\n<meta property=\"og:url\" content=\"https:\/\/biospa.ee\/vanaveeb2026\/toode\/uus-salvestrol-platinum-kapslid\/\" \/>\n<meta property=\"og:site_name\" content=\"Loodus BioSpa\" \/>\n<meta property=\"article:publisher\" content=\"https:\/\/www.facebook.com\/LoodusBioSpa\/\" \/>\n<meta property=\"article:modified_time\" content=\"2026-03-30T07:48:25+00:00\" \/>\n<meta property=\"og:image\" content=\"https:\/\/biospa.ee\/vanaveeb2026\/wp-content\/uploads\/2023\/02\/E-POOD-TOOTED-3-1.jpg\" \/>\n\t<meta property=\"og:image:width\" content=\"1080\" \/>\n\t<meta property=\"og:image:height\" content=\"1080\" \/>\n\t<meta property=\"og:image:type\" content=\"image\/jpeg\" \/>\n<meta name=\"twitter:card\" content=\"summary_large_image\" \/>\n<meta name=\"twitter:label1\" content=\"Est. reading time\" \/>\n\t<meta name=\"twitter:data1\" content=\"2 minutit\" \/>\n<script type=\"application\/ld+json\" class=\"yoast-schema-graph\">{\"@context\":\"https:\\\/\\\/schema.org\",\"@graph\":[{\"@type\":\"WebPage\",\"@id\":\"https:\\\/\\\/biospa.ee\\\/vanaveeb2026\\\/toode\\\/uus-salvestrol-platinum-kapslid\\\/\",\"url\":\"https:\\\/\\\/biospa.ee\\\/vanaveeb2026\\\/toode\\\/uus-salvestrol-platinum-kapslid\\\/\",\"name\":\"Salvestrol Platinum kapslid - Loodus BioSpa\",\"isPartOf\":{\"@id\":\"https:\\\/\\\/biospa.ee\\\/vanaveeb2026\\\/#website\"},\"primaryImageOfPage\":{\"@id\":\"https:\\\/\\\/biospa.ee\\\/vanaveeb2026\\\/toode\\\/uus-salvestrol-platinum-kapslid\\\/#primaryimage\"},\"image\":{\"@id\":\"https:\\\/\\\/biospa.ee\\\/vanaveeb2026\\\/toode\\\/uus-salvestrol-platinum-kapslid\\\/#primaryimage\"},\"thumbnailUrl\":\"https:\\\/\\\/biospa.ee\\\/vanaveeb2026\\\/wp-content\\\/uploads\\\/2023\\\/02\\\/E-POOD-TOOTED-3-1.jpg\",\"datePublished\":\"2023-02-16T13:06:14+00:00\",\"dateModified\":\"2026-03-30T07:48:25+00:00\",\"breadcrumb\":{\"@id\":\"https:\\\/\\\/biospa.ee\\\/vanaveeb2026\\\/toode\\\/uus-salvestrol-platinum-kapslid\\\/#breadcrumb\"},\"inLanguage\":\"et\",\"potentialAction\":[{\"@type\":\"ReadAction\",\"target\":[\"https:\\\/\\\/biospa.ee\\\/vanaveeb2026\\\/toode\\\/uus-salvestrol-platinum-kapslid\\\/\"]}]},{\"@type\":\"ImageObject\",\"inLanguage\":\"et\",\"@id\":\"https:\\\/\\\/biospa.ee\\\/vanaveeb2026\\\/toode\\\/uus-salvestrol-platinum-kapslid\\\/#primaryimage\",\"url\":\"https:\\\/\\\/biospa.ee\\\/vanaveeb2026\\\/wp-content\\\/uploads\\\/2023\\\/02\\\/E-POOD-TOOTED-3-1.jpg\",\"contentUrl\":\"https:\\\/\\\/biospa.ee\\\/vanaveeb2026\\\/wp-content\\\/uploads\\\/2023\\\/02\\\/E-POOD-TOOTED-3-1.jpg\",\"width\":1080,\"height\":1080},{\"@type\":\"BreadcrumbList\",\"@id\":\"https:\\\/\\\/biospa.ee\\\/vanaveeb2026\\\/toode\\\/uus-salvestrol-platinum-kapslid\\\/#breadcrumb\",\"itemListElement\":[{\"@type\":\"ListItem\",\"position\":1,\"name\":\"Home\",\"item\":\"https:\\\/\\\/biospa.ee\\\/vanaveeb2026\\\/\"},{\"@type\":\"ListItem\",\"position\":2,\"name\":\"Pood\",\"item\":\"https:\\\/\\\/biospa.ee\\\/vanaveeb2026\\\/pood\\\/\"},{\"@type\":\"ListItem\",\"position\":3,\"name\":\"Salvestrol Platinum kapslid\"}]},{\"@type\":\"WebSite\",\"@id\":\"https:\\\/\\\/biospa.ee\\\/vanaveeb2026\\\/#website\",\"url\":\"https:\\\/\\\/biospa.ee\\\/vanaveeb2026\\\/\",\"name\":\"Loodus BioSpa\",\"description\":\"Loodus BioSpa\",\"publisher\":{\"@id\":\"https:\\\/\\\/biospa.ee\\\/vanaveeb2026\\\/#organization\"},\"potentialAction\":[{\"@type\":\"SearchAction\",\"target\":{\"@type\":\"EntryPoint\",\"urlTemplate\":\"https:\\\/\\\/biospa.ee\\\/vanaveeb2026\\\/?s={search_term_string}\"},\"query-input\":{\"@type\":\"PropertyValueSpecification\",\"valueRequired\":true,\"valueName\":\"search_term_string\"}}],\"inLanguage\":\"et\"},{\"@type\":\"Organization\",\"@id\":\"https:\\\/\\\/biospa.ee\\\/vanaveeb2026\\\/#organization\",\"name\":\"Tesmasan O\u00dc\",\"url\":\"https:\\\/\\\/biospa.ee\\\/vanaveeb2026\\\/\",\"logo\":{\"@type\":\"ImageObject\",\"inLanguage\":\"et\",\"@id\":\"https:\\\/\\\/biospa.ee\\\/vanaveeb2026\\\/#\\\/schema\\\/logo\\\/image\\\/\",\"url\":\"https:\\\/\\\/biospa.ee\\\/vanaveeb2026\\\/vanaveeb2026\\\/wp-content\\\/uploads\\\/2023\\\/06\\\/BioSpa-loggo-est1-0-143.png\",\"contentUrl\":\"https:\\\/\\\/biospa.ee\\\/vanaveeb2026\\\/vanaveeb2026\\\/wp-content\\\/uploads\\\/2023\\\/06\\\/BioSpa-loggo-est1-0-143.png\",\"width\":143,\"height\":59,\"caption\":\"Tesmasan O\u00dc\"},\"image\":{\"@id\":\"https:\\\/\\\/biospa.ee\\\/vanaveeb2026\\\/#\\\/schema\\\/logo\\\/image\\\/\"},\"sameAs\":[\"https:\\\/\\\/www.facebook.com\\\/LoodusBioSpa\\\/\",\"https:\\\/\\\/www.instagram.com\\\/loodusbiospa\\\/\"]}]}<\/script>\n<!-- \/ Yoast SEO plugin. -->","yoast_head_json":{"title":"Salvestrol Platinum kapslid - Loodus BioSpa","robots":{"index":"index","follow":"follow","max-snippet":"max-snippet:-1","max-image-preview":"max-image-preview:large","max-video-preview":"max-video-preview:-1"},"canonical":"https:\/\/biospa.ee\/vanaveeb2026\/toode\/uus-salvestrol-platinum-kapslid\/","og_locale":"et_EE","og_type":"article","og_title":"Salvestrol Platinum kapslid - Loodus BioSpa","og_description":"Toidulisand, mis sisaldab salvestrole. Salvestrolid toetavad kahjustunud rakkude elimineerimist ja paljude terviseprobleemide ennetamist ning parandamist.","og_url":"https:\/\/biospa.ee\/vanaveeb2026\/toode\/uus-salvestrol-platinum-kapslid\/","og_site_name":"Loodus BioSpa","article_publisher":"https:\/\/www.facebook.com\/LoodusBioSpa\/","article_modified_time":"2026-03-30T07:48:25+00:00","og_image":[{"width":1080,"height":1080,"url":"https:\/\/biospa.ee\/vanaveeb2026\/wp-content\/uploads\/2023\/02\/E-POOD-TOOTED-3-1.jpg","type":"image\/jpeg"}],"twitter_card":"summary_large_image","twitter_misc":{"Est. reading time":"2 minutit"},"schema":{"@context":"https:\/\/schema.org","@graph":[{"@type":"WebPage","@id":"https:\/\/biospa.ee\/vanaveeb2026\/toode\/uus-salvestrol-platinum-kapslid\/","url":"https:\/\/biospa.ee\/vanaveeb2026\/toode\/uus-salvestrol-platinum-kapslid\/","name":"Salvestrol Platinum kapslid - Loodus BioSpa","isPartOf":{"@id":"https:\/\/biospa.ee\/vanaveeb2026\/#website"},"primaryImageOfPage":{"@id":"https:\/\/biospa.ee\/vanaveeb2026\/toode\/uus-salvestrol-platinum-kapslid\/#primaryimage"},"image":{"@id":"https:\/\/biospa.ee\/vanaveeb2026\/toode\/uus-salvestrol-platinum-kapslid\/#primaryimage"},"thumbnailUrl":"https:\/\/biospa.ee\/vanaveeb2026\/wp-content\/uploads\/2023\/02\/E-POOD-TOOTED-3-1.jpg","datePublished":"2023-02-16T13:06:14+00:00","dateModified":"2026-03-30T07:48:25+00:00","breadcrumb":{"@id":"https:\/\/biospa.ee\/vanaveeb2026\/toode\/uus-salvestrol-platinum-kapslid\/#breadcrumb"},"inLanguage":"et","potentialAction":[{"@type":"ReadAction","target":["https:\/\/biospa.ee\/vanaveeb2026\/toode\/uus-salvestrol-platinum-kapslid\/"]}]},{"@type":"ImageObject","inLanguage":"et","@id":"https:\/\/biospa.ee\/vanaveeb2026\/toode\/uus-salvestrol-platinum-kapslid\/#primaryimage","url":"https:\/\/biospa.ee\/vanaveeb2026\/wp-content\/uploads\/2023\/02\/E-POOD-TOOTED-3-1.jpg","contentUrl":"https:\/\/biospa.ee\/vanaveeb2026\/wp-content\/uploads\/2023\/02\/E-POOD-TOOTED-3-1.jpg","width":1080,"height":1080},{"@type":"BreadcrumbList","@id":"https:\/\/biospa.ee\/vanaveeb2026\/toode\/uus-salvestrol-platinum-kapslid\/#breadcrumb","itemListElement":[{"@type":"ListItem","position":1,"name":"Home","item":"https:\/\/biospa.ee\/vanaveeb2026\/"},{"@type":"ListItem","position":2,"name":"Pood","item":"https:\/\/biospa.ee\/vanaveeb2026\/pood\/"},{"@type":"ListItem","position":3,"name":"Salvestrol Platinum kapslid"}]},{"@type":"WebSite","@id":"https:\/\/biospa.ee\/vanaveeb2026\/#website","url":"https:\/\/biospa.ee\/vanaveeb2026\/","name":"Loodus BioSpa","description":"Loodus BioSpa","publisher":{"@id":"https:\/\/biospa.ee\/vanaveeb2026\/#organization"},"potentialAction":[{"@type":"SearchAction","target":{"@type":"EntryPoint","urlTemplate":"https:\/\/biospa.ee\/vanaveeb2026\/?s={search_term_string}"},"query-input":{"@type":"PropertyValueSpecification","valueRequired":true,"valueName":"search_term_string"}}],"inLanguage":"et"},{"@type":"Organization","@id":"https:\/\/biospa.ee\/vanaveeb2026\/#organization","name":"Tesmasan O\u00dc","url":"https:\/\/biospa.ee\/vanaveeb2026\/","logo":{"@type":"ImageObject","inLanguage":"et","@id":"https:\/\/biospa.ee\/vanaveeb2026\/#\/schema\/logo\/image\/","url":"https:\/\/biospa.ee\/vanaveeb2026\/vanaveeb2026\/wp-content\/uploads\/2023\/06\/BioSpa-loggo-est1-0-143.png","contentUrl":"https:\/\/biospa.ee\/vanaveeb2026\/vanaveeb2026\/wp-content\/uploads\/2023\/06\/BioSpa-loggo-est1-0-143.png","width":143,"height":59,"caption":"Tesmasan O\u00dc"},"image":{"@id":"https:\/\/biospa.ee\/vanaveeb2026\/#\/schema\/logo\/image\/"},"sameAs":["https:\/\/www.facebook.com\/LoodusBioSpa\/","https:\/\/www.instagram.com\/loodusbiospa\/"]}]}},"_links":{"self":[{"href":"https:\/\/biospa.ee\/vanaveeb2026\/wp-json\/wp\/v2\/product\/23330","targetHints":{"allow":["GET"]}}],"collection":[{"href":"https:\/\/biospa.ee\/vanaveeb2026\/wp-json\/wp\/v2\/product"}],"about":[{"href":"https:\/\/biospa.ee\/vanaveeb2026\/wp-json\/wp\/v2\/types\/product"}],"wp:featuredmedia":[{"embeddable":true,"href":"https:\/\/biospa.ee\/vanaveeb2026\/wp-json\/wp\/v2\/media\/97347"}],"wp:attachment":[{"href":"https:\/\/biospa.ee\/vanaveeb2026\/wp-json\/wp\/v2\/media?parent=23330"}],"wp:term":[{"taxonomy":"product_brand","embeddable":true,"href":"https:\/\/biospa.ee\/vanaveeb2026\/wp-json\/wp\/v2\/product_brand?post=23330"},{"taxonomy":"product_cat","embeddable":true,"href":"https:\/\/biospa.ee\/vanaveeb2026\/wp-json\/wp\/v2\/product_cat?post=23330"},{"taxonomy":"product_tag","embeddable":true,"href":"https:\/\/biospa.ee\/vanaveeb2026\/wp-json\/wp\/v2\/product_tag?post=23330"}],"curies":[{"name":"wp","href":"https:\/\/api.w.org\/{rel}","templated":true}]}}